{"id":30939,"date":"2022-03-25T06:32:17","date_gmt":"2022-03-25T03:32:17","guid":{"rendered":"https:\/\/mufasatoursandtravels.com\/destinations\/parc-national-de-tsavo-ouest\/"},"modified":"2025-04-08T12:12:02","modified_gmt":"2025-04-08T09:12:02","slug":"parc-national-de-tsavo-ouest","status":"publish","type":"page","link":"https:\/\/mufasatoursandtravels.com\/fr\/destinations\/parc-national-de-tsavo-ouest\/","title":{"rendered":"Parc national de Tsavo Ouest"},"content":{"rendered":"[vc_row full_width=\u00a0\u00bbstretch_row\u00a0\u00bb][vc_column css=\u00a0\u00bb.vc_custom_1679043960797{border-bottom-width: 10px !important;}\u00a0\u00bb][ucaddon_classic_banner title=\u00a0\u00bb\u00a0\u00bb link_text=\u00a0\u00bbTsavo West National Park, Kenya\u00a0\u00bb image=\u00a0\u00bb7073&Prime; link=\u00a0\u00bb\u00a0\u00bb uc_init_settings=\u00a0\u00bb\u00a0\u00bb uc_fonts_data=\u00a0\u00bbJTdCJTdE\u00a0\u00bb][\/ucaddon_classic_banner][\/vc_column][\/vc_row][vc_row][vc_column css=\u00a0\u00bb.vc_custom_1679043973615{border-top-width: 10px !important;}\u00a0\u00bb][vc_tta_tabs shape=\u00a0\u00bbsquare\u00a0\u00bb color=\u00a0\u00bbjuicy-pink\u00a0\u00bb alignment=\u00a0\u00bbcenter\u00a0\u00bb active_section=\u00a0\u00bb1&Prime; no_fill_content_area=\u00a0\u00bbtrue\u00a0\u00bb][vc_tta_section title=\u00a0\u00bbEnviron\u00a0\u00bb tab_id=\u00a0\u00bb1636302233132-39a30584-a642&Prime;][info_list_father][info_list_son style=\u00a0\u00bbicon\u00a0\u00bb size=\u00a0\u00bb20&Prime; width=\u00a0\u00bb25&Prime; height=\u00a0\u00bb25&Prime; titleclr=\u00a0\u00bb#800000&Prime; icon=\u00a0\u00bbfas fa-question-circle\u00a0\u00bb title=\u00a0\u00bbParc national de Tsavo Ouest\u00a0\u00bb]De la vue de cinquante millions de gallons d\u2019eau cristalline jaillissant de la roche de lave dess\u00e9ch\u00e9e sous laquelle se trouvent les sources de Mzima aux coul\u00e9es de lave de Shetani, terre de lave, de sources, de mangeurs d\u2019hommes et de couchers de soleil magiques, bienvenue \u00e0 Tsavo West, une belle nature sauvage et accident\u00e9e. L\u2019\u00e9cosyst\u00e8me de la savane comprend des prairies ouvertes, des broussailles et des bois d\u2019acacias, des ceintures de v\u00e9g\u00e9tation riveraine et des cr\u00eates rocheuses, y compris le belv\u00e9d\u00e8re du braconnier o\u00f9 les visiteurs peuvent voir les troupeaux grouillants dans les plaines en contrebas. Tsavo West offre certaines des plus belles observations de la faune au monde.  [\/info_list_son][info_list_son style=\u00a0\u00bbicon\u00a0\u00bb size=\u00a0\u00bb20&Prime; width=\u00a0\u00bb25&Prime; height=\u00a0\u00bb25&Prime; titleclr=\u00a0\u00bb#800000&Prime; icon=\u00a0\u00bbfas fa-binoculars\u00a0\u00bb title=\u00a0\u00bbFaune\u00a0\u00bb]\n<div class=\"field field-name-field-attractions field-type-text-with-summary field-label-above\">\n<p>Le spectacle de Mzima Springs est la vue de cinquante millions de gallons d\u2019eau cristalline jaillissant des roches de lave dess\u00e9ch\u00e9es, formant la sc\u00e8ne la plus accueillante et la plus belle d\u2019Afrique. En 1898, la construction du chemin de fer de l\u2019Ouganda a \u00e9t\u00e9 brusquement interrompue par les deux lions mangeurs d\u2019hommes les plus voraces et les plus insatiables qui sont apparus sur la sc\u00e8ne, et pendant plus de neuf mois, ils ont men\u00e9 une guerre intermittente contre le chemin de fer et tous ceux qui y \u00e9taient li\u00e9s dans les environs de Tsavo. <\/p>\n<p>Une ar\u00e8ne volcanique vibrante ; la lave en fusion qui forme la lave de Shetani a jailli de la terre il y a environ 200 ans et sa fureur ardente \u00e9tait consid\u00e9r\u00e9e par les habitants comme l\u2019\u0153uvre du diable. Belv\u00e9d\u00e8re du braconnier et rochers rugissants&nbsp;; le parc abonde le point de vue panoramique vintage d\u2019o\u00f9 l\u2019on peut voir le mouvement des troupeaux. De magnifiques safaris ; Tsavo West offre certaines des plus belles observations de gibier au monde. Sanctuaire de Ngulia ; C\u2019est l\u00e0 que la population croissante de rhinoc\u00e9ros noirs, une esp\u00e8ce tr\u00e8s menac\u00e9e, sort du gouffre de l\u2019extinction qui lui a \u00e9t\u00e9 impos\u00e9 par le braconnage end\u00e9mique des ann\u00e9es 1960.   <\/p>\n<p>Le lac Jipe, se trouve \u00e0 cheval sur la fronti\u00e8re du Kenya et de la Tanzanie et regorge de vie aquatique, l\u2019observation des oiseaux est \u00e9galement une activit\u00e9 majeure autour du lac.<\/p>\n<p>La campagne la plus bizarre de la guerre mondiale s\u2019est peut-\u00eatre d\u00e9roul\u00e9e dans le \u00ab&nbsp;Bundu&nbsp;\u00bb (brousse) &#8211; la nature sauvage \u00e0 peine explor\u00e9e de broussailles \u00e9pineuses et de for\u00eat dense de Tsavo \u00e0 l\u2019ouest. Cette derni\u00e8re \u00ab guerre de gentlemen \u00bb a \u00e9t\u00e9 men\u00e9e sous le code de l\u2019honneur \u2013 parfois ; ou sous des tactiques de gu\u00e9rilla adopt\u00e9es par les combattants tribaux africains. Les visites guid\u00e9es du crat\u00e8re, de Kichwa Tembo et du fort de Mzima vous permettront de suivre les traces r\u00e9elles des anciens combattants de la guerre mondiale.  <\/p><\/div>\n[\/info_list_son][info_list_son style=\u00a0\u00bbicon\u00a0\u00bb size=\u00a0\u00bb20&Prime; width=\u00a0\u00bb25&Prime; height=\u00a0\u00bb25&Prime; titleclr=\u00a0\u00bb#800000&Prime; icon=\u00a0\u00bbfas fa-paw\u00a0\u00bb title=\u00a0\u00bbActivit\u00e9s\u00a0\u00bb]\n<ul>\n<li>Safaris.<\/li>\n<li>Promenades dans la nature.<\/li>\n<li>Visites culturelles.<\/li>\n<li>Observation des oiseaux.<\/li>\n<\/ul>\n[\/info_list_son][\/info_list_father][\/vc_tta_section][vc_tta_section title=\u00a0\u00bbComment s\u2019y rendre\u00a0\u00bb tab_id=\u00a0\u00bb1633455601016-f93699bc-5d92&Prime;][vc_gmaps link=\u00a0\u00bb#E-8_JTNDaWZyYW1lJTIwc3JjJTNEJTIyaHR0cHMlM0ElMkYlMkZtYXBzLmdvb2dsZS5jb20lMkZtYXBzJTNGcSUzRHRzYXZvJTI1MjB3ZXN0JTI2YW1wJTNCdCUzRGslMjZhbXAlM0J6JTNEMTMlMjZhbXAlM0JpZSUzRFVURjglMjZhbXAlM0Jpd2xvYyUzRCUyNmFtcCUzQm91dHB1dCUzRGVtYmVkJTIyJTIwd2lkdGglM0QlMjI2MDAlMjIlMjBoZWlnaHQlM0QlMjI0NTAlMjIlMjBmcmFtZWJvcmRlciUzRCUyMjAlMjIlMjBzdHlsZSUzRCUyMmJvcmRlciUzQTAlMjIlMjBhbGxvd2Z1bGxzY3JlZW4lM0QlMjIlMjIlM0UlM0MlMkZpZnJhbWUlM0U=\u00a0\u00bb][\/vc_tta_section][\/vc_tta_tabs][\/vc_column][\/vc_row]\n","protected":false},"excerpt":{"rendered":"<p>[vc_row full_width=\u00a0\u00bbstretch_row\u00a0\u00bb][vc_column css=\u00a0\u00bb.vc_custom_1679043960797{border-bottom-width: 10px !important;}\u00a0\u00bb][ucaddon_classic_banner title=\u00a0\u00bb\u00a0\u00bb link_text=\u00a0\u00bbTsavo West National Park, Kenya\u00a0\u00bb image=\u00a0\u00bb7073&Prime; link=\u00a0\u00bb\u00a0\u00bb uc_init_settings=\u00a0\u00bb\u00a0\u00bb uc_fonts_data=\u00a0\u00bbJTdCJTdE\u00a0\u00bb][\/ucaddon_classic_banner][\/vc_column][\/vc_row][vc_row][vc_column css=\u00a0\u00bb.vc_custom_1679043973615{border-top-width: 10px !important;}\u00a0\u00bb][vc_tta_tabs shape=\u00a0\u00bbsquare\u00a0\u00bb color=\u00a0\u00bbjuicy-pink\u00a0\u00bb alignment=\u00a0\u00bbcenter\u00a0\u00bb active_section=\u00a0\u00bb1&Prime; no_fill_content_area=\u00a0\u00bbtrue\u00a0\u00bb][vc_tta_section title=\u00a0\u00bbEnviron\u00a0\u00bb tab_id=\u00a0\u00bb1636302233132-39a30584-a642&Prime;][info_list_father][info_list_son style=\u00a0\u00bbicon\u00a0\u00bb size=\u00a0\u00bb20&Prime; width=\u00a0\u00bb25&Prime; height=\u00a0\u00bb25&Prime; titleclr=\u00a0\u00bb#800000&Prime; icon=\u00a0\u00bbfas fa-question-circle\u00a0\u00bb title=\u00a0\u00bbParc national de Tsavo Ouest\u00a0\u00bb]De la vue de cinquante millions de gallons d\u2019eau cristalline jaillissant de la roche de lave dess\u00e9ch\u00e9e sous laquelle [&hellip;]<\/p>\n","protected":false},"author":4,"featured_media":0,"parent":27931,"menu_order":16,"comment_status":"closed","ping_status":"closed","template":"","meta":{"_themeisle_gutenberg_block_has_review":false,"footnotes":""},"class_list":["post-30939","page","type-page","status-publish","hentry"],"_links":{"self":[{"href":"https:\/\/mufasatoursandtravels.com\/fr\/wp-json\/wp\/v2\/pages\/30939","targetHints":{"allow":["GET"]}}],"collection":[{"href":"https:\/\/mufasatoursandtravels.com\/fr\/wp-json\/wp\/v2\/pages"}],"about":[{"href":"https:\/\/mufasatoursandtravels.com\/fr\/wp-json\/wp\/v2\/types\/page"}],"author":[{"embeddable":true,"href":"https:\/\/mufasatoursandtravels.com\/fr\/wp-json\/wp\/v2\/users\/4"}],"replies":[{"embeddable":true,"href":"https:\/\/mufasatoursandtravels.com\/fr\/wp-json\/wp\/v2\/comments?post=30939"}],"version-history":[{"count":1,"href":"https:\/\/mufasatoursandtravels.com\/fr\/wp-json\/wp\/v2\/pages\/30939\/revisions"}],"predecessor-version":[{"id":30941,"href":"https:\/\/mufasatoursandtravels.com\/fr\/wp-json\/wp\/v2\/pages\/30939\/revisions\/30941"}],"up":[{"embeddable":true,"href":"https:\/\/mufasatoursandtravels.com\/fr\/wp-json\/wp\/v2\/pages\/27931"}],"wp:attachment":[{"href":"https:\/\/mufasatoursandtravels.com\/fr\/wp-json\/wp\/v2\/media?parent=30939"}],"curies":[{"name":"wp","href":"https:\/\/api.w.org\/{rel}","templated":true}]}}