{"id":30978,"date":"2022-03-25T06:32:05","date_gmt":"2022-03-25T03:32:05","guid":{"rendered":"https:\/\/mufasatoursandtravels.com\/destinations\/parc-national-de-hells-gate\/"},"modified":"2025-04-08T12:13:12","modified_gmt":"2025-04-08T09:13:12","slug":"parc-national-de-hells-gate","status":"publish","type":"page","link":"https:\/\/mufasatoursandtravels.com\/fr\/destinations\/parc-national-de-hells-gate\/","title":{"rendered":"Parc national de Hell\u2019s Gate"},"content":{"rendered":"[vc_row full_width=\u00a0\u00bbstretch_row\u00a0\u00bb][vc_column css=\u00a0\u00bb.vc_custom_1675675402927{border-top-width: 10px !important;border-right-width: 10px !important;border-bottom-width: 10px !important;border-left-width: 10px !important;}\u00a0\u00bb][ucaddon_classic_banner title=\u00a0\u00bb\u00a0\u00bb link_text=\u00a0\u00bbHell&rsquo;s Gate National Park, Kenya\u00a0\u00bb image=\u00a0\u00bb29562&Prime; link=\u00a0\u00bb\u00a0\u00bb uc_fonts_data=\u00a0\u00bbJTdCJTdE\u00a0\u00bb][\/ucaddon_classic_banner][\/vc_column][\/vc_row][vc_row][vc_column css=\u00a0\u00bb.vc_custom_1675675416734{border-top-width: 10px !important;border-right-width: 10px !important;border-bottom-width: 10px !important;border-left-width: 10px !important;}\u00a0\u00bb][vc_tta_tabs shape=\u00a0\u00bbsquare\u00a0\u00bb color=\u00a0\u00bbjuicy-pink\u00a0\u00bb alignment=\u00a0\u00bbcenter\u00a0\u00bb active_section=\u00a0\u00bb1&Prime; no_fill_content_area=\u00a0\u00bbtrue\u00a0\u00bb][vc_tta_section title=\u00a0\u00bbEnviron\u00a0\u00bb tab_id=\u00a0\u00bb1636302233132-39a30584-a642&Prime;][info_list_father listclr=\u00a0\u00bb#f8f8f8&Prime;][info_list_son style=\u00a0\u00bbicon\u00a0\u00bb size=\u00a0\u00bb20&Prime; width=\u00a0\u00bb25&Prime; height=\u00a0\u00bb25&Prime; titleclr=\u00a0\u00bb#800000&Prime; icon=\u00a0\u00bbfas fa-question-circle\u00a0\u00bb title=\u00a0\u00bbParc national de Hell\u2019s Gate\u00a0\u00bb]Le parc national de Hell\u2019s Gate se trouve au sud du lac Naivasha au Kenya, au nord-ouest de Nairobi. Le parc national de Hell\u2019s Gate doit son nom \u00e0 une \u00e9troite br\u00e8che dans les falaises, autrefois un affluent d\u2019un lac pr\u00e9historique qui nourrissait les premiers humains de la vall\u00e9e du Rift. Fond\u00e9e en 1984, elle est connue pour sa grande vari\u00e9t\u00e9 d\u2019animaux sauvages et pour ses paysages. Cela comprend les colonnes de la tour Fischer et de la tour centrale et les gorges de Hell\u2019s Gate. Le parc national abrite \u00e9galement cinq centrales g\u00e9othermiques \u00e0 Ol karia. Le parc est \u00e9quip\u00e9 de trois campings de base et comprend un centre culturel masa\u00ef, offrant une \u00e9ducation sur la culture et les traditions de la tribu Masa\u00ef.     [\/info_list_son][info_list_son style=\u00a0\u00bbicon\u00a0\u00bb size=\u00a0\u00bb20&Prime; width=\u00a0\u00bb25&Prime; height=\u00a0\u00bb25&Prime; titleclr=\u00a0\u00bb#800000&Prime; icon=\u00a0\u00bbfas fa-binoculars\u00a0\u00bb title=\u00a0\u00bbFaune\u00a0\u00bb]Il y a une grande vari\u00e9t\u00e9 d\u2019animaux sauvages dans le parc national, bien que peu nombreux. Parmi les esp\u00e8ces sauvages peu observ\u00e9es, citons les lions, les l\u00e9opards et les gu\u00e9pards. Cependant, le parc a toujours \u00e9t\u00e9 un habitat important pour les rares vautours lamgys. Il y a plus de 103 esp\u00e8ces d\u2019oiseaux dans le parc, dont les vautours, les aigles de Verreaux, la buse augure et les martinets.   <\/p>\n<p>Les hyraxes, les buffles d\u2019Afrique, les z\u00e8bres, les \u00e9lans, les bubales, les gazelles de Thomson, les hy\u00e8nes et les babouins sont \u00e9galement communs. Le parc abrite \u00e9galement des servals et un petit nombre d\u2019antilopes klipspringer et de roseaux de Chanler. [\/info_list_son][info_list_son style=\u00a0\u00bbicon\u00a0\u00bb size=\u00a0\u00bb20&Prime; width=\u00a0\u00bb25&Prime; height=\u00a0\u00bb25&Prime; titleclr=\u00a0\u00bb#800000&Prime; icon=\u00a0\u00bbfas fa-paw\u00a0\u00bb title=\u00a0\u00bbActivit\u00e9s\u00a0\u00bb]\n<ul>\n<li>Balade \u00e0 v\u00e9lo dans le parc.<\/li>\n<li>Randonn\u00e9e \u00e0 travers les canyons.<\/li>\n<li>Appr\u00e9cier la faune locale.<\/li>\n<li>Observation des oiseaux.<\/li>\n<\/ul>\n[\/info_list_son][\/info_list_father][\/vc_tta_section][vc_tta_section title=\u00a0\u00bbH\u00e9bergement\u00a0\u00bb tab_id=\u00a0\u00bb1741867605592-fb68bd77-c66b\u00a0\u00bb][vc_row_inner][vc_column_inner width=\u00a0\u00bb1\/2&Prime; offset=\u00a0\u00bbvc_hidden-md vc_hidden-sm vc_hidden-xs\u00a0\u00bb][vc_images_carousel images=\u00a0\u00bb29580,29568,29574&Prime; onclick=\u00a0\u00bbcustom_link\u00a0\u00bb custom_links_target=\u00a0\u00bb_blank\u00a0\u00bb][\/vc_column_inner][vc_column_inner width=\u00a0\u00bb1\/2&Prime;][vc_headings style=\u00a0\u00bbtheme3&Prime; linewidth=\u00a0\u00bb100&Prime; borderclr=\u00a0\u00bb#890000&Prime; title=\u00a0\u00bbEnashipai Resort &#038; Spa\u00a0\u00bb align=\u00a0\u00bbleft\u00a0\u00bb google_fonts=\u00a0\u00bbfont_family:Roboto%3A100%2C100italic%2C300%2C300italic%2Cregular%2Citalic%2C500%2C500italic%2C700%2C700italic%2C900%2C900italic\u00a0\u00bb titleclr=\u00a0\u00bb#000000&Prime;][\/vc_headings][vc_column_text]Enashipai \u2013 Un mot Massa\u00ef signifiant \u00ab Un lieu de bonheur ! \u00bb Situ\u00e9 dans la splendeur de la vall\u00e9e du Grand Rift et sur les rives du lac Naivasha, l\u2019Enashipai Resort and Spa est une destination de loisirs et de conf\u00e9rences prim\u00e9e \u00e0 plusieurs reprises, offrant une hospitalit\u00e9 africaine authentique ax\u00e9e sur le bien-\u00eatre. Nous sommes fiers d\u2019offrir des exp\u00e9riences uniques et m\u00e9morables \u00e0 nos clients.[\/vc_column_text][vc_btn title=\u00a0\u00bbVue\u00a0\u00bb style=\u00a0\u00bboutline-custom\u00a0\u00bb outline_custom_color=\u00a0\u00bb#890000&Prime; outline_custom_hover_background=\u00a0\u00bb#890000&Prime; outline_custom_hover_text=\u00a0\u00bb#ffffff\u00a0\u00bb shape=\u00a0\u00bbround\u00a0\u00bb size=\u00a0\u00bbsm\u00a0\u00bb align=\u00a0\u00bbleft\u00a0\u00bb i_icon_fontawesome=\u00a0\u00bbfas fa-arrow-circle-right\u00a0\u00bb css_animation=\u00a0\u00bbslideInRight\u00a0\u00bb add_icon=\u00a0\u00bbtrue\u00a0\u00bb link=\u00a0\u00bburl:https%3A%2F%2Fwww.enashipai.com%2F|\u00a0\u00bb][\/vc_column_inner][\/vc_row_inner][vc_row_inner][vc_column_inner width=\u00a0\u00bb1\/2&Prime; offset=\u00a0\u00bbvc_hidden-md vc_hidden-sm vc_hidden-xs\u00a0\u00bb][vc_images_carousel images=\u00a0\u00bb29598,29586,29592&Prime; onclick=\u00a0\u00bbcustom_link\u00a0\u00bb custom_links_target=\u00a0\u00bb_blank\u00a0\u00bb][\/vc_column_inner][vc_column_inner width=\u00a0\u00bb1\/2&Prime;][vc_headings style=\u00a0\u00bbtheme3&Prime; linewidth=\u00a0\u00bb100&Prime; borderclr=\u00a0\u00bb#890000&Prime; title=\u00a0\u00bbLake Naivasha Crescent Camp\u00a0\u00bb align=\u00a0\u00bbleft\u00a0\u00bb google_fonts=\u00a0\u00bbfont_family:Roboto%3A100%2C100italic%2C300%2C300italic%2Cregular%2Citalic%2C500%2C500italic%2C700%2C700italic%2C900%2C900italic\u00a0\u00bb titleclr=\u00a0\u00bb#000000&Prime;][\/vc_headings][vc_column_text]Ce camp au Kenya, au bord d\u2019un lac d\u2019eau douce, propose des tentes bien meubl\u00e9es avec des planchers en bois et beaucoup d\u2019espace. Chaque tente dispose d\u2019une salle de bain attenante avec eau chaude et de toilettes. Les tentes ont un style traditionnel et se fondent dans les acacias, cr\u00e9ant une atmosph\u00e8re relaxante. Le camping est \u00e9galement disponible.[\/vc_column_text][vc_btn title=\u00a0\u00bbVue\u00a0\u00bb style=\u00a0\u00bboutline-custom\u00a0\u00bb outline_custom_color=\u00a0\u00bb#890000&Prime; outline_custom_hover_background=\u00a0\u00bb#890000&Prime; outline_custom_hover_text=\u00a0\u00bb#ffffff\u00a0\u00bb shape=\u00a0\u00bbround\u00a0\u00bb size=\u00a0\u00bbsm\u00a0\u00bb align=\u00a0\u00bbleft\u00a0\u00bb i_icon_fontawesome=\u00a0\u00bbfas fa-arrow-circle-right\u00a0\u00bb css_animation=\u00a0\u00bbslideInRight\u00a0\u00bb add_icon=\u00a0\u00bbtrue\u00a0\u00bb link=\u00a0\u00bburl:http%3A%2F%2Fcrescentcamp.co.ke%2F|\u00a0\u00bb][\/vc_column_inner][\/vc_row_inner][vc_row_inner][vc_column_inner width=\u00a0\u00bb1\/2&Prime; offset=\u00a0\u00bbvc_hidden-md vc_hidden-sm vc_hidden-xs\u00a0\u00bb][vc_images_carousel images=\u00a0\u00bb29604,29610,29616&Prime; onclick=\u00a0\u00bbcustom_link\u00a0\u00bb custom_links_target=\u00a0\u00bb_blank\u00a0\u00bb][\/vc_column_inner][vc_column_inner width=\u00a0\u00bb1\/2&Prime;][vc_headings style=\u00a0\u00bbtheme3&Prime; linewidth=\u00a0\u00bb100&Prime; borderclr=\u00a0\u00bb#890000&Prime; title=\u00a0\u00bbNaivasha Kongoni Lodge\u00a0\u00bb align=\u00a0\u00bbleft\u00a0\u00bb google_fonts=\u00a0\u00bbfont_family:Roboto%3A100%2C100italic%2C300%2C300italic%2Cregular%2Citalic%2C500%2C500italic%2C700%2C700italic%2C900%2C900italic\u00a0\u00bb titleclr=\u00a0\u00bb#000000&Prime;][\/vc_headings][vc_column_text]Faites l\u2019exp\u00e9rience d\u2019une retraite paisible au Naivasha Kongoni Lodge, situ\u00e9 dans la vall\u00e9e du Grand Rift au Kenya avec une vue imprenable sur le lac Naivasha. \u00c0 90 minutes de Nairobi, le lodge propose des chambres confortables avec balcon priv\u00e9 pour observer les z\u00e8bres, les girafes et divers oiseaux.[\/vc_column_text][vc_btn title=\u00a0\u00bbVue\u00a0\u00bb style=\u00a0\u00bboutline-custom\u00a0\u00bb outline_custom_color=\u00a0\u00bb#890000&Prime; outline_custom_hover_background=\u00a0\u00bb#890000&Prime; outline_custom_hover_text=\u00a0\u00bb#ffffff\u00a0\u00bb shape=\u00a0\u00bbround\u00a0\u00bb size=\u00a0\u00bbsm\u00a0\u00bb align=\u00a0\u00bbleft\u00a0\u00bb i_icon_fontawesome=\u00a0\u00bbfas fa-arrow-circle-right\u00a0\u00bb css_animation=\u00a0\u00bbslideInRight\u00a0\u00bb add_icon=\u00a0\u00bbtrue\u00a0\u00bb link=\u00a0\u00bburl:https%3A%2F%2Fnaivashakongonilodge.com%2F|\u00a0\u00bb][\/vc_column_inner][\/vc_row_inner][vc_row_inner][vc_column_inner width=\u00a0\u00bb1\/2&Prime; offset=\u00a0\u00bbvc_hidden-md vc_hidden-sm vc_hidden-xs\u00a0\u00bb][vc_images_carousel images=\u00a0\u00bb29635,29623,29629&Prime; onclick=\u00a0\u00bbcustom_link\u00a0\u00bb custom_links_target=\u00a0\u00bb_blank\u00a0\u00bb][\/vc_column_inner][vc_column_inner width=\u00a0\u00bb1\/2&Prime;][vc_headings style=\u00a0\u00bbtheme3&Prime; linewidth=\u00a0\u00bb100&Prime; borderclr=\u00a0\u00bb#890000&Prime; title=\u00a0\u00bbLoldia Lodge\u00a0\u00bb align=\u00a0\u00bbleft\u00a0\u00bb google_fonts=\u00a0\u00bbfont_family:Roboto%3A100%2C100italic%2C300%2C300italic%2Cregular%2Citalic%2C500%2C500italic%2C700%2C700italic%2C900%2C900italic\u00a0\u00bb titleclr=\u00a0\u00bb#000000&Prime;][\/vc_headings][vc_column_text]Loldia House, situ\u00e9e sur une ferme familiale de 6 500 acres sur le lac Naivasha, est id\u00e9ale pour la d\u00e9tente et l\u2019exploration de la vall\u00e9e du Grand Rift. Il propose des cottages, des suites de luxe avec vue sur le lac et un spa au bord de la piscine. \u00c0 seulement deux heures de Nairobi, il est pratique pour des excursions d\u2019une journ\u00e9e au parc national du lac Nakuru et a des vols quotidiens vers le Mara.[\/vc_column_text][vc_btn title=\u00a0\u00bbVue\u00a0\u00bb style=\u00a0\u00bboutline-custom\u00a0\u00bb outline_custom_color=\u00a0\u00bb#890000&Prime; outline_custom_hover_background=\u00a0\u00bb#890000&Prime; outline_custom_hover_text=\u00a0\u00bb#ffffff\u00a0\u00bb shape=\u00a0\u00bbround\u00a0\u00bb size=\u00a0\u00bbsm\u00a0\u00bb align=\u00a0\u00bbleft\u00a0\u00bb i_icon_fontawesome=\u00a0\u00bbfas fa-arrow-circle-right\u00a0\u00bb css_animation=\u00a0\u00bbslideInRight\u00a0\u00bb add_icon=\u00a0\u00bbtrue\u00a0\u00bb link=\u00a0\u00bburl:https%3A%2F%2Fwww.governorscamp.com%2Fstay%2Floldia-house%2F|\u00a0\u00bb][\/vc_column_inner][\/vc_row_inner][vc_row_inner][vc_column_inner width=\u00a0\u00bb1\/2&Prime; offset=\u00a0\u00bbvc_hidden-md vc_hidden-sm vc_hidden-xs\u00a0\u00bb][vc_images_carousel images=\u00a0\u00bb29641,29647,29653&Prime; onclick=\u00a0\u00bbcustom_link\u00a0\u00bb custom_links_target=\u00a0\u00bb_blank\u00a0\u00bb][\/vc_column_inner][vc_column_inner width=\u00a0\u00bb1\/2&Prime;][vc_headings style=\u00a0\u00bbtheme3&Prime; linewidth=\u00a0\u00bb100&Prime; borderclr=\u00a0\u00bb#890000&Prime; title=\u00a0\u00bbLake Naivasha Simba Lodge\u00a0\u00bb align=\u00a0\u00bbleft\u00a0\u00bb google_fonts=\u00a0\u00bbfont_family:Roboto%3A100%2C100italic%2C300%2C300italic%2Cregular%2Citalic%2C500%2C500italic%2C700%2C700italic%2C900%2C900italic\u00a0\u00bb titleclr=\u00a0\u00bb#000000&Prime;][\/vc_headings][vc_column_text]Nich\u00e9 au milieu d\u2019une beaut\u00e9 naturelle sereine, le Lake Naivasha Simba Lodge a re\u00e7u des \u00e9loges pour ses chambres propres et spacieuses offrant une vue sur la faune.[\/vc_column_text][vc_btn title=\u00a0\u00bbVue\u00a0\u00bb style=\u00a0\u00bboutline-custom\u00a0\u00bb outline_custom_color=\u00a0\u00bb#890000&Prime; outline_custom_hover_background=\u00a0\u00bb#890000&Prime; outline_custom_hover_text=\u00a0\u00bb#ffffff\u00a0\u00bb shape=\u00a0\u00bbround\u00a0\u00bb size=\u00a0\u00bbsm\u00a0\u00bb align=\u00a0\u00bbleft\u00a0\u00bb i_icon_fontawesome=\u00a0\u00bbfas fa-arrow-circle-right\u00a0\u00bb css_animation=\u00a0\u00bbslideInRight\u00a0\u00bb add_icon=\u00a0\u00bbtrue\u00a0\u00bb link=\u00a0\u00bburl:http%3A%2F%2Fwww.simbalodges.com%2F|\u00a0\u00bb][\/vc_column_inner][\/vc_row_inner][\/vc_tta_section][vc_tta_section title=\u00a0\u00bbComment s\u2019y rendre\u00a0\u00bb tab_id=\u00a0\u00bb1633455601016-f93699bc-5d92&Prime;][vc_gmaps link=\u00a0\u00bb#E-8_JTNDaWZyYW1lJTIwc3JjJTNEJTIyaHR0cHMlM0ElMkYlMkZtYXBzLmdvb2dsZS5jb20lMkZtYXBzJTNGcSUzRGhlbGxzJTI1MjBnYXRlJTI2YW1wJTNCdCUzRGslMjZhbXAlM0J6JTNEMTElMjZhbXAlM0JpZSUzRFVURjglMjZhbXAlM0Jpd2xvYyUzRCUyNmFtcCUzQm91dHB1dCUzRGVtYmVkJTIyJTIwd2lkdGglM0QlMjI2MDAlMjIlMjBoZWlnaHQlM0QlMjI0NTAlMjIlMjBmcmFtZWJvcmRlciUzRCUyMjAlMjIlMjBzdHlsZSUzRCUyMmJvcmRlciUzQTAlMjIlMjBhbGxvd2Z1bGxzY3JlZW4lM0QlMjIlMjIlM0UlM0MlMkZpZnJhbWUlM0U=\u00a0\u00bb][\/vc_tta_section][\/vc_tta_tabs][\/vc_column][\/vc_row]\n","protected":false},"excerpt":{"rendered":"<p>[vc_row full_width=\u00a0\u00bbstretch_row\u00a0\u00bb][vc_column css=\u00a0\u00bb.vc_custom_1675675402927{border-top-width: 10px !important;border-right-width: 10px !important;border-bottom-width: 10px !important;border-left-width: 10px !important;}\u00a0\u00bb][ucaddon_classic_banner title=\u00a0\u00bb\u00a0\u00bb link_text=\u00a0\u00bbHell&rsquo;s Gate National Park, Kenya\u00a0\u00bb image=\u00a0\u00bb29562&Prime; link=\u00a0\u00bb\u00a0\u00bb uc_fonts_data=\u00a0\u00bbJTdCJTdE\u00a0\u00bb][\/ucaddon_classic_banner][\/vc_column][\/vc_row][vc_row][vc_column css=\u00a0\u00bb.vc_custom_1675675416734{border-top-width: 10px !important;border-right-width: 10px !important;border-bottom-width: 10px !important;border-left-width: 10px !important;}\u00a0\u00bb][vc_tta_tabs shape=\u00a0\u00bbsquare\u00a0\u00bb color=\u00a0\u00bbjuicy-pink\u00a0\u00bb alignment=\u00a0\u00bbcenter\u00a0\u00bb active_section=\u00a0\u00bb1&Prime; no_fill_content_area=\u00a0\u00bbtrue\u00a0\u00bb][vc_tta_section title=\u00a0\u00bbEnviron\u00a0\u00bb tab_id=\u00a0\u00bb1636302233132-39a30584-a642&Prime;][info_list_father listclr=\u00a0\u00bb#f8f8f8&Prime;][info_list_son style=\u00a0\u00bbicon\u00a0\u00bb size=\u00a0\u00bb20&Prime; width=\u00a0\u00bb25&Prime; height=\u00a0\u00bb25&Prime; titleclr=\u00a0\u00bb#800000&Prime; icon=\u00a0\u00bbfas fa-question-circle\u00a0\u00bb title=\u00a0\u00bbParc national de Hell\u2019s Gate\u00a0\u00bb]Le parc national de Hell\u2019s Gate se [&hellip;]<\/p>\n","protected":false},"author":4,"featured_media":0,"parent":27931,"menu_order":5,"comment_status":"closed","ping_status":"closed","template":"","meta":{"_themeisle_gutenberg_block_has_review":false,"footnotes":""},"class_list":["post-30978","page","type-page","status-publish","hentry"],"_links":{"self":[{"href":"https:\/\/mufasatoursandtravels.com\/fr\/wp-json\/wp\/v2\/pages\/30978","targetHints":{"allow":["GET"]}}],"collection":[{"href":"https:\/\/mufasatoursandtravels.com\/fr\/wp-json\/wp\/v2\/pages"}],"about":[{"href":"https:\/\/mufasatoursandtravels.com\/fr\/wp-json\/wp\/v2\/types\/page"}],"author":[{"embeddable":true,"href":"https:\/\/mufasatoursandtravels.com\/fr\/wp-json\/wp\/v2\/users\/4"}],"replies":[{"embeddable":true,"href":"https:\/\/mufasatoursandtravels.com\/fr\/wp-json\/wp\/v2\/comments?post=30978"}],"version-history":[{"count":1,"href":"https:\/\/mufasatoursandtravels.com\/fr\/wp-json\/wp\/v2\/pages\/30978\/revisions"}],"predecessor-version":[{"id":30984,"href":"https:\/\/mufasatoursandtravels.com\/fr\/wp-json\/wp\/v2\/pages\/30978\/revisions\/30984"}],"up":[{"embeddable":true,"href":"https:\/\/mufasatoursandtravels.com\/fr\/wp-json\/wp\/v2\/pages\/27931"}],"wp:attachment":[{"href":"https:\/\/mufasatoursandtravels.com\/fr\/wp-json\/wp\/v2\/media?parent=30978"}],"curies":[{"name":"wp","href":"https:\/\/api.w.org\/{rel}","templated":true}]}}