{"id":31477,"date":"2025-02-27T13:15:42","date_gmt":"2025-02-27T10:15:42","guid":{"rendered":"https:\/\/mufasatoursandtravels.com\/zanzibar-safaris\/"},"modified":"2025-04-10T15:28:13","modified_gmt":"2025-04-10T12:28:13","slug":"zanzibar-safaris","status":"publish","type":"page","link":"https:\/\/mufasatoursandtravels.com\/fr\/zanzibar-safaris\/","title":{"rendered":"Zanzibar Safaris"},"content":{"rendered":"[vc_row full_width=\u00a0\u00bbstretch_row_content\u00a0\u00bb css=\u00a0\u00bb.vc_custom_1740662458077{margin-top: -50px !important;background: rgba(0,0,0,0.89) url(https:\/\/mufasatoursandtravels.com\/wp-content\/uploads\/2022\/03\/melia-hotel-zanzibar-packages-luxury-safari-and-all.jpg?id=5731) !important;*background-color: rgb(0,0,0) !important;}\u00a0\u00bb][vc_column css=\u00a0\u00bb.vc_custom_1687869367906{padding-top: 30px !important;padding-right: 50px !important;padding-bottom: 30px !important;padding-left: 50px !important;background-color: rgba(0,0,0,0.57) !important;*background-color: rgb(0,0,0) !important;}\u00a0\u00bb][vc_empty_space height=\u00a0\u00bb70px\u00a0\u00bb][vc_custom_heading text=\u00a0\u00bbZanzibar\u00a0\u00bb font_container=\u00a0\u00bbtag:h1|font_size:35|text_align:center|color:%23ffffff\u00a0\u00bb use_theme_fonts=\u00a0\u00bbyes\u00a0\u00bb el_class=\u00a0\u00bbcustom-opacity-text\u00a0\u00bb css=\u00a0\u00bb.vc_custom_1740651830108{margin-top: 30px !important;}\u00a0\u00bb][vc_separator el_width=\u00a0\u00bb40&Prime;][vc_empty_space height=\u00a0\u00bb70px\u00a0\u00bb][\/vc_column][\/vc_row][vc_row][vc_column][vc_empty_space][\/vc_column][\/vc_row][vc_row][vc_column][vc_headings style=\u00a0\u00bbtheme3&Prime; linewidth=\u00a0\u00bb150&Prime; borderclr=\u00a0\u00bb#890000&Prime; title=\u00a0\u00bbPlage de Zanzibar\u00a0\u00bb use_theme_fonts=\u00a0\u00bbyes\u00a0\u00bb titleclr=\u00a0\u00bb#890000&Prime;][\/vc_headings][\/vc_column][\/vc_row][vc_row][vc_column][vc_column_text]\n<p style=\"font-size: 18px; text-align: center;\">Un m\u00e9lange de paradis et de culture avec des plages blanches et des eaux turquoises rencontrant un m\u00e9lange de traditions arabes et africaines. Un endroit pour se d\u00e9tendre, explorer les merveilles sous-marines et d\u00e9couvrir des influences culturelles uniques. <\/p>\n[\/vc_column_text][vc_empty_space][\/vc_column][\/vc_row][vc_row][vc_column width=\u00a0\u00bb1\/4&Prime;][ucaddon_uc_classic_carousel_content title=\u00a0\u00bbH\u00f4tel Pongwe Beach  \u00a0\u00bb border_color=\u00a0\u00bb#890000&Prime; btn_hvr_clr=\u00a0\u00bb#890000&Prime; image=\u00a0\u00bb\u00a0\u00bb primary_color=\u00a0\u00bb#890000&Prime; btn_text=\u00a0\u00bbView \u2192\u00a0\u00bb link=\u00a0\u00bbhttps:\/\/pongwe.com\/\u00a0\u00bb uc_init_settings=\u00a0\u00bb\u00a0\u00bb uc_fonts_data=\u00a0\u00bbJTdCJTIydGl0bGUlMjIlM0ElN0IlMjJmb250LWZhbWlseSUyMiUzQSUyMlJvYm90byUyMiU3RCUyQyUyMmJ0bl90ZXh0JTIyJTNBJTdCJTIyZm9udC1mYW1pbHklMjIlM0ElMjJSb2JvdG8lMjIlN0QlN0Q=\u00a0\u00bb][\/ucaddon_uc_classic_carousel_content][\/vc_column][vc_column width=\u00a0\u00bb1\/4&Prime;][ucaddon_uc_classic_carousel_content title=\u00a0\u00bbMatemwe Lodge  \u00a0\u00bb border_color=\u00a0\u00bb#890000&Prime; btn_hvr_clr=\u00a0\u00bb#890000&Prime; image=\u00a0\u00bb\u00a0\u00bb primary_color=\u00a0\u00bb#890000&Prime; btn_text=\u00a0\u00bbView \u2192\u00a0\u00bb link=\u00a0\u00bbhttps:\/\/hotels-attitude.com\/fr\/matemwe-zanzibar\u00a0\u00bb uc_init_settings=\u00a0\u00bb\u00a0\u00bb uc_fonts_data=\u00a0\u00bbJTdCJTIydGl0bGUlMjIlM0ElN0IlMjJmb250LWZhbWlseSUyMiUzQSUyMlJvYm90byUyMiU3RCUyQyUyMmJ0bl90ZXh0JTIyJTNBJTdCJTIyZm9udC1mYW1pbHklMjIlM0ElMjJSb2JvdG8lMjIlN0QlN0Q=\u00a0\u00bb][\/ucaddon_uc_classic_carousel_content][\/vc_column][vc_column width=\u00a0\u00bb1\/4&Prime;][ucaddon_uc_classic_carousel_content title=\u00a0\u00bbShooting Star Lodge  \u00a0\u00bb border_color=\u00a0\u00bb#890000&Prime; btn_hvr_clr=\u00a0\u00bb#890000&Prime; image=\u00a0\u00bb\u00a0\u00bb primary_color=\u00a0\u00bb#890000&Prime; btn_text=\u00a0\u00bbView \u2192\u00a0\u00bb link=\u00a0\u00bbhttps:\/\/www.shootingstarlodge.com\/\u00a0\u00bb uc_init_settings=\u00a0\u00bb\u00a0\u00bb uc_fonts_data=\u00a0\u00bbJTdCJTIydGl0bGUlMjIlM0ElN0IlMjJmb250LWZhbWlseSUyMiUzQSUyMlJvYm90byUyMiU3RCUyQyUyMmJ0bl90ZXh0JTIyJTNBJTdCJTIyZm9udC1mYW1pbHklMjIlM0ElMjJSb2JvdG8lMjIlN0QlN0Q=\u00a0\u00bb][\/ucaddon_uc_classic_carousel_content][\/vc_column][vc_column width=\u00a0\u00bb1\/4&Prime;][ucaddon_uc_classic_carousel_content title=\u00a0\u00bb  Lodge de l\u2019\u00eele de Mnemba  \u00a0\u00bb border_color=\u00a0\u00bb#890000&Prime; btn_hvr_clr=\u00a0\u00bb#890000&Prime; image=\u00a0\u00bb\u00a0\u00bb primary_color=\u00a0\u00bb#890000&Prime; btn_text=\u00a0\u00bbView \u2192\u00a0\u00bb link=\u00a0\u00bbhttps:\/\/www.andbeyond.com\/our-lodges\/indian-ocean-islands\/zanzibar\/andbeyond-mnemba-island\/?utm_source=google&amp;utm_medium=organic&amp;utm_campaign=organic-global-bofu-gmb-listing-mnemba-island\u00a0\u00bb uc_init_settings=\u00a0\u00bb\u00a0\u00bb uc_fonts_data=\u00a0\u00bbJTdCJTIydGl0bGUlMjIlM0ElN0IlMjJmb250LWZhbWlseSUyMiUzQSUyMlJvYm90byUyMiU3RCUyQyUyMmJ0bl90ZXh0JTIyJTNBJTdCJTIyZm9udC1mYW1pbHklMjIlM0ElMjJSb2JvdG8lMjIlN0QlN0Q=\u00a0\u00bb][\/ucaddon_uc_classic_carousel_content][\/vc_column][\/vc_row][vc_row][vc_column width=\u00a0\u00bb1\/4&Prime;][ucaddon_uc_classic_carousel_content title=\u00a0\u00bbUnguja Lodge\u00a0\u00bb border_color=\u00a0\u00bb#890000&Prime; btn_hvr_clr=\u00a0\u00bb#890000&Prime; image=\u00a0\u00bb\u00a0\u00bb primary_color=\u00a0\u00bb#890000&Prime; btn_text=\u00a0\u00bbView \u2192\u00a0\u00bb link=\u00a0\u00bbhttp:\/\/www.ungujalodge.com\/photogallery\u00a0\u00bb uc_init_settings=\u00a0\u00bb\u00a0\u00bb uc_fonts_data=\u00a0\u00bbJTdCJTIydGl0bGUlMjIlM0ElN0IlMjJmb250LWZhbWlseSUyMiUzQSUyMlJvYm90byUyMiU3RCUyQyUyMmJ0bl90ZXh0JTIyJTNBJTdCJTIyZm9udC1mYW1pbHklMjIlM0ElMjJSb2JvdG8lMjIlN0QlN0Q=\u00a0\u00bb][\/ucaddon_uc_classic_carousel_content][\/vc_column][vc_column width=\u00a0\u00bb1\/4&Prime;][ucaddon_uc_classic_carousel_content title=\u00a0\u00bb  Lodge de l\u2019\u00eele de Chumbe  \u00a0\u00bb border_color=\u00a0\u00bb#890000&Prime; btn_hvr_clr=\u00a0\u00bb#890000&Prime; image=\u00a0\u00bb\u00a0\u00bb primary_color=\u00a0\u00bb#890000&Prime; btn_text=\u00a0\u00bbView \u2192\u00a0\u00bb link=\u00a0\u00bbhttps:\/\/chumbeisland.com\/\u00a0\u00bb uc_init_settings=\u00a0\u00bb\u00a0\u00bb uc_fonts_data=\u00a0\u00bbJTdCJTIydGl0bGUlMjIlM0ElN0IlMjJmb250LWZhbWlseSUyMiUzQSUyMlJvYm90byUyMiU3RCUyQyUyMmJ0bl90ZXh0JTIyJTNBJTdCJTIyZm9udC1mYW1pbHklMjIlM0ElMjJSb2JvdG8lMjIlN0QlN0Q=\u00a0\u00bb][\/ucaddon_uc_classic_carousel_content][\/vc_column][vc_column width=\u00a0\u00bb1\/4&Prime;][ucaddon_uc_classic_carousel_content title=\u00a0\u00bb  Fumba Beach Lodge  \u00a0\u00bb border_color=\u00a0\u00bb#890000&Prime; btn_hvr_clr=\u00a0\u00bb#890000&Prime; image=\u00a0\u00bb\u00a0\u00bb primary_color=\u00a0\u00bb#890000&Prime; btn_text=\u00a0\u00bbView \u2192\u00a0\u00bb link=\u00a0\u00bbhttp:\/\/fumbabeachlodge.com\/\u00a0\u00bb uc_init_settings=\u00a0\u00bb\u00a0\u00bb uc_fonts_data=\u00a0\u00bbJTdCJTIydGl0bGUlMjIlM0ElN0IlMjJmb250LWZhbWlseSUyMiUzQSUyMlJvYm90byUyMiU3RCUyQyUyMmJ0bl90ZXh0JTIyJTNBJTdCJTIyZm9udC1mYW1pbHklMjIlM0ElMjJSb2JvdG8lMjIlN0QlN0Q=\u00a0\u00bb][\/ucaddon_uc_classic_carousel_content][\/vc_column][vc_column width=\u00a0\u00bb1\/4&Prime;][ucaddon_uc_classic_carousel_content title=\u00a0\u00bbLa R\u00e9sidence Zanzibar\u00a0\u00bb border_color=\u00a0\u00bb#890000&Prime; btn_hvr_clr=\u00a0\u00bb#890000&Prime; image=\u00a0\u00bb\u00a0\u00bb primary_color=\u00a0\u00bb#890000&Prime; btn_text=\u00a0\u00bbView \u2192\u00a0\u00bb link=\u00a0\u00bbhttps:\/\/www.cenizaro.com\/theresidence\/zanzibar?utm_source=google&amp;utm_medium=organic&amp;utm_campaign=zanzibar\u00a0\u00bb uc_init_settings=\u00a0\u00bb\u00a0\u00bb uc_fonts_data=\u00a0\u00bbJTdCJTIydGl0bGUlMjIlM0ElN0IlMjJmb250LWZhbWlseSUyMiUzQSUyMlJvYm90byUyMiU3RCUyQyUyMmJ0bl90ZXh0JTIyJTNBJTdCJTIyZm9udC1mYW1pbHklMjIlM0ElMjJSb2JvdG8lMjIlN0QlN0Q=\u00a0\u00bb][\/ucaddon_uc_classic_carousel_content][\/vc_column][\/vc_row][vc_row][vc_column width=\u00a0\u00bb1\/4&Prime;][ucaddon_uc_classic_carousel_content title=\u00a0\u00bb  Club de plage Breezes  \u00a0\u00bb border_color=\u00a0\u00bb#890000&Prime; btn_hvr_clr=\u00a0\u00bb#890000&Prime; image=\u00a0\u00bb\u00a0\u00bb primary_color=\u00a0\u00bb#890000&Prime; btn_text=\u00a0\u00bbView \u2192\u00a0\u00bb link=\u00a0\u00bbhttps:\/\/www.breezes-zanzibar.com\/image-gallery\/\u00a0\u00bb uc_init_settings=\u00a0\u00bb\u00a0\u00bb uc_fonts_data=\u00a0\u00bbJTdCJTIydGl0bGUlMjIlM0ElN0IlMjJmb250LWZhbWlseSUyMiUzQSUyMlJvYm90byUyMiU3RCUyQyUyMmJ0bl90ZXh0JTIyJTNBJTdCJTIyZm9udC1mYW1pbHklMjIlM0ElMjJSb2JvdG8lMjIlN0QlN0Q=\u00a0\u00bb][\/ucaddon_uc_classic_carousel_content][\/vc_column][vc_column width=\u00a0\u00bb1\/4&Prime;][ucaddon_uc_classic_carousel_content title=\u00a0\u00bb  Qambani Priv\u00e9\u00a0\u00bb border_color=\u00a0\u00bb#890000&Prime; btn_hvr_clr=\u00a0\u00bb#890000&Prime; image=\u00a0\u00bb\u00a0\u00bb primary_color=\u00a0\u00bb#890000&Prime; btn_text=\u00a0\u00bbView \u2192\u00a0\u00bb link=\u00a0\u00bbhttps:\/\/www.our-zanzibar.com\/hotel\/qambani-private-residence\/\u00a0\u00bb uc_init_settings=\u00a0\u00bb\u00a0\u00bb uc_fonts_data=\u00a0\u00bbJTdCJTIydGl0bGUlMjIlM0ElN0IlMjJmb250LWZhbWlseSUyMiUzQSUyMlJvYm90byUyMiU3RCUyQyUyMmJ0bl90ZXh0JTIyJTNBJTdCJTIyZm9udC1mYW1pbHklMjIlM0ElMjJSb2JvdG8lMjIlN0QlN0Q=\u00a0\u00bb][\/ucaddon_uc_classic_carousel_content][\/vc_column][vc_column width=\u00a0\u00bb1\/4&Prime;][ucaddon_uc_classic_carousel_content title=\u00a0\u00bbBaraza Resort and Spa\u00a0\u00bb border_color=\u00a0\u00bb#890000&Prime; btn_hvr_clr=\u00a0\u00bb#890000&Prime; image=\u00a0\u00bb\u00a0\u00bb primary_color=\u00a0\u00bb#890000&Prime; btn_text=\u00a0\u00bbView \u2192\u00a0\u00bb link=\u00a0\u00bbhttps:\/\/www.baraza-zanzibar.com\/\u00a0\u00bb uc_init_settings=\u00a0\u00bb\u00a0\u00bb uc_fonts_data=\u00a0\u00bbJTdCJTIydGl0bGUlMjIlM0ElN0IlMjJmb250LWZhbWlseSUyMiUzQSUyMlJvYm90byUyMiU3RCUyQyUyMmJ0bl90ZXh0JTIyJTNBJTdCJTIyZm9udC1mYW1pbHklMjIlM0ElMjJSb2JvdG8lMjIlN0QlN0Q=\u00a0\u00bb][\/ucaddon_uc_classic_carousel_content][\/vc_column][vc_column width=\u00a0\u00bb1\/4&Prime;][ucaddon_uc_classic_carousel_content title=\u00a0\u00bbLes palmiers  \u00a0\u00bb border_color=\u00a0\u00bb#890000&Prime; btn_hvr_clr=\u00a0\u00bb#890000&Prime; image=\u00a0\u00bb\u00a0\u00bb primary_color=\u00a0\u00bb#890000&Prime; btn_text=\u00a0\u00bbView \u2192\u00a0\u00bb link=\u00a0\u00bbhttps:\/\/www.palms-zanzibar.com\/\u00a0\u00bb uc_init_settings=\u00a0\u00bb\u00a0\u00bb uc_fonts_data=\u00a0\u00bbJTdCJTIydGl0bGUlMjIlM0ElN0IlMjJmb250LWZhbWlseSUyMiUzQSUyMlJvYm90byUyMiU3RCUyQyUyMmJ0bl90ZXh0JTIyJTNBJTdCJTIyZm9udC1mYW1pbHklMjIlM0ElMjJSb2JvdG8lMjIlN0QlN0Q=\u00a0\u00bb][\/ucaddon_uc_classic_carousel_content][\/vc_column][\/vc_row][vc_row][vc_column][vc_headings style=\u00a0\u00bbtheme3&Prime; linewidth=\u00a0\u00bb150&Prime; borderclr=\u00a0\u00bb#890000&Prime; title=\u00a0\u00bbStone Town\u00a0\u00bb use_theme_fonts=\u00a0\u00bbyes\u00a0\u00bb titleclr=\u00a0\u00bb#890000&Prime;][\/vc_headings][vc_column_text]\n<p style=\"font-size: 18px; text-align: center;\">D\u00e9couvrez un labyrinthe captivant d\u2019histoire et de culture ! Promenez-vous dans ses rues \u00e9troites, d\u00e9couvrez des march\u00e9s anim\u00e9s et admirez les portes en bois finement sculpt\u00e9es. <\/p>\n[\/vc_column_text][\/vc_column][\/vc_row][vc_row][vc_column width=\u00a0\u00bb1\/4&Prime;][ucaddon_uc_classic_carousel_content title=\u00a0\u00bbLa place de Zanzibar\u00a0\u00bb border_color=\u00a0\u00bb#890000&Prime; btn_hvr_clr=\u00a0\u00bb#890000&Prime; image=\u00a0\u00bb\u00a0\u00bb btn_text=\u00a0\u00bbView \u2192\u00a0\u00bb link=\u00a0\u00bbhttps:\/\/zanzibarpalacehotel.com\/\u00a0\u00bb uc_init_settings=\u00a0\u00bb\u00a0\u00bb uc_fonts_data=\u00a0\u00bbJTdCJTIydGl0bGUlMjIlM0ElN0IlMjJmb250LWZhbWlseSUyMiUzQSUyMlJvYm90byUyMiU3RCUyQyUyMmJ0bl90ZXh0JTIyJTNBJTdCJTIyZm9udC1mYW1pbHklMjIlM0ElMjJSb2JvdG8lMjIlN0QlN0Q=\u00a0\u00bb][\/ucaddon_uc_classic_carousel_content][\/vc_column][vc_column width=\u00a0\u00bb1\/4&Prime;][ucaddon_uc_classic_carousel_content title=\u00a0\u00bbBeyt Al Salaam\u00a0\u00bb border_color=\u00a0\u00bb#890000&Prime; btn_hvr_clr=\u00a0\u00bb#890000&Prime; image=\u00a0\u00bb\u00a0\u00bb btn_text=\u00a0\u00bbView \u2192\u00a0\u00bb link=\u00a0\u00bbhttps:\/\/beytalsalaam.com\/\u00a0\u00bb uc_init_settings=\u00a0\u00bb\u00a0\u00bb uc_fonts_data=\u00a0\u00bbJTdCJTIydGl0bGUlMjIlM0ElN0IlMjJmb250LWZhbWlseSUyMiUzQSUyMlJvYm90byUyMiU3RCUyQyUyMmJ0bl90ZXh0JTIyJTNBJTdCJTIyZm9udC1mYW1pbHklMjIlM0ElMjJSb2JvdG8lMjIlN0QlN0Q=\u00a0\u00bb][\/ucaddon_uc_classic_carousel_content][\/vc_column][vc_column width=\u00a0\u00bb1\/4&Prime;][ucaddon_uc_classic_carousel_content title=\u00a0\u00bb\u00c9pice Emerson\u00a0\u00bb border_color=\u00a0\u00bb#890000&Prime; btn_hvr_clr=\u00a0\u00bb#890000&Prime; image=\u00a0\u00bb\u00a0\u00bb btn_text=\u00a0\u00bbView \u2192\u00a0\u00bb link=\u00a0\u00bbhttps:\/\/emersonzanzibar.com\/emerson-spice-hotel-stone-town\/\u00a0\u00bb uc_fonts_data=\u00a0\u00bbJTdCJTIydGl0bGUlMjIlM0ElN0IlMjJmb250LWZhbWlseSUyMiUzQSUyMlJvYm90byUyMiU3RCUyQyUyMmJ0bl90ZXh0JTIyJTNBJTdCJTIyZm9udC1mYW1pbHklMjIlM0ElMjJSb2JvdG8lMjIlN0QlN0Q=\u00a0\u00bb][\/ucaddon_uc_classic_carousel_content][\/vc_column][vc_column width=\u00a0\u00bb1\/4&Prime;][ucaddon_uc_classic_carousel_content title=\u00a0\u00bbMaison Kholle\u00a0\u00bb border_color=\u00a0\u00bb#890000&Prime; btn_hvr_clr=\u00a0\u00bb#890000&Prime; image=\u00a0\u00bb\u00a0\u00bb btn_text=\u00a0\u00bbView \u2192\u00a0\u00bb link=\u00a0\u00bbhttps:\/\/www.khollehouse.com\/accommodations\/\u00a0\u00bb uc_init_settings=\u00a0\u00bb\u00a0\u00bb uc_fonts_data=\u00a0\u00bbJTdCJTIydGl0bGUlMjIlM0ElN0IlMjJmb250LWZhbWlseSUyMiUzQSUyMlJvYm90byUyMiU3RCUyQyUyMmJ0bl90ZXh0JTIyJTNBJTdCJTIyZm9udC1mYW1pbHklMjIlM0ElMjJSb2JvdG8lMjIlN0QlN0Q=\u00a0\u00bb][\/ucaddon_uc_classic_carousel_content][\/vc_column][\/vc_row][vc_row][vc_column width=\u00a0\u00bb1\/4&Prime;][ucaddon_uc_classic_carousel_content title=\u00a0\u00bbJafferji House &amp; Spa\u00a0\u00bb border_color=\u00a0\u00bb#890000&Prime; btn_hvr_clr=\u00a0\u00bb#890000&Prime; image=\u00a0\u00bb\u00a0\u00bb btn_text=\u00a0\u00bbView \u2192\u00a0\u00bb link=\u00a0\u00bbhttp:\/\/jafferjihouse.net\/\u00a0\u00bb uc_init_settings=\u00a0\u00bb\u00a0\u00bb uc_fonts_data=\u00a0\u00bbJTdCJTIydGl0bGUlMjIlM0ElN0IlMjJmb250LWZhbWlseSUyMiUzQSUyMlJvYm90byUyMiU3RCUyQyUyMmJ0bl90ZXh0JTIyJTNBJTdCJTIyZm9udC1mYW1pbHklMjIlM0ElMjJSb2JvdG8lMjIlN0QlN0Q=\u00a0\u00bb][\/ucaddon_uc_classic_carousel_content][\/vc_column][vc_column width=\u00a0\u00bb1\/4&Prime;][ucaddon_uc_classic_carousel_content title=\u00a0\u00bbMaison swahili\u00a0\u00bb border_color=\u00a0\u00bb#890000&Prime; btn_hvr_clr=\u00a0\u00bb#890000&Prime; image=\u00a0\u00bb\u00a0\u00bb btn_text=\u00a0\u00bbView \u2192\u00a0\u00bb link=\u00a0\u00bbhttps:\/\/swahilihouse.com\/\u00a0\u00bb uc_init_settings=\u00a0\u00bb\u00a0\u00bb uc_fonts_data=\u00a0\u00bbJTdCJTIydGl0bGUlMjIlM0ElN0IlMjJmb250LWZhbWlseSUyMiUzQSUyMlJvYm90byUyMiU3RCUyQyUyMmJ0bl90ZXh0JTIyJTNBJTdCJTIyZm9udC1mYW1pbHklMjIlM0ElMjJSb2JvdG8lMjIlN0QlN0Q=\u00a0\u00bb][\/ucaddon_uc_classic_carousel_content][\/vc_column][vc_column width=\u00a0\u00bb1\/4&Prime;][ucaddon_uc_classic_carousel_content title=\u00a0\u00bbL\u2019h\u00f4tel Tembo\u00a0\u00bb border_color=\u00a0\u00bb#890000&Prime; btn_hvr_clr=\u00a0\u00bb#890000&Prime; image=\u00a0\u00bb\u00a0\u00bb btn_text=\u00a0\u00bbView \u2192\u00a0\u00bb link=\u00a0\u00bbhttps:\/\/www.guestreservations.com\/tembo-house-hotel\/booking?utm_source=google&amp;utm_medium=cpc&amp;utm_campaign=990875490&amp;gad_source=1&amp;gclid=EAIaIQobChMIlomqnbn1iwMVO6ODBx1juSSbEAAYAiAAEgL2PvD_BwE\u00a0\u00bb uc_init_settings=\u00a0\u00bb\u00a0\u00bb uc_fonts_data=\u00a0\u00bbJTdCJTIydGl0bGUlMjIlM0ElN0IlMjJmb250LWZhbWlseSUyMiUzQSUyMlJvYm90byUyMiU3RCUyQyUyMmJ0bl90ZXh0JTIyJTNBJTdCJTIyZm9udC1mYW1pbHklMjIlM0ElMjJSb2JvdG8lMjIlN0QlN0Q=\u00a0\u00bb][\/ucaddon_uc_classic_carousel_content][\/vc_column][vc_column width=\u00a0\u00bb1\/4&Prime;][ucaddon_uc_classic_carousel_content title=\u00a0\u00bbPark Hyatt Zanzibar\u00a0\u00bb border_color=\u00a0\u00bb#890000&Prime; btn_hvr_clr=\u00a0\u00bb#890000&Prime; image=\u00a0\u00bb\u00a0\u00bb btn_text=\u00a0\u00bbView \u2192\u00a0\u00bb link=\u00a0\u00bbhttps:\/\/www.hyatt.com\/en-US\/hotel\/tanzania\/park-hyatt-zanzibar\/znzph?src=corp_lclb_google_seo_znzph&amp;utm_source=google&amp;utm_medium=organic&amp;utm_campaign=lmr\u00a0\u00bb uc_init_settings=\u00a0\u00bb\u00a0\u00bb uc_fonts_data=\u00a0\u00bbJTdCJTIydGl0bGUlMjIlM0ElN0IlMjJmb250LWZhbWlseSUyMiUzQSUyMlJvYm90byUyMiU3RCUyQyUyMmJ0bl90ZXh0JTIyJTNBJTdCJTIyZm9udC1mYW1pbHklMjIlM0ElMjJSb2JvdG8lMjIlN0QlN0Q=\u00a0\u00bb][\/ucaddon_uc_classic_carousel_content][\/vc_column][\/vc_row][vc_row][vc_column width=\u00a0\u00bb1\/4&Prime;][ucaddon_uc_classic_carousel_content title=\u00a0\u00bbMaison Kisiwa\u00a0\u00bb border_color=\u00a0\u00bb#890000&Prime; btn_hvr_clr=\u00a0\u00bb#890000&Prime; image=\u00a0\u00bb\u00a0\u00bb btn_text=\u00a0\u00bbView \u2192\u00a0\u00bb link=\u00a0\u00bbhttps:\/\/www.kisiwahotelszanzibar.com\/\u00a0\u00bb uc_init_settings=\u00a0\u00bb\u00a0\u00bb uc_fonts_data=\u00a0\u00bbJTdCJTIydGl0bGUlMjIlM0ElN0IlMjJmb250LWZhbWlseSUyMiUzQSUyMlJvYm90byUyMiU3RCUyQyUyMmJ0bl90ZXh0JTIyJTNBJTdCJTIyZm9udC1mYW1pbHklMjIlM0ElMjJSb2JvdG8lMjIlN0QlN0Q=\u00a0\u00bb][\/ucaddon_uc_classic_carousel_content][\/vc_column][vc_column width=\u00a0\u00bb1\/4&Prime;][ucaddon_uc_classic_carousel_content title=\u00a0\u00bbL\u2019h\u00f4tel Maru Maru\u00a0\u00bb border_color=\u00a0\u00bb#890000&Prime; btn_hvr_clr=\u00a0\u00bb#890000&Prime; image=\u00a0\u00bb\u00a0\u00bb btn_text=\u00a0\u00bbView \u2192\u00a0\u00bb link=\u00a0\u00bbhttps:\/\/www.marumaruzanzibar.com\/\u00a0\u00bb uc_init_settings=\u00a0\u00bb\u00a0\u00bb uc_fonts_data=\u00a0\u00bbJTdCJTIydGl0bGUlMjIlM0ElN0IlMjJmb250LWZhbWlseSUyMiUzQSUyMlJvYm90byUyMiU3RCUyQyUyMmJ0bl90ZXh0JTIyJTNBJTdCJTIyZm9udC1mYW1pbHklMjIlM0ElMjJSb2JvdG8lMjIlN0QlN0Q=\u00a0\u00bb][\/ucaddon_uc_classic_carousel_content][\/vc_column][vc_column width=\u00a0\u00bb1\/4&Prime;][ucaddon_uc_classic_carousel_content title=\u00a0\u00bbH\u00f4tel Mbweni Ruins\u00a0\u00bb border_color=\u00a0\u00bb#890000&Prime; btn_hvr_clr=\u00a0\u00bb#890000&Prime; image=\u00a0\u00bb\u00a0\u00bb btn_text=\u00a0\u00bbView \u2192\u00a0\u00bb link=\u00a0\u00bbhttps:\/\/www.mbweniruinsandgardens.com\/\u00a0\u00bb uc_init_settings=\u00a0\u00bb\u00a0\u00bb uc_fonts_data=\u00a0\u00bbJTdCJTIydGl0bGUlMjIlM0ElN0IlMjJmb250LWZhbWlseSUyMiUzQSUyMlJvYm90byUyMiU3RCUyQyUyMmJ0bl90ZXh0JTIyJTNBJTdCJTIyZm9udC1mYW1pbHklMjIlM0ElMjJSb2JvdG8lMjIlN0QlN0Q=\u00a0\u00bb][\/ucaddon_uc_classic_carousel_content][\/vc_column][vc_column width=\u00a0\u00bb1\/4&Prime;][ucaddon_uc_classic_carousel_content title=\u00a0\u00bbEmerson sur Hurumzi\u00a0\u00bb border_color=\u00a0\u00bb#890000&Prime; btn_hvr_clr=\u00a0\u00bb#890000&Prime; image=\u00a0\u00bb\u00a0\u00bb btn_text=\u00a0\u00bbView \u2192\u00a0\u00bb link=\u00a0\u00bbhttps:\/\/emersonzanzibar.com\/emerson-on-hurumzi-hotel\/\u00a0\u00bb uc_init_settings=\u00a0\u00bb\u00a0\u00bb uc_fonts_data=\u00a0\u00bbJTdCJTIydGl0bGUlMjIlM0ElN0IlMjJmb250LWZhbWlseSUyMiUzQSUyMlJvYm90byUyMiU3RCUyQyUyMmJ0bl90ZXh0JTIyJTNBJTdCJTIyZm9udC1mYW1pbHklMjIlM0ElMjJSb2JvdG8lMjIlN0QlN0Q=\u00a0\u00bb][\/ucaddon_uc_classic_carousel_content][\/vc_column][\/vc_row][vc_row][vc_column width=\u00a0\u00bb1\/4&Prime;][ucaddon_uc_classic_carousel_content title=\u00a0\u00bbZanzibar Serena Hotel\u00a0\u00bb border_color=\u00a0\u00bb#890000&Prime; btn_hvr_clr=\u00a0\u00bb#890000&Prime; image=\u00a0\u00bb\u00a0\u00bb btn_text=\u00a0\u00bbView \u2192\u00a0\u00bb link=\u00a0\u00bbhttps:\/\/www.serenahotels.com\/zanzibar\/\u00a0\u00bb uc_init_settings=\u00a0\u00bb\u00a0\u00bb uc_fonts_data=\u00a0\u00bbJTdCJTIydGl0bGUlMjIlM0ElN0IlMjJmb250LWZhbWlseSUyMiUzQSUyMlJvYm90byUyMiU3RCUyQyUyMmJ0bl90ZXh0JTIyJTNBJTdCJTIyZm9udC1mYW1pbHklMjIlM0ElMjJSb2JvdG8lMjIlN0QlN0Q=\u00a0\u00bb][\/ucaddon_uc_classic_carousel_content][\/vc_column][vc_column width=\u00a0\u00bb1\/4&Prime;][ucaddon_uc_classic_carousel_content title=\u00a0\u00bbPalais des boutres\u00a0\u00bb border_color=\u00a0\u00bb#890000&Prime; btn_hvr_clr=\u00a0\u00bb#890000&Prime; image=\u00a0\u00bb\u00a0\u00bb btn_text=\u00a0\u00bbView \u2192\u00a0\u00bb link=\u00a0\u00bbhttps:\/\/dhowpalacehotel.tanzania-hotel.top\/en\/\u00a0\u00bb uc_init_settings=\u00a0\u00bb\u00a0\u00bb uc_fonts_data=\u00a0\u00bbJTdCJTIydGl0bGUlMjIlM0ElN0IlMjJmb250LWZhbWlseSUyMiUzQSUyMlJvYm90byUyMiU3RCUyQyUyMmJ0bl90ZXh0JTIyJTNBJTdCJTIyZm9udC1mYW1pbHklMjIlM0ElMjJSb2JvdG8lMjIlN0QlN0Q=\u00a0\u00bb][\/ucaddon_uc_classic_carousel_content][\/vc_column][vc_column width=\u00a0\u00bb1\/4&Prime;][\/vc_column][vc_column width=\u00a0\u00bb1\/4&Prime;][\/vc_column][\/vc_row][vc_row css=\u00a0\u00bb.vc_custom_1698936963708{margin-top: 10px !important;}\u00a0\u00bb][vc_column][vc_empty_space][\/vc_column][\/vc_row]\n","protected":false},"excerpt":{"rendered":"<p>[vc_row full_width=\u00a0\u00bbstretch_row_content\u00a0\u00bb css=\u00a0\u00bb.vc_custom_1740662458077{margin-top: -50px !important;background: rgba(0,0,0,0.89) url(https:\/\/mufasatoursandtravels.com\/wp-content\/uploads\/2022\/03\/melia-hotel-zanzibar-packages-luxury-safari-and-all.jpg?id=5731) !important;*background-color: rgb(0,0,0) !important;}\u00a0\u00bb][vc_column css=\u00a0\u00bb.vc_custom_1687869367906{padding-top: 30px !important;padding-right: 50px !important;padding-bottom: 30px !important;padding-left: 50px !important;background-color: rgba(0,0,0,0.57) !important;*background-color: rgb(0,0,0) !important;}\u00a0\u00bb][vc_empty_space height=\u00a0\u00bb70px\u00a0\u00bb][vc_custom_heading text=\u00a0\u00bbZanzibar\u00a0\u00bb font_container=\u00a0\u00bbtag:h1|font_size:35|text_align:center|color:%23ffffff\u00a0\u00bb use_theme_fonts=\u00a0\u00bbyes\u00a0\u00bb el_class=\u00a0\u00bbcustom-opacity-text\u00a0\u00bb css=\u00a0\u00bb.vc_custom_1740651830108{margin-top: 30px !important;}\u00a0\u00bb][vc_separator el_width=\u00a0\u00bb40&Prime;][vc_empty_space height=\u00a0\u00bb70px\u00a0\u00bb][\/vc_column][\/vc_row][vc_row][vc_column][vc_empty_space][\/vc_column][\/vc_row][vc_row][vc_column][vc_headings style=\u00a0\u00bbtheme3&Prime; linewidth=\u00a0\u00bb150&Prime; borderclr=\u00a0\u00bb#890000&Prime; title=\u00a0\u00bbPlage de Zanzibar\u00a0\u00bb use_theme_fonts=\u00a0\u00bbyes\u00a0\u00bb titleclr=\u00a0\u00bb#890000&Prime;][\/vc_headings][\/vc_column][\/vc_row][vc_row][vc_column][vc_column_text] Un m\u00e9lange de paradis et de culture avec des plages blanches et des eaux [&hellip;]<\/p>\n","protected":false},"author":2,"featured_media":0,"parent":0,"menu_order":11,"comment_status":"closed","ping_status":"closed","template":"","meta":{"_themeisle_gutenberg_block_has_review":false,"footnotes":""},"class_list":["post-31477","page","type-page","status-publish","hentry"],"_links":{"self":[{"href":"https:\/\/mufasatoursandtravels.com\/fr\/wp-json\/wp\/v2\/pages\/31477","targetHints":{"allow":["GET"]}}],"collection":[{"href":"https:\/\/mufasatoursandtravels.com\/fr\/wp-json\/wp\/v2\/pages"}],"about":[{"href":"https:\/\/mufasatoursandtravels.com\/fr\/wp-json\/wp\/v2\/types\/page"}],"author":[{"embeddable":true,"href":"https:\/\/mufasatoursandtravels.com\/fr\/wp-json\/wp\/v2\/users\/2"}],"replies":[{"embeddable":true,"href":"https:\/\/mufasatoursandtravels.com\/fr\/wp-json\/wp\/v2\/comments?post=31477"}],"version-history":[{"count":1,"href":"https:\/\/mufasatoursandtravels.com\/fr\/wp-json\/wp\/v2\/pages\/31477\/revisions"}],"predecessor-version":[{"id":31481,"href":"https:\/\/mufasatoursandtravels.com\/fr\/wp-json\/wp\/v2\/pages\/31477\/revisions\/31481"}],"wp:attachment":[{"href":"https:\/\/mufasatoursandtravels.com\/fr\/wp-json\/wp\/v2\/media?parent=31477"}],"curies":[{"name":"wp","href":"https:\/\/api.w.org\/{rel}","templated":true}]}}