{"id":31962,"date":"2023-07-15T19:37:48","date_gmt":"2023-07-15T16:37:48","guid":{"rendered":"https:\/\/mufasatoursandtravels.com\/passeports-et-visas\/"},"modified":"2026-03-06T18:19:23","modified_gmt":"2026-03-06T15:19:23","slug":"passeports-et-visas","status":"publish","type":"page","link":"https:\/\/mufasatoursandtravels.com\/fr\/passeports-et-visas\/","title":{"rendered":"Passeports et visas"},"content":{"rendered":"[vc_row][vc_column][vc_headings style=\u00a0\u00bbtheme3&Prime; linewidth=\u00a0\u00bb200&Prime; borderclr=\u00a0\u00bb#890000&Prime; title=\u00a0\u00bbPassports and Visas\u00a0\u00bb use_theme_fonts=\u00a0\u00bbyes\u00a0\u00bb titleclr=\u00a0\u00bb#890000&Prime;][\/vc_headings][vc_empty_space][vc_column_text]Un passeport valide est requis pour les citoyens am\u00e9ricains et canadiens voyageant vers toutes les destinations internationales. Les passeports doivent \u00eatre valides pendant six mois apr\u00e8s le retour de votre voyage et doivent \u00e9galement comporter suffisamment de pages vierges pour les tampons d\u2019entr\u00e9e et de sortie. Veuillez noter qu\u2019il est de la seule responsabilit\u00e9 de vous procurer les documents de voyage valides appropri\u00e9s. Si vous n\u2019avez pas les documents appropri\u00e9s, vous pouvez vous voir refuser l\u2019embarquement ou l\u2019entr\u00e9e sans remboursement.   <\/p>\n<p>De nombreuses destinations exigent \u00e9galement un visa pour les d\u00e9tenteurs de passeports am\u00e9ricains et canadiens. Ce qui suit indique les pays qui exigent l\u2019obtention d\u2019un visa avant le d\u00e9part, ou o\u00f9 A&amp;K recommande d\u2019obtenir un visa \u00e0 l\u2019arriv\u00e9e. Si un pays ne figure pas dans la liste, un visa n\u2019est pas requis pour les d\u00e9tenteurs de passeports am\u00e9ricains et canadiens. Ces informations sont \u00e9galement indiqu\u00e9es dans votre documentation pr\u00e9alable au voyage.   <\/p>\n<p>Les citoyens d\u2019autres pays doivent contacter le bureau consulaire appropri\u00e9 pour conna\u00eetre les conditions d\u2019entr\u00e9e relatives \u00e0 leur voyage.<\/p>\n<p>&nbsp;<\/p>\n<p><strong>Destinations n\u00e9cessitant un visa avant le d\u00e9part<\/strong><\/p>\n<p>Les titulaires d\u2019un passeport am\u00e9ricain et canadien sont tenus d\u2019obtenir un <strong>visa avant le d\u00e9part <\/strong>pour les pays \u00e9num\u00e9r\u00e9s ci-dessous. Cliquez sur les liens de destination pour obtenir des informations d\u00e9taill\u00e9es sur la fa\u00e7on d\u2019obtenir un visa. <\/p>\n<table>\n<tbody>\n<tr>\n<td><u>Ethiopie<\/u>*<\/td>\n<td><u>Kenya<\/u><\/td>\n<\/tr>\n<tr>\n<td><u>Tanzanie<\/u>*<\/td>\n<td><u>Ouganda<\/u><\/td>\n<\/tr>\n<\/tbody>\n<\/table>\n<p>*Un visa est disponible \u00e0 l\u2019arriv\u00e9e dans ces pays ; cependant, nous vous recommandons d\u2019obtenir un eVisa \u00e0 l\u2019avance \u00e9tant donn\u00e9 que les longues files d\u2019attente sont courantes.<\/p>\n<p><strong>Destinations o\u00f9 nous recommandons un visa \u00e0 l\u2019arriv\u00e9e<\/strong><\/p>\n<p>Les titulaires d\u2019un passeport am\u00e9ricain et canadien peuvent obtenir un <strong>visa \u00e0 l\u2019arriv\u00e9e<\/strong> pour les pays \u00e9num\u00e9r\u00e9s ci-dessous. Cliquez sur les liens de destination pour obtenir des informations d\u00e9taill\u00e9es sur la fa\u00e7on d\u2019obtenir un visa \u00e0 l\u2019arriv\u00e9e. <\/p>\n<table>\n<tbody>\n<tr>\n<td>\n<\/td>\n<\/tr>\n<tr>\n Rwanda<\/p>\n<td>Seychelles<\/td>\n<\/tr>\n<\/tbody>\n<\/table>\n<h1>INFORMATIONS SUR LE PASSEPORT ET LE VISA POUR LE KENYA<\/h1>\n<p>Votre passeport doit \u00eatre valide <strong>pendant au moins six (6) mois<\/strong> apr\u00e8s la fin de votre voyage, et doit comporter un minimum de deux (2) pages de visa vierges pour les tampons d\u2019entr\u00e9e et de sortie.<\/p>\n<p><strong>Un visa touristique \u00e9lectronique (eVisa) est requis pour les titulaires d\u2019un passeport am\u00e9ricain et canadien pour entrer au Kenya.<\/strong> Pour demander un eVisa, rendez-vous sur <a href=\"http:\/\/evisa.go.ke\/evisa.html\" rel=\"nofollow noopener\" target=\"_blank\">evisa.go.ke\/evisa.html<\/a><a href=\"http:\/\/evisa.go.ke\/evisa.html\" rel=\"nofollow noopener\" target=\"_blank\">.<\/a> Les frais actuels pour un visa \u00e0 entr\u00e9e unique* sont de 51 $ US (sous r\u00e9serve de modifications sans pr\u00e9avis). Un visa touristique n\u2019est valable que 90 jours \u00e0 compter de la date de d\u00e9livrance, donc ne demandez pas votre visa pour le Kenya plus de 90 jours avant le d\u00e9part. <\/p>\n<p><em>Le Kenya est actuellement en train de lever les exigences de visa pour les enfants de 15 ans ou moins. Les enfants de cette tranche d\u2019\u00e2ge n\u2019ont qu\u2019\u00e0 pr\u00e9senter un passeport valide \u00e0 leur arriv\u00e9e.  <\/em><\/p>\n<p>Lorsque vous demandez votre e-Visa, assurez-vous d\u2019avoir les d\u00e9tails de votre passeport, une copie de votre photo d\u2019identit\u00e9 et votre itin\u00e9raire pour votre voyage au Kenya, car vous devrez t\u00e9l\u00e9charger ces documents pour terminer le processus de demande.<\/p>\n<p>Veuillez noter ce qui suit :<\/p>\n<ul>\n<li>Vous devrez indiquer le type de visa dont vous avez besoin. Un e-Visa \u00e0 entr\u00e9e unique pour le Kenya vous permet d\u2019entrer, de sortir et de rentrer dans le pays apr\u00e8s avoir visit\u00e9 la Tanzanie, l\u2019Ouganda ou le Rwanda, sans avoir \u00e0 acheter un visa \u00e0 entr\u00e9es multiples. <\/li>\n<\/ul>\n<p>Remplissez la section \u00ab Renseignements sur le voyage \u00bb de la demande comme indiqu\u00e9 ci-dessous :<\/p>\n<ol>\n<li>Raison du voyage : S\u00e9lectionnez \u00ab Tourisme \u00bb<\/li>\n<li>Date d\u2019inscription : Entrez votre date d\u2019inscription pour le Kenya<\/li>\n<li>Date de d\u00e9part : Entrez votre date de d\u00e9part du Kenya<\/li>\n<li>D\u00e9tails de l\u2019h\u00f4te : S\u00e9lectionnez \u00ab Entreprise \u00bb<\/li>\n<li>Nom complet et adresse physique de l\u2019h\u00f4te : Mufasa Tours &amp; Travels, Norfolk Towers, Kijabe Street, Nairobi, Kenya.<\/li>\n<li>Num\u00e9ro de t\u00e9l\u00e9phone de l\u2019h\u00f4te : +254757836023<\/li>\n<li>Adresse e-mail de <u>l\u2019h\u00f4te : info@mufasatoursandtravels.com<\/u><\/li>\n<li>Choisissez comment vous arriverez au Kenya : avion, bateau, route <\/li>\n<li>S\u00e9lectionnez \u00ab Point d\u2019entr\u00e9e \u00bb dans le menu d\u00e9roulant<\/li>\n<\/ol>\n<p>&nbsp;<\/p>\n<p>Si vous rencontrez des probl\u00e8mes techniques avec le site Web de l\u2019eVisa, r\u00e9essayez quelques heures plus tard ou le lendemain.<\/p>\n<p>Les citoyens d\u2019autres pays doivent contacter le bureau consulaire appropri\u00e9 pour conna\u00eetre les conditions d\u2019entr\u00e9e relatives \u00e0 leur voyage.<\/p>\n<h1>INFORMATIONS SUR LE PASSEPORT ET LE VISA POUR LA TANZANIE<\/h1>\n<p>Votre passeport doit \u00eatre valide <strong>pendant au moins six (6) mois<\/strong> apr\u00e8s la fin de votre voyage, et doit comporter un minimum de deux (2) pages de visa vierges pour les tampons d\u2019entr\u00e9e et de sortie.<\/p>\n<p><strong>Un visa touristique est requis pour les d\u00e9tenteurs d\u2019un passeport am\u00e9ricain et canadien pour entrer en Tanzanie.<\/strong>  Deux options sont actuellement disponibles comme indiqu\u00e9 ci-dessous. A&amp;K recommande un visa \u00e9lectronique (eVisa).<\/p>\n<p><strong>Visa \u00e9lectronique (eVisa) :<\/strong> Pour demander un eVisa, rendez-vous <a href=\"https:\/\/visa.immigration.go.tz\/\" rel=\"nofollow noopener\" target=\"_blank\">https:\/\/visa.immigration.go.tz\/<\/a><a href=\"https:\/\/visa.immigration.go.tz\/\" rel=\"nofollow noopener\" target=\"_blank\">.<\/a> Les citoyens am\u00e9ricains visitant la Tanzanie pour le tourisme doivent demander un visa \u00e0 entr\u00e9es multiples, valable un an. Le co\u00fbt est de 100 USD (sous r\u00e9serve de modifications sans pr\u00e9avis). Les citoyens du Canada peuvent obtenir un e-Visa \u00e0 entr\u00e9e unique (visa ordinaire), valable trois mois. Le co\u00fbt est de 50 $USD (sous r\u00e9serve de modifications). Nous vous recommandons de faire votre demande au moins 60 jours avant votre date d\u2019arriv\u00e9e. Le d\u00e9lai moyen pour recevoir un e-Visa est d\u2019environ 10 jours.     <\/p>\n<p>&nbsp;<\/p>\n<p>Lorsque vous demandez votre e-Visa, assurez-vous d\u2019avoir les d\u00e9tails de votre passeport, une copie de votre photo d\u2019identit\u00e9 et un billet de retour, car vous devrez t\u00e9l\u00e9charger ces documents pour terminer le processus de demande. Lisez et suivez attentivement toutes les instructions pour assurer une arriv\u00e9e en douceur en Tanzanie. <\/p>\n<ul>\n<li>Remplissez la section \u00ab Renseignements sur le voyage \u00bb de la demande comme indiqu\u00e9 ci-dessous :<\/li>\n<\/ul>\n<ol>\n<li>Type de visa : Entr\u00e9es multiples (citoyens am\u00e9ricains)&nbsp;; Entr\u00e9e unique\/ordinaire (citoyens canadiens)<\/li>\n<li>But de la visite : \u00ab&nbsp;Loisirs et vacances&nbsp;\u00bb<\/li>\n<li>Type de port : Choisissez soit \u00ab&nbsp;A\u00e9roports&nbsp;\u00bb soit \u00ab&nbsp;Routes&nbsp;\u00bb<\/li>\n<li>Points d\u2019entr\u00e9e et de d\u00e9part : Ces points d\u2019entr\u00e9e peuvent \u00eatre laiss\u00e9s en blanc<\/li>\n<li>Date d\u2019arriv\u00e9e : Entrez votre date d\u2019entr\u00e9e pour la Tanzanie<\/li>\n<li>Date de d\u00e9part : Entrez votre date de d\u00e9part de Tanzanie<\/li>\n<li>D\u00e9tails de l\u2019h\u00f4te : S\u00e9lectionnez \u00ab Entreprise\/Organisation \u00bb<\/li>\n<li>Nom complet et adresse physique de l\u2019h\u00f4te : Gilgal Business Center, Sakina, Arusha<\/li>\n<li>Num\u00e9ro de t\u00e9l\u00e9phone de l\u2019h\u00f4te : +254757836023<\/li>\n<li>Adresse e-mail de <u>l\u2019h\u00f4te : info@<\/u> <u>com<\/u><\/li>\n<li>O\u00f9 allez-vous loger ? Choisissez l\u2019h\u00f4tel dans le menu d\u00e9roulant, puis entrez les coordonn\u00e9es du premier h\u00f4tel de votre itin\u00e9raire. <\/li>\n<\/ol>\n<p>Si vous rencontrez des probl\u00e8mes techniques avec le site Web de l\u2019eVisa, r\u00e9essayez quelques heures plus tard ou le lendemain.<\/p>\n<p><em>Un visa peut \u00e9galement \u00eatre obtenu \u00e0 l\u2019arriv\u00e9e en Tanzanie, cependant, le processus de visa \u00e0 l\u2019arriv\u00e9e exige que les demandeurs fassent la queue dans plusieurs files d\u2019attente diff\u00e9rentes avec des temps d\u2019attente de deux heures ou plus.  <\/em><\/p>\n<p>Les citoyens d\u2019autres pays doivent contacter le bureau consulaire appropri\u00e9 pour conna\u00eetre les conditions d\u2019entr\u00e9e relatives \u00e0 leur voyage.[\/vc_column_text][\/vc_column][\/vc_row]\n","protected":false},"excerpt":{"rendered":"<p>[vc_row][vc_column][vc_headings style=\u00a0\u00bbtheme3&Prime; linewidth=\u00a0\u00bb200&Prime; borderclr=\u00a0\u00bb#890000&Prime; title=\u00a0\u00bbPassports and Visas\u00a0\u00bb use_theme_fonts=\u00a0\u00bbyes\u00a0\u00bb titleclr=\u00a0\u00bb#890000&Prime;][\/vc_headings][vc_empty_space][vc_column_text]Un passeport valide est requis pour les citoyens am\u00e9ricains et canadiens voyageant vers toutes les destinations internationales. Les passeports doivent \u00eatre valides pendant six mois apr\u00e8s le retour de votre voyage et doivent \u00e9galement comporter suffisamment de pages vierges pour les tampons d\u2019entr\u00e9e et de sortie. Veuillez [&hellip;]<\/p>\n","protected":false},"author":7,"featured_media":0,"parent":0,"menu_order":9,"comment_status":"closed","ping_status":"closed","template":"","meta":{"_themeisle_gutenberg_block_has_review":false,"footnotes":""},"class_list":["post-31962","page","type-page","status-publish","hentry"],"_links":{"self":[{"href":"https:\/\/mufasatoursandtravels.com\/fr\/wp-json\/wp\/v2\/pages\/31962","targetHints":{"allow":["GET"]}}],"collection":[{"href":"https:\/\/mufasatoursandtravels.com\/fr\/wp-json\/wp\/v2\/pages"}],"about":[{"href":"https:\/\/mufasatoursandtravels.com\/fr\/wp-json\/wp\/v2\/types\/page"}],"author":[{"embeddable":true,"href":"https:\/\/mufasatoursandtravels.com\/fr\/wp-json\/wp\/v2\/users\/7"}],"replies":[{"embeddable":true,"href":"https:\/\/mufasatoursandtravels.com\/fr\/wp-json\/wp\/v2\/comments?post=31962"}],"version-history":[{"count":9,"href":"https:\/\/mufasatoursandtravels.com\/fr\/wp-json\/wp\/v2\/pages\/31962\/revisions"}],"predecessor-version":[{"id":46492,"href":"https:\/\/mufasatoursandtravels.com\/fr\/wp-json\/wp\/v2\/pages\/31962\/revisions\/46492"}],"wp:attachment":[{"href":"https:\/\/mufasatoursandtravels.com\/fr\/wp-json\/wp\/v2\/media?parent=31962"}],"curies":[{"name":"wp","href":"https:\/\/api.w.org\/{rel}","templated":true}]}}