{"id":32174,"date":"2023-11-03T20:06:42","date_gmt":"2023-11-03T17:06:42","guid":{"rendered":"https:\/\/mufasatoursandtravels.com\/safaris-en-tanzanie\/tanzanie-safaris-de-moyen-sejour\/lodyssee-serengeti-ngorongoro\/"},"modified":"2026-03-06T17:58:30","modified_gmt":"2026-03-06T14:58:30","slug":"lodyssee-serengeti-ngorongoro","status":"publish","type":"page","link":"https:\/\/mufasatoursandtravels.com\/fr\/safaris-en-tanzanie\/tanzanie-safaris-de-moyen-sejour\/lodyssee-serengeti-ngorongoro\/","title":{"rendered":"L\u2019Odyss\u00e9e Serengeti-Ngorongoro"},"content":{"rendered":"[vc_row full_width=\u00a0\u00bbstretch_row\u00a0\u00bb gap=\u00a0\u00bb1&Prime; css=\u00a0\u00bb.vc_custom_1678881709947{border: 5px initial !important;}\u00a0\u00bb][vc_column parallax=\u00a0\u00bbcontent-moving\u00a0\u00bb parallax_image=\u00a0\u00bb14724&Prime; parallax_speed_bg=\u00a0\u00bb1.7&Prime; css=\u00a0\u00bb.vc_custom_1713163331416{padding-top: 80px !important;padding-right: 80px !important;padding-bottom: 80px !important;padding-left: 80px !important;}\u00a0\u00bb][vc_headings style=\u00a0\u00bbtheme2&Prime; linewidth=\u00a0\u00bb150&Prime; borderclr=\u00a0\u00bb#ffffff\u00a0\u00bb title=\u00a0\u00bbSerengeti &#8211; Ngorongoro Odessey\u00a0\u00bb use_theme_fonts=\u00a0\u00bbyes\u00a0\u00bb titlesize=\u00a0\u00bb32&Prime; titleclr=\u00a0\u00bb#ffffff\u00a0\u00bb classname=\u00a0\u00bbline-heading\u00a0\u00bb]&nbsp;<\/p>\n<p style=\"text-align: center;\"><strong><span style=\"color: #fff; font-size: 18px;\">4 jours<\/span><\/strong><\/p>\n[\/vc_headings][\/vc_column][\/vc_row][vc_row][vc_column css=\u00a0\u00bb.vc_custom_1673873878049{border-top-width: 10px !important;border-right-width: 10px !important;border-bottom-width: 10px !important;border-left-width: 10px !important;}\u00a0\u00bb][vc_tta_tabs color=\u00a0\u00bbjuicy-pink\u00a0\u00bb gap=\u00a0\u00bb1&Prime; alignment=\u00a0\u00bbcenter\u00a0\u00bb active_section=\u00a0\u00bb1&Prime;][vc_tta_section title=\u00a0\u00bbProgramme\u00a0\u00bb tab_id=\u00a0\u00bb1633454673222-3d94f956-010c\u00a0\u00bb][info_list_father listclr=\u00a0\u00bb#f4f4f4&Prime; css=\u00a0\u00bb.vc_custom_1699450234338{padding-top: 10px !important;}\u00a0\u00bb][info_list_son style=\u00a0\u00bbicon\u00a0\u00bb size=\u00a0\u00bb15&Prime; width=\u00a0\u00bb20&Prime; height=\u00a0\u00bb20&Prime; titleclr=\u00a0\u00bb#890000&Prime; icon=\u00a0\u00bbfas fa-calendar-check\u00a0\u00bb iconclr=\u00a0\u00bb#890000&Prime; iconbg=\u00a0\u00bb#f4f4f4&Prime; borderclr=\u00a0\u00bb#f4f4f4&Prime; title=\u00a0\u00bbJOUR 1 : D\u2019Arusha au Serengeti\u00a0\u00bb]D\u00e9part pour le parc national du Serengeti en arrivant \u00e0 votre lodge respectif pour le d\u00e9jeuner et l\u2019enregistrement. Profitez des safaris de l\u2019apr\u00e8s-midi et retournez plus tard \u00e0 l\u2019h\u00f4tel \/ lodge pour le d\u00eener et la nuit. [\/info_list_son][info_list_son style=\u00a0\u00bbicon\u00a0\u00bb size=\u00a0\u00bb15&Prime; width=\u00a0\u00bb20&Prime; height=\u00a0\u00bb20&Prime; titleclr=\u00a0\u00bb#890000&Prime; icon=\u00a0\u00bbfas fa-calendar-check\u00a0\u00bb iconclr=\u00a0\u00bb#890000&Prime; iconbg=\u00a0\u00bb#f4f4f4&Prime; borderclr=\u00a0\u00bb#f4f4f4&Prime; title=\u00a0\u00bbJOUR 2 : Safaris dans le Serengeti\u00a0\u00bb]Embarquez pour une aventure exaltante avec des safaris d\u2019une journ\u00e9e, accompagn\u00e9s d\u2019un d\u00e9licieux pique-\u00e0 emporter. Immergez-vous dans les images et les sons de la nature sauvage en explorant les paysages sauvages. Puis, \u00e0 la fin de la journ\u00e9e, retournez dans le confort de votre lodge\/h\u00f4tel pour un somptueux d\u00eener et une nuit reposante.  [\/info_list_son][info_list_son style=\u00a0\u00bbicon\u00a0\u00bb size=\u00a0\u00bb15&Prime; width=\u00a0\u00bb20&Prime; height=\u00a0\u00bb20&Prime; titleclr=\u00a0\u00bb#890000&Prime; icon=\u00a0\u00bbfas fa-calendar-check\u00a0\u00bb iconclr=\u00a0\u00bb#890000&Prime; iconbg=\u00a0\u00bb#f4f4f4&Prime; borderclr=\u00a0\u00bb#f4f4f4&Prime; title=\u00a0\u00bbJOUR 3 : Du Serengeti au Ngorongoro\u00a0\u00bb]Embarquez pour un voyage \u00e9pique \u00e0 Ngorongoro, o\u00f9 l\u2019aventure vous attend. Apr\u00e8s l\u2019enregistrement et un d\u00e9licieux d\u00e9jeuner, descendez \u00e0 600 m\u00e8tres dans l\u2019embl\u00e9matique crat\u00e8re du Ngorongoro. Laissez-vous s\u00e9duire par des safaris palpitants et \u00e9merveillez-vous devant la vue imprenable sur les sources de Ngoitoktok. \u00c0 la tomb\u00e9e de la nuit, retournez \u00e0 votre lodge pour un d\u00e9licieux d\u00eener et une nuit reposante, couronnant une journ\u00e9e remplie d\u2019excitation et d\u2019\u00e9merveillement.   [\/info_list_son][info_list_son style=\u00a0\u00bbicon\u00a0\u00bb size=\u00a0\u00bb15&Prime; width=\u00a0\u00bb20&Prime; height=\u00a0\u00bb20&Prime; titleclr=\u00a0\u00bb#890000&Prime; icon=\u00a0\u00bbfas fa-calendar-check\u00a0\u00bb iconclr=\u00a0\u00bb#890000&Prime; iconbg=\u00a0\u00bb#f4f4f4&Prime; borderclr=\u00a0\u00bb#f4f4f4&Prime; title=\u00a0\u00bbJOUR 4 : De Ngorongoro \u00e0 Arusha\u00a0\u00bb]Petit d\u00e9jeuner t\u00f4t et d\u00e9part. Profitez de safaris en route sur le chemin du retour \u00e0 Arusha. [\/info_list_son][\/info_list_father][\/vc_tta_section][vc_tta_section title=\u00a0\u00bbInclusif\/Exclusif\u00a0\u00bb tab_id=\u00a0\u00bb1633455601016-f93699bc-5d92&Prime;][vc_row_inner][vc_column_inner width=\u00a0\u00bb1\/2&Prime;][info_list_father listclr=\u00a0\u00bb#f4f4f4&Prime; css=\u00a0\u00bb.vc_custom_1699449732334{padding-top: 10px !important;}\u00a0\u00bb][info_list_son style=\u00a0\u00bbicon\u00a0\u00bb size=\u00a0\u00bb15&Prime; width=\u00a0\u00bb20&Prime; height=\u00a0\u00bb20&Prime; titleclr=\u00a0\u00bb#890000&Prime; icon=\u00a0\u00bbfas fa-paw\u00a0\u00bb iconclr=\u00a0\u00bb#890000&Prime; iconbg=\u00a0\u00bb#f4f4f4&Prime; borderclr=\u00a0\u00bb#f4f4f4&Prime; title=\u00a0\u00bbINCLUSIF\u00a0\u00bb caption_url=\u00a0\u00bb\u00a0\u00bb]\n<ul>\n<li>Les frais du parc indiqu\u00e9s au parc.<\/li>\n<li>Transport priv\u00e9 dans un Land Cruiser \u00e0 toit ouvert.<\/li>\n<li>Service d\u2019un guide conducteur professionnel.<\/li>\n<li>Les repas sont en pension compl\u00e8te au lodge\/camp.<\/li>\n<li>3 nuits d\u2019h\u00e9bergement \u00e0 l\u2019h\u00f4tel, au lodge ou au camp concern\u00e9.<\/li>\n<li>Eau illimit\u00e9e dans le v\u00e9hicule.<\/li>\n<li>Transferts a\u00e9roport.<\/li>\n<li>Chambre d\u2019h\u00f4tes \u00e0 Nairobi.<\/li>\n<\/ul>\n<p>&nbsp;<\/p>\n<p>&nbsp;[\/info_list_son][\/info_list_father][\/vc_column_inner][vc_column_inner width=\u00a0\u00bb1\/2&Prime;][info_list_father listclr=\u00a0\u00bb#f4f4f4&Prime; css=\u00a0\u00bb.vc_custom_1699449815694{padding-top: 10px !important;}\u00a0\u00bb][info_list_son style=\u00a0\u00bbicon\u00a0\u00bb size=\u00a0\u00bb15&Prime; width=\u00a0\u00bb20&Prime; height=\u00a0\u00bb20&Prime; titleclr=\u00a0\u00bb#890000&Prime; icon=\u00a0\u00bbfas fa-paw\u00a0\u00bb iconclr=\u00a0\u00bb#890000&Prime; iconbg=\u00a0\u00bb#f4f4f4&Prime; borderclr=\u00a0\u00bb#f4f4f4&Prime; title=\u00a0\u00bbEXCLUSIF\u00a0\u00bb caption_url=\u00a0\u00bb\u00a0\u00bb]\n<ul>\n<li>Visite culturelle du village Masa\u00ef @ 20 $ par personne.<\/li>\n<li>Pourboires au chauffeur-guide (<strong>fortement recommand\u00e9<\/strong>).<\/li>\n<li>Objets personnels (Souvenirs, assurance voyage, frais de visa, etc.)<\/li>\n<li>Le gouvernement a impos\u00e9 une augmentation des taxes et\/ou des frais de parc.<\/li>\n<li>Vols en montgolfi\u00e8re @ 505 $ par adulte et 380 $ par enfant (<strong>moins de 12 ans<\/strong>).<\/li>\n<li>Vols internationaux et E-visa.<\/li>\n<\/ul>\n<p>&nbsp;[\/info_list_son][\/info_list_father][\/vc_column_inner][\/vc_row_inner][\/vc_tta_section][vc_tta_section title=\u00a0\u00bbListe de contr\u00f4le des voyages\u00a0\u00bb tab_id=\u00a0\u00bb1700225911267-4d68baeb-35cd\u00a0\u00bb][vc_row_inner css=\u00a0\u00bb.vc_custom_1700227522813{padding-top: 10px !important;}\u00a0\u00bb][vc_column_inner width=\u00a0\u00bb1\/2&Prime;][vc_custom_heading text=\u00a0\u00bbAvant de voyager\u00a0\u00bb font_container=\u00a0\u00bbtag:h2|text_align:left|color:%23890000&Prime; google_fonts=\u00a0\u00bbfont_family:Open%20Sans%3A300%2C300italic%2Cregular%2Citalic%2C600%2C600italic%2C700%2C700italic%2C800%2C800italic|font_style:400%20regular%3A400%3Anormal\u00a0\u00bb][vc_separator color=\u00a0\u00bbcustom\u00a0\u00bb align=\u00a0\u00bbalign_left\u00a0\u00bb border_width=\u00a0\u00bb2&Prime; el_width=\u00a0\u00bb20&Prime; accent_color=\u00a0\u00bb#890000&Prime;][vc_column_text]Avant de partir en voyage, assurez-vous de lire nos conseils de voyage complets pour une exp\u00e9rience sans encombre.[\/vc_column_text][vc_empty_space height=\u00a0\u00bb47px\u00a0\u00bb][vc_btn title=\u00a0\u00bbPour en savoir plus\u00a0\u00bb style=\u00a0\u00bboutline-custom\u00a0\u00bb outline_custom_color=\u00a0\u00bb#890000&Prime; outline_custom_hover_background=\u00a0\u00bb#890000&Prime; outline_custom_hover_text=\u00a0\u00bb#ffffff\u00a0\u00bb size=\u00a0\u00bbsm\u00a0\u00bb i_align=\u00a0\u00bbright\u00a0\u00bb i_icon_fontawesome=\u00a0\u00bbfas fa-chevron-right\u00a0\u00bb add_icon=\u00a0\u00bbtrue\u00a0\u00bb link=\u00a0\u00bburl:https%3A%2F%2Fmufasatoursandtravels.com%2Fpreparing-to-travel%2F|title:Pr%C3%A9paration%20au%20voyage|\u00a0\u00bb][\/vc_column_inner][vc_column_inner width=\u00a0\u00bb1\/2&Prime;][vc_custom_heading text=\u00a0\u00bbAvant de voyager\u00a0\u00bb font_container=\u00a0\u00bbtag:h2|text_align:left|color:%23890000&Prime; google_fonts=\u00a0\u00bbfont_family:Open%20Sans%3A300%2C300italic%2Cregular%2Citalic%2C600%2C600italic%2C700%2C700italic%2C800%2C800italic|font_style:400%20regular%3A400%3Anormal\u00a0\u00bb][vc_separator color=\u00a0\u00bbcustom\u00a0\u00bb align=\u00a0\u00bbalign_left\u00a0\u00bb border_width=\u00a0\u00bb2&Prime; el_width=\u00a0\u00bb20&Prime; accent_color=\u00a0\u00bb#890000&Prime;][vc_column_text]Am\u00e9liorez votre planification de voyage en t\u00e9l\u00e9chargeant des informations pr\u00e9cieuses sur les destinations, telles que les exigences pour les passeports et visas, les vaccinations recommand\u00e9es, les restrictions sur les bagages, la liste de bagages et les consignes pour les pourboires.[\/vc_column_text][vc_btn title=\u00a0\u00bbPour en savoir plus\u00a0\u00bb style=\u00a0\u00bboutline-custom\u00a0\u00bb outline_custom_color=\u00a0\u00bb#890000&Prime; outline_custom_hover_background=\u00a0\u00bb#890000&Prime; outline_custom_hover_text=\u00a0\u00bb#ffffff\u00a0\u00bb size=\u00a0\u00bbsm\u00a0\u00bb i_align=\u00a0\u00bbright\u00a0\u00bb i_icon_fontawesome=\u00a0\u00bbfas fa-chevron-right\u00a0\u00bb add_icon=\u00a0\u00bbtrue\u00a0\u00bb link=\u00a0\u00bburl:https%3A%2F%2Fmufasatoursandtravels.com%2Fwhat-to-know-before-arrival-in-east-africa%2F|title:QUE%20SAVOIR%20AVANT%20D%E2%80%99ARRIVER%20EN%20AFRIQUE%20DE%20L%E2%80%99EST|\u00a0\u00bb][\/vc_column_inner][\/vc_row_inner][vc_row_inner][vc_column_inner width=\u00a0\u00bb1\/2&Prime;][vc_custom_heading text=\u00a0\u00bbAvant de voyager\u00a0\u00bb font_container=\u00a0\u00bbtag:h2|text_align:left|color:%23890000&Prime; google_fonts=\u00a0\u00bbfont_family:Open%20Sans%3A300%2C300italic%2Cregular%2Citalic%2C600%2C600italic%2C700%2C700italic%2C800%2C800italic|font_style:400%20regular%3A400%3Anormal\u00a0\u00bb][vc_separator color=\u00a0\u00bbcustom\u00a0\u00bb align=\u00a0\u00bbalign_left\u00a0\u00bb border_width=\u00a0\u00bb2&Prime; el_width=\u00a0\u00bb20&Prime; accent_color=\u00a0\u00bb#890000&Prime;][vc_column_text]Maximisez le succ\u00e8s de votre voyage en t\u00e9l\u00e9chargeant les informations essentielles sur votre ou vos destinations, y compris les exigences de passeport et de visa, les consignes de vaccination, les restrictions sur les bagages, la liste de bagages et les conseils sur les pourboires.[\/vc_column_text][vc_btn title=\u00a0\u00bbPour en savoir plus\u00a0\u00bb style=\u00a0\u00bboutline-custom\u00a0\u00bb outline_custom_color=\u00a0\u00bb#890000&Prime; outline_custom_hover_background=\u00a0\u00bb#890000&Prime; outline_custom_hover_text=\u00a0\u00bb#ffffff\u00a0\u00bb size=\u00a0\u00bbsm\u00a0\u00bb i_align=\u00a0\u00bbright\u00a0\u00bb i_icon_fontawesome=\u00a0\u00bbfas fa-chevron-right\u00a0\u00bb add_icon=\u00a0\u00bbtrue\u00a0\u00bb link=\u00a0\u00bburl:https%3A%2F%2Fmufasatoursandtravels.com%2Fpassports-and-visas%2F|title:Passeports%20et%20visas|\u00a0\u00bb][\/vc_column_inner][vc_column_inner width=\u00a0\u00bb1\/2&Prime;][vc_custom_heading text=\u00a0\u00bbAvant de voyager\u00a0\u00bb font_container=\u00a0\u00bbtag:h2|text_align:left|color:%23890000&Prime; google_fonts=\u00a0\u00bbfont_family:Open%20Sans%3A300%2C300italic%2Cregular%2Citalic%2C600%2C600italic%2C700%2C700italic%2C800%2C800italic|font_style:400%20regular%3A400%3Anormal\u00a0\u00bb][vc_separator color=\u00a0\u00bbcustom\u00a0\u00bb align=\u00a0\u00bbalign_left\u00a0\u00bb border_width=\u00a0\u00bb2&Prime; el_width=\u00a0\u00bb20&Prime; accent_color=\u00a0\u00bb#890000&Prime;][vc_column_text]Alors que vous profitez de l\u2019apr\u00e8s-coup de votre aventure, nous sommes l\u00e0 pour vous accompagner avec des conseils essentiels apr\u00e8s le voyage, afin que votre retour \u00e0 la maison soit aussi fluide et confortable que votre voyage lui-m\u00eame.[\/vc_column_text][\/vc_column_inner][\/vc_row_inner][\/vc_tta_section][\/vc_tta_tabs][\/vc_column][\/vc_row][vc_row][vc_column][\/vc_column][\/vc_row]\n","protected":false},"excerpt":{"rendered":"<p>[vc_row full_width=\u00a0\u00bbstretch_row\u00a0\u00bb gap=\u00a0\u00bb1&Prime; css=\u00a0\u00bb.vc_custom_1678881709947{border: 5px initial !important;}\u00a0\u00bb][vc_column parallax=\u00a0\u00bbcontent-moving\u00a0\u00bb parallax_image=\u00a0\u00bb14724&Prime; parallax_speed_bg=\u00a0\u00bb1.7&Prime; css=\u00a0\u00bb.vc_custom_1713163331416{padding-top: 80px !important;padding-right: 80px !important;padding-bottom: 80px !important;padding-left: 80px !important;}\u00a0\u00bb][vc_headings style=\u00a0\u00bbtheme2&Prime; linewidth=\u00a0\u00bb150&Prime; borderclr=\u00a0\u00bb#ffffff\u00a0\u00bb title=\u00a0\u00bbSerengeti &#8211; Ngorongoro Odessey\u00a0\u00bb use_theme_fonts=\u00a0\u00bbyes\u00a0\u00bb titlesize=\u00a0\u00bb32&Prime; titleclr=\u00a0\u00bb#ffffff\u00a0\u00bb classname=\u00a0\u00bbline-heading\u00a0\u00bb]&nbsp; 4 jours [\/vc_headings][\/vc_column][\/vc_row][vc_row][vc_column css=\u00a0\u00bb.vc_custom_1673873878049{border-top-width: 10px !important;border-right-width: 10px !important;border-bottom-width: 10px !important;border-left-width: 10px !important;}\u00a0\u00bb][vc_tta_tabs color=\u00a0\u00bbjuicy-pink\u00a0\u00bb gap=\u00a0\u00bb1&Prime; alignment=\u00a0\u00bbcenter\u00a0\u00bb active_section=\u00a0\u00bb1&Prime;][vc_tta_section title=\u00a0\u00bbProgramme\u00a0\u00bb tab_id=\u00a0\u00bb1633454673222-3d94f956-010c\u00a0\u00bb][info_list_father listclr=\u00a0\u00bb#f4f4f4&Prime; css=\u00a0\u00bb.vc_custom_1699450234338{padding-top: 10px !important;}\u00a0\u00bb][info_list_son style=\u00a0\u00bbicon\u00a0\u00bb size=\u00a0\u00bb15&Prime; width=\u00a0\u00bb20&Prime; [&hellip;]<\/p>\n","protected":false},"author":7,"featured_media":0,"parent":28136,"menu_order":0,"comment_status":"closed","ping_status":"closed","template":"","meta":{"_themeisle_gutenberg_block_has_review":false,"footnotes":""},"class_list":["post-32174","page","type-page","status-publish","hentry"],"_links":{"self":[{"href":"https:\/\/mufasatoursandtravels.com\/fr\/wp-json\/wp\/v2\/pages\/32174","targetHints":{"allow":["GET"]}}],"collection":[{"href":"https:\/\/mufasatoursandtravels.com\/fr\/wp-json\/wp\/v2\/pages"}],"about":[{"href":"https:\/\/mufasatoursandtravels.com\/fr\/wp-json\/wp\/v2\/types\/page"}],"author":[{"embeddable":true,"href":"https:\/\/mufasatoursandtravels.com\/fr\/wp-json\/wp\/v2\/users\/7"}],"replies":[{"embeddable":true,"href":"https:\/\/mufasatoursandtravels.com\/fr\/wp-json\/wp\/v2\/comments?post=32174"}],"version-history":[{"count":2,"href":"https:\/\/mufasatoursandtravels.com\/fr\/wp-json\/wp\/v2\/pages\/32174\/revisions"}],"predecessor-version":[{"id":46256,"href":"https:\/\/mufasatoursandtravels.com\/fr\/wp-json\/wp\/v2\/pages\/32174\/revisions\/46256"}],"up":[{"embeddable":true,"href":"https:\/\/mufasatoursandtravels.com\/fr\/wp-json\/wp\/v2\/pages\/28136"}],"wp:attachment":[{"href":"https:\/\/mufasatoursandtravels.com\/fr\/wp-json\/wp\/v2\/media?parent=32174"}],"curies":[{"name":"wp","href":"https:\/\/api.w.org\/{rel}","templated":true}]}}