{"id":32193,"date":"2023-07-15T18:51:39","date_gmt":"2023-07-15T15:51:39","guid":{"rendered":"https:\/\/mufasatoursandtravels.com\/se-preparer-a-voyager\/"},"modified":"2026-03-06T18:18:15","modified_gmt":"2026-03-06T15:18:15","slug":"se-preparer-a-voyager","status":"publish","type":"page","link":"https:\/\/mufasatoursandtravels.com\/fr\/se-preparer-a-voyager\/","title":{"rendered":"Pr\u00e9paration au voyage"},"content":{"rendered":"[vc_row][vc_column][vc_headings style=\u00a0\u00bbtheme3&Prime; linewidth=\u00a0\u00bb200&Prime; borderclr=\u00a0\u00bb#890000&Prime; title=\u00a0\u00bbPreparing to Travel\u00a0\u00bb use_theme_fonts=\u00a0\u00bbyes\u00a0\u00bb titleclr=\u00a0\u00bb#890000&Prime; caption_url=\u00a0\u00bb\u00a0\u00bb caption_urls=\u00a0\u00bb\u00a0\u00bb caption_urlss=\u00a0\u00bb\u00a0\u00bb caption_urldesc=\u00a0\u00bb\u00a0\u00bb][\/vc_headings][vc_empty_space][vc_column_text]\n<ol>\n<li><strong>PASSEPORTS<\/strong> \u2013 Pour voyager en Afrique de l\u2019Est, votre passeport doit \u00eatre valide pendant au moins six (6) mois apr\u00e8s la fin de votre voyage, et doit comporter un minimum de quatre (4) pages de visa vierges pour les tampons d\u2019entr\u00e9e et de sortie.<\/li>\n<\/ol>\n<p>&nbsp;<\/p>\n<ol start=\"2\">\n<li><strong>VISA\u2013 <\/strong>Comme nous nous concentrons sur les pays d\u2019Afrique de l\u2019Est, notamment le Kenya, la Tanzanie, le Rwanda et l\u2019Ouganda, voir ci-dessous les directives pour les autres pays&nbsp;:<\/li>\n<\/ol>\n<ul>\n<li>Kenya &#8211; Pour voyager au Kenya, vous devez demander un visa et il est normalement demand\u00e9 ici &#8211; <a href=\"https:\/\/evisa.go.ke\/\" rel=\"nofollow noopener\" target=\"_blank\">https:\/\/evisa.go.ke\/<\/a> et est normalement valable 3 mois \u00e0 compter de la date du voyage. Ils facturent 51 $ par demande de visa pour toute personne de 16 ans et plus. Toute personne de moins de 16 ans n\u2019a pas besoin d\u2019un visa pour se rendre au Kenya mais doit le d\u00e9clarer par la personne qui l\u2019accompagne lors de la demande de l\u2019adulte. Le processus de visa prend environ 24 \u00e0 72 heures. Lorsque vous voyagez au Kenya, assurez-vous de ne demander qu\u2019un visa \u00e0 entr\u00e9e unique (SEV) et non un visa multi-pays lorsque vous \u00eates ici \u00e0 des fins touristiques. Les clients qui n\u2019ont pas besoin d\u2019un visa pour se rendre au Kenya peuvent se r\u00e9f\u00e9rer \u00e0 la liste ici pour confirmer si vous avez besoin d\u2019un visa &#8211; <a href=\"https:\/\/evisa.go.ke\/eligibility\" rel=\"nofollow noopener\" target=\"_blank\">https:\/\/evisa.go.ke\/eligibility<\/a>     <\/li>\n<li>Tanzanie &#8211; Pour voyager en Tanzanie, vous avez besoin d\u2019un visa et pouvez obtenir \u00e0 l\u2019arriv\u00e9e ou vous pouvez postuler en ligne avant votre arriv\u00e9e ici &#8211; <a href=\"https:\/\/visa.immigration.go.tz\/\" rel=\"nofollow noopener\" target=\"_blank\">https:\/\/visa.immigration.go.tz\/<\/a> . Obtenez plus de d\u00e9tails sur les directives ici &#8211; <a href=\"https:\/\/visa.immigration.go.tz\/guidelines\" rel=\"nofollow noopener\" target=\"_blank\">https:\/\/visa.immigration.go.tz\/guidelines<\/a> <\/li>\n<li>Ouganda \u2013 Pour voyager en Ouganda, il faut demander votre visa en ligne et NON \u00e0 l\u2019arriv\u00e9e. Pour plus de d\u00e9tails, reportez-vous ici &#8211; <a href=\"https:\/\/www.visas.immigration.go.ug\/\" rel=\"nofollow noopener\" target=\"_blank\">https:\/\/www.visas.immigration.go.ug\/<\/a> <\/li>\n<li>Rwanda \u2013 Pour voyager au Rwanda, obtenez un visa \u00e0 l\u2019arriv\u00e9e ou faites une demande en ligne ici pour plus de d\u00e9tails &#8211; <a href=\"https:\/\/www.migration.gov.rw\/\" rel=\"nofollow noopener\" target=\"_blank\">https:\/\/www.migration.gov.rw\/<\/a><\/li>\n<\/ul>\n<p>&nbsp;<\/p>\n<ol start=\"3\">\n<li><strong>VACCINATIONS- <\/strong>Le Kenya et la Tanzanie n\u2019ont actuellement aucune exigence de vaccination ou de test COVID-19 pour l\u2019entr\u00e9e, il faut donc non plus \u00eatre vaccin\u00e9 contre le COVID pour entrer. Le vaccin contre la fi\u00e8vre jaune n\u2019est requis pour entrer au Kenya et en Tanzanie que si vous arrivez ou avez transit\u00e9 par une zone end\u00e9mique de fi\u00e8vre jaune en Am\u00e9rique du Sud ou en Afrique, y compris des pays d\u2019Afrique de l\u2019Est tels que le Kenya et l\u2019Ouganda. L\u2019OMS fournit une liste \u00e0 jour de tous les pays touch\u00e9s ici &#8211; <a href=\"https:\/\/www.fitfortravel.nhs.uk\/advice\/disease-prevention-advice\/yellow-fever\/yellow-fever-risk-areas\" rel=\"nofollow noopener\" target=\"_blank\">https:\/\/www.fitfortravel.nhs.uk\/advice\/disease-prevention-advice\/yellow-fever\/yellow-fever-risk-areas<\/a> . Pour les clients visitant le Kenya Seulement, pas besoin de fi\u00e8vre jaune car ce n\u2019est pas un MUST mais recommand\u00e9. Pour les clients dont l\u2019itin\u00e9raire comprend des visites au Kenya et en Tanzanie, la vaccination contre la fi\u00e8vre jaune est n\u00e9cessaire et vous devez \u00eatre en possession d\u2019un certificat international de vaccination fourni par votre m\u00e9decin. L\u2019entr\u00e9e peut vous \u00eatre refus\u00e9e sans lui. Si votre m\u00e9decin vous d\u00e9conseille de vous faire vacciner en raison de vos ant\u00e9c\u00e9dents m\u00e9dicaux personnels, il peut vous fournir la documentation n\u00e9cessaire pour le(s) pays(s) que vous visitez. Vous vous rendrez dans des zones de transmission du paludisme. Nous vous conseillons vivement de parler \u00e0 votre m\u00e9decin ou \u00e0 votre clinique de voyage de votre itin\u00e9raire, de l\u2019\u00e9valuation individuelle des risques et des options de pr\u00e9vention des piq\u00fbres de moustiques et de m\u00e9dicaments antipalud\u00e9ens. Nous vous recommandons de remplir toutes les ordonnances avant votre d\u00e9part.        <\/li>\n<\/ol>\n<p>&nbsp;<\/p>\n<ol start=\"4\">\n<li><strong>SACS EN PLASTIQUE AU KENYA ET EN TANZANIE  <\/strong><\/li>\n<\/ol>\n<p>Les gouvernements du Kenya et de la Tanzanie ont interdit les sacs en plastique. L\u2019interdiction s\u2019applique aux \u00ab&nbsp;sacs de transport et aux sacs plats&nbsp;\u00bb, ciblant principalement les sacs des magasins et des \u00e9piceries, mais s\u2019\u00e9tendant \u00e9galement aux sacs Ziploc, aux sacs hors taxes et au papier bulle. Si les touristes ont ce type de sacs visibles \u00e0 l\u2019a\u00e9roport, ils sont susceptibles d\u2019\u00eatre confisqu\u00e9s. Les sacs con\u00e7us pour un usage multiple, tels que les sacs \u00e0 cosm\u00e9tiques \u00e0 fermeture \u00e9clair, ne sont pas inclus dans l\u2019interdiction.   <\/p>\n<ol start=\"5\">\n<li><strong>LISTE DE COLISAGE ET RESTRICTIONS RELATIVES AUX BAGAGES  <\/strong><\/li>\n<\/ol>\n<p>Sur les vols en Afrique de l\u2019Est, chaque passager est limit\u00e9 \u00e0 un poids maximum de 33 livres (15 kilogrammes). Cela comprend le poids des sacs \u00e0 main et de l\u2019\u00e9quipement photo en plus des bagages ordinaires. Les restrictions de bagages sont strictement respect\u00e9es et les passagers doivent faire leurs bagages en cons\u00e9quence. Les bagages souples ou les sacs de sport sont pr\u00e9f\u00e9rables aux bagages rigides pour le stockage dans les v\u00e9hicules de safari et \u00e9galement dans les avions utilis\u00e9s dans toute l\u2019Afrique de l\u2019Est. Les dimensions ne doivent pas d\u00e9passer 23 pouces (58 centim\u00e8tres) de long x 13 pouces (33 centim\u00e8tres) de haut x 10 pouces (25 centim\u00e8tres) de large. Les vols \u00e0 bord d\u2019avions l\u00e9gers en Afrique de l\u2019Est peuvent ne pas \u00eatre directs. Plusieurs arr\u00eats peuvent \u00eatre effectu\u00e9s pour d\u00e9barquer les passagers sur les pistes d\u2019atterrissage du camp de safari.      <\/p>\n<ol start=\"6\">\n<li><strong>QUOI TRANSPORTER<\/strong><\/li>\n<\/ol>\n<ul>\n<li>V\u00eatements d\u2019\u00e9t\u00e9 lumineux pour le safari (les couleurs vives attirent l\u2019attention ind\u00e9sirable des mouches trouv\u00e9es dans certaines zones du parc)<\/li>\n<li>Des v\u00eatements plus amples pour les soir\u00e9es \u00e0 l\u2019h\u00f4tel et au lodge tels que des pantalons longs et des chemises \u00e0 manches longues pour vous prot\u00e9ger des moustiques apr\u00e8s le coucher du soleil et si n\u00e9cessaire contre le soleil.<\/li>\n<li>Une veste\/pull car il peut faire frais t\u00f4t le matin et le soir.<\/li>\n<li>Chaussures d\u2019\u00e9t\u00e9 (par exemple, chaussures de sport et chaussettes en coton\/). Pour \u00e9viter de marcher pieds nus et\/ou de laisser vos jambes nues la nuit \u00e0 cause des moustiques. <\/li>\n<li>Adaptateur secteur avec 3-4 prises. Les prises de type britannique sont utilis\u00e9es dans les pays d\u2019Afrique de l\u2019Est. <\/li>\n<li>Petite lampe de poche et piles de rechange<\/li>\n<li>Chapeau qui prot\u00e8ge du soleil br\u00fblant.<\/li>\n<li>Cr\u00e8me solaire, lunettes de soleil et baume \u00e0 l\u00e8vres.<\/li>\n<li>Batteries suppl\u00e9mentaires pour appareils photo, enregistreur.<\/li>\n<li>Quelques copies de tous les documents personnels tels que les passeports, les billets d\u2019avion, l\u2019assurance voyage, les visas, les cartes de vaccination et les cartes de d\u00e9bit internationales.<\/li>\n<li>Jumelles l\u00e9g\u00e8res.<\/li>\n<\/ul>\n<ol start=\"7\">\n<li><strong>ENREGISTREZ VOTRE VOYAGE  <\/strong><\/li>\n<\/ol>\n<p>Assurez-vous de vous inscrire aupr\u00e8s de l\u2019ambassade ou du consulat le plus proche pour les destinations incluses dans votre voyage. Les citoyens am\u00e9ricains peuvent s\u2019inscrire via STEP, le programme d\u2019inscription Smart Traveler (step.state.gov\/step). Les citoyens canadiens peuvent s\u2019inscrire \u00e0 l\u2019Inscription des Canadiens \u00e0 l\u2019\u00e9tranger \u00e0 l\u2019adresse Inscription des Canadiens \u00e0 l\u2019\u00e9tranger.  <\/p>\n<ol start=\"8\">\n<li><strong>METTRE \u00c0 JOUR LES VACCINS ET LES M\u00c9DICAMENTS  <\/strong><\/li>\n<\/ol>\n<p>Renseignez-vous aupr\u00e8s des Centers for Disease Control and Prevention (cdc.gov\/travel) ou de l\u2019Organisation mondiale de la sant\u00e9 (who.int\/en) pour conna\u00eetre les vaccins requis et recommand\u00e9s et le risque de paludisme pour votre destination. Vous voudrez consulter votre m\u00e9decin ou votre clinique de voyage locale quelques mois avant le d\u00e9part pour avoir le temps que les vaccins fassent effet ou pour ex\u00e9cuter les ordonnances. Assurez-vous d\u2019emporter l\u2019original de vos certificats de vaccination COVID-19 et autres ainsi que les documents de sant\u00e9 requis dans votre bagage \u00e0 main personnel au cas o\u00f9 on vous demanderait de les montrer \u00e0 l\u2019arriv\u00e9e.  <\/p>\n<ol start=\"9\">\n<li><strong>QUESTIONS D\u2019ARGENT  <\/strong><\/li>\n<\/ol>\n<p>Nous vous recommandons de voyager avec de l\u2019argent liquide et au moins deux cartes de cr\u00e9dit diff\u00e9rentes, telles que Visa et Mastercard, afin d\u2019avoir une sauvegarde si votre carte n\u2019est pas accept\u00e9e ou perdue. Contactez votre banque et votre soci\u00e9t\u00e9 \u00e9mettrice de votre carte de cr\u00e9dit pour leur faire savoir o\u00f9 et quand vous voyagerez, ainsi que pour confirmer les frais de transaction \u00e0 l\u2019\u00e9tranger. Lorsque vous transportez de l\u2019argent liquide, essayez de ne voyager qu\u2019avec de la monnaie r\u00e9cemment \u00e9mise en petites coupures&nbsp;; De nombreux commer\u00e7ants \u00e0 l\u2019\u00e9tranger n\u2019acceptent pas les billets froiss\u00e9s ou d\u00e9chir\u00e9s. N\u2019\u00e9changez de l\u2019argent qu\u2019\u00e0 des points de vente autoris\u00e9s tels que des bureaux de change, des distributeurs automatiques de billets ou des h\u00f4tels et conservez les re\u00e7us car ils peuvent \u00eatre n\u00e9cessaires pour sortir.   <\/p>\n<ol start=\"10\">\n<li><strong>RESTEZ CONNECT\u00c9  <\/strong><\/li>\n<\/ol>\n<p>Bien que la plupart des smartphones fonctionnent \u00e0 l\u2019\u00e9tranger, vous devrez peut-\u00eatre activer le service d\u2019itin\u00e9rance internationale avant de voyager. Communiquez avec votre fournisseur pour obtenir des renseignements sur la couverture et les options de forfaits voix et donn\u00e9es lorsque vous voyagez \u00e0 l\u2019\u00e9tranger. <\/p>\n<ol start=\"11\">\n<li><strong>SE CONNECTER  <\/strong><\/li>\n<\/ol>\n<p>De nombreux h\u00f4tels et lieux publics disposent d\u2019une connexion Wi-Fi, et vous pourrez g\u00e9n\u00e9ralement rester connect\u00e9 tout au long de votre voyage, bien que l\u2019acc\u00e8s \u00e0 Internet puisse \u00eatre m\u00e9diocre ou inexistant dans les destinations \u00e9loign\u00e9es. Notez que certains pays bloquent l\u2019acc\u00e8s aux sites de m\u00e9dias sociaux ou imposent des restrictions sur le contenu que vous pouvez consulter ou envoyer en ligne. <\/p>\n<ol start=\"12\">\n<li><strong>M\u00c9T\u00c9O ET FUSEAUX HORAIRES  <\/strong><\/li>\n<\/ol>\n<p>De nombreux sites Web et applications pour smartphones vous permettent de v\u00e9rifier les pr\u00e9visions et les fuseaux horaires pour des destinations sp\u00e9cifiques. Nous vous recommandons weather.com et timeanddate.com\/worldclock. \u00c0 l\u2019arriv\u00e9e, l\u2019heure de la plupart des smartphones s\u2019ajuste automatiquement \u00e0 l\u2019heure locale.  <\/p>\n<ol start=\"13\">\n<li><strong>RESTEZ EN BONNE SANT\u00c9 SUR LA ROUTE  <\/strong><\/li>\n<\/ol>\n<p>Transportez vos ordonnances et vos m\u00e9dicaments en vente libre dans leur contenant d\u2019origine dans votre bagage \u00e0 main. Emportez une trousse de premiers soins simple ainsi que des m\u00e9dicaments contre le mal des transports et les l\u00e9gers maux d\u2019estomac. Par pr\u00e9caution, n\u2019utilisez que de l\u2019eau embouteill\u00e9e et \u00e9vitez les aliments provenant de vendeurs ambulants. Prenez soin d\u2019observer les pratiques de sant\u00e9 s\u00e9curitaires lorsque vous voyagez. Il peut vous \u00eatre demand\u00e9 de porter un masque conform\u00e9ment aux r\u00e9glementations locales et aux exigences des prestataires de services ; les d\u00e9tails sp\u00e9cifiques \u00e0 votre voyage sont inclus dans les informations essentielles. Si vous commencez \u00e0 vous sentir mal \u00e0 un moment donn\u00e9 de votre voyage, veuillez en informer votre guide. Tous les protocoles sont susceptibles d\u2019\u00eatre modifi\u00e9s.      <\/p>\n<ol start=\"14\">\n<li><strong>FAIRE SES BAGAGES POUR VOTRE VOYAGE  <\/strong><\/li>\n<\/ol>\n<p>Pr\u00e9voyez de voyager l\u00e9ger &#8211; de nombreux voyages MUFASA TOURS AND TRAVELS incluent des vols int\u00e9rieurs qui imposent des restrictions de poids beaucoup plus strictes que celles de votre transporteur international. Consultez la liste de colisage et les restrictions de bagages fournies dans Informations essentielles. Assurez-vous \u00e9galement de v\u00e9rifier les limites de bagages aupr\u00e8s de votre transporteur international avant de faire vos bagages. La tenue typique des voyages MUFASA TOURS AND TRAVELS est d\u00e9tendue et informelle pendant la journ\u00e9e. Choisissez des v\u00eatements confortables et polyvalents qui peuvent \u00eatre superpos\u00e9s pour tenir compte des changements m\u00e9t\u00e9orologiques tout au long de la journ\u00e9e. L\u2019\u00e9l\u00e9gance d\u00e9contract\u00e9e convient aux soir\u00e9es. N\u2019oubliez pas d\u2019emporter un ensemble d\u2019adaptateurs de voyage mondiaux avec vous pour recharger vos appareils \u00e9lectroniques \u00e0 votre h\u00f4tel ou \u00e0 bord d\u2019un navire.      <\/p>\n<ol start=\"15\">\n<li><strong>VOLS  <\/strong><\/li>\n<\/ol>\n<p>Assurez-vous de reconfirmer vos vols internationaux 24 heures avant votre d\u00e9part. Les billets pour tous les vols int\u00e9rieurs, s\u2019ils sont inclus dans votre itin\u00e9raire, seront \u00e9mis par les repr\u00e9sentants de MUFASA TOURS AND TRAVELS \u00e0 votre destination et vous seront pr\u00e9sent\u00e9s au besoin. <\/p>\n<ol start=\"16\">\n<li><strong>GARDEZ VOS OBJETS DE VALEUR EN S\u00c9CURIT\u00c9  <\/strong><\/li>\n<\/ol>\n<p>Nous vous recommandons vivement de laisser les objets de valeur tels que les bijoux \u00e0 la maison car MUFASA TOURS AND TRAVELS ne peut \u00eatre tenu responsable. Utilisez des coffres-forts lorsqu\u2019ils sont disponibles pour s\u00e9curiser vos objets de valeur, en particulier les passeports, l\u2019argent, les bijoux, les appareils \u00e9lectroniques et les m\u00e9dicaments. Le remplacement d\u2019un passeport perdu ou vol\u00e9 est beaucoup plus facile si vous en avez une copie en main. Emportez une photocopie de la page d\u2019informations personnelles de votre passeport avec vos bagages et conservez-en une photo sur votre smartphone.   <\/p>\n<ol start=\"17\">\n<li><strong>ARRIVEZ \u00c0 UN ACCUEIL CHALEUREUX<\/strong><\/li>\n<\/ol>\n<p>Votre repr\u00e9sentant local MUFASA TOURS AND TRAVELS vous attend \u00e0 l\u2019a\u00e9roport \u00e0 votre arriv\u00e9e. Consultez votre itin\u00e9raire pour obtenir des instructions d\u2019arriv\u00e9e suppl\u00e9mentaires. <\/p>\n<ol start=\"18\">\n<li><strong>SHOPPING INTELLIGENT  <\/strong><\/li>\n<\/ol>\n<p>Si vous \u00eates int\u00e9ress\u00e9 par le shopping, votre guide MUFASA TOURS AND TRAVELS peut vous recommander des magasins locaux ; cependant, MUFASA TOURS AND TRAVELS n\u2019est pas responsable de la qualit\u00e9 ou de la valeur de la marchandise. Tous les achats et l\u2019exp\u00e9dition sont \u00e0 votre seule discr\u00e9tion. Assurez-vous de v\u00e9rifier vos re\u00e7us de carte de cr\u00e9dit avant de signer, en accordant une attention particuli\u00e8re \u00e0 la conversion des devises. Nous vous recommandons d\u2019emporter des articles avec vous au lieu de les exp\u00e9dier dans la mesure du possible. Consultez les autorit\u00e9s douani\u00e8res locales (cbp.gov aux \u00c9tats-Unis et travel.gc.ca au Canada) pour obtenir des informations sur ce que vous pouvez rapporter et les taxes douani\u00e8res. Conservez les re\u00e7us et les articles ensemble.     <\/p>\n<ol start=\"19\">\n<li><strong>\u00c9TIQUETTE DE LA PHOTOGRAPHIE  <\/strong><\/li>\n<\/ol>\n<p>Assurez-vous de demander la permission avant de prendre des photos des habitants de la r\u00e9gion, y compris les jeunes enfants. Notez que la photographie n\u2019est pas autoris\u00e9e dans certains endroits, ce qui est g\u00e9n\u00e9ralement clairement indiqu\u00e9. En cas de doute, demandez \u00e0 votre guide d\u2019\u00e9viter de vous faire confisquer votre appareil photo.  <\/p>\n<ol start=\"20\">\n<li><strong>CONSEILS SUR LES POURBOIRES  <\/strong><\/li>\n<\/ol>\n<p>Les pourboires sur les voyages MUFASA TOURS AND TRAVELS varient en fonction de l\u2019endroit et de la mani\u00e8re dont vous voyagez. Consultez les directives de pourboires fournies pour votre trajet dans la section Informations essentielles. [\/vc_column_text][\/vc_column][\/vc_row]\n","protected":false},"excerpt":{"rendered":"<p>[vc_row][vc_column][vc_headings style=\u00a0\u00bbtheme3&Prime; linewidth=\u00a0\u00bb200&Prime; borderclr=\u00a0\u00bb#890000&Prime; title=\u00a0\u00bbPreparing to Travel\u00a0\u00bb use_theme_fonts=\u00a0\u00bbyes\u00a0\u00bb titleclr=\u00a0\u00bb#890000&Prime; caption_url=\u00a0\u00bb\u00a0\u00bb caption_urls=\u00a0\u00bb\u00a0\u00bb caption_urlss=\u00a0\u00bb\u00a0\u00bb caption_urldesc=\u00a0\u00bb\u00a0\u00bb][\/vc_headings][vc_empty_space][vc_column_text] PASSEPORTS \u2013 Pour voyager en Afrique de l\u2019Est, votre passeport doit \u00eatre valide pendant au moins six (6) mois apr\u00e8s la fin de votre voyage, et doit comporter un minimum de quatre (4) pages de visa vierges pour les tampons d\u2019entr\u00e9e et [&hellip;]<\/p>\n","protected":false},"author":7,"featured_media":0,"parent":0,"menu_order":6,"comment_status":"closed","ping_status":"closed","template":"","meta":{"_themeisle_gutenberg_block_has_review":false,"footnotes":""},"class_list":["post-32193","page","type-page","status-publish","hentry"],"_links":{"self":[{"href":"https:\/\/mufasatoursandtravels.com\/fr\/wp-json\/wp\/v2\/pages\/32193","targetHints":{"allow":["GET"]}}],"collection":[{"href":"https:\/\/mufasatoursandtravels.com\/fr\/wp-json\/wp\/v2\/pages"}],"about":[{"href":"https:\/\/mufasatoursandtravels.com\/fr\/wp-json\/wp\/v2\/types\/page"}],"author":[{"embeddable":true,"href":"https:\/\/mufasatoursandtravels.com\/fr\/wp-json\/wp\/v2\/users\/7"}],"replies":[{"embeddable":true,"href":"https:\/\/mufasatoursandtravels.com\/fr\/wp-json\/wp\/v2\/comments?post=32193"}],"version-history":[{"count":7,"href":"https:\/\/mufasatoursandtravels.com\/fr\/wp-json\/wp\/v2\/pages\/32193\/revisions"}],"predecessor-version":[{"id":46470,"href":"https:\/\/mufasatoursandtravels.com\/fr\/wp-json\/wp\/v2\/pages\/32193\/revisions\/46470"}],"wp:attachment":[{"href":"https:\/\/mufasatoursandtravels.com\/fr\/wp-json\/wp\/v2\/media?parent=32193"}],"curies":[{"name":"wp","href":"https:\/\/api.w.org\/{rel}","templated":true}]}}