{"id":32232,"date":"2023-06-05T10:14:42","date_gmt":"2023-06-05T07:14:42","guid":{"rendered":"https:\/\/mufasatoursandtravels.com\/safari-au-kenya-par-la-route\/safaris-de-long-sejour\/forfait-safari-a-tembea-kenya\/"},"modified":"2025-04-10T15:57:34","modified_gmt":"2025-04-10T12:57:34","slug":"forfait-safari-a-tembea-kenya","status":"publish","type":"page","link":"https:\/\/mufasatoursandtravels.com\/fr\/safari-au-kenya-par-la-route\/safaris-de-long-sejour\/forfait-safari-a-tembea-kenya\/","title":{"rendered":"Forfait safari \u00e0 Tembea Kenya"},"content":{"rendered":"[vc_row full_width=\u00a0\u00bbstretch_row\u00a0\u00bb gap=\u00a0\u00bb1&Prime;][vc_column parallax=\u00a0\u00bbcontent-moving\u00a0\u00bb parallax_image=\u00a0\u00bb11270&Prime; css=\u00a0\u00bb.vc_custom_1687418546706{padding-top: 80px !important;padding-right: 80px !important;padding-bottom: 80px !important;padding-left: 80px !important;}\u00a0\u00bb][vc_custom_heading text=\u00a0\u00bbTEMBEA KENYA SAFARI\u00a0\u00bb font_container=\u00a0\u00bbtag:h1|font_size:32|text_align:center|color:%23ffffff\u00a0\u00bb google_fonts=\u00a0\u00bbfont_family:Roboto%3A100%2C100italic%2C300%2C300italic%2Cregular%2Citalic%2C500%2C500italic%2C700%2C700italic%2C900%2C900italic|font_style:400%20regular%3A400%3Anormal\u00a0\u00bb][vc_separator color=\u00a0\u00bbcustom\u00a0\u00bb border_width=\u00a0\u00bb2&Prime; el_width=\u00a0\u00bb50&Prime; accent_color=\u00a0\u00bb#f8f8f8&Prime;][vc_custom_heading text=\u00a0\u00bbAberdare \u21fe L. Nakuru \u21fe Masai Mara \u21fe L. Naivasha \u21fe Amboseli \u21fe Diani\u00a0\u00bb font_container=\u00a0\u00bbtag:h2|font_size:18|text_align:center|color:%23ffffff\u00a0\u00bb google_fonts=\u00a0\u00bbfont_family:Roboto%3A100%2C100italic%2C300%2C300italic%2Cregular%2Citalic%2C500%2C500italic%2C700%2C700italic%2C900%2C900italic|font_style:400%20regular%3A400%3Anormal\u00a0\u00bb][\/vc_column][\/vc_row][vc_row][vc_column css=\u00a0\u00bb.vc_custom_1673438873315{border-top-width: 10px !important;border-right-width: 10px !important;border-bottom-width: 10px !important;border-left-width: 10px !important;}\u00a0\u00bb][vc_tta_tabs shape=\u00a0\u00bbsquare\u00a0\u00bb color=\u00a0\u00bbjuicy-pink\u00a0\u00bb alignment=\u00a0\u00bbcenter\u00a0\u00bb active_section=\u00a0\u00bb1&Prime; no_fill_content_area=\u00a0\u00bbtrue\u00a0\u00bb][vc_tta_section title=\u00a0\u00bbProgramme\u00a0\u00bb tab_id=\u00a0\u00bb1633454673222-3d94f956-010c\u00a0\u00bb][info_list_father listclr=\u00a0\u00bb#f8f8f8&Prime;][info_list_son style=\u00a0\u00bbicon\u00a0\u00bb size=\u00a0\u00bb10&Prime; width=\u00a0\u00bb20&Prime; height=\u00a0\u00bb20&Prime; titleclr=\u00a0\u00bb#811a18&Prime; title=\u00a0\u00bbDAY 1: Aberdare National Park\u00a0\u00bb icon=\u00a0\u00bbfas fa-dot-circle\u00a0\u00bb iconclr=\u00a0\u00bb#811a18&Prime; lineheight=\u00a0\u00bb2&Prime;]\n<ul>\n<li>Depart Nairobi and head to Aberdare (approximately 3 hrs). Cruise through scenery, arriving in time for a stimulating buffet lunch at Aberdare Country Club.<\/li>\n<li>Check-in at the Arc Lodge Aberdare that overlooks scenic watering hole and enjoy game viewing of the beautiful park.<\/li>\n<li>Overnight stay at Aberdare.<\/li>\n<\/ul>\n[\/info_list_son][info_list_son style=\u00a0\u00bbicon\u00a0\u00bb size=\u00a0\u00bb10&Prime; width=\u00a0\u00bb20&Prime; height=\u00a0\u00bb20&Prime; titleclr=\u00a0\u00bb#811a18&Prime; icon=\u00a0\u00bbfas fa-dot-circle\u00a0\u00bb iconclr=\u00a0\u00bb#811a18&Prime; title=\u00a0\u00bbDAY 2: LAKE NAKURU NATIONAL PARK\u00a0\u00bb lineheight=\u00a0\u00bb2&Prime;]\n<ul>\n<li>Early Morning Breakfast at the Arc.<\/li>\n<li>Depart Aberdares for Lake Nakuru National Park (approx. 4-5 hours).<\/li>\n<li>Check-in at your lodge located near the lake.<\/li>\n<li>Embark on an afternoon game drive, known for its flamingo population.<\/li>\n<li>Afternoon Game drive at the Park till sunset.<\/li>\n<li>Dinner at the Lodge.<\/li>\n<li>Overnight stay at Lake Nakuru<\/li>\n<\/ul>\n[\/info_list_son][info_list_son style=\u00a0\u00bbicon\u00a0\u00bb size=\u00a0\u00bb10&Prime; width=\u00a0\u00bb20&Prime; height=\u00a0\u00bb20&Prime; titleclr=\u00a0\u00bb#811a18&Prime; icon=\u00a0\u00bbfas fa-dot-circle\u00a0\u00bb iconclr=\u00a0\u00bb#811a18&Prime; title=\u00a0\u00bbDAY 3: MASAI MARA GAME RESERVE\u00a0\u00bb lineheight=\u00a0\u00bb2&Prime;]\n<ul>\n<li>Early morning Breakfast at the Hotel.<\/li>\n<li>Depart Lake Nakuru for the world-famous Masai Mara.<\/li>\n<li>Arrive for lunch at your tented camp or lodge.<\/li>\n<li>Unwind and relax.<\/li>\n<li>Enjoy afternoon game drives to witness the incredible wildlife.<\/li>\n<li>Dinner at the Hotel.<\/li>\n<li>Retire for the Night.<\/li>\n<\/ul>\n[\/info_list_son][info_list_son style=\u00a0\u00bbicon\u00a0\u00bb size=\u00a0\u00bb10&Prime; width=\u00a0\u00bb20&Prime; height=\u00a0\u00bb20&Prime; titleclr=\u00a0\u00bb#811a18&Prime; icon=\u00a0\u00bbfas fa-dot-circle\u00a0\u00bb iconclr=\u00a0\u00bb#811a18&Prime; title=\u00a0\u00bbDAY 4: MASAI MARA GAME RESERVE\u00a0\u00bb lineheight=\u00a0\u00bb2&Prime;]\n<ul>\n<li>Enjoy an early breakfast at the Lodge\/Tented Camp<\/li>\n<li>Game Drive<\/li>\n<li>Immerse yourself in the Mara&rsquo;s rich ecosystem and capture stunning photographs including of the Great Migration (season-dependent).<\/li>\n<li>Lunch Served as picnic in the Savannah<\/li>\n<li>Return to the Lodge\/Tented Camp<\/li>\n<li>Enjoy Dinner at the lodge and partake in activities at your leisure.<\/li>\n<\/ul>\n[\/info_list_son][info_list_son style=\u00a0\u00bbicon\u00a0\u00bb size=\u00a0\u00bb10&Prime; width=\u00a0\u00bb20&Prime; height=\u00a0\u00bb20&Prime; titleclr=\u00a0\u00bb#811a18&Prime; icon=\u00a0\u00bbfas fa-dot-circle\u00a0\u00bb iconclr=\u00a0\u00bb#811a18&Prime; title=\u00a0\u00bbDAY 5: LAKE NAIVASHA\u00a0\u00bb lineheight=\u00a0\u00bb2&Prime;]\n<ul>\n<li>Partake in an early morning Breakfast at the lodge.<\/li>\n<li>Depart Masai Mara and head to Lake Naivasha<\/li>\n<li>Check-in at your lakeside accommodation<\/li>\n<li>Enjoy Lunch at your Accommodation and relax and unwind.<\/li>\n<li>Take a boat ride on the lake and visit Crescent Island, known for its wildlife<\/li>\n<li>Return to your lodge for a scrumptious dinner and retire for the night.<\/li>\n<\/ul>\n[\/info_list_son][info_list_son style=\u00a0\u00bbicon\u00a0\u00bb size=\u00a0\u00bb10&Prime; width=\u00a0\u00bb20&Prime; height=\u00a0\u00bb20&Prime; titleclr=\u00a0\u00bb#811a18&Prime; icon=\u00a0\u00bbfas fa-dot-circle\u00a0\u00bb iconclr=\u00a0\u00bb#811a18&Prime; title=\u00a0\u00bbDAY 6: LAKE NAIVASHA\u00a0\u00bb lineheight=\u00a0\u00bb2&Prime;]\n<ul>\n<li>Early Moring Breakfast at the Lodge<\/li>\n<li>Explore Hells Gate National Park on a cycling or walking safari (at an extra cost)<\/li>\n<li>Optional activities include birdwatching, horseback riding, or a visit to Elsamere Conservation Centre (at an extra cost)<\/li>\n<li>Retire to the lodge for a delectable dinner and partake in activities of your choosing or retire for the night at your leisure.<\/li>\n<\/ul>\n[\/info_list_son][info_list_son style=\u00a0\u00bbicon\u00a0\u00bb size=\u00a0\u00bb10&Prime; width=\u00a0\u00bb20&Prime; height=\u00a0\u00bb20&Prime; titleclr=\u00a0\u00bb#811a18&Prime; icon=\u00a0\u00bbfas fa-dot-circle\u00a0\u00bb iconclr=\u00a0\u00bb#811a18&Prime; title=\u00a0\u00bbDAY 7: AMBOSELI NATIONAL PARK\u00a0\u00bb lineheight=\u00a0\u00bb2&Prime;]\n<ul>\n<li>Enjoy a hearty early morning breakfast.<\/li>\n<li>Depart Lake Naivasha for Amboseli National Park<\/li>\n<li>Check-in at your lodge with stunning views of Mount Kilimanjaro<\/li>\n<li>Relax and unwind at your leisure.<\/li>\n<li>Indulge in dinner at the lodge and retire for the night.<\/li>\n<\/ul>\n[\/info_list_son][info_list_son style=\u00a0\u00bbicon\u00a0\u00bb size=\u00a0\u00bb10&Prime; width=\u00a0\u00bb20&Prime; height=\u00a0\u00bb20&Prime; titleclr=\u00a0\u00bb#811a18&Prime; icon=\u00a0\u00bbfas fa-dot-circle\u00a0\u00bb iconclr=\u00a0\u00bb#811a18&Prime; title=\u00a0\u00bbDAY 8: AMBOSELI NATIONAL PARK\u00a0\u00bb lineheight=\u00a0\u00bb2&Prime;]\n<ul>\n<li>Enjoy a hearty early morning breakfast.<\/li>\n<li>Marvel at the majestic Mount Kilimanjaro and capture memorable photographs<\/li>\n<li>Embark upon a game drive to experience all the flora and fauna indigenous to that region.<\/li>\n<li>Lunch is served Picnic Style in the Bush.<\/li>\n<li>Continue of the scenic game drive taking in the scenery and making new memories.<\/li>\n<li>Retire to the Lodge for a delicious meal and to unwind at your leisure.<\/li>\n<li>Retire for the night.<\/li>\n<\/ul>\n[\/info_list_son][info_list_son style=\u00a0\u00bbicon\u00a0\u00bb size=\u00a0\u00bb10&Prime; width=\u00a0\u00bb20&Prime; height=\u00a0\u00bb20&Prime; titleclr=\u00a0\u00bb#811a18&Prime; icon=\u00a0\u00bbfas fa-dot-circle\u00a0\u00bb iconclr=\u00a0\u00bb#811a18&Prime; title=\u00a0\u00bbDAY 9:AMBOSELI NATIONAL PARK TO DIANI BEACH\u00a0\u00bb lineheight=\u00a0\u00bb2&Prime;]\n<ul>\n<li>Early morning breakfast at the lodge.<\/li>\n<li>Depart Amboseli for Emali Train Station for the 9 AM train.<\/li>\n<li>Board the train and head for Mombasa arriving at 2pm.<\/li>\n<li>Meet and Great team from Mufasa will receive you at the strain station and transfer you to the resort.<\/li>\n<li>Check-in at your resort and enjoy the beauty of the Indian Ocean<\/li>\n<li>Relax on the white sandy beaches, swim in turquoise waters, and indulge in water sports (at an extra cost.<\/li>\n<li>Unwind at your leisure<\/li>\n<li>Enjoy a sumptuous dinner and retire at your leisure.<\/li>\n<\/ul>\n[\/info_list_son][info_list_son style=\u00a0\u00bbicon\u00a0\u00bb size=\u00a0\u00bb10&Prime; width=\u00a0\u00bb20&Prime; height=\u00a0\u00bb20&Prime; titleclr=\u00a0\u00bb#811a18&Prime; icon=\u00a0\u00bbfas fa-dot-circle\u00a0\u00bb iconclr=\u00a0\u00bb#811a18&Prime; title=\u00a0\u00bbDAY 10 &amp; 11 : DIANI BEACH\u00a0\u00bb lineheight=\u00a0\u00bb2&Prime;]\n<ul>\n<li>Enjoy a filling morning breakfast at the resort.<\/li>\n<li>Relax on the white sandy beaches, swim in turquoise waters, and indulge in water sports (at an extra cost.<\/li>\n<li>Optional activities include snorkelling, scuba diving, or exploring nearby marine reserves (at an extra cost)<\/li>\n<li>Enjoy Lunch at your resort while indulging in marvellous seafood and coastal inspired dishes.<\/li>\n<li>Take time to unwind, soak up the sun, and enjoy the vibrant beach atmosphere.<\/li>\n<li>Partake in activities of your choosing at your leisure<\/li>\n<li>Enjoy a scrumptious dinner at the resort and retire to prepare for your upcoming Journey back.<\/li>\n<\/ul>\n[\/info_list_son][info_list_son style=\u00a0\u00bbicon\u00a0\u00bb size=\u00a0\u00bb10&Prime; width=\u00a0\u00bb20&Prime; height=\u00a0\u00bb20&Prime; titleclr=\u00a0\u00bb#811a18&Prime; icon=\u00a0\u00bbfas fa-dot-circle\u00a0\u00bb iconclr=\u00a0\u00bb#811a18&Prime; title=\u00a0\u00bbDAY 12 : DIANI BEACH TO NAIROBI\u00a0\u00bb lineheight=\u00a0\u00bb2&Prime;]\n<ul>\n<li>Enjoy a tasty breakfast at the resort.<\/li>\n<li>Check out from the resort where our hospitality team will be waiting to meet you and facilitate your transfer to Ukunda Airstrip.<\/li>\n<li>Departure and Transfer to the airport.<\/li>\n<\/ul>\n[\/info_list_son][\/info_list_father][vc_btn title=\u00a0\u00bbObtenir un devis\u00a0\u00bb style=\u00a0\u00bboutline-custom\u00a0\u00bb outline_custom_color=\u00a0\u00bb#890000&Prime; outline_custom_hover_background=\u00a0\u00bb#890000&Prime; outline_custom_hover_text=\u00a0\u00bb#ffffff\u00a0\u00bb shape=\u00a0\u00bbsquare\u00a0\u00bb size=\u00a0\u00bbsm\u00a0\u00bb align=\u00a0\u00bbcenter\u00a0\u00bb i_align=\u00a0\u00bbright\u00a0\u00bb i_icon_fontawesome=\u00a0\u00bbfas fa-angle-right\u00a0\u00bb add_icon=\u00a0\u00bbtrue\u00a0\u00bb link=\u00a0\u00bburl:https%3A%2F%2Fmufasatoursandtravels.com%2Ffr%2Fdemander-un-devis%2F|title:Demander%20un%20devis|\u00a0\u00bb][\/vc_tta_section][vc_tta_section title=\u00a0\u00bbInclusif\/Exclusif\u00a0\u00bb tab_id=\u00a0\u00bb1633455601016-f93699bc-5d92&Prime;][vc_row_inner][vc_column_inner width=\u00a0\u00bb1\/2&Prime;][info_list_father listclr=\u00a0\u00bb#f8f8f8&Prime;][info_list_son style=\u00a0\u00bbicon\u00a0\u00bb size=\u00a0\u00bb15&Prime; width=\u00a0\u00bb20&Prime; height=\u00a0\u00bb20&Prime; titleclr=\u00a0\u00bb#890000&Prime; icon=\u00a0\u00bbfas fa-plus-circle\u00a0\u00bb iconclr=\u00a0\u00bb#890000&Prime; title=\u00a0\u00bbINCLUS\u00a0\u00bb lineheight=\u00a0\u00bb2&Prime; iconbg=\u00a0\u00bb#f8f8f8&Prime;]\n<ul>\n<li>Frais de parc au parc indiqu\u00e9.<\/li>\n<li>Transport dans un fourgon \u00e0 toit ouvert.<\/li>\n<li>Service d\u2019un chauffeur guide professionnel.<\/li>\n<li>Repas en pension compl\u00e8te au lodge \/ camp.<\/li>\n<li>9 nuits d\u2019h\u00e9bergement \u00e0 l\u2019h\u00f4tel respectif indiqu\u00e9.<\/li>\n<li>Eau \u00e0 volont\u00e9 dans le v\u00e9hicule.<\/li>\n<\/ul>\n<p>&nbsp;[\/info_list_son][\/info_list_father][\/vc_column_inner][vc_column_inner width=\u00a0\u00bb1\/2&Prime;][info_list_father listclr=\u00a0\u00bb#f8f8f8&Prime;][info_list_son style=\u00a0\u00bbicon\u00a0\u00bb size=\u00a0\u00bb15&Prime; width=\u00a0\u00bb20&Prime; height=\u00a0\u00bb20&Prime; titleclr=\u00a0\u00bb#890000&Prime; icon=\u00a0\u00bbfas fa-minus-circle\u00a0\u00bb iconclr=\u00a0\u00bb#811a18&Prime; title=\u00a0\u00bbEXCLU\u00a0\u00bb lineheight=\u00a0\u00bb2&Prime; iconbg=\u00a0\u00bb#f8f8f8&Prime;]\n<ul>\n<li>Visite culturelle du village Masa\u00ef @ 20 $ par personne.<\/li>\n<li>Pourboires au chauffeur-guide (<strong>fortement recommand\u00e9<\/strong>).<\/li>\n<li>Objets personnels (Souvenirs, assurance voyage, frais de visa, etc.).<\/li>\n<li>H\u00e9bergement suppl\u00e9mentaire avant et \u00e0 la fin de la visite.<\/li>\n<li>Le gouvernement a impos\u00e9 une augmentation des taxes et\/ou des frais de parc.<\/li>\n<li>Vols en montgolfi\u00e8re @ 505 $ par adulte \/ 380 $ par enfant (<strong>moins de 18 ans<\/strong>).<\/li>\n<\/ul>\n<p>&nbsp;[\/info_list_son][\/info_list_father][\/vc_column_inner][\/vc_row_inner][\/vc_tta_section][\/vc_tta_tabs][\/vc_column][\/vc_row][vc_row][vc_column el_id=\u00a0\u00bbdisclaimer\u00a0\u00bb][vc_column_text]\n<p style=\"text-align: left;\"><strong>D\u00c9MENTI.<\/strong><\/p>\n<ul>\n<li>Cette visite est propos\u00e9e par <a href=\"https:\/\/mufasatoursandtravels.com\/fr\/\">Mufasa Tours and Travels<\/a>.<\/li>\n<li>Tous nos safaris sont priv\u00e9s.<\/li>\n<li>Les enfants \u00e2g\u00e9s de 0 \u00e0 2 ans sont gratuits.<\/li>\n<li>Les enfants \u00e2g\u00e9s de 3 \u00e0 12 ans paient 50&nbsp;% du tarif adulte lorsqu\u2019ils partagent la m\u00eame chambre avec des adultes.<\/li>\n<li>Les enfants \u00e2g\u00e9s de 3 \u00e0 12 ans paient 75 % du tarif adulte lorsqu\u2019ils s\u00e9journent dans leur propre chambre s\u00e9par\u00e9e de celle des adultes.<\/li>\n<li>Les enfants de plus de 12 ans sont reconnus comme des adultes dans les camps et les pavillons.<\/li>\n<li>Nous nous r\u00e9servons le droit de modifier le programme tel qu\u2019annonc\u00e9.<\/li>\n<li>Si un logement est complet, nous vous proposerons des options alternatives comparables.<\/li>\n<li>L\u2019ordre exact, le contenu et les tarifs de cette visite sont soumis \u00e0 disponibilit\u00e9.<\/li>\n<li>Cette visite est soumise aux <a href=\"https:\/\/mufasatoursandtravels.com\/terms-and-conditions\/\">termes et conditions<\/a> de <a href=\"https:\/\/mufasatoursandtravels.com\/fr\/\">Mufasa Tours and Travels.<\/a><\/li>\n<\/ul>\n[\/vc_column_text][\/vc_column][\/vc_row]\n","protected":false},"excerpt":{"rendered":"<p>[vc_row full_width=\u00a0\u00bbstretch_row\u00a0\u00bb gap=\u00a0\u00bb1&Prime;][vc_column parallax=\u00a0\u00bbcontent-moving\u00a0\u00bb parallax_image=\u00a0\u00bb11270&Prime; css=\u00a0\u00bb.vc_custom_1687418546706{padding-top: 80px !important;padding-right: 80px !important;padding-bottom: 80px !important;padding-left: 80px !important;}\u00a0\u00bb][vc_custom_heading text=\u00a0\u00bbTEMBEA KENYA SAFARI\u00a0\u00bb font_container=\u00a0\u00bbtag:h1|font_size:32|text_align:center|color:%23ffffff\u00a0\u00bb google_fonts=\u00a0\u00bbfont_family:Roboto%3A100%2C100italic%2C300%2C300italic%2Cregular%2Citalic%2C500%2C500italic%2C700%2C700italic%2C900%2C900italic|font_style:400%20regular%3A400%3Anormal\u00a0\u00bb][vc_separator color=\u00a0\u00bbcustom\u00a0\u00bb border_width=\u00a0\u00bb2&Prime; el_width=\u00a0\u00bb50&Prime; accent_color=\u00a0\u00bb#f8f8f8&Prime;][vc_custom_heading text=\u00a0\u00bbAberdare \u21fe L. Nakuru \u21fe Masai Mara \u21fe L. Naivasha \u21fe Amboseli \u21fe Diani\u00a0\u00bb font_container=\u00a0\u00bbtag:h2|font_size:18|text_align:center|color:%23ffffff\u00a0\u00bb google_fonts=\u00a0\u00bbfont_family:Roboto%3A100%2C100italic%2C300%2C300italic%2Cregular%2Citalic%2C500%2C500italic%2C700%2C700italic%2C900%2C900italic|font_style:400%20regular%3A400%3Anormal\u00a0\u00bb][\/vc_column][\/vc_row][vc_row][vc_column css=\u00a0\u00bb.vc_custom_1673438873315{border-top-width: 10px !important;border-right-width: 10px !important;border-bottom-width: 10px !important;border-left-width: 10px !important;}\u00a0\u00bb][vc_tta_tabs shape=\u00a0\u00bbsquare\u00a0\u00bb color=\u00a0\u00bbjuicy-pink\u00a0\u00bb alignment=\u00a0\u00bbcenter\u00a0\u00bb active_section=\u00a0\u00bb1&Prime; no_fill_content_area=\u00a0\u00bbtrue\u00a0\u00bb][vc_tta_section title=\u00a0\u00bbProgramme\u00a0\u00bb tab_id=\u00a0\u00bb1633454673222-3d94f956-010c\u00a0\u00bb][info_list_father [&hellip;]<\/p>\n","protected":false},"author":1,"featured_media":0,"parent":27946,"menu_order":4,"comment_status":"closed","ping_status":"closed","template":"","meta":{"_themeisle_gutenberg_block_has_review":false,"footnotes":""},"class_list":["post-32232","page","type-page","status-publish","hentry"],"_links":{"self":[{"href":"https:\/\/mufasatoursandtravels.com\/fr\/wp-json\/wp\/v2\/pages\/32232","targetHints":{"allow":["GET"]}}],"collection":[{"href":"https:\/\/mufasatoursandtravels.com\/fr\/wp-json\/wp\/v2\/pages"}],"about":[{"href":"https:\/\/mufasatoursandtravels.com\/fr\/wp-json\/wp\/v2\/types\/page"}],"author":[{"embeddable":true,"href":"https:\/\/mufasatoursandtravels.com\/fr\/wp-json\/wp\/v2\/users\/1"}],"replies":[{"embeddable":true,"href":"https:\/\/mufasatoursandtravels.com\/fr\/wp-json\/wp\/v2\/comments?post=32232"}],"version-history":[{"count":1,"href":"https:\/\/mufasatoursandtravels.com\/fr\/wp-json\/wp\/v2\/pages\/32232\/revisions"}],"predecessor-version":[{"id":32234,"href":"https:\/\/mufasatoursandtravels.com\/fr\/wp-json\/wp\/v2\/pages\/32232\/revisions\/32234"}],"up":[{"embeddable":true,"href":"https:\/\/mufasatoursandtravels.com\/fr\/wp-json\/wp\/v2\/pages\/27946"}],"wp:attachment":[{"href":"https:\/\/mufasatoursandtravels.com\/fr\/wp-json\/wp\/v2\/media?parent=32232"}],"curies":[{"name":"wp","href":"https:\/\/api.w.org\/{rel}","templated":true}]}}