{"id":32274,"date":"2023-03-04T17:44:45","date_gmt":"2023-03-04T14:44:45","guid":{"rendered":"https:\/\/mufasatoursandtravels.com\/destinations\/parc-national-impenetrable-de-bwindi\/"},"modified":"2025-04-10T15:59:59","modified_gmt":"2025-04-10T12:59:59","slug":"parc-national-impenetrable-de-bwindi","status":"publish","type":"page","link":"https:\/\/mufasatoursandtravels.com\/fr\/destinations\/parc-national-impenetrable-de-bwindi\/","title":{"rendered":"Parc national imp\u00e9n\u00e9trable de Bwindi"},"content":{"rendered":"[vc_row css=\u00a0\u00bb.vc_custom_1687882484603{background: rgba(0,0,0,0.47) url(https:\/\/mufasatoursandtravels.com\/wp-content\/uploads\/2022\/05\/exDxHdJwZ.jpg?id=7471) !important;background-position: center !important;background-repeat: no-repeat !important;background-size: cover !important;*background-color: rgb(0,0,0) !important;}\u00a0\u00bb][vc_column css=\u00a0\u00bb.vc_custom_1687869367906{padding-top: 30px !important;padding-right: 50px !important;padding-bottom: 30px !important;padding-left: 50px !important;background-color: rgba(0,0,0,0.57) !important;*background-color: rgb(0,0,0) !important;}\u00a0\u00bb][vc_custom_heading text=\u00a0\u00bbParc national imp\u00e9n\u00e9trable de Bwindi, Ouganda\u00a0\u00bb font_container=\u00a0\u00bbtag:h1|font_size:28|text_align:center|color:%23ffffff\u00a0\u00bb use_theme_fonts=\u00a0\u00bbyes\u00a0\u00bb el_class=\u00a0\u00bbcustom-opacity-text\u00a0\u00bb css=\u00a0\u00bb.vc_custom_1687882549512{margin-top: 30px !important;}\u00a0\u00bb][vc_empty_space][vc_btn title=\u00a0\u00bbExplorez avec nous\u00a0\u00bb style=\u00a0\u00bboutline\u00a0\u00bb shape=\u00a0\u00bbround\u00a0\u00bb align=\u00a0\u00bbcenter\u00a0\u00bb link=\u00a0\u00bburl:https%3A%2F%2Fmufasatoursandtravels.com%2Ffr%2Fdemander-un-devis%2F|\u00a0\u00bb][\/vc_column][\/vc_row][vc_row][vc_column][vc_tta_tabs shape=\u00a0\u00bbsquare\u00a0\u00bb color=\u00a0\u00bbjuicy-pink\u00a0\u00bb alignment=\u00a0\u00bbcenter\u00a0\u00bb active_section=\u00a0\u00bb1&Prime; no_fill_content_area=\u00a0\u00bbtrue\u00a0\u00bb][vc_tta_section title=\u00a0\u00bbEnviron\u00a0\u00bb tab_id=\u00a0\u00bb1636302233132-39a30584-a642&Prime;][info_list_father][info_list_son style=\u00a0\u00bbicon\u00a0\u00bb size=\u00a0\u00bb20&Prime; width=\u00a0\u00bb25&Prime; height=\u00a0\u00bb25&Prime; titleclr=\u00a0\u00bb#800000&Prime; icon=\u00a0\u00bbfas fa-question-circle\u00a0\u00bb title=\u00a0\u00bbParc national imp\u00e9n\u00e9trable de Bwindi : une exp\u00e9rience inoubliable\u00a0\u00bb]\n<div>\n<div>Le parc national imp\u00e9n\u00e9trable de Bwindi est une <a href=\"https:\/\/mufasatoursandtravels.com\/fr\/destinations\/\">destination de safari<\/a> renomm\u00e9e en <a href=\"https:\/\/mufasatoursandtravels.com\/fr\/safari-en-ouganda\/\">Ouganda<\/a>, c\u00e9l\u00e8bre pour sa for\u00eat dense et ses gorilles de montagne rares. Le parc est situ\u00e9 dans le sud-ouest de l\u2019Ouganda et couvre une superficie d\u2019environ 321 kilom\u00e8tres carr\u00e9s. Avec son \u00e9cosyst\u00e8me unique, sa faune diversifi\u00e9e et ses paysages \u00e0 couper le souffle, le parc national imp\u00e9n\u00e9trable de Bwindi offre une exp\u00e9rience inoubliable aux visiteurs du monde entier. Qu\u2019il s\u2019agisse de randonn\u00e9es dans des for\u00eats denses ou de rencontres avec certains des primates les plus menac\u00e9s au monde, le parc offre une exp\u00e9rience immersive. Le terrain accident\u00e9 du parc, ses montagnes brumeuses et sa faune abondante en font une destination id\u00e9ale pour les amoureux de la nature et les amateurs d\u2019aventure. Que vous soyez \u00e0 la recherche d\u2019une exp\u00e9dition de trekking avec des gorilles ou d\u2019une promenade paisible dans la nature, le <a href=\"https:\/\/mufasatoursandtravels.com\/uganda-safari\/3-day-gorilla-trekking\/\">parc national imp\u00e9n\u00e9trable de Bwindi<\/a> promet une exp\u00e9rience de safari inoubliable qui restera grav\u00e9e dans votre m\u00e9moire pour toujours.     <\/div>\n<\/div>\n<p>&nbsp;[\/info_list_son][info_list_son style=\u00a0\u00bbicon\u00a0\u00bb size=\u00a0\u00bb20&Prime; width=\u00a0\u00bb25&Prime; height=\u00a0\u00bb25&Prime; titleclr=\u00a0\u00bb#800000&Prime; icon=\u00a0\u00bbfas fa-binoculars\u00a0\u00bb title=\u00a0\u00bbLa for\u00eat imp\u00e9n\u00e9trable de Bwindi : un site du patrimoine mondial\u00a0\u00bb]\n<div>\n<div>La for\u00eat imp\u00e9n\u00e9trable de Bwindi est un site du patrimoine mondial de l\u2019UNESCO qui abrite plus de 400 gorilles de montagne, ce qui en fait l\u2019une des zones de conservation les plus importantes d\u2019Afrique. La for\u00eat abrite \u00e9galement plus de 120 esp\u00e8ces de mammif\u00e8res, dont des \u00e9l\u00e9phants, des chimpanz\u00e9s et diverses esp\u00e8ces de singes, ainsi que plus de 350 esp\u00e8ces d\u2019oiseaux. Les visiteurs de la for\u00eat imp\u00e9n\u00e9trable de Bwindi peuvent participer \u00e0 des promenades guid\u00e9es dans la nature, \u00e0 des excursions d\u2019observation des oiseaux et \u00e0 des exp\u00e9ditions de trekking avec des gorilles.  <\/div>\n<\/div>\n[\/info_list_son][info_list_son style=\u00a0\u00bbicon\u00a0\u00bb size=\u00a0\u00bb20&Prime; width=\u00a0\u00bb25&Prime; height=\u00a0\u00bb25&Prime; titleclr=\u00a0\u00bb#800000&Prime; icon=\u00a0\u00bbfas fa-paw\u00a0\u00bb title=\u00a0\u00bbTrekking des gorilles de Bwindi : une exp\u00e9rience unique dans une vie\u00a0\u00bb]\n<div>\n<div><a href=\"https:\/\/mufasatoursandtravels.com\/?page_id=7670\">Le trekking des gorilles de Bwindi<\/a> est l\u2019une des activit\u00e9s les plus populaires du parc, permettant aux visiteurs de se rapprocher des gorilles de montagne en voie de disparition. Le trek consiste \u00e0 faire une randonn\u00e9e \u00e0 travers la for\u00eat dense pour suivre et observer les gorilles dans leur habitat naturel. L\u2019exp\u00e9rience est tr\u00e8s r\u00e9glement\u00e9e pour assurer la s\u00e9curit\u00e9 et le bien-\u00eatre des gorilles et des visiteurs. Le parc national imp\u00e9n\u00e9trable de Bwindi est l\u2019un des rares endroits o\u00f9 les visiteurs peuvent vivre cette exp\u00e9rience unique.   <\/div>\n<\/div>\n<div><\/div>\n<div>\n<p class=\"code-line\" dir=\"auto\" data-line=\"31\">Le parc est divis\u00e9 en quatre secteurs, chacun avec ses propres familles de gorilles et ses propres itin\u00e9raires de trekking :<\/p>\n<p class=\"code-line\" dir=\"auto\" data-line=\"33\"><strong>Secteur de Buhoma :<\/strong> C\u2019est le secteur le plus fr\u00e9quent\u00e9 du parc et il abrite certaines des familles de gorilles les plus populaires. Les groupes Mubare, Habinyanja et Rushegura sont tous situ\u00e9s dans cette r\u00e9gion, et le trekking ici peut \u00eatre assez difficile en raison des pentes abruptes et de la v\u00e9g\u00e9tation dense. <\/p>\n<p class=\"code-line\" dir=\"auto\" data-line=\"35\"><strong>Secteur de Ruhija :<\/strong> Ce secteur est situ\u00e9 sur le c\u00f4t\u00e9 est du parc et est moins fr\u00e9quent\u00e9 que le secteur de Buhoma. Les visiteurs peuvent y faire une randonn\u00e9e jusqu\u2019aux familles de gorilles d\u2019Oruzogo, de Bitukura et de Kyaguliro, connues pour leur nature ludique et leurs paysages magnifiques. <\/p>\n<p class=\"code-line\" dir=\"auto\" data-line=\"37\"><strong>Secteur de Rushaga :<\/strong> Le secteur de Rushaga est situ\u00e9 dans la partie sud du parc et abrite le plus grand nombre de familles de gorilles. Les visiteurs peuvent faire une randonn\u00e9e chez les groupes Nshongi, Kahungye, Busingye et Mishaya. <\/p>\n<p class=\"code-line\" dir=\"auto\" data-line=\"39\"><strong>Secteur de Nkuringo :<\/strong> Ce secteur est situ\u00e9 dans la partie sud-ouest du parc et offre certaines des vues les plus spectaculaires du parc. Les visiteurs peuvent y faire une randonn\u00e9e jusqu\u2019aux familles de gorilles Nkuringo et Bushaho. <\/p>\n<\/div>\n<p>&nbsp;[\/info_list_son][info_list_son style=\u00a0\u00bbicon\u00a0\u00bb size=\u00a0\u00bb20&Prime; width=\u00a0\u00bb25&Prime; height=\u00a0\u00bb25&Prime; titleclr=\u00a0\u00bb#800000&Prime; icon=\u00a0\u00bbfas fa-hotel\u00a0\u00bb title=\u00a0\u00bbBwindi Safari Lodge : une retraite luxueuse\u00a0\u00bb]Le Bwindi Safari Lodge est un havre de paix luxueux situ\u00e9 au c\u0153ur du parc national imp\u00e9n\u00e9trable de Bwindi. Le lodge offre une vue imprenable sur la for\u00eat et constitue le point de d\u00e9part id\u00e9al pour les visiteurs qui souhaitent explorer la faune et la beaut\u00e9 naturelle du parc. Le lodge propose des h\u00e9bergements confortables, un restaurant servant une cuisine locale et internationale, ainsi qu\u2019une gamme d\u2019activit\u00e9s, notamment des randonn\u00e9es avec des gorilles et des promenades guid\u00e9es dans la nature.  [\/info_list_son][info_list_son style=\u00a0\u00bbicon\u00a0\u00bb size=\u00a0\u00bb20&Prime; width=\u00a0\u00bb25&Prime; height=\u00a0\u00bb25&Prime; titleclr=\u00a0\u00bb#800000&Prime; icon=\u00a0\u00bbfas fa-hotel\u00a0\u00bb title=\u00a0\u00bbBwindi Gorilla Lodge : une exp\u00e9rience intime pour les gorilles\u00a0\u00bb]\n<p class=\"code-line\" dir=\"auto\" data-line=\"51\"><a href=\"https:\/\/www.mountaingorillalodge.com\/\" target=\"_blank\" rel=\"dofollow noopener\">Bwindi Gorilla Lodge<\/a> est un lodge de charme qui offre une exp\u00e9rience intime des gorilles. Le lodge est situ\u00e9 pr\u00e8s du d\u00e9but du sentier de trekking des gorilles du parc, ce qui permet aux visiteurs d\u2019acc\u00e9der facilement \u00e0 l\u2019habitat des gorilles. Le lodge propose des chambres spacieuses et confortables, un restaurant servant une cuisine locale et internationale, ainsi qu\u2019une gamme d\u2019activit\u00e9s, notamment des promenades guid\u00e9es dans la nature et des visites culturelles dans les communaut\u00e9s voisines.  <\/p>\n<p>&nbsp;[\/info_list_son][info_list_son style=\u00a0\u00bbicon\u00a0\u00bb size=\u00a0\u00bb20&Prime; width=\u00a0\u00bb25&Prime; height=\u00a0\u00bb25&Prime; titleclr=\u00a0\u00bb#800000&Prime; icon=\u00a0\u00bbfas fa-bath\u00a0\u00bb title=\u00a0\u00bbParc national de Bwindi : H\u00e9bergement\u00a0\u00bb]Le parc national imp\u00e9n\u00e9trable de Bwindi offre des options d\u2019h\u00e9bergement uniques qui permettent aux visiteurs de s\u00e9journer au c\u0153ur de la for\u00eat. Bwindi Safari Lodge et Bwindi Gorilla Lodge sont deux exemples de lodges \u00e9cologiques qui offrent un s\u00e9jour confortable et durable tout en permettant aux clients de s\u2019immerger dans la beaut\u00e9 naturelle du parc. S\u00e9journer dans ces pavillons permet \u00e9galement aux visiteurs de d\u00e9couvrir de pr\u00e8s la faune du parc, car les animaux errent souvent \u00e0 proximit\u00e9 des pavillons.  [\/info_list_son][info_list_son style=\u00a0\u00bbicon\u00a0\u00bb size=\u00a0\u00bb20&Prime; width=\u00a0\u00bb25&Prime; height=\u00a0\u00bb25&Prime; titleclr=\u00a0\u00bb#800000&Prime; icon=\u00a0\u00bbfas fa-blind\u00a0\u00bb title=\u00a0\u00bbActivit\u00e9s au parc national de Bwindi\u00a0\u00bb]<strong>Trekking des gorilles :<\/strong> Le trekking des gorilles est l\u2019attraction principale du parc national imp\u00e9n\u00e9trable de Bwindi. Les visiteurs peuvent faire des randonn\u00e9es guid\u00e9es pour suivre et observer les gorilles de montagne en voie de disparition dans leur habitat naturel. Le trekking des gorilles est une exp\u00e9rience unique dans une vie qui vous permet de vous rapprocher de ces animaux incroyables.  <\/p>\n<p><strong>Promenades dans la nature :<\/strong> Les promenades guid\u00e9es dans la nature sont un excellent moyen d\u2019explorer la for\u00eat dense du parc et de voir sa faune diversifi\u00e9e. Les visiteurs peuvent choisir parmi diff\u00e9rents sentiers de randonn\u00e9e, chacun offrant une exp\u00e9rience unique. Les promenades sont dirig\u00e9es par des guides exp\u00e9riment\u00e9s qui vous aideront \u00e0 rep\u00e9rer diverses esp\u00e8ces d\u2019animaux et d\u2019oiseaux et vous renseigneront sur l\u2019\u00e9cosyst\u00e8me du parc.  <\/p>\n<p><strong>Observation des oiseaux&nbsp;:<\/strong> Le parc national imp\u00e9n\u00e9trable de Bwindi abrite plus de 350 esp\u00e8ces d\u2019oiseaux, ce qui en fait un paradis pour les ornithologues. Les visiteurs peuvent participer \u00e0 des visites guid\u00e9es d\u2019observation des oiseaux pour voir diverses esp\u00e8ces d\u2019oiseaux, notamment le bec vert africain, le gu\u00eapier noir et le gobemouche noir aux yeux jaunes. <\/p>\n<p><strong>Visites culturelles :<\/strong> Les visiteurs du parc peuvent \u00e9galement faire des visites culturelles dans les communaut\u00e9s voisines pour en apprendre davantage sur la culture et le mode de vie locaux. Vous pouvez visiter des fermes traditionnelles, rencontrer la population locale et participer \u00e0 des activit\u00e9s culturelles comme la danse et la musique. <\/p>\n<p><strong>Safaris :<\/strong> Bien que le parc soit principalement connu pour ses gorilles, il abrite \u00e9galement diverses autres esp\u00e8ces sauvages, notamment des \u00e9l\u00e9phants, des chimpanz\u00e9s et des esp\u00e8ces de singes. Les visiteurs peuvent faire des safaris pour voir ces animaux dans leur habitat naturel. <\/p>\n<p><strong>Sentier Batwa :<\/strong> Le Batwa Trail est une exp\u00e9rience culturelle unique qui permet aux visiteurs d\u2019en apprendre davantage sur le mode de vie traditionnel du peuple Batwa, qui \u00e9tait le premier habitant de la for\u00eat. Le sentier comprend des visites aux communaut\u00e9s Batwa, des spectacles culturels et l\u2019apprentissage des m\u00e9thodes traditionnelles de chasse et de cueillette. <\/p>\n<p>Le parc national imp\u00e9n\u00e9trable de Bwindi est une destination incontournable pour tous ceux qui veulent d\u00e9couvrir la beaut\u00e9 de la faune et des paysages naturels de l\u2019Ouganda. De la randonn\u00e9e avec les gorilles aux promenades guid\u00e9es dans la nature, les visiteurs peuvent profiter de diverses activit\u00e9s qui offrent un aper\u00e7u de l\u2019\u00e9cosyst\u00e8me unique et de la faune diversifi\u00e9e du parc. Que vous s\u00e9journiez au Bwindi Safari Lodge ou au Bwindi Gorilla Lodge, vous \u00eates assur\u00e9 de vivre une exp\u00e9rience luxueuse et inoubliable que vous ch\u00e9rirez pendant des ann\u00e9es.  [\/info_list_son][\/info_list_father][\/vc_tta_section][vc_tta_section title=\u00a0\u00bbComment s\u2019y rendre\u00a0\u00bb tab_id=\u00a0\u00bb1633455601016-f93699bc-5d92&Prime;][vc_gmaps link=\u00a0\u00bb#E-8_JTNDaWZyYW1lJTIwc3JjJTNEJTIyaHR0cHMlM0ElMkYlMkZtYXBzLmdvb2dsZS5jb20lMkZtYXBzJTNGcSUzRG1hc2FpJTI1MjBtYXJhJTI1MjBuYXRpb25hbCUyNTIwcmVzZXJ2ZSUyNmFtcCUzQnQlM0RrJTI2YW1wJTNCeiUzRDExJTI2YW1wJTNCaWUlM0RVVEY4JTI2YW1wJTNCaXdsb2MlM0QlMjZhbXAlM0JvdXRwdXQlM0RlbWJlZCUyMiUyMHdpZHRoJTNEJTIyNjAwJTIyJTIwaGVpZ2h0JTNEJTIyNDUwJTIyJTIwZnJhbWVib3JkZXIlM0QlMjIwJTIyJTIwc3R5bGUlM0QlMjJib3JkZXIlM0EwJTIyJTIwYWxsb3dmdWxsc2NyZWVuJTNEJTIyJTIyJTNFJTNDJTJGaWZyYW1lJTNF\u00a0\u00bb][\/vc_tta_section][\/vc_tta_tabs][\/vc_column][\/vc_row][vc_row][vc_column][vc_empty_space][vc_custom_heading text=\u00a0\u00bbFAQ sur le parc national imp\u00e9n\u00e9trable de Bwindi\u00a0\u00bb use_theme_fonts=\u00a0\u00bbyes\u00a0\u00bb][vc_empty_space][\/vc_column][\/vc_row][vc_row][vc_column][vc_toggle title=\u00a0\u00bbO\u00f9 se trouve le parc national imp\u00e9n\u00e9trable de Bwindi ?\u00a0\u00bb style=\u00a0\u00bbsquare\u00a0\u00bb]Le parc national imp\u00e9n\u00e9trable de Bwindi est situ\u00e9 dans le sud-ouest de l\u2019Ouganda, pr\u00e8s des fronti\u00e8res du Rwanda et de la R\u00e9publique d\u00e9mocratique du Congo. Il couvre une superficie d\u2019environ 331 kilom\u00e8tres carr\u00e9s.[\/vc_toggle][vc_toggle title=\u00a0\u00bbPourquoi le parc national imp\u00e9n\u00e9trable de Bwindi est-il connu ?\u00a0\u00bb style=\u00a0\u00bbsquare\u00a0\u00bb]Le parc national imp\u00e9n\u00e9trable de Bwindi est r\u00e9put\u00e9 pour sa population de gorilles de montagne en voie de disparition. C\u2019est l\u2019un des rares endroits o\u00f9 les visiteurs peuvent faire de <a href=\"https:\/\/mufasatoursandtravels.com\/uganda-safari\/4-days-primate-tracking-safari\/\">la randonn\u00e9e avec les gorilles<\/a>et rencontrer de pr\u00e8s ces cr\u00e9atures incroyables. Le parc est \u00e9galement c\u00e9l\u00e8bre pour sa for\u00eat dense et intacte de Bwindi, qui abrite une grande vari\u00e9t\u00e9 de flore et de faune.[\/vc_toggle][vc_toggle title=\u00a0\u00bbQuels autres animaux sauvages peut-on trouver dans le parc national imp\u00e9n\u00e9trable de Bwindi ?\u00a0\u00bb style=\u00a0\u00bbsquare\u00a0\u00bb]En plus des gorilles de montagne, le parc national imp\u00e9n\u00e9trable de Bwindi abrite une riche diversit\u00e9 d\u2019animaux sauvages. Les visiteurs peuvent rencontrer d\u2019autres primates, tels que des chimpanz\u00e9s, des singes colobes et des babouins. Le parc abrite \u00e9galement plus de 350 esp\u00e8ces d\u2019oiseaux, dont de nombreuses esp\u00e8ces end\u00e9miques du Rift Albertin. Vous pouvez \u00e9galement apercevoir d\u2019autres mammif\u00e8res comme les \u00e9l\u00e9phants de for\u00eat, les buffles et diverses esp\u00e8ces d\u2019antilopes.[\/vc_toggle][vc_toggle title=\u00a0\u00bbQuel est le meilleur moment pour visiter le parc national imp\u00e9n\u00e9trable de Bwindi ?\u00a0\u00bb style=\u00a0\u00bbsquare\u00a0\u00bb]Le parc national imp\u00e9n\u00e9trable de Bwindi peut \u00eatre visit\u00e9 tout au long de l\u2019ann\u00e9e, mais les saisons s\u00e8ches de juin \u00e0 ao\u00fbt et de d\u00e9cembre \u00e0 f\u00e9vrier sont g\u00e9n\u00e9ralement consid\u00e9r\u00e9es comme les meilleures p\u00e9riodes. Pendant ces p\u00e9riodes, les sentiers sont moins boueux et la m\u00e9t\u00e9o est plus favorable au trekking.[\/vc_toggle][vc_toggle title=\u00a0\u00bbY a-t-il des h\u00e9bergements disponibles \u00e0 Bwindi Impenetrable National Park ?\u00a0\u00bb style=\u00a0\u00bbsquare\u00a0\u00bb]Oui, plusieurs h\u00e9bergements sont disponibles dans et autour du parc national imp\u00e9n\u00e9trable de Bwindi pour r\u00e9pondre \u00e0 diff\u00e9rents budgets et pr\u00e9f\u00e9rences. Bwindi Safari Lodge et Bwindi Gorilla Lodge sont des options populaires, proposant des chambres confortables et une vue imprenable sur la for\u00eat. Il est conseill\u00e9 de r\u00e9server votre h\u00e9bergement \u00e0 l\u2019avance, surtout pendant la haute saison de trekking des gorilles.[\/vc_toggle][\/vc_column][\/vc_row]\n","protected":false},"excerpt":{"rendered":"<p>[vc_row css=\u00a0\u00bb.vc_custom_1687882484603{background: rgba(0,0,0,0.47) url(https:\/\/mufasatoursandtravels.com\/wp-content\/uploads\/2022\/05\/exDxHdJwZ.jpg?id=7471) !important;background-position: center !important;background-repeat: no-repeat !important;background-size: cover !important;*background-color: rgb(0,0,0) !important;}\u00a0\u00bb][vc_column css=\u00a0\u00bb.vc_custom_1687869367906{padding-top: 30px !important;padding-right: 50px !important;padding-bottom: 30px !important;padding-left: 50px !important;background-color: rgba(0,0,0,0.57) !important;*background-color: rgb(0,0,0) !important;}\u00a0\u00bb][vc_custom_heading text=\u00a0\u00bbParc national imp\u00e9n\u00e9trable de Bwindi, Ouganda\u00a0\u00bb font_container=\u00a0\u00bbtag:h1|font_size:28|text_align:center|color:%23ffffff\u00a0\u00bb use_theme_fonts=\u00a0\u00bbyes\u00a0\u00bb el_class=\u00a0\u00bbcustom-opacity-text\u00a0\u00bb css=\u00a0\u00bb.vc_custom_1687882549512{margin-top: 30px !important;}\u00a0\u00bb][vc_empty_space][vc_btn title=\u00a0\u00bbExplorez avec nous\u00a0\u00bb style=\u00a0\u00bboutline\u00a0\u00bb shape=\u00a0\u00bbround\u00a0\u00bb align=\u00a0\u00bbcenter\u00a0\u00bb link=\u00a0\u00bburl:https%3A%2F%2Fmufasatoursandtravels.com%2Ffr%2Fdemander-un-devis%2F|\u00a0\u00bb][\/vc_column][\/vc_row][vc_row][vc_column][vc_tta_tabs shape=\u00a0\u00bbsquare\u00a0\u00bb color=\u00a0\u00bbjuicy-pink\u00a0\u00bb alignment=\u00a0\u00bbcenter\u00a0\u00bb active_section=\u00a0\u00bb1&Prime; no_fill_content_area=\u00a0\u00bbtrue\u00a0\u00bb][vc_tta_section title=\u00a0\u00bbEnviron\u00a0\u00bb tab_id=\u00a0\u00bb1636302233132-39a30584-a642&Prime;][info_list_father][info_list_son style=\u00a0\u00bbicon\u00a0\u00bb size=\u00a0\u00bb20&Prime; width=\u00a0\u00bb25&Prime; [&hellip;]<\/p>\n","protected":false},"author":7,"featured_media":0,"parent":27931,"menu_order":14,"comment_status":"closed","ping_status":"closed","template":"","meta":{"_themeisle_gutenberg_block_has_review":false,"footnotes":""},"class_list":["post-32274","page","type-page","status-publish","hentry"],"_links":{"self":[{"href":"https:\/\/mufasatoursandtravels.com\/fr\/wp-json\/wp\/v2\/pages\/32274","targetHints":{"allow":["GET"]}}],"collection":[{"href":"https:\/\/mufasatoursandtravels.com\/fr\/wp-json\/wp\/v2\/pages"}],"about":[{"href":"https:\/\/mufasatoursandtravels.com\/fr\/wp-json\/wp\/v2\/types\/page"}],"author":[{"embeddable":true,"href":"https:\/\/mufasatoursandtravels.com\/fr\/wp-json\/wp\/v2\/users\/7"}],"replies":[{"embeddable":true,"href":"https:\/\/mufasatoursandtravels.com\/fr\/wp-json\/wp\/v2\/comments?post=32274"}],"version-history":[{"count":1,"href":"https:\/\/mufasatoursandtravels.com\/fr\/wp-json\/wp\/v2\/pages\/32274\/revisions"}],"predecessor-version":[{"id":32276,"href":"https:\/\/mufasatoursandtravels.com\/fr\/wp-json\/wp\/v2\/pages\/32274\/revisions\/32276"}],"up":[{"embeddable":true,"href":"https:\/\/mufasatoursandtravels.com\/fr\/wp-json\/wp\/v2\/pages\/27931"}],"wp:attachment":[{"href":"https:\/\/mufasatoursandtravels.com\/fr\/wp-json\/wp\/v2\/media?parent=32274"}],"curies":[{"name":"wp","href":"https:\/\/api.w.org\/{rel}","templated":true}]}}