{"id":32386,"date":"2023-03-21T15:00:42","date_gmt":"2023-03-21T12:00:42","guid":{"rendered":"https:\/\/mufasatoursandtravels.com\/politique-de-paiement\/"},"modified":"2026-03-06T18:49:18","modified_gmt":"2026-03-06T15:49:18","slug":"politique-de-paiement","status":"publish","type":"page","link":"https:\/\/mufasatoursandtravels.com\/fr\/politique-de-paiement\/","title":{"rendered":"Politique de paiement"},"content":{"rendered":"[vc_row][vc_column][vc_column_text]\n<h1 style=\"text-align: center;\"><strong>Politique de paiement<\/strong><\/h1>\n<p>Pour s\u00e9curiser votre r\u00e9servation, un d\u00e9p\u00f4t est demand\u00e9 au moment de la r\u00e9servation, le solde restant \u00e9tant d\u00fb selon les d\u00e9lais sp\u00e9cifiques \u00e0 la destination indiqu\u00e9s ci-dessous.<br \/>Pour toute r\u00e9servation effectu\u00e9e moins de <b data-path-to-node=\"4\" data-index-in-node=\"206\">7 jours<\/b> avant le d\u00e9but de la tourn\u00e9e, le paiement int\u00e9gral est requis imm\u00e9diatement.<\/p>\n<h3 data-path-to-node=\"5\"><b data-path-to-node=\"5\" data-index-in-node=\"0\">Calendrier des d\u00e9p\u00f4ts et soldes<\/b><\/h3>\n<ul data-path-to-node=\"6\">\n<li>\n<p data-path-to-node=\"6,0,0\">Kenya <strong>uniquement :<\/strong> d\u00e9p\u00f4t de 30 % ; solde \u00e0 <b data-path-to-node=\"6,0,0\" data-index-in-node=\"37\">rendre 3 \u00e0 7 jours<\/b> avant le voyage.<\/p>\n<\/li>\n<li>\n<p data-path-to-node=\"6,1,0\"><strong>Safari Kenya &amp; Tanzanie :<\/strong> d\u00e9p\u00f4t de 30 % ; solde \u00e0 <b data-path-to-node=\"6,1,0\" data-index-in-node=\"50\">rendre 7 \u00e0 14 jours<\/b> avant le voyage.<\/p>\n<\/li>\n<li>\n<p data-path-to-node=\"6,2,0\"><strong>Kenya, Tanzanie et Zanzibar :<\/strong> d\u00e9p\u00f4t de 30 % ; solde \u00e0 <b data-path-to-node=\"6,2,0\" data-index-in-node=\"53\">rendre 7 \u00e0 14 jours<\/b> avant le voyage.<\/p>\n<\/li>\n<li>\n<p data-path-to-node=\"6,3,0\"><strong>Safari Kenya &amp; Ouganda<\/strong> : d\u00e9p\u00f4t de 50 % ; Solde \u00e0 <b data-path-to-node=\"6,3,0\" data-index-in-node=\"48\">\u00e9ch\u00e9ance 14 jours<\/b> avant le voyage.<\/p>\n<\/li>\n<li>\n<p data-path-to-node=\"6,4,0\"><strong>Kenya, Tanzanie et Ouganda :<\/strong> d\u00e9p\u00f4t de 50 % ; solde \u00e0 <b data-path-to-node=\"6,4,0\" data-index-in-node=\"51\">rendre 14 \u00e0 21 jours<\/b> avant le voyage.<\/p>\n<\/li>\n<li><strong>Ouganda et Rwanda : <\/strong>d\u00e9p\u00f4t de 50 % ; Solde \u00e0 <strong>rendre 7 \u00e0 14 jours <\/strong>avant le voyage.<\/li>\n<\/ul>\n<h3 data-path-to-node=\"7\"><strong>Paiements en retard et annulations<\/strong><b data-path-to-node=\"7\" data-index-in-node=\"0\"><br \/><\/b><\/h3>\n<p>Le non-paiement \u00e0 temps selon les calendriers ci-dessus peut entra\u00eener l\u2019annulation automatique de votre r\u00e9servation.<\/p>\n<h3>M\u00e9thodes de paiement<\/h3>\n<p>Mufasa Tours and Travel Agency accepte diverses formes de paiement, y compris, mais sans s\u2019y limiter<\/p>\n<ul>\n<li>Carte de cr\u00e9dit (Master Card, Visa Card, Union Pay,)<\/li>\n<li>Carte de d\u00e9bit (Master Card, Visa Card, Union Pay,)<\/li>\n<li>Virement<\/li>\n<li>Transfert d\u2019argent mobile (M-Pesa)<\/li>\n<\/ul>\n<p>Tous les paiements sont soumis aux conditions g\u00e9n\u00e9rales du mode de paiement sp\u00e9cifique.<\/p>\n<p>Veuillez noter que nous n\u2019acceptons pas les paiements en esp\u00e8ces en billets en USD dat\u00e9s de 1996 \u00e0 2006.<\/p>\n<p>Mufasa Tours and Travel se r\u00e9serve le droit de refuser toute forme de paiement \u00e0 sa discr\u00e9tion.<\/p>\n<p>Les modifications, annulations et remboursements de visites sont trait\u00e9s sous r\u00e9serve de notre <a href=\"https:\/\/mufasatoursandtravels.com\/fr\/politique-de-modification-dannulation-et-de-remboursement\/\">politique de modifications, d\u2019annulation et de remboursement<\/a>.<\/p>\n<p>Si vous avez des questions ou des pr\u00e9occupations concernant notre politique de paiement, veuillez nous contacter \u00e0 <a href=\"mailto:info@mufasatoursandtravels.com\">l\u2019adresse info@mufasatoursandtravels.com<\/a>[\/vc_column_text][\/vc_column][\/vc_row]\n","protected":false},"excerpt":{"rendered":"<p>[vc_row][vc_column][vc_column_text] Politique de paiement Pour s\u00e9curiser votre r\u00e9servation, un d\u00e9p\u00f4t est demand\u00e9 au moment de la r\u00e9servation, le solde restant \u00e9tant d\u00fb selon les d\u00e9lais sp\u00e9cifiques \u00e0 la destination indiqu\u00e9s ci-dessous.Pour toute r\u00e9servation effectu\u00e9e moins de 7 jours avant le d\u00e9but de la tourn\u00e9e, le paiement int\u00e9gral est requis imm\u00e9diatement. Calendrier des d\u00e9p\u00f4ts et soldes [&hellip;]<\/p>\n","protected":false},"author":7,"featured_media":0,"parent":0,"menu_order":45,"comment_status":"closed","ping_status":"closed","template":"","meta":{"_themeisle_gutenberg_block_has_review":false,"footnotes":""},"class_list":["post-32386","page","type-page","status-publish","hentry"],"_links":{"self":[{"href":"https:\/\/mufasatoursandtravels.com\/fr\/wp-json\/wp\/v2\/pages\/32386","targetHints":{"allow":["GET"]}}],"collection":[{"href":"https:\/\/mufasatoursandtravels.com\/fr\/wp-json\/wp\/v2\/pages"}],"about":[{"href":"https:\/\/mufasatoursandtravels.com\/fr\/wp-json\/wp\/v2\/types\/page"}],"author":[{"embeddable":true,"href":"https:\/\/mufasatoursandtravels.com\/fr\/wp-json\/wp\/v2\/users\/7"}],"replies":[{"embeddable":true,"href":"https:\/\/mufasatoursandtravels.com\/fr\/wp-json\/wp\/v2\/comments?post=32386"}],"version-history":[{"count":15,"href":"https:\/\/mufasatoursandtravels.com\/fr\/wp-json\/wp\/v2\/pages\/32386\/revisions"}],"predecessor-version":[{"id":46639,"href":"https:\/\/mufasatoursandtravels.com\/fr\/wp-json\/wp\/v2\/pages\/32386\/revisions\/46639"}],"wp:attachment":[{"href":"https:\/\/mufasatoursandtravels.com\/fr\/wp-json\/wp\/v2\/media?parent=32386"}],"curies":[{"name":"wp","href":"https:\/\/api.w.org\/{rel}","templated":true}]}}