{"id":32401,"date":"2023-02-28T11:10:42","date_gmt":"2023-02-28T08:10:42","guid":{"rendered":"https:\/\/mufasatoursandtravels.com\/erreur-404\/"},"modified":"2026-03-06T18:47:52","modified_gmt":"2026-03-06T15:47:52","slug":"erreur-404","status":"publish","type":"page","link":"https:\/\/mufasatoursandtravels.com\/fr\/erreur-404\/","title":{"rendered":"Erreur 404"},"content":{"rendered":"[vc_row css=\u00a0\u00bb.vc_custom_1677579459114{margin-top: 20px !important;margin-bottom: 20px !important;}\u00a0\u00bb][vc_column width=\u00a0\u00bb1\/2&Prime;][vc_column_text]\n<h2 style=\"text-align: center; font-size: 72px; color: #811a18;\">404<\/h2>\n<h2 style=\"text-align: center;\">PAGE NON TROUV\u00c9E<\/h2>\n[\/vc_column_text][\/vc_column][vc_column width=\u00a0\u00bb1\/2&Prime;][vc_column_text]\n<h2>Oups, vous \u00eates au milieu de nulle part.<\/h2>\n<p><strong>Ne vous inqui\u00e9tez pas. Vous avez probablement fait un mauvais virage quelque part. <\/strong><\/p>\n<ul>\n<li>Si vous avez saisi l\u2019adresse, v\u00e9rifiez votre orthographe. Peut-\u00eatre juste une faute de frappe. <\/li>\n<li>Si vous avez suivi un lien, il est probablement cass\u00e9. N\u2019h\u00e9sitez pas <a href=\"https:\/\/mufasatoursandtravels.com\/contact\/\">\u00e0 nous contacter<\/a> et nous le r\u00e9parerons. <\/li>\n<li>Si vous n\u2019\u00eates pas s\u00fbr de ce que vous cherchez, retournez \u00e0 la <a href=\"https:\/\/mufasatoursandtravels.com\/fr\/\">page d\u2019accueil<\/a>.<\/li>\n<\/ul>\n[\/vc_column_text][\/vc_column][\/vc_row][vc_row][vc_column][vc_custom_heading text=\u00a0\u00bbPrincipales destinations\u00a0\u00bb font_container=\u00a0\u00bbtag:h2|text_align:left|color:%23811a18&Prime; use_theme_fonts=\u00a0\u00bbyes\u00a0\u00bb][\/vc_column][vc_column width=\u00a0\u00bb1\/3&Prime;][wdo_ult_banner ult_banner_image=\u00a0\u00bb9029&Prime; ult_banner_link=\u00a0\u00bbhttps:\/\/mufasatoursandtravels.com\/kenya-safari-by-road\/\u00a0\u00bb]\n<p style=\"text-align: center;\"><span style=\"font-size: 24pt;\"><strong>SAFARIS ROUTIERS AU KENYA<\/strong><\/span><\/p>\n<p style=\"text-align: center;\"><span style=\"font-size: 14pt;\">(SAFARIS PRIV\u00c9S)<\/span><\/p>\n[\/wdo_ult_banner][\/vc_column][vc_column width=\u00a0\u00bb1\/3&Prime;][wdo_ult_banner ult_banner_image=\u00a0\u00bb9028&Prime; ult_banner_link=\u00a0\u00bbhttps:\/\/mufasatoursandtravels.com\/kenya-flying-safaris-2\/\u00a0\u00bb]\n<p style=\"text-align: center;\"><span style=\"font-size: 24pt;\"><strong>SAFARIS DE LUXE AU KENYA<\/strong><\/span><\/p>\n<p style=\"text-align: center;\"><span style=\"font-size: 14pt;\">(SAFARIS PRIV\u00c9S)<\/span><\/p>\n[\/wdo_ult_banner][\/vc_column][vc_column width=\u00a0\u00bb1\/3&Prime;][wdo_ult_banner ult_banner_image=\u00a0\u00bb9030&Prime; ult_banner_link=\u00a0\u00bbhttps:\/\/mufasatoursandtravels.com\/kenya-tanzania-zanzibar-safaris\/\u00a0\u00bb]\n<p style=\"text-align: center;\"><span style=\"font-size: 24pt;\"><strong>KENYA &#8211; TANZANIE SAFARIS<\/strong><\/span><\/p>\n<p style=\"text-align: center;\"><span style=\"font-size: 14pt;\">(SAFARIS PRIV\u00c9S)<\/span><\/p>\n<p>&nbsp;<\/p>\n[\/wdo_ult_banner][\/vc_column][\/vc_row][vc_row css=\u00a0\u00bb.vc_custom_1677578734592{margin-top: 20px !important;margin-bottom: 20px !important;}\u00a0\u00bb][vc_column][\/vc_column][vc_column width=\u00a0\u00bb1\/3&Prime;][wdo_ult_banner ult_banner_image=\u00a0\u00bb9027&Prime; ult_banner_link=\u00a0\u00bbhttps:\/\/mufasatoursandtravels.com\/rwanda-safari\/\u00a0\u00bb]\n<p style=\"text-align: center;\"><span style=\"font-size: 24pt;\"><strong>MUFASA AU RWANDA<\/strong><\/span><\/p>\n<p style=\"text-align: center;\"><span style=\"font-size: 14pt;\">(Gorilla Trekking Safaris)<\/span><\/p>\n[\/wdo_ult_banner][\/vc_column][vc_column width=\u00a0\u00bb1\/3&Prime;][wdo_ult_banner ult_banner_image=\u00a0\u00bb9043&Prime; ult_banner_link=\u00a0\u00bbhttps:\/\/mufasatoursandtravels.com\/uganda-safari\/\u00a0\u00bb]\n<p style=\"text-align: center;\"><span style=\"font-size: 24pt;\"><strong>MUFASA EN OUGANDA<\/strong><\/span><\/p>\n<p style=\"text-align: center;\"><span style=\"font-size: 14pt;\">(Trekking des gorilles et safaris de chimpanz\u00e9s)<\/span><\/p>\n[\/wdo_ult_banner][\/vc_column][vc_column width=\u00a0\u00bb1\/3&Prime;][wdo_ult_banner ult_banner_image=\u00a0\u00bb9033&Prime; ult_banner_link=\u00a0\u00bbhttps:\/\/mufasatoursandtravels.com\/tanzania-and-zanzibar-safari\/\u00a0\u00bb]\n<p style=\"text-align: center;\"><span style=\"font-size: 24pt;\"><strong>SAFARIS MULTI-PAYS<\/strong><\/span><\/p>\n<p style=\"text-align: center;\"><span style=\"font-size: 12pt;\">( Afrique de l\u2019Est et australe )<\/span><\/p>\n[\/wdo_ult_banner][\/vc_column][\/vc_row]\n","protected":false},"excerpt":{"rendered":"<p>[vc_row css=\u00a0\u00bb.vc_custom_1677579459114{margin-top: 20px !important;margin-bottom: 20px !important;}\u00a0\u00bb][vc_column width=\u00a0\u00bb1\/2&Prime;][vc_column_text] 404 PAGE NON TROUV\u00c9E [\/vc_column_text][\/vc_column][vc_column width=\u00a0\u00bb1\/2&Prime;][vc_column_text] Oups, vous \u00eates au milieu de nulle part. Ne vous inqui\u00e9tez pas. Vous avez probablement fait un mauvais virage quelque part. Si vous avez saisi l\u2019adresse, v\u00e9rifiez votre orthographe. Peut-\u00eatre juste une faute de frappe. Si vous avez suivi un lien, il [&hellip;]<\/p>\n","protected":false},"author":7,"featured_media":0,"parent":0,"menu_order":48,"comment_status":"closed","ping_status":"closed","template":"","meta":{"_themeisle_gutenberg_block_has_review":false,"footnotes":""},"class_list":["post-32401","page","type-page","status-publish","hentry"],"_links":{"self":[{"href":"https:\/\/mufasatoursandtravels.com\/fr\/wp-json\/wp\/v2\/pages\/32401","targetHints":{"allow":["GET"]}}],"collection":[{"href":"https:\/\/mufasatoursandtravels.com\/fr\/wp-json\/wp\/v2\/pages"}],"about":[{"href":"https:\/\/mufasatoursandtravels.com\/fr\/wp-json\/wp\/v2\/types\/page"}],"author":[{"embeddable":true,"href":"https:\/\/mufasatoursandtravels.com\/fr\/wp-json\/wp\/v2\/users\/7"}],"replies":[{"embeddable":true,"href":"https:\/\/mufasatoursandtravels.com\/fr\/wp-json\/wp\/v2\/comments?post=32401"}],"version-history":[{"count":11,"href":"https:\/\/mufasatoursandtravels.com\/fr\/wp-json\/wp\/v2\/pages\/32401\/revisions"}],"predecessor-version":[{"id":46618,"href":"https:\/\/mufasatoursandtravels.com\/fr\/wp-json\/wp\/v2\/pages\/32401\/revisions\/46618"}],"wp:attachment":[{"href":"https:\/\/mufasatoursandtravels.com\/fr\/wp-json\/wp\/v2\/media?parent=32401"}],"curies":[{"name":"wp","href":"https:\/\/api.w.org\/{rel}","templated":true}]}}