{"id":32437,"date":"2022-05-31T13:09:42","date_gmt":"2022-05-31T10:09:42","guid":{"rendered":"https:\/\/mufasatoursandtravels.com\/safari-en-ouganda\/7-jours-de-safari-dans-la-nature\/"},"modified":"2026-01-29T11:41:30","modified_gmt":"2026-01-29T08:41:30","slug":"7-jours-de-safari-dans-la-nature","status":"publish","type":"page","link":"https:\/\/mufasatoursandtravels.com\/fr\/safari-en-ouganda\/7-jours-de-safari-dans-la-nature\/","title":{"rendered":"7 jours de safari dans la nature"},"content":{"rendered":"[vc_row full_width=\u00a0\u00bbstretch_row\u00a0\u00bb gap=\u00a0\u00bb1&Prime;][vc_column parallax=\u00a0\u00bbcontent-moving\u00a0\u00bb parallax_image=\u00a0\u00bb29188&Prime; css=\u00a0\u00bb.vc_custom_1741340313633{padding-top: 80px !important;padding-right: 80px !important;padding-bottom: 80px !important;padding-left: 80px !important;}\u00a0\u00bb][vc_custom_heading text=\u00a0\u00bbLe merveilleux safari de la nature\u00a0\u00bb font_container=\u00a0\u00bbtag:h2|font_size:32|text_align:left|color:%23ffffff\u00a0\u00bb google_fonts=\u00a0\u00bbfont_family:Quicksand%3A300%2Cregular%2C700|font_style:400%20regular%3A400%3Anormal\u00a0\u00bb el_class=\u00a0\u00bbtxt-display\u00a0\u00bb][vc_custom_heading text=\u00a0\u00bb7 jours\u00a0\u00bb font_container=\u00a0\u00bbtag:h2|font_size:22|text_align:left|color:%23ffffff\u00a0\u00bb google_fonts=\u00a0\u00bbfont_family:Quicksand%3A300%2Cregular%2C700|font_style:300%20light%20regular%3A300%3Anormal\u00a0\u00bb el_class=\u00a0\u00bbtxt-display\u00a0\u00bb][vc_separator color=\u00a0\u00bbcustom\u00a0\u00bb el_width=\u00a0\u00bb20&Prime; accent_color=\u00a0\u00bb#f8f8f8&Prime; el_class=\u00a0\u00bbtxt-display\u00a0\u00bb][vc_custom_heading text=\u00a0\u00bbEntebbe \u21fe Parc national de Lk.Mburo \u21fe Bwindi Imp\u00e9n\u00e9trable \u21fe Parc national Queen Elizabeth \u21fe For\u00eat de Kibale \u21fe Entebbe\u00a0\u00bb font_container=\u00a0\u00bbtag:h2|font_size:18|text_align:left|color:%23ffffff\u00a0\u00bb google_fonts=\u00a0\u00bbfont_family:Quicksand%3A300%2Cregular%2C700|font_style:300%20light%20regular%3A300%3Anormal\u00a0\u00bb el_class=\u00a0\u00bbtxt-display\u00a0\u00bb][\/vc_column][\/vc_row][vc_row css=\u00a0\u00bb.vc_custom_1690451343941{padding-top: 10px !important;}\u00a0\u00bb][vc_column][vc_tta_tabs shape=\u00a0\u00bbsquare\u00a0\u00bb color=\u00a0\u00bbjuicy-pink\u00a0\u00bb alignment=\u00a0\u00bbcenter\u00a0\u00bb active_section=\u00a0\u00bb1&Prime; no_fill_content_area=\u00a0\u00bbtrue\u00a0\u00bb][vc_tta_section title=\u00a0\u00bbAper\u00e7u\u00a0\u00bb tab_id=\u00a0\u00bb1633892890537-5637ec0b-4c69&Prime;][vc_column_text]D\u00e9couvrez les merveilles de l\u2019Ouganda. En commen\u00e7ant par Kampala, vous serez accueilli \u00e0 l\u2019a\u00e9roport et conduit \u00e0 votre h\u00f4tel pr\u00e8s du lac Victoria. Rendez-vous au parc national Queen Elizabeth, o\u00f9 des safaris palpitants et des balades en bateau \u00e0 couper le souffle vous attendent, offrant des rencontres avec une faune diversifi\u00e9e et des paysages \u00e9poustouflants. Continuez vers le parc national Bwindi Imp\u00e9n\u00e9trable pour une aventure unique de trekking de gorilles, entour\u00e9 de la beaut\u00e9 de la for\u00eat. Concluez votre safari en Ouganda par une visite de la ville de Kigali, explorant l\u2019histoire poignante du site comm\u00e9moratif du g\u00e9nocide. R\u00e9servez d\u00e8s maintenant votre safari et vos excursions en Ouganda pour une exp\u00e9rience africaine immersive et captivante.[\/vc_column_text][\/vc_tta_section][vc_tta_section title=\u00a0\u00bbProgramme\u00a0\u00bb tab_id=\u00a0\u00bb1633454673222-3d94f956-010c\u00a0\u00bb][info_list_father connector_h=\u00a0\u00bb20&Prime; listclr=\u00a0\u00bb#f8f8f8&Prime;][info_list_son style=\u00a0\u00bbicon\u00a0\u00bb size=\u00a0\u00bb15&Prime; width=\u00a0\u00bb20&Prime; height=\u00a0\u00bb20&Prime; titleclr=\u00a0\u00bb#890000&Prime; icon=\u00a0\u00bbfas fa-hiking\u00a0\u00bb iconclr=\u00a0\u00bb#890000&Prime; iconbg=\u00a0\u00bb#f8f8f8&Prime; borderclr=\u00a0\u00bb#f8f8f8&Prime; title=\u00a0\u00bbJOUR 1 : D\u2019Entebbe au parc national du lac Mburo\u00a0\u00bb]\n<ul>\n<li>Quittez Entebbe\/Kampala dans la matin\u00e9e pour une route panoramique vers le parc national du lac Mburo.<\/li>\n<li>En route, arr\u00eatez-vous \u00e0 l\u2019\u00e9quateur pour des photos et une courte exp\u00e9rience de l\u2019exp\u00e9rience de l\u2019h\u00e9misph\u00e8re nord et sud.<\/li>\n<li>Arrivez \u00e0 votre lodge \u00e0 temps pour le d\u00e9jeuner et la d\u00e9tente.<\/li>\n<li>Dans l\u2019apr\u00e8s-midi, embarquez pour une croisi\u00e8re en bateau sur le lac Mburo, observant des hippopotames, des crocodiles et diverses esp\u00e8ces d\u2019oiseaux.<\/li>\n<\/ul>\n<p> <em><strong> Facultatif<\/strong> : safari en soir\u00e9e pour voir des z\u00e8bres, des impalas, des buffles et des \u00e9lands<\/em>.<\/p>\n<ul>\n<li>D\u00eener et nuit\u00e9e au lodge<\/li>\n<\/ul>\n[\/info_list_son][info_list_son style=\u00a0\u00bbicon\u00a0\u00bb size=\u00a0\u00bb15&Prime; width=\u00a0\u00bb20&Prime; height=\u00a0\u00bb20&Prime; titleclr=\u00a0\u00bb#890000&Prime; icon=\u00a0\u00bbfas fa-hiking\u00a0\u00bb iconclr=\u00a0\u00bb#890000&Prime; iconbg=\u00a0\u00bb#f8f8f8&Prime; borderclr=\u00a0\u00bb#f8f8f8&Prime; title=\u00a0\u00bbJOUR 2 : Du lac Mburo \u00e0 Bwindi imp\u00e9n\u00e9trable\u00a0\u00bb]\n<ul>\n<li>Profitez d\u2019une promenade dans la nature t\u00f4t le matin ou d\u2019un safari avant le petit-d\u00e9jeuner.<\/li>\n<li>D\u00e9part pour le parc national imp\u00e9n\u00e9trable de Bwindi. Arr\u00eatez-vous en route pour le d\u00e9jeuner et profitez d\u2019une vue spectaculaire sur les collines ondulantes et les paysages luxuriants de l\u2019Ouganda. <\/li>\n<li>Arrivez \u00e0 Bwindi en fin d\u2019apr\u00e8s-midi, enregistrez-vous \u00e0 votre lodge et d\u00e9tendez-vous.<\/li>\n<li>D\u00eener et nuit au lodge, entour\u00e9 par les avant-lieux mystiques<\/li>\n<\/ul>\n[\/info_list_son][info_list_son style=\u00a0\u00bbicon\u00a0\u00bb size=\u00a0\u00bb15&Prime; width=\u00a0\u00bb20&Prime; height=\u00a0\u00bb20&Prime; titleclr=\u00a0\u00bb#890000&Prime; icon=\u00a0\u00bbfas fa-hiking\u00a0\u00bb iconclr=\u00a0\u00bb#890000&Prime; iconbg=\u00a0\u00bb#f8f8f8&Prime; borderclr=\u00a0\u00bb#f8f8f8&Prime; title=\u00a0\u00bbJOUR 3 : Trekking des gorilles\u00a0\u00bb]\n<ul>\n<li>Petit-d\u00e9jeuner matinal, puis transfert au si\u00e8ge du parc pour un briefing avant le trek.<\/li>\n<li>Commencez votre randonn\u00e9e dans la for\u00eat tropicale dense avec des rangers experts, traquant l\u2019une des familles de gorilles habitu\u00e9es.<\/li>\n<li>Une fois que vous les avez trouv\u00e9s, passez <strong>une heure magique<\/strong> \u00e0 observer leurs comportements, leurs interactions et leurs jeunes joueurs.<\/li>\n<li>Retour au lodge pour le d\u00e9jeuner et la d\u00e9tente.<\/li>\n<li>L\u2019apr\u00e8s-midi libre ou <strong>des activit\u00e9s facultatives<\/strong>, telles qu\u2019une visite de la communaut\u00e9 Batwa, une promenade en for\u00eat ou une randonn\u00e9e panoramique au point de vue.<\/li>\n<li>D\u00eener et nuit au lodge<\/li>\n<\/ul>\n[\/info_list_son][info_list_son style=\u00a0\u00bbicon\u00a0\u00bb size=\u00a0\u00bb15&Prime; width=\u00a0\u00bb20&Prime; height=\u00a0\u00bb20&Prime; titleclr=\u00a0\u00bb#890000&Prime; icon=\u00a0\u00bbfas fa-hiking\u00a0\u00bb iconclr=\u00a0\u00bb#890000&Prime; iconbg=\u00a0\u00bb#f8f8f8&Prime; borderclr=\u00a0\u00bb#f8f8f8&Prime; title=\u00a0\u00bbJOUR 4 : Bwindi imp\u00e9n\u00e9trable au parc national Queen Elizabeth.\u00a0\u00bb]\n<ul>\n<li>Apr\u00e8s le petit-d\u00e9jeuner, d\u00e9part pour le parc national Queen Elizabeth, en passant par des hauts plateaux pittoresques et des plantations de th\u00e9.<\/li>\n<li>Arrivez \u00e0 votre lodge \u00e0 temps pour le d\u00e9jeuner et l\u2019enregistrement.<\/li>\n<li>Dans l\u2019apr\u00e8s-midi, embarquez pour une croisi\u00e8re en bateau le long du canal de Kazinga, o\u00f9 vous verrez de grands groupes d\u2019hippopotames, d\u2019\u00e9l\u00e9phants, de crocodiles et une incroyable vari\u00e9t\u00e9 d\u2019esp\u00e8ces d\u2019oiseaux.<\/li>\n<li>D\u00eener et nuit\u00e9e au lodge, au camp ou \u00e0 l\u2019h\u00f4tel.<\/li>\n<\/ul>\n[\/info_list_son][info_list_son style=\u00a0\u00bbicon\u00a0\u00bb size=\u00a0\u00bb15&Prime; width=\u00a0\u00bb20&Prime; height=\u00a0\u00bb20&Prime; titleclr=\u00a0\u00bb#890000&Prime; icon=\u00a0\u00bbfas fa-hiking\u00a0\u00bb iconclr=\u00a0\u00bb#890000&Prime; iconbg=\u00a0\u00bb#f8f8f8&Prime; borderclr=\u00a0\u00bb#f8f8f8&Prime; title=\u00a0\u00bbJOUR 5 : Parc national Queen Elizabeth \u00e0 la for\u00eat de Kibale\u00a0\u00bb]\n<ul>\n<li>T\u00f4t le matin, dans le secteur d\u2019Ishasha, c\u00e9l\u00e8bre pour ses lions grimpeurs d\u2019arbres.<\/li>\n<li>Rep\u00e9rez des \u00e9l\u00e9phants, des buffles, des kobs d\u2019Ouganda et des phacoch\u00e8res dans leur habitat naturel.<\/li>\n<li>Apr\u00e8s le safari, continuez vers le parc national de la for\u00eat de Kibale, arrivant \u00e0 temps pour le d\u00e9jeuner au lodge.<\/li>\n<li>Apr\u00e8s-midi libre, avec une promenade facultative dans la nature autour des lacs de crat\u00e8re ou une visite d\u2019une plantation de th\u00e9 locale.<\/li>\n<li>D\u00eener et nuit\u00e9e au lodge, au camp ou au lodge.<\/li>\n<\/ul>\n[\/info_list_son][info_list_son style=\u00a0\u00bbicon\u00a0\u00bb size=\u00a0\u00bb15&Prime; width=\u00a0\u00bb20&Prime; height=\u00a0\u00bb20&Prime; titleclr=\u00a0\u00bb#890000&Prime; icon=\u00a0\u00bbfas fa-hiking\u00a0\u00bb iconclr=\u00a0\u00bb#890000&Prime; iconbg=\u00a0\u00bb#f8f8f8&Prime; borderclr=\u00a0\u00bb#f8f8f8&Prime; title=\u00a0\u00bbJOUR 6 : Trekking des chimpanz\u00e9s\u00a0\u00bb]\n<ul>\n<li>Petit-d\u00e9jeuner matinal, puis transfert au centre d\u2019accueil de Kanyanchu pour un briefing sur le trekking des chimpanz\u00e9s.<\/li>\n<li>Randonn\u00e9e guid\u00e9e dans la for\u00eat de Kibale, suivant les chimpanz\u00e9s alors qu\u2019ils se balancent \u00e0 travers la cime des arbres et interagissent dans leur environnement naturel.<\/li>\n<li>Profitez <strong>d\u2019une rencontre d\u2019une heure<\/strong> avec les chimpanz\u00e9s, en observant leurs comportements fascinants.<\/li>\n<li>Retour au lodge pour le d\u00e9jeuner et la d\u00e9tente.<\/li>\n<li>Dans l\u2019apr\u00e8s-midi, visite du sanctuaire de la zone humide de Bigodi, qui abrite des singes, des papillons et plus de 200 esp\u00e8ces d\u2019oiseaux.<\/li>\n<li>D\u00eener et nuit\u00e9e au lodge, au camp ou \u00e0 l\u2019h\u00f4tel.<\/li>\n<\/ul>\n[\/info_list_son][info_list_son style=\u00a0\u00bbicon\u00a0\u00bb size=\u00a0\u00bb15&Prime; width=\u00a0\u00bb20&Prime; height=\u00a0\u00bb20&Prime; titleclr=\u00a0\u00bb#890000&Prime; icon=\u00a0\u00bbfas fa-hiking\u00a0\u00bb iconclr=\u00a0\u00bb#890000&Prime; iconbg=\u00a0\u00bb#f8f8f8&Prime; borderclr=\u00a0\u00bb#f8f8f8&Prime; title=\u00a0\u00bbJOUR 7 : De la for\u00eat de Kibale \u00e0 Entebbe\u00a0\u00bb]\n<ul>\n<li>Profitez d\u2019un petit-d\u00e9jeuner d\u00e9tendu avant de partir pour Entebbe\/Kampala.<\/li>\n<li>Arr\u00eatez-vous en route pour d\u00e9jeuner et acheter des souvenirs dans les march\u00e9s artisanaux.<\/li>\n<li>Arrivez \u00e0 Entebbe \u00e0 temps pour votre d\u00e9part international ou <em>une visite facultative au Uganda Wildlife Education Center avant votre vol.<\/em><\/li>\n<\/ul>\n[\/info_list_son][\/info_list_father][\/vc_tta_section][vc_tta_section title=\u00a0\u00bbInclusif\/Exclusif\u00a0\u00bb tab_id=\u00a0\u00bb1633455601016-f93699bc-5d92&Prime;][vc_row_inner][vc_column_inner width=\u00a0\u00bb1\/2&Prime;][info_list_father listclr=\u00a0\u00bb#f8f8f8&Prime;][info_list_son style=\u00a0\u00bbicon\u00a0\u00bb size=\u00a0\u00bb15&Prime; width=\u00a0\u00bb20&Prime; height=\u00a0\u00bb20&Prime; titleclr=\u00a0\u00bb#890000&Prime; icon=\u00a0\u00bbfas fa-user-plus\u00a0\u00bb iconclr=\u00a0\u00bb#333333&Prime; title=\u00a0\u00bbINCLUS\u00a0\u00bb lineheight=\u00a0\u00bb2&Prime;]\n<ul>\n<li><span style=\"font-size: 12pt;\">Frais de parc pour le parc visit\u00e9.<\/span><\/li>\n<li><span style=\"font-size: 12pt;\">Eau illimit\u00e9e dans le v\u00e9hicule.<\/span><\/li>\n<li><span style=\"font-size: 12pt;\">Service d\u2019un chauffeur\/guide professionnel<\/span><\/li>\n<li><span style=\"font-size: 12pt;\">Transport dans un v\u00e9hicule confortable.<\/span><\/li>\n<\/ul>\n[\/info_list_son][\/info_list_father][\/vc_column_inner][vc_column_inner width=\u00a0\u00bb1\/2&Prime;][info_list_father listclr=\u00a0\u00bb#f8f8f8&Prime;][info_list_son style=\u00a0\u00bbicon\u00a0\u00bb size=\u00a0\u00bb15&Prime; width=\u00a0\u00bb20&Prime; height=\u00a0\u00bb20&Prime; titleclr=\u00a0\u00bb#890000&Prime; icon=\u00a0\u00bbfas fa-user-minus\u00a0\u00bb iconclr=\u00a0\u00bb#333333&Prime; title=\u00a0\u00bbEXCLU\u00a0\u00bb lineheight=\u00a0\u00bb2&Prime;]\n<ul>\n<li>H\u00e9bergement suppl\u00e9mentaire avant et \u00e0 la fin de la visite.<\/li>\n<li>Pourboires (Fortement recommand\u00e9s)<\/li>\n<li>Objets personnels (Souvenirs, assurance voyage, frais de visa, etc.)<\/li>\n<li>Fluctuations des taxes impos\u00e9es par le gouvernement et\/ou des frais de parc.<\/li>\n<\/ul>\n[\/info_list_son][\/info_list_father][\/vc_column_inner][\/vc_row_inner][\/vc_tta_section][\/vc_tta_tabs][\/vc_column][\/vc_row]\n","protected":false},"excerpt":{"rendered":"<p>[vc_row full_width=\u00a0\u00bbstretch_row\u00a0\u00bb gap=\u00a0\u00bb1&Prime;][vc_column parallax=\u00a0\u00bbcontent-moving\u00a0\u00bb parallax_image=\u00a0\u00bb29188&Prime; css=\u00a0\u00bb.vc_custom_1741340313633{padding-top: 80px !important;padding-right: 80px !important;padding-bottom: 80px !important;padding-left: 80px !important;}\u00a0\u00bb][vc_custom_heading text=\u00a0\u00bbLe merveilleux safari de la nature\u00a0\u00bb font_container=\u00a0\u00bbtag:h2|font_size:32|text_align:left|color:%23ffffff\u00a0\u00bb google_fonts=\u00a0\u00bbfont_family:Quicksand%3A300%2Cregular%2C700|font_style:400%20regular%3A400%3Anormal\u00a0\u00bb el_class=\u00a0\u00bbtxt-display\u00a0\u00bb][vc_custom_heading text=\u00a0\u00bb7 jours\u00a0\u00bb font_container=\u00a0\u00bbtag:h2|font_size:22|text_align:left|color:%23ffffff\u00a0\u00bb google_fonts=\u00a0\u00bbfont_family:Quicksand%3A300%2Cregular%2C700|font_style:300%20light%20regular%3A300%3Anormal\u00a0\u00bb el_class=\u00a0\u00bbtxt-display\u00a0\u00bb][vc_separator color=\u00a0\u00bbcustom\u00a0\u00bb el_width=\u00a0\u00bb20&Prime; accent_color=\u00a0\u00bb#f8f8f8&Prime; el_class=\u00a0\u00bbtxt-display\u00a0\u00bb][vc_custom_heading text=\u00a0\u00bbEntebbe \u21fe Parc national de Lk.Mburo \u21fe Bwindi Imp\u00e9n\u00e9trable \u21fe Parc national Queen Elizabeth \u21fe For\u00eat de Kibale \u21fe Entebbe\u00a0\u00bb font_container=\u00a0\u00bbtag:h2|font_size:18|text_align:left|color:%23ffffff\u00a0\u00bb google_fonts=\u00a0\u00bbfont_family:Quicksand%3A300%2Cregular%2C700|font_style:300%20light%20regular%3A300%3Anormal\u00a0\u00bb el_class=\u00a0\u00bbtxt-display\u00a0\u00bb][\/vc_column][\/vc_row][vc_row [&hellip;]<\/p>\n","protected":false},"author":4,"featured_media":0,"parent":28073,"menu_order":9,"comment_status":"closed","ping_status":"closed","template":"","meta":{"_themeisle_gutenberg_block_has_review":false,"footnotes":""},"class_list":["post-32437","page","type-page","status-publish","hentry"],"_links":{"self":[{"href":"https:\/\/mufasatoursandtravels.com\/fr\/wp-json\/wp\/v2\/pages\/32437","targetHints":{"allow":["GET"]}}],"collection":[{"href":"https:\/\/mufasatoursandtravels.com\/fr\/wp-json\/wp\/v2\/pages"}],"about":[{"href":"https:\/\/mufasatoursandtravels.com\/fr\/wp-json\/wp\/v2\/types\/page"}],"author":[{"embeddable":true,"href":"https:\/\/mufasatoursandtravels.com\/fr\/wp-json\/wp\/v2\/users\/4"}],"replies":[{"embeddable":true,"href":"https:\/\/mufasatoursandtravels.com\/fr\/wp-json\/wp\/v2\/comments?post=32437"}],"version-history":[{"count":9,"href":"https:\/\/mufasatoursandtravels.com\/fr\/wp-json\/wp\/v2\/pages\/32437\/revisions"}],"predecessor-version":[{"id":44019,"href":"https:\/\/mufasatoursandtravels.com\/fr\/wp-json\/wp\/v2\/pages\/32437\/revisions\/44019"}],"up":[{"embeddable":true,"href":"https:\/\/mufasatoursandtravels.com\/fr\/wp-json\/wp\/v2\/pages\/28073"}],"wp:attachment":[{"href":"https:\/\/mufasatoursandtravels.com\/fr\/wp-json\/wp\/v2\/media?parent=32437"}],"curies":[{"name":"wp","href":"https:\/\/api.w.org\/{rel}","templated":true}]}}