{"id":32700,"date":"2025-03-07T12:33:42","date_gmt":"2025-03-07T09:33:42","guid":{"rendered":"https:\/\/mufasatoursandtravels.com\/safari-en-ouganda\/8-jours-secrets-de-la-jungle\/"},"modified":"2026-01-29T11:43:16","modified_gmt":"2026-01-29T08:43:16","slug":"8-jours-secrets-de-la-jungle","status":"publish","type":"page","link":"https:\/\/mufasatoursandtravels.com\/fr\/safari-en-ouganda\/8-jours-secrets-de-la-jungle\/","title":{"rendered":"8 jours secrets de la jungle"},"content":{"rendered":"[vc_row full_width=\u00a0\u00bbstretch_row\u00a0\u00bb gap=\u00a0\u00bb1&Prime;][vc_column parallax=\u00a0\u00bbcontent-moving\u00a0\u00bb parallax_image=\u00a0\u00bb3267&Prime; css=\u00a0\u00bb.vc_custom_1768549617612{padding-top: 80px !important;padding-right: 80px !important;padding-bottom: 80px !important;padding-left: 80px !important;}\u00a0\u00bb][vc_custom_heading text=\u00a0\u00bbLes secrets de la jungle\u00a0\u00bb font_container=\u00a0\u00bbtag:h2|font_size:32|text_align:left|color:%23ffffff\u00a0\u00bb google_fonts=\u00a0\u00bbfont_family:Quicksand%3A300%2Cregular%2C700|font_style:400%20regular%3A400%3Anormal\u00a0\u00bb el_class=\u00a0\u00bbbanner-txt\u00a0\u00bb][vc_custom_heading text=\u00a0\u00bb8 jours | Route et Fly-in\u00a0\u00bb font_container=\u00a0\u00bbtag:h2|font_size:18|text_align:left|color:%23ffffff\u00a0\u00bb google_fonts=\u00a0\u00bbfont_family:Quicksand%3A300%2Cregular%2C700|font_style:400%20regular%3A400%3Anormal\u00a0\u00bb el_class=\u00a0\u00bbbanner-txt\u00a0\u00bb][vc_separator color=\u00a0\u00bbcustom\u00a0\u00bb align=\u00a0\u00bbalign_left\u00a0\u00bb el_width=\u00a0\u00bb20&Prime; accent_color=\u00a0\u00bb#f8f8f8&Prime; el_class=\u00a0\u00bbbanner-txt\u00a0\u00bb][vc_custom_heading text=\u00a0\u00bbChutes de Murchison \u21fe For\u00eat de Kibale \u21fe Parc national Queen Elizabeth \u21fe Bwindi Imp\u00e9n\u00e9trable \u21fe Entebbe\u00a0\u00bb font_container=\u00a0\u00bbtag:h2|font_size:18|text_align:left|color:%23ffffff\u00a0\u00bb google_fonts=\u00a0\u00bbfont_family:Quicksand%3A300%2Cregular%2C700|font_style:400%20regular%3A400%3Anormal\u00a0\u00bb el_class=\u00a0\u00bbbanner-txt\u00a0\u00bb][\/vc_column][\/vc_row][vc_row css=\u00a0\u00bb.vc_custom_1690451343941{padding-top: 10px !important;}\u00a0\u00bb][vc_column][vc_tta_tabs shape=\u00a0\u00bbsquare\u00a0\u00bb color=\u00a0\u00bbjuicy-pink\u00a0\u00bb alignment=\u00a0\u00bbcenter\u00a0\u00bb active_section=\u00a0\u00bb1&Prime; no_fill_content_area=\u00a0\u00bbtrue\u00a0\u00bb][vc_tta_section title=\u00a0\u00bbAper\u00e7u\u00a0\u00bb tab_id=\u00a0\u00bb1633892890537-5637ec0b-4c69&Prime;][vc_column_text]Votre odyss\u00e9e africaine commence sur les rives calmes et en lapis du lac Victoria, un doux pr\u00e9lude \u00e0 la grandeur brute qui vous attend. Des vents parfum\u00e9s au sel du parc national de la Reine \u00c9lisabeth \u2014 o\u00f9 les lions observent les plaines et o\u00f9 le canal Kazinga grouille de vie \u2014 vous vous dirigerez vers l\u2019ancien mur \u00e9meraude de Bwindi. Dans cette cath\u00e9drale d\u2019arbres, une rencontre silencieuse et face \u00e0 face avec les gorilles des montagnes vous attend, un moment qui transcende l\u2019ordinaire. Votre voyage culmine dans les collines de Kigali, une ville d\u2019une r\u00e9silience remarquable, offrant un hommage \u00e9mouvant \u00e0 la force de l\u2019esprit humain. Voici l\u2019Ouganda, sans masque et inoubliable.    <\/p>\n<p>&nbsp;<\/p>\n<ul>\n<li>Safari aux chutes Murchison &amp; safari en bateau sur le Nil<\/li>\n<li>Piste de chimpanz\u00e9s dans la for\u00eat de Kibale<\/li>\n<li>Croisi\u00e8re en bateau dans le canal de Kazinga \u00e0 Queen Elizabeth<\/li>\n<li>Randonn\u00e9e de gorilles dans la for\u00eat imp\u00e9n\u00e9trable de Bwindi<\/li>\n<li>Safari routier panoramique \u00e0 travers l\u2019ouest de l\u2019Ouganda<\/li>\n<li>Vol int\u00e9rieur \u00e9conomique de retour vers Entebbe<\/li>\n<\/ul>\n[\/vc_column_text][\/vc_tta_section][vc_tta_section title=\u00a0\u00bbProgramme\u00a0\u00bb tab_id=\u00a0\u00bb1633454673222-3d94f956-010c\u00a0\u00bb][info_list_father connector_h=\u00a0\u00bb20&Prime; listclr=\u00a0\u00bb#f8f8f8&Prime;][info_list_son style=\u00a0\u00bbicon\u00a0\u00bb size=\u00a0\u00bb15&Prime; width=\u00a0\u00bb20&Prime; height=\u00a0\u00bb20&Prime; titleclr=\u00a0\u00bb#890000&Prime; icon=\u00a0\u00bbfas fa-hiking\u00a0\u00bb iconclr=\u00a0\u00bb#890000&Prime; iconbg=\u00a0\u00bb#f8f8f8&Prime; borderclr=\u00a0\u00bb#f8f8f8&Prime; title=\u00a0\u00bbJOUR 1 : D\u2019Entebbe aux chutes de Murchison\u00a0\u00bb]Quitter Entebbe le matin et conduire vers le nord \u00e0 travers la campagne ougandaise en direction du <strong>parc national des chutes Murchison<\/strong>, la plus grande et la plus pittoresque r\u00e9serve faunique du pays. Profitez d\u2019une pause d\u00e9jeuner en chemin. <\/p>\n<p>Arrivez dans le parc l\u2019apr\u00e8s-midi et visitez le <strong>sommet des chutes<\/strong>, o\u00f9 le Nil traverse un \u00e9troit ravin dans un spectacle puissant. Continuez vers votre lodge pour l\u2019enregistrement et la d\u00e9tente. <\/p>\n<p><strong>Pendant la nuit :<\/strong> Murchison Falls dans un pavillon ou camp<br \/><strong>Repas :<\/strong> D\u00e9jeuner &amp; D\u00eener[\/info_list_son][info_list_son style=\u00a0\u00bbicon\u00a0\u00bb size=\u00a0\u00bb15&Prime; width=\u00a0\u00bb20&Prime; height=\u00a0\u00bb20&Prime; titleclr=\u00a0\u00bb#890000&Prime; icon=\u00a0\u00bbfas fa-hiking\u00a0\u00bb iconclr=\u00a0\u00bb#890000&Prime; iconbg=\u00a0\u00bb#f8f8f8&Prime; borderclr=\u00a0\u00bb#f8f8f8&Prime; title=\u00a0\u00bbJOUR 2 : Safari et promenade en bateau sur le Nil\u00a0\u00bb]Apr\u00e8s un petit-d\u00e9jeuner matinal, profitez d\u2019une <strong>safari matinale<\/strong> sur la rive nord du Nil. Faites attention aux <strong>lions, \u00e9l\u00e9phants, girafes, buffles, kob d\u2019Ouganda et hartebeest<\/strong>. <\/p>\n<p>L\u2019apr\u00e8s-midi, faites un <strong>safari en bateau le long du Nil<\/strong> jusqu\u2019\u00e0 la base des chutes de Murchison. Cette croisi\u00e8re relaxante offre d\u2019excellentes observations <strong>d\u2019hippopotames, de crocodiles du Nil<\/strong> et d\u2019une abondante avifaune. <\/p>\n<p><strong>Pendant la nuit :<\/strong> Murchison Falls dans un pavillon ou camp<br \/><strong>Repas :<\/strong> Petit-d\u00e9jeuner, d\u00e9jeuner et d\u00eener[\/info_list_son][info_list_son style=\u00a0\u00bbicon\u00a0\u00bb size=\u00a0\u00bb15&Prime; width=\u00a0\u00bb20&Prime; height=\u00a0\u00bb20&Prime; titleclr=\u00a0\u00bb#890000&Prime; icon=\u00a0\u00bbfas fa-hiking\u00a0\u00bb iconclr=\u00a0\u00bb#890000&Prime; iconbg=\u00a0\u00bb#f8f8f8&Prime; borderclr=\u00a0\u00bb#f8f8f8&Prime; title=\u00a0\u00bbJOUR 3 : Murchison Falls \u00e0 la for\u00eat de Kibale\u00a0\u00bb]Apr\u00e8s le petit-d\u00e9jeuner, quittez les chutes Murchison et voyagez vers le sud-ouest \u00e0 travers des paysages changeants en direction du <a href=\"http:\/\/www.mufasatoursandtravels.com\/destinations\/kibale-forest-national-park\/\"><strong>parc national de la for\u00eat de Kibale<\/strong><\/a>, c\u00e9l\u00e8bre pour avoir la plus forte concentration de primates en Afrique.<\/p>\n<p>Arrivez l\u2019apr\u00e8s-midi, enregistrez-vous \u00e0 votre lodge et profitez des environs forestiers.<\/p>\n<p><strong>Pendant la nuit :<\/strong> Kibale dans un pavillon ou un camp<br \/><strong>Repas :<\/strong> Petit-d\u00e9jeuner, d\u00e9jeuner et d\u00eener[\/info_list_son][info_list_son style=\u00a0\u00bbicon\u00a0\u00bb size=\u00a0\u00bb15&Prime; width=\u00a0\u00bb20&Prime; height=\u00a0\u00bb20&Prime; titleclr=\u00a0\u00bb#890000&Prime; icon=\u00a0\u00bbfas fa-hiking\u00a0\u00bb iconclr=\u00a0\u00bb#890000&Prime; iconbg=\u00a0\u00bb#f8f8f8&Prime; borderclr=\u00a0\u00bb#f8f8f8&Prime; title=\u00a0\u00bbJOUR 4 : Trekking des Chipanz\u00e9s et promenade dans la zone humide de Bigodi\u00a0\u00bb]Apr\u00e8s le petit-d\u00e9jeuner, rendez-vous au si\u00e8ge du parc pour un briefing avant votre <strong>exp\u00e9rience de piste de chimpanz\u00e9s<\/strong> dans la for\u00eat de Kibale. Suivez les chimpanz\u00e9s et autres primates comme le colobe rouge et les singes de L\u2019Hoest. <\/p>\n<p>L\u2019apr\u00e8s-midi, visitez le <strong>sanctuaire humide de Bigodi<\/strong>, un projet communautaire riche en avifaune et en rencontres culturelles.<\/p>\n<p><strong>Pendant la nuit :<\/strong> Kibale dans un pavillon ou un camp<br \/><strong>Repas :<\/strong> Petit-d\u00e9jeuner, d\u00e9jeuner et d\u00eener[\/info_list_son][info_list_son style=\u00a0\u00bbicon\u00a0\u00bb size=\u00a0\u00bb15&Prime; width=\u00a0\u00bb20&Prime; height=\u00a0\u00bb20&Prime; titleclr=\u00a0\u00bb#890000&Prime; icon=\u00a0\u00bbfas fa-hiking\u00a0\u00bb iconclr=\u00a0\u00bb#890000&Prime; iconbg=\u00a0\u00bb#f8f8f8&Prime; borderclr=\u00a0\u00bb#f8f8f8&Prime; title=\u00a0\u00bbJOUR 5 : De la for\u00eat de Kibale au parc national Queen Elizabeth\u00a0\u00bb]Conduisez vers le sud jusqu\u2019au <a href=\"http:\/\/www.mufasatoursandtravels.com\/destinations\/queen%20-elizabeth-national-park\/\"><strong>parc national Queen Elizabeth<\/strong><\/a>, en passant devant des lacs crat\u00e8res et les contreforts des montagnes Rwenzori. Arriver \u00e0 temps pour le d\u00e9jeuner. <\/p>\n<p>L\u2019apr\u00e8s-midi, profitez d\u2019une <strong>croisi\u00e8re en bateau sur le canal de Kazinga,<\/strong> c\u00e9l\u00e8bre pour sa forte concentration d\u2019hippopotames, de crocodiles et d\u2019oiseaux aquatiques.<\/p>\n<p><strong>Pendant la nuit :<\/strong> La reine Elizabeth dans un pavillon ou un camp<br \/><strong>Repas :<\/strong> Petit-d\u00e9jeuner, d\u00e9jeuner et d\u00eener[\/info_list_son][info_list_son style=\u00a0\u00bbicon\u00a0\u00bb size=\u00a0\u00bb15&Prime; width=\u00a0\u00bb20&Prime; height=\u00a0\u00bb20&Prime; titleclr=\u00a0\u00bb#890000&Prime; icon=\u00a0\u00bbfas fa-hiking\u00a0\u00bb iconclr=\u00a0\u00bb#890000&Prime; iconbg=\u00a0\u00bb#f8f8f8&Prime; borderclr=\u00a0\u00bb#f8f8f8&Prime; title=\u00a0\u00bbJOUR 6 : Du parc national Queen Elizabeth \u00e0 Bwindi imp\u00e9n\u00e9trable\u00a0\u00bb]Commencez la journ\u00e9e par un <strong>safari t\u00f4t le matin<\/strong> dans le parc national Queen Elizabeth, offrant des occasions d\u2019observer des \u00e9l\u00e9phants, des buffles, des antilopes et des lions.<\/p>\n<p>Apr\u00e8s le petit-d\u00e9jeuner, conduisez vers le sud en direction <a href=\"http:\/\/www.mufasatoursandtravels.com\/destinations\/bwindi-impenetrable-forest\/\"><strong>de la for\u00eat imp\u00e9n\u00e9trable de Bwindi<\/strong><\/a>, traversant des paysages pittoresques et des villages ruraux. Arrivez \u00e0 votre lodge l\u2019apr\u00e8s-midi et d\u00e9tendez-vous en pr\u00e9paration de la randonn\u00e9e en gorille. <\/p>\n<p><strong>Pendant la nuit :<\/strong> Bwindi dans un lodge ou un camp<br \/><strong>Repas :<\/strong> Petit-d\u00e9jeuner, d\u00e9jeuner et d\u00eener[\/info_list_son][info_list_son style=\u00a0\u00bbicon\u00a0\u00bb size=\u00a0\u00bb15&Prime; width=\u00a0\u00bb20&Prime; height=\u00a0\u00bb20&Prime; titleclr=\u00a0\u00bb#890000&Prime; icon=\u00a0\u00bbfas fa-hiking\u00a0\u00bb iconclr=\u00a0\u00bb#890000&Prime; iconbg=\u00a0\u00bb#f8f8f8&Prime; borderclr=\u00a0\u00bb#f8f8f8&Prime; title=\u00a0\u00bbJOUR 7 : Trekking des gorilles\u00a0\u00bb]Apr\u00e8s un petit-d\u00e9jeuner matinal, assistez \u00e0 un briefing des gardes de l\u2019Uganda Wildlife Authority avant de partir pour votre <strong>safari de randonn\u00e9e de gorilles<\/strong>.<\/p>\n<p>Traversez la for\u00eat tropicale dense \u00e0 la recherche d\u2019une famille de gorilles habitu\u00e9e. Une fois localis\u00e9s, profitez <strong>d\u2019une heure inoubliable<\/strong> \u00e0 observer les gorilles dans leur habitat naturel \u2014 le point culminant de tout safari en Ouganda. <\/p>\n<p>Retournez \u00e0 votre lodge l\u2019apr\u00e8s-midi pour un repos ou une visite communautaire optionnelle.<\/p>\n<p><strong>Pendant la nuit :<\/strong> Bwindi dans un lodge ou un camp<br \/><strong>Repas :<\/strong> Petit-d\u00e9jeuner, d\u00e9jeuner et d\u00eener[\/info_list_son][info_list_son style=\u00a0\u00bbicon\u00a0\u00bb size=\u00a0\u00bb15&Prime; width=\u00a0\u00bb20&Prime; height=\u00a0\u00bb20&Prime; titleclr=\u00a0\u00bb#890000&Prime; icon=\u00a0\u00bbfas fa-hiking\u00a0\u00bb iconclr=\u00a0\u00bb#890000&Prime; iconbg=\u00a0\u00bb#f8f8f8&Prime; borderclr=\u00a0\u00bb#f8f8f8&Prime; title=\u00a0\u00bbJOUR 8 : Vol panoramique vers Entebbe\u00a0\u00bb]Apr\u00e8s le petit-d\u00e9jeuner, transf\u00e9rez-vous vers <strong>la piste de Kihihi ou Kisoro<\/strong> pour votre <strong>vol int\u00e9rieur programm\u00e9 de retour \u00e0 Entebbe<\/strong>.<\/p>\n<p>Arrivez \u00e0 Entebbe \u00e0 temps pour votre vol international suivant, marquant la fin de votre safari de 8 jours en Ouganda.<\/p>\n<p><strong>Repas :<\/strong> Petit-d\u00e9jeuner[\/info_list_son][\/info_list_father][\/vc_tta_section][vc_tta_section title=\u00a0\u00bbInclusif\/Exclusif\u00a0\u00bb tab_id=\u00a0\u00bb1633455601016-f93699bc-5d92&Prime;][vc_row_inner][vc_column_inner width=\u00a0\u00bb1\/2&Prime;][info_list_father listclr=\u00a0\u00bb#f8f8f8&Prime;][info_list_son style=\u00a0\u00bbicon\u00a0\u00bb size=\u00a0\u00bb15&Prime; width=\u00a0\u00bb20&Prime; height=\u00a0\u00bb20&Prime; titleclr=\u00a0\u00bb#890000&Prime; icon=\u00a0\u00bbfas fa-user-plus\u00a0\u00bb iconclr=\u00a0\u00bb#890000&Prime; title=\u00a0\u00bbINCLUS\u00a0\u00bb lineheight=\u00a0\u00bb2&Prime;]\n<ul>\n<li>V\u00e9hicule priv\u00e9 4&#215;4 safari avec chauffeur-guide professionnel<\/li>\n<li>Tous les frais d\u2019entr\u00e9e et activit\u00e9s programm\u00e9es<\/li>\n<li>Permis de randonn\u00e9e chez les chimpanz\u00e9s (Kibale)<\/li>\n<li>Permis de randonn\u00e9e pour les gorilles (Bwindi)<\/li>\n<li>Vol int\u00e9rieur Bwindi\u2013Entebbe<\/li>\n<li>H\u00e9bergement et repas selon les sp\u00e9cifications<\/li>\n<\/ul>\n[\/info_list_son][\/info_list_father][\/vc_column_inner][vc_column_inner width=\u00a0\u00bb1\/2&Prime;][info_list_father listclr=\u00a0\u00bb#f8f8f8&Prime;][info_list_son style=\u00a0\u00bbicon\u00a0\u00bb size=\u00a0\u00bb15&Prime; width=\u00a0\u00bb20&Prime; height=\u00a0\u00bb20&Prime; titleclr=\u00a0\u00bb#890000&Prime; icon=\u00a0\u00bbfas fa-user-minus\u00a0\u00bb iconclr=\u00a0\u00bb#890000&Prime; title=\u00a0\u00bbEXCLU\u00a0\u00bb lineheight=\u00a0\u00bb2&Prime;]\n<ul>\n<li>Tout ce qui n\u2019est pas dans le Inclus.<\/li>\n<\/ul>\n[\/info_list_son][\/info_list_father][\/vc_column_inner][\/vc_row_inner][\/vc_tta_section][\/vc_tta_tabs][\/vc_column][\/vc_row]\n","protected":false},"excerpt":{"rendered":"<p>[vc_row full_width=\u00a0\u00bbstretch_row\u00a0\u00bb gap=\u00a0\u00bb1&Prime;][vc_column parallax=\u00a0\u00bbcontent-moving\u00a0\u00bb parallax_image=\u00a0\u00bb3267&Prime; css=\u00a0\u00bb.vc_custom_1768549617612{padding-top: 80px !important;padding-right: 80px !important;padding-bottom: 80px !important;padding-left: 80px !important;}\u00a0\u00bb][vc_custom_heading text=\u00a0\u00bbLes secrets de la jungle\u00a0\u00bb font_container=\u00a0\u00bbtag:h2|font_size:32|text_align:left|color:%23ffffff\u00a0\u00bb google_fonts=\u00a0\u00bbfont_family:Quicksand%3A300%2Cregular%2C700|font_style:400%20regular%3A400%3Anormal\u00a0\u00bb el_class=\u00a0\u00bbbanner-txt\u00a0\u00bb][vc_custom_heading text=\u00a0\u00bb8 jours | Route et Fly-in\u00a0\u00bb font_container=\u00a0\u00bbtag:h2|font_size:18|text_align:left|color:%23ffffff\u00a0\u00bb google_fonts=\u00a0\u00bbfont_family:Quicksand%3A300%2Cregular%2C700|font_style:400%20regular%3A400%3Anormal\u00a0\u00bb el_class=\u00a0\u00bbbanner-txt\u00a0\u00bb][vc_separator color=\u00a0\u00bbcustom\u00a0\u00bb align=\u00a0\u00bbalign_left\u00a0\u00bb el_width=\u00a0\u00bb20&Prime; accent_color=\u00a0\u00bb#f8f8f8&Prime; el_class=\u00a0\u00bbbanner-txt\u00a0\u00bb][vc_custom_heading text=\u00a0\u00bbChutes de Murchison \u21fe For\u00eat de Kibale \u21fe Parc national Queen Elizabeth \u21fe Bwindi Imp\u00e9n\u00e9trable \u21fe Entebbe\u00a0\u00bb font_container=\u00a0\u00bbtag:h2|font_size:18|text_align:left|color:%23ffffff\u00a0\u00bb google_fonts=\u00a0\u00bbfont_family:Quicksand%3A300%2Cregular%2C700|font_style:400%20regular%3A400%3Anormal\u00a0\u00bb [&hellip;]<\/p>\n","protected":false},"author":2,"featured_media":0,"parent":28073,"menu_order":10,"comment_status":"closed","ping_status":"closed","template":"","meta":{"_themeisle_gutenberg_block_has_review":false,"footnotes":""},"class_list":["post-32700","page","type-page","status-publish","hentry"],"_links":{"self":[{"href":"https:\/\/mufasatoursandtravels.com\/fr\/wp-json\/wp\/v2\/pages\/32700","targetHints":{"allow":["GET"]}}],"collection":[{"href":"https:\/\/mufasatoursandtravels.com\/fr\/wp-json\/wp\/v2\/pages"}],"about":[{"href":"https:\/\/mufasatoursandtravels.com\/fr\/wp-json\/wp\/v2\/types\/page"}],"author":[{"embeddable":true,"href":"https:\/\/mufasatoursandtravels.com\/fr\/wp-json\/wp\/v2\/users\/2"}],"replies":[{"embeddable":true,"href":"https:\/\/mufasatoursandtravels.com\/fr\/wp-json\/wp\/v2\/comments?post=32700"}],"version-history":[{"count":7,"href":"https:\/\/mufasatoursandtravels.com\/fr\/wp-json\/wp\/v2\/pages\/32700\/revisions"}],"predecessor-version":[{"id":44025,"href":"https:\/\/mufasatoursandtravels.com\/fr\/wp-json\/wp\/v2\/pages\/32700\/revisions\/44025"}],"up":[{"embeddable":true,"href":"https:\/\/mufasatoursandtravels.com\/fr\/wp-json\/wp\/v2\/pages\/28073"}],"wp:attachment":[{"href":"https:\/\/mufasatoursandtravels.com\/fr\/wp-json\/wp\/v2\/media?parent=32700"}],"curies":[{"name":"wp","href":"https:\/\/api.w.org\/{rel}","templated":true}]}}