{"id":33043,"date":"2022-05-31T13:08:51","date_gmt":"2022-05-31T10:08:51","guid":{"rendered":"https:\/\/mufasatoursandtravels.com\/safari-en-ouganda\/6-jours-murmures-du-vent\/"},"modified":"2026-01-29T11:34:01","modified_gmt":"2026-01-29T08:34:01","slug":"6-jours-murmures-du-vent","status":"publish","type":"page","link":"https:\/\/mufasatoursandtravels.com\/fr\/safari-en-ouganda\/6-jours-murmures-du-vent\/","title":{"rendered":"6 jours Murmures du vent"},"content":{"rendered":"[vc_row full_width=\u00a0\u00bbstretch_row\u00a0\u00bb gap=\u00a0\u00bb1&Prime;][vc_column parallax=\u00a0\u00bbcontent-moving\u00a0\u00bb parallax_image=\u00a0\u00bb41273&Prime; css=\u00a0\u00bb.vc_custom_1768548947271{padding-top: 80px !important;padding-right: 80px !important;padding-bottom: 80px !important;padding-left: 80px !important;}\u00a0\u00bb][vc_custom_heading text=\u00a0\u00bbMurmures du vent\u00a0\u00bb font_container=\u00a0\u00bbtag:h2|font_size:32|text_align:left|color:%23ffffff\u00a0\u00bb google_fonts=\u00a0\u00bbfont_family:Quicksand%3A300%2Cregular%2C700|font_style:400%20regular%3A400%3Anormal\u00a0\u00bb el_class=\u00a0\u00bbbanner-txt\u00a0\u00bb][vc_custom_heading text=\u00a0\u00bb6 jours\u00a0\u00bb font_container=\u00a0\u00bbtag:h2|font_size:22|text_align:left|color:%23ffffff\u00a0\u00bb google_fonts=\u00a0\u00bbfont_family:Quicksand%3A300%2Cregular%2C700|font_style:400%20regular%3A400%3Anormal\u00a0\u00bb el_class=\u00a0\u00bbbanner-txt\u00a0\u00bb][vc_separator color=\u00a0\u00bbcustom\u00a0\u00bb align=\u00a0\u00bbalign_left\u00a0\u00bb el_width=\u00a0\u00bb20&Prime; accent_color=\u00a0\u00bb#f8f8f8&Prime; el_class=\u00a0\u00bbbanner-txt\u00a0\u00bb][vc_custom_heading text=\u00a0\u00bbKampala \u21fe For\u00eat de Kibale \u21fe Parc national Queen Elizabeth \u21fe Bwindi Imp\u00e9n\u00e9trable \u21fe Entebbe\u00a0\u00bb font_container=\u00a0\u00bbtag:h2|font_size:18|text_align:left|color:%23ffffff\u00a0\u00bb google_fonts=\u00a0\u00bbfont_family:Quicksand%3A300%2Cregular%2C700|font_style:300%20light%20regular%3A300%3Anormal\u00a0\u00bb el_class=\u00a0\u00bbbanner-txt\u00a0\u00bb][\/vc_column][\/vc_row][vc_row][vc_column css=\u00a0\u00bb.vc_custom_1678438234909{border-top-width: 10px !important;border-right-width: 10px !important;border-bottom-width: 10px !important;border-left-width: 10px !important;}\u00a0\u00bb][vc_tta_tabs shape=\u00a0\u00bbsquare\u00a0\u00bb color=\u00a0\u00bbjuicy-pink\u00a0\u00bb alignment=\u00a0\u00bbcenter\u00a0\u00bb active_section=\u00a0\u00bb1&Prime; no_fill_content_area=\u00a0\u00bbtrue\u00a0\u00bb][vc_tta_section title=\u00a0\u00bbAper\u00e7u\u00a0\u00bb tab_id=\u00a0\u00bb1633892890537-5637ec0b-4c69&Prime;][vc_column_text]Embarquez pour un safari inoubliable en Ouganda. Cet itin\u00e9raire de six jours vous emm\u00e8ne dans une aventure sauvage et culturelle en Ouganda et au Rwanda. En commen\u00e7ant par Kampala, vous profiterez de la beaut\u00e9 pittoresque du lac Victoria avant de vous diriger vers le parc national du lac Mburo, connu pour ses diverses esp\u00e8ces d\u2019oiseaux et sa faune. Des safaris et une croisi\u00e8re en bateau offrent la possibilit\u00e9 d\u2019apercevoir des z\u00e8bres, des girafes, des \u00e9l\u00e9phants et diverses esp\u00e8ces d\u2019oiseaux. Le voyage se poursuit vers le parc national imp\u00e9n\u00e9trable de Bwindi, o\u00f9 vous embarquerez pour une exp\u00e9rience de trekking passionnante avec des gorilles. Le voyage se termine \u00e0 Kigali, au Rwanda, par une visite de la ville et du site comm\u00e9moratif du g\u00e9nocide avant de rentrer chez soi.     <\/p>\n<p>&nbsp;<\/p>\n<ul>\n<li>Chimpanz\u00e9s traquant dans la for\u00eat de Kibale.<\/li>\n<li>Safari faunique et en bateau dans le parc national de la Reine Elizabeth.<\/li>\n<li>Randonn\u00e9e de gorilles dans la for\u00eat imp\u00e9n\u00e9trable de Bwindi.<\/li>\n<li>Safari routier pittoresque \u00e0 travers l\u2019ouest de l\u2019Ouganda.<\/li>\n<li>Vol int\u00e9rieur de retour \u00e0 Entebbe qui fait gagner du temps.<\/li>\n<\/ul>\n[\/vc_column_text][\/vc_tta_section][vc_tta_section title=\u00a0\u00bbProgramme\u00a0\u00bb tab_id=\u00a0\u00bb1633454673222-3d94f956-010c\u00a0\u00bb][info_list_father listclr=\u00a0\u00bb#f8f8f8&Prime;][info_list_son style=\u00a0\u00bbicon\u00a0\u00bb size=\u00a0\u00bb15&Prime; width=\u00a0\u00bb20&Prime; height=\u00a0\u00bb20&Prime; titleclr=\u00a0\u00bb#811a18&Prime; title=\u00a0\u00bbJOUR 1 : Parc national de la for\u00eat d\u2019Entebbe \u00e0 Kibale\u00a0\u00bb icon=\u00a0\u00bbfas fa-hiking\u00a0\u00bb iconclr=\u00a0\u00bb#811a18&Prime; lineheight=\u00a0\u00bb2&Prime; iconbg=\u00a0\u00bb#f8f8f8&Prime; borderclr=\u00a0\u00bb#f8f8f8&Prime;]Quittez Entebbe le matin et conduisez vers l\u2019ouest \u00e0 travers la campagne pittoresque, les plantations de th\u00e9 et les collines ondulantes en direction <strong>du parc national de la for\u00eat de Kibale<\/strong>, r\u00e9put\u00e9 pour sa diversit\u00e9 de primates.<\/p>\n<p>Arrivez dans l\u2019apr\u00e8s-midi et enregistrez-vous \u00e0 votre lodge. Passez le reste de la journ\u00e9e \u00e0 votre rythme, profitant de l\u2019atmosph\u00e8re foresti\u00e8re et de la richesse des oiseaux. <\/p>\n<p><strong>Pendant la nuit :<\/strong> Kibale dans un pavillon ou un camp<br \/><strong>Plan de repas :<\/strong> D\u00e9jeuner &amp; D\u00eener[\/info_list_son][info_list_son style=\u00a0\u00bbicon\u00a0\u00bb size=\u00a0\u00bb15&Prime; width=\u00a0\u00bb20&Prime; height=\u00a0\u00bb20&Prime; titleclr=\u00a0\u00bb#811a18&Prime; title=\u00a0\u00bbJOUR 2 : Piste des chimpanz\u00e9s et zone humide de Bigodi\u00a0\u00bb icon=\u00a0\u00bbfas fa-hiking\u00a0\u00bb iconclr=\u00a0\u00bb#811a18&Prime; lineheight=\u00a0\u00bb2&Prime; iconbg=\u00a0\u00bb#f8f8f8&Prime; borderclr=\u00a0\u00bb#f8f8f8&Prime;]Apr\u00e8s un petit-d\u00e9jeuner matinal, transf\u00e9rez-vous au si\u00e8ge du parc pour un briefing avant de commencer votre <strong>exp\u00e9rience de pistage de chimpanz\u00e9s<\/strong> dans la for\u00eat de Kibale. Suivez des guides exp\u00e9riment\u00e9s \u00e0 travers la for\u00eat \u00e0 la recherche de familles de chimpanz\u00e9s habitu\u00e9s. <\/p>\n<p>Retournez au lodge pour d\u00e9jeuner, puis profitez d\u2019une visite l\u2019apr\u00e8s-midi du <strong>sanctuaire des zones humides de Bigodi<\/strong>, un projet communautaire offrant une excellente observation des oiseaux et la possibilit\u00e9 de voir d\u2019autres primates.<\/p>\n<p><strong>Pendant la nuit :<\/strong> Kibale dans un pavillon ou un camp<br \/><strong>Plan de repas :<\/strong> Petit-d\u00e9jeuner, d\u00e9jeuner et d\u00eener[\/info_list_son][info_list_son style=\u00a0\u00bbicon\u00a0\u00bb size=\u00a0\u00bb15&Prime; width=\u00a0\u00bb20&Prime; height=\u00a0\u00bb20&Prime; titleclr=\u00a0\u00bb#811a18&Prime; title=\u00a0\u00bbJOUR 3 : De la for\u00eat de Kibale au parc national Queen Elizabeth\u00a0\u00bb icon=\u00a0\u00bbfas fa-hiking\u00a0\u00bb iconclr=\u00a0\u00bb#811a18&Prime; lineheight=\u00a0\u00bb2&Prime; iconbg=\u00a0\u00bb#f8f8f8&Prime; borderclr=\u00a0\u00bb#f8f8f8&Prime;]Apr\u00e8s le petit-d\u00e9jeuner, conduisez vers le sud jusqu\u2019au <strong>parc national Queen Elizabeth<\/strong>, en passant devant des lacs de crat\u00e8res et des paysages spectaculaires le long des contreforts du Rwenzori.<\/p>\n<p>Arrivez \u00e0 temps pour le d\u00e9jeuner, suivi d\u2019un <strong>safari en bateau l\u2019apr\u00e8s-midi sur le canal de Kazinga<\/strong>, c\u00e9l\u00e8bre pour sa forte concentration d\u2019hippopotames, de crocodiles et d\u2019avifaune.<\/p>\n<p><strong>Pendant la nuit :<\/strong> La reine Elizabeth dans un pavillon ou un camp<br \/><strong>Plan de repas :<\/strong> Petit-d\u00e9jeuner, d\u00e9jeuner et d\u00eener[\/info_list_son][info_list_son style=\u00a0\u00bbicon\u00a0\u00bb size=\u00a0\u00bb15&Prime; width=\u00a0\u00bb20&Prime; height=\u00a0\u00bb20&Prime; titleclr=\u00a0\u00bb#811a18&Prime; title=\u00a0\u00bbJOUR 4 : Du parc national Queen Elizabeth au parc national imp\u00e9n\u00e9trable de Bwindi\u00a0\u00bb icon=\u00a0\u00bbfas fa-hiking\u00a0\u00bb iconclr=\u00a0\u00bb#811a18&Prime; lineheight=\u00a0\u00bb2&Prime; iconbg=\u00a0\u00bb#f8f8f8&Prime; borderclr=\u00a0\u00bb#f8f8f8&Prime;]Profitez d\u2019un <strong>safari t\u00f4t le matin<\/strong> dans le parc national Queen Elizabeth, avec des occasions d\u2019apercevoir \u00e9l\u00e9phants, lions, buffles, antilopes et bien plus encore.<\/p>\n<p>Apr\u00e8s le petit-d\u00e9jeuner, continuez vers le sud en direction de <strong>la for\u00eat imp\u00e9n\u00e9trable de Bwindi<\/strong>, en traversant le secteur d\u2019Ishasha (habitat de lions grimpant aux arbres, si la saison le permet) et les hautes terres pittoresques.<\/p>\n<p>Arrivez \u00e0 votre lodge de Bwindi l\u2019apr\u00e8s-midi et d\u00e9tendez-vous en vue de la randonn\u00e9e des gorilles.<\/p>\n<p><strong>Pendant la nuit :<\/strong> Bwindi dans un pavillon ou un camp<br \/><strong>Plan de repas :<\/strong> Petit-d\u00e9jeuner, d\u00e9jeuner et d\u00eener[\/info_list_son][info_list_son style=\u00a0\u00bbicon\u00a0\u00bb size=\u00a0\u00bb15&Prime; width=\u00a0\u00bb20&Prime; height=\u00a0\u00bb20&Prime; titleclr=\u00a0\u00bb#811a18&Prime; title=\u00a0\u00bbJOUR 5 : Randonn\u00e9e de gorilles \u00e0 Bwindi\u00a0\u00bb icon=\u00a0\u00bbfas fa-hiking\u00a0\u00bb iconclr=\u00a0\u00bb#811a18&Prime; lineheight=\u00a0\u00bb2&Prime; iconbg=\u00a0\u00bb#f8f8f8&Prime; borderclr=\u00a0\u00bb#f8f8f8&Prime;]Apr\u00e8s un petit-d\u00e9jeuner matinal, assistez \u00e0 un briefing au si\u00e8ge du parc avant de partir pour votre <strong>exp\u00e9rience guid\u00e9e de trekking de gorille<\/strong>. Le temps de randonn\u00e9e varie selon la localisation de la famille de gorilles. <\/p>\n<p>Une fois trouv\u00e9s, passez <strong>une heure magique<\/strong> \u00e0 observer les gorilles dans leur habitat naturel \u2014 une rencontre inoubliable avec la faune.<\/p>\n<p>Retournez au lodge l\u2019apr\u00e8s-midi pour vous d\u00e9tendre ou une visite communautaire optionnelle.<\/p>\n<p><strong>Pendant la nuit :<\/strong> Bwindi dans un pavillon ou un camp<br \/><strong>Plan de repas :<\/strong> Petit-d\u00e9jeuner, d\u00e9jeuner et d\u00eener[\/info_list_son][info_list_son style=\u00a0\u00bbicon\u00a0\u00bb size=\u00a0\u00bb15&Prime; width=\u00a0\u00bb20&Prime; height=\u00a0\u00bb20&Prime; titleclr=\u00a0\u00bb#811a18&Prime; title=\u00a0\u00bbJOUR 6 : Bwindi Vol pour Entebbe\u00a0\u00bb icon=\u00a0\u00bbfas fa-hiking\u00a0\u00bb iconclr=\u00a0\u00bb#811a18&Prime; lineheight=\u00a0\u00bb2&Prime; iconbg=\u00a0\u00bb#f8f8f8&Prime; borderclr=\u00a0\u00bb#f8f8f8&Prime;]Apr\u00e8s le petit-d\u00e9jeuner, transf\u00e9rez-vous vers <strong>la piste de Kihihi ou Kisoro<\/strong> pour votre vol int\u00e9rieur programm\u00e9 de retour \u00e0 <strong>Entebbe<\/strong>.<\/p>\n<p>Arrivez \u00e0 Entebbe \u00e0 temps pour votre vol international de d\u00e9part ou pour une nuit optionnelle, marquant la fin de votre safari en Ouganda.<\/p>\n<p><strong>Plan de repas :<\/strong> Petit-d\u00e9jeuner[\/info_list_son][\/info_list_father][\/vc_tta_section][vc_tta_section title=\u00a0\u00bbInclusif\/Exclusif\u00a0\u00bb tab_id=\u00a0\u00bb1633455601016-f93699bc-5d92&Prime;][vc_row_inner][vc_column_inner width=\u00a0\u00bb1\/2&Prime;][info_list_father listclr=\u00a0\u00bb#f8f8f8&Prime;][info_list_son style=\u00a0\u00bbicon\u00a0\u00bb size=\u00a0\u00bb15&Prime; width=\u00a0\u00bb20&Prime; height=\u00a0\u00bb20&Prime; titleclr=\u00a0\u00bb#890000&Prime; icon=\u00a0\u00bbfas fa-user-plus\u00a0\u00bb iconclr=\u00a0\u00bb#890000&Prime; title=\u00a0\u00bbINCLUS\u00a0\u00bb lineheight=\u00a0\u00bb2&Prime;]\n<ul>\n<li>V\u00e9hicule priv\u00e9 4&#215;4 pour safari &amp; guide professionnel<\/li>\n<li>Frais d\u2019entr\u00e9e et activit\u00e9s au parc indiqu\u00e9s<\/li>\n<li>Permis de suivi des chimpanz\u00e9s (Kibale)<\/li>\n<li>Permis de randonn\u00e9e pour les gorilles (Bwindi)<\/li>\n<li>Vol int\u00e9rieur Bwindi\u2013Entebbe<\/li>\n<li>H\u00e9bergement et repas selon les sp\u00e9cifications<\/li>\n<\/ul>\n[\/info_list_son][\/info_list_father][\/vc_column_inner][vc_column_inner width=\u00a0\u00bb1\/2&Prime;][info_list_father listclr=\u00a0\u00bb#f8f8f8&Prime;][info_list_son style=\u00a0\u00bbicon\u00a0\u00bb size=\u00a0\u00bb15&Prime; width=\u00a0\u00bb20&Prime; height=\u00a0\u00bb20&Prime; titleclr=\u00a0\u00bb#890000&Prime; icon=\u00a0\u00bbfas fa-user-minus\u00a0\u00bb iconclr=\u00a0\u00bb#890000&Prime; title=\u00a0\u00bbEXCLU\u00a0\u00bb lineheight=\u00a0\u00bb2&Prime;]\n<ul>\n<li>Tout ce qui n\u2019est pas dans le Inclus.<\/li>\n<\/ul>\n[\/info_list_son][\/info_list_father][\/vc_column_inner][\/vc_row_inner][\/vc_tta_section][\/vc_tta_tabs][\/vc_column][\/vc_row][vc_row][vc_column][\/vc_column][\/vc_row]\n","protected":false},"excerpt":{"rendered":"<p>[vc_row full_width=\u00a0\u00bbstretch_row\u00a0\u00bb gap=\u00a0\u00bb1&Prime;][vc_column parallax=\u00a0\u00bbcontent-moving\u00a0\u00bb parallax_image=\u00a0\u00bb41273&Prime; css=\u00a0\u00bb.vc_custom_1768548947271{padding-top: 80px !important;padding-right: 80px !important;padding-bottom: 80px !important;padding-left: 80px !important;}\u00a0\u00bb][vc_custom_heading text=\u00a0\u00bbMurmures du vent\u00a0\u00bb font_container=\u00a0\u00bbtag:h2|font_size:32|text_align:left|color:%23ffffff\u00a0\u00bb google_fonts=\u00a0\u00bbfont_family:Quicksand%3A300%2Cregular%2C700|font_style:400%20regular%3A400%3Anormal\u00a0\u00bb el_class=\u00a0\u00bbbanner-txt\u00a0\u00bb][vc_custom_heading text=\u00a0\u00bb6 jours\u00a0\u00bb font_container=\u00a0\u00bbtag:h2|font_size:22|text_align:left|color:%23ffffff\u00a0\u00bb google_fonts=\u00a0\u00bbfont_family:Quicksand%3A300%2Cregular%2C700|font_style:400%20regular%3A400%3Anormal\u00a0\u00bb el_class=\u00a0\u00bbbanner-txt\u00a0\u00bb][vc_separator color=\u00a0\u00bbcustom\u00a0\u00bb align=\u00a0\u00bbalign_left\u00a0\u00bb el_width=\u00a0\u00bb20&Prime; accent_color=\u00a0\u00bb#f8f8f8&Prime; el_class=\u00a0\u00bbbanner-txt\u00a0\u00bb][vc_custom_heading text=\u00a0\u00bbKampala \u21fe For\u00eat de Kibale \u21fe Parc national Queen Elizabeth \u21fe Bwindi Imp\u00e9n\u00e9trable \u21fe Entebbe\u00a0\u00bb font_container=\u00a0\u00bbtag:h2|font_size:18|text_align:left|color:%23ffffff\u00a0\u00bb google_fonts=\u00a0\u00bbfont_family:Quicksand%3A300%2Cregular%2C700|font_style:300%20light%20regular%3A300%3Anormal\u00a0\u00bb el_class=\u00a0\u00bbbanner-txt\u00a0\u00bb][\/vc_column][\/vc_row][vc_row][vc_column css=\u00a0\u00bb.vc_custom_1678438234909{border-top-width: 10px !important;border-right-width: 10px !important;border-bottom-width: 10px !important;border-left-width: [&hellip;]<\/p>\n","protected":false},"author":4,"featured_media":0,"parent":28073,"menu_order":8,"comment_status":"closed","ping_status":"closed","template":"","meta":{"_themeisle_gutenberg_block_has_review":false,"footnotes":""},"class_list":["post-33043","page","type-page","status-publish","hentry"],"_links":{"self":[{"href":"https:\/\/mufasatoursandtravels.com\/fr\/wp-json\/wp\/v2\/pages\/33043","targetHints":{"allow":["GET"]}}],"collection":[{"href":"https:\/\/mufasatoursandtravels.com\/fr\/wp-json\/wp\/v2\/pages"}],"about":[{"href":"https:\/\/mufasatoursandtravels.com\/fr\/wp-json\/wp\/v2\/types\/page"}],"author":[{"embeddable":true,"href":"https:\/\/mufasatoursandtravels.com\/fr\/wp-json\/wp\/v2\/users\/4"}],"replies":[{"embeddable":true,"href":"https:\/\/mufasatoursandtravels.com\/fr\/wp-json\/wp\/v2\/comments?post=33043"}],"version-history":[{"count":14,"href":"https:\/\/mufasatoursandtravels.com\/fr\/wp-json\/wp\/v2\/pages\/33043\/revisions"}],"predecessor-version":[{"id":43984,"href":"https:\/\/mufasatoursandtravels.com\/fr\/wp-json\/wp\/v2\/pages\/33043\/revisions\/43984"}],"up":[{"embeddable":true,"href":"https:\/\/mufasatoursandtravels.com\/fr\/wp-json\/wp\/v2\/pages\/28073"}],"wp:attachment":[{"href":"https:\/\/mufasatoursandtravels.com\/fr\/wp-json\/wp\/v2\/media?parent=33043"}],"curies":[{"name":"wp","href":"https:\/\/api.w.org\/{rel}","templated":true}]}}