{"id":33094,"date":"2022-05-31T12:08:40","date_gmt":"2022-05-31T09:08:40","guid":{"rendered":"https:\/\/mufasatoursandtravels.com\/safari-en-ouganda\/4-jours-de-safari-de-suivi-des-primates\/"},"modified":"2026-01-29T11:32:30","modified_gmt":"2026-01-29T08:32:30","slug":"4-jours-de-safari-de-suivi-des-primates","status":"publish","type":"page","link":"https:\/\/mufasatoursandtravels.com\/fr\/safari-en-ouganda\/4-jours-de-safari-de-suivi-des-primates\/","title":{"rendered":"4 jours de safari de suivi des primates"},"content":{"rendered":"[vc_row full_width=\u00a0\u00bbstretch_row\u00a0\u00bb gap=\u00a0\u00bb1&Prime;][vc_column parallax=\u00a0\u00bbcontent-moving\u00a0\u00bb parallax_image=\u00a0\u00bb4087&Prime; parallax_speed_bg=\u00a0\u00bb1.1&Prime; css=\u00a0\u00bb.vc_custom_1768548754099{padding-top: 80px !important;padding-right: 80px !important;padding-bottom: 80px !important;padding-left: 80px !important;}\u00a0\u00bb][vc_custom_heading text=\u00a0\u00bbSafari de suivi des primates\u00a0\u00bb font_container=\u00a0\u00bbtag:h2|font_size:32|text_align:left|color:%23ffffff\u00a0\u00bb google_fonts=\u00a0\u00bbfont_family:Quicksand%3A300%2Cregular%2C700|font_style:400%20regular%3A400%3Anormal\u00a0\u00bb el_class=\u00a0\u00bbbanner-txt\u00a0\u00bb][vc_custom_heading text=\u00a0\u00bb4 jours | Retour \u00e0 Entebbe\u00a0\u00bb font_container=\u00a0\u00bbtag:h2|font_size:22|text_align:left|color:%23ffffff\u00a0\u00bb google_fonts=\u00a0\u00bbfont_family:Quicksand%3A300%2Cregular%2C700|font_style:400%20regular%3A400%3Anormal\u00a0\u00bb el_class=\u00a0\u00bbbanner-txt\u00a0\u00bb][vc_separator color=\u00a0\u00bbcustom\u00a0\u00bb align=\u00a0\u00bbalign_left\u00a0\u00bb el_width=\u00a0\u00bb20&Prime; accent_color=\u00a0\u00bb#f8f8f8&Prime; el_class=\u00a0\u00bbbanner-txt\u00a0\u00bb][vc_custom_heading text=\u00a0\u00bbParc national du lac Mburo \u21fe Bwindi Imp\u00e9n\u00e9trable\u00a0\u00bb font_container=\u00a0\u00bbtag:h2|font_size:18|text_align:left|color:%23ffffff\u00a0\u00bb google_fonts=\u00a0\u00bbfont_family:Quicksand%3A300%2Cregular%2C700|font_style:300%20light%20regular%3A300%3Anormal\u00a0\u00bb el_class=\u00a0\u00bbbanner-txt\u00a0\u00bb][\/vc_column][\/vc_row][vc_row][vc_column css=\u00a0\u00bb.vc_custom_1678436420411{border-top-width: 10px !important;border-right-width: 10px !important;border-bottom-width: 10px !important;border-left-width: 10px !important;}\u00a0\u00bb][vc_tta_tabs shape=\u00a0\u00bbsquare\u00a0\u00bb color=\u00a0\u00bbjuicy-pink\u00a0\u00bb alignment=\u00a0\u00bbcenter\u00a0\u00bb active_section=\u00a0\u00bb1&Prime; no_fill_content_area=\u00a0\u00bbtrue\u00a0\u00bb][vc_tta_section title=\u00a0\u00bbAper\u00e7u\u00a0\u00bb tab_id=\u00a0\u00bb1633892890537-5637ec0b-4c69&Prime;][vc_column_text]Aventurez-vous dans les for\u00eats luxuriantes de l\u2019Ouganda lors d\u2019un safari de traque de primates. Traquez les chimpanz\u00e9s dans le parc national de la for\u00eat de Kibale ou faites une randonn\u00e9e dans les jungles brumeuses de la r\u00e9serve foresti\u00e8re de Budongo \u00e0 la recherche des chimpanz\u00e9s insaisissables et en voie de disparition. En chemin, vous rencontrerez peut-\u00eatre d\u2019autres primates, tels que des singes colobes, des singes \u00e0 queue rouge et des babouins, offrant un aper\u00e7u fascinant de leurs comportements naturels et de leurs habitats.  <\/p>\n<p>&nbsp;<\/p>\n<ul>\n<li>Safari routier pittoresque \u00e0 travers le sud-ouest de l\u2019Ouganda<\/li>\n<li>Faune et safaris de randonn\u00e9e dans le parc national du lac Mburo<\/li>\n<li>Randonn\u00e9e unique dans une vie de gorille \u00e0 Bwindi<\/li>\n<li>Vol int\u00e9rieur \u00e9conomique de retour vers Entebbe<\/li>\n<li>Connexion id\u00e9ale pour les voyages internationaux suivants<\/li>\n<\/ul>\n[\/vc_column_text][\/vc_tta_section][vc_tta_section title=\u00a0\u00bbProgramme\u00a0\u00bb tab_id=\u00a0\u00bb1633454673222-3d94f956-010c\u00a0\u00bb][info_list_father listclr=\u00a0\u00bb#f8f8f8&Prime;][info_list_son style=\u00a0\u00bbicon\u00a0\u00bb size=\u00a0\u00bb15&Prime; width=\u00a0\u00bb20&Prime; height=\u00a0\u00bb20&Prime; titleclr=\u00a0\u00bb#811a18&Prime; title=\u00a0\u00bbJOUR 1 : D\u2019Entebbe au parc national du lac Mburo\u00a0\u00bb icon=\u00a0\u00bbfas fa-hiking\u00a0\u00bb iconclr=\u00a0\u00bb#811a18&Prime; lineheight=\u00a0\u00bb2&Prime; iconbg=\u00a0\u00bb#f8f8f8&Prime; borderclr=\u00a0\u00bb#f8f8f8&Prime;]Quittez Entebbe le matin et conduisez vers le sud-ouest \u00e0 travers des collines ondulantes, des fermes bovines et des paysages traditionnels d\u2019Ankole. Profitez d\u2019une pause d\u00e9jeuner en chemin. <\/p>\n<p>Arrivez au <strong>parc national du lac Mburo<\/strong> dans l\u2019apr\u00e8s-midi et enregistrez-vous \u00e0 votre lodge. Plus tard, profitez d\u2019un <strong>safari en soir\u00e9e<\/strong> ou <strong>d\u2019une promenade guid\u00e9e dans la nature<\/strong>, une exp\u00e9rience unique au lac Mburo o\u00f9 les safaris \u00e0 pied sont autoris\u00e9s. <\/p>\n<p>Offre l\u2019occasion <strong>d\u2019observer des z\u00e8bres, des impalas, des elands, des buffles<\/strong> et une grande vari\u00e9t\u00e9 d\u2019oiseaux. Si la nature le permet. <\/p>\n<p><strong>Pendant la nuit :<\/strong> Lac Mburo dans un lodge ou camp<br \/><strong>Plan de repas :<\/strong> D\u00e9jeuner &amp; D\u00eener[\/info_list_son][info_list_son style=\u00a0\u00bbicon\u00a0\u00bb size=\u00a0\u00bb15&Prime; width=\u00a0\u00bb20&Prime; height=\u00a0\u00bb20&Prime; titleclr=\u00a0\u00bb#811a18&Prime; title=\u00a0\u00bbJOUR 2 : Parc national du lac Mburo au parc national imp\u00e9n\u00e9trable de Bwindi.\u00a0\u00bb icon=\u00a0\u00bbfas fa-hiking\u00a0\u00bb iconclr=\u00a0\u00bb#811a18&Prime; lineheight=\u00a0\u00bb2&Prime; iconbg=\u00a0\u00bb#f8f8f8&Prime; borderclr=\u00a0\u00bb#f8f8f8&Prime;]Apr\u00e8s un petit-d\u00e9jeuner matinal, profitez d\u2019une <strong>safari matinale<\/strong> ou <strong>d\u2019une croisi\u00e8re en bateau optionnelle sur le lac Mburo<\/strong>, offrant une excellente observation des oiseaux et des occasions d\u2019apercevoir hippopotames et crocodiles.<\/p>\n<p>Quitter le lac Mburo en milieu de matin\u00e9e et continuer vers le sud en direction <strong>de la for\u00eat imp\u00e9n\u00e9trable de Bwindi<\/strong>, en passant devant des plantations de th\u00e9 et des hautes terres pittoresques.<\/p>\n<p>Arrivez \u00e0 votre lodge de Bwindi cet apr\u00e8s-midi. Passez le reste de la journ\u00e9e \u00e0 vous d\u00e9tendre et \u00e0 vous pr\u00e9parer pour la randonn\u00e9e des gorilles du lendemain. <\/p>\n<p><strong>Pendant la nuit :<\/strong> Bwindi dans un lodge ou un camp<br \/><strong>Repas :<\/strong> Petit-d\u00e9jeuner, d\u00e9jeuner et d\u00eener[\/info_list_son][info_list_son style=\u00a0\u00bbicon\u00a0\u00bb size=\u00a0\u00bb15&Prime; width=\u00a0\u00bb20&Prime; height=\u00a0\u00bb20&Prime; titleclr=\u00a0\u00bb#811a18&Prime; title=\u00a0\u00bbJOUR 3 : Trekking des gorilles\u00a0\u00bb icon=\u00a0\u00bbfas fa-hiking\u00a0\u00bb iconclr=\u00a0\u00bb#811a18&Prime; lineheight=\u00a0\u00bb2&Prime; iconbg=\u00a0\u00bb#f8f8f8&Prime; borderclr=\u00a0\u00bb#f8f8f8&Prime;]Apr\u00e8s un petit-d\u00e9jeuner matinal, transf\u00e9rez-vous au si\u00e8ge du parc pour un briefing avant de partir pour votre <strong>exp\u00e9rience de trekking de gorille<\/strong>. Accompagn\u00e9s de guides experts et de gardes forestiers, traversez la for\u00eat dense \u00e0 la recherche d\u2019une famille de gorilles habitu\u00e9e. <\/p>\n<p>Une fois localis\u00e9, vous passerez <strong>une heure magique<\/strong> \u00e0 observer ces g\u00e9ants doux dans leur habitat naturel \u2014 une rencontre inoubliable avec la faune.<\/p>\n<p>Retournez au lodge l\u2019apr\u00e8s-midi pour vous d\u00e9tendre ou profiter d\u2019une visite communautaire optionnelle.<\/p>\n<p><strong>Pendant la nuit :<\/strong> Bwindi dans un lodge ou un camp<br \/><strong>Repas :<\/strong> Petit-d\u00e9jeuner, d\u00e9jeuner et d\u00eener[\/info_list_son][info_list_son style=\u00a0\u00bbicon\u00a0\u00bb size=\u00a0\u00bb15&Prime; width=\u00a0\u00bb20&Prime; height=\u00a0\u00bb20&Prime; titleclr=\u00a0\u00bb#811a18&Prime; title=\u00a0\u00bbJOUR 4 : Vol panoramique vers Entebbe\u00a0\u00bb icon=\u00a0\u00bbfas fa-hiking\u00a0\u00bb iconclr=\u00a0\u00bb#811a18&Prime; lineheight=\u00a0\u00bb2&Prime; iconbg=\u00a0\u00bb#f8f8f8&Prime; borderclr=\u00a0\u00bb#f8f8f8&Prime;]Apr\u00e8s le petit-d\u00e9jeuner, transf\u00e9rez-vous vers <strong>la piste de Kihihi ou Kisoro<\/strong> pour votre vol int\u00e9rieur programm\u00e9 de retour \u00e0 Entebbe.<\/p>\n<p>Arrivez \u00e0 Entebbe \u00e0 temps pour votre <strong>vol international suivant<\/strong>, marquant la fin de votre safari en Ouganda.<\/p>\n<p><strong>Plan de repas :<\/strong> Petit-d\u00e9jeuner[\/info_list_son][\/info_list_father][\/vc_tta_section][vc_tta_section title=\u00a0\u00bbInclusif\/Exclusif\u00a0\u00bb tab_id=\u00a0\u00bb1633455601016-f93699bc-5d92&Prime;][vc_row_inner][vc_column_inner width=\u00a0\u00bb1\/2&Prime;][info_list_father listclr=\u00a0\u00bb#f8f8f8&Prime;][info_list_son style=\u00a0\u00bbicon\u00a0\u00bb size=\u00a0\u00bb15&Prime; width=\u00a0\u00bb20&Prime; height=\u00a0\u00bb20&Prime; titleclr=\u00a0\u00bb#890000&Prime; icon=\u00a0\u00bbfas fa-user-plus\u00a0\u00bb iconclr=\u00a0\u00bb#890000&Prime; title=\u00a0\u00bbINCLUS\u00a0\u00bb lineheight=\u00a0\u00bb2&Prime;]\n<ul>\n<li>V\u00e9hicule priv\u00e9 4&#215;4 pour safari &amp; guide professionnel<\/li>\n<li>Frais d\u2019entr\u00e9e et activit\u00e9s au parc indiqu\u00e9s<\/li>\n<li>Permis de randonn\u00e9e pour les gorilles (Ouganda)<\/li>\n<li>Vol int\u00e9rieur Bwindi\u2013Entebbe<\/li>\n<li>H\u00e9bergement et repas comme sp\u00e9cifi\u00e9.<\/li>\n<\/ul>\n[\/info_list_son][\/info_list_father][\/vc_column_inner][vc_column_inner width=\u00a0\u00bb1\/2&Prime;][info_list_father listclr=\u00a0\u00bb#f8f8f8&Prime;][info_list_son style=\u00a0\u00bbicon\u00a0\u00bb size=\u00a0\u00bb15&Prime; width=\u00a0\u00bb20&Prime; height=\u00a0\u00bb20&Prime; titleclr=\u00a0\u00bb#890000&Prime; icon=\u00a0\u00bbfas fa-user-minus\u00a0\u00bb iconclr=\u00a0\u00bb#890000&Prime; title=\u00a0\u00bbEXCLU\u00a0\u00bb lineheight=\u00a0\u00bb2&Prime;]\n<ul>\n<li>Tout ce qui n\u2019est pas dans le Inclus.<\/li>\n<\/ul>\n[\/info_list_son][\/info_list_father][\/vc_column_inner][\/vc_row_inner][\/vc_tta_section][\/vc_tta_tabs][\/vc_column][\/vc_row]\n","protected":false},"excerpt":{"rendered":"<p>[vc_row full_width=\u00a0\u00bbstretch_row\u00a0\u00bb gap=\u00a0\u00bb1&Prime;][vc_column parallax=\u00a0\u00bbcontent-moving\u00a0\u00bb parallax_image=\u00a0\u00bb4087&Prime; parallax_speed_bg=\u00a0\u00bb1.1&Prime; css=\u00a0\u00bb.vc_custom_1768548754099{padding-top: 80px !important;padding-right: 80px !important;padding-bottom: 80px !important;padding-left: 80px !important;}\u00a0\u00bb][vc_custom_heading text=\u00a0\u00bbSafari de suivi des primates\u00a0\u00bb font_container=\u00a0\u00bbtag:h2|font_size:32|text_align:left|color:%23ffffff\u00a0\u00bb google_fonts=\u00a0\u00bbfont_family:Quicksand%3A300%2Cregular%2C700|font_style:400%20regular%3A400%3Anormal\u00a0\u00bb el_class=\u00a0\u00bbbanner-txt\u00a0\u00bb][vc_custom_heading text=\u00a0\u00bb4 jours | Retour \u00e0 Entebbe\u00a0\u00bb font_container=\u00a0\u00bbtag:h2|font_size:22|text_align:left|color:%23ffffff\u00a0\u00bb google_fonts=\u00a0\u00bbfont_family:Quicksand%3A300%2Cregular%2C700|font_style:400%20regular%3A400%3Anormal\u00a0\u00bb el_class=\u00a0\u00bbbanner-txt\u00a0\u00bb][vc_separator color=\u00a0\u00bbcustom\u00a0\u00bb align=\u00a0\u00bbalign_left\u00a0\u00bb el_width=\u00a0\u00bb20&Prime; accent_color=\u00a0\u00bb#f8f8f8&Prime; el_class=\u00a0\u00bbbanner-txt\u00a0\u00bb][vc_custom_heading text=\u00a0\u00bbParc national du lac Mburo \u21fe Bwindi Imp\u00e9n\u00e9trable\u00a0\u00bb font_container=\u00a0\u00bbtag:h2|font_size:18|text_align:left|color:%23ffffff\u00a0\u00bb google_fonts=\u00a0\u00bbfont_family:Quicksand%3A300%2Cregular%2C700|font_style:300%20light%20regular%3A300%3Anormal\u00a0\u00bb el_class=\u00a0\u00bbbanner-txt\u00a0\u00bb][\/vc_column][\/vc_row][vc_row][vc_column css=\u00a0\u00bb.vc_custom_1678436420411{border-top-width: 10px !important;border-right-width: 10px !important;border-bottom-width: 10px !important;border-left-width: [&hellip;]<\/p>\n","protected":false},"author":4,"featured_media":0,"parent":28073,"menu_order":4,"comment_status":"closed","ping_status":"closed","template":"","meta":{"_themeisle_gutenberg_block_has_review":false,"footnotes":""},"class_list":["post-33094","page","type-page","status-publish","hentry"],"_links":{"self":[{"href":"https:\/\/mufasatoursandtravels.com\/fr\/wp-json\/wp\/v2\/pages\/33094","targetHints":{"allow":["GET"]}}],"collection":[{"href":"https:\/\/mufasatoursandtravels.com\/fr\/wp-json\/wp\/v2\/pages"}],"about":[{"href":"https:\/\/mufasatoursandtravels.com\/fr\/wp-json\/wp\/v2\/types\/page"}],"author":[{"embeddable":true,"href":"https:\/\/mufasatoursandtravels.com\/fr\/wp-json\/wp\/v2\/users\/4"}],"replies":[{"embeddable":true,"href":"https:\/\/mufasatoursandtravels.com\/fr\/wp-json\/wp\/v2\/comments?post=33094"}],"version-history":[{"count":14,"href":"https:\/\/mufasatoursandtravels.com\/fr\/wp-json\/wp\/v2\/pages\/33094\/revisions"}],"predecessor-version":[{"id":43951,"href":"https:\/\/mufasatoursandtravels.com\/fr\/wp-json\/wp\/v2\/pages\/33094\/revisions\/43951"}],"up":[{"embeddable":true,"href":"https:\/\/mufasatoursandtravels.com\/fr\/wp-json\/wp\/v2\/pages\/28073"}],"wp:attachment":[{"href":"https:\/\/mufasatoursandtravels.com\/fr\/wp-json\/wp\/v2\/media?parent=33094"}],"curies":[{"name":"wp","href":"https:\/\/api.w.org\/{rel}","templated":true}]}}