{"id":33115,"date":"2022-05-31T10:53:01","date_gmt":"2022-05-31T07:53:01","guid":{"rendered":"https:\/\/mufasatoursandtravels.com\/safari-en-ouganda\/trekking-des-gorilles-de-3-jours\/"},"modified":"2026-01-29T11:28:04","modified_gmt":"2026-01-29T08:28:04","slug":"trekking-des-gorilles-de-3-jours","status":"publish","type":"page","link":"https:\/\/mufasatoursandtravels.com\/fr\/safari-en-ouganda\/trekking-des-gorilles-de-3-jours\/","title":{"rendered":"Trekking des gorilles de 3 jours"},"content":{"rendered":"[vc_row full_width=\u00a0\u00bbstretch_row\u00a0\u00bb gap=\u00a0\u00bb1&Prime;][vc_column parallax=\u00a0\u00bbcontent-moving\u00a0\u00bb parallax_image=\u00a0\u00bb11712&Prime; css=\u00a0\u00bb.vc_custom_1690445567527{padding: 80px !important;}\u00a0\u00bb][vc_custom_heading text=\u00a0\u00bbTrekking des gorilles\u00a0\u00bb font_container=\u00a0\u00bbtag:h2|font_size:32|text_align:left|color:%23ffffff\u00a0\u00bb google_fonts=\u00a0\u00bbfont_family:Quicksand%3A300%2Cregular%2C700|font_style:400%20regular%3A400%3Anormal\u00a0\u00bb el_class=\u00a0\u00bbbanner-txt\u00a0\u00bb][vc_custom_heading text=\u00a0\u00bb3 jours | Voyagez dans Safari\u00a0\u00bb font_container=\u00a0\u00bbtag:h2|font_size:22|text_align:left|color:%23ffffff\u00a0\u00bb google_fonts=\u00a0\u00bbfont_family:Quicksand%3A300%2Cregular%2C700|font_style:400%20regular%3A400%3Anormal\u00a0\u00bb el_class=\u00a0\u00bbbanner-txt\u00a0\u00bb][vc_separator color=\u00a0\u00bbcustom\u00a0\u00bb align=\u00a0\u00bbalign_left\u00a0\u00bb el_width=\u00a0\u00bb20&Prime; accent_color=\u00a0\u00bb#f8f8f8&Prime;][vc_custom_heading text=\u00a0\u00bbParc national imp\u00e9n\u00e9trable de Bwindi\u00a0\u00bb font_container=\u00a0\u00bbtag:h2|font_size:18|text_align:left|color:%23ffffff\u00a0\u00bb google_fonts=\u00a0\u00bbfont_family:Quicksand%3A300%2Cregular%2C700|font_style:400%20regular%3A400%3Anormal\u00a0\u00bb el_class=\u00a0\u00bbbanner-txt\u00a0\u00bb][\/vc_column][\/vc_row][vc_row][vc_column css=\u00a0\u00bb.vc_custom_1678435156380{border-top-width: 10px !important;border-right-width: 10px !important;border-bottom-width: 10px !important;border-left-width: 10px !important;}\u00a0\u00bb][vc_tta_tabs shape=\u00a0\u00bbsquare\u00a0\u00bb color=\u00a0\u00bbjuicy-pink\u00a0\u00bb alignment=\u00a0\u00bbcenter\u00a0\u00bb active_section=\u00a0\u00bb1&Prime; no_fill_content_area=\u00a0\u00bbtrue\u00a0\u00bb][vc_tta_section title=\u00a0\u00bbAper\u00e7u\u00a0\u00bb tab_id=\u00a0\u00bb1768478879672-af10a868-238f\u00a0\u00bb][vc_row_inner][vc_column_inner][vc_column_text]Pr\u00e9parez-vous \u00e0 vivre une exp\u00e9rience impressionnante en vous lan\u00e7ant dans une randonn\u00e9e avec les gorilles dans les for\u00eats denses du parc national imp\u00e9n\u00e9trable de Bwindi. Promenez-vous \u00e0 travers une v\u00e9g\u00e9tation luxuriante, guid\u00e9 par des guides touristiques exp\u00e9riment\u00e9s, et observez les remarquables gorilles de montagne dans leur habitat naturel. Cette rencontre avec ces gentils g\u00e9ants est une occasion unique qui vous laissera avec une profonde appr\u00e9ciation de leur conservation.  <\/p>\n<p>\u2713 Vols int\u00e9rieurs gagnants de temps \u00e0 destination et en provenance de Bwindi<br \/>\u2713 Exp\u00e9rience unique de trekking de gorille dans une vie<br \/>\u2713 Vues a\u00e9riennes panoramiques de l\u2019Ouganda<br \/>\u2713 Id\u00e9al pour les emplois du temps serr\u00e9s et les d\u00e9placements suivants[\/vc_column_text][\/vc_column_inner][\/vc_row_inner][\/vc_tta_section][vc_tta_section title=\u00a0\u00bbProgramme\u00a0\u00bb tab_id=\u00a0\u00bb1633454673222-3d94f956-010c\u00a0\u00bb][info_list_father listclr=\u00a0\u00bb#f8f8f8&Prime;][info_list_son style=\u00a0\u00bbicon\u00a0\u00bb size=\u00a0\u00bb15&Prime; width=\u00a0\u00bb20&Prime; height=\u00a0\u00bb20&Prime; titleclr=\u00a0\u00bb#811a18&Prime; title=\u00a0\u00bbJOUR 1 : Vol d\u2019Entebbe \u00e0 la for\u00eat imp\u00e9n\u00e9trable de Bwindi\u00a0\u00bb icon=\u00a0\u00bbfas fa-hiking\u00a0\u00bb iconclr=\u00a0\u00bb#811a18&Prime; lineheight=\u00a0\u00bb2&Prime; iconbg=\u00a0\u00bb#f8f8f8&Prime; borderclr=\u00a0\u00bb#f8f8f8&Prime;]Transf\u00e9rez de votre h\u00f4tel \u00e0 <strong>l\u2019a\u00e9roport international d\u2019Entebbe<\/strong> pour votre vol int\u00e9rieur programm\u00e9 vers <strong>la piste de Kihihi ou Kisoro<\/strong>, selon l\u2019emplacement de votre h\u00f4tel.<\/p>\n<p>Profitez de vues a\u00e9riennes pittoresques sur la campagne, les lacs et les hautes terres ougandaises pendant le vol.<\/p>\n<p>\u00c0 votre arriv\u00e9e, rencontrez votre guide de lodge et transf\u00e9rez-vous par la route jusqu\u2019\u00e0 votre lodge de Bwindi. Enregistrez-vous et passez l\u2019apr\u00e8s-midi \u00e0 votre aise, vous d\u00e9tendant au milieu de la for\u00eat tropicale. <\/p>\n<p><em>Nuit : <strong>Bwindi <\/strong> <\/em><br \/><em>Repas : <strong>D\u00e9jeuner et D\u00eener<\/strong><\/em>[\/info_list_son][info_list_son style=\u00a0\u00bbicon\u00a0\u00bb size=\u00a0\u00bb15&Prime; width=\u00a0\u00bb20&Prime; height=\u00a0\u00bb20&Prime; titleclr=\u00a0\u00bb#811a18&Prime; title=\u00a0\u00bbJOUR 2 : Trekking des gorilles et exp\u00e9rience culturelle Batwa.\u00a0\u00bb icon=\u00a0\u00bbfas fa-hiking\u00a0\u00bb iconclr=\u00a0\u00bb#811a18&Prime; lineheight=\u00a0\u00bb2&Prime; iconbg=\u00a0\u00bb#f8f8f8&Prime; borderclr=\u00a0\u00bb#f8f8f8&Prime;]Apr\u00e8s un petit-d\u00e9jeuner matinal, transf\u00e9rez-vous au si\u00e8ge du parc pour un briefing par les gardes de l\u2019Uganda Wildlife Authority avant de commencer votre <strong>randonn\u00e9e guid\u00e9e pour les gorilles<\/strong>. La dur\u00e9e du trek varie en fonction de la localisation de la famille de gorilles assign\u00e9e. <\/p>\n<p>Une fois trouv\u00e9, profitez <strong>d\u2019une heure inoubliable<\/strong> \u00e0 observer les gorilles dans leur habitat naturel \u2014 une rencontre v\u00e9ritablement transformatrice de la faune.<\/p>\n<p>Retournez au lodge l\u2019apr\u00e8s-midi pour vous d\u00e9tendre ou profiter d\u2019activit\u00e9s optionnelles telles qu\u2019une visite communautaire ou une promenade dans la nature.<\/p>\n<p><em>Nuit : <strong>Bwindi<\/strong><\/em><br \/><em>  Repas : <strong>Petit-d\u00e9jeuner, d\u00e9jeuner et d\u00eener<\/strong><\/em>[\/info_list_son][info_list_son style=\u00a0\u00bbicon\u00a0\u00bb size=\u00a0\u00bb15&Prime; width=\u00a0\u00bb20&Prime; height=\u00a0\u00bb20&Prime; titleclr=\u00a0\u00bb#811a18&Prime; title=\u00a0\u00bbJOUR 3 : Bwindi de retour \u00e0 Entebbe\u00a0\u00bb icon=\u00a0\u00bbfas fa-hiking\u00a0\u00bb iconclr=\u00a0\u00bb#811a18&Prime; lineheight=\u00a0\u00bb2&Prime; iconbg=\u00a0\u00bb#f8f8f8&Prime; borderclr=\u00a0\u00bb#f8f8f8&Prime;]Apr\u00e8s le petit-d\u00e9jeuner, faites un transfert vers la piste pour votre vol programm\u00e9 vers <strong>Entebbe<\/strong>.<\/p>\n<p>Arrivez \u00e0 Entebbe \u00e0 temps pour votre <strong>vol international ou<\/strong> pour une nuit optionnelle, marquant la fin de votre safari de gorilles.<\/p>\n<p><em>Repas :<strong> Petit-d\u00e9jeuner<\/strong><\/em>[\/info_list_son][\/info_list_father][\/vc_tta_section][vc_tta_section title=\u00a0\u00bbInclusif\/Exclusif\u00a0\u00bb tab_id=\u00a0\u00bb1633455601016-f93699bc-5d92&Prime;][vc_row_inner][vc_column_inner width=\u00a0\u00bb1\/2&Prime;][info_list_father listclr=\u00a0\u00bb#f8f8f8&Prime;][info_list_son style=\u00a0\u00bbicon\u00a0\u00bb size=\u00a0\u00bb15&Prime; width=\u00a0\u00bb20&Prime; height=\u00a0\u00bb20&Prime; titleclr=\u00a0\u00bb#890000&Prime; icon=\u00a0\u00bbfas fa-user-plus\u00a0\u00bb iconclr=\u00a0\u00bb#890000&Prime; title=\u00a0\u00bbINCLUS\u00a0\u00bb lineheight=\u00a0\u00bb2&Prime;]\n<ul>\n<li>Vols int\u00e9rieurs gagnants de temps \u00e0 destination et en provenance de Bwindi<\/li>\n<li>Exp\u00e9rience unique de trekking de gorille<\/li>\n<li>Vues a\u00e9riennes pittoresques de l\u2019Ouganda<\/li>\n<li>Id\u00e9al pour des emplois du temps serr\u00e9s et des d\u00e9placements suivants<\/li>\n<\/ul>\n[\/info_list_son][\/info_list_father][\/vc_column_inner][vc_column_inner width=\u00a0\u00bb1\/2&Prime;][info_list_father listclr=\u00a0\u00bb#f8f8f8&Prime;][info_list_son style=\u00a0\u00bbicon\u00a0\u00bb size=\u00a0\u00bb15&Prime; width=\u00a0\u00bb20&Prime; height=\u00a0\u00bb20&Prime; titleclr=\u00a0\u00bb#890000&Prime; icon=\u00a0\u00bbfas fa-user-minus\u00a0\u00bb iconclr=\u00a0\u00bb#890000&Prime; title=\u00a0\u00bbEXCLU\u00a0\u00bb lineheight=\u00a0\u00bb2&Prime;]\n<ul>\n<li>Tout ce qui n\u2019est pas dans le Inclus.<\/li>\n<\/ul>\n[\/info_list_son][\/info_list_father][\/vc_column_inner][\/vc_row_inner][\/vc_tta_section][\/vc_tta_tabs][\/vc_column][\/vc_row]\n","protected":false},"excerpt":{"rendered":"<p>[vc_row full_width=\u00a0\u00bbstretch_row\u00a0\u00bb gap=\u00a0\u00bb1&Prime;][vc_column parallax=\u00a0\u00bbcontent-moving\u00a0\u00bb parallax_image=\u00a0\u00bb11712&Prime; css=\u00a0\u00bb.vc_custom_1690445567527{padding: 80px !important;}\u00a0\u00bb][vc_custom_heading text=\u00a0\u00bbTrekking des gorilles\u00a0\u00bb font_container=\u00a0\u00bbtag:h2|font_size:32|text_align:left|color:%23ffffff\u00a0\u00bb google_fonts=\u00a0\u00bbfont_family:Quicksand%3A300%2Cregular%2C700|font_style:400%20regular%3A400%3Anormal\u00a0\u00bb el_class=\u00a0\u00bbbanner-txt\u00a0\u00bb][vc_custom_heading text=\u00a0\u00bb3 jours | Voyagez dans Safari\u00a0\u00bb font_container=\u00a0\u00bbtag:h2|font_size:22|text_align:left|color:%23ffffff\u00a0\u00bb google_fonts=\u00a0\u00bbfont_family:Quicksand%3A300%2Cregular%2C700|font_style:400%20regular%3A400%3Anormal\u00a0\u00bb el_class=\u00a0\u00bbbanner-txt\u00a0\u00bb][vc_separator color=\u00a0\u00bbcustom\u00a0\u00bb align=\u00a0\u00bbalign_left\u00a0\u00bb el_width=\u00a0\u00bb20&Prime; accent_color=\u00a0\u00bb#f8f8f8&Prime;][vc_custom_heading text=\u00a0\u00bbParc national imp\u00e9n\u00e9trable de Bwindi\u00a0\u00bb font_container=\u00a0\u00bbtag:h2|font_size:18|text_align:left|color:%23ffffff\u00a0\u00bb google_fonts=\u00a0\u00bbfont_family:Quicksand%3A300%2Cregular%2C700|font_style:400%20regular%3A400%3Anormal\u00a0\u00bb el_class=\u00a0\u00bbbanner-txt\u00a0\u00bb][\/vc_column][\/vc_row][vc_row][vc_column css=\u00a0\u00bb.vc_custom_1678435156380{border-top-width: 10px !important;border-right-width: 10px !important;border-bottom-width: 10px !important;border-left-width: 10px !important;}\u00a0\u00bb][vc_tta_tabs shape=\u00a0\u00bbsquare\u00a0\u00bb color=\u00a0\u00bbjuicy-pink\u00a0\u00bb alignment=\u00a0\u00bbcenter\u00a0\u00bb active_section=\u00a0\u00bb1&Prime; no_fill_content_area=\u00a0\u00bbtrue\u00a0\u00bb][vc_tta_section title=\u00a0\u00bbAper\u00e7u\u00a0\u00bb tab_id=\u00a0\u00bb1768478879672-af10a868-238f\u00a0\u00bb][vc_row_inner][vc_column_inner][vc_column_text]Pr\u00e9parez-vous \u00e0 vivre une exp\u00e9rience [&hellip;]<\/p>\n","protected":false},"author":4,"featured_media":0,"parent":28073,"menu_order":2,"comment_status":"closed","ping_status":"closed","template":"","meta":{"_themeisle_gutenberg_block_has_review":false,"footnotes":""},"class_list":["post-33115","page","type-page","status-publish","hentry"],"_links":{"self":[{"href":"https:\/\/mufasatoursandtravels.com\/fr\/wp-json\/wp\/v2\/pages\/33115","targetHints":{"allow":["GET"]}}],"collection":[{"href":"https:\/\/mufasatoursandtravels.com\/fr\/wp-json\/wp\/v2\/pages"}],"about":[{"href":"https:\/\/mufasatoursandtravels.com\/fr\/wp-json\/wp\/v2\/types\/page"}],"author":[{"embeddable":true,"href":"https:\/\/mufasatoursandtravels.com\/fr\/wp-json\/wp\/v2\/users\/4"}],"replies":[{"embeddable":true,"href":"https:\/\/mufasatoursandtravels.com\/fr\/wp-json\/wp\/v2\/comments?post=33115"}],"version-history":[{"count":27,"href":"https:\/\/mufasatoursandtravels.com\/fr\/wp-json\/wp\/v2\/pages\/33115\/revisions"}],"predecessor-version":[{"id":43938,"href":"https:\/\/mufasatoursandtravels.com\/fr\/wp-json\/wp\/v2\/pages\/33115\/revisions\/43938"}],"up":[{"embeddable":true,"href":"https:\/\/mufasatoursandtravels.com\/fr\/wp-json\/wp\/v2\/pages\/28073"}],"wp:attachment":[{"href":"https:\/\/mufasatoursandtravels.com\/fr\/wp-json\/wp\/v2\/media?parent=33115"}],"curies":[{"name":"wp","href":"https:\/\/api.w.org\/{rel}","templated":true}]}}