{"id":33116,"date":"2022-05-03T11:52:35","date_gmt":"2022-05-03T08:52:35","guid":{"rendered":"https:\/\/mufasatoursandtravels.com\/safari-au-rwanda\/rencontre-des-primates-du-rwanda-et-lac-kivu\/"},"modified":"2025-04-10T16:39:55","modified_gmt":"2025-04-10T13:39:55","slug":"rencontre-des-primates-du-rwanda-et-lac-kivu","status":"publish","type":"page","link":"https:\/\/mufasatoursandtravels.com\/fr\/safari-au-rwanda\/rencontre-des-primates-du-rwanda-et-lac-kivu\/","title":{"rendered":"Rencontre des primates du Rwanda et lac Kivu"},"content":{"rendered":"[vc_row full_width=\u00a0\u00bbstretch_row\u00a0\u00bb gap=\u00a0\u00bb1&Prime;][vc_column parallax=\u00a0\u00bbcontent-moving\u00a0\u00bb parallax_image=\u00a0\u00bb7481&Prime; css=\u00a0\u00bb.vc_custom_1690531526053{padding: 80px !important;}\u00a0\u00bb][vc_custom_heading text=\u00a0\u00bb5 jours\u00a0\u00bb font_container=\u00a0\u00bbtag:h2|font_size:24|text_align:center|color:%23ffffff\u00a0\u00bb google_fonts=\u00a0\u00bbfont_family:Roboto%3A100%2C100italic%2C300%2C300italic%2Cregular%2Citalic%2C500%2C500italic%2C700%2C700italic%2C900%2C900italic|font_style:400%20regular%3A400%3Anormal\u00a0\u00bb][vc_text_separator title=\u00a0\u00bb\u00a0\u00bb i_icon_fontawesome=\u00a0\u00bbfas fa-hiking\u00a0\u00bb i_color=\u00a0\u00bbwhite\u00a0\u00bb color=\u00a0\u00bbcustom\u00a0\u00bb el_width=\u00a0\u00bb80&Prime; add_icon=\u00a0\u00bbtrue\u00a0\u00bb accent_color=\u00a0\u00bb#f8f8f8&Prime;][vc_custom_heading text=\u00a0\u00bbKigali \u21fe Parc national des volcans \u21fe Lac Kivu \u21fe Kigali\u00a0\u00bb font_container=\u00a0\u00bbtag:h2|font_size:18|text_align:center|color:%23ffffff\u00a0\u00bb google_fonts=\u00a0\u00bbfont_family:Roboto%3A100%2C100italic%2C300%2C300italic%2Cregular%2Citalic%2C500%2C500italic%2C700%2C700italic%2C900%2C900italic|font_style:400%20regular%3A400%3Anormal\u00a0\u00bb][\/vc_column][\/vc_row][vc_row][vc_column css=\u00a0\u00bb.vc_custom_1725347181817{padding: 10px !important;}\u00a0\u00bb][vc_tta_tabs style=\u00a0\u00bbmodern\u00a0\u00bb color=\u00a0\u00bbjuicy-pink\u00a0\u00bb alignment=\u00a0\u00bbcenter\u00a0\u00bb active_section=\u00a0\u00bb1&Prime; no_fill_content_area=\u00a0\u00bbtrue\u00a0\u00bb][vc_tta_section title=\u00a0\u00bbProgramme\u00a0\u00bb tab_id=\u00a0\u00bb1633454673222-3d94f956-010c\u00a0\u00bb][info_list_father listclr=\u00a0\u00bb#f8f8f8&Prime;][info_list_son style=\u00a0\u00bbicon\u00a0\u00bb size=\u00a0\u00bb15&Prime; width=\u00a0\u00bb20&Prime; height=\u00a0\u00bb20&Prime; titleclr=\u00a0\u00bb#811a18&Prime; title=\u00a0\u00bbJour 1 : ARRIV\u00c9E KIGALI\u00a0\u00bb icon=\u00a0\u00bbfas fa-calendar-check\u00a0\u00bb iconclr=\u00a0\u00bb#811a18&Prime; lineheight=\u00a0\u00bb2&Prime;]\n<ul>\n<li>Arriv\u00e9e \u00e0 l\u2019a\u00e9roport international de Kigali. Services d\u2019accueil et d\u2019accueil, suivi d\u2019un transfert \u00e0 votre h\u00f4tel de Kigali. <\/li>\n<\/ul>\n[\/info_list_son][info_list_son style=\u00a0\u00bbicon\u00a0\u00bb size=\u00a0\u00bb15&Prime; width=\u00a0\u00bb20&Prime; height=\u00a0\u00bb20&Prime; titleclr=\u00a0\u00bb#811a18&Prime; title=\u00a0\u00bbJour 2 : DE KIGALI AU PARC NATIONAL DES VOLCANS\u00a0\u00bb icon=\u00a0\u00bbfas fa-calendar-check\u00a0\u00bb iconclr=\u00a0\u00bb#811a18&Prime; lineheight=\u00a0\u00bb2&Prime;]\n<ul>\n<li>Le matin, visite d\u2019orientation de la ville de Kigali, y compris une visite du Mus\u00e9e M\u00e9morial du G\u00e9nocide.<\/li>\n<li>D\u00e9jeuner \u00e0 l\u2019H\u00f4tel Mille Collines &#8211; pr\u00e9sent\u00e9 dans le film \u00ab&nbsp;H\u00f4tel Rwanda&nbsp;\u00bb, concernant le g\u00e9nocide du Rwanda de 1994 contre les Tutsis.<\/li>\n<li>Dans l\u2019apr\u00e8s-midi, route vers les montagnes des volcans &#8211; qui abritent les gorilles de montagne et les singes dor\u00e9s, pour la nuit. 94km, 2.5h <\/li>\n<\/ul>\n[\/info_list_son][info_list_son style=\u00a0\u00bbicon\u00a0\u00bb size=\u00a0\u00bb15&Prime; width=\u00a0\u00bb20&Prime; height=\u00a0\u00bb20&Prime; titleclr=\u00a0\u00bb#811a18&Prime; title=\u00a0\u00bbJour 3 : TREKKING DES GORILLES DE MONTAGNE ET VILLAGE CULTUREL\u00a0\u00bb icon=\u00a0\u00bbfas fa-calendar-check\u00a0\u00bb iconclr=\u00a0\u00bb#811a18&Prime; lineheight=\u00a0\u00bb2&Prime;]\n<ul>\n<li style=\"text-align: justify;\">Le matin, entreprenez l\u2019aventure palpitante ultime &#8211; Mountain Gorillas Trek, dans la for\u00eat des volcans.<\/li>\n<li style=\"text-align: justify;\">Apr\u00e8s votre audience d\u2019une heure avec votre famille de gorilles, retournez \u00e0 votre lodge pour vous rafra\u00eechir et d\u00e9jeuner.<\/li>\n<li style=\"text-align: justify;\">Apr\u00e8s le d\u00e9jeuner, d\u00e9tendez-vous au lodge &#8211; tout en revivant les souvenirs frais de votre rencontre rapproch\u00e9e avec les gorilles.<\/li>\n<li>En fin d\u2019apr\u00e8s-midi, visitez le village culturel d\u2019Iby\u2019Iwacu (Gorillas Guardians) &#8211; pour un aper\u00e7u du mode de vie transform\u00e9 de ces familles d\u2019anciens braconniers de gorilles.<\/li>\n<\/ul>\n[\/info_list_son][info_list_son style=\u00a0\u00bbicon\u00a0\u00bb size=\u00a0\u00bb15&Prime; width=\u00a0\u00bb20&Prime; height=\u00a0\u00bb20&Prime; titleclr=\u00a0\u00bb#811a18&Prime; title=\u00a0\u00bbJour 4 : TREK DES SINGES DOR\u00c9S ET RIVES DU LAC KIVU\u00a0\u00bb icon=\u00a0\u00bbfas fa-calendar-check\u00a0\u00bb iconclr=\u00a0\u00bb#811a18&Prime; lineheight=\u00a0\u00bb2&Prime;]\n<ul>\n<li>Une autre matin\u00e9e dans la for\u00eat des volcans, pour le trek des singes dor\u00e9s &#8211; trekking le seul autre membre de l\u2019esp\u00e8ce de primate, r\u00e9sidant dans la for\u00eat des volcans.<\/li>\n<li>Rafra\u00eechissement et d\u00e9jeuner au lodge, suivi du d\u00e9part &#8211; pr\u00eat pour votre trajet vers les rives du nord du lac Kivu.<\/li>\n<li>Mais, avant de quitter la ville de base des volcans de Musanze, une br\u00e8ve escale visite du MUS\u00c9E DIAN FOSSEY.<\/li>\n<li>Peu de temps apr\u00e8s, faites vos adieux \u00e0 la r\u00e9gion des montagnes volcaniques et dirigez-vous vers l\u2019ouest \u2013 sur les rives du nord du lac Kivu \u2013 r\u00e9gion de Gisenyi. 65km, 1,5h <\/li>\n<\/ul>\n[\/info_list_son][info_list_son style=\u00a0\u00bbicon\u00a0\u00bb size=\u00a0\u00bb15&Prime; width=\u00a0\u00bb20&Prime; height=\u00a0\u00bb20&Prime; titleclr=\u00a0\u00bb#811a18&Prime; title=\u00a0\u00bbJour 5 : LAC KIVU RETOUR \u00c0 KIGALI\u00a0\u00bb icon=\u00a0\u00bbfas fa-calendar-check\u00a0\u00bb iconclr=\u00a0\u00bb#811a18&Prime; lineheight=\u00a0\u00bb2&Prime;]\n<ul>\n<li>T\u00f4t le matin, activit\u00e9 facultative, telle que la promenade en bateau&nbsp;; Baignade dans le lac&nbsp;; Sports nautiques, tels que le kayak\/paddle bike\/windsurf\/VTT ; Promenade d\u2019orientation le long de la rive du lac.<\/li>\n<li>En milieu de matin\u00e9e, quittez le nord du lac Kivu et empruntez la route de ceinture du Kivu, qui vous offre des opportunit\u00e9s de photos panoramiques, pendant que vous vous dirigez vers le centre du lac Kivu.<\/li>\n<li>\u00c0 votre arriv\u00e9e, traversez la ville de Kibuye et dirigez-vous vers le Cormoran Lodge au bord du lac pour le d\u00e9jeuner et une s\u00e9ance de photos. 110 km, 1,5 heure <\/li>\n<li>Ensuite, faites vos adieux aux rives du lac Kivu et retournez \u00e0 Kigali, o\u00f9 vous arriverez en fin d\u2019apr\u00e8s-midi, avec transfert \u00e0 l\u2019a\u00e9roport international de Kigali pour votre vol aller du soir.<\/li>\n<\/ul>\n[\/info_list_son][\/info_list_father][\/vc_tta_section][vc_tta_section title=\u00a0\u00bbFaits saillants\u00a0\u00bb tab_id=\u00a0\u00bb1633454673248-4ec9e207-8783&Prime;][vc_column_text]\n<div>\n<div>\n<p data-sourcepos=\"3:1-3:25\"><strong>Altitude et climat<\/strong><\/p>\n<ul data-sourcepos=\"5:1-5:79\">\n<li data-sourcepos=\"5:1-5:79\"><strong>Haute altitude :<\/strong> Les montagnes des volcans sont situ\u00e9es \u00e0 une altitude de plus de 2 400 m\u00e8tres au-dessus du niveau de la mer.<\/li>\n<li data-sourcepos=\"6:1-7:0\"><strong>Temp\u00e9ratures fra\u00eeches :<\/strong> Attendez-vous \u00e0 des matin\u00e9es et des soir\u00e9es fra\u00eeches, surtout dans les r\u00e9gions les plus \u00e9lev\u00e9es. Des v\u00eatements chauds sont essentiels. <\/li>\n<\/ul>\n<p data-sourcepos=\"8:1-8:2\"><strong>Exigences pour le trekking des gorilles<\/strong><\/p>\n<ul data-sourcepos=\"10:1-11:14\">\n<li data-sourcepos=\"10:1-10:95\"><strong>Limite d\u2019\u00e2ge :<\/strong> Les participants doivent \u00eatre \u00e2g\u00e9s d\u2019au moins 15 ans pour participer au trekking des gorilles.<\/li>\n<li data-sourcepos=\"11:1-11:14\"><strong>Permet:<\/strong> Un permis de trekking des gorilles co\u00fbte 1 500 $ US par personne. Les permis ne sont pas remboursables une fois achet\u00e9s. <\/li>\n<\/ul>\n<p data-sourcepos=\"13:1-13:23\"><strong>Essentiels d\u2019emballage<\/strong><\/p>\n<ul data-sourcepos=\"15:1-15:11\">\n<li data-sourcepos=\"15:1-15:11\"><strong>Protection contre les intemp\u00e9ries :<\/strong> Les v\u00eatements imperm\u00e9ables, y compris une veste avec une capuche et un pantalon imperm\u00e9able, sont cruciaux en raison de la m\u00e9t\u00e9o impr\u00e9visible.<\/li>\n<li data-sourcepos=\"16:1-16:128\"><strong>Protection pour l\u2019essentiel :<\/strong> Utilisez des sacs \u00e9tanches \u00e0 fermeture \u00e9clair pour prot\u00e9ger les appareils photo, les films, les passeports, l\u2019argent et autres objets de valeur.<\/li>\n<li data-sourcepos=\"17:1-17:129\"><strong>Chaleur et protection :<\/strong> Portez des gants chauds et imperm\u00e9ables pour garder vos mains au chaud et au sec et les prot\u00e9ger des orties.<\/li>\n<li data-sourcepos=\"18:1-18:99\"><strong>Chaussures robustes :<\/strong> Des chaussures de randonn\u00e9e avec une bonne adh\u00e9rence \u00e0 la boue sont essentielles, surtout dans des conditions humides.<\/li>\n<li data-sourcepos=\"19:1-19:85\"><strong>Gu\u00eatres:<\/strong> Prot\u00e9gez les jambes de votre pantalon et vos bottes de la boue et de l\u2019humidit\u00e9 avec des gu\u00eatres.<\/li>\n<li data-sourcepos=\"20:1-20:28\"><strong>Articles de confort :<\/strong> Une petite serviette pour les mains ou le visage peut \u00eatre pratique pour essuyer la sueur pendant le trek.<\/li>\n<\/ul>\n<p data-sourcepos=\"22:1-22:135\"><strong>Se souvenir:<\/strong> Une bonne pr\u00e9paration est essentielle pour garantir une exp\u00e9rience de trekking confortable et agr\u00e9able dans les montagnes des volcans<\/p>\n<\/div>\n<p><strong>D\u00e9menti:<\/strong><\/p>\n<ul>\n<li>Cette visite est propos\u00e9e par <a href=\"https:\/\/mufasatoursandtravels.com\/fr\/\">Mufasa Tours and Travels<\/a>.<\/li>\n<li>Cet op\u00e9rateur se r\u00e9serve le droit de modifier les tarifs annonc\u00e9s.<\/li>\n<li>Si vous demandez des modifications \u00e0 cette visite, les tarifs annonc\u00e9s changeront probablement.<\/li>\n<li>Si un logement est complet, l\u2019op\u00e9rateur proposera des options alternatives comparables.<\/li>\n<li>L\u2019ordre exact, le contenu et les tarifs de cette visite sont soumis \u00e0 disponibilit\u00e9.<\/li>\n<li>Cette visite est soumise aux <a href=\"https:\/\/mufasatoursandtravels.com\/fr\/termes-et-conditions\/\">termes et conditions<\/a> de <a href=\"https:\/\/mufasatoursandtravels.com\/fr\/\">Mufasa Tours and Travels.<\/a><\/li>\n<\/ul>\n<\/div>\n[\/vc_column_text][\/vc_tta_section][vc_tta_section title=\u00a0\u00bbInclusif\/Exclusif\u00a0\u00bb tab_id=\u00a0\u00bb1633455601016-f93699bc-5d92&Prime;][vc_row_inner][vc_column_inner width=\u00a0\u00bb1\/2&Prime;][info_list_father listclr=\u00a0\u00bb#f8f8f8&Prime;][info_list_son style=\u00a0\u00bbicon\u00a0\u00bb size=\u00a0\u00bb15&Prime; width=\u00a0\u00bb20&Prime; height=\u00a0\u00bb20&Prime; titleclr=\u00a0\u00bb#890000&Prime; icon=\u00a0\u00bbfas fa-user-plus\u00a0\u00bb title=\u00a0\u00bbINCLUS\u00a0\u00bb lineheight=\u00a0\u00bb2&Prime; iconclr=\u00a0\u00bb#333333&Prime;]\n<ul>\n<li>Transferts d\u2019arriv\u00e9e \/ d\u00e9part de l\u2019a\u00e9roport de Kigali + assistance&nbsp;; (Animation VIP Meet &amp; Assist dans l\u2019a\u00e9roport, disponible sur demande)<\/li>\n<li>1 nuit d\u2019h\u00e9bergement \u00e0 Kigali, sur la base d\u2019un petit-d\u00e9jeuner.<\/li>\n<li>Visite de la ville de Kigali + d\u00e9jeuner le jour 02 (y compris les frais d\u2019audioguide applicables \u00e0 la salle du mus\u00e9e du g\u00e9nocide)<\/li>\n<li>3 nuits d\u2019h\u00e9bergement sur les volcans, en pension compl\u00e8te.<\/li>\n<li>Permis de randonn\u00e9e des gorilles &#8211; 1 500,00 $ US par personne et par randonn\u00e9e.<\/li>\n<li>Permis de trek Gorillas &amp; Golden Monkeys &#8211; 100,00 $ US par personne et par trek.<\/li>\n<li>Transport priv\u00e9 en 4&#215;4 safari land-cruiser + services d\u2019un chauffeur-guide anglophone.<\/li>\n<li>Couverture d\u2019\u00e9vacuation a\u00e9rienne d\u2019urgence (\u00e0 l\u2019exclusion de l\u2019hospitalisation et des factures m\u00e9dicales).<\/li>\n<li>Eau potable en bouteille pendant le safari (dans le v\u00e9hicule) et pendant le trekking.<\/li>\n<li>Toutes taxes sur les prestations cit\u00e9es ci-dessus.<\/li>\n<li>\n<\/li>\n<\/ul>\n[\/info_list_son][\/info_list_father][\/vc_column_inner][vc_column_inner width=\u00a0\u00bb1\/2&Prime;][info_list_father listclr=\u00a0\u00bb#f8f8f8&Prime;][info_list_son style=\u00a0\u00bbicon\u00a0\u00bb size=\u00a0\u00bb15&Prime; width=\u00a0\u00bb20&Prime; height=\u00a0\u00bb20&Prime; titleclr=\u00a0\u00bb#890000&Prime; icon=\u00a0\u00bbfas fa-user-minus\u00a0\u00bb iconclr=\u00a0\u00bb#890000&Prime; title=\u00a0\u00bbEXCLU\u00a0\u00bb lineheight=\u00a0\u00bb2&Prime;]\n<ul>\n<li>Repas et boissons, autres que ceux sp\u00e9cifi\u00e9s.<\/li>\n<li>Toute autre activit\u00e9 touristique ou h\u00e9bergement, autre que celui indiqu\u00e9 sur le programme.<\/li>\n<li>Tarifs a\u00e9riens internationaux\/r\u00e9gionaux et frais de passeport\/visa&nbsp;;\u2022 Frais d\u2019exc\u00e9dent de bagages pr\u00e9lev\u00e9s par les compagnies a\u00e9riennes.<\/li>\n<li>Pourboires \u2013 Chauffeur-guide\/Guide du parc\/Porteurs\/Personnel de l\u2019h\u00f4tel, et autres pr\u00e9pos\u00e9s au transport.<\/li>\n<li>Le linge et d\u2019autres articles de nature personnelle tels que les boissons, les appels t\u00e9l\u00e9phoniques, etc.<\/li>\n<li>Assurance personnelle et bagages.<\/li>\n<li>Les co\u00fbts pour tout ce qui n\u2019est pas sp\u00e9cifiquement mentionn\u00e9 dans la liste ci-dessus, ou demand\u00e9.<\/li>\n<\/ul>\n[\/info_list_son][\/info_list_father][\/vc_column_inner][\/vc_row_inner][\/vc_tta_section][\/vc_tta_tabs][\/vc_column][\/vc_row]\n","protected":false},"excerpt":{"rendered":"<p>[vc_row full_width=\u00a0\u00bbstretch_row\u00a0\u00bb gap=\u00a0\u00bb1&Prime;][vc_column parallax=\u00a0\u00bbcontent-moving\u00a0\u00bb parallax_image=\u00a0\u00bb7481&Prime; css=\u00a0\u00bb.vc_custom_1690531526053{padding: 80px !important;}\u00a0\u00bb][vc_custom_heading text=\u00a0\u00bb5 jours\u00a0\u00bb font_container=\u00a0\u00bbtag:h2|font_size:24|text_align:center|color:%23ffffff\u00a0\u00bb google_fonts=\u00a0\u00bbfont_family:Roboto%3A100%2C100italic%2C300%2C300italic%2Cregular%2Citalic%2C500%2C500italic%2C700%2C700italic%2C900%2C900italic|font_style:400%20regular%3A400%3Anormal\u00a0\u00bb][vc_text_separator title=\u00a0\u00bb\u00a0\u00bb i_icon_fontawesome=\u00a0\u00bbfas fa-hiking\u00a0\u00bb i_color=\u00a0\u00bbwhite\u00a0\u00bb color=\u00a0\u00bbcustom\u00a0\u00bb el_width=\u00a0\u00bb80&Prime; add_icon=\u00a0\u00bbtrue\u00a0\u00bb accent_color=\u00a0\u00bb#f8f8f8&Prime;][vc_custom_heading text=\u00a0\u00bbKigali \u21fe Parc national des volcans \u21fe Lac Kivu \u21fe Kigali\u00a0\u00bb font_container=\u00a0\u00bbtag:h2|font_size:18|text_align:center|color:%23ffffff\u00a0\u00bb google_fonts=\u00a0\u00bbfont_family:Roboto%3A100%2C100italic%2C300%2C300italic%2Cregular%2Citalic%2C500%2C500italic%2C700%2C700italic%2C900%2C900italic|font_style:400%20regular%3A400%3Anormal\u00a0\u00bb][\/vc_column][\/vc_row][vc_row][vc_column css=\u00a0\u00bb.vc_custom_1725347181817{padding: 10px !important;}\u00a0\u00bb][vc_tta_tabs style=\u00a0\u00bbmodern\u00a0\u00bb color=\u00a0\u00bbjuicy-pink\u00a0\u00bb alignment=\u00a0\u00bbcenter\u00a0\u00bb active_section=\u00a0\u00bb1&Prime; no_fill_content_area=\u00a0\u00bbtrue\u00a0\u00bb][vc_tta_section title=\u00a0\u00bbProgramme\u00a0\u00bb tab_id=\u00a0\u00bb1633454673222-3d94f956-010c\u00a0\u00bb][info_list_father listclr=\u00a0\u00bb#f8f8f8&Prime;][info_list_son style=\u00a0\u00bbicon\u00a0\u00bb size=\u00a0\u00bb15&Prime; width=\u00a0\u00bb20&Prime; height=\u00a0\u00bb20&Prime; titleclr=\u00a0\u00bb#811a18&Prime; title=\u00a0\u00bbJour 1 : ARRIV\u00c9E KIGALI\u00a0\u00bb icon=\u00a0\u00bbfas [&hellip;]<\/p>\n","protected":false},"author":4,"featured_media":0,"parent":28043,"menu_order":2,"comment_status":"closed","ping_status":"closed","template":"","meta":{"_themeisle_gutenberg_block_has_review":false,"footnotes":""},"class_list":["post-33116","page","type-page","status-publish","hentry"],"_links":{"self":[{"href":"https:\/\/mufasatoursandtravels.com\/fr\/wp-json\/wp\/v2\/pages\/33116","targetHints":{"allow":["GET"]}}],"collection":[{"href":"https:\/\/mufasatoursandtravels.com\/fr\/wp-json\/wp\/v2\/pages"}],"about":[{"href":"https:\/\/mufasatoursandtravels.com\/fr\/wp-json\/wp\/v2\/types\/page"}],"author":[{"embeddable":true,"href":"https:\/\/mufasatoursandtravels.com\/fr\/wp-json\/wp\/v2\/users\/4"}],"replies":[{"embeddable":true,"href":"https:\/\/mufasatoursandtravels.com\/fr\/wp-json\/wp\/v2\/comments?post=33116"}],"version-history":[{"count":10,"href":"https:\/\/mufasatoursandtravels.com\/fr\/wp-json\/wp\/v2\/pages\/33116\/revisions"}],"predecessor-version":[{"id":33151,"href":"https:\/\/mufasatoursandtravels.com\/fr\/wp-json\/wp\/v2\/pages\/33116\/revisions\/33151"}],"up":[{"embeddable":true,"href":"https:\/\/mufasatoursandtravels.com\/fr\/wp-json\/wp\/v2\/pages\/28043"}],"wp:attachment":[{"href":"https:\/\/mufasatoursandtravels.com\/fr\/wp-json\/wp\/v2\/media?parent=33116"}],"curies":[{"name":"wp","href":"https:\/\/api.w.org\/{rel}","templated":true}]}}