{"id":33207,"date":"2022-03-25T09:42:26","date_gmt":"2022-03-25T06:42:26","guid":{"rendered":"https:\/\/mufasatoursandtravels.com\/destinations\/parc-national-daberdare\/"},"modified":"2025-04-16T12:57:18","modified_gmt":"2025-04-16T09:57:18","slug":"parc-national-daberdare","status":"publish","type":"page","link":"https:\/\/mufasatoursandtravels.com\/fr\/destinations\/parc-national-daberdare\/","title":{"rendered":"Parc national d\u2019Aberdare"},"content":{"rendered":"[vc_row full_width=\u00a0\u00bbstretch_row\u00a0\u00bb][vc_column css=\u00a0\u00bb.vc_custom_1675671142396{border-top-width: 10px !important;border-right-width: 10px !important;border-bottom-width: 10px !important;border-left-width: 10px !important;}\u00a0\u00bb][ucaddon_classic_banner title=\u00a0\u00bb\u00a0\u00bb link_text=\u00a0\u00bbAberdare National Park, Kenya\u00a0\u00bb image=\u00a0\u00bb8699&Prime; link=\u00a0\u00bb\u00a0\u00bb uc_fonts_data=\u00a0\u00bbJTdCJTdE\u00a0\u00bb][\/ucaddon_classic_banner][\/vc_column][\/vc_row][vc_row][vc_column css=\u00a0\u00bb.vc_custom_1675672165143{border-top-width: 10px !important;border-right-width: 10px !important;border-bottom-width: 10px !important;border-left-width: 10px !important;}\u00a0\u00bb][vc_tta_tabs shape=\u00a0\u00bbsquare\u00a0\u00bb color=\u00a0\u00bbjuicy-pink\u00a0\u00bb alignment=\u00a0\u00bbcenter\u00a0\u00bb active_section=\u00a0\u00bb1&Prime; no_fill_content_area=\u00a0\u00bbtrue\u00a0\u00bb][vc_tta_section title=\u00a0\u00bbEnviron\u00a0\u00bb tab_id=\u00a0\u00bb1636302233132-39a30584-a642&Prime;][info_list_father listclr=\u00a0\u00bb#f8f8f8&Prime;][info_list_son style=\u00a0\u00bbicon\u00a0\u00bb size=\u00a0\u00bb20&Prime; width=\u00a0\u00bb25&Prime; height=\u00a0\u00bb25&Prime; titleclr=\u00a0\u00bb#800000&Prime; icon=\u00a0\u00bbfas fa-question-circle\u00a0\u00bb title=\u00a0\u00bbParc national d\u2019Aberdare\u00a0\u00bb]Situ\u00e9e dans le centre du Kenya, \u00e0 environ 160 kilom\u00e8tres de Nairobi par la route, elle s\u2019\u00e9tend sur une centaine de kilom\u00e8tres du nord au sud au sein de la troisi\u00e8me plus haute cha\u00eene de montagnes du Kenya. Le parc national d\u2019Aberdare couvre les zones les plus \u00e9lev\u00e9es de la cha\u00eene de montagnes Aberdare qui est une cha\u00eene volcanique isol\u00e9e qui s\u2019est form\u00e9e \u00e0 l\u2019extr\u00e9mit\u00e9 orientale de la vall\u00e9e du Grand Rift. [\/info_list_son][info_list_son style=\u00a0\u00bbicon\u00a0\u00bb size=\u00a0\u00bb20&Prime; width=\u00a0\u00bb25&Prime; height=\u00a0\u00bb25&Prime; titleclr=\u00a0\u00bb#800000&Prime; icon=\u00a0\u00bbfas fa-binoculars\u00a0\u00bb title=\u00a0\u00bbFaune\u00a0\u00bb]La faune pr\u00e9sente dans l\u2019aire prot\u00e9g\u00e9e comprend le lion, le l\u00e9opard, l\u2019\u00e9l\u00e9phant, le chien sauvage d\u2019Afrique de l\u2019Est, le cochon de for\u00eat g\u00e9ant, le bushbuck, le roseau de montagne, le waterbuck, le buffle du Cap, le suni, le chacal \u00e0 rayures lat\u00e9rales, l\u2019\u00e9land, le c\u00e9phalom\u00e8tre, le babouin olive, le singe colobe noir et blanc et le singe sykes. Les observations les plus rares incluent celles du chat dor\u00e9 africain et du bongo. Des esp\u00e8ces telles que l\u2019\u00e9land commun, le serval vivent dans les landes sup\u00e9rieures.  <\/p>\n<p>Le parc national d\u2019Aberdare abrite \u00e9galement une importante population de rhinoc\u00e9ros noirs de l\u2019Est et plus de 250 esp\u00e8ces d\u2019oiseaux, dont la cisticole d\u2019Aberdare, en voie de disparition, la spurfowl de Jackson, l\u2019\u00e9pervier, l\u2019autour des palombes, l\u2019aigle p\u00eacheur africain, le sunbirds et les pluviers.[\/info_list_son][info_list_son style=\u00a0\u00bbicon\u00a0\u00bb size=\u00a0\u00bb20&Prime; width=\u00a0\u00bb25&Prime; height=\u00a0\u00bb25&Prime; titleclr=\u00a0\u00bb#800000&Prime; icon=\u00a0\u00bbfas fa-paw\u00a0\u00bb title=\u00a0\u00bbActivit\u00e9s\u00a0\u00bb]\n<ul>\n<li>Safaris.<\/li>\n<li>Observation des oiseaux.<\/li>\n<li>Promenades sur le terrain.<\/li>\n<\/ul>\n[\/info_list_son][\/info_list_father][\/vc_tta_section][vc_tta_section title=\u00a0\u00bbComment s\u2019y rendre\u00a0\u00bb tab_id=\u00a0\u00bb1633455601016-f93699bc-5d92&Prime;][vc_gmaps link=\u00a0\u00bb#E-8_JTNDaWZyYW1lJTIwc3JjJTNEJTIyaHR0cHMlM0ElMkYlMkZtYXBzLmdvb2dsZS5jb20lMkZtYXBzJTNGcSUzREFiZXJkYXJlJTI1MjBuYXRpb25hbCUyNTIwcGFyayUyNmFtcCUzQnQlM0QlMjZhbXAlM0J6JTNEMTElMjZhbXAlM0JpZSUzRFVURjglMjZhbXAlM0Jpd2xvYyUzRCUyNmFtcCUzQm91dHB1dCUzRGVtYmVkJTIyJTIwc2Nyb2xsaW5nJTNEJTIybm8lMjIlMjB3aWR0aCUzRCUyMjYwMCUyMiUyMGhlaWdodCUzRCUyMjQ1MCUyMiUyMGZyYW1lYm9yZGVyJTNEJTIyMCUyMiUyMHN0eWxlJTNEJTIyYm9yZGVyJTNBMCUyMiUyMGFsbG93ZnVsbHNjcmVlbiUzRCUyMiUyMiUzRSUzQyUyRmlmcmFtZSUzRQ==\u00a0\u00bb][\/vc_tta_section][vc_tta_section title=\u00a0\u00bbH\u00e9bergement\u00a0\u00bb tab_id=\u00a0\u00bb1741851885056-63b8e07c-6181&Prime;][vc_row_inner el_class=\u00a0\u00bbcard\u00a0\u00bb css=\u00a0\u00bb.vc_custom_1741853631700{border: 20px initial  !important;}\u00a0\u00bb][vc_column_inner width=\u00a0\u00bb1\/2&Prime;][vc_images_carousel images=\u00a0\u00bb3119&Prime; onclick=\u00a0\u00bblink_no\u00a0\u00bb autoplay=\u00a0\u00bbyes\u00a0\u00bb css=\u00a0\u00bb.vc_custom_1741855467912{background-position: center !important;background-repeat: no-repeat !important;background-size: contain !important;}\u00a0\u00bb][\/vc_column_inner][vc_column_inner width=\u00a0\u00bb1\/2&Prime;][vc_headings style=\u00a0\u00bbtheme3&Prime; linewidth=\u00a0\u00bb100&Prime; borderclr=\u00a0\u00bb#890000&Prime; title=\u00a0\u00bbThe Ark Lodge\u00a0\u00bb align=\u00a0\u00bbleft\u00a0\u00bb google_fonts=\u00a0\u00bbfont_family:Roboto%3A100%2C100italic%2C300%2C300italic%2Cregular%2Citalic%2C500%2C500italic%2C700%2C700italic%2C900%2C900italic\u00a0\u00bb titleclr=\u00a0\u00bb#000000&Prime;][\/vc_headings][vc_column_text]Situ\u00e9 au c\u0153ur du parc national d\u2019Aberdare, embl\u00e9matique et oui, excentrique. <a href=\"https:\/\/marasa.net\/the-ark\/\" rel=\"nofollow noopener\" target=\"_blank\">L\u2019arche<\/a> surplombe un point d\u2019eau \u00e9clair\u00e9 et une pierre \u00e0 l\u00e9cher, qui attire une foule d\u2019animaux sauvages impressionnants. Ressemblant \u00e0 l\u2019arche de No\u00e9, l\u2019arche se compose de trois ponts \u00e0 partir desquels de nombreux balcons et salons offrent un endroit superbe pour observer la faune. Pour que vous ne manquiez aucune observation d\u2019animaux, le gardien de nuit fera vibrer votre chambre lorsque des animaux sp\u00e9ciaux viendront au point d\u2019eau. L\u2019Arche dispose de quatre zones d\u2019observation pour observer l\u2019activit\u00e9 animale toujours pr\u00e9sente.[\/vc_column_text][\/vc_column_inner][\/vc_row_inner][vc_row_inner el_class=\u00a0\u00bbcard\u00a0\u00bb css=\u00a0\u00bb.vc_custom_1741853631700{border: 20px initial  !important;}\u00a0\u00bb][vc_column_inner width=\u00a0\u00bb1\/2&Prime;][vc_images_carousel images=\u00a0\u00bb29345&Prime; onclick=\u00a0\u00bblink_no\u00a0\u00bb autoplay=\u00a0\u00bbyes\u00a0\u00bb css=\u00a0\u00bb.vc_custom_1741855983963{background-position: center !important;background-repeat: no-repeat !important;background-size: contain !important;}\u00a0\u00bb][\/vc_column_inner][vc_column_inner width=\u00a0\u00bb1\/2&Prime;][vc_headings style=\u00a0\u00bbtheme3&Prime; linewidth=\u00a0\u00bb100&Prime; borderclr=\u00a0\u00bb#890000&Prime; title=\u00a0\u00bbAberdare Country Club\u00a0\u00bb align=\u00a0\u00bbleft\u00a0\u00bb google_fonts=\u00a0\u00bbfont_family:Roboto%3A100%2C100italic%2C300%2C300italic%2Cregular%2Citalic%2C500%2C500italic%2C700%2C700italic%2C900%2C900italic\u00a0\u00bb titleclr=\u00a0\u00bb#000000&Prime;][\/vc_headings][vc_column_text el_class=\u00a0\u00bbcard\u00a0\u00bb]<a href=\"https:\/\/marasa.net\/aberdare-country-club\/\" rel=\"nofollow noopener\" target=\"_blank\">L\u2019Aberdare Country Club<\/a>, \u00e0 seulement deux heures et demie de route au nord-est de Nairobi, est nich\u00e9 sur une pente de la colline de Mweiga dans les hauts plateaux d\u2019Aberdare, qui fait partie de la vall\u00e9e du Grand Rift. Ce site captivant \u00e9tait la propri\u00e9t\u00e9 d\u2019un couple anglais qui a d\u00e9cid\u00e9 de s\u2019installer au Kenya. Pr\u00e8s d\u2019un demi-si\u00e8cle plus tard, leur maison, \u00ab&nbsp;The Steep&nbsp;\u00bb, a \u00e9t\u00e9 rebaptis\u00e9e Aberdare Country Club et ouverte aux clients. Consid\u00e9r\u00e9 comme un bien patrimonial au Kenya, l\u2019Aberdare Country Club a conserv\u00e9 le charme d\u2019une maison priv\u00e9e avec le confort simple d\u2019une auberge de campagne.[\/vc_column_text][\/vc_column_inner][\/vc_row_inner][vc_row_inner el_class=\u00a0\u00bbcard\u00a0\u00bb css=\u00a0\u00bb.vc_custom_1741853631700{border: 20px initial  !important;}\u00a0\u00bb][vc_column_inner width=\u00a0\u00bb1\/2&Prime;][vc_images_carousel images=\u00a0\u00bb29351&Prime; onclick=\u00a0\u00bblink_no\u00a0\u00bb autoplay=\u00a0\u00bbyes\u00a0\u00bb css=\u00a0\u00bb.vc_custom_1741856576745{background-position: center !important;background-repeat: no-repeat !important;background-size: contain !important;}\u00a0\u00bb][\/vc_column_inner][vc_column_inner width=\u00a0\u00bb1\/2&Prime;][vc_headings style=\u00a0\u00bbtheme3&Prime; linewidth=\u00a0\u00bb100&Prime; borderclr=\u00a0\u00bb#890000&Prime; title=\u00a0\u00bbTreetops Lodge\u00a0\u00bb align=\u00a0\u00bbleft\u00a0\u00bb google_fonts=\u00a0\u00bbfont_family:Roboto%3A100%2C100italic%2C300%2C300italic%2Cregular%2Citalic%2C500%2C500italic%2C700%2C700italic%2C900%2C900italic\u00a0\u00bb titleclr=\u00a0\u00bb#000000&Prime;][\/vc_headings][vc_column_text el_class=\u00a0\u00bbcard\u00a0\u00bb]D\u00e9couvrez une destination qui offre un m\u00e9lange parfait d\u2019aventure, de d\u00e9tente et de culture. Que vous soyez un accro \u00e0 l\u2019adr\u00e9naline ou quelqu\u2019un \u00e0 la recherche d\u2019une escapade paisible, cet endroit a quelque chose pour tout le monde. Explorez des paysages \u00e0 couper le souffle, immergez-vous dans la culture locale et laissez-vous tenter par une cuisine de classe mondiale.[\/vc_column_text][\/vc_column_inner][\/vc_row_inner][vc_row_inner el_class=\u00a0\u00bbcard\u00a0\u00bb css=\u00a0\u00bb.vc_custom_1741853631700{border: 20px initial  !important;}\u00a0\u00bb][vc_column_inner width=\u00a0\u00bb1\/2&Prime;][vc_images_carousel images=\u00a0\u00bb35052&Prime; onclick=\u00a0\u00bblink_no\u00a0\u00bb autoplay=\u00a0\u00bbyes\u00a0\u00bb css=\u00a0\u00bb.vc_custom_1744796542252{background-position: center !important;background-repeat: no-repeat !important;background-size: contain !important;}\u00a0\u00bb][\/vc_column_inner][vc_column_inner width=\u00a0\u00bb1\/2&Prime;][vc_headings style=\u00a0\u00bbtheme3&Prime; linewidth=\u00a0\u00bb100&Prime; borderclr=\u00a0\u00bb#890000&Prime; title=\u00a0\u00bbRhino Watch Safari Lodge\u00a0\u00bb align=\u00a0\u00bbleft\u00a0\u00bb google_fonts=\u00a0\u00bbfont_family:Roboto%3A100%2C100italic%2C300%2C300italic%2Cregular%2Citalic%2C500%2C500italic%2C700%2C700italic%2C900%2C900italic\u00a0\u00bb titleclr=\u00a0\u00bb#000000&Prime;][\/vc_headings][vc_column_text el_class=\u00a0\u00bbcard\u00a0\u00bb]<a href=\"https:\/\/rhinowatchlodge.com\/\" rel=\"nofollow noopener\" target=\"_blank\">Rhino Watch Safari Lodge<\/a> est nich\u00e9 dans les <strong>hauts plateaux du centre du Kenya<\/strong> , dans la r\u00e9gion de Mweiga au Kenya. Il b\u00e9n\u00e9ficie <strong>d\u2019une vue magnifique sur le mont Kenya<\/strong> et est strat\u00e9giquement situ\u00e9 entre les montagnes Aberdare et le mont Kenya, ce qui en fait un point de d\u00e9part id\u00e9al pour explorer plusieurs r\u00e9serves fauniques \u00e0 proximit\u00e9.[\/vc_column_text][\/vc_column_inner][\/vc_row_inner][vc_row_inner el_class=\u00a0\u00bbcard\u00a0\u00bb css=\u00a0\u00bb.vc_custom_1741853631700{border: 20px initial  !important;}\u00a0\u00bb][vc_column_inner width=\u00a0\u00bb1\/2&Prime;][vc_images_carousel images=\u00a0\u00bb35070&Prime; onclick=\u00a0\u00bblink_no\u00a0\u00bb autoplay=\u00a0\u00bbyes\u00a0\u00bb css=\u00a0\u00bb.vc_custom_1744797239396{background-position: center !important;background-repeat: no-repeat !important;background-size: contain !important;}\u00a0\u00bb][\/vc_column_inner][vc_column_inner width=\u00a0\u00bb1\/2&Prime;][vc_headings style=\u00a0\u00bbtheme3&Prime; linewidth=\u00a0\u00bb100&Prime; borderclr=\u00a0\u00bb#890000&Prime; title=\u00a0\u00bbOutspan Hotel\u00a0\u00bb align=\u00a0\u00bbleft\u00a0\u00bb google_fonts=\u00a0\u00bbfont_family:Roboto%3A100%2C100italic%2C300%2C300italic%2Cregular%2Citalic%2C500%2C500italic%2C700%2C700italic%2C900%2C900italic\u00a0\u00bb titleclr=\u00a0\u00bb#000000&Prime;][\/vc_headings][vc_column_text el_class=\u00a0\u00bbcard\u00a0\u00bb]Situ\u00e9 dans les hauts plateaux du Kenya, Outspan offre une exp\u00e9rience holistique d\u2019affaires, de loisirs et d\u2019aventure. Un h\u00f4tel confortable situ\u00e9 dans des jardins tropicaux bien entretenus avec des pelouses bien entretenues et une vue imprenable sur le mont Kenya.[\/vc_column_text][\/vc_column_inner][\/vc_row_inner][\/vc_tta_section][\/vc_tta_tabs][\/vc_column][\/vc_row]\n","protected":false},"excerpt":{"rendered":"<p>[vc_row full_width=\u00a0\u00bbstretch_row\u00a0\u00bb][vc_column css=\u00a0\u00bb.vc_custom_1675671142396{border-top-width: 10px !important;border-right-width: 10px !important;border-bottom-width: 10px !important;border-left-width: 10px !important;}\u00a0\u00bb][ucaddon_classic_banner title=\u00a0\u00bb\u00a0\u00bb link_text=\u00a0\u00bbAberdare National Park, Kenya\u00a0\u00bb image=\u00a0\u00bb8699&Prime; link=\u00a0\u00bb\u00a0\u00bb uc_fonts_data=\u00a0\u00bbJTdCJTdE\u00a0\u00bb][\/ucaddon_classic_banner][\/vc_column][\/vc_row][vc_row][vc_column css=\u00a0\u00bb.vc_custom_1675672165143{border-top-width: 10px !important;border-right-width: 10px !important;border-bottom-width: 10px !important;border-left-width: 10px !important;}\u00a0\u00bb][vc_tta_tabs shape=\u00a0\u00bbsquare\u00a0\u00bb color=\u00a0\u00bbjuicy-pink\u00a0\u00bb alignment=\u00a0\u00bbcenter\u00a0\u00bb active_section=\u00a0\u00bb1&Prime; no_fill_content_area=\u00a0\u00bbtrue\u00a0\u00bb][vc_tta_section title=\u00a0\u00bbEnviron\u00a0\u00bb tab_id=\u00a0\u00bb1636302233132-39a30584-a642&Prime;][info_list_father listclr=\u00a0\u00bb#f8f8f8&Prime;][info_list_son style=\u00a0\u00bbicon\u00a0\u00bb size=\u00a0\u00bb20&Prime; width=\u00a0\u00bb25&Prime; height=\u00a0\u00bb25&Prime; titleclr=\u00a0\u00bb#800000&Prime; icon=\u00a0\u00bbfas fa-question-circle\u00a0\u00bb title=\u00a0\u00bbParc national d\u2019Aberdare\u00a0\u00bb]Situ\u00e9e dans le centre du Kenya, \u00e0 environ 160 kilom\u00e8tres [&hellip;]<\/p>\n","protected":false},"author":4,"featured_media":0,"parent":27931,"menu_order":1,"comment_status":"closed","ping_status":"closed","template":"","meta":{"_themeisle_gutenberg_block_has_review":false,"footnotes":""},"class_list":["post-33207","page","type-page","status-publish","hentry"],"_links":{"self":[{"href":"https:\/\/mufasatoursandtravels.com\/fr\/wp-json\/wp\/v2\/pages\/33207","targetHints":{"allow":["GET"]}}],"collection":[{"href":"https:\/\/mufasatoursandtravels.com\/fr\/wp-json\/wp\/v2\/pages"}],"about":[{"href":"https:\/\/mufasatoursandtravels.com\/fr\/wp-json\/wp\/v2\/types\/page"}],"author":[{"embeddable":true,"href":"https:\/\/mufasatoursandtravels.com\/fr\/wp-json\/wp\/v2\/users\/4"}],"replies":[{"embeddable":true,"href":"https:\/\/mufasatoursandtravels.com\/fr\/wp-json\/wp\/v2\/comments?post=33207"}],"version-history":[{"count":6,"href":"https:\/\/mufasatoursandtravels.com\/fr\/wp-json\/wp\/v2\/pages\/33207\/revisions"}],"predecessor-version":[{"id":35083,"href":"https:\/\/mufasatoursandtravels.com\/fr\/wp-json\/wp\/v2\/pages\/33207\/revisions\/35083"}],"up":[{"embeddable":true,"href":"https:\/\/mufasatoursandtravels.com\/fr\/wp-json\/wp\/v2\/pages\/27931"}],"wp:attachment":[{"href":"https:\/\/mufasatoursandtravels.com\/fr\/wp-json\/wp\/v2\/media?parent=33207"}],"curies":[{"name":"wp","href":"https:\/\/api.w.org\/{rel}","templated":true}]}}