{"id":33226,"date":"2022-03-25T07:17:27","date_gmt":"2022-03-25T04:17:27","guid":{"rendered":"https:\/\/mufasatoursandtravels.com\/destinations\/sanctuaire-des-collines-de-taita\/"},"modified":"2025-04-10T16:41:22","modified_gmt":"2025-04-10T13:41:22","slug":"sanctuaire-des-collines-de-taita","status":"publish","type":"page","link":"https:\/\/mufasatoursandtravels.com\/fr\/destinations\/sanctuaire-des-collines-de-taita\/","title":{"rendered":"Sanctuaire des collines de Taita"},"content":{"rendered":"[vc_row full_width=\u00a0\u00bbstretch_row\u00a0\u00bb][vc_column css=\u00a0\u00bb.vc_custom_1679042447916{border-bottom-width: 10px !important;}\u00a0\u00bb][ucaddon_classic_banner title=\u00a0\u00bb\u00a0\u00bb link_text=\u00a0\u00bbTaita Hills Sanctuary, Kenya\u00a0\u00bb image=\u00a0\u00bb7064&Prime; link=\u00a0\u00bb\u00a0\u00bb uc_init_settings=\u00a0\u00bb\u00a0\u00bb uc_fonts_data=\u00a0\u00bbJTdCJTdE\u00a0\u00bb][\/ucaddon_classic_banner][\/vc_column][\/vc_row][vc_row][vc_column css=\u00a0\u00bb.vc_custom_1679042436570{border-top-width: 10px !important;}\u00a0\u00bb][vc_tta_tabs shape=\u00a0\u00bbsquare\u00a0\u00bb color=\u00a0\u00bbjuicy-pink\u00a0\u00bb alignment=\u00a0\u00bbcenter\u00a0\u00bb active_section=\u00a0\u00bb1&Prime; no_fill_content_area=\u00a0\u00bbtrue\u00a0\u00bb][vc_tta_section title=\u00a0\u00bbEnviron\u00a0\u00bb tab_id=\u00a0\u00bb1636302233132-39a30584-a642&Prime;][info_list_father][info_list_son style=\u00a0\u00bbicon\u00a0\u00bb size=\u00a0\u00bb20&Prime; width=\u00a0\u00bb25&Prime; height=\u00a0\u00bb25&Prime; titleclr=\u00a0\u00bb#800000&Prime; icon=\u00a0\u00bbfas fa-question-circle\u00a0\u00bb title=\u00a0\u00bbSanctuaire des collines de Taita\u00a0\u00bb]\n<div class=\"wpb_text_column wpb_content_element \">\n<div class=\"wpb_wrapper\">\n<p>La Taita Hills Wildlife Conservancy tire son nom des groupes de collines environnantes et fait partie int\u00e9grante des for\u00eats de l\u2019Arc oriental class\u00e9es comme un point chaud de la biodiversit\u00e9. La conservation couvre une zone de 28 000 acres d\u2019habitat en mosa\u00efque o\u00f9 la physionomie v\u00e9g\u00e9tale est la for\u00eat riveraine, le bois de savane et les prairies. La formation v\u00e9g\u00e9tale est g\u00e9n\u00e9ralement dense, stratifi\u00e9e et toujours domin\u00e9e par des acacias\/commiphores et peut sembler sempervirente dans les zones humides comme dans les basses terres centrales du sanctuaire.  <\/p>\n<p>Le sanctuaire chevauche le sud du parc national de Tsavo Ouest et constitue une importante zone de dispersion et de migration de la faune entre le parc national de Tsavo Est et le parc national de Tsavo Ouest, ce qui en fait une zone de loisirs touristique tr\u00e8s appr\u00e9ci\u00e9e et d\u2019importance \u00e9cologique. La topographie est g\u00e9n\u00e9ralement montagneuse et offre une vue \u00e0 couper le souffle sur le Kilimandjaro, le Pare, les montagnes d\u2019Uluguru et les groupes de collines de Taita avec une rivi\u00e8re saisonni\u00e8re divisant le sanctuaire en vall\u00e9es et plaines de plaine. <\/p><\/div>\n<\/div>\n[\/info_list_son][info_list_son style=\u00a0\u00bbicon\u00a0\u00bb size=\u00a0\u00bb20&Prime; width=\u00a0\u00bb25&Prime; height=\u00a0\u00bb25&Prime; titleclr=\u00a0\u00bb#800000&Prime; icon=\u00a0\u00bbfas fa-binoculars\u00a0\u00bb title=\u00a0\u00bbFaune\u00a0\u00bb]Il abrite des buffles du Cap, des \u00e9l\u00e9phants de brousse d\u2019Afrique, des l\u00e9opards, des lions, des gu\u00e9pards, des girafes masa\u00ef, des z\u00e8bres, des bubales, des impalas, des cobes, des gazelles de Thomson, des petits koudous, des dik-dik, des hy\u00e8nes et d\u2019autres animaux plus petits, y compris une diversit\u00e9 d\u2019oiseaux.[\/info_list_son][info_list_son style=\u00a0\u00bbicon\u00a0\u00bb size=\u00a0\u00bb20&Prime; width=\u00a0\u00bb25&Prime; height=\u00a0\u00bb25&Prime; titleclr=\u00a0\u00bb#800000&Prime; icon=\u00a0\u00bbfas fa-paw\u00a0\u00bb title=\u00a0\u00bbActivit\u00e9s\u00a0\u00bb]\n<ul>\n<li>Promenades et courses dans la nature.<\/li>\n<li>Safaris.<\/li>\n<li>Observation des oiseaux.<\/li>\n<li>Mus\u00e9e de la Premi\u00e8re Guerre mondiale des collines de Taita.<\/li>\n<\/ul>\n[\/info_list_son][\/info_list_father][\/vc_tta_section][vc_tta_section title=\u00a0\u00bbComment s\u2019y rendre\u00a0\u00bb tab_id=\u00a0\u00bb1633455601016-f93699bc-5d92&Prime;][vc_gmaps link=\u00a0\u00bb#E-8_JTNDaWZyYW1lJTIwc3JjJTNEJTIyaHR0cHMlM0ElMkYlMkZtYXBzLmdvb2dsZS5jb20lMkZtYXBzJTNGcSUzRFRhaXRhJTI1MjBoaWxscyUyNTIwd2lsZGxpZmUlMjUyMHNhbmN0dWFyeSUyNmFtcCUzQnQlM0RrJTI2YW1wJTNCeiUzRDEzJTI2YW1wJTNCaWUlM0RVVEY4JTI2YW1wJTNCaXdsb2MlM0QlMjZhbXAlM0JvdXRwdXQlM0RlbWJlZCUyMiUyMHdpZHRoJTNEJTIyNjAwJTIyJTIwaGVpZ2h0JTNEJTIyNDUwJTIyJTIwZnJhbWVib3JkZXIlM0QlMjIwJTIyJTIwc3R5bGUlM0QlMjJib3JkZXIlM0EwJTIyJTIwYWxsb3dmdWxsc2NyZWVuJTNEJTIyJTIyJTNFJTNDJTJGaWZyYW1lJTNF\u00a0\u00bb][\/vc_tta_section][\/vc_tta_tabs][\/vc_column][\/vc_row]\n","protected":false},"excerpt":{"rendered":"<p>[vc_row full_width=\u00a0\u00bbstretch_row\u00a0\u00bb][vc_column css=\u00a0\u00bb.vc_custom_1679042447916{border-bottom-width: 10px !important;}\u00a0\u00bb][ucaddon_classic_banner title=\u00a0\u00bb\u00a0\u00bb link_text=\u00a0\u00bbTaita Hills Sanctuary, Kenya\u00a0\u00bb image=\u00a0\u00bb7064&Prime; link=\u00a0\u00bb\u00a0\u00bb uc_init_settings=\u00a0\u00bb\u00a0\u00bb uc_fonts_data=\u00a0\u00bbJTdCJTdE\u00a0\u00bb][\/ucaddon_classic_banner][\/vc_column][\/vc_row][vc_row][vc_column css=\u00a0\u00bb.vc_custom_1679042436570{border-top-width: 10px !important;}\u00a0\u00bb][vc_tta_tabs shape=\u00a0\u00bbsquare\u00a0\u00bb color=\u00a0\u00bbjuicy-pink\u00a0\u00bb alignment=\u00a0\u00bbcenter\u00a0\u00bb active_section=\u00a0\u00bb1&Prime; no_fill_content_area=\u00a0\u00bbtrue\u00a0\u00bb][vc_tta_section title=\u00a0\u00bbEnviron\u00a0\u00bb tab_id=\u00a0\u00bb1636302233132-39a30584-a642&Prime;][info_list_father][info_list_son style=\u00a0\u00bbicon\u00a0\u00bb size=\u00a0\u00bb20&Prime; width=\u00a0\u00bb25&Prime; height=\u00a0\u00bb25&Prime; titleclr=\u00a0\u00bb#800000&Prime; icon=\u00a0\u00bbfas fa-question-circle\u00a0\u00bb title=\u00a0\u00bbSanctuaire des collines de Taita\u00a0\u00bb] La Taita Hills Wildlife Conservancy tire son nom des groupes de collines environnantes et fait partie int\u00e9grante des for\u00eats [&hellip;]<\/p>\n","protected":false},"author":4,"featured_media":0,"parent":27931,"menu_order":13,"comment_status":"closed","ping_status":"closed","template":"","meta":{"_themeisle_gutenberg_block_has_review":false,"footnotes":""},"class_list":["post-33226","page","type-page","status-publish","hentry"],"_links":{"self":[{"href":"https:\/\/mufasatoursandtravels.com\/fr\/wp-json\/wp\/v2\/pages\/33226","targetHints":{"allow":["GET"]}}],"collection":[{"href":"https:\/\/mufasatoursandtravels.com\/fr\/wp-json\/wp\/v2\/pages"}],"about":[{"href":"https:\/\/mufasatoursandtravels.com\/fr\/wp-json\/wp\/v2\/types\/page"}],"author":[{"embeddable":true,"href":"https:\/\/mufasatoursandtravels.com\/fr\/wp-json\/wp\/v2\/users\/4"}],"replies":[{"embeddable":true,"href":"https:\/\/mufasatoursandtravels.com\/fr\/wp-json\/wp\/v2\/comments?post=33226"}],"version-history":[{"count":10,"href":"https:\/\/mufasatoursandtravels.com\/fr\/wp-json\/wp\/v2\/pages\/33226\/revisions"}],"predecessor-version":[{"id":33261,"href":"https:\/\/mufasatoursandtravels.com\/fr\/wp-json\/wp\/v2\/pages\/33226\/revisions\/33261"}],"up":[{"embeddable":true,"href":"https:\/\/mufasatoursandtravels.com\/fr\/wp-json\/wp\/v2\/pages\/27931"}],"wp:attachment":[{"href":"https:\/\/mufasatoursandtravels.com\/fr\/wp-json\/wp\/v2\/media?parent=33226"}],"curies":[{"name":"wp","href":"https:\/\/api.w.org\/{rel}","templated":true}]}}