{"id":33329,"date":"2022-03-25T07:04:29","date_gmt":"2022-03-25T04:04:29","guid":{"rendered":"https:\/\/mufasatoursandtravels.com\/destinations\/parc-national-du-lac-manyara\/"},"modified":"2025-04-10T16:42:43","modified_gmt":"2025-04-10T13:42:43","slug":"parc-national-du-lac-manyara","status":"publish","type":"page","link":"https:\/\/mufasatoursandtravels.com\/fr\/destinations\/parc-national-du-lac-manyara\/","title":{"rendered":"Parc national du lac Manyara"},"content":{"rendered":"[vc_row full_width=\u00a0\u00bbstretch_row\u00a0\u00bb][vc_column css=\u00a0\u00bb.vc_custom_1679038137662{border-bottom-width: 10px !important;}\u00a0\u00bb][ucaddon_classic_banner title=\u00a0\u00bb\u00a0\u00bb link_text=\u00a0\u00bbLake Manyara National Park, Tanzania\u00a0\u00bb image=\u00a0\u00bb29756&Prime; link=\u00a0\u00bb\u00a0\u00bb uc_init_settings=\u00a0\u00bb\u00a0\u00bb uc_fonts_data=\u00a0\u00bbJTdCJTdE\u00a0\u00bb][\/ucaddon_classic_banner][\/vc_column][\/vc_row][vc_row][vc_column css=\u00a0\u00bb.vc_custom_1679038150343{border-top-width: 10px !important;}\u00a0\u00bb][vc_tta_tabs shape=\u00a0\u00bbsquare\u00a0\u00bb color=\u00a0\u00bbjuicy-pink\u00a0\u00bb alignment=\u00a0\u00bbcenter\u00a0\u00bb active_section=\u00a0\u00bb1&Prime; no_fill_content_area=\u00a0\u00bbtrue\u00a0\u00bb][vc_tta_section title=\u00a0\u00bbEnviron\u00a0\u00bb tab_id=\u00a0\u00bb1636302233132-39a30584-a642&Prime;][info_list_father listclr=\u00a0\u00bb#f8f8f8&Prime;][info_list_son style=\u00a0\u00bbicon\u00a0\u00bb size=\u00a0\u00bb20&Prime; width=\u00a0\u00bb25&Prime; height=\u00a0\u00bb25&Prime; titleclr=\u00a0\u00bb#800000&Prime; icon=\u00a0\u00bbfas fa-question-circle\u00a0\u00bb title=\u00a0\u00bbParc national du lac Manyara\u00a0\u00bb]C\u2019est un paradis pr\u00e9serv\u00e9 de for\u00eat d\u2019eau souterraine aliment\u00e9e par des sources souterraines et regorgeant d\u2019animaux sauvages tels que des \u00e9l\u00e9phants, des hippopotames, des girafes, des buffles, des antilopes et certaines des plus grandes troupes de babouins d\u2019Afrique. Mais son attraction la plus embl\u00e9matique est sans aucun doute ses lions grimpeurs aux arbres, et les gens affluent du monde entier pour voir ces pr\u00e9dateurs embl\u00e9matiques se pr\u00e9lasser dans les arbres. [\/info_list_son][info_list_son style=\u00a0\u00bbicon\u00a0\u00bb size=\u00a0\u00bb20&Prime; width=\u00a0\u00bb25&Prime; height=\u00a0\u00bb25&Prime; titleclr=\u00a0\u00bb#800000&Prime; icon=\u00a0\u00bbfas fa-binoculars\u00a0\u00bb title=\u00a0\u00bbFaune\u00a0\u00bb]C\u2019est l\u00e0 que se trouve la plus grande concentration d\u2019\u00e9l\u00e9phants d\u2019Afrique. Lorsqu\u2019il s\u2019agit d\u2019apercevoir des \u00e9l\u00e9phants dans la nature, vous trouverez peu d\u2019endroits qui peuvent rivaliser avec les \u00e9l\u00e9phants. En plus de ces g\u00e9ants, le parc offre \u00e9galement d\u2019excellentes occasions de voir des mangoustes, l\u2019adorable dik-dik de Kirk, des hippopotames, des buffles, des antilopes, des gazelles et de grandes troupes de babouins.  <\/p>\n<p>Vous trouverez \u00e9galement des lions grimpeurs d\u2019arbres, une raret\u00e9 parmi leur propre esp\u00e8ce, \u00e9tant parmi les seuls lions au monde \u00e0 grimper r\u00e9guli\u00e8rement aux arbres et \u00e0 les utiliser comme lieux de repos.[\/info_list_son][info_list_son style=\u00a0\u00bbicon\u00a0\u00bb size=\u00a0\u00bb20&Prime; width=\u00a0\u00bb25&Prime; height=\u00a0\u00bb25&Prime; titleclr=\u00a0\u00bb#800000&Prime; icon=\u00a0\u00bbfas fa-paw\u00a0\u00bb title=\u00a0\u00bbActivit\u00e9s\u00a0\u00bb]\n<ul>\n<li>Safaris.<\/li>\n<li>Observation des oiseaux.<\/li>\n<li>Promenades en bateau \/ cano\u00eb.<\/li>\n<li>Arbre \u00e0 pied.<\/li>\n<\/ul>\n[\/info_list_son][\/info_list_father][\/vc_tta_section][vc_tta_section title=\u00a0\u00bbComment s\u2019y rendre\u00a0\u00bb tab_id=\u00a0\u00bb1633455601016-f93699bc-5d92&Prime;][vc_gmaps link=\u00a0\u00bb#E-8_JTNDaWZyYW1lJTIwc3JjJTNEJTIyaHR0cHMlM0ElMkYlMkZtYXBzLmdvb2dsZS5jb20lMkZtYXBzJTNGcSUzRExha2UlMjUyME1hbnlhcmElMjUyME5hdGlvbmFsJTI1MjBwYXJrJTI2YW1wJTNCdCUzRCUyNmFtcCUzQnolM0QxMSUyNmFtcCUzQmllJTNEVVRGOCUyNmFtcCUzQml3bG9jJTNEJTI2YW1wJTNCb3V0cHV0JTNEZW1iZWQlMjIlMjBmcmFtZWJvcmRlciUzRCUyMjAlMjIlMjBzY3JvbGxpbmclM0QlMjJubyUyMiUyMG1hcmdpbmhlaWdodCUzRCUyMjAlMjIlMjBtYXJnaW53aWR0aCUzRCUyMjAlMjIlMjB3aWR0aCUzRCUyMjYwMCUyMiUyMGhlaWdodCUzRCUyMjQ1MCUyMiUyMHN0eWxlJTNEJTIyYm9yZGVyJTNBMCUyMiUyMGFsbG93ZnVsbHNjcmVlbiUzRCUyMiUyMiUzRSUzQyUyRmlmcmFtZSUzRQ==\u00a0\u00bb][\/vc_tta_section][vc_tta_section title=\u00a0\u00bbH\u00e9bergement\u00a0\u00bb tab_id=\u00a0\u00bb1741937806950-484a1d61-ff3d\u00a0\u00bb][vc_row_inner][vc_column_inner width=\u00a0\u00bb1\/2&Prime;][vc_single_image image=\u00a0\u00bb29762&Prime;][\/vc_column_inner][vc_column_inner width=\u00a0\u00bb1\/2&Prime;][vc_headings style=\u00a0\u00bbtheme3&Prime; linewidth=\u00a0\u00bb100&Prime; borderclr=\u00a0\u00bb#890000&Prime; title=\u00a0\u00bbLake Manyara Tortilis Camp\u00a0\u00bb align=\u00a0\u00bbleft\u00a0\u00bb google_fonts=\u00a0\u00bbfont_family:Roboto%3A100%2C100italic%2C300%2C300italic%2Cregular%2Citalic%2C500%2C500italic%2C700%2C700italic%2C900%2C900italic\u00a0\u00bb titlesize=\u00a0\u00bb16&Prime; titleclr=\u00a0\u00bb#000000&Prime;][\/vc_headings][vc_column_text]Le camp Tortilis du lac Manyara est situ\u00e9 au pied de l\u2019escarpement de la vall\u00e9e du Grand Rift \u00e0 l\u2019int\u00e9rieur du parc national du lac Manyara en Tanzanie. Il propose une exp\u00e9rience de \u00ab&nbsp;glamping&nbsp;\u00bb avec des tentes enti\u00e8rement meubl\u00e9es qui offrent une vue sur le lac Manyara. Les tentes disposent de lits king-size ou de lits jumeaux, d\u2019une salle de bains privative et sont d\u00e9cor\u00e9es dans un style authentique local. Vous pouvez vous attendre \u00e0 voir des animaux sauvages depuis votre tente, et vous pourriez entendre des lions rugir ou \u00eatre visit\u00e9 par des hy\u00e8nes et des buffles. Le camp dispose \u00e9galement d\u2019un restaurant et d\u2019un bar. Les activit\u00e9s comprennent des safaris, des promenades guid\u00e9es et l\u2019observation des oiseaux.[\/vc_column_text][vc_btn title=\u00a0\u00bbVue\u00a0\u00bb style=\u00a0\u00bboutline-custom\u00a0\u00bb outline_custom_color=\u00a0\u00bb#890000&Prime; outline_custom_hover_background=\u00a0\u00bb#890000&Prime; outline_custom_hover_text=\u00a0\u00bb#ffffff\u00a0\u00bb shape=\u00a0\u00bbround\u00a0\u00bb size=\u00a0\u00bbsm\u00a0\u00bb align=\u00a0\u00bbleft\u00a0\u00bb i_align=\u00a0\u00bbright\u00a0\u00bb i_icon_fontawesome=\u00a0\u00bbfar fa-arrow-alt-circle-right\u00a0\u00bb add_icon=\u00a0\u00bbtrue\u00a0\u00bb][\/vc_column_inner][\/vc_row_inner][vc_row_inner][vc_column_inner width=\u00a0\u00bb1\/2&Prime;][vc_single_image image=\u00a0\u00bb29769&Prime;][\/vc_column_inner][vc_column_inner width=\u00a0\u00bb1\/2&Prime;][vc_headings style=\u00a0\u00bbtheme3&Prime; linewidth=\u00a0\u00bb100&Prime; borderclr=\u00a0\u00bb#890000&Prime; title=\u00a0\u00bbLake Manyara Serena Safari Lodge\u00a0\u00bb align=\u00a0\u00bbleft\u00a0\u00bb google_fonts=\u00a0\u00bbfont_family:Roboto%3A100%2C100italic%2C300%2C300italic%2Cregular%2Citalic%2C500%2C500italic%2C700%2C700italic%2C900%2C900italic\u00a0\u00bb titlesize=\u00a0\u00bb16&Prime; titleclr=\u00a0\u00bb#000000&Prime;][\/vc_headings][vc_column_text]L\u2019imposant escarpement de Mto wa Mbu en Tanzanie offre une toile de fond remarquable pour une visite unique en son genre. Le Lake Manyara Serena Safari Lodge vous accueille dans un cadre paisible au milieu de la riche faune et de la tranquillit\u00e9 in\u00e9gal\u00e9e du parc national du lac Manyara. Le lac abrite plus de 300 oiseaux migrateurs, dont des flamants roses, des aigles \u00e0 longue cr\u00eate et des martins-p\u00eacheurs \u00e0 t\u00eate grise ; Notre lodge est con\u00e7u pour imiter cet oiseau extraordinaire, avec un motif architectural pr\u00e9sentant des courbes aviaires plongeantes et des fresques murales aux couleurs vives.[\/vc_column_text][vc_btn title=\u00a0\u00bbVue\u00a0\u00bb style=\u00a0\u00bboutline-custom\u00a0\u00bb outline_custom_color=\u00a0\u00bb#890000&Prime; outline_custom_hover_background=\u00a0\u00bb#890000&Prime; outline_custom_hover_text=\u00a0\u00bb#ffffff\u00a0\u00bb shape=\u00a0\u00bbround\u00a0\u00bb size=\u00a0\u00bbsm\u00a0\u00bb align=\u00a0\u00bbleft\u00a0\u00bb i_align=\u00a0\u00bbright\u00a0\u00bb i_icon_fontawesome=\u00a0\u00bbfar fa-arrow-alt-circle-right\u00a0\u00bb add_icon=\u00a0\u00bbtrue\u00a0\u00bb link=\u00a0\u00bburl:https%3A%2F%2Fwww.serenahotels.com%2Flake-manyara|\u00a0\u00bb][\/vc_column_inner][\/vc_row_inner][vc_row_inner][vc_column_inner width=\u00a0\u00bb1\/2&Prime;][vc_single_image image=\u00a0\u00bb29775&Prime;][\/vc_column_inner][vc_column_inner width=\u00a0\u00bb1\/2&Prime;][vc_headings style=\u00a0\u00bbtheme3&Prime; linewidth=\u00a0\u00bb100&Prime; borderclr=\u00a0\u00bb#890000&Prime; title=\u00a0\u00bb&amp; Beyond Lake Manyara Tree Lodge\u00a0\u00bb align=\u00a0\u00bbleft\u00a0\u00bb google_fonts=\u00a0\u00bbfont_family:Roboto%3A100%2C100italic%2C300%2C300italic%2Cregular%2Citalic%2C500%2C500italic%2C700%2C700italic%2C900%2C900italic\u00a0\u00bb titlesize=\u00a0\u00bb16&Prime; titleclr=\u00a0\u00bb#000000&Prime;][\/vc_headings][vc_column_text]Le parc national du lac Manyara offre une v\u00e9ritable exp\u00e9rience de nature sauvage dans divers habitats, de son lac soda de la vall\u00e9e du Rift \u00e0 des for\u00eats denses et des flancs de montagnes escarp\u00e9s. Berc\u00e9 dans les branches d\u2019une ancienne for\u00eat d\u2019acajou, le Lake Manyara Tree Lodge se fond dans la beaut\u00e9 naturelle de son environnement \u00e0 couper le souffle.[\/vc_column_text][vc_btn title=\u00a0\u00bbVue\u00a0\u00bb style=\u00a0\u00bboutline-custom\u00a0\u00bb outline_custom_color=\u00a0\u00bb#890000&Prime; outline_custom_hover_background=\u00a0\u00bb#890000&Prime; outline_custom_hover_text=\u00a0\u00bb#ffffff\u00a0\u00bb shape=\u00a0\u00bbround\u00a0\u00bb size=\u00a0\u00bbsm\u00a0\u00bb align=\u00a0\u00bbleft\u00a0\u00bb i_align=\u00a0\u00bbright\u00a0\u00bb i_icon_fontawesome=\u00a0\u00bbfar fa-arrow-alt-circle-right\u00a0\u00bb add_icon=\u00a0\u00bbtrue\u00a0\u00bb link=\u00a0\u00bburl:https%3A%2F%2Fwww.andbeyond.com%2Four-lodges%2Fafrica%2Ftanzania%2Flake-manyara-national-park%2Fandbeyond-lake-manyara-tree-lodge%2F%3Futm_source%3Dgoogle%26utm_medium%3Dorganic%26utm_campaign%3Dorganic-global-bofu-gmb-listing-lake-manyara-tree-lodge|\u00a0\u00bb][\/vc_column_inner][\/vc_row_inner][vc_row_inner][vc_column_inner width=\u00a0\u00bb1\/2&Prime;][vc_single_image image=\u00a0\u00bb29781&Prime;][\/vc_column_inner][vc_column_inner width=\u00a0\u00bb1\/2&Prime;][vc_headings style=\u00a0\u00bbtheme3&Prime; linewidth=\u00a0\u00bb100&Prime; borderclr=\u00a0\u00bb#890000&Prime; title=\u00a0\u00bbKirurumu Manyara Lodge\u00a0\u00bb align=\u00a0\u00bbleft\u00a0\u00bb google_fonts=\u00a0\u00bbfont_family:Roboto%3A100%2C100italic%2C300%2C300italic%2Cregular%2Citalic%2C500%2C500italic%2C700%2C700italic%2C900%2C900italic\u00a0\u00bb titlesize=\u00a0\u00bb16&Prime; titleclr=\u00a0\u00bb#000000&Prime;][\/vc_headings][vc_column_text]Le Kirurumu Manyara Lodge est situ\u00e9 en haut du bord de la vall\u00e9e du Grand Rift, b\u00e9n\u00e9ficiant d\u2019une vue merveilleuse, \u00e9difiante et panoramique vers l\u2019est sur le lac Manyara, le fond du Rift et le mont Losimingori. Derri\u00e8re Kirurumu, les hauts plateaux du Ngorongoro s\u2019\u00e9l\u00e8vent dans une splendeur verte et fertile et forment la porte d\u2019entr\u00e9e du crat\u00e8re du Ngorongoro et, enfin, des gorges d\u2019Olduvai, le Serengeti.[\/vc_column_text][vc_btn title=\u00a0\u00bbVue\u00a0\u00bb style=\u00a0\u00bboutline-custom\u00a0\u00bb outline_custom_color=\u00a0\u00bb#890000&Prime; outline_custom_hover_background=\u00a0\u00bb#890000&Prime; outline_custom_hover_text=\u00a0\u00bb#ffffff\u00a0\u00bb shape=\u00a0\u00bbround\u00a0\u00bb size=\u00a0\u00bbsm\u00a0\u00bb align=\u00a0\u00bbleft\u00a0\u00bb i_align=\u00a0\u00bbright\u00a0\u00bb i_icon_fontawesome=\u00a0\u00bbfar fa-arrow-alt-circle-right\u00a0\u00bb add_icon=\u00a0\u00bbtrue\u00a0\u00bb link=\u00a0\u00bburl:https%3A%2F%2Fwww.kirurumu.net%2Fmanyara|\u00a0\u00bb][\/vc_column_inner][\/vc_row_inner][vc_row_inner][vc_column_inner width=\u00a0\u00bb1\/2&Prime;][vc_single_image image=\u00a0\u00bb29787&Prime;][\/vc_column_inner][vc_column_inner width=\u00a0\u00bb1\/2&Prime;][vc_headings style=\u00a0\u00bbtheme3&Prime; linewidth=\u00a0\u00bb100&Prime; borderclr=\u00a0\u00bb#890000&Prime; title=\u00a0\u00bbWellworth Lake Manyara Kilimamoja Lodge\u00a0\u00bb align=\u00a0\u00bbleft\u00a0\u00bb google_fonts=\u00a0\u00bbfont_family:Roboto%3A100%2C100italic%2C300%2C300italic%2Cregular%2Citalic%2C500%2C500italic%2C700%2C700italic%2C900%2C900italic\u00a0\u00bb titlesize=\u00a0\u00bb16&Prime; titleclr=\u00a0\u00bb#000000&Prime; caption_url=\u00a0\u00bb\u00a0\u00bb caption_urls=\u00a0\u00bb\u00a0\u00bb caption_urlss=\u00a0\u00bb\u00a0\u00bb caption_urldesc=\u00a0\u00bb\u00a0\u00bb][\/vc_headings][vc_column_text]Manyara\u2019s Secret, un lodge de charme exclusif, propose un \u00e9ventail d\u2019activit\u00e9s que vous pouvez pratiquer simplement en nageant ou en vous asseyant sur la terrasse et en lisant un livre jusqu\u2019\u00e0 faire un safari. Vous pourrez vous doucher \u00e0 la belle \u00e9toile ou dormir sous \u00ab l\u2019arbre renvers\u00e9 de la plaine africaine \u00bb, le Baobab.[\/vc_column_text][vc_btn title=\u00a0\u00bbVue\u00a0\u00bb style=\u00a0\u00bboutline-custom\u00a0\u00bb outline_custom_color=\u00a0\u00bb#890000&Prime; outline_custom_hover_background=\u00a0\u00bb#890000&Prime; outline_custom_hover_text=\u00a0\u00bb#ffffff\u00a0\u00bb shape=\u00a0\u00bbround\u00a0\u00bb size=\u00a0\u00bbsm\u00a0\u00bb align=\u00a0\u00bbleft\u00a0\u00bb i_align=\u00a0\u00bbright\u00a0\u00bb i_icon_fontawesome=\u00a0\u00bbfar fa-arrow-alt-circle-right\u00a0\u00bb add_icon=\u00a0\u00bbtrue\u00a0\u00bb link=\u00a0\u00bburl:https%3A%2F%2Fmanyarassecret.com%2F|\u00a0\u00bb][\/vc_column_inner][\/vc_row_inner][\/vc_tta_section][\/vc_tta_tabs][\/vc_column][\/vc_row]\n","protected":false},"excerpt":{"rendered":"<p>[vc_row full_width=\u00a0\u00bbstretch_row\u00a0\u00bb][vc_column css=\u00a0\u00bb.vc_custom_1679038137662{border-bottom-width: 10px !important;}\u00a0\u00bb][ucaddon_classic_banner title=\u00a0\u00bb\u00a0\u00bb link_text=\u00a0\u00bbLake Manyara National Park, Tanzania\u00a0\u00bb image=\u00a0\u00bb29756&Prime; link=\u00a0\u00bb\u00a0\u00bb uc_init_settings=\u00a0\u00bb\u00a0\u00bb uc_fonts_data=\u00a0\u00bbJTdCJTdE\u00a0\u00bb][\/ucaddon_classic_banner][\/vc_column][\/vc_row][vc_row][vc_column css=\u00a0\u00bb.vc_custom_1679038150343{border-top-width: 10px !important;}\u00a0\u00bb][vc_tta_tabs shape=\u00a0\u00bbsquare\u00a0\u00bb color=\u00a0\u00bbjuicy-pink\u00a0\u00bb alignment=\u00a0\u00bbcenter\u00a0\u00bb active_section=\u00a0\u00bb1&Prime; no_fill_content_area=\u00a0\u00bbtrue\u00a0\u00bb][vc_tta_section title=\u00a0\u00bbEnviron\u00a0\u00bb tab_id=\u00a0\u00bb1636302233132-39a30584-a642&Prime;][info_list_father listclr=\u00a0\u00bb#f8f8f8&Prime;][info_list_son style=\u00a0\u00bbicon\u00a0\u00bb size=\u00a0\u00bb20&Prime; width=\u00a0\u00bb25&Prime; height=\u00a0\u00bb25&Prime; titleclr=\u00a0\u00bb#800000&Prime; icon=\u00a0\u00bbfas fa-question-circle\u00a0\u00bb title=\u00a0\u00bbParc national du lac Manyara\u00a0\u00bb]C\u2019est un paradis pr\u00e9serv\u00e9 de for\u00eat d\u2019eau souterraine aliment\u00e9e par des sources souterraines et regorgeant d\u2019animaux sauvages tels [&hellip;]<\/p>\n","protected":false},"author":4,"featured_media":0,"parent":27931,"menu_order":8,"comment_status":"closed","ping_status":"closed","template":"","meta":{"_themeisle_gutenberg_block_has_review":false,"footnotes":""},"class_list":["post-33329","page","type-page","status-publish","hentry"],"_links":{"self":[{"href":"https:\/\/mufasatoursandtravels.com\/fr\/wp-json\/wp\/v2\/pages\/33329","targetHints":{"allow":["GET"]}}],"collection":[{"href":"https:\/\/mufasatoursandtravels.com\/fr\/wp-json\/wp\/v2\/pages"}],"about":[{"href":"https:\/\/mufasatoursandtravels.com\/fr\/wp-json\/wp\/v2\/types\/page"}],"author":[{"embeddable":true,"href":"https:\/\/mufasatoursandtravels.com\/fr\/wp-json\/wp\/v2\/users\/4"}],"replies":[{"embeddable":true,"href":"https:\/\/mufasatoursandtravels.com\/fr\/wp-json\/wp\/v2\/comments?post=33329"}],"version-history":[{"count":1,"href":"https:\/\/mufasatoursandtravels.com\/fr\/wp-json\/wp\/v2\/pages\/33329\/revisions"}],"predecessor-version":[{"id":33331,"href":"https:\/\/mufasatoursandtravels.com\/fr\/wp-json\/wp\/v2\/pages\/33329\/revisions\/33331"}],"up":[{"embeddable":true,"href":"https:\/\/mufasatoursandtravels.com\/fr\/wp-json\/wp\/v2\/pages\/27931"}],"wp:attachment":[{"href":"https:\/\/mufasatoursandtravels.com\/fr\/wp-json\/wp\/v2\/media?parent=33329"}],"curies":[{"name":"wp","href":"https:\/\/api.w.org\/{rel}","templated":true}]}}