{"id":33352,"date":"2022-03-25T07:04:19","date_gmt":"2022-03-25T04:04:19","guid":{"rendered":"https:\/\/mufasatoursandtravels.com\/destinations\/reserve-nationale-de-shimba-hills\/"},"modified":"2025-04-10T16:43:24","modified_gmt":"2025-04-10T13:43:24","slug":"reserve-nationale-de-shimba-hills","status":"publish","type":"page","link":"https:\/\/mufasatoursandtravels.com\/fr\/destinations\/reserve-nationale-de-shimba-hills\/","title":{"rendered":"R\u00e9serve nationale de Shimba Hills"},"content":{"rendered":"[vc_row full_width=\u00a0\u00bbstretch_row\u00a0\u00bb][vc_column css=\u00a0\u00bb.vc_custom_1700571546380{border-bottom-width: 10px !important;background-image: url(https:\/\/mufasatoursandtravels.com\/wp-content\/uploads\/2022\/03\/shimba-hills-antelopes-scaled.jpg?id=6761) !important;background-position: center !important;background-repeat: no-repeat !important;background-size: cover !important;}\u00a0\u00bb el_class=\u00a0\u00bbdes-overlay\u00a0\u00bb][vc_headings style=\u00a0\u00bbtheme3&Prime; borderclr=\u00a0\u00bb#f4f4f4&Prime; title=\u00a0\u00bbShimba Hills National Reserve\u00a0\u00bb google_fonts=\u00a0\u00bbfont_family:Open%20Sans%3A300%2C300italic%2Cregular%2Citalic%2C600%2C600italic%2C700%2C700italic%2C800%2C800italic|font_style:400%20regular%3A400%3Anormal\u00a0\u00bb titleclr=\u00a0\u00bb#ffffff\u00a0\u00bb caption_url=\u00a0\u00bb\u00a0\u00bb caption_urls=\u00a0\u00bb\u00a0\u00bb caption_urlss=\u00a0\u00bb\u00a0\u00bb caption_urldesc=\u00a0\u00bb\u00a0\u00bb][\/vc_headings][vc_empty_space height=\u00a0\u00bb60px\u00a0\u00bb][vc_icon icon_fontawesome=\u00a0\u00bbfas fa-paw\u00a0\u00bb color=\u00a0\u00bbcustom\u00a0\u00bb align=\u00a0\u00bbcenter\u00a0\u00bb custom_color=\u00a0\u00bb#ffffff\u00a0\u00bb][\/vc_column][\/vc_row][vc_row][vc_column css=\u00a0\u00bb.vc_custom_1679037427620{border-top-width: 10px !important;}\u00a0\u00bb][vc_tta_tabs shape=\u00a0\u00bbsquare\u00a0\u00bb color=\u00a0\u00bbjuicy-pink\u00a0\u00bb alignment=\u00a0\u00bbcenter\u00a0\u00bb active_section=\u00a0\u00bb1&Prime; no_fill_content_area=\u00a0\u00bbtrue\u00a0\u00bb][vc_tta_section title=\u00a0\u00bbEnviron\u00a0\u00bb tab_id=\u00a0\u00bb1636302233132-39a30584-a642&Prime;][info_list_father][info_list_son style=\u00a0\u00bbicon\u00a0\u00bb size=\u00a0\u00bb20&Prime; width=\u00a0\u00bb25&Prime; height=\u00a0\u00bb25&Prime; titleclr=\u00a0\u00bb#800000&Prime; icon=\u00a0\u00bbfas fa-question-circle\u00a0\u00bb title=\u00a0\u00bbR\u00e9serve nationale des collines de Shimba\u00a0\u00bb]En tant que l\u2019une des plus grandes for\u00eats c\u00f4ti\u00e8res d\u2019Afrique de l\u2019Est apr\u00e8s la for\u00eat d\u2019Arabuko-Sokoke, cette r\u00e9serve est riche en flore et en faune et abrite la plus forte densit\u00e9 d\u2019\u00e9l\u00e9phants d\u2019Afrique au Kenya. D\u2019autres esp\u00e8ces animales trouv\u00e9es dans la r\u00e9gion sont l\u2019antilope zibeline, la musaraigne \u00e9l\u00e9phant, la mangouste \u00e0 queue touffue et d\u2019autres petits mammif\u00e8res comme les chauves-souris frugivores. La for\u00eat est une zone importante pour les oiseaux et est dot\u00e9e d\u2019oiseaux forestiers tandis que les prairies abritent des esp\u00e8ces localis\u00e9es telles que la volaille \u00e0 \u00e9peron \u00e0 cou rouge, la cisticole coassante et l\u2019\u00e9v\u00eaque rouge de Zanzibar. Les pittoresques chutes de Sheldrick et la dense for\u00eat de Mwaluganje se trouvent \u00e9galement ici, ainsi que quatre campings.   [\/info_list_son][info_list_son style=\u00a0\u00bbicon\u00a0\u00bb size=\u00a0\u00bb20&Prime; width=\u00a0\u00bb25&Prime; height=\u00a0\u00bb25&Prime; titleclr=\u00a0\u00bb#800000&Prime; icon=\u00a0\u00bbfas fa-binoculars\u00a0\u00bb title=\u00a0\u00bbFaune\u00a0\u00bb]Comprend l\u2019antilope zibeline en voie de disparition, les \u00e9l\u00e9phants, les girafes, le l\u00e9opard, la genette, le chat civette, les hy\u00e8nes, le waterbuck, le cochon de brousse, le buffle, le b\u00e9b\u00e9 de brousse africain, le bushbuck, le colobe noir et blanc c\u00f4tier, le c\u00e9phalophe bleu, le c\u00e9phalophe de brousse, le c\u00e9phalophe rouge, le grand Galago, le singe verveteux \u00e0 face noire, le singe Sykes, le chat Serval, la musaraigne noire et rouge et la musaraigne Suni \u00e0 poils poignard\u00e9s.<\/p>\n<p>111 esp\u00e8ces d\u2019oiseaux ont \u00e9t\u00e9 recens\u00e9es, dont 22 sont end\u00e9miques c\u00f4ti\u00e8res, parmi lesquelles : l\u2019aigle d\u2019autruche, le faucon d\u2019Afrique ; Faucon, Coucou ; Pintade, \u00e0 cr\u00eate du Kenya ; Guide du miel, Grand&nbsp;; Calao, couronn\u00e9&nbsp;; Caille, bleue&nbsp;; Sunbird, Uluguru, Python, Cobra, L\u00e9zard et Gecko ainsi que des papillons, des moustiques et des col\u00e9opt\u00e8res.[\/info_list_son][info_list_son style=\u00a0\u00bbicon\u00a0\u00bb size=\u00a0\u00bb20&Prime; width=\u00a0\u00bb25&Prime; height=\u00a0\u00bb25&Prime; titleclr=\u00a0\u00bb#800000&Prime; icon=\u00a0\u00bbfas fa-paw\u00a0\u00bb title=\u00a0\u00bbActivit\u00e9s\u00a0\u00bb]\n<ul>\n<li>Safaris.<\/li>\n<li>Promenades dans la nature.<\/li>\n<li>Observation des oiseaux.<\/li>\n<\/ul>\n[\/info_list_son][\/info_list_father][\/vc_tta_section][vc_tta_section title=\u00a0\u00bbComment s\u2019y rendre\u00a0\u00bb tab_id=\u00a0\u00bb1633455601016-f93699bc-5d92&Prime;][vc_gmaps link=\u00a0\u00bb#E-8_JTNDaWZyYW1lJTIwc3JjJTNEJTIyaHR0cHMlM0ElMkYlMkZtYXBzLmdvb2dsZS5jb20lMkZtYXBzJTNGcSUzRFNoaW1iYSUyNTIwaGlsbHMlMjUyMG5hdGlvbmFsJTI1MjByZXNlcnZlJTI2YW1wJTNCdCUzRGslMjZhbXAlM0J6JTNEMTMlMjZhbXAlM0JpZSUzRFVURjglMjZhbXAlM0Jpd2xvYyUzRCUyNmFtcCUzQm91dHB1dCUzRGVtYmVkJTIyJTIwd2lkdGglM0QlMjI2MDAlMjIlMjBoZWlnaHQlM0QlMjI0NTAlMjIlMjBmcmFtZWJvcmRlciUzRCUyMjAlMjIlMjBzdHlsZSUzRCUyMmJvcmRlciUzQTAlMjIlMjBhbGxvd2Z1bGxzY3JlZW4lM0QlMjIlMjIlM0UlM0MlMkZpZnJhbWUlM0U=\u00a0\u00bb][\/vc_tta_section][\/vc_tta_tabs][\/vc_column][\/vc_row]\n","protected":false},"excerpt":{"rendered":"<p>[vc_row full_width=\u00a0\u00bbstretch_row\u00a0\u00bb][vc_column css=\u00a0\u00bb.vc_custom_1700571546380{border-bottom-width: 10px !important;background-image: url(https:\/\/mufasatoursandtravels.com\/wp-content\/uploads\/2022\/03\/shimba-hills-antelopes-scaled.jpg?id=6761) !important;background-position: center !important;background-repeat: no-repeat !important;background-size: cover !important;}\u00a0\u00bb el_class=\u00a0\u00bbdes-overlay\u00a0\u00bb][vc_headings style=\u00a0\u00bbtheme3&Prime; borderclr=\u00a0\u00bb#f4f4f4&Prime; title=\u00a0\u00bbShimba Hills National Reserve\u00a0\u00bb google_fonts=\u00a0\u00bbfont_family:Open%20Sans%3A300%2C300italic%2Cregular%2Citalic%2C600%2C600italic%2C700%2C700italic%2C800%2C800italic|font_style:400%20regular%3A400%3Anormal\u00a0\u00bb titleclr=\u00a0\u00bb#ffffff\u00a0\u00bb caption_url=\u00a0\u00bb\u00a0\u00bb caption_urls=\u00a0\u00bb\u00a0\u00bb caption_urlss=\u00a0\u00bb\u00a0\u00bb caption_urldesc=\u00a0\u00bb\u00a0\u00bb][\/vc_headings][vc_empty_space height=\u00a0\u00bb60px\u00a0\u00bb][vc_icon icon_fontawesome=\u00a0\u00bbfas fa-paw\u00a0\u00bb color=\u00a0\u00bbcustom\u00a0\u00bb align=\u00a0\u00bbcenter\u00a0\u00bb custom_color=\u00a0\u00bb#ffffff\u00a0\u00bb][\/vc_column][\/vc_row][vc_row][vc_column css=\u00a0\u00bb.vc_custom_1679037427620{border-top-width: 10px !important;}\u00a0\u00bb][vc_tta_tabs shape=\u00a0\u00bbsquare\u00a0\u00bb color=\u00a0\u00bbjuicy-pink\u00a0\u00bb alignment=\u00a0\u00bbcenter\u00a0\u00bb active_section=\u00a0\u00bb1&Prime; no_fill_content_area=\u00a0\u00bbtrue\u00a0\u00bb][vc_tta_section title=\u00a0\u00bbEnviron\u00a0\u00bb tab_id=\u00a0\u00bb1636302233132-39a30584-a642&Prime;][info_list_father][info_list_son style=\u00a0\u00bbicon\u00a0\u00bb size=\u00a0\u00bb20&Prime; width=\u00a0\u00bb25&Prime; height=\u00a0\u00bb25&Prime; titleclr=\u00a0\u00bb#800000&Prime; icon=\u00a0\u00bbfas fa-question-circle\u00a0\u00bb title=\u00a0\u00bbR\u00e9serve nationale des collines de Shimba\u00a0\u00bb]En [&hellip;]<\/p>\n","protected":false},"author":4,"featured_media":0,"parent":27931,"menu_order":7,"comment_status":"closed","ping_status":"closed","template":"","meta":{"_themeisle_gutenberg_block_has_review":false,"footnotes":""},"class_list":["post-33352","page","type-page","status-publish","hentry"],"_links":{"self":[{"href":"https:\/\/mufasatoursandtravels.com\/fr\/wp-json\/wp\/v2\/pages\/33352","targetHints":{"allow":["GET"]}}],"collection":[{"href":"https:\/\/mufasatoursandtravels.com\/fr\/wp-json\/wp\/v2\/pages"}],"about":[{"href":"https:\/\/mufasatoursandtravels.com\/fr\/wp-json\/wp\/v2\/types\/page"}],"author":[{"embeddable":true,"href":"https:\/\/mufasatoursandtravels.com\/fr\/wp-json\/wp\/v2\/users\/4"}],"replies":[{"embeddable":true,"href":"https:\/\/mufasatoursandtravels.com\/fr\/wp-json\/wp\/v2\/comments?post=33352"}],"version-history":[{"count":1,"href":"https:\/\/mufasatoursandtravels.com\/fr\/wp-json\/wp\/v2\/pages\/33352\/revisions"}],"predecessor-version":[{"id":33354,"href":"https:\/\/mufasatoursandtravels.com\/fr\/wp-json\/wp\/v2\/pages\/33352\/revisions\/33354"}],"up":[{"embeddable":true,"href":"https:\/\/mufasatoursandtravels.com\/fr\/wp-json\/wp\/v2\/pages\/27931"}],"wp:attachment":[{"href":"https:\/\/mufasatoursandtravels.com\/fr\/wp-json\/wp\/v2\/media?parent=33352"}],"curies":[{"name":"wp","href":"https:\/\/api.w.org\/{rel}","templated":true}]}}