{"id":33392,"date":"2022-03-25T06:51:35","date_gmt":"2022-03-25T03:51:35","guid":{"rendered":"https:\/\/mufasatoursandtravels.com\/destinations\/lewa-wildlife-conservancy\/"},"modified":"2025-04-10T16:44:11","modified_gmt":"2025-04-10T13:44:11","slug":"lewa-wildlife-conservancy","status":"publish","type":"page","link":"https:\/\/mufasatoursandtravels.com\/fr\/destinations\/lewa-wildlife-conservancy\/","title":{"rendered":"Lewa WIldlife Conservancy"},"content":{"rendered":"[vc_row full_width=\u00a0\u00bbstretch_row\u00a0\u00bb][vc_column css=\u00a0\u00bb.vc_custom_1679044975095{border-bottom-width: 10px !important;}\u00a0\u00bb][ucaddon_classic_banner title=\u00a0\u00bb\u00a0\u00bb link_text=\u00a0\u00bbLewa Wildlife Conservancy, Kenya\u00a0\u00bb image=\u00a0\u00bb7027&Prime; link=\u00a0\u00bb\u00a0\u00bb uc_fonts_data=\u00a0\u00bbJTdCJTdE\u00a0\u00bb][\/ucaddon_classic_banner][\/vc_column][\/vc_row][vc_row][vc_column css=\u00a0\u00bb.vc_custom_1679044984150{border-top-width: 10px !important;}\u00a0\u00bb][vc_tta_tabs shape=\u00a0\u00bbsquare\u00a0\u00bb color=\u00a0\u00bbjuicy-pink\u00a0\u00bb alignment=\u00a0\u00bbcenter\u00a0\u00bb active_section=\u00a0\u00bb1&Prime; no_fill_content_area=\u00a0\u00bbtrue\u00a0\u00bb][vc_tta_section title=\u00a0\u00bbEnviron\u00a0\u00bb tab_id=\u00a0\u00bb1636302233132-39a30584-a642&Prime;][info_list_father listclr=\u00a0\u00bb#f8f8f8&Prime;][info_list_son style=\u00a0\u00bbicon\u00a0\u00bb size=\u00a0\u00bb20&Prime; width=\u00a0\u00bb25&Prime; height=\u00a0\u00bb25&Prime; titleclr=\u00a0\u00bb#800000&Prime; icon=\u00a0\u00bbfas fa-question-circle\u00a0\u00bb title=\u00a0\u00bbConservation de la faune sauvage de Lewa\u00a0\u00bb]Situ\u00e9 dans le nord du Kenya, il s\u2019agit d\u2019un sanctuaire faunique incorporant la for\u00eat de Ngare Ndare et couvrant plus de 62 000 acres (250<sup>km2<\/sup>). Le Conservancy abrite une grande vari\u00e9t\u00e9 d\u2019animaux sauvages, notamment les rhinoc\u00e9ros noirs, rares et en voie de disparition, les z\u00e8bres de Gr\u00e9vy et les sitatungas. Il comprend \u00e9galement les cinq grands (lions, l\u00e9opards, \u00e9l\u00e9phants, rhinoc\u00e9ros et buffles du Cap). Lewa abrite plus de 12 % de la population de rhinoc\u00e9ros noirs de l\u2019Est du Kenya et la plus grande population de z\u00e8bres de Gr\u00e9vy au monde (environ 350 individus).   <\/p>\n<p>Le Conservancy abrite \u00e9galement le Northern Rangelands Trust, un partenariat novateur avec un certain nombre de communaut\u00e9s du nord qui ont donn\u00e9 des terres pour la pr\u00e9servation de la faune. Lewa a son propre programme d\u2019\u00e9ducation qui aide \u00e0 d\u00e9velopper les \u00e9coles et les \u00e9l\u00e8ves. Lewa Wildlife Conservancy est situ\u00e9 dans le comt\u00e9 de Meru, au sud de la ville d\u2019Isiolo mais au nord du mont Kenya.  [\/info_list_son][info_list_son style=\u00a0\u00bbicon\u00a0\u00bb size=\u00a0\u00bb20&Prime; width=\u00a0\u00bb25&Prime; height=\u00a0\u00bb25&Prime; titleclr=\u00a0\u00bb#800000&Prime; icon=\u00a0\u00bbfas fa-binoculars\u00a0\u00bb title=\u00a0\u00bbFaune\u00a0\u00bb]La Lewa Wildlife Conservancy est relativement proche des zones historiquement instables du nord du Kenya, o\u00f9 le banditisme, le braconnage et les armes \u00e0 feu ill\u00e9gales \u00e9taient autrefois prolifiques. La menace qui p\u00e8se sur la faune de Lewa et, en particulier, sur ses rhinoc\u00e9ros est toujours pr\u00e9sente, bien qu\u2019avec l\u2019am\u00e9lioration de la s\u00e9curit\u00e9 dans tout le nord du Kenya et des relations de plus en plus bonnes avec ses voisins, la situation s\u2019est am\u00e9lior\u00e9e ces derni\u00e8res ann\u00e9es. La population de rhinoc\u00e9ros n\u00e9cessite une surveillance et une protection constantes en raison de son statut menac\u00e9, de la pression continue et de l\u2019apparition r\u00e9cente de braconnage de rhinoc\u00e9ros ailleurs dans le pays.  <\/p>\n<p>Pour assurer un niveau \u00e9lev\u00e9 de protection de la faune, en particulier de la faune menac\u00e9e, ainsi que des personnes de Lewa Wildlife Conservancy, il est essentiel d\u2019avoir un syst\u00e8me de s\u00e9curit\u00e9 extr\u00eamement efficace. L\u2019op\u00e9ration de s\u00e9curit\u00e9 de Lewa comprend une force de rangers bien entra\u00een\u00e9s et tr\u00e8s motiv\u00e9s, arm\u00e9s et non arm\u00e9s ; une \u00e9quipe de chiens pisteurs&nbsp;; et un r\u00e9seau de communication fiable avec ses voisins, le Kenya Wildlife Service (KWS), les agences gouvernementales locales, les conservatoires communautaires affili\u00e9s au Northern Rangelands Trust et les projets priv\u00e9s de conservation de la faune et de la flore sauvages dans la r\u00e9gion. Une surveillance a\u00e9rienne r\u00e9guli\u00e8re est effectu\u00e9e et la cl\u00f4ture \u00e9lectrique de d\u00e9limitation est entretenue.  <\/p>\n<p>Les communaut\u00e9s voisines et d\u2019autres organisations demandent fr\u00e9quemment l\u2019aide de Lewa pour le soutien et le suivi d\u2019incidents tels que le braconnage, le vol de b\u00e9tail, le vol et le banditisme. Les op\u00e9rations de s\u00e9curit\u00e9 int\u00e9rieure de Lewa ont un bon bilan : seuls deux rhinoc\u00e9ros ont \u00e9t\u00e9 perdus \u00e0 cause du braconnage dans le Conservancy (Ntoiye et Tana, abattus le 26 d\u00e9cembre 2009 ; Tana a surv\u00e9cu jusqu\u2019au 5 mars 2010). Lewa \u00e9tait le seul sanctuaire faunique du Kenya \u00e0 ne pas avoir perdu de rhinoc\u00e9ros \u00e0 cause des braconniers en 2014. Les \u00e9quipes anti-braconnage de Lewa ont \u00e9t\u00e9 d\u00e9ploy\u00e9es dans d\u2019autres sanctuaires de rhinoc\u00e9ros \u00e0 la suite de graves niveaux de braconnage de rhinoc\u00e9ros et ont effectivement r\u00e9duit le braconnage des rhinoc\u00e9ros en cons\u00e9quence. En 2015, Edward Ndiritu, employ\u00e9 \u00e0 Lewa en tant que chef de l\u2019unit\u00e9 anti-braconnage et du Northern Rangeland Trust, a re\u00e7u le Tusk Wildlife Ranger Award des mains du prince William.    [\/info_list_son][info_list_son style=\u00a0\u00bbicon\u00a0\u00bb size=\u00a0\u00bb20&Prime; width=\u00a0\u00bb25&Prime; height=\u00a0\u00bb25&Prime; titleclr=\u00a0\u00bb#800000&Prime; icon=\u00a0\u00bbfas fa-paw\u00a0\u00bb title=\u00a0\u00bbActivit\u00e9s\u00a0\u00bb]\n<ul>\n<li>Safaris.<\/li>\n<li>Appr\u00e9ciation de la faune locale.<\/li>\n<\/ul>\n[\/info_list_son][\/info_list_father][\/vc_tta_section][vc_tta_section title=\u00a0\u00bbComment s\u2019y rendre\u00a0\u00bb tab_id=\u00a0\u00bb1633455601016-f93699bc-5d92&Prime;][vc_gmaps link=\u00a0\u00bb#E-8_JTNDaWZyYW1lJTIwc3JjJTNEJTIyaHR0cHMlM0ElMkYlMkZtYXBzLmdvb2dsZS5jb20lMkZtYXBzJTNGcSUzRGxld2ElMjUyMHdpbGRsaWZlJTI1MjBjb25zZXJ2YW5jeSUyNmFtcCUzQnQlM0RrJTI2YW1wJTNCeiUzRDExJTI2YW1wJTNCaWUlM0RVVEY4JTI2YW1wJTNCaXdsb2MlM0QlMjZhbXAlM0JvdXRwdXQlM0RlbWJlZCUyMiUyMHdpZHRoJTNEJTIyNjAwJTIyJTIwaGVpZ2h0JTNEJTIyNDUwJTIyJTIwZnJhbWVib3JkZXIlM0QlMjIwJTIyJTIwc3R5bGUlM0QlMjJib3JkZXIlM0EwJTIyJTIwYWxsb3dmdWxsc2NyZWVuJTNEJTIyJTIyJTNFJTNDJTJGaWZyYW1lJTNF\u00a0\u00bb][\/vc_tta_section][vc_tta_section title=\u00a0\u00bbH\u00e9bergement\u00a0\u00bb tab_id=\u00a0\u00bb1741959512032-f2f77f6e-e72d\u00a0\u00bb][vc_row_inner][vc_column_inner width=\u00a0\u00bb1\/2&Prime; offset=\u00a0\u00bbvc_hidden-md vc_hidden-sm vc_hidden-xs\u00a0\u00bb][vc_images_carousel onclick=\u00a0\u00bblink_no\u00a0\u00bb][\/vc_column_inner][vc_column_inner width=\u00a0\u00bb1\/2&Prime;][vc_headings style=\u00a0\u00bbtheme3&Prime; linewidth=\u00a0\u00bb100&Prime; borderclr=\u00a0\u00bb#890000&Prime; title=\u00a0\u00bbAccdt\u00a0\u00bb google_fonts=\u00a0\u00bbfont_family:Roboto%3A100%2C100italic%2C300%2C300italic%2Cregular%2Citalic%2C500%2C500italic%2C700%2C700italic%2C900%2C900italic\u00a0\u00bb titleclr=\u00a0\u00bb#000000&Prime; caption_url=\u00a0\u00bb\u00a0\u00bb caption_urls=\u00a0\u00bb\u00a0\u00bb caption_urlss=\u00a0\u00bb\u00a0\u00bb caption_urldesc=\u00a0\u00bb\u00a0\u00bb]write your detail or leave blank<\/p>\n[\/vc_headings][vc_column_text]&#8230;.[\/vc_column_text][vc_btn title=\u00a0\u00bbVue\u00a0\u00bb style=\u00a0\u00bboutline-custom\u00a0\u00bb outline_custom_color=\u00a0\u00bb#890000&Prime; outline_custom_hover_background=\u00a0\u00bb#890000&Prime; outline_custom_hover_text=\u00a0\u00bb#ffffff\u00a0\u00bb shape=\u00a0\u00bbround\u00a0\u00bb i_align=\u00a0\u00bbright\u00a0\u00bb i_icon_fontawesome=\u00a0\u00bbfas fa-arrow-circle-right\u00a0\u00bb add_icon=\u00a0\u00bbtrue\u00a0\u00bb][\/vc_column_inner][\/vc_row_inner][vc_row_inner][vc_column_inner width=\u00a0\u00bb1\/2&Prime; offset=\u00a0\u00bbvc_hidden-md vc_hidden-sm vc_hidden-xs\u00a0\u00bb][vc_images_carousel onclick=\u00a0\u00bblink_no\u00a0\u00bb][\/vc_column_inner][vc_column_inner width=\u00a0\u00bb1\/2&Prime;][vc_headings style=\u00a0\u00bbtheme3&Prime; linewidth=\u00a0\u00bb100&Prime; borderclr=\u00a0\u00bb#890000&Prime; title=\u00a0\u00bbAccdt\u00a0\u00bb google_fonts=\u00a0\u00bbfont_family:Roboto%3A100%2C100italic%2C300%2C300italic%2Cregular%2Citalic%2C500%2C500italic%2C700%2C700italic%2C900%2C900italic\u00a0\u00bb titleclr=\u00a0\u00bb#000000&Prime; caption_url=\u00a0\u00bb\u00a0\u00bb caption_urls=\u00a0\u00bb\u00a0\u00bb caption_urlss=\u00a0\u00bb\u00a0\u00bb caption_urldesc=\u00a0\u00bb\u00a0\u00bb]write your detail or leave blank<\/p>\n[\/vc_headings][vc_column_text]&#8230;.[\/vc_column_text][vc_btn title=\u00a0\u00bbVue\u00a0\u00bb style=\u00a0\u00bboutline-custom\u00a0\u00bb outline_custom_color=\u00a0\u00bb#890000&Prime; outline_custom_hover_background=\u00a0\u00bb#890000&Prime; outline_custom_hover_text=\u00a0\u00bb#ffffff\u00a0\u00bb shape=\u00a0\u00bbround\u00a0\u00bb i_align=\u00a0\u00bbright\u00a0\u00bb i_icon_fontawesome=\u00a0\u00bbfas fa-arrow-circle-right\u00a0\u00bb add_icon=\u00a0\u00bbtrue\u00a0\u00bb][\/vc_column_inner][\/vc_row_inner][vc_row_inner][vc_column_inner width=\u00a0\u00bb1\/2&Prime; offset=\u00a0\u00bbvc_hidden-md vc_hidden-sm vc_hidden-xs\u00a0\u00bb][vc_images_carousel onclick=\u00a0\u00bblink_no\u00a0\u00bb][\/vc_column_inner][vc_column_inner width=\u00a0\u00bb1\/2&Prime;][vc_headings style=\u00a0\u00bbtheme3&Prime; linewidth=\u00a0\u00bb100&Prime; borderclr=\u00a0\u00bb#890000&Prime; title=\u00a0\u00bbAccdt\u00a0\u00bb google_fonts=\u00a0\u00bbfont_family:Roboto%3A100%2C100italic%2C300%2C300italic%2Cregular%2Citalic%2C500%2C500italic%2C700%2C700italic%2C900%2C900italic\u00a0\u00bb titleclr=\u00a0\u00bb#000000&Prime; caption_url=\u00a0\u00bb\u00a0\u00bb caption_urls=\u00a0\u00bb\u00a0\u00bb caption_urlss=\u00a0\u00bb\u00a0\u00bb caption_urldesc=\u00a0\u00bb\u00a0\u00bb]write your detail or leave blank<\/p>\n[\/vc_headings][vc_column_text]&#8230;.[\/vc_column_text][vc_btn title=\u00a0\u00bbVue\u00a0\u00bb style=\u00a0\u00bboutline-custom\u00a0\u00bb outline_custom_color=\u00a0\u00bb#890000&Prime; outline_custom_hover_background=\u00a0\u00bb#890000&Prime; outline_custom_hover_text=\u00a0\u00bb#ffffff\u00a0\u00bb shape=\u00a0\u00bbround\u00a0\u00bb i_align=\u00a0\u00bbright\u00a0\u00bb i_icon_fontawesome=\u00a0\u00bbfas fa-arrow-circle-right\u00a0\u00bb add_icon=\u00a0\u00bbtrue\u00a0\u00bb][\/vc_column_inner][\/vc_row_inner][vc_row_inner][vc_column_inner width=\u00a0\u00bb1\/2&Prime; offset=\u00a0\u00bbvc_hidden-md vc_hidden-sm vc_hidden-xs\u00a0\u00bb][vc_images_carousel onclick=\u00a0\u00bblink_no\u00a0\u00bb][\/vc_column_inner][vc_column_inner width=\u00a0\u00bb1\/2&Prime;][vc_headings style=\u00a0\u00bbtheme3&Prime; linewidth=\u00a0\u00bb100&Prime; borderclr=\u00a0\u00bb#890000&Prime; title=\u00a0\u00bbAccdt\u00a0\u00bb google_fonts=\u00a0\u00bbfont_family:Roboto%3A100%2C100italic%2C300%2C300italic%2Cregular%2Citalic%2C500%2C500italic%2C700%2C700italic%2C900%2C900italic\u00a0\u00bb titleclr=\u00a0\u00bb#000000&Prime; caption_url=\u00a0\u00bb\u00a0\u00bb caption_urls=\u00a0\u00bb\u00a0\u00bb caption_urlss=\u00a0\u00bb\u00a0\u00bb caption_urldesc=\u00a0\u00bb\u00a0\u00bb]write your detail or leave blank<\/p>\n[\/vc_headings][vc_column_text]&#8230;.[\/vc_column_text][vc_btn title=\u00a0\u00bbVue\u00a0\u00bb style=\u00a0\u00bboutline-custom\u00a0\u00bb outline_custom_color=\u00a0\u00bb#890000&Prime; outline_custom_hover_background=\u00a0\u00bb#890000&Prime; outline_custom_hover_text=\u00a0\u00bb#ffffff\u00a0\u00bb shape=\u00a0\u00bbround\u00a0\u00bb i_align=\u00a0\u00bbright\u00a0\u00bb i_icon_fontawesome=\u00a0\u00bbfas fa-arrow-circle-right\u00a0\u00bb add_icon=\u00a0\u00bbtrue\u00a0\u00bb][\/vc_column_inner][\/vc_row_inner][vc_row_inner][vc_column_inner width=\u00a0\u00bb1\/2&Prime; offset=\u00a0\u00bbvc_hidden-md vc_hidden-sm vc_hidden-xs\u00a0\u00bb][vc_images_carousel onclick=\u00a0\u00bblink_no\u00a0\u00bb][\/vc_column_inner][vc_column_inner width=\u00a0\u00bb1\/2&Prime;][vc_headings style=\u00a0\u00bbtheme3&Prime; linewidth=\u00a0\u00bb100&Prime; borderclr=\u00a0\u00bb#890000&Prime; title=\u00a0\u00bbAccdt\u00a0\u00bb google_fonts=\u00a0\u00bbfont_family:Roboto%3A100%2C100italic%2C300%2C300italic%2Cregular%2Citalic%2C500%2C500italic%2C700%2C700italic%2C900%2C900italic\u00a0\u00bb titleclr=\u00a0\u00bb#000000&Prime; caption_url=\u00a0\u00bb\u00a0\u00bb caption_urls=\u00a0\u00bb\u00a0\u00bb caption_urlss=\u00a0\u00bb\u00a0\u00bb caption_urldesc=\u00a0\u00bb\u00a0\u00bb]write your detail or leave blank<\/p>\n[\/vc_headings][vc_column_text]&#8230;.[\/vc_column_text][vc_btn title=\u00a0\u00bbVue\u00a0\u00bb style=\u00a0\u00bboutline-custom\u00a0\u00bb outline_custom_color=\u00a0\u00bb#890000&Prime; outline_custom_hover_background=\u00a0\u00bb#890000&Prime; outline_custom_hover_text=\u00a0\u00bb#ffffff\u00a0\u00bb shape=\u00a0\u00bbround\u00a0\u00bb i_align=\u00a0\u00bbright\u00a0\u00bb i_icon_fontawesome=\u00a0\u00bbfas fa-arrow-circle-right\u00a0\u00bb add_icon=\u00a0\u00bbtrue\u00a0\u00bb][\/vc_column_inner][\/vc_row_inner][\/vc_tta_section][\/vc_tta_tabs][\/vc_column][\/vc_row]\n","protected":false},"excerpt":{"rendered":"<p>[vc_row full_width=\u00a0\u00bbstretch_row\u00a0\u00bb][vc_column css=\u00a0\u00bb.vc_custom_1679044975095{border-bottom-width: 10px !important;}\u00a0\u00bb][ucaddon_classic_banner title=\u00a0\u00bb\u00a0\u00bb link_text=\u00a0\u00bbLewa Wildlife Conservancy, Kenya\u00a0\u00bb image=\u00a0\u00bb7027&Prime; link=\u00a0\u00bb\u00a0\u00bb uc_fonts_data=\u00a0\u00bbJTdCJTdE\u00a0\u00bb][\/ucaddon_classic_banner][\/vc_column][\/vc_row][vc_row][vc_column css=\u00a0\u00bb.vc_custom_1679044984150{border-top-width: 10px !important;}\u00a0\u00bb][vc_tta_tabs shape=\u00a0\u00bbsquare\u00a0\u00bb color=\u00a0\u00bbjuicy-pink\u00a0\u00bb alignment=\u00a0\u00bbcenter\u00a0\u00bb active_section=\u00a0\u00bb1&Prime; no_fill_content_area=\u00a0\u00bbtrue\u00a0\u00bb][vc_tta_section title=\u00a0\u00bbEnviron\u00a0\u00bb tab_id=\u00a0\u00bb1636302233132-39a30584-a642&Prime;][info_list_father listclr=\u00a0\u00bb#f8f8f8&Prime;][info_list_son style=\u00a0\u00bbicon\u00a0\u00bb size=\u00a0\u00bb20&Prime; width=\u00a0\u00bb25&Prime; height=\u00a0\u00bb25&Prime; titleclr=\u00a0\u00bb#800000&Prime; icon=\u00a0\u00bbfas fa-question-circle\u00a0\u00bb title=\u00a0\u00bbConservation de la faune sauvage de Lewa\u00a0\u00bb]Situ\u00e9 dans le nord du Kenya, il s\u2019agit d\u2019un sanctuaire faunique incorporant la for\u00eat de Ngare Ndare et [&hellip;]<\/p>\n","protected":false},"author":4,"featured_media":0,"parent":27931,"menu_order":22,"comment_status":"closed","ping_status":"closed","template":"","meta":{"_themeisle_gutenberg_block_has_review":false,"footnotes":""},"class_list":["post-33392","page","type-page","status-publish","hentry"],"_links":{"self":[{"href":"https:\/\/mufasatoursandtravels.com\/fr\/wp-json\/wp\/v2\/pages\/33392","targetHints":{"allow":["GET"]}}],"collection":[{"href":"https:\/\/mufasatoursandtravels.com\/fr\/wp-json\/wp\/v2\/pages"}],"about":[{"href":"https:\/\/mufasatoursandtravels.com\/fr\/wp-json\/wp\/v2\/types\/page"}],"author":[{"embeddable":true,"href":"https:\/\/mufasatoursandtravels.com\/fr\/wp-json\/wp\/v2\/users\/4"}],"replies":[{"embeddable":true,"href":"https:\/\/mufasatoursandtravels.com\/fr\/wp-json\/wp\/v2\/comments?post=33392"}],"version-history":[{"count":10,"href":"https:\/\/mufasatoursandtravels.com\/fr\/wp-json\/wp\/v2\/pages\/33392\/revisions"}],"predecessor-version":[{"id":33429,"href":"https:\/\/mufasatoursandtravels.com\/fr\/wp-json\/wp\/v2\/pages\/33392\/revisions\/33429"}],"up":[{"embeddable":true,"href":"https:\/\/mufasatoursandtravels.com\/fr\/wp-json\/wp\/v2\/pages\/27931"}],"wp:attachment":[{"href":"https:\/\/mufasatoursandtravels.com\/fr\/wp-json\/wp\/v2\/media?parent=33392"}],"curies":[{"name":"wp","href":"https:\/\/api.w.org\/{rel}","templated":true}]}}