{"id":33655,"date":"2022-01-08T09:34:19","date_gmt":"2022-01-08T06:34:19","guid":{"rendered":"https:\/\/mufasatoursandtravels.com\/safari-au-kenya-par-la-route\/safaris-de-sejour-moyen\/forfait-safari-prive-kifaru-classique\/"},"modified":"2025-04-10T16:47:25","modified_gmt":"2025-04-10T13:47:25","slug":"forfait-safari-prive-kifaru-classique","status":"publish","type":"page","link":"https:\/\/mufasatoursandtravels.com\/fr\/safari-au-kenya-par-la-route\/safaris-de-sejour-moyen\/forfait-safari-prive-kifaru-classique\/","title":{"rendered":"Forfait safari priv\u00e9 Kifaru classique"},"content":{"rendered":"[vc_row full_width=\u00a0\u00bbstretch_row\u00a0\u00bb gap=\u00a0\u00bb1&Prime;][vc_column parallax=\u00a0\u00bbcontent-moving\u00a0\u00bb parallax_image=\u00a0\u00bb8591&Prime; parallax_speed_bg=\u00a0\u00bb1.7&Prime; css=\u00a0\u00bb.vc_custom_1687516975658{padding-top: 80px !important;padding-right: 80px !important;padding-bottom: 80px !important;padding-left: 80px !important;}\u00a0\u00bb][vc_custom_heading text=\u00a0\u00bbSAFARI DANS LE GRAND CIEL DU SUD\u00a0\u00bb font_container=\u00a0\u00bbtag:h1|font_size:32|text_align:center|color:%23ffffff\u00a0\u00bb google_fonts=\u00a0\u00bbfont_family:Roboto%3A100%2C100italic%2C300%2C300italic%2Cregular%2Citalic%2C500%2C500italic%2C700%2C700italic%2C900%2C900italic|font_style:400%20regular%3A400%3Anormal\u00a0\u00bb][vc_separator color=\u00a0\u00bbcustom\u00a0\u00bb border_width=\u00a0\u00bb2&Prime; el_width=\u00a0\u00bb50&Prime; accent_color=\u00a0\u00bb#f8f8f8&Prime;][vc_custom_heading text=\u00a0\u00bbAmboseli \u21fe L.Naivasha \u21fe L.Nakuru \u21fe Masai Mara\u00a0\u00bb font_container=\u00a0\u00bbtag:h2|font_size:18|text_align:center|color:%23ffffff\u00a0\u00bb google_fonts=\u00a0\u00bbfont_family:Roboto%3A100%2C100italic%2C300%2C300italic%2Cregular%2Citalic%2C500%2C500italic%2C700%2C700italic%2C900%2C900italic|font_style:400%20regular%3A400%3Anormal\u00a0\u00bb][\/vc_column][\/vc_row][vc_row][vc_column css=\u00a0\u00bb.vc_custom_1674114296203{border-top-width: 10px !important;border-right-width: 10px !important;border-bottom-width: 10px !important;border-left-width: 10px !important;}\u00a0\u00bb][vc_tta_tabs shape=\u00a0\u00bbsquare\u00a0\u00bb color=\u00a0\u00bbjuicy-pink\u00a0\u00bb alignment=\u00a0\u00bbcenter\u00a0\u00bb active_section=\u00a0\u00bb1&Prime; no_fill_content_area=\u00a0\u00bbtrue\u00a0\u00bb][vc_tta_section title=\u00a0\u00bbProgramme\u00a0\u00bb tab_id=\u00a0\u00bb1633454673222-3d94f956-010c\u00a0\u00bb][info_list_father listclr=\u00a0\u00bb#f8f8f8&Prime;][info_list_son style=\u00a0\u00bbicon\u00a0\u00bb size=\u00a0\u00bb20&Prime; width=\u00a0\u00bb10&Prime; height=\u00a0\u00bb10&Prime; titleclr=\u00a0\u00bb#811a18&Prime; title=\u00a0\u00bbDAY 1: NAIROBI TO AMBOSELI NATIONAL PARK\u00a0\u00bb icon=\u00a0\u00bbfas fa-calendar-check\u00a0\u00bb iconclr=\u00a0\u00bb#811a18&Prime; lineheight=\u00a0\u00bb2&Prime;]\n<ul>\n<li>Depart from Nairobi at 7.30 am to<a href=\"http:\/\/www.kws.go.ke\/amboseli-national-park\" rel=\"nofollow noopener\" target=\"_blank\"> Amboseli National park <\/a>(approximately 5-6 hours drive).<\/li>\n<li>Pass through indigenous African landscapes and be met by the view of snow capped Mt.Kilimanjaro (Africa\u2019s highest mountain). Arrive in time for a\u00a0 refreshing lunch at the lodge. Proceed to an afternoon game drive from 3.30 pm till sunset. Immerse in the wows of Amboseli National Park (Kenya\u2019s most popular park). Enjoy surreal views of large-tusked elephant herds.<\/li>\n<li>Return for dinner and overnight.<\/li>\n<\/ul>\n[\/info_list_son][info_list_son style=\u00a0\u00bbicon\u00a0\u00bb size=\u00a0\u00bb20&Prime; width=\u00a0\u00bb10&Prime; height=\u00a0\u00bb10&Prime; titleclr=\u00a0\u00bb#811a18&Prime; icon=\u00a0\u00bbfas fa-calendar-check\u00a0\u00bb iconclr=\u00a0\u00bb#811a18&Prime; title=\u00a0\u00bbDAY 2: AMBOSELI GAME DRIVES\u00a0\u00bb lineheight=\u00a0\u00bb2&Prime;]\n<ul>\n<li>Brighten up your day with an early breakfast at the camp\/lodge.<\/li>\n<li>Proceed to an adventurous full-day game drive to view a variety of wildlife (including lions, leopards, cheetahs, hyenas, buffaloes, giraffes and diverse birdlife). Stop over for a picnic lunch at a designated spot in the park. Take photos from our open-roofed tour vehicle.<\/li>\n<li>Return for dinner and overnight.<\/li>\n<\/ul>\n[\/info_list_son][info_list_son style=\u00a0\u00bbicon\u00a0\u00bb size=\u00a0\u00bb20&Prime; width=\u00a0\u00bb10&Prime; height=\u00a0\u00bb10&Prime; titleclr=\u00a0\u00bb#811a18&Prime; icon=\u00a0\u00bbfas fa-calendar-check\u00a0\u00bb iconclr=\u00a0\u00bb#811a18&Prime; title=\u00a0\u00bbDAY 3: AMBOSELI TO LAKE NAIVASHA\u00a0\u00bb lineheight=\u00a0\u00bb2&Prime;]\n<ul>\n<li>Delight in an early breakfast at the camp\/lodge and check out.<\/li>\n<li>Proceed to Lake Naivasha through the entrancing Great Rift Valley (approximately 5 hrs from Amboseli). Stop at the Viewpoint to take photos and capture memories.<\/li>\n<li>Arrive for a luscious hot lunch at the lodge. Head out for a boat ride along the still and serene shores of Lake Naivasha. Stroll on a walking safari in the Crescent Island (enjoy approximately 2-3 hrs of activities while here).<\/li>\n<li>Return for dinner and overnight.<\/li>\n<\/ul>\n[\/info_list_son][info_list_son style=\u00a0\u00bbicon\u00a0\u00bb size=\u00a0\u00bb20&Prime; width=\u00a0\u00bb10&Prime; height=\u00a0\u00bb10&Prime; titleclr=\u00a0\u00bb#811a18&Prime; icon=\u00a0\u00bbfas fa-calendar-check\u00a0\u00bb iconclr=\u00a0\u00bb#811a18&Prime; title=\u00a0\u00bbDAY 4: LAKE NAIVASHA TO LAKE NAKURU\u00a0\u00bb lineheight=\u00a0\u00bb2&Prime;]\n<ul>\n<li>Have an early breakfast and check out.<\/li>\n<li>Drive to Lake Nakuru (approximately 2 hrs drive from Lake Naivasha).<\/li>\n<li>Arrive in time for lunch. Proceed to an afternoon game drive till sunset. Get a wondrously close look of acclaimed species (such Black Rhinos, Lions and Rothschild Giraffes).<\/li>\n<li>Return to camp\/lodge for dinner and overnight.<\/li>\n<\/ul>\n[\/info_list_son][info_list_son style=\u00a0\u00bbicon\u00a0\u00bb size=\u00a0\u00bb20&Prime; width=\u00a0\u00bb10&Prime; height=\u00a0\u00bb10&Prime; titleclr=\u00a0\u00bb#811a18&Prime; icon=\u00a0\u00bbfas fa-calendar-check\u00a0\u00bb iconclr=\u00a0\u00bb#811a18&Prime; title=\u00a0\u00bbDAY 5: LAKE NAKURU NATIONAL PARK TO MASAI MARA\u00a0\u00bb lineheight=\u00a0\u00bb2&Prime;]\n<ul>\n<li>Enjoy an early breakfast at the camp\/lodge and check out.<\/li>\n<li>Proceed to Maasai Mara National Reserve (approximately 5-6 hrs drive from Lake Nakuru). Arrive at the lodge for an enlivening lunch and check in. Head out for an afternoon game drive in the phenomenally vast grass plain that is host to diverse wildlife.<\/li>\n<li>Return for dinner and overnight.<\/li>\n<\/ul>\n[\/info_list_son][info_list_son style=\u00a0\u00bbicon\u00a0\u00bb size=\u00a0\u00bb20&Prime; width=\u00a0\u00bb10&Prime; height=\u00a0\u00bb10&Prime; titleclr=\u00a0\u00bb#811a18&Prime; icon=\u00a0\u00bbfas fa-calendar-check\u00a0\u00bb iconclr=\u00a0\u00bb#811a18&Prime; title=\u00a0\u00bbDAY 6: MASAI MARA GAME DRIVES\u00a0\u00bb lineheight=\u00a0\u00bb2&Prime; iconbg=\u00a0\u00bb#f8f8f8&Prime;]\n<ul>\n<li>Arise to an early breakfast and proceed to a full day game drive with picnic lunch in the Maasai Mara.<\/li>\n<li>Intrigue in the reserve&rsquo;s wonders such as The 8th Wonder of the World (The Great Wildebeest migration witnessed every year from July-August). Spot the Big Five in the safety of our open-roofed tour vehicles. For the avid photographer, get a chance to click away at the distinct flora and fauna.<\/li>\n<li>Return to the camp\/lodge for dinner and overnight..<\/li>\n<\/ul>\n[\/info_list_son][info_list_son style=\u00a0\u00bbicon\u00a0\u00bb size=\u00a0\u00bb20&Prime; width=\u00a0\u00bb10&Prime; height=\u00a0\u00bb10&Prime; titleclr=\u00a0\u00bb#811a18&Prime; icon=\u00a0\u00bbfas fa-calendar-check\u00a0\u00bb iconclr=\u00a0\u00bb#811a18&Prime; title=\u00a0\u00bbDAY 7: MASAI MARA TO NAIROBI\u00a0\u00bb lineheight=\u00a0\u00bb2&Prime; iconbg=\u00a0\u00bb#f8f8f8&Prime; borderclr=\u00a0\u00bb#f8f8f8&Prime;]\n<ul>\n<li>Have an early breakfast as you checkout of the hotel\/lodge\/camp.<\/li>\n<li>View wildlife with the sunrise as your photographic backdrop. Return to Nairobi (Available alternative option to visit the Maasai Cultural Village at $20 per person).<\/li>\n<li>Return to Nairobi with a stop over for lunch (arriving late in the evening).<\/li>\n<\/ul>\n[\/info_list_son][\/info_list_father][vc_btn title=\u00a0\u00bbObtenir un devis\u00a0\u00bb style=\u00a0\u00bboutline-custom\u00a0\u00bb outline_custom_color=\u00a0\u00bb#890000&Prime; outline_custom_hover_background=\u00a0\u00bb#890000&Prime; outline_custom_hover_text=\u00a0\u00bb#ffffff\u00a0\u00bb shape=\u00a0\u00bbsquare\u00a0\u00bb size=\u00a0\u00bbsm\u00a0\u00bb align=\u00a0\u00bbcenter\u00a0\u00bb i_align=\u00a0\u00bbright\u00a0\u00bb i_icon_fontawesome=\u00a0\u00bbfas fa-angle-right\u00a0\u00bb add_icon=\u00a0\u00bbtrue\u00a0\u00bb link=\u00a0\u00bburl:https%3A%2F%2Fmufasatoursandtravels.com%2Ffr%2Fdemander-un-devis%2F|title:Demander%20un%20devis|\u00a0\u00bb][\/vc_tta_section][vc_tta_section title=\u00a0\u00bbInclusif\/Exclusif\u00a0\u00bb tab_id=\u00a0\u00bb1633455601016-f93699bc-5d92&Prime;][vc_row_inner][vc_column_inner width=\u00a0\u00bb1\/2&Prime;][info_list_father listclr=\u00a0\u00bb#f8f8f8&Prime;][info_list_son style=\u00a0\u00bbicon\u00a0\u00bb size=\u00a0\u00bb20&Prime; width=\u00a0\u00bb10&Prime; height=\u00a0\u00bb10&Prime; titleclr=\u00a0\u00bb#890000&Prime; icon=\u00a0\u00bbfas fa-user-check\u00a0\u00bb iconclr=\u00a0\u00bb#890000&Prime; title=\u00a0\u00bbINCLUS\u00a0\u00bb lineheight=\u00a0\u00bb2&Prime; borderclr=\u00a0\u00bb#f8f8f8&Prime; iconbg=\u00a0\u00bb#f8f8f8&Prime;]\n<ul>\n<li>Frais de parc au parc indiqu\u00e9.<\/li>\n<li>Transport dans un fourgon \u00e0 toit ouvert.<\/li>\n<li>Service d\u2019un chauffeur guide professionnel.<\/li>\n<li>Repas en pension compl\u00e8te au lodge \/ camp.<\/li>\n<li>6 nuits d\u2019h\u00e9bergement \u00e0 l\u2019h\u00f4tel respectif indiqu\u00e9.<\/li>\n<li>Eau \u00e0 volont\u00e9 dans le v\u00e9hicule.<\/li>\n<\/ul>\n[\/info_list_son][\/info_list_father][\/vc_column_inner][vc_column_inner width=\u00a0\u00bb1\/2&Prime;][info_list_father listclr=\u00a0\u00bb#f8f8f8&Prime;][info_list_son style=\u00a0\u00bbicon\u00a0\u00bb size=\u00a0\u00bb20&Prime; width=\u00a0\u00bb10&Prime; height=\u00a0\u00bb10&Prime; titleclr=\u00a0\u00bb#890000&Prime; icon=\u00a0\u00bbfas fa-user-minus\u00a0\u00bb iconclr=\u00a0\u00bb#890000&Prime; title=\u00a0\u00bbEXCLU\u00a0\u00bb lineheight=\u00a0\u00bb2&Prime; borderclr=\u00a0\u00bb#f8f8f8&Prime; iconbg=\u00a0\u00bb#f8f8f8&Prime;]\n<ul>\n<li>Visite culturelle du village Masa\u00ef @ 20 $ par personne.<\/li>\n<li>Pourboires au chauffeur-guide (<strong>fortement recommand\u00e9<\/strong>).<\/li>\n<li>Objets personnels (Souvenirs, assurance voyage, frais de visa, etc.).<\/li>\n<li>H\u00e9bergement suppl\u00e9mentaire avant et \u00e0 la fin de la visite.<\/li>\n<li>Le gouvernement a impos\u00e9 une augmentation des taxes et\/ou des frais de parc.<\/li>\n<li>Vols en montgolfi\u00e8re @ 505 $ par adulte \/ 380 $ par enfant (<strong>moins de 18 ans<\/strong>).<\/li>\n<\/ul>\n[\/info_list_son][\/info_list_father][\/vc_column_inner][\/vc_row_inner][\/vc_tta_section][vc_tta_section title=\u00a0\u00bbListe de contr\u00f4le de voyage\u00a0\u00bb tab_id=\u00a0\u00bb1633892890537-5637ec0b-4c69&Prime;][vc_row_inner][vc_column_inner width=\u00a0\u00bb1\/2&Prime;][vc_custom_heading text=\u00a0\u00bbAvant de voyager\u00a0\u00bb font_container=\u00a0\u00bbtag:h2|text_align:left|color:%23890000&Prime; google_fonts=\u00a0\u00bbfont_family:Open%20Sans%3A300%2C300italic%2Cregular%2Citalic%2C600%2C600italic%2C700%2C700italic%2C800%2C800italic\u00a0\u00bb][vc_separator color=\u00a0\u00bbcustom\u00a0\u00bb align=\u00a0\u00bbalign_left\u00a0\u00bb border_width=\u00a0\u00bb2&Prime; el_width=\u00a0\u00bb20&Prime; accent_color=\u00a0\u00bb#890000&Prime;][vc_column_text]Avant de partir en voyage, assurez-vous de consulter nos conseils de voyage complets pour une exp\u00e9rience sans faille.[\/vc_column_text][vc_btn title=\u00a0\u00bbPour en savoir plus\u00a0\u00bb style=\u00a0\u00bboutline-custom\u00a0\u00bb outline_custom_color=\u00a0\u00bb#890000&Prime; outline_custom_hover_background=\u00a0\u00bb#890000&Prime; outline_custom_hover_text=\u00a0\u00bb#ffffff\u00a0\u00bb shape=\u00a0\u00bbsquare\u00a0\u00bb size=\u00a0\u00bbsm\u00a0\u00bb i_align=\u00a0\u00bbright\u00a0\u00bb i_icon_fontawesome=\u00a0\u00bbfas fa-angle-double-right\u00a0\u00bb add_icon=\u00a0\u00bbtrue\u00a0\u00bb link=\u00a0\u00bburl:%20%0Ahttps%3A%2F%2Fmufasatoursandtravels.com%2Fpreparing-to-travel%2F|title:Se%20pr%C3%A9parer%20%C3%A0%20voyager|\u00a0\u00bb][\/vc_column_inner][vc_column_inner width=\u00a0\u00bb1\/2&Prime;][vc_custom_heading text=\u00a0\u00bbSur r\u00e9servation\u00a0\u00bb font_container=\u00a0\u00bbtag:h2|text_align:left|color:%23890000&Prime; google_fonts=\u00a0\u00bbfont_family:Open%20Sans%3A300%2C300italic%2Cregular%2Citalic%2C600%2C600italic%2C700%2C700italic%2C800%2C800italic\u00a0\u00bb][vc_separator color=\u00a0\u00bbcustom\u00a0\u00bb align=\u00a0\u00bbalign_left\u00a0\u00bb border_width=\u00a0\u00bb2&Prime; el_width=\u00a0\u00bb20&Prime; accent_color=\u00a0\u00bb#890000&Prime;][vc_column_text]Am\u00e9liorez la planification de votre voyage en t\u00e9l\u00e9chargeant des informations pr\u00e9cieuses sur la destination, telles que les exigences en mati\u00e8re de passeport et de visa, les vaccinations recommand\u00e9es, les restrictions de bagages, la liste de colisage et les directives de pourboire.[\/vc_column_text][vc_btn title=\u00a0\u00bbPour en savoir plus\u00a0\u00bb style=\u00a0\u00bboutline-custom\u00a0\u00bb outline_custom_color=\u00a0\u00bb#890000&Prime; outline_custom_hover_background=\u00a0\u00bb#890000&Prime; outline_custom_hover_text=\u00a0\u00bb#ffffff\u00a0\u00bb shape=\u00a0\u00bbsquare\u00a0\u00bb size=\u00a0\u00bbsm\u00a0\u00bb i_align=\u00a0\u00bbright\u00a0\u00bb i_icon_fontawesome=\u00a0\u00bbfas fa-angle-double-right\u00a0\u00bb add_icon=\u00a0\u00bbtrue\u00a0\u00bb link=\u00a0\u00bburl:https%3A%2F%2Fmufasatoursandtravels.com%2Ffr%2Fce-quil-faut-savoir-avant-darriver-en-afrique-de-lest%2F|title:Ce%20qu%E2%80%99il%20faut%20savoir%20avant%20de%20voyager%20en%20Afrique%20de%20l%E2%80%99Est|\u00a0\u00bb][\/vc_column_inner][\/vc_row_inner][vc_row_inner][vc_column_inner width=\u00a0\u00bb1\/2&Prime;][vc_custom_heading text=\u00a0\u00bbPendant la visite\u00a0\u00bb font_container=\u00a0\u00bbtag:h2|text_align:left|color:%23890000&Prime; google_fonts=\u00a0\u00bbfont_family:Open%20Sans%3A300%2C300italic%2Cregular%2Citalic%2C600%2C600italic%2C700%2C700italic%2C800%2C800italic\u00a0\u00bb][vc_separator color=\u00a0\u00bbcustom\u00a0\u00bb align=\u00a0\u00bbalign_left\u00a0\u00bb border_width=\u00a0\u00bb2&Prime; el_width=\u00a0\u00bb20&Prime; accent_color=\u00a0\u00bb#890000&Prime;][vc_column_text]Maximisez le succ\u00e8s de votre voyage en t\u00e9l\u00e9chargeant des informations essentielles sur votre ou vos destinations, y compris les exigences en mati\u00e8re de passeport et de visa, les directives de vaccination, les restrictions sur les bagages, la liste de colisage et les conseils de pourboire.[\/vc_column_text][vc_btn title=\u00a0\u00bbPour en savoir plus\u00a0\u00bb style=\u00a0\u00bboutline-custom\u00a0\u00bb outline_custom_color=\u00a0\u00bb#890000&Prime; outline_custom_hover_background=\u00a0\u00bb#890000&Prime; outline_custom_hover_text=\u00a0\u00bb#ffffff\u00a0\u00bb shape=\u00a0\u00bbsquare\u00a0\u00bb size=\u00a0\u00bbsm\u00a0\u00bb i_align=\u00a0\u00bbright\u00a0\u00bb i_icon_fontawesome=\u00a0\u00bbfas fa-angle-double-right\u00a0\u00bb add_icon=\u00a0\u00bbtrue\u00a0\u00bb link=\u00a0\u00bburl:https%3A%2F%2Fmufasatoursandtravels.com%2Ffr%2Fpasseports-et-visas%2F|title:Passeports%20et%20visas|\u00a0\u00bb][\/vc_column_inner][vc_column_inner width=\u00a0\u00bb1\/2&Prime;][vc_custom_heading text=\u00a0\u00bbApr\u00e8s la visite\u00a0\u00bb font_container=\u00a0\u00bbtag:h2|text_align:left|color:%23890000&Prime; google_fonts=\u00a0\u00bbfont_family:Open%20Sans%3A300%2C300italic%2Cregular%2Citalic%2C600%2C600italic%2C700%2C700italic%2C800%2C800italic\u00a0\u00bb][vc_separator color=\u00a0\u00bbcustom\u00a0\u00bb align=\u00a0\u00bbalign_left\u00a0\u00bb border_width=\u00a0\u00bb2&Prime; el_width=\u00a0\u00bb20&Prime; accent_color=\u00a0\u00bb#890000&Prime;][vc_column_text]Alors que vous vous pr\u00e9lassez dans la lueur de votre aventure, nous sommes l\u00e0 pour vous aider avec des conseils essentiels apr\u00e8s le voyage, afin que votre retour \u00e0 la maison soit aussi fluide et confortable que votre voyage lui-m\u00eame.[\/vc_column_text][\/vc_column_inner][\/vc_row_inner][\/vc_tta_section][\/vc_tta_tabs][\/vc_column][\/vc_row][vc_row][vc_column][vc_column_text]\n<p style=\"text-align: left;\"><strong>D\u00c9MENTI.<\/strong><\/p>\n<ul>\n<li>Cette visite est propos\u00e9e par <a href=\"https:\/\/mufasatoursandtravels.com\/fr\/\">Mufasa Tours and Travels<\/a>.<\/li>\n<li>Tous nos safaris sont priv\u00e9s.<\/li>\n<li>Les enfants \u00e2g\u00e9s de 0 \u00e0 2 ans sont gratuits.<\/li>\n<li>Les enfants \u00e2g\u00e9s de 3 \u00e0 12 ans paient 50&nbsp;% du tarif adulte lorsqu\u2019ils partagent la m\u00eame chambre avec des adultes.<\/li>\n<li>Les enfants \u00e2g\u00e9s de 3 \u00e0 12 ans paient 75 % du tarif adulte lorsqu\u2019ils s\u00e9journent dans leur propre chambre s\u00e9par\u00e9e de celle des adultes.<\/li>\n<li>Les enfants de plus de 12 ans sont reconnus comme des adultes dans les camps et les pavillons.<\/li>\n<li>Nous nous r\u00e9servons le droit de modifier le programme tel qu\u2019annonc\u00e9.<\/li>\n<li>Si un logement est complet, nous vous proposerons des options alternatives comparables.<\/li>\n<li>L\u2019ordre exact, le contenu et les tarifs de cette visite sont soumis \u00e0 disponibilit\u00e9.<\/li>\n<li>Cette visite est soumise aux <a href=\"https:\/\/mufasatoursandtravels.com\/fr\/termes-et-conditions\/\">termes et conditions<\/a> de <a href=\"https:\/\/mufasatoursandtravels.com\/fr\/\">Mufasa Tours and Travels.<\/a><\/li>\n<\/ul>\n[\/vc_column_text][\/vc_column][\/vc_row]\n","protected":false},"excerpt":{"rendered":"<p>[vc_row full_width=\u00a0\u00bbstretch_row\u00a0\u00bb gap=\u00a0\u00bb1&Prime;][vc_column parallax=\u00a0\u00bbcontent-moving\u00a0\u00bb parallax_image=\u00a0\u00bb8591&Prime; parallax_speed_bg=\u00a0\u00bb1.7&Prime; css=\u00a0\u00bb.vc_custom_1687516975658{padding-top: 80px !important;padding-right: 80px !important;padding-bottom: 80px !important;padding-left: 80px !important;}\u00a0\u00bb][vc_custom_heading text=\u00a0\u00bbSAFARI DANS LE GRAND CIEL DU SUD\u00a0\u00bb font_container=\u00a0\u00bbtag:h1|font_size:32|text_align:center|color:%23ffffff\u00a0\u00bb google_fonts=\u00a0\u00bbfont_family:Roboto%3A100%2C100italic%2C300%2C300italic%2Cregular%2Citalic%2C500%2C500italic%2C700%2C700italic%2C900%2C900italic|font_style:400%20regular%3A400%3Anormal\u00a0\u00bb][vc_separator color=\u00a0\u00bbcustom\u00a0\u00bb border_width=\u00a0\u00bb2&Prime; el_width=\u00a0\u00bb50&Prime; accent_color=\u00a0\u00bb#f8f8f8&Prime;][vc_custom_heading text=\u00a0\u00bbAmboseli \u21fe L.Naivasha \u21fe L.Nakuru \u21fe Masai Mara\u00a0\u00bb font_container=\u00a0\u00bbtag:h2|font_size:18|text_align:center|color:%23ffffff\u00a0\u00bb google_fonts=\u00a0\u00bbfont_family:Roboto%3A100%2C100italic%2C300%2C300italic%2Cregular%2Citalic%2C500%2C500italic%2C700%2C700italic%2C900%2C900italic|font_style:400%20regular%3A400%3Anormal\u00a0\u00bb][\/vc_column][\/vc_row][vc_row][vc_column css=\u00a0\u00bb.vc_custom_1674114296203{border-top-width: 10px !important;border-right-width: 10px !important;border-bottom-width: 10px !important;border-left-width: 10px !important;}\u00a0\u00bb][vc_tta_tabs shape=\u00a0\u00bbsquare\u00a0\u00bb color=\u00a0\u00bbjuicy-pink\u00a0\u00bb alignment=\u00a0\u00bbcenter\u00a0\u00bb active_section=\u00a0\u00bb1&Prime; no_fill_content_area=\u00a0\u00bbtrue\u00a0\u00bb][vc_tta_section title=\u00a0\u00bbProgramme\u00a0\u00bb tab_id=\u00a0\u00bb1633454673222-3d94f956-010c\u00a0\u00bb][info_list_father listclr=\u00a0\u00bb#f8f8f8&Prime;][info_list_son [&hellip;]<\/p>\n","protected":false},"author":4,"featured_media":0,"parent":27950,"menu_order":10,"comment_status":"closed","ping_status":"closed","template":"","meta":{"_themeisle_gutenberg_block_has_review":false,"footnotes":""},"class_list":["post-33655","page","type-page","status-publish","hentry"],"_links":{"self":[{"href":"https:\/\/mufasatoursandtravels.com\/fr\/wp-json\/wp\/v2\/pages\/33655","targetHints":{"allow":["GET"]}}],"collection":[{"href":"https:\/\/mufasatoursandtravels.com\/fr\/wp-json\/wp\/v2\/pages"}],"about":[{"href":"https:\/\/mufasatoursandtravels.com\/fr\/wp-json\/wp\/v2\/types\/page"}],"author":[{"embeddable":true,"href":"https:\/\/mufasatoursandtravels.com\/fr\/wp-json\/wp\/v2\/users\/4"}],"replies":[{"embeddable":true,"href":"https:\/\/mufasatoursandtravels.com\/fr\/wp-json\/wp\/v2\/comments?post=33655"}],"version-history":[{"count":1,"href":"https:\/\/mufasatoursandtravels.com\/fr\/wp-json\/wp\/v2\/pages\/33655\/revisions"}],"predecessor-version":[{"id":33658,"href":"https:\/\/mufasatoursandtravels.com\/fr\/wp-json\/wp\/v2\/pages\/33655\/revisions\/33658"}],"up":[{"embeddable":true,"href":"https:\/\/mufasatoursandtravels.com\/fr\/wp-json\/wp\/v2\/pages\/27950"}],"wp:attachment":[{"href":"https:\/\/mufasatoursandtravels.com\/fr\/wp-json\/wp\/v2\/media?parent=33655"}],"curies":[{"name":"wp","href":"https:\/\/api.w.org\/{rel}","templated":true}]}}