{"id":33769,"date":"2022-01-08T09:16:19","date_gmt":"2022-01-08T06:16:19","guid":{"rendered":"https:\/\/mufasatoursandtravels.com\/extension-de-safari-a-la-plage-de-diani\/"},"modified":"2025-04-10T16:55:54","modified_gmt":"2025-04-10T13:55:54","slug":"extension-de-safari-a-la-plage-de-diani","status":"publish","type":"page","link":"https:\/\/mufasatoursandtravels.com\/fr\/safari-au-kenya-par-la-route\/safaris-dextension-de-plage\/extension-de-safari-a-la-plage-de-diani\/","title":{"rendered":"Extension de safari \u00e0 la plage de Diani"},"content":{"rendered":"[vc_row gap=\u00a0\u00bb1&Prime; css=\u00a0\u00bb.vc_custom_1687884114134{background-image: url(https:\/\/mufasatoursandtravels.com\/wp-content\/uploads\/2023\/05\/diani-beach.jpg?id=10929) !important;background-position: center !important;background-repeat: no-repeat !important;background-size: cover !important;}\u00a0\u00bb][vc_column parallax=\u00a0\u00bbcontent-moving\u00a0\u00bb parallax_speed_bg=\u00a0\u00bb1.6&Prime; css=\u00a0\u00bb.vc_custom_1687884010897{padding-top: 80px !important;padding-bottom: 80px !important;background-color: rgba(0,0,0,0.49) !important;*background-color: rgb(0,0,0) !important;}\u00a0\u00bb][vc_custom_heading text=\u00a0\u00bbPLAGE DE DIANI, MOMBASA\u00a0\u00bb font_container=\u00a0\u00bbtag:h1|font_size:30|text_align:center|color:%23ffffff\u00a0\u00bb use_theme_fonts=\u00a0\u00bbyes\u00a0\u00bb][vc_separator color=\u00a0\u00bbcustom\u00a0\u00bb border_width=\u00a0\u00bb2&Prime; el_width=\u00a0\u00bb50&Prime; accent_color=\u00a0\u00bb#f8f8f8&Prime;][vc_empty_space][\/vc_column][\/vc_row][vc_row][vc_column][vc_headings style=\u00a0\u00bbtheme3&Prime; borderclr=\u00a0\u00bb#890000&Prime; title=\u00a0\u00bbDiani Beach Mombasa, Resort, Hotels, Snorkeling, Weather\u00a0\u00bb use_theme_fonts=\u00a0\u00bbyes\u00a0\u00bb titleclr=\u00a0\u00bb#890000&Prime;][\/vc_headings][vc_empty_space][vc_tta_tabs shape=\u00a0\u00bbsquare\u00a0\u00bb color=\u00a0\u00bbjuicy-pink\u00a0\u00bb alignment=\u00a0\u00bbcenter\u00a0\u00bb active_section=\u00a0\u00bb1&Prime; no_fill_content_area=\u00a0\u00bbtrue\u00a0\u00bb][vc_tta_section title=\u00a0\u00bbEnviron\u00a0\u00bb tab_id=\u00a0\u00bb1633454673222-3d94f956-010c\u00a0\u00bb][info_list_father connector_h=\u00a0\u00bb20&Prime; liststyle=\u00a0\u00bbinset\u00a0\u00bb listclr=\u00a0\u00bb#890000&Prime;][info_list_son style=\u00a0\u00bbicon\u00a0\u00bb size=\u00a0\u00bb15&Prime; width=\u00a0\u00bb20&Prime; height=\u00a0\u00bb20&Prime; titleclr=\u00a0\u00bb#811a18&Prime; title=\u00a0\u00bbPlage de Diani\u00a0\u00bb icon=\u00a0\u00bbfas fa-umbrella-beach\u00a0\u00bb iconclr=\u00a0\u00bb#811a18&Prime; lineheight=\u00a0\u00bb2&Prime; iconbg=\u00a0\u00bb#f8f8f8&Prime; borderclr=\u00a0\u00bb#890000&Prime;]La plage de Diani \u00e0 <a href=\"https:\/\/mufasatoursandtravels.com\/fr\/destinations\/mombasa-malindi-et-diani\/\">Mombasa<\/a>, au Kenya, est un havre tropical qui vous attire avec son sable blanc immacul\u00e9, ses eaux turquoise et son charme c\u00f4tier idyllique. La plage est un tron\u00e7on de littoral parfait le long de l\u2019oc\u00e9an Indien, connu pour son sable doux et poudreux et ses eaux cristallines. Pr\u00e9lassez-vous au soleil, rafra\u00eechissez-vous dans l\u2019oc\u00e9an et laissez la douce brise marine emporter vos soucis. C\u2019est la <a href=\"https:\/\/mufasatoursandtravels.com\/fr\/destinations\/\">destination safari<\/a> id\u00e9ale pour se d\u00e9tendre et se ressourcer.   <\/p>\n<p>&nbsp;[\/info_list_son][info_list_son style=\u00a0\u00bbicon\u00a0\u00bb size=\u00a0\u00bb15&Prime; width=\u00a0\u00bb20&Prime; height=\u00a0\u00bb20&Prime; titleclr=\u00a0\u00bb#811a18&Prime; title=\u00a0\u00bbDiani Beach Resort\u00a0\u00bb icon=\u00a0\u00bbfas fa-hotel\u00a0\u00bb iconclr=\u00a0\u00bb#811a18&Prime; lineheight=\u00a0\u00bb2&Prime; caption_url=\u00a0\u00bb\u00a0\u00bb borderclr=\u00a0\u00bb#890000&Prime;]<figure id=\"attachment_10929\" aria-describedby=\"caption-attachment-10929\" style=\"width: 400px\" class=\"wp-caption alignright\"><img loading=\"lazy\" decoding=\"async\" class=\"wp-image-10929 size-thumbnail\" src=\"https:\/\/mufasatoursandtravels.com\/wp-content\/uploads\/2023\/05\/diani-beach-400x300.jpg\" alt=\"palmiers sur une plage\" width=\"400\" height=\"300\" srcset=\"https:\/\/mufasatoursandtravels.com\/wp-content\/uploads\/2023\/05\/diani-beach-400x300.jpg 400w, https:\/\/mufasatoursandtravels.com\/wp-content\/uploads\/2023\/05\/diani-beach-800x600.jpg 800w\" sizes=\"auto, (max-width: 400px) 100vw, 400px\" \/><figcaption id=\"caption-attachment-10929\" class=\"wp-caption-text\">Plage de Diani<\/figcaption><\/figure>\n<p>Laissez-vous tenter par le luxe et la tranquillit\u00e9 dans l\u2019un des complexes h\u00f4teliers exquis qui pars\u00e8ment la plage de Diani. Ces complexes offrent des \u00e9quipements de classe mondiale, une vue imprenable sur la plage et une hospitalit\u00e9 exceptionnelle. Faites l\u2019exp\u00e9rience de la quintessence de la d\u00e9tente en vous relaxant au milieu de jardins luxuriants, en savourant une cuisine d\u00e9licieuse et en vous faisant dorloter avec des soins de spa rajeunissants.  <\/p>\n<p>&nbsp;<\/p>\n<p>&nbsp;[\/info_list_son][info_list_son style=\u00a0\u00bbicon\u00a0\u00bb size=\u00a0\u00bb15&Prime; width=\u00a0\u00bb20&Prime; height=\u00a0\u00bb20&Prime; titleclr=\u00a0\u00bb#811a18&Prime; title=\u00a0\u00bbH\u00f4tels \u00e0 Diani Beach\u00a0\u00bb icon=\u00a0\u00bbfas fa-utensils\u00a0\u00bb iconclr=\u00a0\u00bb#811a18&Prime; lineheight=\u00a0\u00bb2&Prime; borderclr=\u00a0\u00bb#890000&Prime;]Choisissez parmi une gamme d\u2019h\u00f4tels exceptionnels le long de la plage de Diani, chacun offrant une exp\u00e9rience unique. Que vous recherchiez une retraite luxueuse en bord de mer, un complexe familial ou un h\u00f4tel de charme confortable, <a href=\"https:\/\/mufasatoursandtravels.com\/fr\/safari-au-kenya-par-la-route\/safaris-dextension-de-plage\/extension-de-safari-a-la-plage-de-diani\/\">Diani Beach<\/a> propose des h\u00e9bergements pour tous les go\u00fbts et tous les budgets. <\/p>\n<p>&nbsp;[\/info_list_son][info_list_son style=\u00a0\u00bbicon\u00a0\u00bb size=\u00a0\u00bb15&Prime; width=\u00a0\u00bb20&Prime; height=\u00a0\u00bb20&Prime; titleclr=\u00a0\u00bb#811a18&Prime; title=\u00a0\u00bbSnorkeling \u00e0 la plage de Diani\u00a0\u00bb icon=\u00a0\u00bbfas fa-water\u00a0\u00bb iconclr=\u00a0\u00bb#811a18&Prime; lineheight=\u00a0\u00bb2&Prime; borderclr=\u00a0\u00bb#890000&Prime;]La plage de Diani est une porte d\u2019entr\u00e9e vers les merveilles sous-marines, vous invitant \u00e0 explorer des r\u00e9cifs coralliens vibrants et une vie marine diversifi\u00e9e. Embarquez pour une aventure de plong\u00e9e en apn\u00e9e et plongez dans le monde color\u00e9 sous les vagues. D\u00e9couvrez la beaut\u00e9 de l\u2019oc\u00e9an Indien et cr\u00e9ez des souvenirs inoubliables avec les excursions de plong\u00e9e en apn\u00e9e guid\u00e9es par des experts de <a href=\"https:\/\/mufasatoursandtravels.com\/fr\/\">Mufasa Tours and Travel<\/a> .  <\/p>\n<p>&nbsp;[\/info_list_son][info_list_son style=\u00a0\u00bbicon\u00a0\u00bb size=\u00a0\u00bb15&Prime; width=\u00a0\u00bb20&Prime; height=\u00a0\u00bb20&Prime; titleclr=\u00a0\u00bb#811a18&Prime; title=\u00a0\u00bbDiani Beach Reef Resort\u00a0\u00bb icon=\u00a0\u00bbfas fa-hotel\u00a0\u00bb iconclr=\u00a0\u00bb#811a18&Prime; lineheight=\u00a0\u00bb2&Prime; borderclr=\u00a0\u00bb#890000&Prime;]<figure id=\"attachment_10927\" aria-describedby=\"caption-attachment-10927\" style=\"width: 400px\" class=\"wp-caption alignleft\"><img loading=\"lazy\" decoding=\"async\" class=\"wp-image-10927 size-thumbnail\" src=\"https:\/\/mufasatoursandtravels.com\/wp-content\/uploads\/2023\/05\/diani-beach-resort-400x300.jpg\" alt=\"Diani Beach Resort\" width=\"400\" height=\"300\" srcset=\"https:\/\/mufasatoursandtravels.com\/wp-content\/uploads\/2023\/05\/diani-beach-resort-400x300.jpg 400w, https:\/\/mufasatoursandtravels.com\/wp-content\/uploads\/2023\/05\/diani-beach-resort-800x600.jpg 800w\" sizes=\"auto, (max-width: 400px) 100vw, 400px\" \/><figcaption id=\"caption-attachment-10927\" class=\"wp-caption-text\">Plage de Diani<\/figcaption><\/figure>\n<p>D\u00e9couvrez le charmant <a href=\"https:\/\/dianireef.com\/\" target=\"_blank\" rel=\"dofollow noopener\">Diani Beach Reef Resort<\/a>, une oasis c\u00f4ti\u00e8re le long de la plage immacul\u00e9e de Diani Beach au Kenya. Avec des chambres exquises, un emplacement en bord de mer, des \u00e9quipements in\u00e9gal\u00e9s et l\u2019assistance de Mufasa Tours and Travel, votre voyage vers ce joyau c\u00f4tier est garanti d\u2019\u00eatre inoubliable. Faites l\u2019exp\u00e9rience du luxe, de l\u2019aventure et de la d\u00e9tente dans une destination captivante  [\/info_list_son][info_list_son style=\u00a0\u00bbicon\u00a0\u00bb size=\u00a0\u00bb15&Prime; width=\u00a0\u00bb20&Prime; height=\u00a0\u00bb20&Prime; titleclr=\u00a0\u00bb#811a18&Prime; title=\u00a0\u00bbM\u00e9t\u00e9o Diani Beach\u00a0\u00bb icon=\u00a0\u00bbfas fa-cloud-sun\u00a0\u00bb iconclr=\u00a0\u00bb#811a18&Prime; lineheight=\u00a0\u00bb2&Prime; borderclr=\u00a0\u00bb#890000&Prime;]Pr\u00e9lassez-vous sous le soleil tropical et profitez de temp\u00e9ratures agr\u00e9ables tout au long de l\u2019ann\u00e9e \u00e0 Diani Beach. Avec son climat \u00e9quatorial, la plage offre un temps chaud et accueillant qui est parfait pour les bains de soleil, les sports nautiques et les activit\u00e9s de plein air. Vivez d\u2019interminables journ\u00e9es d\u2019\u00e9t\u00e9 dans ce paradis c\u00f4tier.  <\/p>\n<p>&nbsp;[\/info_list_son][info_list_son style=\u00a0\u00bbicon\u00a0\u00bb size=\u00a0\u00bb15&Prime; width=\u00a0\u00bb20&Prime; height=\u00a0\u00bb20&Prime; titleclr=\u00a0\u00bb#811a18&Prime; title=\u00a0\u00bbA\u00e9roport de Diani Beach\u00a0\u00bb icon=\u00a0\u00bbfas fa-plane-departure\u00a0\u00bb iconclr=\u00a0\u00bb#811a18&Prime; lineheight=\u00a0\u00bb2&Prime; caption_url=\u00a0\u00bb\u00a0\u00bb]<figure id=\"attachment_10928\" aria-describedby=\"caption-attachment-10928\" style=\"width: 400px\" class=\"wp-caption alignright\"><img loading=\"lazy\" decoding=\"async\" class=\"wp-image-10928 size-thumbnail\" src=\"https:\/\/mufasatoursandtravels.com\/wp-content\/uploads\/2023\/05\/diani-beach-mombasa-400x300.jpg\" alt=\"M\u00e9t\u00e9o Diani beach\" width=\"400\" height=\"300\" srcset=\"https:\/\/mufasatoursandtravels.com\/wp-content\/uploads\/2023\/05\/diani-beach-mombasa-400x300.jpg 400w, https:\/\/mufasatoursandtravels.com\/wp-content\/uploads\/2023\/05\/diani-beach-mombasa-800x600.jpg 800w\" sizes=\"auto, (max-width: 400px) 100vw, 400px\" \/><figcaption id=\"caption-attachment-10928\" class=\"wp-caption-text\">Plage de Diani<\/figcaption><\/figure>\n<p>La proximit\u00e9 de la piste d\u2019atterrissage d\u2019Ukunda, \u00e9galement connue sous le nom d\u2019a\u00e9roport de Diani Beach, est facilit\u00e9e par l\u2019acc\u00e8s \u00e0 Diani Beach. Cet a\u00e9roport relie la plage \u00e0 diverses destinations nationales et internationales, assurant un voyage sans tracas vers votre paradis tropical. <\/p>\n<p>Si vous \u00eates pr\u00eat \u00e0 d\u00e9couvrir <a href=\"https:\/\/en.wikipedia.org\/wiki\/Diani_Beach\" target=\"_blank\" rel=\"noopener nofollow\">Diani Beach<\/a>, laissez Mufasa Tours and Travels \u00eatre votre guide de confiance, vous assurant une exp\u00e9rience de voyage sans faille et inoubliable. R\u00e9servez votre escapade \u00e0 Diani Beach d\u00e8s aujourd\u2019hui et cr\u00e9ez des souvenirs qui dureront toute une vie. <\/p>\n<p>&nbsp;[\/info_list_son][\/info_list_father][\/vc_tta_section][vc_tta_section title=\u00a0\u00bbTarifs\u00a0\u00bb tab_id=\u00a0\u00bb1633454673248-4ec9e207-8783&Prime;][vc_column_text]\n<div>\n<h3>Important \u00e0 savoir :<\/h3>\n<ul>\n<li>Tous les h\u00e9bergements propos\u00e9s ci-dessous sont par personne et par nuit sur la base de la location.<\/li>\n<li>Les enfants \u00e2g\u00e9s de 0 \u00e0 2 ans sont gratuits.<\/li>\n<li>Les enfants \u00e2g\u00e9s de 3 \u00e0 12 ans paient 50&nbsp;% du tarif adulte lorsqu\u2019ils partagent la m\u00eame chambre avec des adultes.<\/li>\n<li>Les enfants \u00e2g\u00e9s de 3 \u00e0 12 ans paient 75 % du tarif adulte lorsqu\u2019ils s\u00e9journent dans leur propre chambre s\u00e9par\u00e9e de celle des adultes.<\/li>\n<li>Les enfants de plus de 12 ans sont reconnus comme des adultes dans les camps et les pavillons.<\/li>\n<li>Des activit\u00e9s suppl\u00e9mentaires telles que la plong\u00e9e en apn\u00e9e, les croisi\u00e8res en bateau et le kite surf peuvent \u00eatre achet\u00e9es directement \u00e0 la r\u00e9ception.<\/li>\n<li>Si vous souhaitez vous rendre dans les \u00e9tablissements ci-dessous, veuillez contacter directement notre bureau pour vous r\u00e9server des billets d\u2019avion ou de train moyennant des frais suppl\u00e9mentaires.<\/li>\n<li>Sur la base d\u2019un suppl\u00e9ment individuel, \u00e0 vous conseiller aupr\u00e8s de votre conseiller touristique \u00e0 notre bureau.<\/li>\n<\/ul>\n<\/div>\n<h3>Tarifs par personne et par nuit<\/h3>\n<p style=\"text-align: center;\">NB : <strong>Veuillez noter que les tarifs sont en cours de mise \u00e0 jour<\/strong>. Contactez-nous pour des safaris sur mesure, des tarifs et des demandes g\u00e9n\u00e9rales. <\/p>\nwpDataTable avec l\u2019ID fourni introuvable !<strong><span style=\"text-align: center;\">D\u00e9menti:<\/span><\/strong><\/p>\n<div>\n<ul>\n<li>Cette visite est propos\u00e9e par <a href=\"https:\/\/mufasatoursandtravels.com\/fr\/\">Mufasa Tours and Travels<\/a>.<\/li>\n<li>Cet op\u00e9rateur se r\u00e9serve le droit de modifier les tarifs annonc\u00e9s.<\/li>\n<li>Si vous demandez des modifications \u00e0 cette visite, les tarifs annonc\u00e9s changeront probablement.<\/li>\n<li>Si un logement est complet, l\u2019op\u00e9rateur proposera des options alternatives comparables.<\/li>\n<li>L\u2019ordre exact, le contenu et les tarifs de cette visite sont soumis \u00e0 disponibilit\u00e9.<\/li>\n<li>Cette visite est soumise aux <a href=\"https:\/\/mufasatoursandtravels.com\/fr\/termes-et-conditions\/\">termes et conditions<\/a> de <a href=\"https:\/\/mufasatoursandtravels.com\/fr\/\">Mufasa Tours and Travels.<\/a><\/li>\n<\/ul>\n<\/div>\n[\/vc_column_text][\/vc_tta_section][vc_tta_section title=\u00a0\u00bbInclusif\/Exclusif\u00a0\u00bb tab_id=\u00a0\u00bb1633455601016-f93699bc-5d92&Prime;][vc_row_inner][vc_column_inner width=\u00a0\u00bb1\/2&Prime;][info_list_father listclr=\u00a0\u00bb#f8f8f8&Prime;][info_list_son style=\u00a0\u00bbicon\u00a0\u00bb size=\u00a0\u00bb10&Prime; width=\u00a0\u00bb20&Prime; height=\u00a0\u00bb20&Prime; titleclr=\u00a0\u00bb#890000&Prime; icon=\u00a0\u00bbfas fa-plus-circle\u00a0\u00bb iconclr=\u00a0\u00bb#333333&Prime; title=\u00a0\u00bbINCLUS\u00a0\u00bb lineheight=\u00a0\u00bb2&Prime;]\n<ul>\n<li>Repas comme indiqu\u00e9.<\/li>\n<li>H\u00e9bergement en chambre standard.<\/li>\n<li>Les \u00e9quipements de l\u2019h\u00f4tel tels que le WIFI, la natation, la salle de sport, etc.<\/li>\n<\/ul>\n[\/info_list_son][\/info_list_father][\/vc_column_inner][vc_column_inner width=\u00a0\u00bb1\/2&Prime;][info_list_father listclr=\u00a0\u00bb#f8f8f8&Prime;][info_list_son style=\u00a0\u00bbicon\u00a0\u00bb size=\u00a0\u00bb10&Prime; width=\u00a0\u00bb20&Prime; height=\u00a0\u00bb20&Prime; titleclr=\u00a0\u00bb#890000&Prime; icon=\u00a0\u00bbfas fa-minus-circle\u00a0\u00bb iconclr=\u00a0\u00bb#333333&Prime; title=\u00a0\u00bbEXCLU\u00a0\u00bb lineheight=\u00a0\u00bb2&Prime;]\n<ul>\n<li>Des activit\u00e9s suppl\u00e9mentaires telles que la plong\u00e9e en apn\u00e9e, le kite surf, etc.<\/li>\n<li>Conseils.<\/li>\n<li>Objets personnels (Souvenirs, assurance voyage, frais de visa, etc.).<\/li>\n<li>Le transport vers les propri\u00e9t\u00e9s, comme les vols, les billets de train, etc.<\/li>\n<li>Le gouvernement a impos\u00e9 une augmentation des taxes et\/ou des frais de parc.<\/li>\n<\/ul>\n[\/info_list_son][\/info_list_father][\/vc_column_inner][\/vc_row_inner][\/vc_tta_section][vc_tta_section title=\u00a0\u00bbCarte\u00a0\u00bb tab_id=\u00a0\u00bb1633892890537-5637ec0b-4c69&Prime;][vc_gmaps link=\u00a0\u00bb#E-8_JTNDaWZyYW1lJTIwc3JjJTNEJTIyaHR0cHMlM0ElMkYlMkZ3d3cuZ29vZ2xlLmNvbSUyRm1hcHMlMkZlbWJlZCUzRnBiJTNEJTIxMW0xOCUyMTFtMTIlMjExbTMlMjExZDYzMDQuODI5OTg2MTMxMjcxJTIxMmQtMTIyLjQ3NDY5NjgwMzMwOTIlMjEzZDM3LjgwMzc0NzUyMTYwNDQzJTIxMm0zJTIxMWYwJTIxMmYwJTIxM2YwJTIxM20yJTIxMWkxMDI0JTIxMmk3NjglMjE0ZjEzLjElMjEzbTMlMjExbTIlMjExczB4ODA4NTg2ZTYzMDI2MTVhMSUyNTNBMHg4NmJkMTMwMjUxNzU3YzAwJTIxMnNTdG9yZXklMkJBdmUlMjUyQyUyQlNhbiUyQkZyYW5jaXNjbyUyNTJDJTJCQ0ElMkI5NDEyOSUyMTVlMCUyMTNtMiUyMTFzZW4lMjEyc3VzJTIxNHYxNDM1ODI2NDMyMDUxJTIyJTIwd2lkdGglM0QlMjI2MDAlMjIlMjBoZWlnaHQlM0QlMjI0NTAlMjIlMjBmcmFtZWJvcmRlciUzRCUyMjAlMjIlMjBzdHlsZSUzRCUyMmJvcmRlciUzQTAlMjIlMjBhbGxvd2Z1bGxzY3JlZW4lM0QlMjIlMjIlM0UlM0MlMkZpZnJhbWUlM0U=\u00a0\u00bb][\/vc_tta_section][\/vc_tta_tabs][\/vc_column][\/vc_row][vc_row][vc_column][vc_btn title=\u00a0\u00bbVoyagez avec nous\u00a0\u00bb style=\u00a0\u00bbcustom\u00a0\u00bb custom_background=\u00a0\u00bb#890000&Prime; custom_text=\u00a0\u00bb#ffffff\u00a0\u00bb shape=\u00a0\u00bbsquare\u00a0\u00bb align=\u00a0\u00bbcenter\u00a0\u00bb i_icon_fontawesome=\u00a0\u00bbfas fa-chevron-right\u00a0\u00bb add_icon=\u00a0\u00bbtrue\u00a0\u00bb link=\u00a0\u00bburl:https%3A%2F%2Fmufasatoursandtravels.com%2Ffr%2Fdemander-un-devis%2F|title:Demander%20un%20devis|\u00a0\u00bb][\/vc_column][\/vc_row][vc_row][vc_column][vc_headings style=\u00a0\u00bbtheme3&Prime; borderclr=\u00a0\u00bb#890000&Prime; title=\u00a0\u00bbFAQ sur Diani Beach\u00a0\u00bb use_theme_fonts=\u00a0\u00bbyes\u00a0\u00bb titleclr=\u00a0\u00bb#890000&Prime;][\/vc_headings][vc_empty_space][\/vc_column][\/vc_row][vc_row][vc_column][vc_toggle title=\u00a0\u00bbQuelles activit\u00e9s puis-je pratiquer \u00e0 Diani Beach ?\u00a0\u00bb style=\u00a0\u00bbsquare\u00a0\u00bb]<span data-contrast=\"auto\">La plage de Diani offre une multitude d\u2019activit\u00e9s passionnantes telles que la plong\u00e9e en apn\u00e9e, les bains de soleil, les sports nautiques et l\u2019exploration des r\u00e9cifs coralliens vibrants. Vous pouvez \u00e9galement vous d\u00e9tendre et vous ressourcer dans les stations baln\u00e9aires. <\/span><span data-ccp-props=\"{\"201341983\":0,\"335559739\":160,\"335559740\":259}\"> <\/span>[\/vc_toggle][vc_toggle title=\u00a0\u00bbComment Diani Beach se compare-t-elle \u00e0 Zanzibar ?\u00a0\u00bb style=\u00a0\u00bbsquare\u00a0\u00bb]<span data-contrast=\"auto\">Alors que Diani Beach et Zanzibar offrent toutes deux des exp\u00e9riences de plage \u00e0 couper le souffle, Diani Beach se distingue par sa beaut\u00e9 naturelle intacte et son ambiance sereine. D\u00e9couvrez pourquoi de nombreux voyageurs choisissent Diani Beach pour une retraite tranquille loin de la foule. <\/span><span data-ccp-props=\"{\"201341983\":0,\"335559739\":160,\"335559740\":259}\"> <\/span>[\/vc_toggle][vc_toggle title=\u00a0\u00bbQuel temps fait-il \u00e0 Diani Beach ?\u00a0\u00bb style=\u00a0\u00bbsquare\u00a0\u00bb]La plage de Diani b\u00e9n\u00e9ficie d\u2019un climat tropical avec des temp\u00e9ratures agr\u00e9ables toute l\u2019ann\u00e9e, ce qui en fait une destination id\u00e9ale pour les bains de soleil, les sports nautiques et les activit\u00e9s de plein air.[\/vc_toggle][vc_toggle title=\u00a0\u00bbComment puis-je r\u00e9server une excursion de plong\u00e9e en apn\u00e9e \u00e0 Diani Beach ?\u00a0\u00bb style=\u00a0\u00bbsquare\u00a0\u00bb]<span data-contrast=\"auto\">Mufasa Tours and Travel propose des excursions de plong\u00e9e en apn\u00e9e guid\u00e9es par des experts, vous permettant d\u2019explorer les r\u00e9cifs coralliens vibrants et la diversit\u00e9 de la vie marine. Contactez-les pour r\u00e9server votre aventure de plong\u00e9e en apn\u00e9e. <\/span><span data-ccp-props=\"{\"201341983\":0,\"335559739\":160,\"335559740\":259}\"> <\/span>[\/vc_toggle][vc_toggle title=\u00a0\u00bbComment puis-je r\u00e9server des vacances avec Mufasa Tours and Travel ?\u00a0\u00bb style=\u00a0\u00bbsquare\u00a0\u00bb]<span data-contrast=\"auto\">La r\u00e9servation de vacances avec Mufasa Tours and Travel est accessible. Contactez-nous via leur site Web ou appelez notre service client pour discuter de vos pr\u00e9f\u00e9rences et cr\u00e9er un itin\u00e9raire personnalis\u00e9 pour vos vacances de r\u00eave \u00e0 la plage \u00e0 Diani Beach, Mombasa. <\/span><span data-ccp-props=\"{\"201341983\":0,\"335559739\":160,\"335559740\":259}\"> <\/span>[\/vc_toggle][\/vc_column][\/vc_row]\n","protected":false},"excerpt":{"rendered":"<p>[vc_row gap=\u00a0\u00bb1&Prime; css=\u00a0\u00bb.vc_custom_1687884114134{background-image: url(https:\/\/mufasatoursandtravels.com\/wp-content\/uploads\/2023\/05\/diani-beach.jpg?id=10929) !important;background-position: center !important;background-repeat: no-repeat !important;background-size: cover !important;}\u00a0\u00bb][vc_column parallax=\u00a0\u00bbcontent-moving\u00a0\u00bb parallax_speed_bg=\u00a0\u00bb1.6&Prime; css=\u00a0\u00bb.vc_custom_1687884010897{padding-top: 80px !important;padding-bottom: 80px !important;background-color: rgba(0,0,0,0.49) !important;*background-color: rgb(0,0,0) !important;}\u00a0\u00bb][vc_custom_heading text=\u00a0\u00bbPLAGE DE DIANI, MOMBASA\u00a0\u00bb font_container=\u00a0\u00bbtag:h1|font_size:30|text_align:center|color:%23ffffff\u00a0\u00bb use_theme_fonts=\u00a0\u00bbyes\u00a0\u00bb][vc_separator color=\u00a0\u00bbcustom\u00a0\u00bb border_width=\u00a0\u00bb2&Prime; el_width=\u00a0\u00bb50&Prime; accent_color=\u00a0\u00bb#f8f8f8&Prime;][vc_empty_space][\/vc_column][\/vc_row][vc_row][vc_column][vc_headings style=\u00a0\u00bbtheme3&Prime; borderclr=\u00a0\u00bb#890000&Prime; title=\u00a0\u00bbDiani Beach Mombasa, Resort, Hotels, Snorkeling, Weather\u00a0\u00bb use_theme_fonts=\u00a0\u00bbyes\u00a0\u00bb titleclr=\u00a0\u00bb#890000&Prime;][\/vc_headings][vc_empty_space][vc_tta_tabs shape=\u00a0\u00bbsquare\u00a0\u00bb color=\u00a0\u00bbjuicy-pink\u00a0\u00bb alignment=\u00a0\u00bbcenter\u00a0\u00bb active_section=\u00a0\u00bb1&Prime; no_fill_content_area=\u00a0\u00bbtrue\u00a0\u00bb][vc_tta_section title=\u00a0\u00bbEnviron\u00a0\u00bb tab_id=\u00a0\u00bb1633454673222-3d94f956-010c\u00a0\u00bb][info_list_father connector_h=\u00a0\u00bb20&Prime; liststyle=\u00a0\u00bbinset\u00a0\u00bb listclr=\u00a0\u00bb#890000&Prime;][info_list_son style=\u00a0\u00bbicon\u00a0\u00bb size=\u00a0\u00bb15&Prime; [&hellip;]<\/p>\n","protected":false},"author":4,"featured_media":0,"parent":33931,"menu_order":0,"comment_status":"closed","ping_status":"closed","template":"","meta":{"_themeisle_gutenberg_block_has_review":false,"footnotes":""},"class_list":["post-33769","page","type-page","status-publish","hentry"],"_links":{"self":[{"href":"https:\/\/mufasatoursandtravels.com\/fr\/wp-json\/wp\/v2\/pages\/33769","targetHints":{"allow":["GET"]}}],"collection":[{"href":"https:\/\/mufasatoursandtravels.com\/fr\/wp-json\/wp\/v2\/pages"}],"about":[{"href":"https:\/\/mufasatoursandtravels.com\/fr\/wp-json\/wp\/v2\/types\/page"}],"author":[{"embeddable":true,"href":"https:\/\/mufasatoursandtravels.com\/fr\/wp-json\/wp\/v2\/users\/4"}],"replies":[{"embeddable":true,"href":"https:\/\/mufasatoursandtravels.com\/fr\/wp-json\/wp\/v2\/comments?post=33769"}],"version-history":[{"count":6,"href":"https:\/\/mufasatoursandtravels.com\/fr\/wp-json\/wp\/v2\/pages\/33769\/revisions"}],"predecessor-version":[{"id":33806,"href":"https:\/\/mufasatoursandtravels.com\/fr\/wp-json\/wp\/v2\/pages\/33769\/revisions\/33806"}],"up":[{"embeddable":true,"href":"https:\/\/mufasatoursandtravels.com\/fr\/wp-json\/wp\/v2\/pages\/33931"}],"wp:attachment":[{"href":"https:\/\/mufasatoursandtravels.com\/fr\/wp-json\/wp\/v2\/media?parent=33769"}],"curies":[{"name":"wp","href":"https:\/\/api.w.org\/{rel}","templated":true}]}}