{"id":33857,"date":"2022-01-08T09:06:59","date_gmt":"2022-01-08T06:06:59","guid":{"rendered":"https:\/\/mufasatoursandtravels.com\/safari-au-kenya-par-la-route\/safaris-de-courte-duree\/forfait-safari-dune-nuit-a-tsavo-est\/"},"modified":"2025-04-10T16:54:32","modified_gmt":"2025-04-10T13:54:32","slug":"forfait-safari-dune-nuit-a-tsavo-est","status":"publish","type":"page","link":"https:\/\/mufasatoursandtravels.com\/fr\/safari-au-kenya-par-la-route\/safaris-de-courte-duree\/forfait-safari-dune-nuit-a-tsavo-est\/","title":{"rendered":"Forfait safari d\u2019une nuit \u00e0 Tsavo Est"},"content":{"rendered":"[vc_row full_width=\u00a0\u00bbstretch_row\u00a0\u00bb gap=\u00a0\u00bb1&Prime;][vc_column parallax=\u00a0\u00bbcontent-moving\u00a0\u00bb parallax_image=\u00a0\u00bb11261&Prime; parallax_speed_bg=\u00a0\u00bb1.9&Prime; css=\u00a0\u00bb.vc_custom_1687345172603{padding-top: 80px !important;padding-right: 80px !important;padding-bottom: 80px !important;padding-left: 80px !important;}\u00a0\u00bb][vc_custom_heading text=\u00a0\u00bbTSAVO EST PENDANT LA NUIT\u00a0\u00bb font_container=\u00a0\u00bbtag:h2|font_size:32|text_align:center|color:%23ffffff\u00a0\u00bb google_fonts=\u00a0\u00bbfont_family:Roboto%3A100%2C100italic%2C300%2C300italic%2Cregular%2Citalic%2C500%2C500italic%2C700%2C700italic%2C900%2C900italic|font_style:400%20regular%3A400%3Anormal\u00a0\u00bb][vc_separator color=\u00a0\u00bbcustom\u00a0\u00bb border_width=\u00a0\u00bb2&Prime; el_width=\u00a0\u00bb50&Prime; accent_color=\u00a0\u00bb#f8f8f8&Prime;][\/vc_column][\/vc_row][vc_row][vc_column css=\u00a0\u00bb.vc_custom_1673431858780{border-top-width: 10px !important;border-right-width: 10px !important;border-bottom-width: 10px !important;border-left-width: 10px !important;}\u00a0\u00bb][vc_tta_tabs shape=\u00a0\u00bbsquare\u00a0\u00bb color=\u00a0\u00bbjuicy-pink\u00a0\u00bb alignment=\u00a0\u00bbcenter\u00a0\u00bb active_section=\u00a0\u00bb1&Prime; no_fill_content_area=\u00a0\u00bbtrue\u00a0\u00bb css=\u00a0\u00bb.vc_custom_1702905215363{padding-top: 10px !important;}\u00a0\u00bb][vc_tta_section title=\u00a0\u00bbProgramme\u00a0\u00bb tab_id=\u00a0\u00bb1633454673222-3d94f956-010c\u00a0\u00bb][info_list_father listclr=\u00a0\u00bb#f8f8f8&Prime;][info_list_son style=\u00a0\u00bbicon\u00a0\u00bb size=\u00a0\u00bb15&Prime; width=\u00a0\u00bb15&Prime; height=\u00a0\u00bb20&Prime; titleclr=\u00a0\u00bb#811a18&Prime; title=\u00a0\u00bbDAY 1: MOMBASA TO TSAVO EAST NATIONAL PARK\u00a0\u00bb icon=\u00a0\u00bbfas fa-paw\u00a0\u00bb iconclr=\u00a0\u00bb#811a18&Prime; lineheight=\u00a0\u00bb2&Prime; iconbg=\u00a0\u00bb#f8f8f8&Prime;]Depart from Mombasa at 6.30 am. Proceed to <a href=\"http:\/\/www.kws.go.ke\/content\/tsavo-east-national-park\" rel=\"nofollow noopener\" target=\"_blank\">Tsavo East National Park<\/a> (approximately 4-5 hours) as you delight in the drive\u2019s winding scenery. Arrive for a refreshing lunch at the camp. Venture to an afternoon game drive and mesmerize in the wonder of playing elephants along the Galana River, an evocative African image. Behold the <a href=\"https:\/\/africantourer.com\/attraction\/yatta-plateau\" rel=\"nofollow noopener\" target=\"_blank\">Yatta Plateau<\/a>, formed from the remnants of the world\u2019s longest lava flow and is host to diverse wildlife. Return to the camp\/lodge for dinner and overnight.[\/info_list_son][info_list_son style=\u00a0\u00bbicon\u00a0\u00bb size=\u00a0\u00bb15&Prime; width=\u00a0\u00bb15&Prime; height=\u00a0\u00bb20&Prime; titleclr=\u00a0\u00bb#811a18&Prime; icon=\u00a0\u00bbfas fa-paw\u00a0\u00bb iconclr=\u00a0\u00bb#811a18&Prime; title=\u00a0\u00bbDAY 2: TSAVO EAST NATIONAL PARK TO MOMBASA\u00a0\u00bb lineheight=\u00a0\u00bb2&Prime; iconbg=\u00a0\u00bb#f8f8f8&Prime;]Arise to an early breakfast, the perfect charge for the upcoming wide-open plains game drive. Enjoy peak-time wildlife sceneries of over 400 species! Stop over for lunch and return to Mombasa.[\/info_list_son][\/info_list_father][vc_btn title=\u00a0\u00bbObtenir un Qoute\u00a0\u00bb style=\u00a0\u00bboutline-custom\u00a0\u00bb outline_custom_color=\u00a0\u00bb#890000&Prime; outline_custom_hover_background=\u00a0\u00bb#890000&Prime; outline_custom_hover_text=\u00a0\u00bb#ffffff\u00a0\u00bb shape=\u00a0\u00bbsquare\u00a0\u00bb size=\u00a0\u00bbsm\u00a0\u00bb align=\u00a0\u00bbcenter\u00a0\u00bb i_align=\u00a0\u00bbright\u00a0\u00bb i_icon_fontawesome=\u00a0\u00bbfas fa-angle-right\u00a0\u00bb add_icon=\u00a0\u00bbtrue\u00a0\u00bb link=\u00a0\u00bburl:https%3A%2F%2Fmufasatoursandtravels.com%2Ffr%2Fdemander-un-devis%2F|title:Demande%20de%20devis|\u00a0\u00bb][\/vc_tta_section][vc_tta_section title=\u00a0\u00bbInclusif\/Exclusif\u00a0\u00bb tab_id=\u00a0\u00bb1633455601016-f93699bc-5d92&Prime;][vc_row_inner][vc_column_inner width=\u00a0\u00bb1\/2&Prime;][info_list_father listclr=\u00a0\u00bb#f8f8f8&Prime;][info_list_son style=\u00a0\u00bbicon\u00a0\u00bb size=\u00a0\u00bb15&Prime; width=\u00a0\u00bb20&Prime; height=\u00a0\u00bb20&Prime; titleclr=\u00a0\u00bb#890000&Prime; icon=\u00a0\u00bbfas fa-paw\u00a0\u00bb iconclr=\u00a0\u00bb#890000&Prime; title=\u00a0\u00bbINCLUS\u00a0\u00bb lineheight=\u00a0\u00bb2&Prime; iconbg=\u00a0\u00bb#f8f8f8&Prime; borderclr=\u00a0\u00bb#f8f8f8&Prime;]\n<ul>\n<li>Frais de parc dans les parcs respectifs indiqu\u00e9s.<\/li>\n<li>Transport dans un Land Cruiser \u00e0 toit ouvert.<\/li>\n<li>Service d\u2019un chauffeur guide professionnel.<\/li>\n<li>Repas en pension compl\u00e8te au lodge \/ camp.<\/li>\n<li>1 nuit d\u2019h\u00e9bergement \u00e0 l\u2019h\u00f4tel respectif indiqu\u00e9.<\/li>\n<li>Eau \u00e0 volont\u00e9 dans le v\u00e9hicule.<\/li>\n<\/ul>\n[\/info_list_son][\/info_list_father][\/vc_column_inner][vc_column_inner width=\u00a0\u00bb1\/2&Prime;][info_list_father listclr=\u00a0\u00bb#f8f8f8&Prime;][info_list_son style=\u00a0\u00bbicon\u00a0\u00bb size=\u00a0\u00bb15&Prime; width=\u00a0\u00bb20&Prime; height=\u00a0\u00bb20&Prime; titleclr=\u00a0\u00bb#890000&Prime; icon=\u00a0\u00bbfas fa-paw\u00a0\u00bb iconclr=\u00a0\u00bb#890000&Prime; title=\u00a0\u00bbEXCLU\u00a0\u00bb lineheight=\u00a0\u00bb2&Prime;]\n<ul>\n<li>Visite culturelle du village Masa\u00ef @ 20 $ par personne.<\/li>\n<li>Pourboires au chauffeur-guide (<strong>fortement recommand\u00e9<\/strong>).<\/li>\n<li>Objets personnels (Souvenirs, assurance voyage, frais de visa, etc.).<\/li>\n<li>H\u00e9bergement suppl\u00e9mentaire avant et \u00e0 la fin de la visite.<\/li>\n<li>Fluctuations des taxes et\/ou des frais de parc impos\u00e9s par le gouvernement.<\/li>\n<\/ul>\n[\/info_list_son][\/info_list_father][\/vc_column_inner][\/vc_row_inner][\/vc_tta_section][vc_tta_section title=\u00a0\u00bbListe de contr\u00f4le de voyage\u00a0\u00bb tab_id=\u00a0\u00bb1633892890537-5637ec0b-4c69&Prime;][vc_row_inner][vc_column_inner width=\u00a0\u00bb1\/2&Prime;][vc_custom_heading text=\u00a0\u00bbAvant de voyager\u00a0\u00bb font_container=\u00a0\u00bbtag:h2|text_align:left|color:%23890000&Prime; google_fonts=\u00a0\u00bbfont_family:Open%20Sans%3A300%2C300italic%2Cregular%2Citalic%2C600%2C600italic%2C700%2C700italic%2C800%2C800italic|font_style:400%20regular%3A400%3Anormal\u00a0\u00bb][vc_separator color=\u00a0\u00bbcustom\u00a0\u00bb align=\u00a0\u00bbalign_left\u00a0\u00bb border_width=\u00a0\u00bb2&Prime; el_width=\u00a0\u00bb20&Prime; accent_color=\u00a0\u00bb#890000&Prime;][vc_column_text]Avant de partir en voyage, assurez-vous de consulter nos conseils de voyage complets pour une exp\u00e9rience sans faille.[\/vc_column_text][vc_empty_space height=\u00a0\u00bb55px\u00a0\u00bb][vc_btn title=\u00a0\u00bbPour en savoir plus\u00a0\u00bb style=\u00a0\u00bboutline-custom\u00a0\u00bb outline_custom_color=\u00a0\u00bb#890000&Prime; outline_custom_hover_background=\u00a0\u00bb#890000&Prime; outline_custom_hover_text=\u00a0\u00bb#ffffff\u00a0\u00bb shape=\u00a0\u00bbsquare\u00a0\u00bb i_align=\u00a0\u00bbright\u00a0\u00bb i_icon_fontawesome=\u00a0\u00bbfas fa-angle-right\u00a0\u00bb add_icon=\u00a0\u00bbtrue\u00a0\u00bb link=\u00a0\u00bburl:https%3A%2F%2Fmufasatoursandtravels.com%2Ffr%2Fse-preparer-a-voyager%2F|title:Se%20pr%C3%A9parer%20%C3%A0%20voyager|\u00a0\u00bb][\/vc_column_inner][vc_column_inner width=\u00a0\u00bb1\/2&Prime;][vc_custom_heading text=\u00a0\u00bbSur r\u00e9servation\u00a0\u00bb font_container=\u00a0\u00bbtag:h2|text_align:left|color:%23890000&Prime; google_fonts=\u00a0\u00bbfont_family:Open%20Sans%3A300%2C300italic%2Cregular%2Citalic%2C600%2C600italic%2C700%2C700italic%2C800%2C800italic|font_style:400%20regular%3A400%3Anormal\u00a0\u00bb][vc_separator color=\u00a0\u00bbcustom\u00a0\u00bb align=\u00a0\u00bbalign_left\u00a0\u00bb border_width=\u00a0\u00bb2&Prime; el_width=\u00a0\u00bb20&Prime; accent_color=\u00a0\u00bb#890000&Prime;][vc_column_text]Am\u00e9liorez la planification de votre voyage en t\u00e9l\u00e9chargeant des informations pr\u00e9cieuses sur la destination, telles que les exigences en mati\u00e8re de passeport et de visa, les vaccinations recommand\u00e9es, les restrictions de bagages, la liste de colisage et les directives de pourboire.[\/vc_column_text][vc_btn title=\u00a0\u00bbPour en savoir plus\u00a0\u00bb style=\u00a0\u00bboutline-custom\u00a0\u00bb outline_custom_color=\u00a0\u00bb#890000&Prime; outline_custom_hover_background=\u00a0\u00bb#890000&Prime; outline_custom_hover_text=\u00a0\u00bb#ffffff\u00a0\u00bb shape=\u00a0\u00bbsquare\u00a0\u00bb i_align=\u00a0\u00bbright\u00a0\u00bb i_icon_fontawesome=\u00a0\u00bbfas fa-angle-right\u00a0\u00bb add_icon=\u00a0\u00bbtrue\u00a0\u00bb link=\u00a0\u00bburl:https%3A%2F%2Fmufasatoursandtravels.com%2Ffr%2Fce-quil-faut-savoir-avant-darriver-en-afrique-de-lest%2F|title:CE%20QU%E2%80%99IL%20FAUT%20SAVOIR%20AVANT%20D%E2%80%99ARRIVER%20EN%20AFRIQUE%20DE%20L%E2%80%99EST|\u00a0\u00bb][\/vc_column_inner][\/vc_row_inner][vc_row_inner][vc_column_inner width=\u00a0\u00bb1\/2&Prime;][vc_custom_heading text=\u00a0\u00bbPendant la visite\u00a0\u00bb font_container=\u00a0\u00bbtag:h2|text_align:left|color:%23890000&Prime; google_fonts=\u00a0\u00bbfont_family:Open%20Sans%3A300%2C300italic%2Cregular%2Citalic%2C600%2C600italic%2C700%2C700italic%2C800%2C800italic|font_style:400%20regular%3A400%3Anormal\u00a0\u00bb][vc_separator color=\u00a0\u00bbcustom\u00a0\u00bb align=\u00a0\u00bbalign_left\u00a0\u00bb border_width=\u00a0\u00bb2&Prime; el_width=\u00a0\u00bb20&Prime; accent_color=\u00a0\u00bb#890000&Prime;][vc_column_text]Maximisez le succ\u00e8s de votre voyage en t\u00e9l\u00e9chargeant des informations essentielles sur votre ou vos destinations, y compris les exigences en mati\u00e8re de passeport et de visa, les directives de vaccination, les restrictions sur les bagages, la liste de colisage et les conseils de pourboire.[\/vc_column_text][vc_btn title=\u00a0\u00bbPour en savoir plus\u00a0\u00bb style=\u00a0\u00bboutline-custom\u00a0\u00bb outline_custom_color=\u00a0\u00bb#890000&Prime; outline_custom_hover_background=\u00a0\u00bb#890000&Prime; outline_custom_hover_text=\u00a0\u00bb#ffffff\u00a0\u00bb shape=\u00a0\u00bbsquare\u00a0\u00bb i_align=\u00a0\u00bbright\u00a0\u00bb i_icon_fontawesome=\u00a0\u00bbfas fa-angle-right\u00a0\u00bb add_icon=\u00a0\u00bbtrue\u00a0\u00bb link=\u00a0\u00bburl:https%3A%2F%2Fmufasatoursandtravels.com%2Ffr%2Fpasseports-et-visas%2F|title:Passeports%20et%20visas|\u00a0\u00bb][\/vc_column_inner][vc_column_inner width=\u00a0\u00bb1\/2&Prime;][vc_custom_heading text=\u00a0\u00bbApr\u00e8s la visite\u00a0\u00bb font_container=\u00a0\u00bbtag:h2|text_align:left|color:%23890000&Prime; google_fonts=\u00a0\u00bbfont_family:Open%20Sans%3A300%2C300italic%2Cregular%2Citalic%2C600%2C600italic%2C700%2C700italic%2C800%2C800italic|font_style:400%20regular%3A400%3Anormal\u00a0\u00bb][vc_separator color=\u00a0\u00bbcustom\u00a0\u00bb align=\u00a0\u00bbalign_left\u00a0\u00bb border_width=\u00a0\u00bb2&Prime; el_width=\u00a0\u00bb20&Prime; accent_color=\u00a0\u00bb#890000&Prime;][vc_column_text]Alors que vous vous pr\u00e9lassez dans la lueur de votre aventure, nous sommes l\u00e0 pour vous aider avec des conseils essentiels apr\u00e8s le voyage, afin que votre retour \u00e0 la maison soit aussi fluide et confortable que votre voyage lui-m\u00eame.[\/vc_column_text][\/vc_column_inner][\/vc_row_inner][\/vc_tta_section][\/vc_tta_tabs][\/vc_column][\/vc_row][vc_row][vc_column][vc_column_text]\n<p style=\"text-align: left;\"><strong>D\u00c9MENTI.<\/strong><\/p>\n<ul>\n<li>Cette visite est propos\u00e9e par <a href=\"https:\/\/mufasatoursandtravels.com\/fr\/\">Mufasa Tours and Travels<\/a>.<\/li>\n<li>Tous nos safaris sont priv\u00e9s.<\/li>\n<li>Les enfants \u00e2g\u00e9s de 0 \u00e0 2 ans sont gratuits.<\/li>\n<li>Les enfants \u00e2g\u00e9s de 3 \u00e0 12 ans paient 50&nbsp;% du tarif adulte lorsqu\u2019ils partagent la m\u00eame chambre avec des adultes.<\/li>\n<li>Les enfants \u00e2g\u00e9s de 3 \u00e0 12 ans paient 75 % du tarif adulte lorsqu\u2019ils s\u00e9journent dans leur propre chambre s\u00e9par\u00e9e de celle des adultes.<\/li>\n<li>Les enfants de plus de 12 ans sont reconnus comme des adultes dans les camps et les pavillons.<\/li>\n<li>Nous nous r\u00e9servons le droit de modifier le programme tel qu\u2019annonc\u00e9.<\/li>\n<li>Si un logement est complet, nous vous proposerons des options alternatives comparables.<\/li>\n<li>L\u2019ordre exact, le contenu et les tarifs de cette visite sont soumis \u00e0 disponibilit\u00e9.<\/li>\n<li>Cette visite est soumise aux <a href=\"https:\/\/mufasatoursandtravels.com\/fr\/termes-et-conditions\/\">termes et conditions<\/a> de <a href=\"https:\/\/mufasatoursandtravels.com\/fr\/\">Mufasa Tours and Travels.<\/a><\/li>\n<\/ul>\n[\/vc_column_text][\/vc_column][\/vc_row]\n","protected":false},"excerpt":{"rendered":"<p>[vc_row full_width=\u00a0\u00bbstretch_row\u00a0\u00bb gap=\u00a0\u00bb1&Prime;][vc_column parallax=\u00a0\u00bbcontent-moving\u00a0\u00bb parallax_image=\u00a0\u00bb11261&Prime; parallax_speed_bg=\u00a0\u00bb1.9&Prime; css=\u00a0\u00bb.vc_custom_1687345172603{padding-top: 80px !important;padding-right: 80px !important;padding-bottom: 80px !important;padding-left: 80px !important;}\u00a0\u00bb][vc_custom_heading text=\u00a0\u00bbTSAVO EST PENDANT LA NUIT\u00a0\u00bb font_container=\u00a0\u00bbtag:h2|font_size:32|text_align:center|color:%23ffffff\u00a0\u00bb google_fonts=\u00a0\u00bbfont_family:Roboto%3A100%2C100italic%2C300%2C300italic%2Cregular%2Citalic%2C500%2C500italic%2C700%2C700italic%2C900%2C900italic|font_style:400%20regular%3A400%3Anormal\u00a0\u00bb][vc_separator color=\u00a0\u00bbcustom\u00a0\u00bb border_width=\u00a0\u00bb2&Prime; el_width=\u00a0\u00bb50&Prime; accent_color=\u00a0\u00bb#f8f8f8&Prime;][\/vc_column][\/vc_row][vc_row][vc_column css=\u00a0\u00bb.vc_custom_1673431858780{border-top-width: 10px !important;border-right-width: 10px !important;border-bottom-width: 10px !important;border-left-width: 10px !important;}\u00a0\u00bb][vc_tta_tabs shape=\u00a0\u00bbsquare\u00a0\u00bb color=\u00a0\u00bbjuicy-pink\u00a0\u00bb alignment=\u00a0\u00bbcenter\u00a0\u00bb active_section=\u00a0\u00bb1&Prime; no_fill_content_area=\u00a0\u00bbtrue\u00a0\u00bb css=\u00a0\u00bb.vc_custom_1702905215363{padding-top: 10px !important;}\u00a0\u00bb][vc_tta_section title=\u00a0\u00bbProgramme\u00a0\u00bb tab_id=\u00a0\u00bb1633454673222-3d94f956-010c\u00a0\u00bb][info_list_father listclr=\u00a0\u00bb#f8f8f8&Prime;][info_list_son style=\u00a0\u00bbicon\u00a0\u00bb size=\u00a0\u00bb15&Prime; width=\u00a0\u00bb15&Prime; height=\u00a0\u00bb20&Prime; titleclr=\u00a0\u00bb#811a18&Prime; title=\u00a0\u00bbDAY 1: MOMBASA TO [&hellip;]<\/p>\n","protected":false},"author":3,"featured_media":0,"parent":27965,"menu_order":5,"comment_status":"closed","ping_status":"closed","template":"","meta":{"_themeisle_gutenberg_block_has_review":false,"footnotes":""},"class_list":["post-33857","page","type-page","status-publish","hentry"],"_links":{"self":[{"href":"https:\/\/mufasatoursandtravels.com\/fr\/wp-json\/wp\/v2\/pages\/33857","targetHints":{"allow":["GET"]}}],"collection":[{"href":"https:\/\/mufasatoursandtravels.com\/fr\/wp-json\/wp\/v2\/pages"}],"about":[{"href":"https:\/\/mufasatoursandtravels.com\/fr\/wp-json\/wp\/v2\/types\/page"}],"author":[{"embeddable":true,"href":"https:\/\/mufasatoursandtravels.com\/fr\/wp-json\/wp\/v2\/users\/3"}],"replies":[{"embeddable":true,"href":"https:\/\/mufasatoursandtravels.com\/fr\/wp-json\/wp\/v2\/comments?post=33857"}],"version-history":[{"count":1,"href":"https:\/\/mufasatoursandtravels.com\/fr\/wp-json\/wp\/v2\/pages\/33857\/revisions"}],"predecessor-version":[{"id":33859,"href":"https:\/\/mufasatoursandtravels.com\/fr\/wp-json\/wp\/v2\/pages\/33857\/revisions\/33859"}],"up":[{"embeddable":true,"href":"https:\/\/mufasatoursandtravels.com\/fr\/wp-json\/wp\/v2\/pages\/27965"}],"wp:attachment":[{"href":"https:\/\/mufasatoursandtravels.com\/fr\/wp-json\/wp\/v2\/media?parent=33857"}],"curies":[{"name":"wp","href":"https:\/\/api.w.org\/{rel}","templated":true}]}}