{"id":33931,"date":"2021-12-18T16:01:19","date_gmt":"2021-12-18T13:01:19","guid":{"rendered":"https:\/\/mufasatoursandtravels.com\/safari-au-kenya-par-la-route\/safaris-dextension-de-plage\/"},"modified":"2025-04-10T16:56:05","modified_gmt":"2025-04-10T13:56:05","slug":"safaris-dextension-de-plage","status":"publish","type":"page","link":"https:\/\/mufasatoursandtravels.com\/fr\/safari-au-kenya-par-la-route\/safaris-dextension-de-plage\/","title":{"rendered":"Safaris d\u2019extension de plage"},"content":{"rendered":"[vc_row full_width=\u00a0\u00bbstretch_row_content_no_spaces\u00a0\u00bb content_placement=\u00a0\u00bbmiddle\u00a0\u00bb][vc_column parallax=\u00a0\u00bbcontent-moving\u00a0\u00bb parallax_image=\u00a0\u00bb11256&Prime; parallax_speed_bg=\u00a0\u00bb3&Prime; css=\u00a0\u00bb.vc_custom_1687434367654{padding: 100px !important;}\u00a0\u00bb][vc_custom_heading text=\u00a0\u00bbEXTENSIONS DE PLAGE SAFARIS PRIV\u00c9S\u00a0\u00bb font_container=\u00a0\u00bbtag:h1|font_size:32|text_align:center|color:%23ffffff\u00a0\u00bb google_fonts=\u00a0\u00bbfont_family:Roboto%3A100%2C100italic%2C300%2C300italic%2Cregular%2Citalic%2C500%2C500italic%2C700%2C700italic%2C900%2C900italic|font_style:400%20regular%3A400%3Anormal\u00a0\u00bb][vc_separator color=\u00a0\u00bbcustom\u00a0\u00bb border_width=\u00a0\u00bb2&Prime; el_width=\u00a0\u00bb50&Prime; accent_color=\u00a0\u00bb#f8f8f8&Prime;][\/vc_column][\/vc_row][vc_row][vc_column css=\u00a0\u00bb.vc_custom_1687434474441{padding: 10px !important;}\u00a0\u00bb][vc_empty_space height=\u00a0\u00bb20px\u00a0\u00bb][vc_headings style=\u00a0\u00bbtheme3&Prime; linewidth=\u00a0\u00bb100&Prime; borderclr=\u00a0\u00bb#9b1815&Prime; title=\u00a0\u00bbEXTENSIONS DE PLAGE\u00a0\u00bb google_fonts=\u00a0\u00bbfont_family:Roboto%3A100%2C100italic%2C300%2C300italic%2Cregular%2Citalic%2C500%2C500italic%2C700%2C700italic%2C900%2C900italic|font_style:400%20regular%3A400%3Anormal\u00a0\u00bb transform=\u00a0\u00bbuppercase\u00a0\u00bb titleclr=\u00a0\u00bb#9b1815&Prime;][\/vc_headings][\/vc_column][\/vc_row][vc_row][vc_column css=\u00a0\u00bb.vc_custom_1687434474441{padding: 10px !important;}\u00a0\u00bb][vc_custom_heading text=\u00a0\u00bbAvec les incroyables exp\u00e9riences aventureuses de la faune qu\u2019offrent nos packs de safari, nous aimerions r\u00e9sumer votre safari en explorant les vastes plages de sable blanc, l\u2019eau cristalline et les r\u00e9cifs coralliens majestueux, avec des palmiers imposants, des rivages \u00e0 couper le souffle et une exp\u00e9rience imbattable qui vaut la peine d\u2019\u00eatre ajout\u00e9e \u00e0 vos souvenirs.\u00a0\u00bb font_container=\u00a0\u00bbtag:h2|font_size:20|text_align:center|color:%23333333&Prime; google_fonts=\u00a0\u00bbfont_family:Roboto%3A100%2C100italic%2C300%2C300italic%2Cregular%2Citalic%2C500%2C500italic%2C700%2C700italic%2C900%2C900italic|font_style:400%20regular%3A400%3Anormal\u00a0\u00bb][vc_empty_space height=\u00a0\u00bb20px\u00a0\u00bb][\/vc_column][\/vc_row][vc_row][vc_column width=\u00a0\u00bb1\/3&Prime; css=\u00a0\u00bb.vc_custom_1687434809613{padding: 10px !important;}\u00a0\u00bb]<div class=\"cq-hovercard cq-rotateY  cq-hovercard-hideicon\" data-contentcolor=\"#ffffff\" data-iconcolor=\"#890000\" data-bgheight=\"240\" data-captionoffset=\"\" data-videowidth=\"640\" data-linktype=\"customlink\" data-bgtype=\"image\" data-lightboxmargin=\"\"><a href=\"https:\/\/mufasatoursandtravels.com\/kenya-safari-by-road\/beach-extension-safaris\/diani-beach-safari-extension\/\" title=\"Diani Beach Safari Extension\" target=\"\" class=\"cq-hovercard-customlink\"><img decoding=\"async\" src=\"https:\/\/mufasatoursandtravels.com\/wp-content\/uploads\/2022\/03\/Diani_Beach_Sunrise_Kenya-scaled.jpg\" class=\"cq-hovercard-background\" alt=\"\" \/><div class=\"cq-hovercard-textcontainer\"><div class=\"cq-hovercard-title\">Plage de Diani<\/div><i class=\"cq-hovercard-icon fas fa-paw\"><\/i><\/div><\/a><\/div>[\/vc_column][vc_column width=\u00a0\u00bb1\/3&Prime; css=\u00a0\u00bb.vc_custom_1687434826479{padding: 10px !important;}\u00a0\u00bb]<div class=\"cq-hovercard cq-rotateY  cq-hovercard-hideicon\" data-contentcolor=\"\" data-iconcolor=\"#890000\" data-bgheight=\"240\" data-captionoffset=\"\" data-videowidth=\"640\" data-linktype=\"customlink\" data-bgtype=\"image\" data-lightboxmargin=\"\"><a href=\"https:\/\/mufasatoursandtravels.com\/kenya-safari-by-road\/beach-extension-safaris\/mombasa-beach-safari-extension\/\" title=\"Mombasa Beach Safari Extension\" target=\"\" class=\"cq-hovercard-customlink\"><img decoding=\"async\" src=\"https:\/\/mufasatoursandtravels.com\/wp-content\/uploads\/2023\/01\/africa-ge7e8c6812_1920.jpg\" class=\"cq-hovercard-background\" alt=\"\" \/><div class=\"cq-hovercard-textcontainer\"><div class=\"cq-hovercard-title\">Plage de Mombasa<\/div><i class=\"cq-hovercard-icon fas fa-paw\"><\/i><\/div><\/a><\/div>[\/vc_column][vc_column width=\u00a0\u00bb1\/3&Prime; css=\u00a0\u00bb.vc_custom_1687434854114{padding: 10px !important;}\u00a0\u00bb]<div class=\"cq-hovercard cq-rotateY  cq-hovercard-hideicon\" data-contentcolor=\"\" data-iconcolor=\"#890000\" data-bgheight=\"240\" data-captionoffset=\"\" data-videowidth=\"640\" data-linktype=\"customlink\" data-bgtype=\"image\" data-lightboxmargin=\"\"><a href=\"https:\/\/mufasatoursandtravels.com\/kenya-safari-by-road\/beach-extension-safaris\/watamu-beach-safari-extension\/\" title=\"Watamu Beach Safari Extension\" target=\"\" class=\"cq-hovercard-customlink\"><img decoding=\"async\" src=\"https:\/\/mufasatoursandtravels.com\/wp-content\/uploads\/2023\/01\/WATAMU-BEACH.jpg\" class=\"cq-hovercard-background\" alt=\"\" \/><div class=\"cq-hovercard-textcontainer\"><div class=\"cq-hovercard-title\">Malindi et Watamu<\/div><i class=\"cq-hovercard-icon fas fa-paw\"><\/i><\/div><\/a><\/div>[\/vc_column][\/vc_row][vc_row][vc_column][vc_empty_space][\/vc_column][\/vc_row]\n","protected":false},"excerpt":{"rendered":"<p>[vc_row full_width=\u00a0\u00bbstretch_row_content_no_spaces\u00a0\u00bb content_placement=\u00a0\u00bbmiddle\u00a0\u00bb][vc_column parallax=\u00a0\u00bbcontent-moving\u00a0\u00bb parallax_image=\u00a0\u00bb11256&Prime; parallax_speed_bg=\u00a0\u00bb3&Prime; css=\u00a0\u00bb.vc_custom_1687434367654{padding: 100px !important;}\u00a0\u00bb][vc_custom_heading text=\u00a0\u00bbEXTENSIONS DE PLAGE SAFARIS PRIV\u00c9S\u00a0\u00bb font_container=\u00a0\u00bbtag:h1|font_size:32|text_align:center|color:%23ffffff\u00a0\u00bb google_fonts=\u00a0\u00bbfont_family:Roboto%3A100%2C100italic%2C300%2C300italic%2Cregular%2Citalic%2C500%2C500italic%2C700%2C700italic%2C900%2C900italic|font_style:400%20regular%3A400%3Anormal\u00a0\u00bb][vc_separator color=\u00a0\u00bbcustom\u00a0\u00bb border_width=\u00a0\u00bb2&Prime; el_width=\u00a0\u00bb50&Prime; accent_color=\u00a0\u00bb#f8f8f8&Prime;][\/vc_column][\/vc_row][vc_row][vc_column css=\u00a0\u00bb.vc_custom_1687434474441{padding: 10px !important;}\u00a0\u00bb][vc_empty_space height=\u00a0\u00bb20px\u00a0\u00bb][vc_headings style=\u00a0\u00bbtheme3&Prime; linewidth=\u00a0\u00bb100&Prime; borderclr=\u00a0\u00bb#9b1815&Prime; title=\u00a0\u00bbEXTENSIONS DE PLAGE\u00a0\u00bb google_fonts=\u00a0\u00bbfont_family:Roboto%3A100%2C100italic%2C300%2C300italic%2Cregular%2Citalic%2C500%2C500italic%2C700%2C700italic%2C900%2C900italic|font_style:400%20regular%3A400%3Anormal\u00a0\u00bb transform=\u00a0\u00bbuppercase\u00a0\u00bb titleclr=\u00a0\u00bb#9b1815&Prime;][\/vc_headings][\/vc_column][\/vc_row][vc_row][vc_column css=\u00a0\u00bb.vc_custom_1687434474441{padding: 10px !important;}\u00a0\u00bb][vc_custom_heading text=\u00a0\u00bbAvec les incroyables exp\u00e9riences aventureuses de la faune qu\u2019offrent nos packs de safari, nous aimerions r\u00e9sumer votre safari en [&hellip;]<\/p>\n","protected":false},"author":4,"featured_media":0,"parent":27922,"menu_order":3,"comment_status":"closed","ping_status":"closed","template":"page-blank.php","meta":{"_themeisle_gutenberg_block_has_review":false,"footnotes":""},"class_list":["post-33931","page","type-page","status-publish","hentry"],"_links":{"self":[{"href":"https:\/\/mufasatoursandtravels.com\/fr\/wp-json\/wp\/v2\/pages\/33931","targetHints":{"allow":["GET"]}}],"collection":[{"href":"https:\/\/mufasatoursandtravels.com\/fr\/wp-json\/wp\/v2\/pages"}],"about":[{"href":"https:\/\/mufasatoursandtravels.com\/fr\/wp-json\/wp\/v2\/types\/page"}],"author":[{"embeddable":true,"href":"https:\/\/mufasatoursandtravels.com\/fr\/wp-json\/wp\/v2\/users\/4"}],"replies":[{"embeddable":true,"href":"https:\/\/mufasatoursandtravels.com\/fr\/wp-json\/wp\/v2\/comments?post=33931"}],"version-history":[{"count":1,"href":"https:\/\/mufasatoursandtravels.com\/fr\/wp-json\/wp\/v2\/pages\/33931\/revisions"}],"predecessor-version":[{"id":33934,"href":"https:\/\/mufasatoursandtravels.com\/fr\/wp-json\/wp\/v2\/pages\/33931\/revisions\/33934"}],"up":[{"embeddable":true,"href":"https:\/\/mufasatoursandtravels.com\/fr\/wp-json\/wp\/v2\/pages\/27922"}],"wp:attachment":[{"href":"https:\/\/mufasatoursandtravels.com\/fr\/wp-json\/wp\/v2\/media?parent=33931"}],"curies":[{"name":"wp","href":"https:\/\/api.w.org\/{rel}","templated":true}]}}