{"id":33951,"date":"2021-11-27T08:50:49","date_gmt":"2021-11-27T05:50:49","guid":{"rendered":"https:\/\/mufasatoursandtravels.com\/destinations\/parc-national-damboseli\/"},"modified":"2025-04-30T16:00:20","modified_gmt":"2025-04-30T13:00:20","slug":"parc-national-damboseli","status":"publish","type":"page","link":"https:\/\/mufasatoursandtravels.com\/fr\/destinations\/parc-national-damboseli\/","title":{"rendered":"Parc national d\u2019Amboseli"},"content":{"rendered":"[vc_row css=\u00a0\u00bb.vc_custom_1687877079683{background: rgba(0,0,0,0.47) url(https:\/\/mufasatoursandtravels.com\/wp-content\/uploads\/2022\/02\/destinations-amboseli1-boost.jpg?id=3983) !important;background-position: center !important;background-repeat: no-repeat !important;background-size: cover !important;*background-color: rgb(0,0,0) !important;}\u00a0\u00bb][vc_column css=\u00a0\u00bb.vc_custom_1687869367906{padding-top: 30px !important;padding-right: 50px !important;padding-bottom: 30px !important;padding-left: 50px !important;background-color: rgba(0,0,0,0.57) !important;*background-color: rgb(0,0,0) !important;}\u00a0\u00bb][vc_custom_heading text=\u00a0\u00bbParc national d\u2019Amboseli\u00a0\u00bb font_container=\u00a0\u00bbtag:h1|font_size:28|text_align:center|color:%23ffffff\u00a0\u00bb use_theme_fonts=\u00a0\u00bbyes\u00a0\u00bb el_class=\u00a0\u00bbcustom-opacity-text\u00a0\u00bb css=\u00a0\u00bb.vc_custom_1687876617607{margin-top: 30px !important;}\u00a0\u00bb][vc_empty_space][vc_btn title=\u00a0\u00bbExplorez avec nous\u00a0\u00bb style=\u00a0\u00bboutline\u00a0\u00bb shape=\u00a0\u00bbround\u00a0\u00bb align=\u00a0\u00bbcenter\u00a0\u00bb link=\u00a0\u00bburl:https%3A%2F%2Fmufasatoursandtravels.com%2Ffr%2Fdemander-un-devis%2F|\u00a0\u00bb][\/vc_column][\/vc_row][vc_row][vc_column css=\u00a0\u00bb.vc_custom_1675673043250{border-top-width: 10px !important;border-right-width: 10px !important;border-bottom-width: 10px !important;border-left-width: 10px !important;}\u00a0\u00bb][vc_tta_tabs shape=\u00a0\u00bbsquare\u00a0\u00bb color=\u00a0\u00bbjuicy-pink\u00a0\u00bb alignment=\u00a0\u00bbcenter\u00a0\u00bb active_section=\u00a0\u00bb1&Prime; no_fill_content_area=\u00a0\u00bbtrue\u00a0\u00bb][vc_tta_section title=\u00a0\u00bbEnviron\u00a0\u00bb tab_id=\u00a0\u00bb1636302233132-39a30584-a642&Prime;][info_list_father listclr=\u00a0\u00bb#f8f8f8&Prime;][info_list_son style=\u00a0\u00bbicon\u00a0\u00bb size=\u00a0\u00bb20&Prime; width=\u00a0\u00bb25&Prime; height=\u00a0\u00bb25&Prime; titleclr=\u00a0\u00bb#800000&Prime; icon=\u00a0\u00bbfas fa-question-circle\u00a0\u00bb title=\u00a0\u00bbParc national d\u2019Amboseli\u00a0\u00bb]\n<div>\n<div>Le parc national d\u2019Amboseli est l\u2019une des destinations les plus populaires du <a href=\"https:\/\/mufasatoursandtravels.com\/kenya-flying-safaris-2\/kenya-flying-safaris-long-stay\/\">Kenya<\/a>, connu pour ses paysages \u00e9poustouflants, sa faune abondante et ses exp\u00e9riences culturelles uniques. Situ\u00e9e \u00e0 l\u2019ombre du mont Kilimandjaro, Amboseli offre aux visiteurs la possibilit\u00e9 de voir les \u00e9l\u00e9phants de pr\u00e8s, ainsi que d\u2019autres animaux africains embl\u00e9matiques tels que les lions, les girafes, les z\u00e8bres, etc. Le parc propose \u00e9galement une vari\u00e9t\u00e9 d\u2019activit\u00e9s, notamment des safaris, des promenades guid\u00e9es dans la nature, l\u2019observation des oiseaux et des visites culturelles dans les villages Massa\u00ef. Avec des options d\u2019h\u00e9bergement confortables et une gamme de voyagistes disponibles, Amboseli est la destination id\u00e9ale pour une aventure de safari africaine inoubliable.   <\/div>\n<\/div>\n[\/info_list_son][info_list_son style=\u00a0\u00bbicon\u00a0\u00bb size=\u00a0\u00bb20&Prime; width=\u00a0\u00bb25&Prime; height=\u00a0\u00bb25&Prime; titleclr=\u00a0\u00bb#800000&Prime; icon=\u00a0\u00bbfas fa-binoculars\u00a0\u00bb title=\u00a0\u00bbEmplacement et g\u00e9ographie du parc national d\u2019Amboseli\u00a0\u00bb]Le parc est r\u00e9put\u00e9 pour \u00eatre le meilleur endroit au monde pour s\u2019approcher des \u00e9l\u00e9phants en libert\u00e9. Parmi les autres attractions du parc, citons la possibilit\u00e9 de rencontrer des Masa\u00ef et de visiter un village Masa\u00ef. Le parc offre \u00e9galement une vue sur le mont Kilimandjaro, la plus haute montagne autoportante du monde.  <\/p>\n<p>En outre, il offre certaines des meilleures opportunit\u00e9s de voir la faune africaine, car la v\u00e9g\u00e9tation est clairsem\u00e9e en raison des longs mois secs. L\u2019aire prot\u00e9g\u00e9e abrite l\u2019\u00e9l\u00e9phant de brousse d\u2019Afrique, le buffle du Cap, l\u2019impala, le lion, le gu\u00e9pard, la hy\u00e8ne tachet\u00e9e, la girafe masa\u00ef, le z\u00e8bre de Grant et le gnou bleu. Une foule de grands et de petits oiseaux se produisent \u00e9galement. Le parc a plusieurs r\u00e8gles pour prot\u00e9ger la faune : Ne jamais laisser le v\u00e9hicule, sauf aux endroits d\u00e9sign\u00e9s ; ne pas harceler les animaux de quelque mani\u00e8re que ce soit&nbsp;; restez toujours sur les rails&nbsp;; pas de conduite hors route&nbsp;; et donnez toujours la priorit\u00e9 aux animaux.  [\/info_list_son][info_list_son style=\u00a0\u00bbicon\u00a0\u00bb size=\u00a0\u00bb20&Prime; width=\u00a0\u00bb25&Prime; height=\u00a0\u00bb25&Prime; titleclr=\u00a0\u00bb#800000&Prime; icon=\u00a0\u00bbfas fa-blind\u00a0\u00bb title=\u00a0\u00bbActivit\u00e9s et attractions dans le parc national d\u2019Amboseli\u00a0\u00bb]\n<ul>\n<li class=\"code-line\" dir=\"auto\" data-line=\"27\"><strong>Observation de la faune :<\/strong> Amboseli abrite une grande vari\u00e9t\u00e9 d\u2019animaux sauvages, mais elle est particuli\u00e8rement c\u00e9l\u00e8bre pour ses grands troupeaux d\u2019\u00e9l\u00e9phants. Les visiteurs peuvent faire des safaris ou des promenades guid\u00e9es pour voir des \u00e9l\u00e9phants, des lions, des gu\u00e9pards, des z\u00e8bres, des girafes et bien plus encore dans leur habitat naturel. <\/li>\n<li class=\"code-line\" dir=\"auto\" data-line=\"28\"><strong>Observation des oiseaux&nbsp;:<\/strong> Plus de 400 esp\u00e8ces d\u2019oiseaux ont \u00e9t\u00e9 r\u00e9pertori\u00e9es \u00e0 Amboseli, ce qui en fait une excellente destination pour les ornithologues. Les esp\u00e8ces courantes comprennent l\u2019aigle p\u00eacheur africain, le pygargue \u00e0 gorge jaune et l\u2019autour des palombes. <\/li>\n<li class=\"code-line\" dir=\"auto\" data-line=\"29\"><strong>Visites culturelles :<\/strong> Les visiteurs peuvent en apprendre davantage sur la culture et les traditions masa\u00ef en visitant les villages voisins, en visitant des projets communautaires et en d\u00e9ployant des efforts de conservation dans la r\u00e9gion. Ces visites donnent un aper\u00e7u du mode de vie local et des d\u00e9fis auxquels sont confront\u00e9es les communaut\u00e9s vivant \u00e0 proximit\u00e9 des r\u00e9serves fauniques. <\/li>\n<li class=\"code-line\" dir=\"auto\" data-line=\"30\"><strong>Trekking et randonn\u00e9e :<\/strong> Amboseli est situ\u00e9 au pied du mont Kilimandjaro. Les visiteurs peuvent faire de la randonn\u00e9e jusqu\u2019\u00e0 diff\u00e9rents points de vue pour profiter d\u2019une vue imprenable sur la montagne et les plaines environnantes. Des promenades guid\u00e9es sont \u00e9galement disponibles dans le parc lui-m\u00eame.  <\/li>\n<li class=\"code-line\" dir=\"auto\" data-line=\"31\"><strong>Photographie:<\/strong> Les paysages spectaculaires et la faune abondante d\u2019Amboseli en font une excellente destination pour les amateurs de photographie. Les visiteurs peuvent capturer de superbes images d\u2019\u00e9l\u00e9phants avec en toile de fond le mont Kilimandjaro ou prendre des gros plans d\u2019oiseaux et d\u2019autres animaux sauvages. <\/li>\n<\/ul>\n<p>Les visiteurs d\u2019Amboseli peuvent \u00e9galement profiter de couchers de soleil et de d\u00eeners dans la brousse, de safaris nocturnes et de safaris en montgolfi\u00e8re, entre autres activit\u00e9s. Ceux-ci offrent des occasions uniques de vivre le parc diff\u00e9remment et de voir la faune sous diff\u00e9rents angles. [\/info_list_son][info_list_son style=\u00a0\u00bbicon\u00a0\u00bb size=\u00a0\u00bb20&Prime; width=\u00a0\u00bb25&Prime; height=\u00a0\u00bb25&Prime; titleclr=\u00a0\u00bb#800000&Prime; icon=\u00a0\u00bbfas fa-paw\u00a0\u00bb title=\u00a0\u00bbFaune et flore Parc national d\u2019Amboseli\u00a0\u00bb]Le parc est r\u00e9put\u00e9 pour sa riche diversit\u00e9 d\u2019animaux sauvages, notamment de grands troupeaux d\u2019\u00e9l\u00e9phants, de lions, de girafes, de z\u00e8bres et d\u2019autres animaux. Le parc est particuli\u00e8rement c\u00e9l\u00e8bre pour ses \u00e9l\u00e9phants majestueux, parmi les plus grands d\u2019Afrique. Amboseli est l\u2019un des rares endroits au monde o\u00f9 vous pouvez vous rapprocher de ces doux g\u00e9ants dans leur habitat naturel. Outre les \u00e9l\u00e9phants, Amboseli abrite \u00e9galement une grande vari\u00e9t\u00e9 d\u2019autres animaux, notamment des lions, des l\u00e9opards, des gu\u00e9pards, des hy\u00e8nes, des gazelles, des gnous, des buffles et bien d\u2019autres. Le parc est un paradis pour les amateurs de faune et les photographes, avec de nombreuses possibilit\u00e9s de rep\u00e9rer et de capturer des moments inoubliables de la faune. En plus d\u2019\u00eatre un havre de vie sauvage, Amboseli est \u00e9galement une zone de conservation essentielle pour les \u00e9l\u00e9phants, avec des efforts continus pour prot\u00e9ger et conserver ces magnifiques animaux. Le parc fait partie de l\u2019\u00e9cosyst\u00e8me d\u2019Amboseli-Tsavo, l\u2019un des habitats d\u2019\u00e9l\u00e9phants les plus importants au monde. Les visiteurs d\u2019Amboseli peuvent en apprendre davantage sur la conservation des \u00e9l\u00e9phants et les efforts du parc pour prot\u00e9ger ces magnifiques animaux.       [\/info_list_son][info_list_son style=\u00a0\u00bbicon\u00a0\u00bb size=\u00a0\u00bb20&Prime; width=\u00a0\u00bb25&Prime; height=\u00a0\u00bb25&Prime; titleclr=\u00a0\u00bb#800000&Prime; icon=\u00a0\u00bbfas fa-cloud-moon-rain\u00a0\u00bb title=\u00a0\u00bbMeilleur moment pour visiter le parc national d\u2019Amboseli\u00a0\u00bb]Le parc national d\u2019Amboseli a un climat semi-aride, ce qui signifie que les temp\u00e9ratures sont g\u00e9n\u00e9ralement chaudes et s\u00e8ches tout au long de l\u2019ann\u00e9e. Cependant, il existe deux saisons distinctes : la saison s\u00e8che et la saison humide. La saison s\u00e8che s\u2019\u00e9tend de juin \u00e0 octobre, et de juillet \u00e0 septembre sont les mois de pointe. Pendant cette p\u00e9riode, les pr\u00e9cipitations sont minimes et les temp\u00e9ratures sont chaudes, avec des soir\u00e9es fra\u00eeches. Ces conditions en font le meilleur moment pour l\u2019observation de la faune, car les animaux se rassemblent autour des quelques sources d\u2019eau restantes dans le parc. La saison s\u00e8che offre \u00e9galement la meilleure visibilit\u00e9 pour les vues sur le mont Kilimandjaro, souvent envelopp\u00e9 de nuages pendant la saison humide.     <\/p>\n<p>&nbsp;<\/p>\n<p>La saison des pluies s\u2019\u00e9tend de novembre \u00e0 mai, avril et mai \u00e9tant les mois de pointe. Pendant cette p\u00e9riode, les pr\u00e9cipitations sont plus importantes et les temp\u00e9ratures peuvent \u00eatre chaudes et humides. Cela peut rendre l\u2019observation de la faune plus difficile, car les animaux se dispersent \u00e0 la recherche d\u2019eau dans tout le parc. Cependant, la saison des pluies apporte une v\u00e9g\u00e9tation luxuriante et des fleurs sauvages, cr\u00e9ant des paysages \u00e9poustouflants et des opportunit\u00e9s de photos uniques. Le meilleur moment pour visiter le parc national d\u2019Amboseli d\u00e9pend de vos priorit\u00e9s. La saison s\u00e8che est votre meilleur pari si votre objectif principal est de voir la faune. Cependant, si vous \u00eates plus int\u00e9ress\u00e9 par le paysage et que les averses de pluie occasionnelles ne vous d\u00e9rangent pas, la saison des pluies peut \u00e9galement \u00eatre un excellent moment pour visiter.      [\/info_list_son][\/info_list_father][\/vc_tta_section][vc_tta_section title=\u00a0\u00bbComment s\u2019y rendre\u00a0\u00bb tab_id=\u00a0\u00bb1633455601016-f93699bc-5d92&Prime;][vc_gmaps link=\u00a0\u00bb#E-8_JTNDaWZyYW1lJTIwc3JjJTNEJTIyaHR0cHMlM0ElMkYlMkZtYXBzLmdvb2dsZS5jb20lMkZtYXBzJTNGcSUzRGFtYm9zZWxpJTI1MjBuYXRpb25hbCUyNTIwcGFyayUyNmFtcCUzQnQlM0RrJTI2YW1wJTNCeiUzRDExJTI2YW1wJTNCaWUlM0RVVEY4JTI2YW1wJTNCaXdsb2MlM0QlMjZhbXAlM0JvdXRwdXQlM0RlbWJlZCUyMiUyMGZyYW1lYm9yZGVyJTNEJTIyMCUyMiUyMHNjcm9sbGluZyUzRCUyMm5vJTIyJTIwd2lkdGglM0QlMjI2MDAlMjIlMjBoZWlnaHQlM0QlMjI0NTAlMjIlMjBzdHlsZSUzRCUyMmJvcmRlciUzQTAlMjIlMjBhbGxvd2Z1bGxzY3JlZW4lM0QlMjIlMjIlM0UlM0MlMkZpZnJhbWUlM0U=\u00a0\u00bb][\/vc_tta_section][vc_tta_section title=\u00a0\u00bbH\u00e9bergement\u00a0\u00bb tab_id=\u00a0\u00bb1741858764748-3414be80-043c\u00a0\u00bb][vc_row_inner][vc_column_inner width=\u00a0\u00bb1\/2&Prime;][vc_images_carousel images=\u00a0\u00bb29364,29370,29376&Prime; onclick=\u00a0\u00bbcustom_link\u00a0\u00bb custom_links_target=\u00a0\u00bb_blank\u00a0\u00bb custom_links=\u00a0\u00bb#E-8_aHR0cHMlM0ElMkYlMkZraWJvc2FmYXJpY2FtcC5jb20lMkY=\u00a0\u00bb][\/vc_column_inner][vc_column_inner width=\u00a0\u00bb1\/2&Prime;][vc_headings style=\u00a0\u00bbtheme3&Prime; linewidth=\u00a0\u00bb100&Prime; borderclr=\u00a0\u00bb#890000&Prime; title=\u00a0\u00bbKibo Safari Camp\u00a0\u00bb align=\u00a0\u00bbleft\u00a0\u00bb google_fonts=\u00a0\u00bbfont_family:Roboto%3A100%2C100italic%2C300%2C300italic%2Cregular%2Citalic%2C500%2C500italic%2C700%2C700italic%2C900%2C900italic\u00a0\u00bb titleclr=\u00a0\u00bb#000000&Prime;][\/vc_headings][vc_column_text el_class=\u00a0\u00bbcard\u00a0\u00bb]<a href=\"https:\/\/kibosafaricamp.com\/\" rel=\"nofollow noopener\" target=\"_blank\">Le Kibo Safari Camp<\/a> dispose de 73 tentes autonomes pour l\u2019h\u00e9bergement simple, double, triple et familial. Les lits ont \u00e9t\u00e9 con\u00e7us sur mesure et fabriqu\u00e9s localement \u00e0 l\u2019aide de rondins de brousse et vous assureront une bonne nuit de sommeil ! Toutes les tentes sont \u00e9quip\u00e9es de toilettes \u00e0 chasse d\u2019eau, de douches et de lavabos. Vous pouvez profiter de votre douche comme vous le souhaitez : chaude bouillonnante ou froide rafra\u00eechissante. Pour la dur\u00e9e de votre s\u00e9jour dans la brousse africaine, le <a href=\"https:\/\/kibosafaricamp.com\/\" rel=\"nofollow noopener\" target=\"_blank\">Kibo Safari Camp<\/a> sera votre maison loin de chez vous&nbsp;![\/vc_column_text][\/vc_column_inner][\/vc_row_inner][vc_row_inner][vc_column_inner width=\u00a0\u00bb1\/2&Prime;][vc_images_carousel images=\u00a0\u00bb35088&Prime; onclick=\u00a0\u00bbcustom_link\u00a0\u00bb custom_links_target=\u00a0\u00bb_blank\u00a0\u00bb custom_links=\u00a0\u00bb#E-8_aHR0cHMlM0ElMkYlMkZvbHR1a2FpbG9kZ2UuY29tJTJG\u00a0\u00bb][\/vc_column_inner][vc_column_inner width=\u00a0\u00bb1\/2&Prime;][vc_headings style=\u00a0\u00bbtheme3&Prime; linewidth=\u00a0\u00bb100&Prime; borderclr=\u00a0\u00bb#890000&Prime; title=\u00a0\u00bbAngama Amboseli\u00a0\u00bb align=\u00a0\u00bbleft\u00a0\u00bb google_fonts=\u00a0\u00bbfont_family:Roboto%3A100%2C100italic%2C300%2C300italic%2Cregular%2Citalic%2C500%2C500italic%2C700%2C700italic%2C900%2C900italic\u00a0\u00bb titleclr=\u00a0\u00bb#000000&Prime; caption_url=\u00a0\u00bb\u00a0\u00bb caption_urls=\u00a0\u00bb\u00a0\u00bb caption_urlss=\u00a0\u00bb\u00a0\u00bb caption_urldesc=\u00a0\u00bb\u00a0\u00bb][\/vc_headings][vc_column_text el_class=\u00a0\u00bbcard\u00a0\u00bb]R\u00e9put\u00e9 pour ses paysages luxuriants et sa remarquable densit\u00e9 d\u2019animaux sauvages, ainsi que pour son c\u00e9l\u00e8bre toile de fond, le mont Kilimandjaro, le plus haut sommet d\u2019Afrique. Situ\u00e9 dans une for\u00eat de Fever Tree o\u00f9 errent certains des derniers Super Tuskers d\u2019Afrique &#8211; des \u00e9l\u00e9phants avec des d\u00e9fenses si grandes qu\u2019ils tra\u00eenent sur le sol en marchant &#8211; <a href=\"https:\/\/angama.com\/\" rel=\"nofollow noopener\" target=\"_blank\">Angama Amboseli<\/a> est un d\u00e9but ou une fin en douceur pour tout safari en Afrique de l\u2019Est.[\/vc_column_text][\/vc_column_inner][\/vc_row_inner][vc_row_inner][vc_column_inner width=\u00a0\u00bb1\/2&Prime;][vc_images_carousel images=\u00a0\u00bb29405,29411,29417&Prime; onclick=\u00a0\u00bbcustom_link\u00a0\u00bb custom_links_target=\u00a0\u00bb_blank\u00a0\u00bb custom_links=\u00a0\u00bb#E-8_aHR0cHMlM0ElMkYlMkZ3d3cuYW1ib3NlbGkuY29tJTJGYWNjb21tb2RhdGlvbiUyRnNlbnRyaW0tYW1ib3NlbGk=\u00a0\u00bb][\/vc_column_inner][vc_column_inner width=\u00a0\u00bb1\/2&Prime;][vc_headings style=\u00a0\u00bbtheme3&Prime; linewidth=\u00a0\u00bb100&Prime; borderclr=\u00a0\u00bb#890000&Prime; title=\u00a0\u00bbSentrim Amboseli Lodge\u00a0\u00bb align=\u00a0\u00bbleft\u00a0\u00bb google_fonts=\u00a0\u00bbfont_family:Roboto%3A100%2C100italic%2C300%2C300italic%2Cregular%2Citalic%2C500%2C500italic%2C700%2C700italic%2C900%2C900italic\u00a0\u00bb titleclr=\u00a0\u00bb#000000&Prime;][\/vc_headings][vc_column_text el_class=\u00a0\u00bbcard\u00a0\u00bb]Amboseli Sentrim Lodge est un luxueux lodge sous tente avec 60 tentes modernes avec une vue priv\u00e9e sur le mont Kilimandjaro avec le tout dernier camping de luxe avec des lits moelleux, une salle de bain attenante avec une douche chaude fumante, un lavabo et des toilettes \u00e0 chasse d\u2019eau. \u00c0 l\u2019int\u00e9rieur de la tente, le lodge dispose d\u2019un plateau\/bouilloire, d\u2019un r\u00e9frig\u00e9rateur, d\u2019un ventilateur, d\u2019un s\u00e8che-cheveux et de coffres-forts \u00e9lectroniques.[\/vc_column_text][\/vc_column_inner][\/vc_row_inner][vc_row_inner][vc_column_inner width=\u00a0\u00bb1\/2&Prime;][vc_images_carousel images=\u00a0\u00bb29425,29431,29437&Prime; onclick=\u00a0\u00bbcustom_link\u00a0\u00bb custom_links_target=\u00a0\u00bb_blank\u00a0\u00bb custom_links=\u00a0\u00bb#E-8_aHR0cHMlM0ElMkYlMkZ3d3cuc2VyZW5haG90ZWxzLmNvbSUyRmFtYm9zZWxpJTNGc3JzbHRpZCUzREFmbUJPb3FPU2VEVVY1bDVaWWxWNmxha293cTlIQnR0djAwOEtqQmdlZlg0TDltUzZBV1ltaDFo\u00a0\u00bb][\/vc_column_inner][vc_column_inner width=\u00a0\u00bb1\/2&Prime;][vc_headings style=\u00a0\u00bbtheme3&Prime; linewidth=\u00a0\u00bb100&Prime; borderclr=\u00a0\u00bb#890000&Prime; title=\u00a0\u00bbAmboseli Serena Safari Lodge\u00a0\u00bb align=\u00a0\u00bbleft\u00a0\u00bb google_fonts=\u00a0\u00bbfont_family:Roboto%3A100%2C100italic%2C300%2C300italic%2Cregular%2Citalic%2C500%2C500italic%2C700%2C700italic%2C900%2C900italic\u00a0\u00bb titleclr=\u00a0\u00bb#000000&Prime;][\/vc_headings][vc_column_text el_class=\u00a0\u00bbcard\u00a0\u00bb]Amboseli Serena Safari Lodge a \u00e9t\u00e9 cr\u00e9\u00e9 pour les aventuriers ayant un r\u00eave africain. Avec le mont Kilimandjaro qui s\u2019\u00e9l\u00e8ve majestueusement juste au-del\u00e0 de la savane dor\u00e9e et parsem\u00e9e d\u2019acacias, le lodge safari offre un m\u00e9lange gracieux de beaut\u00e9 aust\u00e8re et de confort somptueux au c\u0153ur du parc national d\u2019Amboseli au Kenya[\/vc_column_text][\/vc_column_inner][\/vc_row_inner][vc_row_inner][vc_column_inner width=\u00a0\u00bb1\/2&Prime;][vc_images_carousel images=\u00a0\u00bb29444,29450,29456&Prime; onclick=\u00a0\u00bbcustom_link\u00a0\u00bb custom_links_target=\u00a0\u00bb_blank\u00a0\u00bb custom_links=\u00a0\u00bb#E-8_aHR0cHMlM0ElMkYlMkZ3d3cuZWxld2FuYWNvbGxlY3Rpb24uY29tJTJGdG9ydGlsaXMtY2FtcC1hbWJvc2VsaSUyRmF0LWEtZ2xhbmNl\u00a0\u00bb][\/vc_column_inner][vc_column_inner width=\u00a0\u00bb1\/2&Prime;][vc_headings style=\u00a0\u00bbtheme3&Prime; linewidth=\u00a0\u00bb100&Prime; borderclr=\u00a0\u00bb#890000&Prime; title=\u00a0\u00bbElewana Tortilis Camp\u00a0\u00bb align=\u00a0\u00bbleft\u00a0\u00bb google_fonts=\u00a0\u00bbfont_family:Roboto%3A100%2C100italic%2C300%2C300italic%2Cregular%2Citalic%2C500%2C500italic%2C700%2C700italic%2C900%2C900italic\u00a0\u00bb titleclr=\u00a0\u00bb#000000&Prime;][\/vc_headings][vc_column_text el_class=\u00a0\u00bbcard\u00a0\u00bb]<a href=\"https:\/\/www.elewanacollection.com\/tortilis-camp-amboseli\/at-a-glance\" rel=\"nofollow noopener\" target=\"_blank\">Tortilis Camp<\/a> porte le nom de l\u2019arbre \u00e9pineux parapluie \u00e0 cime plate, l\u2019Acacia Tortilis, et embrasse une colline dans l\u2019une des zones de la for\u00eat d\u2019Acacia Tortilis d\u2019Amboseli. Situ\u00e9 dans une r\u00e9serve priv\u00e9e en bordure du parc national, des safaris, des promenades, des couchers de soleil et des repas de brousse ont lieu \u00e0 la fois \u00e0 l\u2019int\u00e9rieur du parc national et dans la r\u00e9serve, o\u00f9 les clients b\u00e9n\u00e9ficient d\u2019une exclusivit\u00e9. Les tentes sont toutes spacieuses, avec des lits king size ou des lits jumeaux et d\u2019\u00e9l\u00e9gantes salles de bains privatives. Il y a un salon principal, un bar et une salle \u00e0 manger, tous construits avec des mat\u00e9riaux naturels et des toits de chaume. La maison priv\u00e9e et la tente familiale sont situ\u00e9es l\u00e9g\u00e8rement \u00e0 l\u2019\u00e9cart du camp principal, sur la colline o\u00f9 elles partagent une piscine.    <\/p>\n<p><a href=\"https:\/\/www.elewanacollection.com\/tortilis-camp-amboseli\/at-a-glance\" rel=\"nofollow noopener\" target=\"_blank\">Tortilis Camp<\/a> a \u00e9t\u00e9 l\u2019un des premiers \u00e9co-lodges de sa taille, et est tr\u00e8s fier d\u2019\u00eatre 100&nbsp;% solaire. Les clients peuvent \u00eatre assur\u00e9s qu\u2019ils laissent une empreinte minimale pendant leur s\u00e9jour.[\/vc_column_text][\/vc_column_inner][\/vc_row_inner][\/vc_tta_section][\/vc_tta_tabs][\/vc_column][\/vc_row]\n","protected":false},"excerpt":{"rendered":"<p>[vc_row css=\u00a0\u00bb.vc_custom_1687877079683{background: rgba(0,0,0,0.47) url(https:\/\/mufasatoursandtravels.com\/wp-content\/uploads\/2022\/02\/destinations-amboseli1-boost.jpg?id=3983) !important;background-position: center !important;background-repeat: no-repeat !important;background-size: cover !important;*background-color: rgb(0,0,0) !important;}\u00a0\u00bb][vc_column css=\u00a0\u00bb.vc_custom_1687869367906{padding-top: 30px !important;padding-right: 50px !important;padding-bottom: 30px !important;padding-left: 50px !important;background-color: rgba(0,0,0,0.57) !important;*background-color: rgb(0,0,0) !important;}\u00a0\u00bb][vc_custom_heading text=\u00a0\u00bbParc national d\u2019Amboseli\u00a0\u00bb font_container=\u00a0\u00bbtag:h1|font_size:28|text_align:center|color:%23ffffff\u00a0\u00bb use_theme_fonts=\u00a0\u00bbyes\u00a0\u00bb el_class=\u00a0\u00bbcustom-opacity-text\u00a0\u00bb css=\u00a0\u00bb.vc_custom_1687876617607{margin-top: 30px !important;}\u00a0\u00bb][vc_empty_space][vc_btn title=\u00a0\u00bbExplorez avec nous\u00a0\u00bb style=\u00a0\u00bboutline\u00a0\u00bb shape=\u00a0\u00bbround\u00a0\u00bb align=\u00a0\u00bbcenter\u00a0\u00bb link=\u00a0\u00bburl:https%3A%2F%2Fmufasatoursandtravels.com%2Ffr%2Fdemander-un-devis%2F|\u00a0\u00bb][\/vc_column][\/vc_row][vc_row][vc_column css=\u00a0\u00bb.vc_custom_1675673043250{border-top-width: 10px !important;border-right-width: 10px !important;border-bottom-width: 10px !important;border-left-width: 10px !important;}\u00a0\u00bb][vc_tta_tabs shape=\u00a0\u00bbsquare\u00a0\u00bb color=\u00a0\u00bbjuicy-pink\u00a0\u00bb alignment=\u00a0\u00bbcenter\u00a0\u00bb active_section=\u00a0\u00bb1&Prime; [&hellip;]<\/p>\n","protected":false},"author":3,"featured_media":0,"parent":27931,"menu_order":2,"comment_status":"closed","ping_status":"closed","template":"","meta":{"_themeisle_gutenberg_block_has_review":false,"footnotes":""},"class_list":["post-33951","page","type-page","status-publish","hentry"],"_links":{"self":[{"href":"https:\/\/mufasatoursandtravels.com\/fr\/wp-json\/wp\/v2\/pages\/33951","targetHints":{"allow":["GET"]}}],"collection":[{"href":"https:\/\/mufasatoursandtravels.com\/fr\/wp-json\/wp\/v2\/pages"}],"about":[{"href":"https:\/\/mufasatoursandtravels.com\/fr\/wp-json\/wp\/v2\/types\/page"}],"author":[{"embeddable":true,"href":"https:\/\/mufasatoursandtravels.com\/fr\/wp-json\/wp\/v2\/users\/3"}],"replies":[{"embeddable":true,"href":"https:\/\/mufasatoursandtravels.com\/fr\/wp-json\/wp\/v2\/comments?post=33951"}],"version-history":[{"count":4,"href":"https:\/\/mufasatoursandtravels.com\/fr\/wp-json\/wp\/v2\/pages\/33951\/revisions"}],"predecessor-version":[{"id":35897,"href":"https:\/\/mufasatoursandtravels.com\/fr\/wp-json\/wp\/v2\/pages\/33951\/revisions\/35897"}],"up":[{"embeddable":true,"href":"https:\/\/mufasatoursandtravels.com\/fr\/wp-json\/wp\/v2\/pages\/27931"}],"wp:attachment":[{"href":"https:\/\/mufasatoursandtravels.com\/fr\/wp-json\/wp\/v2\/media?parent=33951"}],"curies":[{"name":"wp","href":"https:\/\/api.w.org\/{rel}","templated":true}]}}