{"id":33978,"date":"2021-10-13T20:31:42","date_gmt":"2021-10-13T17:31:42","guid":{"rendered":"https:\/\/mufasatoursandtravels.com\/excursions-dune-journee\/"},"modified":"2026-03-06T19:29:42","modified_gmt":"2026-03-06T16:29:42","slug":"excursions-dune-journee__trashed","status":"publish","type":"page","link":"https:\/\/mufasatoursandtravels.com\/fr\/excursions-dune-journee__trashed\/","title":{"rendered":"Excursions d\u2019une journ\u00e9e"},"content":{"rendered":"[vc_row full_width=\u00a0\u00bbstretch_row\u00a0\u00bb][vc_column][vc_gallery type=\u00a0\u00bbnivo\u00a0\u00bb interval=\u00a0\u00bb3&Prime; images=\u00a0\u00bb1027,1024&Prime; img_size=\u00a0\u00bbfull\u00a0\u00bb][\/vc_column][\/vc_row][vc_row][vc_column][vc_column_text]\n[\/vc_column_text][\/vc_column][\/vc_row][vc_row][vc_column][vc_tta_tabs shape=\u00a0\u00bbsquare\u00a0\u00bb color=\u00a0\u00bbjuicy-pink\u00a0\u00bb active_section=\u00a0\u00bb1&Prime; no_fill_content_area=\u00a0\u00bbtrue\u00a0\u00bb][vc_tta_section title=\u00a0\u00bbProgramme\u00a0\u00bb tab_id=\u00a0\u00bb1633454673222-3d94f956-010c\u00a0\u00bb][info_list_father][info_list_son style=\u00a0\u00bbicon\u00a0\u00bb size=\u00a0\u00bb10&Prime; width=\u00a0\u00bb20&Prime; height=\u00a0\u00bb30&Prime; titleclr=\u00a0\u00bb#811a18&Prime; title=\u00a0\u00bbArriv\u00e9e : (Voir S\u2019y rendre pour plus de d\u00e9tails)\u00a0\u00bb icon=\u00a0\u00bbfas fa-map-marker-alt\u00a0\u00bb iconclr=\u00a0\u00bb#811a18&Prime; lineheight=\u00a0\u00bb2&Prime; caption_url=\u00a0\u00bb\u00a0\u00bb]&gt;  Vous serez pris en charge \u00e0 l\u2019a\u00e9roport.<br \/>\n&gt;  L\u2019h\u00e9bergement avant le d\u00e9but de la visite peut \u00eatre organis\u00e9 moyennant des frais suppl\u00e9mentaires.<\/p>\n[\/info_list_son][info_list_son style=\u00a0\u00bbicon\u00a0\u00bb size=\u00a0\u00bb10&Prime; width=\u00a0\u00bb20&Prime; height=\u00a0\u00bb30&Prime; titleclr=\u00a0\u00bb#811a18&Prime; icon=\u00a0\u00bbfas fa-dot-circle\u00a0\u00bb iconclr=\u00a0\u00bb#811a18&Prime; title=\u00a0\u00bbJour 1 : Arriv\u00e9e au Kilimandjaro &#8211; Arusha\u00a0\u00bb lineheight=\u00a0\u00bb2&Prime;]\n<div class=\"day__inner__block\">\n<p class=\"shorten-m\" data-shorten=\"300\">\u2013 bienvenue en Tanzanie : \u00c0 votre arriv\u00e9e au Kilimandjaro (JRO), vous rencontrerez votre chauffeur guide pour votre transfert \u00e0 l\u2019h\u00f4tel, ce qui prendra moins d\u2019une heure. Restez \u00e0 l\u2019h\u00f4tel Mount meru arusha pour l\u2019h\u00e9bergement, puis reposez-vous pour les aventures du lendemain, cela d\u00e9pendra de votre heure d\u2019arriv\u00e9e. Apr\u00e8s votre arriv\u00e9e \u00e0 l\u2019h\u00f4tel, notre repr\u00e9sentant vous assistera et vous aurez un bref briefing sur votre safari le lendemain et vous ferez connaissance avec votre guide de safari.  <\/p>\n<\/div>\n<div class=\"day__inner__block\"><\/div>\n[\/info_list_son][info_list_son style=\u00a0\u00bbicon\u00a0\u00bb size=\u00a0\u00bb10&Prime; width=\u00a0\u00bb20&Prime; height=\u00a0\u00bb30&Prime; titleclr=\u00a0\u00bb#811a18&Prime; icon=\u00a0\u00bbfas fa-dot-circle\u00a0\u00bb iconclr=\u00a0\u00bb#811a18&Prime; title=\u00a0\u00bbJour 2 : Arusha &#8211; Parc National de Tarangire\u00a0\u00bb lineheight=\u00a0\u00bb2&Prime;]\n<p>Prise en charge \u00e0 7h30 puis route vers le parc national de Tarangire, avec pique-fourni, faites un safari le reste de la journ\u00e9e. C\u2019est le sixi\u00e8me plus grand parc national de Tanzanie, il est situ\u00e9 dans la r\u00e9gion de Manyara. Le nom du parc provient de la rivi\u00e8re Tarangire qui traverse le parc. La rivi\u00e8re Tarangire est la principale source d\u2019eau douce pour les animaux sauvages de l\u2019\u00e9cosyst\u00e8me de Tarangire pendant la saison s\u00e8che annuelle. L\u2019\u00e9cosyst\u00e8me du Tarangire est d\u00e9fini par la migration sur de longues distances des gnous et des z\u00e8bres. Pendant la saison s\u00e8che, des milliers d\u2019animaux se concentrent dans le parc \u00e0 partir des zones de dispersion et de mise bas environnantes pendant la saison humide. Le parc est c\u00e9l\u00e8bre pour sa forte densit\u00e9 d\u2019\u00e9l\u00e9phants et de baobabs. Les visiteurs du parc pendant la saison s\u00e8che de juin \u00e0 novembre peuvent s\u2019attendre \u00e0 voir de grands troupeaux de milliers de z\u00e8bres, de gnous et de buffles du Cap. Parmi les autres animaux r\u00e9sidents courants, citons le waterbuck, la girafe, le dik dik, l\u2019impala, l\u2019\u00e9land, la gazelle de Grant, le singe vervet, la mangouste bagu\u00e9e et le babouin olive.        <\/p>\n[\/info_list_son][info_list_son style=\u00a0\u00bbicon\u00a0\u00bb size=\u00a0\u00bb10&Prime; width=\u00a0\u00bb20&Prime; height=\u00a0\u00bb30&Prime; titleclr=\u00a0\u00bb#811a18&Prime; icon=\u00a0\u00bbfas fa-dot-circle\u00a0\u00bb iconclr=\u00a0\u00bb#811a18&Prime; title=\u00a0\u00bbJour 3 : Parc National de Karatu Serengeti\u00a0\u00bb lineheight=\u00a0\u00bb2&Prime;]\n<p>Le petit-d\u00e9jeuner est parti avec un panier-repas et se dirige vers le Serengeti pour un safari \u00e0 travers l\u2019agriculture et les magnifiques terres agricoles de haute altitude de Karatu et la zone de conservation du Ngorongoro. Laissant les hauts plateaux derri\u00e8re nous, nous descendons au c\u0153ur de l\u2019Afrique sauvage : le parc national du Serengeti, avec ses plaines sans fin qui s\u2019\u00e9tendent au loin \u00e0 perte de vue. Nous nous dirigeons vers la zone centrale du parc, connue sous le nom de zone Seronera, l\u2019un des habitats fauniques les plus riches du parc, avec la rivi\u00e8re Seronera. Nous arrivons \u00e0 temps pour le d\u00e9jeuner et profitons d\u2019un safari dans l\u2019apr\u00e8s-midi dans le parc national du Serengeti. Continuez vers le Serengeti, en profitant d\u2019une belle route panoramique avec vue sur la zone de conservation du Ngorongoro en cours de route, vous traverserez un village traditionnel Massa\u00ef o\u00f9 vous aurez l\u2019occasion de d\u00e9couvrir la culture et le mode de vie de son peuple nomade. Vous serez accueilli par les Maasa\u00ef.     <\/p>\n[\/info_list_son][info_list_son style=\u00a0\u00bbicon\u00a0\u00bb size=\u00a0\u00bb10&Prime; width=\u00a0\u00bb20&Prime; height=\u00a0\u00bb30&Prime; titleclr=\u00a0\u00bb#811a18&Prime; icon=\u00a0\u00bbfas fa-dot-circle\u00a0\u00bb iconclr=\u00a0\u00bb#811a18&Prime; title=\u00a0\u00bbJour 4 : Du centre du Serengeti au nord du Serengeti\u00a0\u00bb lineheight=\u00a0\u00bb2&Prime;]\n<p>Vous avez une journ\u00e9e compl\u00e8te d\u2019excursions dans le Serengeti aujourd\u2019hui en profitant des safaris du matin et de l\u2019apr\u00e8s-midi depuis le camp. Le nord du Serengeti, appel\u00e9 Seronera, est un r\u00e9seau de rivi\u00e8res qui assurent un approvisionnement en eau fiable attirant la faune tout au long de l\u2019ann\u00e9e. C\u2019est ici que vous aurez votre meilleure occasion d\u2019apercevoir les \u00ab&nbsp;Big Five&nbsp;\u00bb : lions, \u00e9l\u00e9phants, buffles, rhinoc\u00e9ros et l\u00e9opard. Les observations d\u2019animaux ne manqueront pas, car la pr\u00e9sence de flaques de boue permanentes et d\u2019ombre attire les girafes, les impalas, les phacoch\u00e8res et les hippopotames. Vous pourrez \u00e9galement apercevoir des gu\u00e9pards, des hy\u00e8nes et des chacals.    <\/p>\n[\/info_list_son][\/info_list_father][\/vc_tta_section][vc_tta_section title=\u00a0\u00bbTarifs\u00a0\u00bb tab_id=\u00a0\u00bb1633454673248-4ec9e207-8783&Prime;][vc_column_text]\n<table>\n<tbody>\n<tr>\n<td><strong>Dates de<\/strong><\/td>\n<p> d\u00e9but<\/p>\n<td><strong>Solo<\/strong> <strong>1 pi\u00e8ce<\/strong><\/td>\n<td><strong>2+ personnes<\/strong> <strong>Chambres partag\u00e9es<\/strong><\/td>\n<\/tr>\n<tr>\n<td>1 janv. 2022 &#8211; 31 d\u00e9c. 2022<\/td>\n<td>n\/a*<\/td>\n<td>2 970 $<\/td>\n<\/tr>\n<tr>\n<td>1 janv. 2023 &#8211; 31 d\u00e9c. 2023<\/td>\n<th><strong>n\/a*<\/strong><\/th>\n<td>2 970 $<\/td>\n<\/tr>\n<tr>\n<td>1 janv. 2024 &#8211; 31 d\u00e9c. 2024<\/td>\n<td>n\/a*<\/td>\n<td>2 970 $<\/td>\n<\/tr>\n<\/tbody>\n<\/table>\n[\/vc_column_text][\/vc_tta_section][vc_tta_section title=\u00a0\u00bbInclusif\/Exclusif\u00a0\u00bb tab_id=\u00a0\u00bb1633455601016-f93699bc-5d92&Prime;][vc_row_inner][vc_column_inner width=\u00a0\u00bb1\/2&Prime;][info_list_father][info_list_son style=\u00a0\u00bbicon\u00a0\u00bb size=\u00a0\u00bb10&Prime; width=\u00a0\u00bb30&Prime; height=\u00a0\u00bb30&Prime; titleclr=\u00a0\u00bb#000000&Prime; icon=\u00a0\u00bbfas fa-search-plus\u00a0\u00bb iconclr=\u00a0\u00bb#055402&Prime; title=\u00a0\u00bbInclus\u00a0\u00bb lineheight=\u00a0\u00bb2&Prime;]\n<ul class=\"list list--icon\">\n<li>Frais de parc <span class=\"txt--xsmall txt--xgrey\">(pour les non-r\u00e9sidents)<\/span><\/li>\n<li>Toutes les activit\u00e9s <span class=\"txt--xsmall txt--xgrey\">(sauf si elles sont \u00e9tiquet\u00e9es comme facultatives)<\/span><\/li>\n<li>Tous les logements <span class=\"txt--xsmall txt--xgrey\">(sauf s\u2019ils sont r\u00e9pertori\u00e9s comme surclassement)<\/span><\/li>\n<li>Un chauffeur\/guide professionnel<\/li>\n<li>Tous les transports <span class=\"txt--xsmall txt--xgrey\">(sauf s\u2019ils sont \u00e9tiquet\u00e9s comme facultatifs)<\/span><\/li>\n<li>Toutes les taxes\/TVA<\/li>\n<li>Transfert a\u00e9roport aller-retour<\/li>\n<li>Repas <span class=\"txt--xsmall txt--xgrey\">(comme sp\u00e9cifi\u00e9 dans la section au jour le jour)<\/span><\/li>\n<li>Boissons <span class=\"txt--xsmall txt--xgrey\">(comme sp\u00e9cifi\u00e9 dans la section jour par jour)<\/span><\/li>\n<\/ul>\n[\/info_list_son][\/info_list_father][\/vc_column_inner][vc_column_inner width=\u00a0\u00bb1\/2&Prime;][info_list_father][info_list_son style=\u00a0\u00bbicon\u00a0\u00bb size=\u00a0\u00bb10&Prime; width=\u00a0\u00bb30&Prime; height=\u00a0\u00bb30&Prime; titleclr=\u00a0\u00bb#000000&Prime; icon=\u00a0\u00bbfas fa-search-minus\u00a0\u00bb iconclr=\u00a0\u00bb#811a18&Prime; title=\u00a0\u00bbExclu\u00a0\u00bb lineheight=\u00a0\u00bb2&Prime;]\n<ul class=\"list list--icon\">\n<li>Vols internationaux <span class=\"txt--xsmall txt--xgrey\">(de\/vers la maison)<\/span><\/li>\n<li>H\u00e9bergement suppl\u00e9mentaire avant et \u00e0 la fin de la visite<\/li>\n<li>Pourboires <span class=\"txt--xsmall txt--xgrey\">(Pourboire 10,00 $ US par personne par jour)<\/span><\/li>\n<li>Objets personnels <span class=\"txt--xsmall txt--xgrey\">(Souvenirs, assurance voyage, frais de visa, etc.)<\/span><\/li>\n<li>Augmentation impos\u00e9e par le gouvernement des taxes et\/ou des frais de parc<\/li>\n<\/ul>\n[\/info_list_son][\/info_list_father][\/vc_column_inner][\/vc_row_inner][\/vc_tta_section][vc_tta_section title=\u00a0\u00bbCarte\u00a0\u00bb tab_id=\u00a0\u00bb1633892890537-5637ec0b-4c69&Prime;][vc_gmaps link=\u00a0\u00bb#E-8_JTNDaWZyYW1lJTIwc3JjJTNEJTIyaHR0cHMlM0ElMkYlMkZ3d3cuZ29vZ2xlLmNvbSUyRm1hcHMlMkZlbWJlZCUzRnBiJTNEJTIxMW0xOCUyMTFtMTIlMjExbTMlMjExZDYzMDQuODI5OTg2MTMxMjcxJTIxMmQtMTIyLjQ3NDY5NjgwMzMwOTIlMjEzZDM3LjgwMzc0NzUyMTYwNDQzJTIxMm0zJTIxMWYwJTIxMmYwJTIxM2YwJTIxM20yJTIxMWkxMDI0JTIxMmk3NjglMjE0ZjEzLjElMjEzbTMlMjExbTIlMjExczB4ODA4NTg2ZTYzMDI2MTVhMSUyNTNBMHg4NmJkMTMwMjUxNzU3YzAwJTIxMnNTdG9yZXklMkJBdmUlMjUyQyUyQlNhbiUyQkZyYW5jaXNjbyUyNTJDJTJCQ0ElMkI5NDEyOSUyMTVlMCUyMTNtMiUyMTFzZW4lMjEyc3VzJTIxNHYxNDM1ODI2NDMyMDUxJTIyJTIwd2lkdGglM0QlMjI2MDAlMjIlMjBoZWlnaHQlM0QlMjI0NTAlMjIlMjBmcmFtZWJvcmRlciUzRCUyMjAlMjIlMjBzdHlsZSUzRCUyMmJvcmRlciUzQTAlMjIlMjBhbGxvd2Z1bGxzY3JlZW4lM0QlMjIlMjIlM0UlM0MlMkZpZnJhbWUlM0U=\u00a0\u00bb][\/vc_tta_section][\/vc_tta_tabs][\/vc_column][\/vc_row]\n","protected":false},"excerpt":{"rendered":"<p>[vc_row full_width=\u00a0\u00bbstretch_row\u00a0\u00bb][vc_column][vc_gallery type=\u00a0\u00bbnivo\u00a0\u00bb interval=\u00a0\u00bb3&Prime; images=\u00a0\u00bb1027,1024&Prime; img_size=\u00a0\u00bbfull\u00a0\u00bb][\/vc_column][\/vc_row][vc_row][vc_column][vc_column_text] [\/vc_column_text][\/vc_column][\/vc_row][vc_row][vc_column][vc_tta_tabs shape=\u00a0\u00bbsquare\u00a0\u00bb color=\u00a0\u00bbjuicy-pink\u00a0\u00bb active_section=\u00a0\u00bb1&Prime; no_fill_content_area=\u00a0\u00bbtrue\u00a0\u00bb][vc_tta_section title=\u00a0\u00bbProgramme\u00a0\u00bb tab_id=\u00a0\u00bb1633454673222-3d94f956-010c\u00a0\u00bb][info_list_father][info_list_son style=\u00a0\u00bbicon\u00a0\u00bb size=\u00a0\u00bb10&Prime; width=\u00a0\u00bb20&Prime; height=\u00a0\u00bb30&Prime; titleclr=\u00a0\u00bb#811a18&Prime; title=\u00a0\u00bbArriv\u00e9e : (Voir S\u2019y rendre pour plus de d\u00e9tails)\u00a0\u00bb icon=\u00a0\u00bbfas fa-map-marker-alt\u00a0\u00bb iconclr=\u00a0\u00bb#811a18&Prime; lineheight=\u00a0\u00bb2&Prime; caption_url=\u00a0\u00bb\u00a0\u00bb]&gt; Vous serez pris en charge \u00e0 l\u2019a\u00e9roport. &gt; L\u2019h\u00e9bergement avant le d\u00e9but de la visite peut \u00eatre organis\u00e9 moyennant des frais suppl\u00e9mentaires. [\/info_list_son][info_list_son [&hellip;]<\/p>\n","protected":false},"author":3,"featured_media":0,"parent":0,"menu_order":70,"comment_status":"closed","ping_status":"closed","template":"","meta":{"_themeisle_gutenberg_block_has_review":false,"footnotes":""},"class_list":["post-33978","page","type-page","status-publish","hentry"],"_links":{"self":[{"href":"https:\/\/mufasatoursandtravels.com\/fr\/wp-json\/wp\/v2\/pages\/33978","targetHints":{"allow":["GET"]}}],"collection":[{"href":"https:\/\/mufasatoursandtravels.com\/fr\/wp-json\/wp\/v2\/pages"}],"about":[{"href":"https:\/\/mufasatoursandtravels.com\/fr\/wp-json\/wp\/v2\/types\/page"}],"author":[{"embeddable":true,"href":"https:\/\/mufasatoursandtravels.com\/fr\/wp-json\/wp\/v2\/users\/3"}],"replies":[{"embeddable":true,"href":"https:\/\/mufasatoursandtravels.com\/fr\/wp-json\/wp\/v2\/comments?post=33978"}],"version-history":[{"count":1,"href":"https:\/\/mufasatoursandtravels.com\/fr\/wp-json\/wp\/v2\/pages\/33978\/revisions"}],"predecessor-version":[{"id":33982,"href":"https:\/\/mufasatoursandtravels.com\/fr\/wp-json\/wp\/v2\/pages\/33978\/revisions\/33982"}],"wp:attachment":[{"href":"https:\/\/mufasatoursandtravels.com\/fr\/wp-json\/wp\/v2\/media?parent=33978"}],"curies":[{"name":"wp","href":"https:\/\/api.w.org\/{rel}","templated":true}]}}