{"id":33984,"date":"2021-11-07T15:42:58","date_gmt":"2021-11-07T12:42:58","guid":{"rendered":"https:\/\/mufasatoursandtravels.com\/destinations\/parc-national-de-nairobi\/"},"modified":"2025-04-10T16:57:47","modified_gmt":"2025-04-10T13:57:47","slug":"parc-national-de-nairobi","status":"publish","type":"page","link":"https:\/\/mufasatoursandtravels.com\/fr\/destinations\/parc-national-de-nairobi\/","title":{"rendered":"Parc national de Nairobi"},"content":{"rendered":"[vc_row css=\u00a0\u00bb.vc_custom_1687880254044{background: rgba(0,0,0,0.47) url(https:\/\/mufasatoursandtravels.com\/wp-content\/uploads\/2022\/01\/Nairobi-National-Park-700&#215;450-1.jpg?id=3076) !important;background-position: center !important;background-repeat: no-repeat !important;background-size: cover !important;*background-color: rgb(0,0,0) !important;}\u00a0\u00bb][vc_column css=\u00a0\u00bb.vc_custom_1687869367906{padding-top: 30px !important;padding-right: 50px !important;padding-bottom: 30px !important;padding-left: 50px !important;background-color: rgba(0,0,0,0.57) !important;*background-color: rgb(0,0,0) !important;}\u00a0\u00bb][vc_custom_heading text=\u00a0\u00bbParc national de Nairobi\u00a0\u00bb font_container=\u00a0\u00bbtag:h1|font_size:28|text_align:center|color:%23ffffff\u00a0\u00bb use_theme_fonts=\u00a0\u00bbyes\u00a0\u00bb el_class=\u00a0\u00bbcustom-opacity-text\u00a0\u00bb css=\u00a0\u00bb.vc_custom_1687880065474{margin-top: 30px !important;}\u00a0\u00bb][vc_empty_space][vc_btn title=\u00a0\u00bbExplorez avec nous\u00a0\u00bb style=\u00a0\u00bboutline\u00a0\u00bb shape=\u00a0\u00bbround\u00a0\u00bb align=\u00a0\u00bbcenter\u00a0\u00bb link=\u00a0\u00bburl:https%3A%2F%2Fmufasatoursandtravels.com%2Ffr%2Fdemander-un-devis%2F|\u00a0\u00bb][\/vc_column][\/vc_row][vc_row][vc_column css=\u00a0\u00bb.vc_custom_1679042664462{border-top-width: 10px !important;}\u00a0\u00bb][vc_tta_tabs shape=\u00a0\u00bbsquare\u00a0\u00bb color=\u00a0\u00bbjuicy-pink\u00a0\u00bb alignment=\u00a0\u00bbcenter\u00a0\u00bb active_section=\u00a0\u00bb1&Prime; no_fill_content_area=\u00a0\u00bbtrue\u00a0\u00bb][vc_tta_section title=\u00a0\u00bbEnviron\u00a0\u00bb tab_id=\u00a0\u00bb1636302233132-39a30584-a642&Prime;][info_list_father][info_list_son style=\u00a0\u00bbicon\u00a0\u00bb size=\u00a0\u00bb20&Prime; width=\u00a0\u00bb25&Prime; height=\u00a0\u00bb25&Prime; titleclr=\u00a0\u00bb#800000&Prime; icon=\u00a0\u00bbfas fa-question-circle\u00a0\u00bb title=\u00a0\u00bbParc national de Nairobi, Promenade safari, Forfaits, Safari Drive, Emplacement, H\u00f4tels\u00a0\u00bb][\/info_list_son][info_list_son style=\u00a0\u00bbicon\u00a0\u00bb size=\u00a0\u00bb20&Prime; width=\u00a0\u00bb25&Prime; height=\u00a0\u00bb25&Prime; titleclr=\u00a0\u00bb#800000&Prime; icon=\u00a0\u00bbfas fa-question-circle\u00a0\u00bb title=\u00a0\u00bbParc national de Nairobi\u00a0\u00bb]<span class=\"TextRun SCXW41475783 BCX9\" data-contrast=\"auto\" lang=\"EN-US\" xml:lang=\"EN-US\"><span class=\"NormalTextRun SCXW41475783 BCX9\">Le parc national de Nairobi est un joyau cach\u00e9 qui offre une exp\u00e9rience incroyable de la faune \u00e0 une courte distance de la civilisation moderne. Il est nich\u00e9 \u00e0 la p\u00e9riph\u00e9rie de la capitale florissante du Kenya. Ce magnifique parc national, qui offre un sanctuaire \u00e0 de nombreuses esp\u00e8ces animales et sert de refuge aux amoureux de la nature et de la faune, poss\u00e8de une diversit\u00e9 remarquable de flore et de faune. D\u00e9couvrez les d\u00e9lices qui vous attendent alors que vous partez pour un voyage passionnant avec Mufasa Tours et voyagez \u00e0 travers la nature sauvage du <a href=\"https:\/\/en.wikipedia.org\/wiki\/Nairobi_National_Park\" target=\"_blank\" rel=\"noopener nofollow\">parc national de Nairobi<\/a>.   <\/span><\/span><span class=\"EOP SCXW41475783 BCX9\" data-ccp-props=\"{\"201341983\":0,\"335559739\":160,\"335559740\":259}\">&nbsp;<\/span><\/p>\n<p>&nbsp;[\/info_list_son][info_list_son style=\u00a0\u00bbicon\u00a0\u00bb size=\u00a0\u00bb20&Prime; width=\u00a0\u00bb25&Prime; height=\u00a0\u00bb25&Prime; titleclr=\u00a0\u00bb#800000&Prime; icon=\u00a0\u00bbfas fa-location-arrow\u00a0\u00bb title=\u00a0\u00bbEmplacement du parc national de Nairobi\u00a0\u00bb]<span class=\"TextRun SCXW221153073 BCX9\" xml:lang=\"EN-US\" data-contrast=\"none\" lang=\"EN-US\"><span class=\"NormalTextRun SCXW221153073 BCX9\" data-ccp-parastyle=\"heading 2\"><span class=\"TextRun SCXW91673634 BCX9\" xml:lang=\"EN-US\" data-contrast=\"auto\" lang=\"EN-US\"><span class=\"NormalTextRun SCXW91673634 BCX9\">Situ\u00e9 \u00e0 seulement 7 kilom\u00e8tres au sud du centre-ville de Nairobi, le parc national de Nairobi t\u00e9moigne de la coexistence harmonieuse des paysages urbains et naturels. Couvrant une vaste zone d\u2019environ   <\/span><span class=\"NormalTextRun AdvancedProofingIssueV2Themed SCXW91673634 BCX9\">117 kilom\u00e8tres carr\u00e9s<\/span><span class=\"NormalTextRun SCXW91673634 BCX9\">, le parc abrite une faune captivante, notamment des lions, des gu\u00e9pards, des l\u00e9opards, des girafes, des z\u00e8bres et un large \u00e9ventail d\u2019esp\u00e8ces d\u2019oiseaux. Cette proximit\u00e9 exceptionnelle de la faune et de la flore avec le paysage urbain fait du parc national de Nairobi une destination unique et incontournable pour les voyageurs \u00e0 la recherche d\u2019une exp\u00e9rience de safari remarquable sans s\u2019aventurer trop loin. <\/span><\/span><span class=\"EOP SCXW91673634 BCX9\" data-ccp-props=\"{\"201341983\":0,\"335559739\":160,\"335559740\":259}\">&nbsp;<\/span><\/span><\/span><\/p>\n<p>&nbsp;[\/info_list_son][info_list_son style=\u00a0\u00bbicon\u00a0\u00bb size=\u00a0\u00bb20&Prime; width=\u00a0\u00bb25&Prime; height=\u00a0\u00bb25&Prime; titleclr=\u00a0\u00bb#800000&Prime; icon=\u00a0\u00bbfas fa-car\u00a0\u00bb title=\u00a0\u00bbPromenade safari dans le parc national de Nairobi\u00a0\u00bb]<span data-contrast=\"auto\">Pour ceux qui recherchent une exp\u00e9rience plus intime avec la nature, le parc national de Nairobi propose \u00e9galement une <a href=\"https:\/\/mufasatoursandtravels.com\/fr\/safari-au-kenya-par-la-route\/safaris-de-courte-duree\/forfait-visite-de-la-ville-de-nairobi\/\">promenade safari<\/a>. Dirig\u00e9e par des guides exp\u00e9riment\u00e9s, cette visite \u00e0 pied vous permet d\u2019explorer le parc \u00e0 pied, en vous immergeant dans les images, les sons et les odeurs de la nature sauvage. La promenade <a href=\"https:\/\/mufasatoursandtravels.com\/safari-tours\/\">safari<\/a> offre une occasion unique d\u2019en apprendre davantage sur l\u2019\u00e9cosyst\u00e8me, la flore et la faune du parc tout en profitant de l\u2019air frais et de la tranquillit\u00e9 des environs.  <\/span><span data-ccp-props=\"{\"201341983\":0,\"335559739\":160,\"335559740\":259}\">&nbsp;<\/span><\/p>\n<p>&nbsp;<\/p>\n<p><img loading=\"lazy\" decoding=\"async\" class=\"alignnone wp-image-7042 size-large\" src=\"https:\/\/mufasatoursandtravels.com\/wp-content\/uploads\/2022\/03\/nairobi-national-park-pre-image-1024x472.jpg\" alt=\"Parc national de Nairobi\" width=\"1024\" height=\"472\" srcset=\"https:\/\/mufasatoursandtravels.com\/wp-content\/uploads\/2022\/03\/nairobi-national-park-pre-image-1024x472.jpg 1024w, https:\/\/mufasatoursandtravels.com\/wp-content\/uploads\/2022\/03\/nairobi-national-park-pre-image-300x138.jpg 300w, https:\/\/mufasatoursandtravels.com\/wp-content\/uploads\/2022\/03\/nairobi-national-park-pre-image-768x354.jpg 768w, https:\/\/mufasatoursandtravels.com\/wp-content\/uploads\/2022\/03\/nairobi-national-park-pre-image-18x8.jpg 18w, https:\/\/mufasatoursandtravels.com\/wp-content\/uploads\/2022\/03\/nairobi-national-park-pre-image-24x11.jpg 24w, https:\/\/mufasatoursandtravels.com\/wp-content\/uploads\/2022\/03\/nairobi-national-park-pre-image-36x17.jpg 36w, https:\/\/mufasatoursandtravels.com\/wp-content\/uploads\/2022\/03\/nairobi-national-park-pre-image-48x22.jpg 48w, https:\/\/mufasatoursandtravels.com\/wp-content\/uploads\/2022\/03\/nairobi-national-park-pre-image-600x277.jpg 600w, https:\/\/mufasatoursandtravels.com\/wp-content\/uploads\/2022\/03\/nairobi-national-park-pre-image.jpg 1492w\" sizes=\"auto, (max-width: 1024px) 100vw, 1024px\" \/><\/p>\n<p>&nbsp;<\/p>\n<p>&nbsp;<\/p>\n<p>&nbsp;[\/info_list_son][info_list_son style=\u00a0\u00bbicon\u00a0\u00bb size=\u00a0\u00bb20&Prime; width=\u00a0\u00bb25&Prime; height=\u00a0\u00bb25&Prime; titleclr=\u00a0\u00bb#800000&Prime; icon=\u00a0\u00bbfas fa-dollar-sign\u00a0\u00bb title=\u00a0\u00bbFrais d\u2019inscription au Parc national de Nairobi\u00a0\u00bb]<span data-contrast=\"auto\">Les frais du parc national de Nairobi sont con\u00e7us pour \u00eatre abordables et accessibles aux visiteurs locaux et internationaux. Le parc propose diverses options de visite pour s\u2019adapter \u00e0 diff\u00e9rentes pr\u00e9f\u00e9rences et budgets, garantissant une exp\u00e9rience m\u00e9morable pour tous. Que vous pr\u00e9f\u00e9riez une excursion d\u2019une demi-journ\u00e9e ou une exploration d\u2019une journ\u00e9e compl\u00e8te, <a href=\"https:\/\/mufasatoursandtravels.com\/fr\/\">Mufasa Tours and Travels propose des<\/a> forfaits complets qui r\u00e9pondent \u00e0 vos besoins.  <\/span><span data-ccp-props=\"{\"201341983\":0,\"335559739\":160,\"335559740\":259}\">&nbsp;<\/span><\/p>\n<p><span data-contrast=\"auto\">Pour ceux qui disposent de peu de temps, la visite d\u2019une demi-journ\u00e9e du parc national de Nairobi offre une exp\u00e9rience compl\u00e8te qui met en valeur les points forts du parc. Assister au lever ou au coucher du soleil sur fond de vues panoramiques du parc est un spectacle impressionnant qui restera avec vous longtemps apr\u00e8s votre visite. <\/span><span data-ccp-props=\"{\"201341983\":0,\"335559739\":160,\"335559740\":259}\">&nbsp;<\/span><\/p>\n<p>&nbsp;[\/info_list_son][info_list_son style=\u00a0\u00bbicon\u00a0\u00bb size=\u00a0\u00bb20&Prime; width=\u00a0\u00bb25&Prime; height=\u00a0\u00bb25&Prime; titleclr=\u00a0\u00bb#800000&Prime; icon=\u00a0\u00bbfas fa-shuttle-van\u00a0\u00bb title=\u00a0\u00bbRedevances de fourgonnette pour la visite du parc national de Nairobi\u00a0\u00bb]<span data-contrast=\"auto\">Les frais de fourgonnette de la visite du parc national de Nairobi sont raisonnables, ce qui vous permet d\u2019explorer le parc dans le confort tout en prenant de superbes photos et en vous immergeant dans le paysage captivant. Mufasa Tours and Travel garantit une exp\u00e9rience de safari confortable et sans couture avec des fourgonnettes bien \u00e9quip\u00e9es. Ces v\u00e9hicules spacieux sont con\u00e7us pour offrir une excellente visibilit\u00e9, vous permettant d\u2019observer la faune sous diff\u00e9rents angles tout en assurant votre s\u00e9curit\u00e9 et votre confort tout au long du voyage. Les frais de van du parc national de Nairobi propos\u00e9s par Mufasa Tours and Travel sont comp\u00e9titifs et offrent un excellent rapport qualit\u00e9-prix, vous permettant de vous lancer dans une aventure de safari inoubliable sans vous ruiner.   <\/span><span data-ccp-props=\"{\"201341983\":0,\"335559739\":160,\"335559740\":259}\">&nbsp;<\/span>[\/info_list_son][info_list_son style=\u00a0\u00bbicon\u00a0\u00bb size=\u00a0\u00bb20&Prime; width=\u00a0\u00bb25&Prime; height=\u00a0\u00bb25&Prime; titleclr=\u00a0\u00bb#800000&Prime; icon=\u00a0\u00bbfas fa-dollar-sign\u00a0\u00bb title=\u00a0\u00bbFrais de safari du parc national de Nairobi\u00a0\u00bb]<span data-contrast=\"auto\">Lorsque vous planifiez votre visite, il est essentiel de conna\u00eetre les frais de safari du parc national de Nairobi. Ces redevances contribuent aux efforts de conservation du parc et contribuent \u00e0 la pr\u00e9servation de ses merveilles naturelles. En payant ces frais, vous contribuez directement \u00e0 la protection et \u00e0 la conservation du patrimoine faunique du Kenya.  <\/span><span data-ccp-props=\"{\"201341983\":0,\"335559739\":160,\"335559740\":259}\">&nbsp;<\/span><\/p>\n<figure id=\"attachment_10840\" aria-describedby=\"caption-attachment-10840\" style=\"width: 800px\" class=\"wp-caption alignnone\"><img loading=\"lazy\" decoding=\"async\" class=\"wp-image-10840 size-full\" src=\"https:\/\/mufasatoursandtravels.com\/wp-content\/uploads\/2023\/05\/nairobi-national-park.jpg\" alt=\"Parc national de Nairobi\" width=\"800\" height=\"350\" srcset=\"https:\/\/mufasatoursandtravels.com\/wp-content\/uploads\/2023\/05\/nairobi-national-park.jpg 800w, https:\/\/mufasatoursandtravels.com\/wp-content\/uploads\/2023\/05\/nairobi-national-park-300x131.jpg 300w, https:\/\/mufasatoursandtravels.com\/wp-content\/uploads\/2023\/05\/nairobi-national-park-768x336.jpg 768w, https:\/\/mufasatoursandtravels.com\/wp-content\/uploads\/2023\/05\/nairobi-national-park-24x11.jpg 24w, https:\/\/mufasatoursandtravels.com\/wp-content\/uploads\/2023\/05\/nairobi-national-park-36x16.jpg 36w, https:\/\/mufasatoursandtravels.com\/wp-content\/uploads\/2023\/05\/nairobi-national-park-48x21.jpg 48w\" sizes=\"auto, (max-width: 800px) 100vw, 800px\" \/><figcaption id=\"caption-attachment-10840\" class=\"wp-caption-text\">Parc national de Nairobi<\/figcaption><\/figure>\n<p>&nbsp;<\/p>\n<p>&nbsp;[\/info_list_son][info_list_son style=\u00a0\u00bbicon\u00a0\u00bb size=\u00a0\u00bb20&Prime; width=\u00a0\u00bb25&Prime; height=\u00a0\u00bb25&Prime; titleclr=\u00a0\u00bb#800000&Prime; icon=\u00a0\u00bbfas fa-hotel\u00a0\u00bb title=\u00a0\u00bbH\u00f4tels \u00e0 Parc national de Nairobi\u00a0\u00bb]<span data-contrast=\"auto\">Apr\u00e8s une journ\u00e9e passionnante \u00e0 explorer les merveilles du parc national de Nairobi, il est r\u00e9confortant de savoir qu\u2019il existe d\u2019excellentes options d\u2019h\u00e9bergement \u00e0 proximit\u00e9. Plusieurs h\u00f4tels et lodges sont situ\u00e9s \u00e0 proximit\u00e9 du parc, offrant des s\u00e9jours confortables et pratiques aux visiteurs. Ces h\u00e9bergements s\u2019adressent \u00e0 divers budgets et pr\u00e9f\u00e9rences, garantissant une exp\u00e9rience reposante et agr\u00e9able apr\u00e8s une journ\u00e9e d\u2019aventure.  <\/span><span data-ccp-props=\"{\"201341983\":0,\"335559739\":160,\"335559740\":259}\">&nbsp;<\/span><\/p>\n<p><span data-contrast=\"auto\">\u00cates-vous pr\u00eat \u00e0 vous immerger dans les merveilles naturelles du parc national de Nairobi ? Rejoignez Mufasa Tours et voyagez dans un voyage qui vous laissera des souvenirs inoubliables. Avec leurs forfaits touristiques exceptionnels, leurs tarifs comp\u00e9titifs et leur engagement \u00e0 fournir un service exceptionnel, Mufasa Tours and Travel est votre porte d\u2019entr\u00e9e vers une exp\u00e9rience extraordinaire de la faune juste \u00e0 l\u2019ext\u00e9rieur de la ville. R\u00e9servez votre aventure dans le parc national de Nairobi d\u00e8s aujourd\u2019hui et pr\u00e9parez-vous \u00e0 assister \u00e0 la magie de la beaut\u00e9 sauvage de l\u2019Afrique.   <\/span><span data-ccp-props=\"{\"201341983\":0,\"335559739\":160,\"335559740\":259}\">&nbsp;<\/span><\/p>\n<p>&nbsp;[\/info_list_son][info_list_son style=\u00a0\u00bbicon\u00a0\u00bb size=\u00a0\u00bb20&Prime; width=\u00a0\u00bb25&Prime; height=\u00a0\u00bb25&Prime; titleclr=\u00a0\u00bb#800000&Prime; icon=\u00a0\u00bbfas fa-binoculars\u00a0\u00bb title=\u00a0\u00bbFaune\u00a0\u00bb]Les principales attractions de la faune sont le rhinoc\u00e9ros noir, le lion, le l\u00e9opard, le gu\u00e9pard, la hy\u00e8ne, les buffles, la girafe, le z\u00e8bre, le gnou, les \u00e9lands et une diversit\u00e9 d\u2019oiseaux avec plus de 400 esp\u00e8ces enregistr\u00e9es. Parmi les autres attractions, citons le monument du site de combustion de l\u2019ivoire, le <a href=\"https:\/\/www.kws.go.ke\/content\/nairobi-safari-walk\" target=\"_blank\" rel=\"dofollow noopener\">Nairobi Safari Walk<\/a>, l\u2019orphelinat et les sentiers de randonn\u00e9e des bassins d\u2019hippopotames. [\/info_list_son][info_list_son style=\u00a0\u00bbicon\u00a0\u00bb size=\u00a0\u00bb20&Prime; width=\u00a0\u00bb25&Prime; height=\u00a0\u00bb25&Prime; titleclr=\u00a0\u00bb#800000&Prime; icon=\u00a0\u00bbfas fa-paw\u00a0\u00bb title=\u00a0\u00bbActivit\u00e9s\u00a0\u00bb]\n<ul>\n<li>Safaris.<\/li>\n<li>Promenades dans la nature.<\/li>\n<li>Cyclisme<\/li>\n<li>Visite du Giraffe Center<\/li>\n<\/ul>\n<p><a class=\"fasc-button fasc-size-medium fasc-type-flat fasc-ico-before dashicons-arrow-right-alt2\" style=\"background-color: #890000; color: #ffffff;\" href=\"https:\/\/mufasatoursandtravels.com\/fr\/demander-un-devis\/\">Demander un devis<\/a>[\/info_list_son][\/info_list_father][\/vc_tta_section][vc_tta_section title=\u00a0\u00bbComment s\u2019y rendre\u00a0\u00bb tab_id=\u00a0\u00bb1633455601016-f93699bc-5d92&Prime;][vc_gmaps link=\u00a0\u00bb#E-8_JTNDaWZyYW1lJTIwc3JjJTNEJTIyaHR0cHMlM0ElMkYlMkZtYXBzLmdvb2dsZS5jb20lMkZtYXBzJTNGcSUzRG5haXJvYmklMjUyMG5hdGlvbmFsJTI1MjBwYXJrJTI2YW1wJTNCdCUzRGslMjZhbXAlM0J6JTNEMTElMjZhbXAlM0JpZSUzRFVURjglMjZhbXAlM0Jpd2xvYyUzRCUyNmFtcCUzQm91dHB1dCUzRGVtYmVkJTIyJTIwd2lkdGglM0QlMjI2MDAlMjIlMjBoZWlnaHQlM0QlMjI0NTAlMjIlMjBmcmFtZWJvcmRlciUzRCUyMjAlMjIlMjBzdHlsZSUzRCUyMmJvcmRlciUzQTAlMjIlMjBhbGxvd2Z1bGxzY3JlZW4lM0QlMjIlMjIlM0UlM0MlMkZpZnJhbWUlM0U=\u00a0\u00bb][\/vc_tta_section][\/vc_tta_tabs][\/vc_column][\/vc_row][vc_row][vc_column css=\u00a0\u00bb.vc_custom_1685180531109{margin-bottom: 20px !important;}\u00a0\u00bb][vc_headings style=\u00a0\u00bbtheme3&Prime; borderclr=\u00a0\u00bb#890000&Prime; title=\u00a0\u00bbFAQ sur le parc national de Nairobi\u00a0\u00bb use_theme_fonts=\u00a0\u00bbyes\u00a0\u00bb titleclr=\u00a0\u00bb#890000&Prime;][\/vc_headings][\/vc_column][\/vc_row][vc_row][vc_column][vc_toggle title=\u00a0\u00bbO\u00f9 se trouve le parc national de Nairobi ?\u00a0\u00bb style=\u00a0\u00bbsquare\u00a0\u00bb]<span data-contrast=\"auto\">Le parc national de Nairobi est situ\u00e9 juste \u00e0 l\u2019ext\u00e9rieur de la ville de Nairobi, au Kenya.<\/span><span data-ccp-props=\"{\"201341983\":0,\"335559739\":160,\"335559740\":259}\">&nbsp;<\/span>[\/vc_toggle][vc_toggle title=\u00a0\u00bbQuels sont les frais d\u2019entr\u00e9e dans le parc national de Nairobi ?\u00a0\u00bb style=\u00a0\u00bbsquare\u00a0\u00bb]<span data-contrast=\"auto\">Le parc national de Nairobi facture un droit d\u2019entr\u00e9e, qui est utilis\u00e9 pour soutenir les efforts de conservation et entretenir l\u2019infrastructure du parc.<\/span><span data-ccp-props=\"{\"201341983\":0,\"335559739\":160,\"335559740\":259}\">&nbsp;<\/span>[\/vc_toggle][vc_toggle title=\u00a0\u00bbQuelles sont les options d\u2019excursions disponibles dans le parc national de Nairobi ?\u00a0\u00bb style=\u00a0\u00bbsquare\u00a0\u00bb]<span data-contrast=\"auto\">Le parc national de Nairobi propose diverses options de visites, notamment des safaris, des promenades safari et des visites guid\u00e9es.<\/span><span data-ccp-props=\"{\"201341983\":0,\"335559739\":160,\"335559740\":259}\">&nbsp;<\/span>[\/vc_toggle][vc_toggle title=\u00a0\u00bbQuel type d\u2019animaux sauvages puis-je m\u2019attendre \u00e0 voir dans le parc national de Nairobi ?\u00a0\u00bb style=\u00a0\u00bbsquare\u00a0\u00bb]<span data-contrast=\"auto\">Le parc national de Nairobi abrite une faune vari\u00e9e, notamment des lions, des girafes, des z\u00e8bres, des rhinoc\u00e9ros et de nombreuses esp\u00e8ces d\u2019oiseaux.<\/span><span data-ccp-props=\"{\"201341983\":0,\"335559739\":160,\"335559740\":259}\">&nbsp;<\/span>[\/vc_toggle][vc_toggle title=\u00a0\u00bbPuis-je visiter le parc national de Nairobi pour une excursion d\u2019une demi-journ\u00e9e ?\u00a0\u00bb style=\u00a0\u00bbsquare\u00a0\u00bb]<span data-contrast=\"auto\">Oui, le parc national de Nairobi propose des options d\u2019excursion d\u2019une demi-journ\u00e9e, permettant aux visiteurs d\u2019explorer la beaut\u00e9 et la faune du parc dans un d\u00e9lai plus court.<\/span><span data-ccp-props=\"{\"201341983\":0,\"335559739\":160,\"335559740\":259}\">&nbsp;<\/span>[\/vc_toggle][vc_toggle title=\u00a0\u00bbComment puis-je r\u00e9server une visite avec Mufasa Tours and Travel ?\u00a0\u00bb style=\u00a0\u00bbsquare\u00a0\u00bb]<span data-contrast=\"auto\">Vous pouvez r\u00e9server une visite du parc national de Nairobi avec Mufasa Tours and Travel en visitant leur site Web ou en les contactant directement pour plus d\u2019informations et r\u00e9servations.<\/span><span data-ccp-props=\"{\"201341983\":0,\"335559739\":160,\"335559740\":259}\">&nbsp;<\/span>[\/vc_toggle][\/vc_column][\/vc_row]\n","protected":false},"excerpt":{"rendered":"<p>[vc_row css=\u00a0\u00bb.vc_custom_1687880254044{background: rgba(0,0,0,0.47) url(https:\/\/mufasatoursandtravels.com\/wp-content\/uploads\/2022\/01\/Nairobi-National-Park-700&#215;450-1.jpg?id=3076) !important;background-position: center !important;background-repeat: no-repeat !important;background-size: cover !important;*background-color: rgb(0,0,0) !important;}\u00a0\u00bb][vc_column css=\u00a0\u00bb.vc_custom_1687869367906{padding-top: 30px !important;padding-right: 50px !important;padding-bottom: 30px !important;padding-left: 50px !important;background-color: rgba(0,0,0,0.57) !important;*background-color: rgb(0,0,0) !important;}\u00a0\u00bb][vc_custom_heading text=\u00a0\u00bbParc national de Nairobi\u00a0\u00bb font_container=\u00a0\u00bbtag:h1|font_size:28|text_align:center|color:%23ffffff\u00a0\u00bb use_theme_fonts=\u00a0\u00bbyes\u00a0\u00bb el_class=\u00a0\u00bbcustom-opacity-text\u00a0\u00bb css=\u00a0\u00bb.vc_custom_1687880065474{margin-top: 30px !important;}\u00a0\u00bb][vc_empty_space][vc_btn title=\u00a0\u00bbExplorez avec nous\u00a0\u00bb style=\u00a0\u00bboutline\u00a0\u00bb shape=\u00a0\u00bbround\u00a0\u00bb align=\u00a0\u00bbcenter\u00a0\u00bb link=\u00a0\u00bburl:https%3A%2F%2Fmufasatoursandtravels.com%2Ffr%2Fdemander-un-devis%2F|\u00a0\u00bb][\/vc_column][\/vc_row][vc_row][vc_column css=\u00a0\u00bb.vc_custom_1679042664462{border-top-width: 10px !important;}\u00a0\u00bb][vc_tta_tabs shape=\u00a0\u00bbsquare\u00a0\u00bb color=\u00a0\u00bbjuicy-pink\u00a0\u00bb alignment=\u00a0\u00bbcenter\u00a0\u00bb active_section=\u00a0\u00bb1&Prime; no_fill_content_area=\u00a0\u00bbtrue\u00a0\u00bb][vc_tta_section title=\u00a0\u00bbEnviron\u00a0\u00bb tab_id=\u00a0\u00bb1636302233132-39a30584-a642&Prime;][info_list_father][info_list_son style=\u00a0\u00bbicon\u00a0\u00bb size=\u00a0\u00bb20&Prime; [&hellip;]<\/p>\n","protected":false},"author":3,"featured_media":0,"parent":27931,"menu_order":0,"comment_status":"closed","ping_status":"closed","template":"","meta":{"_themeisle_gutenberg_block_has_review":false,"footnotes":""},"class_list":["post-33984","page","type-page","status-publish","hentry"],"_links":{"self":[{"href":"https:\/\/mufasatoursandtravels.com\/fr\/wp-json\/wp\/v2\/pages\/33984","targetHints":{"allow":["GET"]}}],"collection":[{"href":"https:\/\/mufasatoursandtravels.com\/fr\/wp-json\/wp\/v2\/pages"}],"about":[{"href":"https:\/\/mufasatoursandtravels.com\/fr\/wp-json\/wp\/v2\/types\/page"}],"author":[{"embeddable":true,"href":"https:\/\/mufasatoursandtravels.com\/fr\/wp-json\/wp\/v2\/users\/3"}],"replies":[{"embeddable":true,"href":"https:\/\/mufasatoursandtravels.com\/fr\/wp-json\/wp\/v2\/comments?post=33984"}],"version-history":[{"count":1,"href":"https:\/\/mufasatoursandtravels.com\/fr\/wp-json\/wp\/v2\/pages\/33984\/revisions"}],"predecessor-version":[{"id":33988,"href":"https:\/\/mufasatoursandtravels.com\/fr\/wp-json\/wp\/v2\/pages\/33984\/revisions\/33988"}],"up":[{"embeddable":true,"href":"https:\/\/mufasatoursandtravels.com\/fr\/wp-json\/wp\/v2\/pages\/27931"}],"wp:attachment":[{"href":"https:\/\/mufasatoursandtravels.com\/fr\/wp-json\/wp\/v2\/media?parent=33984"}],"curies":[{"name":"wp","href":"https:\/\/api.w.org\/{rel}","templated":true}]}}