{"id":42300,"date":"2026-01-05T12:21:42","date_gmt":"2026-01-05T09:21:42","guid":{"rendered":"https:\/\/mufasatoursandtravels.com\/destinations\/forfait-safari-mama-africa\/"},"modified":"2026-02-19T12:03:57","modified_gmt":"2026-02-19T09:03:57","slug":"forfait-safari-mama-africa","status":"publish","type":"page","link":"https:\/\/mufasatoursandtravels.com\/fr\/destinations\/forfait-safari-mama-africa\/","title":{"rendered":"Parc national d\u2019Amboseli"},"content":{"rendered":"[vc_row full_width=\u00a0\u00bbstretch_row\u00a0\u00bb gap=\u00a0\u00bb1&Prime;][vc_column parallax=\u00a0\u00bbcontent-moving\u00a0\u00bb parallax_image=\u00a0\u00bb45372&Prime; parallax_speed_bg=\u00a0\u00bb2.0&Prime; css=\u00a0\u00bb.vc_custom_1771491474300{padding-top: 80px !important;padding-right: 80px !important;padding-bottom: 80px !important;padding-left: 80px !important;}\u00a0\u00bb][vc_custom_heading text=\u00a0\u00bbParc national d\u2019Amboseli\u00a0\u00bb font_container=\u00a0\u00bbtag:h1|font_size:32|text_align:left|color:%23ffffff\u00a0\u00bb google_fonts=\u00a0\u00bbfont_family:Quicksand%3A300%2Cregular%2C700|font_style:400%20regular%3A400%3Anormal\u00a0\u00bb el_class=\u00a0\u00bbtxt-desc\u00a0\u00bb][vc_separator color=\u00a0\u00bbcustom\u00a0\u00bb align=\u00a0\u00bbalign_left\u00a0\u00bb border_width=\u00a0\u00bb2&Prime; el_width=\u00a0\u00bb20&Prime; accent_color=\u00a0\u00bb#f8f8f8&Prime;][vc_custom_heading text=\u00a0\u00bbKenya\u00a0\u00bb font_container=\u00a0\u00bbtag:h2|font_size:18|text_align:left|color:%23ffffff\u00a0\u00bb google_fonts=\u00a0\u00bbfont_family:Roboto%3A100%2C100italic%2C300%2C300italic%2Cregular%2Citalic%2C500%2C500italic%2C700%2C700italic%2C900%2C900italic|font_style:400%20regular%3A400%3Anormal\u00a0\u00bb el_class=\u00a0\u00bbtxt-desc\u00a0\u00bb][\/vc_column][\/vc_row][vc_row][vc_column css=\u00a0\u00bb.vc_custom_1673438873315{border-top-width: 10px !important;border-right-width: 10px !important;border-bottom-width: 10px !important;border-left-width: 10px !important;}\u00a0\u00bb][vc_tta_tabs shape=\u00a0\u00bbsquare\u00a0\u00bb color=\u00a0\u00bbjuicy-pink\u00a0\u00bb alignment=\u00a0\u00bbcenter\u00a0\u00bb active_section=\u00a0\u00bb1&Prime; no_fill_content_area=\u00a0\u00bbtrue\u00a0\u00bb][vc_tta_section title=\u00a0\u00bbAper\u00e7u\u00a0\u00bb tab_id=\u00a0\u00bb1633454673222-3d94f956-010c\u00a0\u00bb][info_list_father listclr=\u00a0\u00bb#f8f8f8&Prime;][info_list_son style=\u00a0\u00bbicon\u00a0\u00bb size=\u00a0\u00bb20&Prime; width=\u00a0\u00bb30&Prime; height=\u00a0\u00bb20&Prime; titleclr=\u00a0\u00bb#890000&Prime; icon=\u00a0\u00bbfas fa-map-marked\u00a0\u00bb iconclr=\u00a0\u00bb#890000&Prime; iconbg=\u00a0\u00bb#f8f8f8&Prime; borderclr=\u00a0\u00bb#f8f8f8&Prime; title=\u00a0\u00bbLe Pays des G\u00e9ants\u00a0\u00bb]\n<p data-path-to-node=\"5\">R\u00e9put\u00e9e pour deux choses : \u00eatre le meilleur endroit d\u2019Afrique pour s\u2019approcher de pr\u00e8s des \u00e9l\u00e9phants en libert\u00e9 et offrir la vue la plus embl\u00e9matique sur les sommets enneig\u00e9s du mont Kilimandjaro. Situ\u00e9 \u00e0 la fronti\u00e8re entre le Kenya et la Tanzanie, ce parc de 392 kilom\u00e8tres carr\u00e9s est un v\u00e9ritable paradis pour les photographes o\u00f9 la \u00ab Poussi\u00e8re Sal\u00e9e \u00bb (<em>le mot maasai signifiant Amboseli<\/em>) rencontre de luxuriants marais vert \u00e9meraude. <\/p>\n[\/info_list_son][info_list_son style=\u00a0\u00bbicon\u00a0\u00bb size=\u00a0\u00bb20&Prime; width=\u00a0\u00bb30&Prime; height=\u00a0\u00bb20&Prime; titleclr=\u00a0\u00bb#890000&Prime; icon=\u00a0\u00bbfas fa-route\u00a0\u00bb iconclr=\u00a0\u00bb#890000&Prime; iconbg=\u00a0\u00bb#f8f8f8&Prime; borderclr=\u00a0\u00bb#f8f8f8&Prime; title=\u00a0\u00bb\u00c0 quoi s\u2019attendre\u00a0\u00bb]\n<p data-path-to-node=\"6,0,0\"><b data-path-to-node=\"6,0,0\" data-index-in-node=\"0\">\u2713 La Faune \u2014<\/b> Foyer des \u00ab Big Four \u00bb (lions, l\u00e9opards, bisons et d\u2019immenses troupeaux d\u2019\u00e9l\u00e9phants africains). Elle est particuli\u00e8rement c\u00e9l\u00e8bre pour ses \u00ab Grands D\u00e9fenseurs \u00bb \u2014 d\u2019anciens \u00e9l\u00e9phants dont l\u2019ivoire atteint le sol. <\/p>\n<p data-path-to-node=\"6,1,0\"><b data-path-to-node=\"6,1,0\" data-index-in-node=\"0\">\u2713 Le Paysage \u2014<\/b> Un contraste saisissant entre des lits de lacs secs et scintillants et des sources rafra\u00eechissantes aliment\u00e9es par la fonte des neiges du Kilimandjaro.<\/p>\n[\/info_list_son][info_list_son style=\u00a0\u00bbicon\u00a0\u00bb size=\u00a0\u00bb20&Prime; width=\u00a0\u00bb30&Prime; height=\u00a0\u00bb20&Prime; titleclr=\u00a0\u00bb#890000&Prime; icon=\u00a0\u00bbfar fa-check-circle\u00a0\u00bb iconclr=\u00a0\u00bb#890000&Prime; iconbg=\u00a0\u00bb#f8f8f8&Prime; borderclr=\u00a0\u00bb#f8f8f8&Prime; title=\u00a0\u00bbMeilleure p\u00e9riode pour visiter\u00a0\u00bb]\n<p data-path-to-node=\"6,2,0\">Pendant la saison s\u00e8che<i data-path-to-node=\"6,2,0\" data-index-in-node=\"22\">,<\/i> les animaux se rassemblent autour des marais ; le plus facile pour observer la faune et, pendant la saison des pluies, c\u2019est id\u00e9al pour les ornithologues et offre la vue la plus d\u00e9gag\u00e9e sur la montagne.<\/p>\n[\/info_list_son][\/info_list_father][\/vc_tta_section][vc_tta_section title=\u00a0\u00bbH\u00e9bergement\u00a0\u00bb tab_id=\u00a0\u00bb1633455601016-f93699bc-5d92&Prime;][vc_row_inner css=\u00a0\u00bb.vc_custom_1767603602505{padding: 20px !important;}\u00a0\u00bb][vc_column_inner el_class=\u00a0\u00bbcustom-height\u00a0\u00bb][ucaddon_uc_side_carousel_content image=\u00a0\u00bb29444&Prime; title=\u00a0\u00bbTortilis Camp\u00a0\u00bb btn_text=\u00a0\u00bbView Accomodation\u00a0\u00bb link=\u00a0\u00bbhttps:\/\/www.elewanacollection.com\/tortilis-camp-amboseli\/at-a-glance\u00a0\u00bb uc_fonts_data=\u00a0\u00bbJTdCJTdE\u00a0\u00bb]QW4lMjBhd2FyZC13aW5uaW5nJTIwZWNvLWxvZGdlJTIwbG9jYXRlZCUyMGluJTIwYSUyMHByaXZhdGUlMjBjb25zZXJ2YW5jeSUyMHdpdGglMjB0aGUlMjBhYnNvbHV0ZSUyMGJlc3QlMjB1bm9ic3RydWN0ZWQlMjB2aWV3cyUyMG9mJTIwS2lsaW1hbmphcm8u[\/ucaddon_uc_side_carousel_content][\/vc_column_inner][\/vc_row_inner][vc_row_inner css=\u00a0\u00bb.vc_custom_1767603579984{padding: 20px !important;}\u00a0\u00bb][vc_column_inner el_class=\u00a0\u00bbcustom-height\u00a0\u00bb][ucaddon_uc_side_carousel_content image=\u00a0\u00bb29425&Prime; title=\u00a0\u00bbAmboseli serena Lodge\u00a0\u00bb btn_text=\u00a0\u00bbView Accomodation\u00a0\u00bb link=\u00a0\u00bbhttps:\/\/www.elewanacollection.com\/tortilis-camp-amboseli\/at-a-glance\u00a0\u00bb uc_fonts_data=\u00a0\u00bbJTdCJTdE\u00a0\u00bb]SW5zcGlyZWQlMjBieSUyMHRyYWRpdGlvbmFsJTIwTWFhc2FpJTIwYXJjaGl0ZWN0dXJlJTJDJTIwbmVzdGxlZCUyMGluJTIwYSUyMGdyb3ZlJTIwb2YlMjBBY2FjaWElMjB0cmVlcyUyMGF0JTIwdGhlJTIwY2VudGVyJTIwb2YlMjB0aGUlMjBwYXJrLg==[\/ucaddon_uc_side_carousel_content][\/vc_column_inner][\/vc_row_inner][vc_row_inner css=\u00a0\u00bb.vc_custom_1767603579984{padding: 20px !important;}\u00a0\u00bb][vc_column_inner el_class=\u00a0\u00bbcustom-height\u00a0\u00bb][ucaddon_uc_side_carousel_content image=\u00a0\u00bb42434&Prime; title=\u00a0\u00bbKibo Safari Camp\u00a0\u00bb btn_text=\u00a0\u00bbView Accomodation\u00a0\u00bb link=\u00a0\u00bbhttps:\/\/kibosafaricamp.com\/\u00a0\u00bb uc_fonts_data=\u00a0\u00bbJTdCJTdE\u00a0\u00bb]QSUyMGx1eHVyeSUyMHRlbnRlZCUyMGNhbXAlMjBleHBlcmllbmNlJTIwdGhhdCUyMG9mZmVycyUyMHRoZSUyMHBlcmZlY3QlMjBibGVuZCUyMG9mJTIwbW9kZXJuJTIwYW1lbml0aWVzJTIwYW5kJTIwdHJhZGl0aW9uYWwlMjAlMjJidXNoJTIyJTIwYXRtb3NwaGVyZS4=[\/ucaddon_uc_side_carousel_content][\/vc_column_inner][\/vc_row_inner][vc_row_inner css=\u00a0\u00bb.vc_custom_1767603579984{padding: 20px !important;}\u00a0\u00bb][vc_column_inner el_class=\u00a0\u00bbcustom-height\u00a0\u00bb][ucaddon_uc_side_carousel_content image=\u00a0\u00bb42440&Prime; title=\u00a0\u00bbH\u00f4tel Ol Tukai\u00a0\u00bb btn_text=\u00a0\u00bbView Accomodation\u00a0\u00bb link=\u00a0\u00bbhttp:\/\/www.oltukailodge.com\/\u00a0\u00bb uc_fonts_data=\u00a0\u00bbJTdCJTdE\u00a0\u00bb]QSUyMGx1eHVyeSUyMHRlbnRlZCUyMGNhbXAlMjBleHBlcmllbmNlJTIwdGhhdCUyMG9mZmVycyUyMHRoZSUyMHBlcmZlY3QlMjBibGVuZCUyMG9mJTIwbW9kZXJuJTIwYW1lbml0aWVzJTIwYW5kJTIwdHJhZGl0aW9uYWwlMjAlMjJidXNoJTIyJTIwYXRtb3NwaGVyZS4=[\/ucaddon_uc_side_carousel_content][\/vc_column_inner][\/vc_row_inner][vc_row_inner css=\u00a0\u00bb.vc_custom_1767603579984{padding: 20px !important;}\u00a0\u00bb][vc_column_inner el_class=\u00a0\u00bbcustom-height\u00a0\u00bb][ucaddon_uc_side_carousel_content image=\u00a0\u00bb29417&Prime; title=\u00a0\u00bbSentrim Amboseli\u00a0\u00bb btn_text=\u00a0\u00bbView Accomodation\u00a0\u00bb link=\u00a0\u00bbhttps:\/\/www.sentrim-hotels.com\/sentrim-amboseli.html\u00a0\u00bb uc_fonts_data=\u00a0\u00bbJTdCJTdE\u00a0\u00bb]QSUyMGNvenklMkMlMjByZWxpYWJsZSUyMGNhbXAlMjBmb3IlMjB0cmF2ZWxlcnMlMjB3aG8lMjB3YW50JTIwdG8lMjBiZSUyMGNsb3NlJTIwdG8lMjB0aGUlMjBwYXJrJTIwYWN0aW9uJTIwd2l0aG91dCUyMHRoZSUyMGx1eHVyeSUyMHByaWNlJTIwdGFnLg==[\/ucaddon_uc_side_carousel_content][\/vc_column_inner][\/vc_row_inner][\/vc_tta_section][vc_tta_section title=\u00a0\u00bbActivit\u00e9s\u00a0\u00bb tab_id=\u00a0\u00bb1767601538075-7b6924d3-776e\u00a0\u00bb][info_list_father listclr=\u00a0\u00bb#f8f8f8&Prime;][info_list_son style=\u00a0\u00bbicon\u00a0\u00bb size=\u00a0\u00bb0&Prime; width=\u00a0\u00bb0&Prime; height=\u00a0\u00bb0&Prime; titleclr=\u00a0\u00bb#f8f8f8&Prime; iconclr=\u00a0\u00bb#f8f8f8&Prime; borderclr=\u00a0\u00bb#f8f8f8&Prime;]\n<p data-path-to-node=\"15\">Si la faune est la vedette, Amboseli offre de nombreuses fa\u00e7ons de s\u2019immerger dans la nature africaine.<\/p>\n<ul>\n<li style=\"list-style-type: none;\">\n<ul data-path-to-node=\"16\">\n<li>\n<p data-path-to-node=\"16,0,0\"><strong>Safaris guid\u00e9s<\/strong> <b data-path-to-node=\"16,0,0\" data-index-in-node=\"0\">:<\/b> Explorez le parc dans nos Land Cruisers 4&#215;4 personnalis\u00e9s avec toits escafables. Nos guides experts connaissent les endroits secrets o\u00f9 se cachent les lions et o\u00f9 les \u00e9l\u00e9phants traversent les marais. <\/p>\n<\/li>\n<li>\n<p data-path-to-node=\"16,1,0\"><strong>Observation Hill<\/strong> <b data-path-to-node=\"16,1,0\" data-index-in-node=\"0\">:<\/b> Montez le seul point culminant du parc. Elle offre une vue panoramique \u00e0 360 degr\u00e9s sur les marais, les plaines et la montagne. C\u2019est l\u2019endroit parfait pour un pique-.  <\/p>\n<\/li>\n<li>\n<p data-path-to-node=\"16,2,0\"><strong>Safaris en montgolfi\u00e8re<\/strong> <b data-path-to-node=\"16,2,0\" data-index-in-node=\"0\">:<\/b> Flottez silencieusement au-dessus des troupeaux au lever du soleil. Il n\u2019y a pas d\u2019exp\u00e9rience plus magique que de voir le Kilimandjaro devenir rose depuis le ciel.  <i data-path-to-node=\"16,2,0\" data-index-in-node=\"151\">(Disponible en option).<\/i><\/p>\n<\/li>\n<li>\n<p data-path-to-node=\"16,3,0\"><strong>Visites culturelles Maasai<\/strong> <b data-path-to-node=\"16,3,0\" data-index-in-node=\"0\">:<\/b> Visitez un <i data-path-to-node=\"16,3,0\" data-index-in-node=\"38\">Manyatta<\/i> local (village) pour d\u00e9couvrir les anciennes traditions, le travail vibrant des perles et les danses sauteuses du peuple Maasai qui coexiste avec cette faune depuis des si\u00e8cles.<\/p>\n<\/li>\n<li>\n<p data-path-to-node=\"16,4,0\"><strong>Petits-d\u00e9jeuners dans la brousse &amp; couchers<\/strong> <b data-path-to-node=\"16,4,0\" data-index-in-node=\"0\">de soleil :<\/b> terminez votre journ\u00e9e par un \u00ab Sundowner \u00bb \u2014 boissons fra\u00eeches et entr\u00e9es servies au milieu de la savane alors que le soleil se couche derri\u00e8re la montagne.<\/p>\n<\/li>\n<\/ul>\n<\/li>\n<\/ul>\n[\/info_list_son][\/info_list_father][\/vc_tta_section][\/vc_tta_tabs][\/vc_column][\/vc_row]\n","protected":false},"excerpt":{"rendered":"<p>[vc_row full_width=\u00a0\u00bbstretch_row\u00a0\u00bb gap=\u00a0\u00bb1&Prime;][vc_column parallax=\u00a0\u00bbcontent-moving\u00a0\u00bb parallax_image=\u00a0\u00bb45372&Prime; parallax_speed_bg=\u00a0\u00bb2.0&Prime; css=\u00a0\u00bb.vc_custom_1771491474300{padding-top: 80px !important;padding-right: 80px !important;padding-bottom: 80px !important;padding-left: 80px !important;}\u00a0\u00bb][vc_custom_heading text=\u00a0\u00bbParc national d\u2019Amboseli\u00a0\u00bb font_container=\u00a0\u00bbtag:h1|font_size:32|text_align:left|color:%23ffffff\u00a0\u00bb google_fonts=\u00a0\u00bbfont_family:Quicksand%3A300%2Cregular%2C700|font_style:400%20regular%3A400%3Anormal\u00a0\u00bb el_class=\u00a0\u00bbtxt-desc\u00a0\u00bb][vc_separator color=\u00a0\u00bbcustom\u00a0\u00bb align=\u00a0\u00bbalign_left\u00a0\u00bb border_width=\u00a0\u00bb2&Prime; el_width=\u00a0\u00bb20&Prime; accent_color=\u00a0\u00bb#f8f8f8&Prime;][vc_custom_heading text=\u00a0\u00bbKenya\u00a0\u00bb font_container=\u00a0\u00bbtag:h2|font_size:18|text_align:left|color:%23ffffff\u00a0\u00bb google_fonts=\u00a0\u00bbfont_family:Roboto%3A100%2C100italic%2C300%2C300italic%2Cregular%2Citalic%2C500%2C500italic%2C700%2C700italic%2C900%2C900italic|font_style:400%20regular%3A400%3Anormal\u00a0\u00bb el_class=\u00a0\u00bbtxt-desc\u00a0\u00bb][\/vc_column][\/vc_row][vc_row][vc_column css=\u00a0\u00bb.vc_custom_1673438873315{border-top-width: 10px !important;border-right-width: 10px !important;border-bottom-width: 10px !important;border-left-width: 10px !important;}\u00a0\u00bb][vc_tta_tabs shape=\u00a0\u00bbsquare\u00a0\u00bb color=\u00a0\u00bbjuicy-pink\u00a0\u00bb alignment=\u00a0\u00bbcenter\u00a0\u00bb active_section=\u00a0\u00bb1&Prime; no_fill_content_area=\u00a0\u00bbtrue\u00a0\u00bb][vc_tta_section title=\u00a0\u00bbAper\u00e7u\u00a0\u00bb tab_id=\u00a0\u00bb1633454673222-3d94f956-010c\u00a0\u00bb][info_list_father listclr=\u00a0\u00bb#f8f8f8&Prime;][info_list_son style=\u00a0\u00bbicon\u00a0\u00bb size=\u00a0\u00bb20&Prime; width=\u00a0\u00bb30&Prime; height=\u00a0\u00bb20&Prime; titleclr=\u00a0\u00bb#890000&Prime; icon=\u00a0\u00bbfas fa-map-marked\u00a0\u00bb iconclr=\u00a0\u00bb#890000&Prime; [&hellip;]<\/p>\n","protected":false},"author":2,"featured_media":0,"parent":27931,"menu_order":0,"comment_status":"closed","ping_status":"closed","template":"","meta":{"_themeisle_gutenberg_block_has_review":false,"footnotes":""},"class_list":["post-42300","page","type-page","status-publish","hentry"],"_links":{"self":[{"href":"https:\/\/mufasatoursandtravels.com\/fr\/wp-json\/wp\/v2\/pages\/42300","targetHints":{"allow":["GET"]}}],"collection":[{"href":"https:\/\/mufasatoursandtravels.com\/fr\/wp-json\/wp\/v2\/pages"}],"about":[{"href":"https:\/\/mufasatoursandtravels.com\/fr\/wp-json\/wp\/v2\/types\/page"}],"author":[{"embeddable":true,"href":"https:\/\/mufasatoursandtravels.com\/fr\/wp-json\/wp\/v2\/users\/2"}],"replies":[{"embeddable":true,"href":"https:\/\/mufasatoursandtravels.com\/fr\/wp-json\/wp\/v2\/comments?post=42300"}],"version-history":[{"count":6,"href":"https:\/\/mufasatoursandtravels.com\/fr\/wp-json\/wp\/v2\/pages\/42300\/revisions"}],"predecessor-version":[{"id":45387,"href":"https:\/\/mufasatoursandtravels.com\/fr\/wp-json\/wp\/v2\/pages\/42300\/revisions\/45387"}],"up":[{"embeddable":true,"href":"https:\/\/mufasatoursandtravels.com\/fr\/wp-json\/wp\/v2\/pages\/27931"}],"wp:attachment":[{"href":"https:\/\/mufasatoursandtravels.com\/fr\/wp-json\/wp\/v2\/media?parent=42300"}],"curies":[{"name":"wp","href":"https:\/\/api.w.org\/{rel}","templated":true}]}}