{"id":42406,"date":"2026-01-05T14:43:25","date_gmt":"2026-01-05T11:43:25","guid":{"rendered":"https:\/\/mufasatoursandtravels.com\/destinations\/reserve-dolpejeta-2\/"},"modified":"2026-01-05T16:50:41","modified_gmt":"2026-01-05T13:50:41","slug":"reserve-dolpejeta-2","status":"publish","type":"page","link":"https:\/\/mufasatoursandtravels.com\/fr\/destinations\/reserve-dolpejeta-2\/","title":{"rendered":"R\u00e9serve d\u2019Olpejeta"},"content":{"rendered":"[vc_row full_width=\u00a0\u00bbstretch_row\u00a0\u00bb gap=\u00a0\u00bb1&Prime;][vc_column parallax=\u00a0\u00bbcontent-moving\u00a0\u00bb parallax_image=\u00a0\u00bb8553&Prime; parallax_speed_bg=\u00a0\u00bb1.9&Prime; css=\u00a0\u00bb.vc_custom_1767613736317{padding-top: 80px !important;padding-right: 80px !important;padding-bottom: 80px !important;padding-left: 80px !important;}\u00a0\u00bb][vc_custom_heading text=\u00a0\u00bbR\u00e9serve d\u2019Olpejeta\u00a0\u00bb font_container=\u00a0\u00bbtag:h1|font_size:32|text_align:left|color:%23ffffff\u00a0\u00bb google_fonts=\u00a0\u00bbfont_family:Quicksand%3A300%2Cregular%2C700|font_style:400%20regular%3A400%3Anormal\u00a0\u00bb][vc_separator color=\u00a0\u00bbcustom\u00a0\u00bb align=\u00a0\u00bbalign_left\u00a0\u00bb border_width=\u00a0\u00bb2&Prime; el_width=\u00a0\u00bb20&Prime; accent_color=\u00a0\u00bb#f8f8f8&Prime;][vc_custom_heading text=\u00a0\u00bbKenya\u00a0\u00bb font_container=\u00a0\u00bbtag:h2|font_size:18|text_align:left|color:%23ffffff\u00a0\u00bb google_fonts=\u00a0\u00bbfont_family:Roboto%3A100%2C100italic%2C300%2C300italic%2Cregular%2Citalic%2C500%2C500italic%2C700%2C700italic%2C900%2C900italic|font_style:400%20regular%3A400%3Anormal\u00a0\u00bb][\/vc_column][\/vc_row][vc_row][vc_column css=\u00a0\u00bb.vc_custom_1673438873315{border-top-width: 10px !important;border-right-width: 10px !important;border-bottom-width: 10px !important;border-left-width: 10px !important;}\u00a0\u00bb][vc_tta_tabs shape=\u00a0\u00bbsquare\u00a0\u00bb color=\u00a0\u00bbjuicy-pink\u00a0\u00bb alignment=\u00a0\u00bbcenter\u00a0\u00bb active_section=\u00a0\u00bb1&Prime; no_fill_content_area=\u00a0\u00bbtrue\u00a0\u00bb][vc_tta_section title=\u00a0\u00bbAper\u00e7u\u00a0\u00bb tab_id=\u00a0\u00bb1633454673222-3d94f956-010c\u00a0\u00bb][info_list_father listclr=\u00a0\u00bb#f8f8f8&Prime;][info_list_son style=\u00a0\u00bbicon\u00a0\u00bb size=\u00a0\u00bb20&Prime; width=\u00a0\u00bb30&Prime; height=\u00a0\u00bb20&Prime; titleclr=\u00a0\u00bb#890000&Prime; icon=\u00a0\u00bbfas fa-map-marked\u00a0\u00bb iconclr=\u00a0\u00bb#890000&Prime; iconbg=\u00a0\u00bb#f8f8f8&Prime; borderclr=\u00a0\u00bb#f8f8f8&Prime; title=\u00a0\u00bbA sanctuary for Conservation\u00a0\u00bb]\n<p data-path-to-node=\"5\">Ol Pejeta is a 90,000-acre non-profit wildlife conservancy situated between the foothills of the Aberdares and the magnificent snow-capped Mount Kenya. It is famous for being the largest Black Rhino sanctuary in East Africa and home to the world\u2019s last two remaining Northern White Rhinos. Unlike many other parks, Ol Pejeta offers a rare opportunity to see the \u00ab\u00a0Big Five\u00a0\u00bb alongside rescued chimpanzees in a single, stunning location.<\/p>\n[\/info_list_son][info_list_son style=\u00a0\u00bbicon\u00a0\u00bb size=\u00a0\u00bb20&Prime; width=\u00a0\u00bb30&Prime; height=\u00a0\u00bb20&Prime; titleclr=\u00a0\u00bb#890000&Prime; icon=\u00a0\u00bbfas fa-route\u00a0\u00bb iconclr=\u00a0\u00bb#890000&Prime; iconbg=\u00a0\u00bb#f8f8f8&Prime; borderclr=\u00a0\u00bb#f8f8f8&Prime; title=\u00a0\u00bbWhat to expect\u00a0\u00bb]\n<ul>\n<li style=\"list-style-type: none;\">\n<ul>\n<li>\n<p data-path-to-node=\"6,0,0\"><strong>The Rhino Kingdom:<\/strong> A world leader in rhino conservation; this is your best chance in Kenya to see these prehistoric giants in high numbers.<\/p>\n<\/li>\n<li>\n<p data-path-to-node=\"6,1,0\"><strong>The Chimpanzee Sanctuary:<\/strong> The only place in Kenya where you can see chimpanzees. This sanctuary was established to provide a lifelong refuge for orphaned and rescued chimps from West and Central Africa.<\/p>\n<\/li>\n<li>\n<p data-path-to-node=\"6,2,0\"><strong>The \u00ab\u00a0Big Five\u00a0\u00bb &amp; More:<\/strong> Beyond the predators (lions, leopards, cheetahs) and giants (elephants, buffalo), the conservancy is home to rare Northern species like the Reticulated Giraffe and Grevy\u2019s Zebra.<\/p>\n<\/li>\n<\/ul>\n<\/li>\n<\/ul>\n[\/info_list_son][info_list_son style=\u00a0\u00bbicon\u00a0\u00bb size=\u00a0\u00bb20&Prime; width=\u00a0\u00bb30&Prime; height=\u00a0\u00bb20&Prime; titleclr=\u00a0\u00bb#890000&Prime; icon=\u00a0\u00bbfar fa-check-circle\u00a0\u00bb iconclr=\u00a0\u00bb#890000&Prime; iconbg=\u00a0\u00bb#f8f8f8&Prime; borderclr=\u00a0\u00bb#f8f8f8&Prime; title=\u00a0\u00bbBest time to visit\u00a0\u00bb]\n<p data-path-to-node=\"6,2,0\">All season visit is recommended with the beautiful lush greenery and perfect for birdwatching, with clear views of mt.Kenya.<\/p>\n[\/info_list_son][\/info_list_father][vc_btn title=\u00a0\u00bbObtenez un devis\u00a0\u00bb style=\u00a0\u00bboutline-custom\u00a0\u00bb outline_custom_color=\u00a0\u00bb#890000&Prime; outline_custom_hover_background=\u00a0\u00bb#890000&Prime; outline_custom_hover_text=\u00a0\u00bb#ffffff\u00a0\u00bb shape=\u00a0\u00bbsquare\u00a0\u00bb size=\u00a0\u00bbsm\u00a0\u00bb align=\u00a0\u00bbcenter\u00a0\u00bb i_align=\u00a0\u00bbright\u00a0\u00bb i_icon_fontawesome=\u00a0\u00bbfas fa-angle-right\u00a0\u00bb add_icon=\u00a0\u00bbtrue\u00a0\u00bb link=\u00a0\u00bburl:https%3A%2F%2Fmufasatoursandtravels.com%2Ffr%2Fdemander-un-devis%2F|title:Demander%20un%20devis|\u00a0\u00bb][\/vc_tta_section][vc_tta_section title=\u00a0\u00bbH\u00e9bergement\u00a0\u00bb tab_id=\u00a0\u00bb1633455601016-f93699bc-5d92&Prime;][vc_row_inner css=\u00a0\u00bb.vc_custom_1767603602505{padding: 20px !important;}\u00a0\u00bb][vc_column_inner el_class=\u00a0\u00bbcustom-height\u00a0\u00bb][ucaddon_uc_side_carousel_content image=\u00a0\u00bb42410&Prime; title=\u00a0\u00bbSerena Sweetwaters Camp\u00a0\u00bb btn_text=\u00a0\u00bbView Accomodation\u00a0\u00bb link=\u00a0\u00bbhttps:\/\/www.serenahotels.com\/sweetwaters?srsltid=AfmBOooyN4SyDYGAuu8p5F6V3uhdsUAR0gMXik0rh4c2QpTGt_0dp92n\u00a0\u00bb uc_fonts_data=\u00a0\u00bbJTdCJTdE\u00a0\u00bb]QnVpbHQlMjBhcm91bmQlMjBhJTIwYnVzeSUyMHdhdGVyaG9sZSUyQyUyMHRoaXMlMjB3b3JsZC1jbGFzcyUyMGNhbXAlMjBmZWF0dXJlcyUyMGx1eHVyeSUyMHRlbnRzJTIwYW5kJTIwJTIyVGhlJTIwTW9yYW5pJTIwV2luZyUyQyUyMiUyMG9mZmVyaW5nJTIwdmlld3MlMjBvZiUyMHRoZSUyMHdpbGRsaWZlJTIwcmlnaHQlMjBmcm9tJTIweW91ciUyMHZlcmFuZGEu[\/ucaddon_uc_side_carousel_content][\/vc_column_inner][\/vc_row_inner][vc_row_inner css=\u00a0\u00bb.vc_custom_1767603579984{padding: 20px !important;}\u00a0\u00bb][vc_column_inner el_class=\u00a0\u00bbcustom-height\u00a0\u00bb][ucaddon_uc_side_carousel_content image=\u00a0\u00bb42416&Prime; title=\u00a0\u00bbKicheche Laikipia Camp\u00a0\u00bb btn_text=\u00a0\u00bbView Accomodation\u00a0\u00bb link=\u00a0\u00bbhttps:\/\/kicheche.com\/kicheche-laikipia\/\u00a0\u00bb uc_fonts_data=\u00a0\u00bbJTdCJTdE\u00a0\u00bb]QSUyMHNtYWxsJTJDJTIwaW50aW1hdGUlMjBsdXh1cnklMjBjYW1wJTIwbG9jYXRlZCUyMGluJTIwYSUyMHByaXZhdGUlMjBhcmVhJTIwb2YlMjB0aGUlMjBjb25zZXJ2YW5jeSUyQyUyMHBlcmZlY3QlMjBmb3IlMjB0aG9zZSUyMHNlZWtpbmclMjBwZWFjZSUyMGFuZCUyMGV4Y2x1c2l2aXR5Lg==[\/ucaddon_uc_side_carousel_content][\/vc_column_inner][\/vc_row_inner][vc_row_inner css=\u00a0\u00bb.vc_custom_1767603579984{padding: 20px !important;}\u00a0\u00bb][vc_column_inner el_class=\u00a0\u00bbcustom-height\u00a0\u00bb][ucaddon_uc_side_carousel_content image=\u00a0\u00bb42422&Prime; title=\u00a0\u00bbJardins Confort Sweetwaters\u00a0\u00bb btn_text=\u00a0\u00bbView Accomodation\u00a0\u00bb link=\u00a0\u00bbhttps:\/\/kicheche.com\/kicheche-laikipia\/\u00a0\u00bb uc_fonts_data=\u00a0\u00bbJTdCJTdE\u00a0\u00bb]TG9jYXRlZCUyMGp1c3QlMjBvdXRzaWRlJTIwdGhlJTIwU2VyYXQlMjBHYXRlJTJDJTIwb2ZmZXJpbmclMjBtb2Rlcm4lMjByb29tcyUyMGFuZCUyMGdyZWF0JTIwdmFsdWUlMjBmb3IlMjB0cmF2ZWxlcnMu[\/ucaddon_uc_side_carousel_content][\/vc_column_inner][\/vc_row_inner][\/vc_tta_section][vc_tta_section title=\u00a0\u00bbActivit\u00e9s\u00a0\u00bb tab_id=\u00a0\u00bb1767601538075-7b6924d3-776e\u00a0\u00bb][info_list_father listclr=\u00a0\u00bb#f8f8f8&Prime;][info_list_son style=\u00a0\u00bbicon\u00a0\u00bb size=\u00a0\u00bb0&Prime; width=\u00a0\u00bb0&Prime; height=\u00a0\u00bb0&Prime; titleclr=\u00a0\u00bb#f8f8f8&Prime; iconclr=\u00a0\u00bb#f8f8f8&Prime; borderclr=\u00a0\u00bb#f8f8f8&Prime;]\n<p data-path-to-node=\"15\">Ol Pejeta est l\u2019une des conservations les plus interactives du Kenya. Nous pouvons organiser ces activit\u00e9s sp\u00e9cialis\u00e9es pour enrichir votre safari : <\/p>\n<ul>\n<li style=\"list-style-type: none;\">\n<ul data-path-to-node=\"16\">\n<li>\n<p data-path-to-node=\"16,0,0\"><strong>Rencontrez le dernier rhinoc\u00e9ros blanc du Nord<\/strong> <b data-path-to-node=\"16,0,0\" data-index-in-node=\"0\">:<\/b> Faites une excursion guid\u00e9e dans cet enclos d\u2019esp\u00e8ces menac\u00e9es de 700 acres pour rencontrer <b data-path-to-node=\"16,0,0\" data-index-in-node=\"109\">Najin et Fatu<\/b>, les deux seuls rhinoc\u00e9ros blancs du Nord encore sur terre.<\/p>\n<\/li>\n<li>\n<p data-path-to-node=\"16,1,0\"><strong>Sanctuaire des chimpanz\u00e9s de Sweetwaters<\/strong> <b data-path-to-node=\"16,1,0\" data-index-in-node=\"0\">:<\/b> Visitez les chimpanz\u00e9s sauv\u00e9s et d\u00e9couvrez leur r\u00e9habilitation dans une for\u00eat fluviale naturelle.<\/p>\n<\/li>\n<li>\n<p data-path-to-node=\"16,2,0\"><strong>Safari nocturne<\/strong> <b data-path-to-node=\"16,2,0\" data-index-in-node=\"0\">:<\/b> \u00c0 l\u2019aide de projecteurs filtr\u00e9s, nos guides vous emm\u00e8nent apr\u00e8s la tomb\u00e9e de la nuit \u00e0 la recherche d\u2019animaux nocturnes comme le fourmiter, le caracal et les lions de chasse \u2014 une activit\u00e9 interdite dans la plupart des parcs nationaux.<\/p>\n<\/li>\n<li>\n<p data-path-to-node=\"16,3,0\"><strong>Suivi des lions<\/strong> <b data-path-to-node=\"16,3,0\" data-index-in-node=\"0\">:<\/b> Aidez les chercheurs en aidant \u00e0 localiser les lions \u00e9quip\u00e9s de colliers radio. C\u2019est un excellent moyen d\u2019apprendre la dynamique de la fiert\u00e9 et la technologie de conservation. <\/p>\n<\/li>\n<li>\n<p data-path-to-node=\"16,4,0\"><strong>Visitez Baraka le rhinoc\u00e9ros noir<\/strong> <b data-path-to-node=\"16,4,0\" data-index-in-node=\"0\">:<\/b> Approchez-vous de Baraka, un rhinoc\u00e9ros noir aveugle qui vit au centre d\u2019accueil et agit comme ambassadeur de son esp\u00e8ce. On peut m\u00eame le nourrir depuis une plateforme ! <\/p>\n<\/li>\n<li>\n<p data-path-to-node=\"16,5,0\"><strong>Pistage de<\/strong> <b data-path-to-node=\"16,5,0\" data-index-in-node=\"0\">chiens :<\/b> Visitez l\u2019unit\u00e9 sp\u00e9cialis\u00e9e K-9 pour voir comment les chiens de chasse sont form\u00e9s \u00e0 traquer les braconniers \u2014 un aper\u00e7u incroyable du travail \u00ab sur le terrain \u00bb de la conservation.<\/p>\n<\/li>\n<li>\n<p data-path-to-node=\"16,6,0\"><strong>Programme Junior Ranger<\/strong> <b data-path-to-node=\"16,6,0\" data-index-in-node=\"0\">:<\/b> Une exp\u00e9rience interactive fantastique pour les enfants, o\u00f9 ils peuvent d\u00e9couvrir la nature sauvage et obtenir un badge et un certificat de \u00ab Junior Ranger \u00bb.<\/p>\n<\/li>\n<\/ul>\n<\/li>\n<\/ul>\n[\/info_list_son][\/info_list_father][\/vc_tta_section][\/vc_tta_tabs][\/vc_column][\/vc_row]\n","protected":false},"excerpt":{"rendered":"<p>[vc_row full_width=\u00a0\u00bbstretch_row\u00a0\u00bb gap=\u00a0\u00bb1&Prime;][vc_column parallax=\u00a0\u00bbcontent-moving\u00a0\u00bb parallax_image=\u00a0\u00bb8553&Prime; parallax_speed_bg=\u00a0\u00bb1.9&Prime; css=\u00a0\u00bb.vc_custom_1767613736317{padding-top: 80px !important;padding-right: 80px !important;padding-bottom: 80px !important;padding-left: 80px !important;}\u00a0\u00bb][vc_custom_heading text=\u00a0\u00bbR\u00e9serve d\u2019Olpejeta\u00a0\u00bb font_container=\u00a0\u00bbtag:h1|font_size:32|text_align:left|color:%23ffffff\u00a0\u00bb google_fonts=\u00a0\u00bbfont_family:Quicksand%3A300%2Cregular%2C700|font_style:400%20regular%3A400%3Anormal\u00a0\u00bb][vc_separator color=\u00a0\u00bbcustom\u00a0\u00bb align=\u00a0\u00bbalign_left\u00a0\u00bb border_width=\u00a0\u00bb2&Prime; el_width=\u00a0\u00bb20&Prime; accent_color=\u00a0\u00bb#f8f8f8&Prime;][vc_custom_heading text=\u00a0\u00bbKenya\u00a0\u00bb font_container=\u00a0\u00bbtag:h2|font_size:18|text_align:left|color:%23ffffff\u00a0\u00bb google_fonts=\u00a0\u00bbfont_family:Roboto%3A100%2C100italic%2C300%2C300italic%2Cregular%2Citalic%2C500%2C500italic%2C700%2C700italic%2C900%2C900italic|font_style:400%20regular%3A400%3Anormal\u00a0\u00bb][\/vc_column][\/vc_row][vc_row][vc_column css=\u00a0\u00bb.vc_custom_1673438873315{border-top-width: 10px !important;border-right-width: 10px !important;border-bottom-width: 10px !important;border-left-width: 10px !important;}\u00a0\u00bb][vc_tta_tabs shape=\u00a0\u00bbsquare\u00a0\u00bb color=\u00a0\u00bbjuicy-pink\u00a0\u00bb alignment=\u00a0\u00bbcenter\u00a0\u00bb active_section=\u00a0\u00bb1&Prime; no_fill_content_area=\u00a0\u00bbtrue\u00a0\u00bb][vc_tta_section title=\u00a0\u00bbAper\u00e7u\u00a0\u00bb tab_id=\u00a0\u00bb1633454673222-3d94f956-010c\u00a0\u00bb][info_list_father listclr=\u00a0\u00bb#f8f8f8&Prime;][info_list_son style=\u00a0\u00bbicon\u00a0\u00bb size=\u00a0\u00bb20&Prime; width=\u00a0\u00bb30&Prime; height=\u00a0\u00bb20&Prime; titleclr=\u00a0\u00bb#890000&Prime; icon=\u00a0\u00bbfas fa-map-marked\u00a0\u00bb iconclr=\u00a0\u00bb#890000&Prime; iconbg=\u00a0\u00bb#f8f8f8&Prime; borderclr=\u00a0\u00bb#f8f8f8&Prime; title=\u00a0\u00bbA [&hellip;]<\/p>\n","protected":false},"author":2,"featured_media":0,"parent":27931,"menu_order":3,"comment_status":"closed","ping_status":"closed","template":"","meta":{"_themeisle_gutenberg_block_has_review":false,"footnotes":""},"class_list":["post-42406","page","type-page","status-publish","hentry"],"_links":{"self":[{"href":"https:\/\/mufasatoursandtravels.com\/fr\/wp-json\/wp\/v2\/pages\/42406","targetHints":{"allow":["GET"]}}],"collection":[{"href":"https:\/\/mufasatoursandtravels.com\/fr\/wp-json\/wp\/v2\/pages"}],"about":[{"href":"https:\/\/mufasatoursandtravels.com\/fr\/wp-json\/wp\/v2\/types\/page"}],"author":[{"embeddable":true,"href":"https:\/\/mufasatoursandtravels.com\/fr\/wp-json\/wp\/v2\/users\/2"}],"replies":[{"embeddable":true,"href":"https:\/\/mufasatoursandtravels.com\/fr\/wp-json\/wp\/v2\/comments?post=42406"}],"version-history":[{"count":3,"href":"https:\/\/mufasatoursandtravels.com\/fr\/wp-json\/wp\/v2\/pages\/42406\/revisions"}],"predecessor-version":[{"id":42491,"href":"https:\/\/mufasatoursandtravels.com\/fr\/wp-json\/wp\/v2\/pages\/42406\/revisions\/42491"}],"up":[{"embeddable":true,"href":"https:\/\/mufasatoursandtravels.com\/fr\/wp-json\/wp\/v2\/pages\/27931"}],"wp:attachment":[{"href":"https:\/\/mufasatoursandtravels.com\/fr\/wp-json\/wp\/v2\/media?parent=42406"}],"curies":[{"name":"wp","href":"https:\/\/api.w.org\/{rel}","templated":true}]}}