{"id":42529,"date":"2026-01-06T10:32:42","date_gmt":"2026-01-06T07:32:42","guid":{"rendered":"https:\/\/mufasatoursandtravels.com\/destinations\/hells-gate-national-paek\/"},"modified":"2026-01-07T12:50:17","modified_gmt":"2026-01-07T09:50:17","slug":"hells-gate-national-paek","status":"publish","type":"page","link":"https:\/\/mufasatoursandtravels.com\/fr\/destinations\/hells-gate-national-paek\/","title":{"rendered":"Parc national de Hell\u2019s Gate"},"content":{"rendered":"[vc_row full_width=\u00a0\u00bbstretch_row\u00a0\u00bb gap=\u00a0\u00bb1&Prime;][vc_column parallax=\u00a0\u00bbcontent-moving\u00a0\u00bb parallax_image=\u00a0\u00bb29562&Prime; parallax_speed_bg=\u00a0\u00bb2.5&Prime; css=\u00a0\u00bb.vc_custom_1767687141369{padding-top: 80px !important;padding-right: 80px !important;padding-bottom: 80px !important;padding-left: 80px !important;}\u00a0\u00bb][vc_custom_heading text=\u00a0\u00bbParc national de Hell\u2019s Gate\u00a0\u00bb font_container=\u00a0\u00bbtag:h1|font_size:32|text_align:left|color:%23ffffff\u00a0\u00bb google_fonts=\u00a0\u00bbfont_family:Quicksand%3A300%2Cregular%2C700|font_style:400%20regular%3A400%3Anormal\u00a0\u00bb][vc_separator color=\u00a0\u00bbcustom\u00a0\u00bb align=\u00a0\u00bbalign_left\u00a0\u00bb border_width=\u00a0\u00bb2&Prime; el_width=\u00a0\u00bb20&Prime; accent_color=\u00a0\u00bb#f8f8f8&Prime;][vc_custom_heading text=\u00a0\u00bbKenya\u00a0\u00bb font_container=\u00a0\u00bbtag:h2|font_size:18|text_align:left|color:%23ffffff\u00a0\u00bb google_fonts=\u00a0\u00bbfont_family:Roboto%3A100%2C100italic%2C300%2C300italic%2Cregular%2Citalic%2C500%2C500italic%2C700%2C700italic%2C900%2C900italic|font_style:400%20regular%3A400%3Anormal\u00a0\u00bb][\/vc_column][\/vc_row][vc_row][vc_column css=\u00a0\u00bb.vc_custom_1673438873315{border-top-width: 10px !important;border-right-width: 10px !important;border-bottom-width: 10px !important;border-left-width: 10px !important;}\u00a0\u00bb][vc_tta_tabs shape=\u00a0\u00bbsquare\u00a0\u00bb color=\u00a0\u00bbjuicy-pink\u00a0\u00bb alignment=\u00a0\u00bbcenter\u00a0\u00bb active_section=\u00a0\u00bb1&Prime; no_fill_content_area=\u00a0\u00bbtrue\u00a0\u00bb][vc_tta_section title=\u00a0\u00bbAper\u00e7u\u00a0\u00bb tab_id=\u00a0\u00bb1633454673222-3d94f956-010c\u00a0\u00bb][info_list_father listclr=\u00a0\u00bb#f8f8f8&Prime;][info_list_son style=\u00a0\u00bbicon\u00a0\u00bb size=\u00a0\u00bb20&Prime; width=\u00a0\u00bb30&Prime; height=\u00a0\u00bb20&Prime; titleclr=\u00a0\u00bb#890000&Prime; icon=\u00a0\u00bbfas fa-map-marked\u00a0\u00bb iconclr=\u00a0\u00bb#890000&Prime; iconbg=\u00a0\u00bb#f8f8f8&Prime; borderclr=\u00a0\u00bb#f8f8f8&Prime; title=\u00a0\u00bbA walk on the wild side\u00a0\u00bb caption_url=\u00a0\u00bb\u00a0\u00bb]\n<p data-path-to-node=\"5\">Hell\u2019s Gate National Park is one of the most atmospheric and unique safari destinations in Kenya. Located in the Great Rift Valley near Lake Naivasha, it is named for the intense geothermal activity within its boundaries. Characterized by towering cliffs, water-gouged gorges, and stark volcanic pillars, this park famously served as the inspiration for the landscapes in Disney\u2019s <i data-path-to-node=\"5\" data-index-in-node=\"415\">The Lion King<\/i> and <i data-path-to-node=\"5\" data-index-in-node=\"433\">Lara Croft: Tomb Raider<\/i>.<\/p>\n[\/info_list_son][info_list_son style=\u00a0\u00bbicon\u00a0\u00bb size=\u00a0\u00bb20&Prime; width=\u00a0\u00bb30&Prime; height=\u00a0\u00bb20&Prime; titleclr=\u00a0\u00bb#890000&Prime; icon=\u00a0\u00bbfas fa-route\u00a0\u00bb iconclr=\u00a0\u00bb#890000&Prime; iconbg=\u00a0\u00bb#f8f8f8&Prime; borderclr=\u00a0\u00bb#f8f8f8&Prime; title=\u00a0\u00bbWhat to expect\u00a0\u00bb caption_url=\u00a0\u00bb\u00a0\u00bb]\n<ul>\n<li style=\"list-style-type: none;\">\n<ul>\n<li data-path-to-node=\"6,0,0\"><strong>The \u00ab\u00a0No-Vehicle\u00a0\u00bb Advantage<\/strong><b data-path-to-node=\"6,0,0\" data-index-in-node=\"0\">:<\/b> Hell\u2019s Gate is one of the very few national parks in East Africa where you can hike, cycle, and rock climb freely among wildlife.<\/li>\n<li>\n<p data-path-to-node=\"6,1,0\"><strong>The Wildlife<\/strong><b data-path-to-node=\"6,1,0\" data-index-in-node=\"0\">:<\/b> While there are no large predators (making it safe for walking), you will encounter herds of Plains Zebra, Giraffe, Buffalo, Eland, and Hartebeest. It is also a global hotspot for cliff-nesting raptors, including the rare Lammergeier vulture.<\/p>\n<\/li>\n<li>\n<p data-path-to-node=\"6,2,0\"><strong>Geological Wonders<\/strong><b data-path-to-node=\"6,2,0\" data-index-in-node=\"0\">:<\/b> Explore a landscape shaped by ancient volcanic eruptions, featuring hissing steam vents and the dramatic Ol Njorowa Gorge.<\/p>\n<\/li>\n<\/ul>\n<\/li>\n<\/ul>\n[\/info_list_son][info_list_son style=\u00a0\u00bbicon\u00a0\u00bb size=\u00a0\u00bb20&Prime; width=\u00a0\u00bb30&Prime; height=\u00a0\u00bb20&Prime; titleclr=\u00a0\u00bb#890000&Prime; icon=\u00a0\u00bbfar fa-check-circle\u00a0\u00bb iconclr=\u00a0\u00bb#890000&Prime; iconbg=\u00a0\u00bb#f8f8f8&Prime; borderclr=\u00a0\u00bb#f8f8f8&Prime; title=\u00a0\u00bbBest time to visit\u00a0\u00bb caption_url=\u00a0\u00bb\u00a0\u00bb]\n<p data-path-to-node=\"6,2,0\">Best for day trips or en-routes, you can have a hiking or cycling sessions as the gorge trails are dry and safe.<\/p>\n[\/info_list_son][\/info_list_father][vc_btn title=\u00a0\u00bbObtenez un devis\u00a0\u00bb style=\u00a0\u00bboutline-custom\u00a0\u00bb outline_custom_color=\u00a0\u00bb#890000&Prime; outline_custom_hover_background=\u00a0\u00bb#890000&Prime; outline_custom_hover_text=\u00a0\u00bb#ffffff\u00a0\u00bb shape=\u00a0\u00bbsquare\u00a0\u00bb size=\u00a0\u00bbsm\u00a0\u00bb align=\u00a0\u00bbcenter\u00a0\u00bb i_align=\u00a0\u00bbright\u00a0\u00bb i_icon_fontawesome=\u00a0\u00bbfas fa-angle-right\u00a0\u00bb add_icon=\u00a0\u00bbtrue\u00a0\u00bb link=\u00a0\u00bburl:https%3A%2F%2Fmufasatoursandtravels.com%2Ffr%2Fdemander-un-devis%2F|title:Demander%20un%20devis|\u00a0\u00bb][\/vc_tta_section][vc_tta_section title=\u00a0\u00bbH\u00e9bergement\u00a0\u00bb tab_id=\u00a0\u00bb1633455601016-f93699bc-5d92&Prime;][vc_row_inner css=\u00a0\u00bb.vc_custom_1767685292219{padding: 10px !important;}\u00a0\u00bb][vc_column_inner el_class=\u00a0\u00bbcustom-height\u00a0\u00bb offset=\u00a0\u00bbvc_hidden-md vc_hidden-sm vc_hidden-xs\u00a0\u00bb][ucaddon_uc_side_carousel_content image=\u00a0\u00bb29574&Prime; title=\u00a0\u00bbEnashipai Resort &amp; Spa\u00a0\u00bb btn_text=\u00a0\u00bbView Accomodation\u00a0\u00bb link=\u00a0\u00bbhttp:\/\/www.enashipai.com\/\u00a0\u00bb uc_init_settings=\u00a0\u00bb\u00a0\u00bb uc_fonts_data=\u00a0\u00bbJTdCJTdE\u00a0\u00bb]QSUyMHdvcmxkLWNsYXNzJTIwbHV4dXJ5JTIwcmVzb3J0JTIwa25vd24lMjBmb3IlMjBpdHMlMjBhd2FyZC13aW5uaW5nJTIwc3BhJTIwYW5kJTIwbHVzaCUyMGdyb3VuZHMlRTIlODAlOTRwZXJmZWN0JTIwZm9yJTIwcmVsYXhpbmclMjBhZnRlciUyMGElMjBkYXklMjBvZiUyMGhpa2luZy4=[\/ucaddon_uc_side_carousel_content][\/vc_column_inner][\/vc_row_inner][vc_row_inner css=\u00a0\u00bb.vc_custom_1767685305970{padding: 10px !important;}\u00a0\u00bb][vc_column_inner el_class=\u00a0\u00bbcustom-height\u00a0\u00bb offset=\u00a0\u00bbvc_hidden-md vc_hidden-sm vc_hidden-xs\u00a0\u00bb][ucaddon_uc_side_carousel_content image=\u00a0\u00bb42536&Prime; title=\u00a0\u00bbLake Naivasha Country Club\u00a0\u00bb btn_text=\u00a0\u00bbView Accomodation\u00a0\u00bb link=\u00a0\u00bbhttps:\/\/www.muthuhotelsmgm.com\/muthu-lake-naivasha-country-club-kenya-hotel.html\u00a0\u00bb uc_init_settings=\u00a0\u00bb\u00a0\u00bb uc_fonts_data=\u00a0\u00bbJTdCJTdE\u00a0\u00bb]T25lJTIwb2YlMjB0aGUlMjBvbGRlc3QlMjBhbmQlMjBtb3N0JTIwY2hhcm1pbmclMjBwcm9wZXJ0aWVzJTIwaW4lMjB0aGUlMjByZWdpb24lMkMlMjBmZWF0dXJpbmclMjBleHBhbnNpdmUlMjBnYXJkZW5zJTIwYW5kJTIwYSUyMGNvbG9uaWFsLWVyYSUyMGF0bW9zcGhlcmUu[\/ucaddon_uc_side_carousel_content][\/vc_column_inner][\/vc_row_inner][vc_row_inner css=\u00a0\u00bb.vc_custom_1767685305970{padding: 10px !important;}\u00a0\u00bb][vc_column_inner el_class=\u00a0\u00bbcustom-height\u00a0\u00bb offset=\u00a0\u00bbvc_hidden-md vc_hidden-sm vc_hidden-xs\u00a0\u00bb][ucaddon_uc_side_carousel_content image=\u00a0\u00bb29616&Prime; title=\u00a0\u00bbLoge Naivasha Kongoni,\u00a0\u00bb btn_text=\u00a0\u00bbView Accomodation\u00a0\u00bb link=\u00a0\u00bbhttps:\/\/naivashakongonilodge.com\/\u00a0\u00bb uc_init_settings=\u00a0\u00bb\u00a0\u00bb uc_fonts_data=\u00a0\u00bbJTdCJTdE\u00a0\u00bb]RW5ndWxmJTIweW91cnNlbGYlMjBpbiUyMG5hdHVyZSUyMGFuZCUyMGVuam95JTIwdGhlJTIwbW9zdCUyMHNlcmVuZSUyMGVzY2FwZSUyMHdpdGglMjBicmVhdGh0YWtpbmclMjB2aWV3cyUyMG9mJTIwTGFrZSUyME9sb2lkZW4lMjBhbmQlMjB0aGUlMjBwYXJrJTI3cyUyMHZvbGNhbmljJTIwbGFuZHNjYXBlLg==[\/ucaddon_uc_side_carousel_content][\/vc_column_inner][\/vc_row_inner][vc_row_inner css=\u00a0\u00bb.vc_custom_1767685305970{padding: 10px !important;}\u00a0\u00bb][vc_column_inner el_class=\u00a0\u00bbcustom-height\u00a0\u00bb offset=\u00a0\u00bbvc_hidden-lg\u00a0\u00bb][vc_headings style=\u00a0\u00bbtheme2&Prime; borderclr=\u00a0\u00bb#890000&Prime; title=\u00a0\u00bbEnashipai Resort &#038; Spa\u00a0\u00bb align=\u00a0\u00bbleft\u00a0\u00bb google_fonts=\u00a0\u00bbfont_family:Quicksand%3A300%2Cregular%2C700|font_style:400%20regular%3A400%3Anormal\u00a0\u00bb titleclr=\u00a0\u00bb#000000&Prime; caption_url=\u00a0\u00bb\u00a0\u00bb caption_urls=\u00a0\u00bb\u00a0\u00bb caption_urlss=\u00a0\u00bb\u00a0\u00bb caption_urldesc=\u00a0\u00bb\u00a0\u00bb]A world-class luxury resort known for its award-winning spa and lush grounds\u2014perfect for relaxing after a day of hiking.[\/vc_headings][vc_btn title=\u00a0\u00bbVoir l\u2019h\u00e9bergement\u00a0\u00bb shape=\u00a0\u00bbsquare\u00a0\u00bb color=\u00a0\u00bbpink\u00a0\u00bb size=\u00a0\u00bbsm\u00a0\u00bb align=\u00a0\u00bbleft\u00a0\u00bb i_align=\u00a0\u00bbright\u00a0\u00bb i_icon_fontawesome=\u00a0\u00bbfas fa-angle-right\u00a0\u00bb add_icon=\u00a0\u00bbtrue\u00a0\u00bb link=\u00a0\u00bburl:https%3A%2F%2Fwww.enashipai.com%2F|\u00a0\u00bb css=\u00a0\u00bb.vc_custom_1767686798476{padding-top: 10px !important;padding-right: 10px !important;padding-bottom: 10px !important;}\u00a0\u00bb][\/vc_column_inner][\/vc_row_inner][vc_row_inner css=\u00a0\u00bb.vc_custom_1767685305970{padding: 10px !important;}\u00a0\u00bb][vc_column_inner el_class=\u00a0\u00bbcustom-height\u00a0\u00bb offset=\u00a0\u00bbvc_hidden-lg\u00a0\u00bb][vc_headings style=\u00a0\u00bbtheme2&Prime; borderclr=\u00a0\u00bb#890000&Prime; title=\u00a0\u00bbLake Naivasha Country Club\u00a0\u00bb align=\u00a0\u00bbleft\u00a0\u00bb google_fonts=\u00a0\u00bbfont_family:Quicksand%3A300%2Cregular%2C700|font_style:400%20regular%3A400%3Anormal\u00a0\u00bb titleclr=\u00a0\u00bb#000000&Prime; caption_url=\u00a0\u00bb\u00a0\u00bb caption_urls=\u00a0\u00bb\u00a0\u00bb caption_urlss=\u00a0\u00bb\u00a0\u00bb caption_urldesc=\u00a0\u00bb\u00a0\u00bb]One of the oldest and most charming properties in the region, featuring expansive gardens and a colonial-era atmosphere.[\/vc_headings][vc_btn title=\u00a0\u00bbVoir l\u2019h\u00e9bergement\u00a0\u00bb shape=\u00a0\u00bbsquare\u00a0\u00bb color=\u00a0\u00bbpink\u00a0\u00bb size=\u00a0\u00bbsm\u00a0\u00bb align=\u00a0\u00bbleft\u00a0\u00bb i_align=\u00a0\u00bbright\u00a0\u00bb i_icon_fontawesome=\u00a0\u00bbfas fa-angle-right\u00a0\u00bb add_icon=\u00a0\u00bbtrue\u00a0\u00bb link=\u00a0\u00bburl:https%3A%2F%2Fwww.muthuhotelsmgm.com%2Fmuthu-lake-naivasha-country-club-kenya-hotel.html|\u00a0\u00bb css=\u00a0\u00bb.vc_custom_1767686872103{padding-top: 10px !important;padding-right: 10px !important;padding-bottom: 10px !important;}\u00a0\u00bb][\/vc_column_inner][\/vc_row_inner][vc_row_inner css=\u00a0\u00bb.vc_custom_1767685305970{padding: 10px !important;}\u00a0\u00bb][vc_column_inner el_class=\u00a0\u00bbcustom-height\u00a0\u00bb offset=\u00a0\u00bbvc_hidden-lg\u00a0\u00bb][vc_headings style=\u00a0\u00bbtheme2&Prime; borderclr=\u00a0\u00bb#890000&Prime; title=\u00a0\u00bbNaivasha Kongoni Lodge\u00a0\u00bb align=\u00a0\u00bbleft\u00a0\u00bb google_fonts=\u00a0\u00bbfont_family:Quicksand%3A300%2Cregular%2C700|font_style:400%20regular%3A400%3Anormal\u00a0\u00bb titleclr=\u00a0\u00bb#000000&Prime; caption_url=\u00a0\u00bb\u00a0\u00bb caption_urls=\u00a0\u00bb\u00a0\u00bb caption_urlss=\u00a0\u00bb\u00a0\u00bb caption_urldesc=\u00a0\u00bb\u00a0\u00bb]Engulf yourself in nature and enjoy the most serene escape with breathtaking views of Lake Oloiden and the park&rsquo;s volcanic landscape.[\/vc_headings][vc_btn title=\u00a0\u00bbVoir l\u2019h\u00e9bergement\u00a0\u00bb shape=\u00a0\u00bbsquare\u00a0\u00bb color=\u00a0\u00bbpink\u00a0\u00bb size=\u00a0\u00bbsm\u00a0\u00bb align=\u00a0\u00bbleft\u00a0\u00bb i_align=\u00a0\u00bbright\u00a0\u00bb i_icon_fontawesome=\u00a0\u00bbfas fa-angle-right\u00a0\u00bb add_icon=\u00a0\u00bbtrue\u00a0\u00bb link=\u00a0\u00bburl:https%3A%2F%2Fnaivashakongonilodge.com%2F|\u00a0\u00bb css=\u00a0\u00bb.vc_custom_1767686928420{padding-top: 10px !important;padding-right: 10px !important;padding-bottom: 10px !important;}\u00a0\u00bb][\/vc_column_inner][\/vc_row_inner][\/vc_tta_section][vc_tta_section title=\u00a0\u00bbActivit\u00e9s\u00a0\u00bb tab_id=\u00a0\u00bb1767601538075-7b6924d3-776e\u00a0\u00bb][info_list_father listclr=\u00a0\u00bb#f8f8f8&Prime;][info_list_son style=\u00a0\u00bbicon\u00a0\u00bb size=\u00a0\u00bb0&Prime; width=\u00a0\u00bb0&Prime; height=\u00a0\u00bb0&Prime; titleclr=\u00a0\u00bb#f8f8f8&Prime; iconclr=\u00a0\u00bb#f8f8f8&Prime; borderclr=\u00a0\u00bb#f8f8f8&Prime; caption_url=\u00a0\u00bb\u00a0\u00bb]\n<p data-path-to-node=\"15\">L\u2019aventure attend \u00c0 la porte de l\u2019enfer, le voyage est tout aussi important que la faune. Nous pouvons organiser les exp\u00e9riences guid\u00e9es suivantes : <\/p>\n<ul>\n<li style=\"list-style-type: none;\">\n<ul data-path-to-node=\"16\">\n<li>\n<p data-path-to-node=\"16,0,0\"><strong>Faire du v\u00e9lo parmi les z\u00e8bres<\/strong> <b data-path-to-node=\"16,0,0\" data-index-in-node=\"0\">:<\/b> Louez un VTT \u00e0 la porte Elsa et parcourez la route de 8 km jusqu\u2019\u00e0 la gorge. Il n\u2019y a pas vraiment de sensation comparable \u00e0 p\u00e9daler aux c\u00f4t\u00e9s d\u2019une tour de girafes ou d\u2019un troupeau de gazelles.<\/p>\n<\/li>\n<li>\n<p data-path-to-node=\"16,1,0\"><strong>Randonn\u00e9e dans la gorge d\u2019Ol Njorowa<\/strong> <b data-path-to-node=\"16,1,0\" data-index-in-node=\"0\">:<\/b> Descendez dans les canyons profonds et sinueux de la gorge inf\u00e9rieure. Vous explorerez des canyons \u00e9troits en fente, verrez la \u00ab Chambre du Diable \u00bb et rencontrerez des sources chaudes et de petites cascades.  <i data-path-to-node=\"16,1,0\" data-index-in-node=\"199\">(N\u00e9cessite un guide local masa\u00ef pour la s\u00e9curit\u00e9).<\/i><\/p>\n<\/li>\n<li>\n<p data-path-to-node=\"16,2,0\"><strong>Escalade \u00e0 la tour Fischer : Testez<\/strong><b data-path-to-node=\"16,2,0\" data-index-in-node=\"0\"> vos nerfs sur ce bouchon volcanique de 25 m\u00e8tres.<\/b> C\u2019est un lieu pris\u00e9 aussi bien pour les d\u00e9butants que pour les grimpeurs exp\u00e9riment\u00e9s, offrant une vue panoramique sur le parc depuis le sommet.<\/p>\n<\/li>\n<li>\n<p data-path-to-node=\"16,3,0\"><strong>Spa g\u00e9othermique d\u2019Olkaria<\/strong> <b data-path-to-node=\"16,3,0\" data-index-in-node=\"0\">:<\/b> Apr\u00e8s une longue randonn\u00e9e, baignez vos muscles dans les eaux turquoise naturellement chauff\u00e9es et riches en min\u00e9raux du Spa d\u2019Olkaria \u2014 le plus grand spa naturel d\u2019Afrique.<\/p>\n<\/li>\n<li>\n<p data-path-to-node=\"16,4,0\"><strong>Photographie &amp; observation des oiseaux<\/strong> <b data-path-to-node=\"16,4,0\" data-index-in-node=\"0\">:<\/b> Capturez les \u00ab spectacles de la gorge \u00bb et utilisez l\u2019endroit de l\u2019abri des oiseaux du Mervyn Carnelley Raptor Hide pour rep\u00e9rer des vautours et des aigles de pr\u00e8s.<\/p>\n<\/li>\n<li>\n<p data-path-to-node=\"16,5,0\"><strong>Visitez le Centre culturel Maasai<\/strong> <b data-path-to-node=\"16,5,0\" data-index-in-node=\"0\">:<\/b> Situ\u00e9 pr\u00e8s de l\u2019entr\u00e9e, d\u00e9couvrez les traditions, le travail des perles et l\u2019histoire de la communaut\u00e9 locale Maasa\u00ef qui coexiste avec ce paysage depuis des si\u00e8cles.<\/p>\n<\/li>\n<\/ul>\n<\/li>\n<\/ul>\n[\/info_list_son][\/info_list_father][\/vc_tta_section][\/vc_tta_tabs][\/vc_column][\/vc_row]\n","protected":false},"excerpt":{"rendered":"<p>[vc_row full_width=\u00a0\u00bbstretch_row\u00a0\u00bb gap=\u00a0\u00bb1&Prime;][vc_column parallax=\u00a0\u00bbcontent-moving\u00a0\u00bb parallax_image=\u00a0\u00bb29562&Prime; parallax_speed_bg=\u00a0\u00bb2.5&Prime; css=\u00a0\u00bb.vc_custom_1767687141369{padding-top: 80px !important;padding-right: 80px !important;padding-bottom: 80px !important;padding-left: 80px !important;}\u00a0\u00bb][vc_custom_heading text=\u00a0\u00bbParc national de Hell\u2019s Gate\u00a0\u00bb font_container=\u00a0\u00bbtag:h1|font_size:32|text_align:left|color:%23ffffff\u00a0\u00bb google_fonts=\u00a0\u00bbfont_family:Quicksand%3A300%2Cregular%2C700|font_style:400%20regular%3A400%3Anormal\u00a0\u00bb][vc_separator color=\u00a0\u00bbcustom\u00a0\u00bb align=\u00a0\u00bbalign_left\u00a0\u00bb border_width=\u00a0\u00bb2&Prime; el_width=\u00a0\u00bb20&Prime; accent_color=\u00a0\u00bb#f8f8f8&Prime;][vc_custom_heading text=\u00a0\u00bbKenya\u00a0\u00bb font_container=\u00a0\u00bbtag:h2|font_size:18|text_align:left|color:%23ffffff\u00a0\u00bb google_fonts=\u00a0\u00bbfont_family:Roboto%3A100%2C100italic%2C300%2C300italic%2Cregular%2Citalic%2C500%2C500italic%2C700%2C700italic%2C900%2C900italic|font_style:400%20regular%3A400%3Anormal\u00a0\u00bb][\/vc_column][\/vc_row][vc_row][vc_column css=\u00a0\u00bb.vc_custom_1673438873315{border-top-width: 10px !important;border-right-width: 10px !important;border-bottom-width: 10px !important;border-left-width: 10px !important;}\u00a0\u00bb][vc_tta_tabs shape=\u00a0\u00bbsquare\u00a0\u00bb color=\u00a0\u00bbjuicy-pink\u00a0\u00bb alignment=\u00a0\u00bbcenter\u00a0\u00bb active_section=\u00a0\u00bb1&Prime; no_fill_content_area=\u00a0\u00bbtrue\u00a0\u00bb][vc_tta_section title=\u00a0\u00bbAper\u00e7u\u00a0\u00bb tab_id=\u00a0\u00bb1633454673222-3d94f956-010c\u00a0\u00bb][info_list_father listclr=\u00a0\u00bb#f8f8f8&Prime;][info_list_son style=\u00a0\u00bbicon\u00a0\u00bb size=\u00a0\u00bb20&Prime; width=\u00a0\u00bb30&Prime; height=\u00a0\u00bb20&Prime; titleclr=\u00a0\u00bb#890000&Prime; icon=\u00a0\u00bbfas fa-map-marked\u00a0\u00bb iconclr=\u00a0\u00bb#890000&Prime; [&hellip;]<\/p>\n","protected":false},"author":2,"featured_media":0,"parent":27931,"menu_order":4,"comment_status":"closed","ping_status":"closed","template":"","meta":{"_themeisle_gutenberg_block_has_review":false,"footnotes":""},"class_list":["post-42529","page","type-page","status-publish","hentry"],"_links":{"self":[{"href":"https:\/\/mufasatoursandtravels.com\/fr\/wp-json\/wp\/v2\/pages\/42529","targetHints":{"allow":["GET"]}}],"collection":[{"href":"https:\/\/mufasatoursandtravels.com\/fr\/wp-json\/wp\/v2\/pages"}],"about":[{"href":"https:\/\/mufasatoursandtravels.com\/fr\/wp-json\/wp\/v2\/types\/page"}],"author":[{"embeddable":true,"href":"https:\/\/mufasatoursandtravels.com\/fr\/wp-json\/wp\/v2\/users\/2"}],"replies":[{"embeddable":true,"href":"https:\/\/mufasatoursandtravels.com\/fr\/wp-json\/wp\/v2\/comments?post=42529"}],"version-history":[{"count":4,"href":"https:\/\/mufasatoursandtravels.com\/fr\/wp-json\/wp\/v2\/pages\/42529\/revisions"}],"predecessor-version":[{"id":42718,"href":"https:\/\/mufasatoursandtravels.com\/fr\/wp-json\/wp\/v2\/pages\/42529\/revisions\/42718"}],"up":[{"embeddable":true,"href":"https:\/\/mufasatoursandtravels.com\/fr\/wp-json\/wp\/v2\/pages\/27931"}],"wp:attachment":[{"href":"https:\/\/mufasatoursandtravels.com\/fr\/wp-json\/wp\/v2\/media?parent=42529"}],"curies":[{"name":"wp","href":"https:\/\/api.w.org\/{rel}","templated":true}]}}