{"id":42562,"date":"2026-01-06T11:11:27","date_gmt":"2026-01-06T08:11:27","guid":{"rendered":"https:\/\/mufasatoursandtravels.com\/destinations\/parc-national-de-tsavo-est-2\/"},"modified":"2026-01-08T09:02:17","modified_gmt":"2026-01-08T06:02:17","slug":"parc-national-de-tsavo-est-2","status":"publish","type":"page","link":"https:\/\/mufasatoursandtravels.com\/fr\/destinations\/parc-national-de-tsavo-est-2\/","title":{"rendered":"Parc national de Tsavo Est"},"content":{"rendered":"[vc_row full_width=\u00a0\u00bbstretch_row\u00a0\u00bb gap=\u00a0\u00bb1&Prime;][vc_column parallax=\u00a0\u00bbcontent-moving\u00a0\u00bb parallax_image=\u00a0\u00bb3523&Prime; parallax_speed_bg=\u00a0\u00bb1&Prime; css=\u00a0\u00bb.vc_custom_1767770159261{padding-top: 80px !important;padding-right: 80px !important;padding-bottom: 80px !important;padding-left: 80px !important;}\u00a0\u00bb][vc_custom_heading text=\u00a0\u00bbParc national de Tsavo Est\u00a0\u00bb font_container=\u00a0\u00bbtag:h1|font_size:32|text_align:left|color:%23ffffff\u00a0\u00bb google_fonts=\u00a0\u00bbfont_family:Quicksand%3A300%2Cregular%2C700|font_style:400%20regular%3A400%3Anormal\u00a0\u00bb el_class=\u00a0\u00bbbanner-txt\u00a0\u00bb][vc_separator color=\u00a0\u00bbcustom\u00a0\u00bb align=\u00a0\u00bbalign_left\u00a0\u00bb border_width=\u00a0\u00bb2&Prime; el_width=\u00a0\u00bb20&Prime; accent_color=\u00a0\u00bb#f8f8f8&Prime;][vc_custom_heading text=\u00a0\u00bbKenya\u00a0\u00bb font_container=\u00a0\u00bbtag:h2|font_size:18|text_align:left|color:%23ffffff\u00a0\u00bb google_fonts=\u00a0\u00bbfont_family:Roboto%3A100%2C100italic%2C300%2C300italic%2Cregular%2Citalic%2C500%2C500italic%2C700%2C700italic%2C900%2C900italic|font_style:400%20regular%3A400%3Anormal\u00a0\u00bb el_class=\u00a0\u00bbbanner-txt\u00a0\u00bb][\/vc_column][\/vc_row][vc_row][vc_column css=\u00a0\u00bb.vc_custom_1673438873315{border-top-width: 10px !important;border-right-width: 10px !important;border-bottom-width: 10px !important;border-left-width: 10px !important;}\u00a0\u00bb][vc_tta_tabs shape=\u00a0\u00bbsquare\u00a0\u00bb color=\u00a0\u00bbjuicy-pink\u00a0\u00bb alignment=\u00a0\u00bbcenter\u00a0\u00bb active_section=\u00a0\u00bb1&Prime; no_fill_content_area=\u00a0\u00bbtrue\u00a0\u00bb][vc_tta_section title=\u00a0\u00bbAper\u00e7u\u00a0\u00bb tab_id=\u00a0\u00bb1633454673222-3d94f956-010c\u00a0\u00bb][info_list_father listclr=\u00a0\u00bb#f8f8f8&Prime;][info_list_son style=\u00a0\u00bbicon\u00a0\u00bb size=\u00a0\u00bb20&Prime; width=\u00a0\u00bb30&Prime; height=\u00a0\u00bb20&Prime; titleclr=\u00a0\u00bb#890000&Prime; icon=\u00a0\u00bbfas fa-map-marked\u00a0\u00bb iconclr=\u00a0\u00bb#890000&Prime; iconbg=\u00a0\u00bb#f8f8f8&Prime; borderclr=\u00a0\u00bb#f8f8f8&Prime; title=\u00a0\u00bbThe Theatre of the wild\u00a0\u00bb]\n<p data-path-to-node=\"5\">Tsavo East is one of the oldest and largest national parks in Kenya, covering a staggering 13,747 square kilometers. Known for its literal \u00ab\u00a0limitless\u00a0\u00bb horizons, the park is a land of iron-red dust and ancient baobabs. It offers a raw, off-the-beaten-path safari experience that feels significantly more wild and untamed than the smaller parks of the Rift Valley.<\/p>\n[\/info_list_son][info_list_son style=\u00a0\u00bbicon\u00a0\u00bb size=\u00a0\u00bb20&Prime; width=\u00a0\u00bb30&Prime; height=\u00a0\u00bb20&Prime; titleclr=\u00a0\u00bb#890000&Prime; icon=\u00a0\u00bbfas fa-route\u00a0\u00bb iconclr=\u00a0\u00bb#890000&Prime; iconbg=\u00a0\u00bb#f8f8f8&Prime; borderclr=\u00a0\u00bb#f8f8f8&Prime; title=\u00a0\u00bbWhat to expect\u00a0\u00bb]\n<ol>\n<li>\n<p data-path-to-node=\"6,0,0\"><strong>The Famous \u00ab\u00a0Red Elephants\u00a0\u00bb<\/strong><b data-path-to-node=\"6,0,0\" data-index-in-node=\"0\">:<\/b> Tsavo East is home to Kenya\u2019s largest elephant population. They are famous for their distinct reddish color, a result of bathing in the park\u2019s red volcanic soil to protect their skin from the sun.<\/p>\n<\/li>\n<li>\n<p data-path-to-node=\"6,1,0\"><strong>The Legend of the Man-Eaters<\/strong><b data-path-to-node=\"6,1,0\" data-index-in-node=\"0\">:<\/b> The park is steeped in history, most notably the \u00ab\u00a0Man-Eaters of Tsavo\u00a0\u00bb\u2014a pair of lions that terrorized railway workers in the late 1890s. Today, its lion prides remain a major draw.<\/p>\n<\/li>\n<li>\n<p data-path-to-node=\"6,2,0\"><strong>Unique Geography<\/strong><b data-path-to-node=\"6,2,0\" data-index-in-node=\"0\">:<\/b> Featuring the <b data-path-to-node=\"6,2,0\" data-index-in-node=\"32\">Yatta Plateau<\/b> (the world\u2019s longest lava flow) and the life-giving <b data-path-to-node=\"6,2,0\" data-index-in-node=\"98\">Galana River<\/b>, the landscape is a dramatic backdrop for wildlife photography.<\/p>\n<\/li>\n<\/ol>\n[\/info_list_son][info_list_son style=\u00a0\u00bbicon\u00a0\u00bb size=\u00a0\u00bb20&Prime; width=\u00a0\u00bb30&Prime; height=\u00a0\u00bb20&Prime; titleclr=\u00a0\u00bb#890000&Prime; icon=\u00a0\u00bbfar fa-check-circle\u00a0\u00bb iconclr=\u00a0\u00bb#890000&Prime; iconbg=\u00a0\u00bb#f8f8f8&Prime; borderclr=\u00a0\u00bb#f8f8f8&Prime; title=\u00a0\u00bbSeasonal Overview\u00a0\u00bb]\n<p data-path-to-node=\"6,2,0\">During the dry Season<i data-path-to-node=\"6,2,0\" data-index-in-node=\"22\">,<\/i> animals stay close to the Galana River and waterholes, making sightings very predictable, and on the green season it favors more for birdwatchers ( over 500 species ) and seeing the vast red dust turn into vibrant green plains.<\/p>\n[\/info_list_son][\/info_list_father][vc_btn title=\u00a0\u00bbObtenez un devis\u00a0\u00bb style=\u00a0\u00bboutline-custom\u00a0\u00bb outline_custom_color=\u00a0\u00bb#890000&Prime; outline_custom_hover_background=\u00a0\u00bb#890000&Prime; outline_custom_hover_text=\u00a0\u00bb#ffffff\u00a0\u00bb shape=\u00a0\u00bbsquare\u00a0\u00bb size=\u00a0\u00bbsm\u00a0\u00bb align=\u00a0\u00bbcenter\u00a0\u00bb i_align=\u00a0\u00bbright\u00a0\u00bb i_icon_fontawesome=\u00a0\u00bbfas fa-angle-right\u00a0\u00bb add_icon=\u00a0\u00bbtrue\u00a0\u00bb link=\u00a0\u00bburl:https%3A%2F%2Fmufasatoursandtravels.com%2Ffr%2Fdemander-un-devis%2F|title:Demander%20un%20devis|\u00a0\u00bb][\/vc_tta_section][vc_tta_section title=\u00a0\u00bbH\u00e9bergement\u00a0\u00bb tab_id=\u00a0\u00bb1633455601016-f93699bc-5d92&Prime;][vc_row_inner css=\u00a0\u00bb.vc_custom_1767771228872{padding: 10px !important;}\u00a0\u00bb][vc_column_inner el_class=\u00a0\u00bbcustom-height\u00a0\u00bb offset=\u00a0\u00bbvc_hidden-md vc_hidden-sm vc_hidden-xs\u00a0\u00bb][ucaddon_uc_side_carousel_content image=\u00a0\u00bb42585&Prime; title=\u00a0\u00bbLoge Ashnil Aruba\u00a0\u00bb btn_text=\u00a0\u00bbView Accomodation\u00a0\u00bb link=\u00a0\u00bbhttps:\/\/ashnilhotels.com\/aruba\/\u00a0\u00bb uc_fonts_data=\u00a0\u00bbJTdCJTdE\u00a0\u00bb]V2l0aCUyMGElMjB2YW50YWdlJTIwbG9jYXRpb24lMjBhbmQlMjAlMjBqdXN0JTIwYSUyMGNvdXBsZSUyMG9mJTIwaG91cnMlMjBmcm9tJTIwdGhlJTIwY29hc3QlMjBvZiUyME1vbWJhc2ElMjBhbmQlMjBhYm91dCUyMDUlMjBob3VycyUyMGRyaXZlJTIwZnJvbSUyME5haXJvYmklMjBpdHMlMjclMjBsb2NhdGVkJTIwb24lMjB0aGUlMjBiYW5rcyUyMG9mJTIwQXJ1YmElMjBEYW0lMjB3aGljaCUyMHdhcyUyMGJ1aWx0JTIwaW4lMjAxOTUyJTIwYXMlMjBhJTIwc3BvcnQlMjBmaXNoaW5nJTIwcmVjcmVhdGlvbmFsJTIwcG9pbnQlMjBpbiUyMHRoZSUyMHBhcmsuJTIwU2V2ZXJhbCUyMHdhdGVyaW5nJTIwaG9sZXMlMjBuZWFyYnklMjBhdHRyYWN0JTIwd2lsZGxpZmUlMjBhbmQlMjBzcG90dGluZyUyMGFuaW1hbHMlMjBpcyUyMGVhc3klMjBiZWNhdXNlJTIwdGhlJTIwcGFyayUyMGxpZXMlMjBmbGF0JTIwd2l0aCUyMHNhdmFubmFoJTIwZ3Jhc3NsYW5kLg==[\/ucaddon_uc_side_carousel_content][\/vc_column_inner][\/vc_row_inner][vc_row_inner css=\u00a0\u00bb.vc_custom_1767771242720{padding: 10px !important;}\u00a0\u00bb][vc_column_inner el_class=\u00a0\u00bbcustom-height\u00a0\u00bb offset=\u00a0\u00bbvc_hidden-md vc_hidden-sm vc_hidden-xs\u00a0\u00bb][ucaddon_uc_side_carousel_content image=\u00a0\u00bb42598&Prime; title=\u00a0\u00bbSatao Camp\u00a0\u00bb btn_text=\u00a0\u00bbView Accomodation\u00a0\u00bb link=\u00a0\u00bbhttps:\/\/sataocamp.com\/\u00a0\u00bb uc_fonts_data=\u00a0\u00bbJTdCJTdE\u00a0\u00bb]QW4lMjBhdXRoZW50aWMlMjAlMjJvdXQlMjBvZiUyMEFmcmljYSUyMiUyMGV4cGVyaWVuY2UlMjB1bmRlciUyMGxhcmdlJTIwdGFtYXJpbmQlMjB0cmVlcy4lMjBUaGUlMjB0ZW50cyUyMGFyZSUyMGFycmFuZ2VkJTIwaW4lMjBhJTIwc2VtaS1jaXJjbGUlMjBhcm91bmQlMjBhJTIwaGlnaGx5JTIwYWN0aXZlJTIwd2F0ZXJob2xlLg==[\/ucaddon_uc_side_carousel_content][\/vc_column_inner][\/vc_row_inner][vc_row_inner css=\u00a0\u00bb.vc_custom_1767771242720{padding: 10px !important;}\u00a0\u00bb][vc_column_inner el_class=\u00a0\u00bbcustom-height\u00a0\u00bb offset=\u00a0\u00bbvc_hidden-md vc_hidden-sm vc_hidden-xs\u00a0\u00bb][ucaddon_uc_side_carousel_content image=\u00a0\u00bb29405&Prime; title=\u00a0\u00bbSentrim Tsavo\u00a0\u00bb btn_text=\u00a0\u00bbView Accomodation\u00a0\u00bb link=\u00a0\u00bbhttps:\/\/www.sentrim-hotels.com\/sentrim-tsavo.html\u00a0\u00bb uc_fonts_data=\u00a0\u00bbJTdCJTdE\u00a0\u00bb]TG9jYXRlZCUyMG5lYXIlMjB0aGUlMjBWb2klMjBHYXRlJTJDJTIwb2ZmZXJpbmclMjBtb2Rlcm4lMjB0ZW50ZWQlMjByb29tcyUyMHdpdGglMjBlbi1zdWl0ZSUyMGJhdGhyb29tcyUyMGFuZCUyMGElMjByZWxheGVkJTIwYXRtb3NwaGVyZS4=[\/ucaddon_uc_side_carousel_content][\/vc_column_inner][\/vc_row_inner][vc_row_inner css=\u00a0\u00bb.vc_custom_1767771242720{padding: 10px !important;}\u00a0\u00bb][vc_column_inner el_class=\u00a0\u00bbcustom-height\u00a0\u00bb offset=\u00a0\u00bbvc_hidden-md vc_hidden-sm vc_hidden-xs\u00a0\u00bb][ucaddon_uc_side_carousel_content image=\u00a0\u00bb42604&Prime; title=\u00a0\u00bbVoi Safari Lodge\u00a0\u00bb btn_text=\u00a0\u00bbView Accomodation\u00a0\u00bb link=\u00a0\u00bbhttps:\/\/voisafarilodge.com\/\u00a0\u00bb uc_fonts_data=\u00a0\u00bbJTdCJTdE\u00a0\u00bb]U2l0dWF0ZWQlMjByaWdodCUyMGF0JTIwdGhlJTIwZWRnZSUyMG9mJTIwdGhlJTIwcGFyayUyQyUyMGZlYXR1cmluZyUyMGElMjBzcGElMkMlMjBmaW5lJTIwZGluaW5nJTJDJTIwYW5kJTIwdmlld3MlMjBvZiUyMHRoZSUyMGVsZXBoYW50LWZyZXF1ZW50ZWQlMjB3YXRlcmhvbGVzLg==[\/ucaddon_uc_side_carousel_content][\/vc_column_inner][\/vc_row_inner][vc_row_inner css=\u00a0\u00bb.vc_custom_1767771242720{padding: 10px !important;}\u00a0\u00bb][vc_column_inner el_class=\u00a0\u00bbcustom-height\u00a0\u00bb offset=\u00a0\u00bbvc_hidden-lg\u00a0\u00bb][vc_headings style=\u00a0\u00bbtheme2&Prime; borderclr=\u00a0\u00bb#890000&Prime; title=\u00a0\u00bbAshnil Aruba\u00a0\u00bb align=\u00a0\u00bbleft\u00a0\u00bb google_fonts=\u00a0\u00bbfont_family:Quicksand%3A300%2Cregular%2C700|font_style:400%20regular%3A400%3Anormal\u00a0\u00bb titleclr=\u00a0\u00bb#000000&Prime;]With a vantage location and just a couple of hours from the coast of Mombasa and about 5 hours drive from Nairobi its&rsquo; located on the banks of Aruba Dam which was built in 1952 as a sport fishing recreational point in the park. Several watering holes nearby attract wildlife and spotting animals is easy because the park lies flat with savannah grassland.[\/vc_headings][vc_btn title=\u00a0\u00bbVoir l\u2019h\u00e9bergement\u00a0\u00bb style=\u00a0\u00bboutline-custom\u00a0\u00bb outline_custom_color=\u00a0\u00bb#890000&Prime; outline_custom_hover_background=\u00a0\u00bb#890000&Prime; outline_custom_hover_text=\u00a0\u00bb#ffffff\u00a0\u00bb shape=\u00a0\u00bbsquare\u00a0\u00bb size=\u00a0\u00bbsm\u00a0\u00bb i_align=\u00a0\u00bbright\u00a0\u00bb i_icon_fontawesome=\u00a0\u00bbfas fa-angle-right\u00a0\u00bb add_icon=\u00a0\u00bbtrue\u00a0\u00bb css=\u00a0\u00bb.vc_custom_1767771454960{padding-top: 10px !important;padding-right: 10px !important;padding-bottom: 10px !important;}\u00a0\u00bb][\/vc_column_inner][\/vc_row_inner][vc_row_inner css=\u00a0\u00bb.vc_custom_1767771242720{padding: 10px !important;}\u00a0\u00bb][vc_column_inner el_class=\u00a0\u00bbcustom-height\u00a0\u00bb offset=\u00a0\u00bbvc_hidden-lg\u00a0\u00bb][vc_headings style=\u00a0\u00bbtheme2&Prime; borderclr=\u00a0\u00bb#890000&Prime; title=\u00a0\u00bbSatao Camp\u00a0\u00bb align=\u00a0\u00bbleft\u00a0\u00bb google_fonts=\u00a0\u00bbfont_family:Quicksand%3A300%2Cregular%2C700|font_style:400%20regular%3A400%3Anormal\u00a0\u00bb titleclr=\u00a0\u00bb#000000&Prime;]An authentic \u00ab\u00a0out of Africa\u00a0\u00bb experience under large tamarind trees. The tents are arranged in a semi-circle around a highly active waterhole.[\/vc_headings][vc_btn title=\u00a0\u00bbVoir l\u2019h\u00e9bergement\u00a0\u00bb style=\u00a0\u00bboutline-custom\u00a0\u00bb outline_custom_color=\u00a0\u00bb#890000&Prime; outline_custom_hover_background=\u00a0\u00bb#890000&Prime; outline_custom_hover_text=\u00a0\u00bb#ffffff\u00a0\u00bb shape=\u00a0\u00bbsquare\u00a0\u00bb size=\u00a0\u00bbsm\u00a0\u00bb i_align=\u00a0\u00bbright\u00a0\u00bb i_icon_fontawesome=\u00a0\u00bbfas fa-angle-right\u00a0\u00bb add_icon=\u00a0\u00bbtrue\u00a0\u00bb css=\u00a0\u00bb.vc_custom_1767772139092{padding-top: 10px !important;padding-right: 10px !important;padding-bottom: 10px !important;}\u00a0\u00bb link=\u00a0\u00bburl:https%3A%2F%2Fsataocamp.com%2F|\u00a0\u00bb][\/vc_column_inner][\/vc_row_inner][vc_row_inner css=\u00a0\u00bb.vc_custom_1767771242720{padding: 10px !important;}\u00a0\u00bb][vc_column_inner el_class=\u00a0\u00bbcustom-height\u00a0\u00bb offset=\u00a0\u00bbvc_hidden-lg\u00a0\u00bb][vc_headings style=\u00a0\u00bbtheme2&Prime; borderclr=\u00a0\u00bb#890000&Prime; title=\u00a0\u00bbSentrim Tsavo\u00a0\u00bb align=\u00a0\u00bbleft\u00a0\u00bb google_fonts=\u00a0\u00bbfont_family:Quicksand%3A300%2Cregular%2C700|font_style:400%20regular%3A400%3Anormal\u00a0\u00bb titleclr=\u00a0\u00bb#000000&Prime;]Located near the Voi Gate, offering modern tented rooms with en-suite bathrooms and a relaxed atmosphere.[\/vc_headings][vc_btn title=\u00a0\u00bbVoir l\u2019h\u00e9bergement\u00a0\u00bb style=\u00a0\u00bboutline-custom\u00a0\u00bb outline_custom_color=\u00a0\u00bb#890000&Prime; outline_custom_hover_background=\u00a0\u00bb#890000&Prime; outline_custom_hover_text=\u00a0\u00bb#ffffff\u00a0\u00bb shape=\u00a0\u00bbsquare\u00a0\u00bb size=\u00a0\u00bbsm\u00a0\u00bb i_align=\u00a0\u00bbright\u00a0\u00bb i_icon_fontawesome=\u00a0\u00bbfas fa-angle-right\u00a0\u00bb add_icon=\u00a0\u00bbtrue\u00a0\u00bb css=\u00a0\u00bb.vc_custom_1767772225537{padding-top: 10px !important;padding-right: 10px !important;padding-bottom: 10px !important;}\u00a0\u00bb link=\u00a0\u00bburl:https%3A%2F%2Fwww.sentrim-hotels.com%2Fsentrim-tsavo.html|\u00a0\u00bb][\/vc_column_inner][\/vc_row_inner][vc_row_inner css=\u00a0\u00bb.vc_custom_1767771242720{padding: 10px !important;}\u00a0\u00bb][vc_column_inner el_class=\u00a0\u00bbcustom-height\u00a0\u00bb offset=\u00a0\u00bbvc_hidden-lg\u00a0\u00bb][vc_headings style=\u00a0\u00bbtheme2&Prime; borderclr=\u00a0\u00bb#890000&Prime; title=\u00a0\u00bbVoi Safari Lodge\u00a0\u00bb align=\u00a0\u00bbleft\u00a0\u00bb google_fonts=\u00a0\u00bbfont_family:Quicksand%3A300%2Cregular%2C700|font_style:400%20regular%3A400%3Anormal\u00a0\u00bb titleclr=\u00a0\u00bb#000000&Prime;]Situated right at the edge of the park, featuring a spa, fine dining, and views of the elephant-frequented waterholes.[\/vc_headings][vc_btn title=\u00a0\u00bbVoir l\u2019h\u00e9bergement\u00a0\u00bb style=\u00a0\u00bboutline-custom\u00a0\u00bb outline_custom_color=\u00a0\u00bb#890000&Prime; outline_custom_hover_background=\u00a0\u00bb#890000&Prime; outline_custom_hover_text=\u00a0\u00bb#ffffff\u00a0\u00bb shape=\u00a0\u00bbsquare\u00a0\u00bb size=\u00a0\u00bbsm\u00a0\u00bb i_align=\u00a0\u00bbright\u00a0\u00bb i_icon_fontawesome=\u00a0\u00bbfas fa-angle-right\u00a0\u00bb add_icon=\u00a0\u00bbtrue\u00a0\u00bb css=\u00a0\u00bb.vc_custom_1767772282871{padding-top: 10px !important;padding-right: 10px !important;padding-bottom: 10px !important;}\u00a0\u00bb link=\u00a0\u00bburl:https%3A%2F%2Fvoisafarilodge.com%2F|\u00a0\u00bb][\/vc_column_inner][\/vc_row_inner][\/vc_tta_section][vc_tta_section title=\u00a0\u00bbActivit\u00e9s\u00a0\u00bb tab_id=\u00a0\u00bb1767601538075-7b6924d3-776e\u00a0\u00bb][info_list_father listclr=\u00a0\u00bb#f8f8f8&Prime;][info_list_son style=\u00a0\u00bbicon\u00a0\u00bb size=\u00a0\u00bb0&Prime; width=\u00a0\u00bb0&Prime; height=\u00a0\u00bb0&Prime; titleclr=\u00a0\u00bb#f8f8f8&Prime; iconclr=\u00a0\u00bb#f8f8f8&Prime; borderclr=\u00a0\u00bb#f8f8f8&Prime;]\n<ul>\n<li>\n<p data-path-to-node=\"16,0,0\"><strong>Cherchez les \u00ab Big Five \u00bb<\/strong> <b data-path-to-node=\"16,0,0\" data-index-in-node=\"0\">:<\/b> Nos guides experts sont sp\u00e9cialis\u00e9s dans le suivi des \u00ab Big Five \u00bb. Cherchez les lions dans les broussailles, les l\u00e9opards dans les arbres riverains, et les immenses troupeaux de buffles et d\u2019\u00e9l\u00e9phants rouges. <\/p>\n<\/li>\n<li>\n<p data-path-to-node=\"16,1,0\"><strong>Visitez les chutes de Lugard<\/strong> <b data-path-to-node=\"16,1,0\" data-index-in-node=\"0\">:<\/b> Suivez la rivi\u00e8re Galana jusqu\u2019\u00e0 ces rapides spectaculaires o\u00f9 l\u2019eau a sculpt\u00e9 des formes incroyables dans la roche au fil des si\u00e8cles. C\u2019est un endroit id\u00e9al pour une promenade guid\u00e9e et l\u2019observation de crocodiles. <\/p>\n<\/li>\n<li>\n<p data-path-to-node=\"16,2,0\"><strong>Le rocher de Mudanda<\/strong> <b data-path-to-node=\"16,2,0\" data-index-in-node=\"0\">:<\/b> cet inselberg de 1,6 km de long sert de captin naturel de l\u2019eau. Depuis le sommet, on peut regarder un immense barrage naturel et observer des centaines d\u2019\u00e9l\u00e9phants venir boire simultan\u00e9ment. <\/p>\n<\/li>\n<li>\n<p data-path-to-node=\"16,3,0\"><strong>Observation des oiseaux<\/strong> <b data-path-to-node=\"16,3,0\" data-index-in-node=\"0\">:<\/b> Avec plus de 500 esp\u00e8ces recens\u00e9es, dont autruches, cr\u00e9cerelles et vautours, Tsavo Est est un paradis pour les ornithologues, surtout pendant les mois de migration.<\/p>\n<\/li>\n<li>\n<p data-path-to-node=\"16,4,0\"><strong>Le plateau de Yatta : Roulez<\/strong><b data-path-to-node=\"16,4,0\" data-index-in-node=\"0\"> le long de la plus longue coul\u00e9e de lave du monde. Cette cr\u00eate de 290 km est une merveille g\u00e9ologique et offre une silhouette \u00e9poustouflante sur le coucher de soleil africain.<\/b> <\/p>\n<\/li>\n<li>\n<p data-path-to-node=\"16,5,0\"><strong>Excursion du barrage<\/strong> <b data-path-to-node=\"16,5,0\" data-index-in-node=\"0\">d\u2019Aruba :<\/b> Visitez cette merveille artificielle qui attire des milliers d\u2019animaux et d\u2019oiseaux aquatiques, offrant l\u2019une des observations de la faune les plus r\u00e9guli\u00e8res du parc.<\/p>\n<\/li>\n<\/ul>\n[\/info_list_son][\/info_list_father][\/vc_tta_section][\/vc_tta_tabs][\/vc_column][\/vc_row]\n","protected":false},"excerpt":{"rendered":"<p>[vc_row full_width=\u00a0\u00bbstretch_row\u00a0\u00bb gap=\u00a0\u00bb1&Prime;][vc_column parallax=\u00a0\u00bbcontent-moving\u00a0\u00bb parallax_image=\u00a0\u00bb3523&Prime; parallax_speed_bg=\u00a0\u00bb1&Prime; css=\u00a0\u00bb.vc_custom_1767770159261{padding-top: 80px !important;padding-right: 80px !important;padding-bottom: 80px !important;padding-left: 80px !important;}\u00a0\u00bb][vc_custom_heading text=\u00a0\u00bbParc national de Tsavo Est\u00a0\u00bb font_container=\u00a0\u00bbtag:h1|font_size:32|text_align:left|color:%23ffffff\u00a0\u00bb google_fonts=\u00a0\u00bbfont_family:Quicksand%3A300%2Cregular%2C700|font_style:400%20regular%3A400%3Anormal\u00a0\u00bb el_class=\u00a0\u00bbbanner-txt\u00a0\u00bb][vc_separator color=\u00a0\u00bbcustom\u00a0\u00bb align=\u00a0\u00bbalign_left\u00a0\u00bb border_width=\u00a0\u00bb2&Prime; el_width=\u00a0\u00bb20&Prime; accent_color=\u00a0\u00bb#f8f8f8&Prime;][vc_custom_heading text=\u00a0\u00bbKenya\u00a0\u00bb font_container=\u00a0\u00bbtag:h2|font_size:18|text_align:left|color:%23ffffff\u00a0\u00bb google_fonts=\u00a0\u00bbfont_family:Roboto%3A100%2C100italic%2C300%2C300italic%2Cregular%2Citalic%2C500%2C500italic%2C700%2C700italic%2C900%2C900italic|font_style:400%20regular%3A400%3Anormal\u00a0\u00bb el_class=\u00a0\u00bbbanner-txt\u00a0\u00bb][\/vc_column][\/vc_row][vc_row][vc_column css=\u00a0\u00bb.vc_custom_1673438873315{border-top-width: 10px !important;border-right-width: 10px !important;border-bottom-width: 10px !important;border-left-width: 10px !important;}\u00a0\u00bb][vc_tta_tabs shape=\u00a0\u00bbsquare\u00a0\u00bb color=\u00a0\u00bbjuicy-pink\u00a0\u00bb alignment=\u00a0\u00bbcenter\u00a0\u00bb active_section=\u00a0\u00bb1&Prime; no_fill_content_area=\u00a0\u00bbtrue\u00a0\u00bb][vc_tta_section title=\u00a0\u00bbAper\u00e7u\u00a0\u00bb tab_id=\u00a0\u00bb1633454673222-3d94f956-010c\u00a0\u00bb][info_list_father listclr=\u00a0\u00bb#f8f8f8&Prime;][info_list_son style=\u00a0\u00bbicon\u00a0\u00bb size=\u00a0\u00bb20&Prime; width=\u00a0\u00bb30&Prime; height=\u00a0\u00bb20&Prime; titleclr=\u00a0\u00bb#890000&Prime; icon=\u00a0\u00bbfas [&hellip;]<\/p>\n","protected":false},"author":2,"featured_media":0,"parent":27931,"menu_order":5,"comment_status":"closed","ping_status":"closed","template":"","meta":{"_themeisle_gutenberg_block_has_review":false,"footnotes":""},"class_list":["post-42562","page","type-page","status-publish","hentry"],"_links":{"self":[{"href":"https:\/\/mufasatoursandtravels.com\/fr\/wp-json\/wp\/v2\/pages\/42562","targetHints":{"allow":["GET"]}}],"collection":[{"href":"https:\/\/mufasatoursandtravels.com\/fr\/wp-json\/wp\/v2\/pages"}],"about":[{"href":"https:\/\/mufasatoursandtravels.com\/fr\/wp-json\/wp\/v2\/types\/page"}],"author":[{"embeddable":true,"href":"https:\/\/mufasatoursandtravels.com\/fr\/wp-json\/wp\/v2\/users\/2"}],"replies":[{"embeddable":true,"href":"https:\/\/mufasatoursandtravels.com\/fr\/wp-json\/wp\/v2\/comments?post=42562"}],"version-history":[{"count":6,"href":"https:\/\/mufasatoursandtravels.com\/fr\/wp-json\/wp\/v2\/pages\/42562\/revisions"}],"predecessor-version":[{"id":42774,"href":"https:\/\/mufasatoursandtravels.com\/fr\/wp-json\/wp\/v2\/pages\/42562\/revisions\/42774"}],"up":[{"embeddable":true,"href":"https:\/\/mufasatoursandtravels.com\/fr\/wp-json\/wp\/v2\/pages\/27931"}],"wp:attachment":[{"href":"https:\/\/mufasatoursandtravels.com\/fr\/wp-json\/wp\/v2\/media?parent=42562"}],"curies":[{"name":"wp","href":"https:\/\/api.w.org\/{rel}","templated":true}]}}