{"id":42622,"date":"2026-01-07T10:55:08","date_gmt":"2026-01-07T07:55:08","guid":{"rendered":"https:\/\/mufasatoursandtravels.com\/destinations\/parc-national-de-tsavo-ouest-2\/"},"modified":"2026-01-08T09:02:18","modified_gmt":"2026-01-08T06:02:18","slug":"parc-national-de-tsavo-ouest-2","status":"publish","type":"page","link":"https:\/\/mufasatoursandtravels.com\/fr\/destinations\/parc-national-de-tsavo-ouest-2\/","title":{"rendered":"Parc national de Tsavo Ouest"},"content":{"rendered":"[vc_row full_width=\u00a0\u00bbstretch_row\u00a0\u00bb gap=\u00a0\u00bb1&Prime;][vc_column parallax=\u00a0\u00bbcontent-moving\u00a0\u00bb parallax_image=\u00a0\u00bb8699&Prime; parallax_speed_bg=\u00a0\u00bb1.8&Prime; css=\u00a0\u00bb.vc_custom_1767772928462{padding-top: 80px !important;padding-right: 80px !important;padding-bottom: 80px !important;padding-left: 80px !important;}\u00a0\u00bb][vc_custom_heading text=\u00a0\u00bbParc national de Tsavo Ouest\u00a0\u00bb font_container=\u00a0\u00bbtag:h1|font_size:32|text_align:left|color:%23ffffff\u00a0\u00bb google_fonts=\u00a0\u00bbfont_family:Quicksand%3A300%2Cregular%2C700|font_style:400%20regular%3A400%3Anormal\u00a0\u00bb el_class=\u00a0\u00bbbanner-txt\u00a0\u00bb][vc_separator color=\u00a0\u00bbcustom\u00a0\u00bb align=\u00a0\u00bbalign_left\u00a0\u00bb border_width=\u00a0\u00bb2&Prime; el_width=\u00a0\u00bb20&Prime; accent_color=\u00a0\u00bb#f8f8f8&Prime;][vc_custom_heading text=\u00a0\u00bbKenya\u00a0\u00bb font_container=\u00a0\u00bbtag:h2|font_size:18|text_align:left|color:%23ffffff\u00a0\u00bb google_fonts=\u00a0\u00bbfont_family:Roboto%3A100%2C100italic%2C300%2C300italic%2Cregular%2Citalic%2C500%2C500italic%2C700%2C700italic%2C900%2C900italic|font_style:400%20regular%3A400%3Anormal\u00a0\u00bb el_class=\u00a0\u00bbbanner-txt\u00a0\u00bb][\/vc_column][\/vc_row][vc_row][vc_column css=\u00a0\u00bb.vc_custom_1673438873315{border-top-width: 10px !important;border-right-width: 10px !important;border-bottom-width: 10px !important;border-left-width: 10px !important;}\u00a0\u00bb][vc_tta_tabs shape=\u00a0\u00bbsquare\u00a0\u00bb color=\u00a0\u00bbjuicy-pink\u00a0\u00bb alignment=\u00a0\u00bbcenter\u00a0\u00bb active_section=\u00a0\u00bb1&Prime; no_fill_content_area=\u00a0\u00bbtrue\u00a0\u00bb][vc_tta_section title=\u00a0\u00bbAper\u00e7u\u00a0\u00bb tab_id=\u00a0\u00bb1633454673222-3d94f956-010c\u00a0\u00bb][info_list_father listclr=\u00a0\u00bb#f8f8f8&Prime;][info_list_son style=\u00a0\u00bbicon\u00a0\u00bb size=\u00a0\u00bb20&Prime; width=\u00a0\u00bb30&Prime; height=\u00a0\u00bb20&Prime; titleclr=\u00a0\u00bb#890000&Prime; icon=\u00a0\u00bbfas fa-map-marked\u00a0\u00bb iconclr=\u00a0\u00bb#890000&Prime; iconbg=\u00a0\u00bb#f8f8f8&Prime; borderclr=\u00a0\u00bb#f8f8f8&Prime; title=\u00a0\u00bbLava, Springs, and Giants\u00a0\u00bb]\n<p data-path-to-node=\"5\">A rugged wilderness that offers some of the most diverse landscapes in Kenya. Spanning 9,065 square kilometers, the park is a tapestry of ancient volcanic cones, jagged black lava flows, and lush oases fed by underground springs. It is more mountainous and greener than its eastern counterpart, providing a dramatic backdrop for safari enthusiasts and photographers alike.<\/p>\n[\/info_list_son][info_list_son style=\u00a0\u00bbicon\u00a0\u00bb size=\u00a0\u00bb20&Prime; width=\u00a0\u00bb30&Prime; height=\u00a0\u00bb20&Prime; titleclr=\u00a0\u00bb#890000&Prime; icon=\u00a0\u00bbfas fa-route\u00a0\u00bb iconclr=\u00a0\u00bb#890000&Prime; iconbg=\u00a0\u00bb#f8f8f8&Prime; borderclr=\u00a0\u00bb#f8f8f8&Prime; title=\u00a0\u00bbWhat to expect\u00a0\u00bb]\n<ol>\n<li>\n<p data-path-to-node=\"6,0,0\"><strong>A Geological Marvel<\/strong><b data-path-to-node=\"6,0,0\" data-index-in-node=\"0\">:<\/b> Explore the \u00ab\u00a0Shetani Lava Flows,\u00a0\u00bb a massive expanse of folded black lava that remains as a reminder of the region&rsquo;s fiery volcanic past.<\/p>\n<\/li>\n<li>\n<p data-path-to-node=\"6,1,0\"><strong>The Oasis of Mzima<\/strong><b data-path-to-node=\"6,1,0\" data-index-in-node=\"0\">:<\/b> Discover a crystal-clear paradise where millions of gallons of water gush from beneath the lava rocks, creating a sanctuary for hippos and crocodiles.<\/p>\n<\/li>\n<li>\n<p data-path-to-node=\"6,2,0\"><strong>Rhino Sanctuary<\/strong><b data-path-to-node=\"6,2,0\" data-index-in-node=\"0\">:<\/b> Tsavo West is home to the Ngulia Rhino Sanctuary, a critical stronghold for the endangered Black Rhino, nestled at the base of the Ngulia Hills.<\/p>\n<\/li>\n<\/ol>\n[\/info_list_son][info_list_son style=\u00a0\u00bbicon\u00a0\u00bb size=\u00a0\u00bb20&Prime; width=\u00a0\u00bb30&Prime; height=\u00a0\u00bb20&Prime; titleclr=\u00a0\u00bb#890000&Prime; icon=\u00a0\u00bbfar fa-check-circle\u00a0\u00bb iconclr=\u00a0\u00bb#890000&Prime; iconbg=\u00a0\u00bb#f8f8f8&Prime; borderclr=\u00a0\u00bb#f8f8f8&Prime; title=\u00a0\u00bbSeasonal Overview\u00a0\u00bb]\n<p data-path-to-node=\"6,2,0\">Perfect for birdwatching and enjoying the park\u2019s dramatic, verdant scenery when Mount Kilimanjaro is often most visible on the horizon.<\/p>\n[\/info_list_son][\/info_list_father][vc_btn title=\u00a0\u00bbObtenez un devis\u00a0\u00bb style=\u00a0\u00bboutline-custom\u00a0\u00bb outline_custom_color=\u00a0\u00bb#890000&Prime; outline_custom_hover_background=\u00a0\u00bb#890000&Prime; outline_custom_hover_text=\u00a0\u00bb#ffffff\u00a0\u00bb shape=\u00a0\u00bbsquare\u00a0\u00bb size=\u00a0\u00bbsm\u00a0\u00bb align=\u00a0\u00bbcenter\u00a0\u00bb i_align=\u00a0\u00bbright\u00a0\u00bb i_icon_fontawesome=\u00a0\u00bbfas fa-angle-right\u00a0\u00bb add_icon=\u00a0\u00bbtrue\u00a0\u00bb link=\u00a0\u00bburl:https%3A%2F%2Fmufasatoursandtravels.com%2Ffr%2Fdemander-un-devis%2F|title:Demander%20un%20devis|\u00a0\u00bb][\/vc_tta_section][vc_tta_section title=\u00a0\u00bbH\u00e9bergement\u00a0\u00bb tab_id=\u00a0\u00bb1633455601016-f93699bc-5d92&Prime;][vc_row_inner css=\u00a0\u00bb.vc_custom_1767773528001{padding: 10px !important;}\u00a0\u00bb][vc_column_inner el_class=\u00a0\u00bbcustom-height\u00a0\u00bb offset=\u00a0\u00bbvc_hidden-md vc_hidden-sm vc_hidden-xs\u00a0\u00bb][ucaddon_uc_side_carousel_content image=\u00a0\u00bb42636&Prime; title=\u00a0\u00bbKilanguni Serena Safari Lodge\u00a0\u00bb btn_text=\u00a0\u00bbView Accomodation\u00a0\u00bb link=\u00a0\u00bbhttps:\/\/www.serenahotels.com\/kilaguni?srsltid=AfmBOor6CuhtlLkiS0hxezJjwzoJfPMLsvrGbiR0SimkyGbagMAE9iko\u00a0\u00bb uc_fonts_data=\u00a0\u00bbJTdCJTdE\u00a0\u00bb]VGhlJTIwZmlyc3QlMjBsb2RnZSUyMGV2ZXIlMjBidWlsdCUyMGluc2lkZSUyMGElMjBLZW55YW4lMjBOYXRpb25hbCUyMFBhcmsuJTIwSXQlMjBzaXRzJTIwZGlyZWN0bHklMjBpbiUyMGZyb250JTIwb2YlMjBhJTIwd2F0ZXJob2xlJTIwZnJlcXVlbnRlZCUyMGJ5JTIwZWxlcGhhbnRzJTIwYW5kJTIwYnVmZmFsbyUyQyUyMHdpdGglMjBzdHVubmluZyUyMHZpZXdzJTIwb2YlMjB0aGUlMjBDaHl1bHUlMjBIaWxscy4=[\/ucaddon_uc_side_carousel_content][\/vc_column_inner][\/vc_row_inner][vc_row_inner css=\u00a0\u00bb.vc_custom_1767773528001{padding: 10px !important;}\u00a0\u00bb][vc_column_inner el_class=\u00a0\u00bbcustom-height\u00a0\u00bb offset=\u00a0\u00bbvc_hidden-md vc_hidden-sm vc_hidden-xs\u00a0\u00bb][ucaddon_uc_side_carousel_content image=\u00a0\u00bb42642&Prime; title=\u00a0\u00bbSeverin Safari Camp\u00a0\u00bb btn_text=\u00a0\u00bbView Accomodation\u00a0\u00bb link=\u00a0\u00bbhttps:\/\/www.severinsafaricamp.com\/\u00a0\u00bb uc_fonts_data=\u00a0\u00bbJTdCJTdE\u00a0\u00bb]QW4lMjBlbGVnYW50JTJDJTIwZWNvLWZyaWVuZGx5JTIwY2FtcCUyMG9mZmVyaW5nJTIwYSUyMCUyMmJhY2slMjB0byUyMG5hdHVyZSUyMiUyMGV4cGVyaWVuY2UlMjB3aXRoJTIwaGlnaC1lbmQlMjB0ZW50cyUyMGFuZCUyMGElMjB1bmlxdWUlMjBzcGElMjBoaWRkZW4lMjBpbiUyMHRoZSUyMHdpbGQu[\/ucaddon_uc_side_carousel_content][\/vc_column_inner][\/vc_row_inner][vc_row_inner css=\u00a0\u00bb.vc_custom_1767773528001{padding: 10px !important;}\u00a0\u00bb][vc_column_inner el_class=\u00a0\u00bbcustom-height\u00a0\u00bb offset=\u00a0\u00bbvc_hidden-md vc_hidden-sm vc_hidden-xs\u00a0\u00bb][ucaddon_uc_side_carousel_content image=\u00a0\u00bb42660&Prime; title=\u00a0\u00bbNgulia Safari Lodge\u00a0\u00bb btn_text=\u00a0\u00bbView Accomodation\u00a0\u00bb link=\u00a0\u00bbhttp:\/\/nguliasafarilodge.com\/\u00a0\u00bb uc_fonts_data=\u00a0\u00bbJTdCJTdE\u00a0\u00bb]UGVyY2hlZCUyMG9uJTIwdGhlJTIwTmRhd2UlMjBFc2NhcnBtZW50JTJDJTIwdGhpcyUyMGxvZGdlJTIwaXMlMjBmYW1vdXMlMjBmb3IlMjBpdHMlMjAlMjJMZW9wYXJkJTIwQmFpdHMlMkMlMjIlMjB3aGVyZSUyMGxlb3BhcmRzJTIwYXJlJTIwZnJlcXVlbnRseSUyMHNlZW4lMjB2aXNpdGluZyUyMHRoZSUyMGxvZGdlJUUyJTgwJTk5cyUyMGZsb29kbGl0JTIwdHJlZXMlMjBhdCUyMG5pZ2h0Lg==[\/ucaddon_uc_side_carousel_content][\/vc_column_inner][\/vc_row_inner][vc_row_inner css=\u00a0\u00bb.vc_custom_1767773528001{padding: 10px !important;}\u00a0\u00bb][vc_column_inner el_class=\u00a0\u00bbcustom-height\u00a0\u00bb offset=\u00a0\u00bbvc_hidden-md vc_hidden-sm vc_hidden-xs\u00a0\u00bb][ucaddon_uc_side_carousel_content image=\u00a0\u00bb42666&Prime; title=\u00a0\u00bbLe camp de luxe de Finch Hatton\u00a0\u00bb btn_text=\u00a0\u00bbView Accomodation\u00a0\u00bb link=\u00a0\u00bbhttps:\/\/www.virginlimitededition.com\/finch-hattons\/?utm_source=google&amp;utm_medium=organic&amp;utm_campaign=hotel-finch-hattons\u00a0\u00bb uc_fonts_data=\u00a0\u00bbJTdCJTdE\u00a0\u00bb]QW4lMjBhd2FyZC13aW5uaW5nJTIwZWNvLWx1eHVyeSUyMGNhbXAlMjB0aGF0JTIwcmVjcmVhdGVzJTIwdGhlJTIwZ29sZGVuJTIwYWdlJTIwb2YlMjBzYWZhcmkuJTIwSXQlMjBpcyUyMGZhbW91cyUyMGZvciUyMGl0cyUyMGZpbmUlMjBkaW5pbmclMjBhbmQlMjB2aWV3cyUyMG9mJTIwdGhlJTIwaGlwcG8tZmlsbGVkJTIwcG9vbHMu[\/ucaddon_uc_side_carousel_content][\/vc_column_inner][\/vc_row_inner][vc_row_inner css=\u00a0\u00bb.vc_custom_1767773528001{padding: 10px !important;}\u00a0\u00bb][vc_column_inner el_class=\u00a0\u00bbcustom-height\u00a0\u00bb offset=\u00a0\u00bbvc_hidden-lg\u00a0\u00bb][vc_headings style=\u00a0\u00bbtheme2&Prime; borderclr=\u00a0\u00bb#890000&Prime; title=\u00a0\u00bbKilanguni Serena Safari Lodge\u00a0\u00bb align=\u00a0\u00bbleft\u00a0\u00bb google_fonts=\u00a0\u00bbfont_family:Quicksand%3A300%2Cregular%2C700|font_style:400%20regular%3A400%3Anormal\u00a0\u00bb titleclr=\u00a0\u00bb#000000&Prime;]The first lodge ever built inside a Kenyan National Park. It sits directly in front of a waterhole frequented by elephants and buffalo, with stunning views of the Chyulu Hills.[\/vc_headings][vc_btn title=\u00a0\u00bbVoir l\u2019h\u00e9bergement\u00a0\u00bb style=\u00a0\u00bboutline-custom\u00a0\u00bb outline_custom_color=\u00a0\u00bb#890000&Prime; outline_custom_hover_background=\u00a0\u00bb#890000&Prime; outline_custom_hover_text=\u00a0\u00bb#ffffff\u00a0\u00bb shape=\u00a0\u00bbsquare\u00a0\u00bb size=\u00a0\u00bbsm\u00a0\u00bb i_align=\u00a0\u00bbright\u00a0\u00bb i_icon_fontawesome=\u00a0\u00bbfas fa-angle-right\u00a0\u00bb add_icon=\u00a0\u00bbtrue\u00a0\u00bb css=\u00a0\u00bb.vc_custom_1767777134830{padding-top: 10px !important;padding-right: 10px !important;padding-bottom: 10px !important;}\u00a0\u00bb link=\u00a0\u00bburl:https%3A%2F%2Fwww.serenahotels.com%2Fkilaguni%3Fsrsltid%3DAfmBOor6CuhtlLkiS0hxezJjwzoJfPMLsvrGbiR0SimkyGbagMAE9iko|\u00a0\u00bb][\/vc_column_inner][\/vc_row_inner][vc_row_inner css=\u00a0\u00bb.vc_custom_1767773528001{padding: 10px !important;}\u00a0\u00bb][vc_column_inner el_class=\u00a0\u00bbcustom-height\u00a0\u00bb offset=\u00a0\u00bbvc_hidden-lg\u00a0\u00bb][vc_headings style=\u00a0\u00bbtheme2&Prime; borderclr=\u00a0\u00bb#890000&Prime; title=\u00a0\u00bbSeverin Safari Camp\u00a0\u00bb align=\u00a0\u00bbleft\u00a0\u00bb google_fonts=\u00a0\u00bbfont_family:Quicksand%3A300%2Cregular%2C700|font_style:400%20regular%3A400%3Anormal\u00a0\u00bb titleclr=\u00a0\u00bb#000000&Prime;]An elegant, eco-friendly camp offering a \u00ab\u00a0back to nature\u00a0\u00bb experience with high-end tents and a unique spa hidden in the wild.[\/vc_headings][vc_btn title=\u00a0\u00bbVoir l\u2019h\u00e9bergement\u00a0\u00bb style=\u00a0\u00bboutline-custom\u00a0\u00bb outline_custom_color=\u00a0\u00bb#890000&Prime; outline_custom_hover_background=\u00a0\u00bb#890000&Prime; outline_custom_hover_text=\u00a0\u00bb#ffffff\u00a0\u00bb shape=\u00a0\u00bbsquare\u00a0\u00bb size=\u00a0\u00bbsm\u00a0\u00bb i_align=\u00a0\u00bbright\u00a0\u00bb i_icon_fontawesome=\u00a0\u00bbfas fa-angle-right\u00a0\u00bb add_icon=\u00a0\u00bbtrue\u00a0\u00bb css=\u00a0\u00bb.vc_custom_1767777203000{padding-top: 10px !important;padding-right: 10px !important;padding-bottom: 10px !important;}\u00a0\u00bb link=\u00a0\u00bburl:https%3A%2F%2Fwww.severinsafaricamp.com%2F|\u00a0\u00bb][\/vc_column_inner][\/vc_row_inner][vc_row_inner css=\u00a0\u00bb.vc_custom_1767773528001{padding: 10px !important;}\u00a0\u00bb][vc_column_inner el_class=\u00a0\u00bbcustom-height\u00a0\u00bb offset=\u00a0\u00bbvc_hidden-lg\u00a0\u00bb][vc_headings style=\u00a0\u00bbtheme2&Prime; borderclr=\u00a0\u00bb#890000&Prime; title=\u00a0\u00bbNgulia Safari Lodge\u00a0\u00bb align=\u00a0\u00bbleft\u00a0\u00bb google_fonts=\u00a0\u00bbfont_family:Quicksand%3A300%2Cregular%2C700|font_style:400%20regular%3A400%3Anormal\u00a0\u00bb titleclr=\u00a0\u00bb#000000&Prime;]Perched on the Ndawe Escarpment, this lodge is famous for its \u00ab\u00a0Leopard Baits,\u00a0\u00bb where leopards are frequently seen visiting the lodge\u2019s floodlit trees at night.[\/vc_headings][vc_btn title=\u00a0\u00bbVoir l\u2019h\u00e9bergement\u00a0\u00bb style=\u00a0\u00bboutline-custom\u00a0\u00bb outline_custom_color=\u00a0\u00bb#890000&Prime; outline_custom_hover_background=\u00a0\u00bb#890000&Prime; outline_custom_hover_text=\u00a0\u00bb#ffffff\u00a0\u00bb shape=\u00a0\u00bbsquare\u00a0\u00bb size=\u00a0\u00bbsm\u00a0\u00bb i_align=\u00a0\u00bbright\u00a0\u00bb i_icon_fontawesome=\u00a0\u00bbfas fa-angle-right\u00a0\u00bb add_icon=\u00a0\u00bbtrue\u00a0\u00bb css=\u00a0\u00bb.vc_custom_1767777271649{padding-top: 10px !important;padding-right: 10px !important;padding-bottom: 10px !important;}\u00a0\u00bb link=\u00a0\u00bburl:http%3A%2F%2Fnguliasafarilodge.com%2F|\u00a0\u00bb][\/vc_column_inner][\/vc_row_inner][vc_row_inner css=\u00a0\u00bb.vc_custom_1767773528001{padding: 10px !important;}\u00a0\u00bb][vc_column_inner el_class=\u00a0\u00bbcustom-height\u00a0\u00bb offset=\u00a0\u00bbvc_hidden-lg\u00a0\u00bb][vc_headings style=\u00a0\u00bbtheme2&Prime; borderclr=\u00a0\u00bb#890000&Prime; title=\u00a0\u00bbFinch Hatton&rsquo;s Luxury Camp\u00a0\u00bb align=\u00a0\u00bbleft\u00a0\u00bb google_fonts=\u00a0\u00bbfont_family:Quicksand%3A300%2Cregular%2C700|font_style:400%20regular%3A400%3Anormal\u00a0\u00bb titleclr=\u00a0\u00bb#000000&Prime;]An award-winning eco-luxury camp that recreates the golden age of safari. It is famous for its fine dining and views of the hippo-filled pools.[\/vc_headings][vc_btn title=\u00a0\u00bbVoir l\u2019h\u00e9bergement\u00a0\u00bb style=\u00a0\u00bboutline-custom\u00a0\u00bb outline_custom_color=\u00a0\u00bb#890000&Prime; outline_custom_hover_background=\u00a0\u00bb#890000&Prime; outline_custom_hover_text=\u00a0\u00bb#ffffff\u00a0\u00bb shape=\u00a0\u00bbsquare\u00a0\u00bb size=\u00a0\u00bbsm\u00a0\u00bb i_align=\u00a0\u00bbright\u00a0\u00bb i_icon_fontawesome=\u00a0\u00bbfas fa-angle-right\u00a0\u00bb add_icon=\u00a0\u00bbtrue\u00a0\u00bb css=\u00a0\u00bb.vc_custom_1767777344524{padding-top: 10px !important;padding-right: 10px !important;padding-bottom: 10px !important;}\u00a0\u00bb link=\u00a0\u00bburl:https%3A%2F%2Fwww.virginlimitededition.com%2Ffinch-hattons%2F%3Futm_source%3Dgoogle%26utm_medium%3Dorganic%26utm_campaign%3Dhotel-finch-hattons|\u00a0\u00bb][\/vc_column_inner][\/vc_row_inner][\/vc_tta_section][vc_tta_section title=\u00a0\u00bbActivit\u00e9s\u00a0\u00bb tab_id=\u00a0\u00bb1767601538075-7b6924d3-776e\u00a0\u00bb][info_list_father listclr=\u00a0\u00bb#f8f8f8&Prime;][info_list_son style=\u00a0\u00bbicon\u00a0\u00bb size=\u00a0\u00bb0&Prime; width=\u00a0\u00bb0&Prime; height=\u00a0\u00bb0&Prime; titleclr=\u00a0\u00bb#f8f8f8&Prime; iconclr=\u00a0\u00bb#f8f8f8&Prime; borderclr=\u00a0\u00bb#f8f8f8&Prime;]\n<ol>\n<li>\n<p data-path-to-node=\"16,0,0\"><strong>Observation sous-marine des hippopotames \u00e0 Mzima Springs<\/strong> <b data-path-to-node=\"16,0,0\" data-index-in-node=\"0\">:<\/b> Promenez-vous \u00e0 travers la for\u00eat luxuriante jusqu\u2019\u00e0 une chambre d\u2019observation sous-marine. Ici, vous pouvez observer hippopotames et crocodiles \u00ab danser \u00bb dans l\u2019eau cristalline \u2014 une vue sans pr\u00e9c\u00e9dent en Afrique. <\/p>\n<\/li>\n<li>\n<p data-path-to-node=\"16,1,0\"><strong>Suivre le rhinoc\u00e9ros noir<\/strong> <b data-path-to-node=\"16,1,0\" data-index-in-node=\"0\">:<\/b> Visitez le <b data-path-to-node=\"16,1,0\" data-index-in-node=\"36\">sanctuaire des rhinoc\u00e9ros ngulia<\/b> en fin d\u2019apr\u00e8s-midi. Cette zone cl\u00f4tur\u00e9e de 90 kilom\u00e8tres carr\u00e9s offre votre meilleure chance d\u2019apercevoir le myst\u00e9rieux et majestueux Rhinoc\u00e9ros noir. <\/p>\n<\/li>\n<li>\n<p data-path-to-node=\"16,2,0\"><strong>Explorer les coul\u00e9es de lave de Shetani<\/strong> <b data-path-to-node=\"16,2,0\" data-index-in-node=\"0\">:<\/b> traversez les coul\u00e9es de lave \u00ab du Diable \u00bb. Ce paysage escarp\u00e9 est impr\u00e9gn\u00e9 de folklore local, et vous pouvez m\u00eame explorer les grottes Shetani voisines (apportez une lampe de poche !). <\/p>\n<\/li>\n<li>\n<p data-path-to-node=\"16,3,0\"><strong>Observation des oiseaux \u00e0 Ngulia Hills<\/strong> <b data-path-to-node=\"16,3,0\" data-index-in-node=\"0\">: <\/b>Assistez \u00e0 l\u2019une des plus grandes migrations d\u2019oiseaux au monde. Des milliers d\u2019oiseaux venus d\u2019Europe et d\u2019Asie s\u2019y arr\u00eatent, ce qui en fait un lieu chaud mondial pour les ornithologues. <\/p>\n<\/li>\n<li>\n<p data-path-to-node=\"16,4,0\"><strong>Lookout du poconnier<\/strong> <b data-path-to-node=\"16,4,0\" data-index-in-node=\"0\">:<\/b> Rendez-vous \u00e0 ce point de vue en altitude pour un panorama \u00e0 360 degr\u00e9s du parc. Par temps clair, on peut voir au loin le sommet enneig\u00e9 du <b data-path-to-node=\"16,4,0\" data-index-in-node=\"148\">mont Kilimandjaro<\/b>. <\/p>\n<\/li>\n<li>\n<p data-path-to-node=\"16,5,0\"><strong>Escalade et randonn\u00e9e<\/strong> <b data-path-to-node=\"16,5,0\" data-index-in-node=\"0\">:<\/b> Pour les aventureux, les parois rocheuses des Roaring Rocks et des collines de Ngulia offrent des ascensions et des randonn\u00e9es exigeantes avec des vues gratifiantes sur les plaines africaines en contrebas.<\/p>\n<\/li>\n<\/ol>\n[\/info_list_son][\/info_list_father][\/vc_tta_section][\/vc_tta_tabs][\/vc_column][\/vc_row]\n","protected":false},"excerpt":{"rendered":"<p>[vc_row full_width=\u00a0\u00bbstretch_row\u00a0\u00bb gap=\u00a0\u00bb1&Prime;][vc_column parallax=\u00a0\u00bbcontent-moving\u00a0\u00bb parallax_image=\u00a0\u00bb8699&Prime; parallax_speed_bg=\u00a0\u00bb1.8&Prime; css=\u00a0\u00bb.vc_custom_1767772928462{padding-top: 80px !important;padding-right: 80px !important;padding-bottom: 80px !important;padding-left: 80px !important;}\u00a0\u00bb][vc_custom_heading text=\u00a0\u00bbParc national de Tsavo Ouest\u00a0\u00bb font_container=\u00a0\u00bbtag:h1|font_size:32|text_align:left|color:%23ffffff\u00a0\u00bb google_fonts=\u00a0\u00bbfont_family:Quicksand%3A300%2Cregular%2C700|font_style:400%20regular%3A400%3Anormal\u00a0\u00bb el_class=\u00a0\u00bbbanner-txt\u00a0\u00bb][vc_separator color=\u00a0\u00bbcustom\u00a0\u00bb align=\u00a0\u00bbalign_left\u00a0\u00bb border_width=\u00a0\u00bb2&Prime; el_width=\u00a0\u00bb20&Prime; accent_color=\u00a0\u00bb#f8f8f8&Prime;][vc_custom_heading text=\u00a0\u00bbKenya\u00a0\u00bb font_container=\u00a0\u00bbtag:h2|font_size:18|text_align:left|color:%23ffffff\u00a0\u00bb google_fonts=\u00a0\u00bbfont_family:Roboto%3A100%2C100italic%2C300%2C300italic%2Cregular%2Citalic%2C500%2C500italic%2C700%2C700italic%2C900%2C900italic|font_style:400%20regular%3A400%3Anormal\u00a0\u00bb el_class=\u00a0\u00bbbanner-txt\u00a0\u00bb][\/vc_column][\/vc_row][vc_row][vc_column css=\u00a0\u00bb.vc_custom_1673438873315{border-top-width: 10px !important;border-right-width: 10px !important;border-bottom-width: 10px !important;border-left-width: 10px !important;}\u00a0\u00bb][vc_tta_tabs shape=\u00a0\u00bbsquare\u00a0\u00bb color=\u00a0\u00bbjuicy-pink\u00a0\u00bb alignment=\u00a0\u00bbcenter\u00a0\u00bb active_section=\u00a0\u00bb1&Prime; no_fill_content_area=\u00a0\u00bbtrue\u00a0\u00bb][vc_tta_section title=\u00a0\u00bbAper\u00e7u\u00a0\u00bb tab_id=\u00a0\u00bb1633454673222-3d94f956-010c\u00a0\u00bb][info_list_father listclr=\u00a0\u00bb#f8f8f8&Prime;][info_list_son style=\u00a0\u00bbicon\u00a0\u00bb size=\u00a0\u00bb20&Prime; width=\u00a0\u00bb30&Prime; height=\u00a0\u00bb20&Prime; titleclr=\u00a0\u00bb#890000&Prime; icon=\u00a0\u00bbfas [&hellip;]<\/p>\n","protected":false},"author":2,"featured_media":0,"parent":27931,"menu_order":6,"comment_status":"closed","ping_status":"closed","template":"","meta":{"_themeisle_gutenberg_block_has_review":false,"footnotes":""},"class_list":["post-42622","page","type-page","status-publish","hentry"],"_links":{"self":[{"href":"https:\/\/mufasatoursandtravels.com\/fr\/wp-json\/wp\/v2\/pages\/42622","targetHints":{"allow":["GET"]}}],"collection":[{"href":"https:\/\/mufasatoursandtravels.com\/fr\/wp-json\/wp\/v2\/pages"}],"about":[{"href":"https:\/\/mufasatoursandtravels.com\/fr\/wp-json\/wp\/v2\/types\/page"}],"author":[{"embeddable":true,"href":"https:\/\/mufasatoursandtravels.com\/fr\/wp-json\/wp\/v2\/users\/2"}],"replies":[{"embeddable":true,"href":"https:\/\/mufasatoursandtravels.com\/fr\/wp-json\/wp\/v2\/comments?post=42622"}],"version-history":[{"count":9,"href":"https:\/\/mufasatoursandtravels.com\/fr\/wp-json\/wp\/v2\/pages\/42622\/revisions"}],"predecessor-version":[{"id":42783,"href":"https:\/\/mufasatoursandtravels.com\/fr\/wp-json\/wp\/v2\/pages\/42622\/revisions\/42783"}],"up":[{"embeddable":true,"href":"https:\/\/mufasatoursandtravels.com\/fr\/wp-json\/wp\/v2\/pages\/27931"}],"wp:attachment":[{"href":"https:\/\/mufasatoursandtravels.com\/fr\/wp-json\/wp\/v2\/media?parent=42622"}],"curies":[{"name":"wp","href":"https:\/\/api.w.org\/{rel}","templated":true}]}}