{"id":42695,"date":"2026-01-07T12:16:17","date_gmt":"2026-01-07T09:16:17","guid":{"rendered":"https:\/\/mufasatoursandtravels.com\/destinations\/lac-naivasha-2\/"},"modified":"2026-01-08T09:02:45","modified_gmt":"2026-01-08T06:02:45","slug":"lac-naivasha-2","status":"publish","type":"page","link":"https:\/\/mufasatoursandtravels.com\/fr\/destinations\/lac-naivasha-2\/","title":{"rendered":"Lac Naivasha"},"content":{"rendered":"[vc_row full_width=\u00a0\u00bbstretch_row\u00a0\u00bb gap=\u00a0\u00bb1&Prime;][vc_column parallax=\u00a0\u00bbcontent-moving\u00a0\u00bb parallax_image=\u00a0\u00bb29592&Prime; parallax_speed_bg=\u00a0\u00bb2&Prime; css=\u00a0\u00bb.vc_custom_1767777819606{padding-top: 80px !important;padding-right: 80px !important;padding-bottom: 80px !important;padding-left: 80px !important;}\u00a0\u00bb][vc_custom_heading text=\u00a0\u00bbLac Naivasha\u00a0\u00bb font_container=\u00a0\u00bbtag:h1|font_size:32|text_align:left|color:%23ffffff\u00a0\u00bb google_fonts=\u00a0\u00bbfont_family:Quicksand%3A300%2Cregular%2C700|font_style:400%20regular%3A400%3Anormal\u00a0\u00bb el_class=\u00a0\u00bbbanner-txt\u00a0\u00bb][vc_separator color=\u00a0\u00bbcustom\u00a0\u00bb align=\u00a0\u00bbalign_left\u00a0\u00bb border_width=\u00a0\u00bb2&Prime; el_width=\u00a0\u00bb20&Prime; accent_color=\u00a0\u00bb#f8f8f8&Prime;][vc_custom_heading text=\u00a0\u00bbKenya\u00a0\u00bb font_container=\u00a0\u00bbtag:h2|font_size:18|text_align:left|color:%23ffffff\u00a0\u00bb google_fonts=\u00a0\u00bbfont_family:Quicksand%3A300%2Cregular%2C700|font_style:400%20regular%3A400%3Anormal\u00a0\u00bb el_class=\u00a0\u00bbbanner-txt\u00a0\u00bb][\/vc_column][\/vc_row][vc_row][vc_column css=\u00a0\u00bb.vc_custom_1673438873315{border-top-width: 10px !important;border-right-width: 10px !important;border-bottom-width: 10px !important;border-left-width: 10px !important;}\u00a0\u00bb][vc_tta_tabs shape=\u00a0\u00bbsquare\u00a0\u00bb color=\u00a0\u00bbjuicy-pink\u00a0\u00bb alignment=\u00a0\u00bbcenter\u00a0\u00bb active_section=\u00a0\u00bb1&Prime; no_fill_content_area=\u00a0\u00bbtrue\u00a0\u00bb][vc_tta_section title=\u00a0\u00bbAper\u00e7u\u00a0\u00bb tab_id=\u00a0\u00bb1633454673222-3d94f956-010c\u00a0\u00bb][info_list_father listclr=\u00a0\u00bb#f8f8f8&Prime;][info_list_son style=\u00a0\u00bbicon\u00a0\u00bb size=\u00a0\u00bb20&Prime; width=\u00a0\u00bb30&Prime; height=\u00a0\u00bb20&Prime; titleclr=\u00a0\u00bb#890000&Prime; icon=\u00a0\u00bbfas fa-map-marked\u00a0\u00bb iconclr=\u00a0\u00bb#890000&Prime; iconbg=\u00a0\u00bb#f8f8f8&Prime; borderclr=\u00a0\u00bb#f8f8f8&Prime; title=\u00a0\u00bbThe Jewel of The Great Rift Valley\u00a0\u00bb]\n<p data-path-to-node=\"5\">At an elevation of 1,884 meters, Lake Naivasha is the highest of the Rift Valley lakes and one of its few freshwater sanctuaries. Fringed by yellow-barked fever trees and vast papyrus swamps, the lake is a world-class birding destination and home to a massive population of over 1,500 hippos. Its name derives from the Maasai word <i data-path-to-node=\"5\" data-index-in-node=\"376\">Nai&rsquo;posha<\/i> (\u00ab\u00a0Rough Water\u00a0\u00bb), referring to the sudden storms that can sweep across its surface.<\/p>\n[\/info_list_son][info_list_son style=\u00a0\u00bbicon\u00a0\u00bb size=\u00a0\u00bb20&Prime; width=\u00a0\u00bb30&Prime; height=\u00a0\u00bb20&Prime; titleclr=\u00a0\u00bb#890000&Prime; icon=\u00a0\u00bbfas fa-route\u00a0\u00bb iconclr=\u00a0\u00bb#890000&Prime; iconbg=\u00a0\u00bb#f8f8f8&Prime; borderclr=\u00a0\u00bb#f8f8f8&Prime; title=\u00a0\u00bbWhat to expect\u00a0\u00bb]\n<ol>\n<li>\n<p data-path-to-node=\"6,0,0\"><strong>A Birdwatcher\u2019s Paradise<\/strong><b data-path-to-node=\"6,0,0\" data-index-in-node=\"0\">:<\/b> With over 400 species of birds recorded, including the majestic African Fish Eagle, pelicans, and kingfishers, it is a premier destination for ornithologists.<\/p>\n<\/li>\n<li>\n<p data-path-to-node=\"6,1,0\"><strong>The \u00ab\u00a0Garden\u00a0\u00bb Safari<\/strong><b data-path-to-node=\"6,1,0\" data-index-in-node=\"0\">:<\/b> Unlike the dusty plains of other parks, Naivasha is green and cool, making it the ideal place to unwind, enjoy a \u00ab\u00a0High Tea,\u00a0\u00bb or take a boat safari.<\/p>\n<\/li>\n<li>\n<p data-path-to-node=\"6,2,0\"><strong>Proximity to Adventure<\/strong><b data-path-to-node=\"6,2,0\" data-index-in-node=\"0\">:<\/b> Lake Naivasha serves as the perfect base camp for exploring nearby <a href=\"https:\/\/mufasatoursandtravels.com\/fr\/destinations\/hells-gate-national-paek\/\">Hell\u2019s Gate National Park<\/a> and Mount Longonot.<\/p>\n<\/li>\n<\/ol>\n[\/info_list_son][info_list_son style=\u00a0\u00bbicon\u00a0\u00bb size=\u00a0\u00bb20&Prime; width=\u00a0\u00bb30&Prime; height=\u00a0\u00bb20&Prime; titleclr=\u00a0\u00bb#890000&Prime; icon=\u00a0\u00bbfar fa-check-circle\u00a0\u00bb iconclr=\u00a0\u00bb#890000&Prime; iconbg=\u00a0\u00bb#f8f8f8&Prime; borderclr=\u00a0\u00bb#f8f8f8&Prime; title=\u00a0\u00bbSeasonal Overview\u00a0\u00bb]\n<p data-path-to-node=\"6,2,0\">Lake Naivasha is beautiful throughout the year.<\/p>\n[\/info_list_son][\/info_list_father][vc_btn title=\u00a0\u00bbObtenez un devis\u00a0\u00bb style=\u00a0\u00bboutline-custom\u00a0\u00bb outline_custom_color=\u00a0\u00bb#890000&Prime; outline_custom_hover_background=\u00a0\u00bb#890000&Prime; outline_custom_hover_text=\u00a0\u00bb#ffffff\u00a0\u00bb shape=\u00a0\u00bbsquare\u00a0\u00bb size=\u00a0\u00bbsm\u00a0\u00bb align=\u00a0\u00bbcenter\u00a0\u00bb i_align=\u00a0\u00bbright\u00a0\u00bb i_icon_fontawesome=\u00a0\u00bbfas fa-angle-right\u00a0\u00bb add_icon=\u00a0\u00bbtrue\u00a0\u00bb link=\u00a0\u00bburl:https%3A%2F%2Fmufasatoursandtravels.com%2Ffr%2Fdemander-un-devis%2F|title:Demander%20un%20devis|\u00a0\u00bb][\/vc_tta_section][vc_tta_section title=\u00a0\u00bbH\u00e9bergement\u00a0\u00bb tab_id=\u00a0\u00bb1633455601016-f93699bc-5d92&Prime;][vc_row_inner css=\u00a0\u00bb.vc_custom_1767778203514{padding: 10px !important;}\u00a0\u00bb][vc_column_inner el_class=\u00a0\u00bbcustom-height\u00a0\u00bb offset=\u00a0\u00bbvc_hidden-md vc_hidden-sm vc_hidden-xs\u00a0\u00bb][ucaddon_uc_side_carousel_content image=\u00a0\u00bb5289&Prime; title=\u00a0\u00bbChui Lodge\u00a0\u00bb btn_text=\u00a0\u00bbView Accomodation\u00a0\u00bb link=\u00a0\u00bbhttps:\/\/www.oseriantwolakes.com\/chui-lodge\u00a0\u00bb uc_fonts_data=\u00a0\u00bbJTdCJTdE\u00a0\u00bb]TG9jYXRlZCUyMHdpdGhpbiUyMHRoZSUyMHByaXZhdGUlMjBPc2VyZW5nb25pJTIwV2lsZGxpZmUlMjBTYW5jdHVhcnklMkMlMjBvZmZlcmluZyUyMGFuJTIwZXhjbHVzaXZlJTJDJTIwaGlnaC1lbmQlMjBidXNoJTIwZXhwZXJpZW5jZSUyMGF3YXklMjBmcm9tJTIwdGhlJTIwbWFpbiUyMGxha2UlMjByb2FkLg==[\/ucaddon_uc_side_carousel_content][\/vc_column_inner][\/vc_row_inner][vc_row_inner css=\u00a0\u00bb.vc_custom_1767778203514{padding: 10px !important;}\u00a0\u00bb][vc_column_inner el_class=\u00a0\u00bbcustom-height\u00a0\u00bb offset=\u00a0\u00bbvc_hidden-md vc_hidden-sm vc_hidden-xs\u00a0\u00bb][ucaddon_uc_side_carousel_content image=\u00a0\u00bb42700&Prime; title=\u00a0\u00bbResort du lac Naivasha Sopa\u00a0\u00bb btn_text=\u00a0\u00bbView Accomodation\u00a0\u00bb link=\u00a0\u00bbhttps:\/\/www.lakenaivasha-soparesort.com\/\u00a0\u00bb uc_fonts_data=\u00a0\u00bbJTdCJTdE\u00a0\u00bb]RmFtb3VzJTIwZm9yJTIwaXRzJTIwZXhwYW5zaXZlJTIwbGF3bnMlMjB3aGVyZSUyMGhpcHBvcyUyMGNvbWUlMjB0byUyMGdyYXplJTIwZXZlcnklMjBldmVuaW5nJTIwYXQlMjBkdXNrJUUyJTgwJTk0YSUyMG11c3Qtc2VlJTIwZXhwZXJpZW5jZS4=[\/ucaddon_uc_side_carousel_content][\/vc_column_inner][\/vc_row_inner][vc_row_inner css=\u00a0\u00bb.vc_custom_1767778203514{padding: 10px !important;}\u00a0\u00bb][vc_column_inner el_class=\u00a0\u00bbcustom-height\u00a0\u00bb offset=\u00a0\u00bbvc_hidden-lg\u00a0\u00bb][vc_headings style=\u00a0\u00bbtheme2&Prime; borderclr=\u00a0\u00bb#890000&Prime; title=\u00a0\u00bbChu Lodge\u00a0\u00bb align=\u00a0\u00bbleft\u00a0\u00bb google_fonts=\u00a0\u00bbfont_family:Quicksand%3A300%2Cregular%2C700|font_style:400%20regular%3A400%3Anormal\u00a0\u00bb titleclr=\u00a0\u00bb#000000&Prime;]Located within the private Oserengoni Wildlife Sanctuary, offering an exclusive, high-end bush experience away from the main lake road.[\/vc_headings][vc_btn title=\u00a0\u00bbVoir l\u2019h\u00e9bergement\u00a0\u00bb style=\u00a0\u00bboutline-custom\u00a0\u00bb outline_custom_color=\u00a0\u00bb#890000&Prime; outline_custom_hover_background=\u00a0\u00bb#890000&Prime; outline_custom_hover_text=\u00a0\u00bb#ffffff\u00a0\u00bb shape=\u00a0\u00bbsquare\u00a0\u00bb size=\u00a0\u00bbsm\u00a0\u00bb i_icon_fontawesome=\u00a0\u00bbfas fa-angle-right\u00a0\u00bb add_icon=\u00a0\u00bbtrue\u00a0\u00bb css=\u00a0\u00bb.vc_custom_1767779053166{padding-top: 10px !important;padding-right: 10px !important;padding-bottom: 10px !important;}\u00a0\u00bb link=\u00a0\u00bburl:https%3A%2F%2Fwww.oseriantwolakes.com%2Fchui-lodge|\u00a0\u00bb][\/vc_column_inner][\/vc_row_inner][vc_row_inner css=\u00a0\u00bb.vc_custom_1767778203514{padding: 10px !important;}\u00a0\u00bb][vc_column_inner el_class=\u00a0\u00bbcustom-height\u00a0\u00bb offset=\u00a0\u00bbvc_hidden-lg\u00a0\u00bb][vc_headings style=\u00a0\u00bbtheme2&Prime; borderclr=\u00a0\u00bb#890000&Prime; title=\u00a0\u00bbLake Naivasha Resort\u00a0\u00bb align=\u00a0\u00bbleft\u00a0\u00bb google_fonts=\u00a0\u00bbfont_family:Quicksand%3A300%2Cregular%2C700|font_style:400%20regular%3A400%3Anormal\u00a0\u00bb titleclr=\u00a0\u00bb#000000&Prime;]Famous for its expansive lawns where hippos come to graze every evening at dusk\u2014a must-see experience.[\/vc_headings][vc_btn title=\u00a0\u00bbVoir l\u2019h\u00e9bergement\u00a0\u00bb style=\u00a0\u00bboutline-custom\u00a0\u00bb outline_custom_color=\u00a0\u00bb#890000&Prime; outline_custom_hover_background=\u00a0\u00bb#890000&Prime; outline_custom_hover_text=\u00a0\u00bb#ffffff\u00a0\u00bb shape=\u00a0\u00bbsquare\u00a0\u00bb size=\u00a0\u00bbsm\u00a0\u00bb i_icon_fontawesome=\u00a0\u00bbfas fa-angle-right\u00a0\u00bb add_icon=\u00a0\u00bbtrue\u00a0\u00bb css=\u00a0\u00bb.vc_custom_1767779435754{padding-top: 10px !important;padding-right: 10px !important;padding-bottom: 10px !important;}\u00a0\u00bb link=\u00a0\u00bburl:https%3A%2F%2Fwww.lakenaivasha-soparesort.com%2F|\u00a0\u00bb][\/vc_column_inner][\/vc_row_inner][\/vc_tta_section][vc_tta_section title=\u00a0\u00bbActivit\u00e9s\u00a0\u00bb tab_id=\u00a0\u00bb1767601538075-7b6924d3-776e\u00a0\u00bb][info_list_father listclr=\u00a0\u00bb#f8f8f8&Prime;][info_list_son style=\u00a0\u00bbicon\u00a0\u00bb size=\u00a0\u00bb0&Prime; width=\u00a0\u00bb0&Prime; height=\u00a0\u00bb0&Prime; titleclr=\u00a0\u00bb#f8f8f8&Prime; iconclr=\u00a0\u00bb#f8f8f8&Prime; borderclr=\u00a0\u00bb#f8f8f8&Prime;]\n<ol>\n<li>\n<p data-path-to-node=\"16,0,0\"><strong>Safaris en<\/strong> <b data-path-to-node=\"16,0,0\" data-index-in-node=\"0\">bateau :<\/b> Faites une balade en bateau priv\u00e9e pour vous approcher \u00e0 quelques m\u00e8tres de gigantesques groupes d\u2019hippopotames et observez l\u2019aigle \u00e0 mer d\u2019Afrique plonger \u00e0 la recherche de sa proie. C\u2019est la meilleure fa\u00e7on de d\u00e9couvrir l\u2019\u00e9cosyst\u00e8me dynamique du lac. <\/p>\n<\/li>\n<li>\n<p data-path-to-node=\"16,1,0\"><strong>Promenade de jeu sur l\u2019\u00eele Crescent<\/strong> <b data-path-to-node=\"16,1,0\" data-index-in-node=\"0\">:<\/b> Visitez ce sanctuaire insulaire priv\u00e9 (un crat\u00e8re volcanique submerg\u00e9). Comme il n\u2019y a pas de pr\u00e9dateurs, vous pouvez vous promener librement parmi les girafes, les z\u00e8bres et les waterbucks \u2014 c\u2019est l\u00e0 que des sc\u00e8nes de <i data-path-to-node=\"16,1,0\" data-index-in-node=\"208\">Out of<\/i> Africa ont \u00e9t\u00e9 tourn\u00e9es ! <\/p>\n<\/li>\n<li>\n<p data-path-to-node=\"16,2,0\"><strong>Excursions d\u2019observation des oiseaux<\/strong> <b data-path-to-node=\"16,2,0\" data-index-in-node=\"0\">:<\/b> Passez une matin\u00e9e avec nos guides sp\u00e9cialis\u00e9s \u00e0 identifier des esp\u00e8ces rares dans les roseaux de papyrus et les for\u00eats d\u2019acacias entourant le lac.<\/p>\n<\/li>\n<li>\n<p data-path-to-node=\"16,3,0\"><strong>Visitez le Centre de conservation d\u2019Elsamere<\/strong> <b data-path-to-node=\"16,3,0\" data-index-in-node=\"0\">:<\/b> l\u2019ancienne demeure de Joy et George Adamson (c\u00e9l\u00e8bres <i data-path-to-node=\"16,3,0\" data-index-in-node=\"82\">pour Born Free<\/i>). Savourez un th\u00e9 anglais traditionnel sur la pelouse pendant que les singes colobus jouent dans les arbres au-dessus. <\/p>\n<\/li>\n<li>\n<p data-path-to-node=\"16,4,0\"><strong>Visites de fermes florales<\/strong> <b data-path-to-node=\"16,4,0\" data-index-in-node=\"0\">:<\/b> Naivasha est le c\u0153ur de la floriculture k\u00e9nyane. Faites une visite guid\u00e9e d\u2019une ferme de roses de classe mondiale pour voir comment des millions de roses sont cultiv\u00e9es pour l\u2019exportation. <\/p>\n<\/li>\n<li>\n<p data-path-to-node=\"16,5,0\"><strong>Safaris \u00e0<\/strong> <b data-path-to-node=\"16,5,0\" data-index-in-node=\"0\">cheval :<\/b> Vivez le frisson de traverser les for\u00eats sanctuaires, vous rapprochant du jeu des plaines que vous ne pourriez jamais le faire en v\u00e9hicule.<\/p>\n<\/li>\n<\/ol>\n[\/info_list_son][\/info_list_father][\/vc_tta_section][\/vc_tta_tabs][\/vc_column][\/vc_row]\n","protected":false},"excerpt":{"rendered":"<p>[vc_row full_width=\u00a0\u00bbstretch_row\u00a0\u00bb gap=\u00a0\u00bb1&Prime;][vc_column parallax=\u00a0\u00bbcontent-moving\u00a0\u00bb parallax_image=\u00a0\u00bb29592&Prime; parallax_speed_bg=\u00a0\u00bb2&Prime; css=\u00a0\u00bb.vc_custom_1767777819606{padding-top: 80px !important;padding-right: 80px !important;padding-bottom: 80px !important;padding-left: 80px !important;}\u00a0\u00bb][vc_custom_heading text=\u00a0\u00bbLac Naivasha\u00a0\u00bb font_container=\u00a0\u00bbtag:h1|font_size:32|text_align:left|color:%23ffffff\u00a0\u00bb google_fonts=\u00a0\u00bbfont_family:Quicksand%3A300%2Cregular%2C700|font_style:400%20regular%3A400%3Anormal\u00a0\u00bb el_class=\u00a0\u00bbbanner-txt\u00a0\u00bb][vc_separator color=\u00a0\u00bbcustom\u00a0\u00bb align=\u00a0\u00bbalign_left\u00a0\u00bb border_width=\u00a0\u00bb2&Prime; el_width=\u00a0\u00bb20&Prime; accent_color=\u00a0\u00bb#f8f8f8&Prime;][vc_custom_heading text=\u00a0\u00bbKenya\u00a0\u00bb font_container=\u00a0\u00bbtag:h2|font_size:18|text_align:left|color:%23ffffff\u00a0\u00bb google_fonts=\u00a0\u00bbfont_family:Quicksand%3A300%2Cregular%2C700|font_style:400%20regular%3A400%3Anormal\u00a0\u00bb el_class=\u00a0\u00bbbanner-txt\u00a0\u00bb][\/vc_column][\/vc_row][vc_row][vc_column css=\u00a0\u00bb.vc_custom_1673438873315{border-top-width: 10px !important;border-right-width: 10px !important;border-bottom-width: 10px !important;border-left-width: 10px !important;}\u00a0\u00bb][vc_tta_tabs shape=\u00a0\u00bbsquare\u00a0\u00bb color=\u00a0\u00bbjuicy-pink\u00a0\u00bb alignment=\u00a0\u00bbcenter\u00a0\u00bb active_section=\u00a0\u00bb1&Prime; no_fill_content_area=\u00a0\u00bbtrue\u00a0\u00bb][vc_tta_section title=\u00a0\u00bbAper\u00e7u\u00a0\u00bb tab_id=\u00a0\u00bb1633454673222-3d94f956-010c\u00a0\u00bb][info_list_father listclr=\u00a0\u00bb#f8f8f8&Prime;][info_list_son style=\u00a0\u00bbicon\u00a0\u00bb size=\u00a0\u00bb20&Prime; width=\u00a0\u00bb30&Prime; height=\u00a0\u00bb20&Prime; titleclr=\u00a0\u00bb#890000&Prime; icon=\u00a0\u00bbfas fa-map-marked\u00a0\u00bb iconclr=\u00a0\u00bb#890000&Prime; iconbg=\u00a0\u00bb#f8f8f8&Prime; [&hellip;]<\/p>\n","protected":false},"author":2,"featured_media":0,"parent":27931,"menu_order":7,"comment_status":"closed","ping_status":"closed","template":"","meta":{"_themeisle_gutenberg_block_has_review":false,"footnotes":""},"class_list":["post-42695","page","type-page","status-publish","hentry"],"_links":{"self":[{"href":"https:\/\/mufasatoursandtravels.com\/fr\/wp-json\/wp\/v2\/pages\/42695","targetHints":{"allow":["GET"]}}],"collection":[{"href":"https:\/\/mufasatoursandtravels.com\/fr\/wp-json\/wp\/v2\/pages"}],"about":[{"href":"https:\/\/mufasatoursandtravels.com\/fr\/wp-json\/wp\/v2\/types\/page"}],"author":[{"embeddable":true,"href":"https:\/\/mufasatoursandtravels.com\/fr\/wp-json\/wp\/v2\/users\/2"}],"replies":[{"embeddable":true,"href":"https:\/\/mufasatoursandtravels.com\/fr\/wp-json\/wp\/v2\/comments?post=42695"}],"version-history":[{"count":4,"href":"https:\/\/mufasatoursandtravels.com\/fr\/wp-json\/wp\/v2\/pages\/42695\/revisions"}],"predecessor-version":[{"id":42793,"href":"https:\/\/mufasatoursandtravels.com\/fr\/wp-json\/wp\/v2\/pages\/42695\/revisions\/42793"}],"up":[{"embeddable":true,"href":"https:\/\/mufasatoursandtravels.com\/fr\/wp-json\/wp\/v2\/pages\/27931"}],"wp:attachment":[{"href":"https:\/\/mufasatoursandtravels.com\/fr\/wp-json\/wp\/v2\/media?parent=42695"}],"curies":[{"name":"wp","href":"https:\/\/api.w.org\/{rel}","templated":true}]}}