{"id":42723,"date":"2026-01-07T12:50:20","date_gmt":"2026-01-07T09:50:20","guid":{"rendered":"https:\/\/mufasatoursandtravels.com\/destinations\/parc-national-du-lac-nakuru-2\/"},"modified":"2026-01-08T09:41:10","modified_gmt":"2026-01-08T06:41:10","slug":"parc-national-du-lac-nakuru-2","status":"publish","type":"page","link":"https:\/\/mufasatoursandtravels.com\/fr\/destinations\/parc-national-du-lac-nakuru-2\/","title":{"rendered":"Parc national du lac Nakuru"},"content":{"rendered":"[vc_row full_width=\u00a0\u00bbstretch_row\u00a0\u00bb gap=\u00a0\u00bb1&Prime;][vc_column parallax=\u00a0\u00bbcontent-moving\u00a0\u00bb parallax_image=\u00a0\u00bb42799&Prime; parallax_speed_bg=\u00a0\u00bb1.8&Prime; css=\u00a0\u00bb.vc_custom_1767854553453{padding-top: 80px !important;padding-right: 80px !important;padding-bottom: 80px !important;padding-left: 80px !important;}\u00a0\u00bb][vc_custom_heading text=\u00a0\u00bbParc national du lac Nakuru\u00a0\u00bb font_container=\u00a0\u00bbtag:h1|font_size:32|text_align:left|color:%23ffffff\u00a0\u00bb google_fonts=\u00a0\u00bbfont_family:Quicksand%3A300%2Cregular%2C700|font_style:400%20regular%3A400%3Anormal\u00a0\u00bb el_class=\u00a0\u00bbbanner-txt\u00a0\u00bb][vc_separator color=\u00a0\u00bbcustom\u00a0\u00bb align=\u00a0\u00bbalign_left\u00a0\u00bb border_width=\u00a0\u00bb2&Prime; el_width=\u00a0\u00bb20&Prime; accent_color=\u00a0\u00bb#f8f8f8&Prime;][vc_custom_heading text=\u00a0\u00bbKenya\u00a0\u00bb font_container=\u00a0\u00bbtag:h2|font_size:18|text_align:left|color:%23ffffff\u00a0\u00bb google_fonts=\u00a0\u00bbfont_family:Quicksand%3A300%2Cregular%2C700|font_style:400%20regular%3A400%3Anormal\u00a0\u00bb el_class=\u00a0\u00bbbanner-txt\u00a0\u00bb][\/vc_column][\/vc_row][vc_row][vc_column css=\u00a0\u00bb.vc_custom_1673438873315{border-top-width: 10px !important;border-right-width: 10px !important;border-bottom-width: 10px !important;border-left-width: 10px !important;}\u00a0\u00bb][vc_tta_tabs shape=\u00a0\u00bbsquare\u00a0\u00bb color=\u00a0\u00bbjuicy-pink\u00a0\u00bb alignment=\u00a0\u00bbcenter\u00a0\u00bb active_section=\u00a0\u00bb1&Prime; no_fill_content_area=\u00a0\u00bbtrue\u00a0\u00bb][vc_tta_section title=\u00a0\u00bbAper\u00e7u\u00a0\u00bb tab_id=\u00a0\u00bb1633454673222-3d94f956-010c\u00a0\u00bb][info_list_father listclr=\u00a0\u00bb#f8f8f8&Prime;][info_list_son style=\u00a0\u00bbicon\u00a0\u00bb size=\u00a0\u00bb20&Prime; width=\u00a0\u00bb30&Prime; height=\u00a0\u00bb20&Prime; titleclr=\u00a0\u00bb#890000&Prime; icon=\u00a0\u00bbfas fa-map-marked\u00a0\u00bb iconclr=\u00a0\u00bb#890000&Prime; iconbg=\u00a0\u00bb#f8f8f8&Prime; borderclr=\u00a0\u00bb#f8f8f8&Prime; title=\u00a0\u00bbA Kaleidoscope of Color &#038; Conservation\u00a0\u00bb]\n<p data-path-to-node=\"5\">Lake Nakuru National Park is one of Kenya\u2019s most iconic Rift Valley destinations. Originally famous for the millions of flamingos that turned its shores into a shimmering pink carpet, the park has evolved into a premier sanctuary for endangered species. Encircled by rocky escarpments and pockets of yellow-barked acacia forests, this \u00ab\u00a0Premium Park\u00a0\u00bb offers a compact yet incredibly dense wildlife experience just a few hours&rsquo; drive from Nairobi.<\/p>\n[\/info_list_son][info_list_son style=\u00a0\u00bbicon\u00a0\u00bb size=\u00a0\u00bb20&Prime; width=\u00a0\u00bb30&Prime; height=\u00a0\u00bb20&Prime; titleclr=\u00a0\u00bb#890000&Prime; icon=\u00a0\u00bbfas fa-route\u00a0\u00bb iconclr=\u00a0\u00bb#890000&Prime; iconbg=\u00a0\u00bb#f8f8f8&Prime; borderclr=\u00a0\u00bb#f8f8f8&Prime; title=\u00a0\u00bbWhat to expect\u00a0\u00bb]\n<ol>\n<li>\n<p data-path-to-node=\"6,0,0\"><strong>The Rhino Stronghold<\/strong><b data-path-to-node=\"6,0,0\" data-index-in-node=\"0\">:<\/b> Nakuru is one of the best places in East Africa to see both <b data-path-to-node=\"6,0,0\" data-index-in-node=\"82\">Black and White Rhinos<\/b> in their natural habitat.<\/p>\n<\/li>\n<li>\n<p data-path-to-node=\"6,1,0\"><strong>Birding Spectacle<\/strong><b data-path-to-node=\"6,1,0\" data-index-in-node=\"0\">:<\/b> While flamingo levels vary with water depths, the lake remains a haven for over 450 bird species, including Great White Pelicans, African Fish Eagles, and Hamerkops.<\/p>\n<\/li>\n<li>\n<p data-path-to-node=\"6,2,0\"><strong>Rare Sightings<\/strong><b data-path-to-node=\"6,2,0\" data-index-in-node=\"0\">:<\/b> It is one of the few places in Kenya to see the endangered <b data-path-to-node=\"6,2,0\" data-index-in-node=\"75\">Rothschild\u2019s Giraffe<\/b> and is famously known for its \u00ab\u00a0tree-climbing\u00a0\u00bb lions and elusive leopards.<\/p>\n<\/li>\n<li>\n<p data-path-to-node=\"6,3,0\"><strong>The Landscape<\/strong><b data-path-to-node=\"6,3,0\" data-index-in-node=\"0\">:<\/b> From the shimmering alkaline lake to the largest Euphorbia (cactus-like tree) forest in Africa, the scenery is a photographer\u2019s dream.<\/p>\n<\/li>\n<\/ol>\n[\/info_list_son][info_list_son style=\u00a0\u00bbicon\u00a0\u00bb size=\u00a0\u00bb20&Prime; width=\u00a0\u00bb30&Prime; height=\u00a0\u00bb20&Prime; titleclr=\u00a0\u00bb#890000&Prime; icon=\u00a0\u00bbfar fa-check-circle\u00a0\u00bb iconclr=\u00a0\u00bb#890000&Prime; iconbg=\u00a0\u00bb#f8f8f8&Prime; borderclr=\u00a0\u00bb#f8f8f8&Prime; title=\u00a0\u00bbSeason Overview\u00a0\u00bb]\n<p data-path-to-node=\"6,2,0\">The park is accessible and beautiful in all seasons, best for general wildlife viewing and clearer photography.<\/p>\n[\/info_list_son][\/info_list_father][vc_btn title=\u00a0\u00bbObtenez un devis\u00a0\u00bb style=\u00a0\u00bboutline-custom\u00a0\u00bb outline_custom_color=\u00a0\u00bb#890000&Prime; outline_custom_hover_background=\u00a0\u00bb#890000&Prime; outline_custom_hover_text=\u00a0\u00bb#ffffff\u00a0\u00bb shape=\u00a0\u00bbsquare\u00a0\u00bb size=\u00a0\u00bbsm\u00a0\u00bb align=\u00a0\u00bbcenter\u00a0\u00bb i_align=\u00a0\u00bbright\u00a0\u00bb i_icon_fontawesome=\u00a0\u00bbfas fa-angle-right\u00a0\u00bb add_icon=\u00a0\u00bbtrue\u00a0\u00bb link=\u00a0\u00bburl:https%3A%2F%2Fmufasatoursandtravels.com%2Ffr%2Fdemander-un-devis%2F|title:Demander%20un%20devis|\u00a0\u00bb][\/vc_tta_section][vc_tta_section title=\u00a0\u00bbH\u00e9bergement\u00a0\u00bb tab_id=\u00a0\u00bb1633455601016-f93699bc-5d92&Prime;][vc_row_inner css=\u00a0\u00bb.vc_custom_1767786578236{padding-top: 10px !important;padding-right: 10px !important;padding-bottom: 10px !important;}\u00a0\u00bb][vc_column_inner el_class=\u00a0\u00bbcustom-height\u00a0\u00bb offset=\u00a0\u00bbvc_hidden-md vc_hidden-sm vc_hidden-xs\u00a0\u00bb][ucaddon_uc_side_carousel_content image=\u00a0\u00bb42736&Prime; title=\u00a0\u00bbPavillon de chasse Sarova Lion Hill\u00a0\u00bb btn_text=\u00a0\u00bbView Accomodation\u00a0\u00bb link=\u00a0\u00bbhttps:\/\/www.sarovahotels.com\/lionhill-nakuru\/\u00a0\u00bb uc_fonts_data=\u00a0\u00bbJTdCJTdE\u00a0\u00bb]U3RyYXRlZ2ljYWxseSUyMGxvY2F0ZWQlMjBvbiUyMGFuJTIwaW5jbGluZSUyMG92ZXJsb29raW5nJTIwdGhlJTIwbGFrZSUyQyUyMHRoaXMlMjBsb2RnZSUyMG9mZmVycyUyMGNsYXNzaWMlMjBsdXh1cnklMjBjaGFsZXQtc3R5bGUlMjByb29tcyUyMGFuZCUyMGJlYXV0aWZ1bGx5JTIwbGFuZHNjYXBlZCUyMGdhcmRlbnMu[\/ucaddon_uc_side_carousel_content][\/vc_column_inner][\/vc_row_inner][vc_row_inner css=\u00a0\u00bb.vc_custom_1767786578236{padding-top: 10px !important;padding-right: 10px !important;padding-bottom: 10px !important;}\u00a0\u00bb][vc_column_inner el_class=\u00a0\u00bbcustom-height\u00a0\u00bb offset=\u00a0\u00bbvc_hidden-md vc_hidden-sm vc_hidden-xs\u00a0\u00bb][ucaddon_uc_side_carousel_content image=\u00a0\u00bb42742&Prime; title=\u00a0\u00bbLodge Sopa du lac Nakuru\u00a0\u00bb btn_text=\u00a0\u00bbView Accomodation\u00a0\u00bb link=\u00a0\u00bbhttps:\/\/sopalodges.com\/lake-nakuru-sopa-lodge\/the-lodge?ad=semD&amp;an=msn_s&amp;am=exact&amp;q=Lake+Nakuru+Lodge&amp;o=29590&amp;qsrc=999&amp;l=sem&amp;askid=f321e61a-ec5b-4ed5-998a-c6ce0df62f0b-0-ab_mse?ad=semD&amp;an=msn_s&amp;am=exact&amp;q=Lake+Nakuru+Lodge&amp;o=29590&amp;qsrc=999&amp;l=sem&amp;askid=f321e61a-ec5b-4ed5-998a-c6ce0df62f0b-0-ab_mse?attempt=1&amp;page_uuid=51d9ab4c-aa3d-42b0-b0d8-5d2df7f41d0e&amp;time=1534941001&amp;token=1f6889953f05f84866ec00a1cd8dcbdf6c72c1937588d8a05d67ca0ed9249c50?ad=semD&amp;an=msn_s&amp;am=exact&amp;q=Lake+Nakuru+Lodge&amp;o=29590&amp;qsrc=999&amp;l=sem&amp;askid=f321e61a-ec5b-4ed5-998a-c6ce0df62f0b-0-ab_mse?ad=semD&amp;an=msn_s&amp;am=exact&amp;q=Lake+Nakuru+Lodge&amp;o=29590&amp;qsrc=999&amp;l=sem&amp;askid=f321e61a-ec5b-4ed5-998a-c6ce0df62f0b-0-ab_mse?attempt=1&amp;page_uuid=51d9ab4c-aa3d-42b0-b0d8-5d2df7f41d0e&amp;time=1534941001&amp;token=1f6889953f05f84866ec00a1cd8dcbdf6c72c1937588d8a05d67ca0ed9249c50?attempt=1&amp;page_uuid=51d9ab4c-aa3d-42b0-b0d8-5d2df7f41d0e&amp;time=1534941001&amp;token=1f6889953f05f84866ec00a1cd8dcbdf6c72c1937588d8a05d67ca0ed9249c50?attempt=1&amp;page_uuid=51d9ab4c-aa3d-42b0-b0d8-5d2df7f41d0e&amp;time=1534941001&amp;token=1f6889953f05f84866ec00a1cd8dcbdf6c72c1937588d8a05d67ca0ed9249c50&Prime; uc_fonts_data=\u00a0\u00bbJTdCJTdE\u00a0\u00bb]UGVyY2hlZCUyMG9uJTIwYSUyMGhpbGwlMjBvbiUyMHRoZSUyMHdlc3Rlcm4lMjBsaW1pdHMlMjBvZiUyMHRoZSUyMHBhcmslMkMlMjBvZmZlcmluZyUyMGFyZ3VhYmx5JTIwdGhlJTIwYmVzdCUyMHBhbm9yYW1pYyUyMHZpZXdzJTIwb2YlMjB0aGUlMjBlbnRpcmUlMjBsYWtlJTIwYW5kJTIwdGhlJTIwc3Vycm91bmRpbmclMjBoaWxscy4=[\/ucaddon_uc_side_carousel_content][\/vc_column_inner][\/vc_row_inner][vc_row_inner css=\u00a0\u00bb.vc_custom_1767786578236{padding-top: 10px !important;padding-right: 10px !important;padding-bottom: 10px !important;}\u00a0\u00bb][vc_column_inner el_class=\u00a0\u00bbcustom-height\u00a0\u00bb offset=\u00a0\u00bbvc_hidden-md vc_hidden-sm vc_hidden-xs\u00a0\u00bb][ucaddon_uc_side_carousel_content image=\u00a0\u00bb35177&Prime; title=\u00a0\u00bbLa Falaise\u00a0\u00bb btn_text=\u00a0\u00bbView Accomodation\u00a0\u00bb link=\u00a0\u00bbhttps:\/\/thecliffkenya.com\/\u00a0\u00bb uc_fonts_data=\u00a0\u00bbJTdCJTdE\u00a0\u00bb]QSUyMGhpZ2gtZW5kJTIwYm91dGlxdWUlMjAlMjJ0ZW50ZWQlMjIlMjBjYW1wJTIwcGVyY2hlZCUyMG9uJTIwdGhlJTIwZWRnZSUyMG9mJTIwYSUyMGNsaWZmJTJDJTIwY29tYmluaW5nJTIwdGhlJTIwbHV4dXJ5JTIwb2YlMjBhJTIwNS1zdGFyJTIwaG90ZWwlMjB3aXRoJTIwdGhlJTIwaW50aW1hY3klMjBvZiUyMGElMjB0ZW50ZWQlMjBzYWZhcmku[\/ucaddon_uc_side_carousel_content][\/vc_column_inner][\/vc_row_inner][vc_row_inner css=\u00a0\u00bb.vc_custom_1767786578236{padding-top: 10px !important;padding-right: 10px !important;padding-bottom: 10px !important;}\u00a0\u00bb][vc_column_inner el_class=\u00a0\u00bbcustom-height\u00a0\u00bb offset=\u00a0\u00bbvc_hidden-md vc_hidden-sm vc_hidden-xs\u00a0\u00bb][ucaddon_uc_side_carousel_content image=\u00a0\u00bb35228&Prime; title=\u00a0\u00bbLake Nakuru Lodge\u00a0\u00bb btn_text=\u00a0\u00bbView Accomodation\u00a0\u00bb link=\u00a0\u00bbhttps:\/\/lakenakurulodge.com\/\u00a0\u00bb uc_fonts_data=\u00a0\u00bbJTdCJTdE\u00a0\u00bb]U2l0dWF0ZWQlMjBpbiUyMHRoZSUyMHNvdXRoLWVhc3QlMjBvZiUyMHRoZSUyMHBhcmslMkMlMjB0aGlzJTIwZWNvLWxvZGdlJTIwb2ZmZXJzJTIwZ3JlYXQlMjB2aWV3cyUyMG9mJTIwdGhlJTIwZmxhbWluZ29zJTIwYW5kJTIwZmVhdHVyZXMlMjBhJTIwcG9wdWxhciUyMHdhdGVyaW5nJTIwaG9sZSUyMHRoYXQlMjBhdHRyYWN0cyUyMHdpbGRsaWZlJTIwYXQlMjBuaWdodC4=[\/ucaddon_uc_side_carousel_content][\/vc_column_inner][\/vc_row_inner][vc_row_inner css=\u00a0\u00bb.vc_custom_1767786578236{padding-top: 10px !important;padding-right: 10px !important;padding-bottom: 10px !important;}\u00a0\u00bb][vc_column_inner el_class=\u00a0\u00bbcustom-height\u00a0\u00bb offset=\u00a0\u00bbvc_hidden-md vc_hidden-sm vc_hidden-xs\u00a0\u00bb][ucaddon_uc_side_carousel_content image=\u00a0\u00bb42748&Prime; title=\u00a0\u00bbLoge Ziwa Bush\u00a0\u00bb btn_text=\u00a0\u00bbView Accomodation\u00a0\u00bb link=\u00a0\u00bbhttps:\/\/www.ziwalodge.com\/\u00a0\u00bb uc_fonts_data=\u00a0\u00bbJTdCJTdE\u00a0\u00bb]TG9jYXRlZCUyMGp1c3QlMjBvdXRzaWRlJTIwdGhlJTIwcGFyayUyQyUyMHRoaXMlMjBsb2RnZSUyMG9mZmVycyUyMGElMjBxdWlldCUyQyUyMGJvdXRpcXVlJTIwZXhwZXJpZW5jZSUyMHdpdGglMjB0cmFkaXRpb25hbCUyMEFmcmljYW4tc3R5bGUlMjBodXRzJTIwYW5kJTIwZXhjZWxsZW50JTIwZGluaW5nLg==[\/ucaddon_uc_side_carousel_content][\/vc_column_inner][\/vc_row_inner][vc_row_inner css=\u00a0\u00bb.vc_custom_1767786578236{padding-top: 10px !important;padding-right: 10px !important;padding-bottom: 10px !important;}\u00a0\u00bb][vc_column_inner el_class=\u00a0\u00bbcustom-height\u00a0\u00bb offset=\u00a0\u00bbvc_hidden-lg\u00a0\u00bb][vc_headings style=\u00a0\u00bbtheme2&Prime; borderclr=\u00a0\u00bb#890000&Prime; title=\u00a0\u00bbSarova Lion Hill Game Lodge\u00a0\u00bb align=\u00a0\u00bbleft\u00a0\u00bb google_fonts=\u00a0\u00bbfont_family:Quicksand%3A300%2Cregular%2C700|font_style:400%20regular%3A400%3Anormal\u00a0\u00bb titleclr=\u00a0\u00bb#000000&Prime;]Strategically located on an incline overlooking the lake, this lodge offers classic luxury chalet-style rooms and beautifully landscaped gardens.[\/vc_headings][vc_btn title=\u00a0\u00bbVoir l\u2019h\u00e9bergement\u00a0\u00bb style=\u00a0\u00bboutline-custom\u00a0\u00bb outline_custom_color=\u00a0\u00bb#890000&Prime; outline_custom_hover_background=\u00a0\u00bb#890000&Prime; outline_custom_hover_text=\u00a0\u00bb#ffffff\u00a0\u00bb shape=\u00a0\u00bbsquare\u00a0\u00bb size=\u00a0\u00bbsm\u00a0\u00bb i_icon_fontawesome=\u00a0\u00bbfas fa-angle-right\u00a0\u00bb add_icon=\u00a0\u00bbtrue\u00a0\u00bb css=\u00a0\u00bb.vc_custom_1767787490661{padding-top: 10px !important;padding-right: 10px !important;padding-bottom: 10px !important;}\u00a0\u00bb link=\u00a0\u00bburl:https%3A%2F%2Fwww.sarovahotels.com%2Flionhill-nakuru%2F|\u00a0\u00bb][\/vc_column_inner][\/vc_row_inner][vc_row_inner css=\u00a0\u00bb.vc_custom_1767786578236{padding-top: 10px !important;padding-right: 10px !important;padding-bottom: 10px !important;}\u00a0\u00bb][vc_column_inner el_class=\u00a0\u00bbcustom-height\u00a0\u00bb offset=\u00a0\u00bbvc_hidden-lg\u00a0\u00bb][vc_headings style=\u00a0\u00bbtheme2&Prime; borderclr=\u00a0\u00bb#890000&Prime; title=\u00a0\u00bbLake Nakuru Sopa Lodge\u00a0\u00bb align=\u00a0\u00bbleft\u00a0\u00bb google_fonts=\u00a0\u00bbfont_family:Quicksand%3A300%2Cregular%2C700|font_style:400%20regular%3A400%3Anormal\u00a0\u00bb titleclr=\u00a0\u00bb#000000&Prime;]Perched on a hill on the western limits of the park, offering arguably the best panoramic views of the entire lake and the surrounding hills.[\/vc_headings][vc_btn title=\u00a0\u00bbVoir l\u2019h\u00e9bergement\u00a0\u00bb style=\u00a0\u00bboutline-custom\u00a0\u00bb outline_custom_color=\u00a0\u00bb#890000&Prime; outline_custom_hover_background=\u00a0\u00bb#890000&Prime; outline_custom_hover_text=\u00a0\u00bb#ffffff\u00a0\u00bb shape=\u00a0\u00bbsquare\u00a0\u00bb size=\u00a0\u00bbsm\u00a0\u00bb i_icon_fontawesome=\u00a0\u00bbfas fa-angle-right\u00a0\u00bb add_icon=\u00a0\u00bbtrue\u00a0\u00bb css=\u00a0\u00bb.vc_custom_1767787563386{padding-top: 10px !important;padding-right: 10px !important;padding-bottom: 10px !important;}\u00a0\u00bb link=\u00a0\u00bburl:https%3A%2F%2Fsopalodges.com%2Flake-nakuru-sopa-lodge%2Fthe-lodge%3Fad%3DsemD%26an%3Dmsn_s%26am%3Dexact%26q%3DLake%2BNakuru%2BLodge%26o%3D29590%26qsrc%3D999%26l%3Dsem%26askid%3Df321e61a-ec5b-4ed5-998a-c6ce0df62f0b-0-ab_mse%3Fad%3DsemD%26an%3Dmsn_s%26am%3Dexact%26q%3DLake%2BNakuru%2BLodge%26o%3D29590%26qsrc%3D999%26l%3Dsem%26askid%3Df321e61a-ec5b-4ed5-998a-c6ce0df62f0b-0-ab_mse%3Fattempt%3D1%26page_uuid%3D51d9ab4c-aa3d-42b0-b0d8-5d2df7f41d0e%26time%3D1534941001%26token%3D1f6889953f05f84866ec00a1cd8dcbdf6c72c1937588d8a05d67ca0ed9249c50%3Fad%3DsemD%26an%3Dmsn_s%26am%3Dexact%26q%3DLake%2BNakuru%2BLodge%26o%3D29590%26qsrc%3D999%26l%3Dsem%26askid%3Df321e61a-ec5b-4ed5-998a-c6ce0df62f0b-0-ab_mse%3Fad%3DsemD%26an%3Dmsn_s%26am%3Dexact%26q%3DLake%2BNakuru%2BLodge%26o%3D29590%26qsrc%3D999%26l%3Dsem%26askid%3Df321e61a-ec5b-4ed5-998a-c6ce0df62f0b-0-ab_mse%3Fattempt%3D1%26page_uuid%3D51d9ab4c-aa3d-42b0-b0d8-5d2df7f41d0e%26time%3D1534941001%26token%3D1f6889953f05f84866ec00a1cd8dcbdf6c72c1937588d8a05d67ca0ed9249c50%3Fattempt%3D1%26page_uuid%3D51d9ab4c-aa3d-42b0-b0d8-5d2df7f41d0e%26time%3D1534941001%26token%3D1f6889953f05f84866ec00a1cd8dcbdf6c72c1937588d8a05d67ca0ed9249c50%3Fattempt%3D1%26page_uuid%3D51d9ab4c-aa3d-42b0-b0d8-5d2df7f41d0e%26time%3D1534941001%26token%3D1f6889953f05f84866ec00a1cd8dcbdf6c72c1937588d8a05d67ca0ed9249c50|\u00a0\u00bb][\/vc_column_inner][\/vc_row_inner][vc_row_inner css=\u00a0\u00bb.vc_custom_1767786578236{padding-top: 10px !important;padding-right: 10px !important;padding-bottom: 10px !important;}\u00a0\u00bb][vc_column_inner el_class=\u00a0\u00bbcustom-height\u00a0\u00bb offset=\u00a0\u00bbvc_hidden-lg\u00a0\u00bb][vc_headings style=\u00a0\u00bbtheme2&Prime; borderclr=\u00a0\u00bb#890000&Prime; title=\u00a0\u00bbThe Cliff\u00a0\u00bb align=\u00a0\u00bbleft\u00a0\u00bb google_fonts=\u00a0\u00bbfont_family:Quicksand%3A300%2Cregular%2C700|font_style:400%20regular%3A400%3Anormal\u00a0\u00bb titleclr=\u00a0\u00bb#000000&Prime;]A high-end boutique \u00ab\u00a0tented\u00a0\u00bb camp perched on the edge of a cliff, combining the luxury of a 5-star hotel with the intimacy of a tented safari.[\/vc_headings][vc_btn title=\u00a0\u00bbVoir l\u2019h\u00e9bergement\u00a0\u00bb style=\u00a0\u00bboutline-custom\u00a0\u00bb outline_custom_color=\u00a0\u00bb#890000&Prime; outline_custom_hover_background=\u00a0\u00bb#890000&Prime; outline_custom_hover_text=\u00a0\u00bb#ffffff\u00a0\u00bb shape=\u00a0\u00bbsquare\u00a0\u00bb size=\u00a0\u00bbsm\u00a0\u00bb i_icon_fontawesome=\u00a0\u00bbfas fa-angle-right\u00a0\u00bb add_icon=\u00a0\u00bbtrue\u00a0\u00bb css=\u00a0\u00bb.vc_custom_1767787622263{padding-top: 10px !important;padding-right: 10px !important;padding-bottom: 10px !important;}\u00a0\u00bb link=\u00a0\u00bburl:https%3A%2F%2Fthecliffkenya.com%2F|\u00a0\u00bb][\/vc_column_inner][\/vc_row_inner][vc_row_inner css=\u00a0\u00bb.vc_custom_1767786578236{padding-top: 10px !important;padding-right: 10px !important;padding-bottom: 10px !important;}\u00a0\u00bb][vc_column_inner el_class=\u00a0\u00bbcustom-height\u00a0\u00bb offset=\u00a0\u00bbvc_hidden-lg\u00a0\u00bb][vc_headings style=\u00a0\u00bbtheme2&Prime; borderclr=\u00a0\u00bb#890000&Prime; title=\u00a0\u00bbLake Nakuru Lodge\u00a0\u00bb align=\u00a0\u00bbleft\u00a0\u00bb google_fonts=\u00a0\u00bbfont_family:Quicksand%3A300%2Cregular%2C700|font_style:400%20regular%3A400%3Anormal\u00a0\u00bb titleclr=\u00a0\u00bb#000000&Prime;]Situated in the south-east of the park, this eco-lodge offers great views of the flamingos and features a popular watering hole that attracts wildlife at night.[\/vc_headings][vc_btn title=\u00a0\u00bbVoir l\u2019h\u00e9bergement\u00a0\u00bb style=\u00a0\u00bboutline-custom\u00a0\u00bb outline_custom_color=\u00a0\u00bb#890000&Prime; outline_custom_hover_background=\u00a0\u00bb#890000&Prime; outline_custom_hover_text=\u00a0\u00bb#ffffff\u00a0\u00bb shape=\u00a0\u00bbsquare\u00a0\u00bb size=\u00a0\u00bbsm\u00a0\u00bb i_icon_fontawesome=\u00a0\u00bbfas fa-angle-right\u00a0\u00bb add_icon=\u00a0\u00bbtrue\u00a0\u00bb css=\u00a0\u00bb.vc_custom_1767787695035{padding-top: 10px !important;padding-right: 10px !important;padding-bottom: 10px !important;}\u00a0\u00bb link=\u00a0\u00bburl:https%3A%2F%2Flakenakurulodge.com%2F|\u00a0\u00bb][\/vc_column_inner][\/vc_row_inner][vc_row_inner css=\u00a0\u00bb.vc_custom_1767786578236{padding-top: 10px !important;padding-right: 10px !important;padding-bottom: 10px !important;}\u00a0\u00bb][vc_column_inner el_class=\u00a0\u00bbcustom-height\u00a0\u00bb offset=\u00a0\u00bbvc_hidden-lg\u00a0\u00bb][vc_headings style=\u00a0\u00bbtheme2&Prime; borderclr=\u00a0\u00bb#890000&Prime; title=\u00a0\u00bbZiwa Bush Lodge\u00a0\u00bb align=\u00a0\u00bbleft\u00a0\u00bb google_fonts=\u00a0\u00bbfont_family:Quicksand%3A300%2Cregular%2C700|font_style:400%20regular%3A400%3Anormal\u00a0\u00bb titleclr=\u00a0\u00bb#000000&Prime;]Located just outside the park, this lodge offers a quiet, boutique experience with traditional African-style huts and excellent dining.[\/vc_headings][vc_btn title=\u00a0\u00bbVoir l\u2019h\u00e9bergement\u00a0\u00bb style=\u00a0\u00bboutline-custom\u00a0\u00bb outline_custom_color=\u00a0\u00bb#890000&Prime; outline_custom_hover_background=\u00a0\u00bb#890000&Prime; outline_custom_hover_text=\u00a0\u00bb#ffffff\u00a0\u00bb shape=\u00a0\u00bbsquare\u00a0\u00bb size=\u00a0\u00bbsm\u00a0\u00bb i_icon_fontawesome=\u00a0\u00bbfas fa-angle-right\u00a0\u00bb add_icon=\u00a0\u00bbtrue\u00a0\u00bb css=\u00a0\u00bb.vc_custom_1767787751931{padding-top: 10px !important;padding-right: 10px !important;padding-bottom: 10px !important;}\u00a0\u00bb link=\u00a0\u00bburl:https%3A%2F%2Fwww.ziwalodge.com%2F|\u00a0\u00bb][\/vc_column_inner][\/vc_row_inner][\/vc_tta_section][vc_tta_section title=\u00a0\u00bbActivit\u00e9s\u00a0\u00bb tab_id=\u00a0\u00bb1767601538075-7b6924d3-776e\u00a0\u00bb][info_list_father listclr=\u00a0\u00bb#f8f8f8&Prime;][info_list_son style=\u00a0\u00bbicon\u00a0\u00bb size=\u00a0\u00bb0&Prime; width=\u00a0\u00bb0&Prime; height=\u00a0\u00bb0&Prime; titleclr=\u00a0\u00bb#f8f8f8&Prime; iconclr=\u00a0\u00bb#f8f8f8&Prime; borderclr=\u00a0\u00bb#f8f8f8&Prime; caption_url=\u00a0\u00bb\u00a0\u00bb]\n<ol>\n<li>\n<p data-path-to-node=\"16,0,0\"><strong>Cherchez les \u00ab Big Four \u00bb<\/strong> <b data-path-to-node=\"16,0,0\" data-index-in-node=\"0\">:<\/b> Rejoignez nos guides experts dans un safari 4&#215;4 pour suivre lions, l\u00e9opards, bisons et rhinoc\u00e9ros. (Note : Il n\u2019y a pas d\u2019\u00e9l\u00e9phants \u00e0 Nakuru en raison de son statut de sanctuaire cl\u00f4tur\u00e9). <\/p>\n<\/li>\n<li>\n<p data-path-to-node=\"16,1,0\"><strong>Visitez le belv\u00e9d\u00e8re de Baboon Cliff<\/strong> <b data-path-to-node=\"16,1,0\" data-index-in-node=\"0\">:<\/b> Conduisez jusqu\u2019\u00e0 ce point de vue en altitude pour admirer un panorama \u00e0 360 degr\u00e9s sur l\u2019ensemble du lac et du parc en contrebas. C\u2019est l\u2019endroit id\u00e9al pour la photographie de paysage. <\/p>\n<\/li>\n<li>\n<p data-path-to-node=\"16,2,0\"><strong>Randonn\u00e9e jusqu\u2019aux chutes Makalia<\/strong> <b data-path-to-node=\"16,2,0\" data-index-in-node=\"0\">:<\/b> Visitez l\u2019extr\u00e9mit\u00e9 sud du parc pour voir la cascade de Makalia. C\u2019est un endroit paisible pour une promenade guid\u00e9e et un pique-, particuli\u00e8rement beau apr\u00e8s les pluies. <\/p>\n<\/li>\n<li>\n<p data-path-to-node=\"16,3,0\"><strong>Exp\u00e9ditions d\u2019observation des oiseaux<\/strong> <b data-path-to-node=\"16,3,0\" data-index-in-node=\"0\">:<\/b> Passez du temps avec un ornithologue expert pour identifier la vaste diversit\u00e9 d\u2019oiseaux aquatiques et d\u2019esp\u00e8ces foresti\u00e8res qui habitent le parc.<\/p>\n<\/li>\n<li>\n<p data-path-to-node=\"16,4,0\"><strong>Out of Africa<\/strong> <b data-path-to-node=\"16,4,0\" data-index-in-node=\"0\">Lookout :<\/b> Visitez ce site pittoresque (rendu c\u00e9l\u00e8bre par le film) pour admirer le lac sous un angle diff\u00e9rent, souvent entour\u00e9 de troupeaux de z\u00e8bres et de waterbucks en p\u00e2turage.<\/p>\n<\/li>\n<li>\n<p data-path-to-node=\"16,5,0\"><strong>Pique-dans la nature<\/strong> <b data-path-to-node=\"16,5,0\" data-index-in-node=\"0\">:<\/b> Nous pouvons organiser un \u00ab petit-d\u00e9jeuner en brousse \u00bb ou un pique-priv\u00e9 sur l\u2019un des sites d\u00e9sign\u00e9s comme <b data-path-to-node=\"16,5,0\" data-index-in-node=\"115\">le site de pique-Pelican<\/b>, vous permettant de d\u00eener tout en observant les hippopotames au loin.<\/p>\n<\/li>\n<\/ol>\n[\/info_list_son][\/info_list_father][\/vc_tta_section][\/vc_tta_tabs][\/vc_column][\/vc_row]\n","protected":false},"excerpt":{"rendered":"<p>[vc_row full_width=\u00a0\u00bbstretch_row\u00a0\u00bb gap=\u00a0\u00bb1&Prime;][vc_column parallax=\u00a0\u00bbcontent-moving\u00a0\u00bb parallax_image=\u00a0\u00bb42799&Prime; parallax_speed_bg=\u00a0\u00bb1.8&Prime; css=\u00a0\u00bb.vc_custom_1767854553453{padding-top: 80px !important;padding-right: 80px !important;padding-bottom: 80px !important;padding-left: 80px !important;}\u00a0\u00bb][vc_custom_heading text=\u00a0\u00bbParc national du lac Nakuru\u00a0\u00bb font_container=\u00a0\u00bbtag:h1|font_size:32|text_align:left|color:%23ffffff\u00a0\u00bb google_fonts=\u00a0\u00bbfont_family:Quicksand%3A300%2Cregular%2C700|font_style:400%20regular%3A400%3Anormal\u00a0\u00bb el_class=\u00a0\u00bbbanner-txt\u00a0\u00bb][vc_separator color=\u00a0\u00bbcustom\u00a0\u00bb align=\u00a0\u00bbalign_left\u00a0\u00bb border_width=\u00a0\u00bb2&Prime; el_width=\u00a0\u00bb20&Prime; accent_color=\u00a0\u00bb#f8f8f8&Prime;][vc_custom_heading text=\u00a0\u00bbKenya\u00a0\u00bb font_container=\u00a0\u00bbtag:h2|font_size:18|text_align:left|color:%23ffffff\u00a0\u00bb google_fonts=\u00a0\u00bbfont_family:Quicksand%3A300%2Cregular%2C700|font_style:400%20regular%3A400%3Anormal\u00a0\u00bb el_class=\u00a0\u00bbbanner-txt\u00a0\u00bb][\/vc_column][\/vc_row][vc_row][vc_column css=\u00a0\u00bb.vc_custom_1673438873315{border-top-width: 10px !important;border-right-width: 10px !important;border-bottom-width: 10px !important;border-left-width: 10px !important;}\u00a0\u00bb][vc_tta_tabs shape=\u00a0\u00bbsquare\u00a0\u00bb color=\u00a0\u00bbjuicy-pink\u00a0\u00bb alignment=\u00a0\u00bbcenter\u00a0\u00bb active_section=\u00a0\u00bb1&Prime; no_fill_content_area=\u00a0\u00bbtrue\u00a0\u00bb][vc_tta_section title=\u00a0\u00bbAper\u00e7u\u00a0\u00bb tab_id=\u00a0\u00bb1633454673222-3d94f956-010c\u00a0\u00bb][info_list_father listclr=\u00a0\u00bb#f8f8f8&Prime;][info_list_son style=\u00a0\u00bbicon\u00a0\u00bb size=\u00a0\u00bb20&Prime; width=\u00a0\u00bb30&Prime; height=\u00a0\u00bb20&Prime; titleclr=\u00a0\u00bb#890000&Prime; icon=\u00a0\u00bbfas [&hellip;]<\/p>\n","protected":false},"author":2,"featured_media":0,"parent":27931,"menu_order":8,"comment_status":"closed","ping_status":"closed","template":"","meta":{"_themeisle_gutenberg_block_has_review":false,"footnotes":""},"class_list":["post-42723","page","type-page","status-publish","hentry"],"_links":{"self":[{"href":"https:\/\/mufasatoursandtravels.com\/fr\/wp-json\/wp\/v2\/pages\/42723","targetHints":{"allow":["GET"]}}],"collection":[{"href":"https:\/\/mufasatoursandtravels.com\/fr\/wp-json\/wp\/v2\/pages"}],"about":[{"href":"https:\/\/mufasatoursandtravels.com\/fr\/wp-json\/wp\/v2\/types\/page"}],"author":[{"embeddable":true,"href":"https:\/\/mufasatoursandtravels.com\/fr\/wp-json\/wp\/v2\/users\/2"}],"replies":[{"embeddable":true,"href":"https:\/\/mufasatoursandtravels.com\/fr\/wp-json\/wp\/v2\/comments?post=42723"}],"version-history":[{"count":3,"href":"https:\/\/mufasatoursandtravels.com\/fr\/wp-json\/wp\/v2\/pages\/42723\/revisions"}],"predecessor-version":[{"id":42807,"href":"https:\/\/mufasatoursandtravels.com\/fr\/wp-json\/wp\/v2\/pages\/42723\/revisions\/42807"}],"up":[{"embeddable":true,"href":"https:\/\/mufasatoursandtravels.com\/fr\/wp-json\/wp\/v2\/pages\/27931"}],"wp:attachment":[{"href":"https:\/\/mufasatoursandtravels.com\/fr\/wp-json\/wp\/v2\/media?parent=42723"}],"curies":[{"name":"wp","href":"https:\/\/api.w.org\/{rel}","templated":true}]}}