{"id":42821,"date":"2026-01-08T09:41:44","date_gmt":"2026-01-08T06:41:44","guid":{"rendered":"https:\/\/mufasatoursandtravels.com\/destinations\/collines-de-taita\/"},"modified":"2026-01-08T10:01:56","modified_gmt":"2026-01-08T07:01:56","slug":"collines-de-taita","status":"publish","type":"page","link":"https:\/\/mufasatoursandtravels.com\/fr\/destinations\/collines-de-taita\/","title":{"rendered":"Collines de Taita"},"content":{"rendered":"[vc_row full_width=\u00a0\u00bbstretch_row\u00a0\u00bb gap=\u00a0\u00bb1&Prime;][vc_column parallax=\u00a0\u00bbcontent-moving\u00a0\u00bb parallax_image=\u00a0\u00bb7064&Prime; parallax_speed_bg=\u00a0\u00bb1&Prime; css=\u00a0\u00bb.vc_custom_1767854807011{padding-top: 80px !important;padding-right: 80px !important;padding-bottom: 80px !important;padding-left: 80px !important;}\u00a0\u00bb][vc_custom_heading text=\u00a0\u00bbSanctuaire faunique des collines de Taita\u00a0\u00bb font_container=\u00a0\u00bbtag:h1|font_size:32|text_align:left|color:%23ffffff\u00a0\u00bb google_fonts=\u00a0\u00bbfont_family:Quicksand%3A300%2Cregular%2C700|font_style:400%20regular%3A400%3Anormal\u00a0\u00bb el_class=\u00a0\u00bbbanner-txt\u00a0\u00bb][vc_separator color=\u00a0\u00bbcustom\u00a0\u00bb align=\u00a0\u00bbalign_left\u00a0\u00bb border_width=\u00a0\u00bb2&Prime; el_width=\u00a0\u00bb20&Prime; accent_color=\u00a0\u00bb#f8f8f8&Prime;][vc_custom_heading text=\u00a0\u00bbKenya\u00a0\u00bb font_container=\u00a0\u00bbtag:h2|font_size:18|text_align:left|color:%23ffffff\u00a0\u00bb google_fonts=\u00a0\u00bbfont_family:Quicksand%3A300%2Cregular%2C700|font_style:400%20regular%3A400%3Anormal\u00a0\u00bb el_class=\u00a0\u00bbbanner-txt\u00a0\u00bb][\/vc_column][\/vc_row][vc_row][vc_column css=\u00a0\u00bb.vc_custom_1673438873315{border-top-width: 10px !important;border-right-width: 10px !important;border-bottom-width: 10px !important;border-left-width: 10px !important;}\u00a0\u00bb][vc_tta_tabs shape=\u00a0\u00bbsquare\u00a0\u00bb color=\u00a0\u00bbjuicy-pink\u00a0\u00bb alignment=\u00a0\u00bbcenter\u00a0\u00bb active_section=\u00a0\u00bb1&Prime; no_fill_content_area=\u00a0\u00bbtrue\u00a0\u00bb][vc_tta_section title=\u00a0\u00bbAper\u00e7u\u00a0\u00bb tab_id=\u00a0\u00bb1633454673222-3d94f956-010c\u00a0\u00bb][info_list_father listclr=\u00a0\u00bb#f8f8f8&Prime;][info_list_son style=\u00a0\u00bbicon\u00a0\u00bb size=\u00a0\u00bb20&Prime; width=\u00a0\u00bb30&Prime; height=\u00a0\u00bb20&Prime; titleclr=\u00a0\u00bb#890000&Prime; icon=\u00a0\u00bbfas fa-map-marked\u00a0\u00bb iconclr=\u00a0\u00bb#890000&Prime; iconbg=\u00a0\u00bb#f8f8f8&Prime; borderclr=\u00a0\u00bb#f8f8f8&Prime; title=\u00a0\u00bbEden Between The Tsavos\u00a0\u00bb caption_url=\u00a0\u00bb\u00a0\u00bb]\n<p data-path-to-node=\"5\">Taita Hills Wildlife Sanctuary is a 28,000-acre private conservancy that serves as a vital wildlife corridor between Tsavo East and Tsavo West National Parks. Unlike the vast, rugged plains of the surrounding Tsavo ecosystem, Taita Hills offers a more intimate and verdant landscape characterized by grassy plains, riverine forests, and the dramatic backdrop of the Taita Hills mountains.<\/p>\n[\/info_list_son][info_list_son style=\u00a0\u00bbicon\u00a0\u00bb size=\u00a0\u00bb20&Prime; width=\u00a0\u00bb30&Prime; height=\u00a0\u00bb20&Prime; titleclr=\u00a0\u00bb#890000&Prime; icon=\u00a0\u00bbfas fa-route\u00a0\u00bb iconclr=\u00a0\u00bb#890000&Prime; iconbg=\u00a0\u00bb#f8f8f8&Prime; borderclr=\u00a0\u00bb#f8f8f8&Prime; title=\u00a0\u00bbWhat to expect\u00a0\u00bb caption_url=\u00a0\u00bb\u00a0\u00bb]\n<ol>\n<li>\n<p data-path-to-node=\"6,0,0\"><strong>The Wildlife Corridor<\/strong><b data-path-to-node=\"6,0,0\" data-index-in-node=\"0\">:<\/b> Because it is a private sanctuary, the animal density is high. It is a haven for massive herds of elephants, lions, leopards, cheetahs, and the rare fringe-eared oryx.<\/p>\n<\/li>\n<li>\n<p data-path-to-node=\"6,1,0\"><strong>Birdwatcher\u2019s Haven<\/strong><b data-path-to-node=\"6,1,0\" data-index-in-node=\"0\">:<\/b> With over 300 recorded species, the sanctuary is a vital habitat for both local and migratory birds, including the extremely rare Taita Thrush and Taita White-eye.<\/p>\n<\/li>\n<li>\n<p data-path-to-node=\"6,2,0\"><strong>Exclusive Access<\/strong><b data-path-to-node=\"6,2,0\" data-index-in-node=\"0\">:<\/b> As a private conservancy, Taita Hills offers a more secluded experience with fewer tourist vehicles than the public national parks.<\/p>\n<\/li>\n<\/ol>\n[\/info_list_son][info_list_son style=\u00a0\u00bbicon\u00a0\u00bb size=\u00a0\u00bb20&Prime; width=\u00a0\u00bb30&Prime; height=\u00a0\u00bb20&Prime; titleclr=\u00a0\u00bb#890000&Prime; icon=\u00a0\u00bbfar fa-check-circle\u00a0\u00bb iconclr=\u00a0\u00bb#890000&Prime; iconbg=\u00a0\u00bb#f8f8f8&Prime; borderclr=\u00a0\u00bb#f8f8f8&Prime; title=\u00a0\u00bbSeasonal Overview\u00a0\u00bb caption_url=\u00a0\u00bb\u00a0\u00bb]\n<p data-path-to-node=\"6,2,0\">Animals congregate around the man-made waterholes and salt licks, offering guaranteed sightings.<\/p>\n[\/info_list_son][\/info_list_father][vc_btn title=\u00a0\u00bbObtenez un devis\u00a0\u00bb style=\u00a0\u00bboutline-custom\u00a0\u00bb outline_custom_color=\u00a0\u00bb#890000&Prime; outline_custom_hover_background=\u00a0\u00bb#890000&Prime; outline_custom_hover_text=\u00a0\u00bb#ffffff\u00a0\u00bb shape=\u00a0\u00bbsquare\u00a0\u00bb size=\u00a0\u00bbsm\u00a0\u00bb align=\u00a0\u00bbcenter\u00a0\u00bb i_align=\u00a0\u00bbright\u00a0\u00bb i_icon_fontawesome=\u00a0\u00bbfas fa-angle-right\u00a0\u00bb add_icon=\u00a0\u00bbtrue\u00a0\u00bb link=\u00a0\u00bburl:https%3A%2F%2Fmufasatoursandtravels.com%2Ffr%2Fdemander-un-devis%2F|title:Demander%20un%20devis|\u00a0\u00bb][\/vc_tta_section][vc_tta_section title=\u00a0\u00bbH\u00e9bergement\u00a0\u00bb tab_id=\u00a0\u00bb1633455601016-f93699bc-5d92&Prime;][vc_row_inner css=\u00a0\u00bb.vc_custom_1767855069474{padding: 10px !important;}\u00a0\u00bb][vc_column_inner el_class=\u00a0\u00bbcustom-height\u00a0\u00bb offset=\u00a0\u00bbvc_hidden-md vc_hidden-sm vc_hidden-xs\u00a0\u00bb][ucaddon_uc_side_carousel_content image=\u00a0\u00bb42828&Prime; title=\u00a0\u00bbSaltlick Safari Lodge\u00a0\u00bb btn_text=\u00a0\u00bbView Accomodation\u00a0\u00bb link=\u00a0\u00bbhttps:\/\/saltlicksafarilodge.com\/\u00a0\u00bb uc_init_settings=\u00a0\u00bb\u00a0\u00bb uc_fonts_data=\u00a0\u00bbJTdCJTdE\u00a0\u00bb]QXJndWFibHklMjBvbmUlMjBvZiUyMHRoZSUyMG1vc3QlMjBwaG90b2dyYXBoZWQlMjBsb2RnZXMlMjBpbiUyMHRoZSUyMHdvcmxkLiUyMFRoaXMlMjBsdXh1cnklMjBsb2RnZSUyMGNvbnNpc3RzJTIwb2YlMjBjaXJjdWxhciUyMHJvb21zJTIwcGVyY2hlZCUyMG9uJTIwaGlnaCUyMHN0aWx0cyUyMGNvbm5lY3RlZCUyMGJ5JTIwZWxldmF0ZWQlMjB3YWxrd2F5cy4lMjBJdCUyMG92ZXJsb29rcyUyMGElMjBzZXJpZXMlMjBvZiUyMHdhdGVyaG9sZXMlMjBhbmQlMjBzYWx0JTIwbGlja3MlMjB0aGF0JTIwYXR0cmFjdCUyMHdpbGRsaWZlJTIwMjQlMkY3LiUyMFlvdSUyMGNhbiUyMGxpdGVyYWxseSUyMHdhdGNoJTIwZWxlcGhhbnRzJTIwd2FsayUyMGJlbmVhdGglMjB5b3VyJTIwcm9vbSUyMQ==[\/ucaddon_uc_side_carousel_content][\/vc_column_inner][\/vc_row_inner][vc_row_inner css=\u00a0\u00bb.vc_custom_1767855069474{padding: 10px !important;}\u00a0\u00bb][vc_column_inner el_class=\u00a0\u00bbcustom-height\u00a0\u00bb offset=\u00a0\u00bbvc_hidden-md vc_hidden-sm vc_hidden-xs\u00a0\u00bb][ucaddon_uc_side_carousel_content image=\u00a0\u00bb42834&Prime; title=\u00a0\u00bbTaita Hills Safari Resort &amp; Spa\u00a0\u00bb btn_text=\u00a0\u00bbView Accomodation\u00a0\u00bb link=\u00a0\u00bbhttps:\/\/taitahillssafariresort.com\/\u00a0\u00bb uc_init_settings=\u00a0\u00bb\u00a0\u00bb uc_fonts_data=\u00a0\u00bbJTdCJTdE\u00a0\u00bb]TG9jYXRlZCUyMGF0JTIwdGhlJTIwbWFpbiUyMGVudHJhbmNlJTIwdG8lMjB0aGUlMjBzYW5jdHVhcnklMkMlMjB0aGlzJTIwc3RvbmUtYnVpbHQlMjByZXNvcnQlMjByZXNlbWJsZXMlMjBhJTIwR2VybWFuJTIwZm9ydHJlc3MuJTIwSXQlMjBvZmZlcnMlMjBleHBhbnNpdmUlMjBnYXJkZW5zJTJDJTIwYSUyMGxhcmdlJTIwc3dpbW1pbmclMjBwb29sJTJDJTIwYW5kJTIwYSUyMG11c2V1bSUyMGRpc3BsYXlpbmclMjBhcnRpZmFjdHMlMjBmcm9tJTIwV29ybGQlMjBXYXIlMjBJ[\/ucaddon_uc_side_carousel_content][\/vc_column_inner][\/vc_row_inner][vc_row_inner css=\u00a0\u00bb.vc_custom_1767855069474{padding: 10px !important;}\u00a0\u00bb][vc_column_inner el_class=\u00a0\u00bbcustom-height\u00a0\u00bb offset=\u00a0\u00bbvc_hidden-lg\u00a0\u00bb][vc_headings style=\u00a0\u00bbtheme2&Prime; borderclr=\u00a0\u00bb#890000&Prime; title=\u00a0\u00bbSaltlick Safari Lodge\u00a0\u00bb align=\u00a0\u00bbleft\u00a0\u00bb google_fonts=\u00a0\u00bbfont_family:Quicksand%3A300%2Cregular%2C700|font_style:400%20regular%3A400%3Anormal\u00a0\u00bb titleclr=\u00a0\u00bb#000000&Prime; caption_url=\u00a0\u00bb\u00a0\u00bb caption_urls=\u00a0\u00bb\u00a0\u00bb caption_urlss=\u00a0\u00bb\u00a0\u00bb caption_urldesc=\u00a0\u00bb\u00a0\u00bb]Arguably one of the most photographed lodges in the world. This luxury lodge consists of circular rooms perched on high stilts connected by elevated walkways. It overlooks a series of waterholes and salt licks that attract wildlife 24\/7. You can literally watch elephants walk beneath your room![\/vc_headings][vc_btn title=\u00a0\u00bbVoir l\u2019h\u00e9bergement\u00a0\u00bb style=\u00a0\u00bboutline-custom\u00a0\u00bb outline_custom_color=\u00a0\u00bb#890000&Prime; outline_custom_hover_background=\u00a0\u00bb#890000&Prime; outline_custom_hover_text=\u00a0\u00bb#ffffff\u00a0\u00bb shape=\u00a0\u00bbsquare\u00a0\u00bb size=\u00a0\u00bbsm\u00a0\u00bb i_align=\u00a0\u00bbright\u00a0\u00bb i_icon_fontawesome=\u00a0\u00bbfas fa-angle-right\u00a0\u00bb add_icon=\u00a0\u00bbtrue\u00a0\u00bb css=\u00a0\u00bb.vc_custom_1767855629598{padding-top: 10px !important;padding-right: 10px !important;padding-bottom: 10px !important;}\u00a0\u00bb link=\u00a0\u00bburl:https%3A%2F%2Fsaltlicksafarilodge.com%2F|\u00a0\u00bb][\/vc_column_inner][\/vc_row_inner][vc_row_inner css=\u00a0\u00bb.vc_custom_1767855069474{padding: 10px !important;}\u00a0\u00bb][vc_column_inner el_class=\u00a0\u00bbcustom-height\u00a0\u00bb offset=\u00a0\u00bbvc_hidden-lg\u00a0\u00bb][vc_headings style=\u00a0\u00bbtheme2&Prime; borderclr=\u00a0\u00bb#890000&Prime; title=\u00a0\u00bbTaita Hills Safari Resort &#038; Spa\u00a0\u00bb align=\u00a0\u00bbleft\u00a0\u00bb google_fonts=\u00a0\u00bbfont_family:Quicksand%3A300%2Cregular%2C700|font_style:400%20regular%3A400%3Anormal\u00a0\u00bb titleclr=\u00a0\u00bb#000000&Prime; caption_url=\u00a0\u00bb\u00a0\u00bb caption_urls=\u00a0\u00bb\u00a0\u00bb caption_urlss=\u00a0\u00bb\u00a0\u00bb caption_urldesc=\u00a0\u00bb\u00a0\u00bb]Located at the main entrance to the sanctuary, this stone-built resort resembles a German fortress. It offers expansive gardens, a large swimming pool, and a museum displaying artifacts from World War I[\/vc_headings][vc_btn title=\u00a0\u00bbVoir l\u2019h\u00e9bergement\u00a0\u00bb style=\u00a0\u00bboutline-custom\u00a0\u00bb outline_custom_color=\u00a0\u00bb#890000&Prime; outline_custom_hover_background=\u00a0\u00bb#890000&Prime; outline_custom_hover_text=\u00a0\u00bb#ffffff\u00a0\u00bb shape=\u00a0\u00bbsquare\u00a0\u00bb size=\u00a0\u00bbsm\u00a0\u00bb i_align=\u00a0\u00bbright\u00a0\u00bb i_icon_fontawesome=\u00a0\u00bbfas fa-angle-right\u00a0\u00bb add_icon=\u00a0\u00bbtrue\u00a0\u00bb css=\u00a0\u00bb.vc_custom_1767855822290{padding-top: 10px !important;padding-right: 10px !important;padding-bottom: 10px !important;}\u00a0\u00bb link=\u00a0\u00bburl:https%3A%2F%2Ftaitahillssafariresort.com%2F|\u00a0\u00bb][\/vc_column_inner][\/vc_row_inner][\/vc_tta_section][vc_tta_section title=\u00a0\u00bbActivit\u00e9s\u00a0\u00bb tab_id=\u00a0\u00bb1767601538075-7b6924d3-776e\u00a0\u00bb][info_list_father listclr=\u00a0\u00bb#f8f8f8&Prime;][info_list_son style=\u00a0\u00bbicon\u00a0\u00bb size=\u00a0\u00bb0&Prime; width=\u00a0\u00bb0&Prime; height=\u00a0\u00bb0&Prime; titleclr=\u00a0\u00bb#f8f8f8&Prime; iconclr=\u00a0\u00bb#f8f8f8&Prime; borderclr=\u00a0\u00bb#f8f8f8&Prime; caption_url=\u00a0\u00bb\u00a0\u00bb]\n<ol>\n<li>\n<p data-path-to-node=\"16,0,0\"><strong>Safaris<\/strong> <b data-path-to-node=\"16,0,0\" data-index-in-node=\"0\">nocturnes :<\/b> D\u00e9couvrez l\u2019excitation de la brousse africaine apr\u00e8s la tomb\u00e9e de la nuit. \u00c0 l\u2019aide de projecteurs filtr\u00e9s, nos guides suivent les chasseurs nocturnes comme les l\u00e9opards, les hy\u00e8nes et le malaireau miel insaisissable. <\/p>\n<\/li>\n<li>\n<p data-path-to-node=\"16,1,0\"><strong>Photographie de \u00ab se cacher \u00bb de la faune<\/strong> <b data-path-to-node=\"16,1,0\" data-index-in-node=\"0\">:<\/b> Passez du temps dans le tunnel souterrain du Salt Lick Safari Lodge. Cette \u00ab cachette \u00bb vous place au niveau du sol avec les animaux, permettant des photographies rapproch\u00e9es de classe mondiale de la faune buvant pr\u00e8s du point d\u2019eau. <\/p>\n<\/li>\n<li>\n<p data-path-to-node=\"16,2,0\"><strong>Visites guid\u00e9es sur les champs de bataille de la Premi\u00e8re Guerre mondiale<\/strong> <b data-path-to-node=\"16,2,0\" data-index-in-node=\"0\">:<\/b> Pour les passionn\u00e9s d\u2019histoire, le sanctuaire et les collines environnantes abritent des sites importants de la Premi\u00e8re Guerre mondiale o\u00f9 les forces britanniques et allemandes se sont affront\u00e9es. Nous pouvons organiser des visites guid\u00e9es des forts et des postes de tireurs d\u2019\u00e9lite. <\/p>\n<\/li>\n<li>\n<p data-path-to-node=\"16,3,0\"><strong>Promenades guid\u00e9es en nature<\/strong> <b data-path-to-node=\"16,3,0\" data-index-in-node=\"0\">:<\/b> Explorez \u00e0 pied les petits d\u00e9tails du buisson. Accompagn\u00e9 d\u2019un garde forestier du sanctuaire, vous apprendrez le pistage des animaux, les plantes indig\u00e8nes et la vie aviaire vibrante de l\u2019\u00e9cosyst\u00e8me Taita. <\/p>\n<\/li>\n<li>\n<p data-path-to-node=\"16,4,0\"><strong>Petits-d\u00e9jeuners dans la brousse et couchers<\/strong> <b data-path-to-node=\"16,4,0\" data-index-in-node=\"0\">de soleil :<\/b> Profitez d\u2019un repas priv\u00e9 au c\u0153ur de la nature. Nous installons des couchers de soleil sur des cr\u00eates pittoresques o\u00f9 l\u2019on peut regarder le soleil se coucher derri\u00e8re les collines de Taita, un verre \u00e0 la main. <\/p>\n<\/li>\n<li>\n<p data-path-to-node=\"16,5,0\"><strong>Visitez la communaut\u00e9 de Taita Hills<\/strong> <b data-path-to-node=\"16,5,0\" data-index-in-node=\"0\">:<\/b> Engagez-vous avec les habitants locaux de Taita. D\u00e9couvrez leur culture unique, l\u2019agriculture des hautes terres et comment ils b\u00e9n\u00e9ficient des efforts de conservation du sanctuaire. <\/p>\n<\/li>\n<\/ol>\n[\/info_list_son][\/info_list_father][\/vc_tta_section][\/vc_tta_tabs][\/vc_column][\/vc_row]\n","protected":false},"excerpt":{"rendered":"<p>[vc_row full_width=\u00a0\u00bbstretch_row\u00a0\u00bb gap=\u00a0\u00bb1&Prime;][vc_column parallax=\u00a0\u00bbcontent-moving\u00a0\u00bb parallax_image=\u00a0\u00bb7064&Prime; parallax_speed_bg=\u00a0\u00bb1&Prime; css=\u00a0\u00bb.vc_custom_1767854807011{padding-top: 80px !important;padding-right: 80px !important;padding-bottom: 80px !important;padding-left: 80px !important;}\u00a0\u00bb][vc_custom_heading text=\u00a0\u00bbSanctuaire faunique des collines de Taita\u00a0\u00bb font_container=\u00a0\u00bbtag:h1|font_size:32|text_align:left|color:%23ffffff\u00a0\u00bb google_fonts=\u00a0\u00bbfont_family:Quicksand%3A300%2Cregular%2C700|font_style:400%20regular%3A400%3Anormal\u00a0\u00bb el_class=\u00a0\u00bbbanner-txt\u00a0\u00bb][vc_separator color=\u00a0\u00bbcustom\u00a0\u00bb align=\u00a0\u00bbalign_left\u00a0\u00bb border_width=\u00a0\u00bb2&Prime; el_width=\u00a0\u00bb20&Prime; accent_color=\u00a0\u00bb#f8f8f8&Prime;][vc_custom_heading text=\u00a0\u00bbKenya\u00a0\u00bb font_container=\u00a0\u00bbtag:h2|font_size:18|text_align:left|color:%23ffffff\u00a0\u00bb google_fonts=\u00a0\u00bbfont_family:Quicksand%3A300%2Cregular%2C700|font_style:400%20regular%3A400%3Anormal\u00a0\u00bb el_class=\u00a0\u00bbbanner-txt\u00a0\u00bb][\/vc_column][\/vc_row][vc_row][vc_column css=\u00a0\u00bb.vc_custom_1673438873315{border-top-width: 10px !important;border-right-width: 10px !important;border-bottom-width: 10px !important;border-left-width: 10px !important;}\u00a0\u00bb][vc_tta_tabs shape=\u00a0\u00bbsquare\u00a0\u00bb color=\u00a0\u00bbjuicy-pink\u00a0\u00bb alignment=\u00a0\u00bbcenter\u00a0\u00bb active_section=\u00a0\u00bb1&Prime; no_fill_content_area=\u00a0\u00bbtrue\u00a0\u00bb][vc_tta_section title=\u00a0\u00bbAper\u00e7u\u00a0\u00bb tab_id=\u00a0\u00bb1633454673222-3d94f956-010c\u00a0\u00bb][info_list_father listclr=\u00a0\u00bb#f8f8f8&Prime;][info_list_son style=\u00a0\u00bbicon\u00a0\u00bb size=\u00a0\u00bb20&Prime; width=\u00a0\u00bb30&Prime; height=\u00a0\u00bb20&Prime; titleclr=\u00a0\u00bb#890000&Prime; [&hellip;]<\/p>\n","protected":false},"author":2,"featured_media":0,"parent":27931,"menu_order":9,"comment_status":"closed","ping_status":"closed","template":"","meta":{"_themeisle_gutenberg_block_has_review":false,"footnotes":""},"class_list":["post-42821","page","type-page","status-publish","hentry"],"_links":{"self":[{"href":"https:\/\/mufasatoursandtravels.com\/fr\/wp-json\/wp\/v2\/pages\/42821","targetHints":{"allow":["GET"]}}],"collection":[{"href":"https:\/\/mufasatoursandtravels.com\/fr\/wp-json\/wp\/v2\/pages"}],"about":[{"href":"https:\/\/mufasatoursandtravels.com\/fr\/wp-json\/wp\/v2\/types\/page"}],"author":[{"embeddable":true,"href":"https:\/\/mufasatoursandtravels.com\/fr\/wp-json\/wp\/v2\/users\/2"}],"replies":[{"embeddable":true,"href":"https:\/\/mufasatoursandtravels.com\/fr\/wp-json\/wp\/v2\/comments?post=42821"}],"version-history":[{"count":6,"href":"https:\/\/mufasatoursandtravels.com\/fr\/wp-json\/wp\/v2\/pages\/42821\/revisions"}],"predecessor-version":[{"id":42846,"href":"https:\/\/mufasatoursandtravels.com\/fr\/wp-json\/wp\/v2\/pages\/42821\/revisions\/42846"}],"up":[{"embeddable":true,"href":"https:\/\/mufasatoursandtravels.com\/fr\/wp-json\/wp\/v2\/pages\/27931"}],"wp:attachment":[{"href":"https:\/\/mufasatoursandtravels.com\/fr\/wp-json\/wp\/v2\/media?parent=42821"}],"curies":[{"name":"wp","href":"https:\/\/api.w.org\/{rel}","templated":true}]}}