{"id":42915,"date":"2026-01-08T12:43:19","date_gmt":"2026-01-08T09:43:19","guid":{"rendered":"https:\/\/mufasatoursandtravels.com\/destinations\/reserve-de-loisaba-2\/"},"modified":"2026-01-08T13:20:49","modified_gmt":"2026-01-08T10:20:49","slug":"reserve-de-loisaba-2","status":"publish","type":"page","link":"https:\/\/mufasatoursandtravels.com\/fr\/destinations\/reserve-de-loisaba-2\/","title":{"rendered":"R\u00e9serve de Loisaba"},"content":{"rendered":"[vc_row full_width=\u00a0\u00bbstretch_row\u00a0\u00bb gap=\u00a0\u00bb1&Prime;][vc_column parallax=\u00a0\u00bbcontent-moving\u00a0\u00bb parallax_image=\u00a0\u00bb9755&Prime; parallax_speed_bg=\u00a0\u00bb1&Prime; css=\u00a0\u00bb.vc_custom_1767865808068{padding-top: 80px !important;padding-right: 80px !important;padding-bottom: 80px !important;padding-left: 80px !important;}\u00a0\u00bb][vc_custom_heading text=\u00a0\u00bbR\u00e9serve de Loisaba\u00a0\u00bb font_container=\u00a0\u00bbtag:h1|font_size:32|text_align:left|color:%23ffffff\u00a0\u00bb google_fonts=\u00a0\u00bbfont_family:Quicksand%3A300%2Cregular%2C700|font_style:400%20regular%3A400%3Anormal\u00a0\u00bb el_class=\u00a0\u00bbbanner-txt\u00a0\u00bb][vc_separator color=\u00a0\u00bbcustom\u00a0\u00bb align=\u00a0\u00bbalign_left\u00a0\u00bb border_width=\u00a0\u00bb2&Prime; el_width=\u00a0\u00bb20&Prime; accent_color=\u00a0\u00bb#f8f8f8&Prime;][vc_custom_heading text=\u00a0\u00bbKenya\u00a0\u00bb font_container=\u00a0\u00bbtag:h2|font_size:18|text_align:left|color:%23ffffff\u00a0\u00bb google_fonts=\u00a0\u00bbfont_family:Quicksand%3A300%2Cregular%2C700|font_style:400%20regular%3A400%3Anormal\u00a0\u00bb el_class=\u00a0\u00bbbanner-txt\u00a0\u00bb][\/vc_column][\/vc_row][vc_row][vc_column css=\u00a0\u00bb.vc_custom_1673438873315{border-top-width: 10px !important;border-right-width: 10px !important;border-bottom-width: 10px !important;border-left-width: 10px !important;}\u00a0\u00bb][vc_tta_tabs shape=\u00a0\u00bbsquare\u00a0\u00bb color=\u00a0\u00bbjuicy-pink\u00a0\u00bb alignment=\u00a0\u00bbcenter\u00a0\u00bb active_section=\u00a0\u00bb1&Prime; no_fill_content_area=\u00a0\u00bbtrue\u00a0\u00bb][vc_tta_section title=\u00a0\u00bbAper\u00e7u\u00a0\u00bb tab_id=\u00a0\u00bb1633454673222-3d94f956-010c\u00a0\u00bb][info_list_father listclr=\u00a0\u00bb#f8f8f8&Prime;][info_list_son style=\u00a0\u00bbicon\u00a0\u00bb size=\u00a0\u00bb20&Prime; width=\u00a0\u00bb30&Prime; height=\u00a0\u00bb20&Prime; titleclr=\u00a0\u00bb#890000&Prime; icon=\u00a0\u00bbfas fa-map-marked\u00a0\u00bb iconclr=\u00a0\u00bb#890000&Prime; iconbg=\u00a0\u00bb#f8f8f8&Prime; borderclr=\u00a0\u00bb#f8f8f8&Prime; title=\u00a0\u00bbA Gateway to the Northern Frontier\u00a0\u00bb caption_url=\u00a0\u00bb\u00a0\u00bb]\n<p data-path-to-node=\"5\">Loisaba Conservancy is a 57,000-acre private sanctuary in Northern Laikipia that serves as a vital corridor for the Great Northern Migration. Far from the crowded safari circuits, Loisaba offers a landscape of sweeping plateaus, deep river valleys, and spectacular views of Mount Kenya. It is a world-renowned success story where wildlife conservation and community development work hand-in-hand.<\/p>\n[\/info_list_son][info_list_son style=\u00a0\u00bbicon\u00a0\u00bb size=\u00a0\u00bb20&Prime; width=\u00a0\u00bb30&Prime; height=\u00a0\u00bb20&Prime; titleclr=\u00a0\u00bb#890000&Prime; icon=\u00a0\u00bbfas fa-route\u00a0\u00bb iconclr=\u00a0\u00bb#890000&Prime; iconbg=\u00a0\u00bb#f8f8f8&Prime; borderclr=\u00a0\u00bb#f8f8f8&Prime; title=\u00a0\u00bbWhat to expect\u00a0\u00bb caption_url=\u00a0\u00bb\u00a0\u00bb]\n<ol>\n<li>\n<p data-path-to-node=\"6,0,0\"><strong>Rare Northern Species<\/strong><b data-path-to-node=\"6,0,0\" data-index-in-node=\"0\">:<\/b> Beyond the \u00ab\u00a0Big Five,\u00a0\u00bb Loisaba is one of the best places to see the \u00ab\u00a0Northern Specials\u00a0\u00bb\u2014the Reticulated Giraffe, Grevy\u2019s Zebra, Somali Ostrich, and the Beisa Oryx.<\/p>\n<\/li>\n<li>\n<p data-path-to-node=\"6,1,0\"><strong>The Predator Capital<\/strong><b data-path-to-node=\"6,1,0\" data-index-in-node=\"0\">:<\/b> Loisaba has a thriving population of lions and is a critical habitat for the elusive leopard and the endangered African Wild Dog.<\/p>\n<\/li>\n<li>\n<p data-path-to-node=\"6,2,0\"><strong>Conservation Hub<\/strong><b data-path-to-node=\"6,2,0\" data-index-in-node=\"0\">:<\/b> Home to the Elewana Loisaba Lab, the conservancy is at the forefront of anti-poaching technology and elephant tracking research.<\/p>\n<\/li>\n<\/ol>\n[\/info_list_son][info_list_son style=\u00a0\u00bbicon\u00a0\u00bb size=\u00a0\u00bb20&Prime; width=\u00a0\u00bb30&Prime; height=\u00a0\u00bb20&Prime; titleclr=\u00a0\u00bb#890000&Prime; icon=\u00a0\u00bbfar fa-check-circle\u00a0\u00bb iconclr=\u00a0\u00bb#890000&Prime; iconbg=\u00a0\u00bb#f8f8f8&Prime; borderclr=\u00a0\u00bb#f8f8f8&Prime; title=\u00a0\u00bbSeasonal Overview\u00a0\u00bb caption_url=\u00a0\u00bb\u00a0\u00bb]\n<p data-path-to-node=\"6,2,0\">All year long its Perfect for birdwatching and enjoying the lush, emerald landscapes with dust-free air for photography.<\/p>\n[\/info_list_son][\/info_list_father][vc_btn title=\u00a0\u00bbObtenez un devis\u00a0\u00bb style=\u00a0\u00bboutline-custom\u00a0\u00bb outline_custom_color=\u00a0\u00bb#890000&Prime; outline_custom_hover_background=\u00a0\u00bb#890000&Prime; outline_custom_hover_text=\u00a0\u00bb#ffffff\u00a0\u00bb shape=\u00a0\u00bbsquare\u00a0\u00bb size=\u00a0\u00bbsm\u00a0\u00bb align=\u00a0\u00bbcenter\u00a0\u00bb i_align=\u00a0\u00bbright\u00a0\u00bb i_icon_fontawesome=\u00a0\u00bbfas fa-angle-right\u00a0\u00bb add_icon=\u00a0\u00bbtrue\u00a0\u00bb link=\u00a0\u00bburl:https%3A%2F%2Fmufasatoursandtravels.com%2Ffr%2Fdemander-un-devis%2F|title:Demander%20un%20devis|\u00a0\u00bb][\/vc_tta_section][vc_tta_section title=\u00a0\u00bbH\u00e9bergement\u00a0\u00bb tab_id=\u00a0\u00bb1633455601016-f93699bc-5d92&Prime;][vc_row_inner css=\u00a0\u00bb.vc_custom_1767866906971{padding: 10px !important;}\u00a0\u00bb][vc_column_inner el_class=\u00a0\u00bbcustom-height\u00a0\u00bb offset=\u00a0\u00bbvc_hidden-md vc_hidden-sm vc_hidden-xs\u00a0\u00bb][ucaddon_uc_side_carousel_content image=\u00a0\u00bb42928&Prime; title=\u00a0\u00bbCamp de tentes de Loisaba\u00a0\u00bb btn_text=\u00a0\u00bbView Accomodation\u00a0\u00bb link=\u00a0\u00bbhttps:\/\/www.elewanacollection.com\/loisaba-tented-camp\/at-a-glance\u00a0\u00bb uc_init_settings=\u00a0\u00bb\u00a0\u00bb uc_fonts_data=\u00a0\u00bbJTdCJTdE\u00a0\u00bb]UGVyY2hlZCUyMG9uJTIwdGhlJTIwZWRnZSUyMG9mJTIwYSUyMDUwMC1mb290JTIwZXNjYXJwbWVudCUyQyUyMHRoaXMlMjBjYW1wJTIwb2ZmZXJzJTIwc29waGlzdGljYXRlZCUyQyUyMGhpZ2gtZW5kJTIwdGVudHMlMjB3aXRoJTIwZmxvb3ItdG8tY2VpbGluZyUyMHdpbmRvd3MlMjBhbmQlMjBhbiUyMGluZmluaXR5JTIwcG9vbCUyMHRoYXQlMjBvdmVybG9va3MlMjB0aGUlMjBMYWlraXBpYSUyMHBsYWlucyUyMGFsbCUyMHRoZSUyMHdheSUyMHRvJTIwTXQuJTIwS2VueWEu[\/ucaddon_uc_side_carousel_content][\/vc_column_inner][\/vc_row_inner][vc_row_inner css=\u00a0\u00bb.vc_custom_1767866906971{padding: 10px !important;}\u00a0\u00bb][vc_column_inner el_class=\u00a0\u00bbcustom-height\u00a0\u00bb offset=\u00a0\u00bbvc_hidden-md vc_hidden-sm vc_hidden-xs\u00a0\u00bb][ucaddon_uc_side_carousel_content image=\u00a0\u00bb42934&Prime; title=\u00a0\u00bbSources de Loisaba Lodo\u00a0\u00bb btn_text=\u00a0\u00bbView Accomodation\u00a0\u00bb link=\u00a0\u00bbhttps:\/\/www.elewanacollection.com\/loisaba-lodo-springs\/at-a-glance\u00a0\u00bb uc_init_settings=\u00a0\u00bb\u00a0\u00bb uc_fonts_data=\u00a0\u00bbJTdCJTdE\u00a0\u00bb]QW4lMjB1bHRyYS1wcml2YXRlJTIwZXhwZXJpZW5jZSUyMGZlYXR1cmluZyUyMGV4cGFuc2l2ZSUyMGluZGl2aWR1YWwlMjB0ZW50ZWQlMjByb29tcyUyMCUyOGVhY2glMjB3aXRoJTIwaXRzJTIwb3duJTIwJTIyR3Vlc3QlMjBBbWJhc3NhZG9yJTIyJTI5LiUyMEl0JTIwb2ZmZXJzJTIwdG90YWwlMjBzZWNsdXNpb24lMjBhbmQlMjBhJTIwcGVyc29uYWxpemVkJTIwc2FmYXJpJTIwcGFjZQ==[\/ucaddon_uc_side_carousel_content][\/vc_column_inner][\/vc_row_inner][vc_row_inner css=\u00a0\u00bb.vc_custom_1767866906971{padding: 10px !important;}\u00a0\u00bb][vc_column_inner el_class=\u00a0\u00bbcustom-height\u00a0\u00bb offset=\u00a0\u00bbvc_hidden-md vc_hidden-sm vc_hidden-xs\u00a0\u00bb][ucaddon_uc_side_carousel_content image=\u00a0\u00bb42940&Prime; title=\u00a0\u00bbLewa Safari Camp\u00a0\u00bb btn_text=\u00a0\u00bbView Accomodation\u00a0\u00bb link=\u00a0\u00bbhttps:\/\/www.elewanacollection.com\/lewa-safari-camp\/at-a-glance\u00a0\u00bb uc_init_settings=\u00a0\u00bb\u00a0\u00bb uc_fonts_data=\u00a0\u00bbJTdCJTdE\u00a0\u00bb]cHJhd2xpbmclMjBvdmVyJTIwdGhlJTIwcm9sbGluZyUyMHBsYWlucyUyMG5vcnRoJTIwb2YlMjBNdCUyMEtlbnlhJTJDJTIwTGV3YSUyMFdpbGRsaWZlJTIwQ29uc2VydmFuY3klMjBpcyUyMGElMjBwcm9saWZpYyUyMHdpbGRsaWZlJTIwY29uc2VydmFuY3klMjB0aGF0JTIwaXMlMjBwb3B1bGFyJTIwd2l0aCUyMGNlbGVicml0aWVzJTJDJTIwY29uc2VydmF0aW9uaXN0cyUyQyUyMHdyaXRlcnMlMjBhbmQlMjBwaG90b2dyYXBoZXJzLiUyMExld2ElMjBmb3VuZCUyMHJlY2VudCUyMG1lZGlhJTIwYXR0ZW50aW9uJTIwd2l0aCUyMHN0b3JpZXMlMjBvZiUyMGElMjBSb3lhbCUyMHJvbWFuY2UlMjBhbmQlMjB0aGUlMjBmYWlyeXRhbGUlMjBlbmdhZ2VtZW50JTIwdGhhdCUyMGZvbGxvd2Vk[\/ucaddon_uc_side_carousel_content][\/vc_column_inner][\/vc_row_inner][vc_row_inner css=\u00a0\u00bb.vc_custom_1767866906971{padding: 10px !important;}\u00a0\u00bb][vc_column_inner el_class=\u00a0\u00bbcustom-height\u00a0\u00bb offset=\u00a0\u00bbvc_hidden-lg\u00a0\u00bb][vc_headings style=\u00a0\u00bbtheme2&Prime; borderclr=\u00a0\u00bb#890000&Prime; title=\u00a0\u00bbLoisaba Tented camp\u00a0\u00bb align=\u00a0\u00bbleft\u00a0\u00bb google_fonts=\u00a0\u00bbfont_family:Quicksand%3A300%2Cregular%2C700|font_style:400%20regular%3A400%3Anormal\u00a0\u00bb titleclr=\u00a0\u00bb#000000&Prime; caption_url=\u00a0\u00bb\u00a0\u00bb caption_urls=\u00a0\u00bb\u00a0\u00bb caption_urlss=\u00a0\u00bb\u00a0\u00bb caption_urldesc=\u00a0\u00bb\u00a0\u00bb]Perched on the edge of a 500-foot escarpment, this camp offers sophisticated, high-end tents with floor-to-ceiling windows and an infinity pool that overlooks the Laikipia plains all the way to Mt. Kenya.[\/vc_headings][vc_btn title=\u00a0\u00bbVoir l\u2019h\u00e9bergement\u00a0\u00bb style=\u00a0\u00bboutline-custom\u00a0\u00bb outline_custom_color=\u00a0\u00bb#890000&Prime; outline_custom_hover_background=\u00a0\u00bb#890000&Prime; outline_custom_hover_text=\u00a0\u00bb#ffffff\u00a0\u00bb shape=\u00a0\u00bbsquare\u00a0\u00bb size=\u00a0\u00bbsm\u00a0\u00bb i_align=\u00a0\u00bbright\u00a0\u00bb i_icon_fontawesome=\u00a0\u00bbfas fa-angle-right\u00a0\u00bb add_icon=\u00a0\u00bbtrue\u00a0\u00bb link=\u00a0\u00bburl:https%3A%2F%2Fwww.elewanacollection.com%2Floisaba-tented-camp%2Fat-a-glance|\u00a0\u00bb css=\u00a0\u00bb.vc_custom_1767867552239{padding-top: 10px !important;padding-right: 10px !important;padding-bottom: 10px !important;}\u00a0\u00bb][\/vc_column_inner][\/vc_row_inner][vc_row_inner css=\u00a0\u00bb.vc_custom_1767866906971{padding: 10px !important;}\u00a0\u00bb][vc_column_inner el_class=\u00a0\u00bbcustom-height\u00a0\u00bb offset=\u00a0\u00bbvc_hidden-lg\u00a0\u00bb][vc_headings style=\u00a0\u00bbtheme2&Prime; borderclr=\u00a0\u00bb#890000&Prime; title=\u00a0\u00bbLoisaba Lodo SPrings\u00a0\u00bb align=\u00a0\u00bbleft\u00a0\u00bb google_fonts=\u00a0\u00bbfont_family:Quicksand%3A300%2Cregular%2C700|font_style:400%20regular%3A400%3Anormal\u00a0\u00bb titleclr=\u00a0\u00bb#000000&Prime; caption_url=\u00a0\u00bb\u00a0\u00bb caption_urls=\u00a0\u00bb\u00a0\u00bb caption_urlss=\u00a0\u00bb\u00a0\u00bb caption_urldesc=\u00a0\u00bb\u00a0\u00bb]An ultra-private experience featuring expansive individual tented rooms (each with its own \u00ab\u00a0Guest Ambassador\u00a0\u00bb). It offers total seclusion and a personalized safari pace.[\/vc_headings][vc_btn title=\u00a0\u00bbVoir l\u2019h\u00e9bergement\u00a0\u00bb style=\u00a0\u00bboutline-custom\u00a0\u00bb outline_custom_color=\u00a0\u00bb#890000&Prime; outline_custom_hover_background=\u00a0\u00bb#890000&Prime; outline_custom_hover_text=\u00a0\u00bb#ffffff\u00a0\u00bb shape=\u00a0\u00bbsquare\u00a0\u00bb size=\u00a0\u00bbsm\u00a0\u00bb i_align=\u00a0\u00bbright\u00a0\u00bb i_icon_fontawesome=\u00a0\u00bbfas fa-angle-right\u00a0\u00bb add_icon=\u00a0\u00bbtrue\u00a0\u00bb link=\u00a0\u00bburl:https%3A%2F%2Fwww.elewanacollection.com%2Floisaba-lodo-springs%2Fat-a-glance|\u00a0\u00bb css=\u00a0\u00bb.vc_custom_1767867627175{padding-top: 10px !important;padding-right: 10px !important;padding-bottom: 10px !important;}\u00a0\u00bb][\/vc_column_inner][\/vc_row_inner][vc_row_inner css=\u00a0\u00bb.vc_custom_1767866906971{padding: 10px !important;}\u00a0\u00bb][vc_column_inner el_class=\u00a0\u00bbcustom-height\u00a0\u00bb offset=\u00a0\u00bbvc_hidden-lg\u00a0\u00bb][vc_headings style=\u00a0\u00bbtheme2&Prime; borderclr=\u00a0\u00bb#890000&Prime; title=\u00a0\u00bbLewa Safari camp\u00a0\u00bb align=\u00a0\u00bbleft\u00a0\u00bb google_fonts=\u00a0\u00bbfont_family:Quicksand%3A300%2Cregular%2C700|font_style:400%20regular%3A400%3Anormal\u00a0\u00bb titleclr=\u00a0\u00bb#000000&Prime; caption_url=\u00a0\u00bb\u00a0\u00bb caption_urls=\u00a0\u00bb\u00a0\u00bb caption_urlss=\u00a0\u00bb\u00a0\u00bb caption_urldesc=\u00a0\u00bb\u00a0\u00bb]prawling over the rolling plains north of Mt Kenya, Lewa Wildlife Conservancy is a prolific wildlife conservancy that is popular with celebrities, conservationists, writers and photographers. Lewa found recent media attention with stories of a Royal romance and the fairytale engagement that followed[\/vc_headings][vc_btn title=\u00a0\u00bbVoir l\u2019h\u00e9bergement\u00a0\u00bb style=\u00a0\u00bboutline-custom\u00a0\u00bb outline_custom_color=\u00a0\u00bb#890000&Prime; outline_custom_hover_background=\u00a0\u00bb#890000&Prime; outline_custom_hover_text=\u00a0\u00bb#ffffff\u00a0\u00bb shape=\u00a0\u00bbsquare\u00a0\u00bb size=\u00a0\u00bbsm\u00a0\u00bb i_align=\u00a0\u00bbright\u00a0\u00bb i_icon_fontawesome=\u00a0\u00bbfas fa-angle-right\u00a0\u00bb add_icon=\u00a0\u00bbtrue\u00a0\u00bb link=\u00a0\u00bburl:https%3A%2F%2Fwww.elewanacollection.com%2Flewa-safari-camp%2Fat-a-glance|\u00a0\u00bb css=\u00a0\u00bb.vc_custom_1767867718537{padding-top: 10px !important;padding-right: 10px !important;padding-bottom: 10px !important;}\u00a0\u00bb][\/vc_column_inner][\/vc_row_inner][\/vc_tta_section][vc_tta_section title=\u00a0\u00bbActivit\u00e9s\u00a0\u00bb tab_id=\u00a0\u00bb1767601538075-7b6924d3-776e\u00a0\u00bb][info_list_father listclr=\u00a0\u00bb#f8f8f8&Prime;][info_list_son style=\u00a0\u00bbicon\u00a0\u00bb size=\u00a0\u00bb0&Prime; width=\u00a0\u00bb0&Prime; height=\u00a0\u00bb0&Prime; titleclr=\u00a0\u00bb#f8f8f8&Prime; iconclr=\u00a0\u00bb#f8f8f8&Prime; borderclr=\u00a0\u00bb#f8f8f8&Prime; caption_url=\u00a0\u00bb\u00a0\u00bb]\n<p data-path-to-node=\"15\">Un terrain de jeu pour l\u2019explorateur moderne Loisaba est c\u00e9l\u00e8bre pour sa philosophie \u00ab sans cl\u00f4ture \u00bb, permettant une incroyable vari\u00e9t\u00e9 d\u2019aventures actives.<\/p>\n<ol start=\"1\" data-path-to-node=\"16\">\n<li>\n<p data-path-to-node=\"16,0,0\"><strong>Voyages guid\u00e9s<\/strong> <b data-path-to-node=\"16,0,0\" data-index-in-node=\"0\">:<\/b> Explorez la vaste r\u00e9serve en v\u00e9hicules 4&#215;4 personnalis\u00e9s. Avec moins de touristes, on aper\u00e7oit souvent des lions ou des chiens sauvages rien que pour soi. <\/p>\n<\/li>\n<li>\n<p data-path-to-node=\"16,1,0\"><strong>Safaris \u00e0 cheval et \u00e0 dos de chameau<\/strong> <b data-path-to-node=\"16,1,0\" data-index-in-node=\"0\">:<\/b> Rapprochez-vous plus que jamais des girafes et des z\u00e8bres. Traverser la brousse \u00e0 cheval ou \u00e0 dos de chameau vous permet de vous fondre silencieusement dans l\u2019environnement. <\/p>\n<\/li>\n<li>\n<p data-path-to-node=\"16,2,0\"><strong><b data-path-to-node=\"16,2,0\" data-index-in-node=\"0\">VTT :<\/b> Pour les voyageurs actifs, nous proposons des excursions guid\u00e9es en VTT \u00e0 travers le plateau \u2014 une fa\u00e7on palpitante d\u2019admirer le paysage et la faune.<\/strong><\/p>\n<\/li>\n<li>\n<p data-path-to-node=\"16,3,0\"><strong>Visites d\u2019unit\u00e9s K9 anti-braconnage<\/strong> <b data-path-to-node=\"16,3,0\" data-index-in-node=\"0\">:<\/b> Rencontrez les chiens de chasse de la conservation et leurs ma\u00eetres. Vous pouvez participer \u00e0 une \u00ab d\u00e9monstration \u00bb pour voir comment ces chiens suivent leurs odeurs afin de prot\u00e9ger les rhinoc\u00e9ros et les \u00e9l\u00e9phants. <\/p>\n<\/li>\n<li>\n<p data-path-to-node=\"16,4,0\"><strong>Promenades guid\u00e9es dans la brousse<\/strong> <b data-path-to-node=\"16,4,0\" data-index-in-node=\"0\">:<\/b> Marchez avec des guides Samburu traditionnels pour apprendre l\u2019art du pistage, les usages m\u00e9dicinaux des plantes locales et les \u00ab Petits Cinq \u00bb du bush.<\/p>\n<\/li>\n<li>\n<p data-path-to-node=\"16,5,0\"><strong>Rafting et p\u00eache<\/strong> <b data-path-to-node=\"16,5,0\" data-index-in-node=\"0\">:<\/b> Pendant les mois les plus humides, les rivi\u00e8res Ewaso Nyiro et Ng\u2019are Narok offrent des opportunit\u00e9s passionnantes de rafting ou de catfishing dans les bassins.<\/p>\n<\/li>\n<li>\n<p data-path-to-node=\"16,6,0\"><strong>Visites culturelles<\/strong> <b data-path-to-node=\"16,6,0\" data-index-in-node=\"0\">:<\/b> Passez du temps avec les communaut\u00e9s Maasai locales Samburu et Laikipiak pour en apprendre davantage sur leur gestion du b\u00e9tail et leur patrimoine culturel dynamique.<\/p>\n<\/li>\n<\/ol>\n[\/info_list_son][\/info_list_father][\/vc_tta_section][\/vc_tta_tabs][\/vc_column][\/vc_row]\n","protected":false},"excerpt":{"rendered":"<p>[vc_row full_width=\u00a0\u00bbstretch_row\u00a0\u00bb gap=\u00a0\u00bb1&Prime;][vc_column parallax=\u00a0\u00bbcontent-moving\u00a0\u00bb parallax_image=\u00a0\u00bb9755&Prime; parallax_speed_bg=\u00a0\u00bb1&Prime; css=\u00a0\u00bb.vc_custom_1767865808068{padding-top: 80px !important;padding-right: 80px !important;padding-bottom: 80px !important;padding-left: 80px !important;}\u00a0\u00bb][vc_custom_heading text=\u00a0\u00bbR\u00e9serve de Loisaba\u00a0\u00bb font_container=\u00a0\u00bbtag:h1|font_size:32|text_align:left|color:%23ffffff\u00a0\u00bb google_fonts=\u00a0\u00bbfont_family:Quicksand%3A300%2Cregular%2C700|font_style:400%20regular%3A400%3Anormal\u00a0\u00bb el_class=\u00a0\u00bbbanner-txt\u00a0\u00bb][vc_separator color=\u00a0\u00bbcustom\u00a0\u00bb align=\u00a0\u00bbalign_left\u00a0\u00bb border_width=\u00a0\u00bb2&Prime; el_width=\u00a0\u00bb20&Prime; accent_color=\u00a0\u00bb#f8f8f8&Prime;][vc_custom_heading text=\u00a0\u00bbKenya\u00a0\u00bb font_container=\u00a0\u00bbtag:h2|font_size:18|text_align:left|color:%23ffffff\u00a0\u00bb google_fonts=\u00a0\u00bbfont_family:Quicksand%3A300%2Cregular%2C700|font_style:400%20regular%3A400%3Anormal\u00a0\u00bb el_class=\u00a0\u00bbbanner-txt\u00a0\u00bb][\/vc_column][\/vc_row][vc_row][vc_column css=\u00a0\u00bb.vc_custom_1673438873315{border-top-width: 10px !important;border-right-width: 10px !important;border-bottom-width: 10px !important;border-left-width: 10px !important;}\u00a0\u00bb][vc_tta_tabs shape=\u00a0\u00bbsquare\u00a0\u00bb color=\u00a0\u00bbjuicy-pink\u00a0\u00bb alignment=\u00a0\u00bbcenter\u00a0\u00bb active_section=\u00a0\u00bb1&Prime; no_fill_content_area=\u00a0\u00bbtrue\u00a0\u00bb][vc_tta_section title=\u00a0\u00bbAper\u00e7u\u00a0\u00bb tab_id=\u00a0\u00bb1633454673222-3d94f956-010c\u00a0\u00bb][info_list_father listclr=\u00a0\u00bb#f8f8f8&Prime;][info_list_son style=\u00a0\u00bbicon\u00a0\u00bb size=\u00a0\u00bb20&Prime; width=\u00a0\u00bb30&Prime; height=\u00a0\u00bb20&Prime; titleclr=\u00a0\u00bb#890000&Prime; icon=\u00a0\u00bbfas fa-map-marked\u00a0\u00bb iconclr=\u00a0\u00bb#890000&Prime; [&hellip;]<\/p>\n","protected":false},"author":2,"featured_media":0,"parent":27931,"menu_order":11,"comment_status":"closed","ping_status":"closed","template":"","meta":{"_themeisle_gutenberg_block_has_review":false,"footnotes":""},"class_list":["post-42915","page","type-page","status-publish","hentry"],"_links":{"self":[{"href":"https:\/\/mufasatoursandtravels.com\/fr\/wp-json\/wp\/v2\/pages\/42915","targetHints":{"allow":["GET"]}}],"collection":[{"href":"https:\/\/mufasatoursandtravels.com\/fr\/wp-json\/wp\/v2\/pages"}],"about":[{"href":"https:\/\/mufasatoursandtravels.com\/fr\/wp-json\/wp\/v2\/types\/page"}],"author":[{"embeddable":true,"href":"https:\/\/mufasatoursandtravels.com\/fr\/wp-json\/wp\/v2\/users\/2"}],"replies":[{"embeddable":true,"href":"https:\/\/mufasatoursandtravels.com\/fr\/wp-json\/wp\/v2\/comments?post=42915"}],"version-history":[{"count":2,"href":"https:\/\/mufasatoursandtravels.com\/fr\/wp-json\/wp\/v2\/pages\/42915\/revisions"}],"predecessor-version":[{"id":42949,"href":"https:\/\/mufasatoursandtravels.com\/fr\/wp-json\/wp\/v2\/pages\/42915\/revisions\/42949"}],"up":[{"embeddable":true,"href":"https:\/\/mufasatoursandtravels.com\/fr\/wp-json\/wp\/v2\/pages\/27931"}],"wp:attachment":[{"href":"https:\/\/mufasatoursandtravels.com\/fr\/wp-json\/wp\/v2\/media?parent=42915"}],"curies":[{"name":"wp","href":"https:\/\/api.w.org\/{rel}","templated":true}]}}