{"id":42960,"date":"2026-01-08T13:21:42","date_gmt":"2026-01-08T10:21:42","guid":{"rendered":"https:\/\/mufasatoursandtravels.com\/destinations\/naibosho-conservancy\/"},"modified":"2026-01-09T10:09:03","modified_gmt":"2026-01-09T07:09:03","slug":"naibosho-conservancy","status":"publish","type":"page","link":"https:\/\/mufasatoursandtravels.com\/fr\/destinations\/naibosho-conservancy\/","title":{"rendered":"Naibosho Conservancy"},"content":{"rendered":"[vc_row full_width=\u00a0\u00bbstretch_row\u00a0\u00bb gap=\u00a0\u00bb1&Prime;][vc_column parallax=\u00a0\u00bbcontent-moving\u00a0\u00bb parallax_image=\u00a0\u00bb6958&Prime; parallax_speed_bg=\u00a0\u00bb1&Prime; css=\u00a0\u00bb.vc_custom_1767939706593{padding-top: 80px !important;padding-right: 80px !important;padding-bottom: 80px !important;padding-left: 80px !important;}\u00a0\u00bb][vc_custom_heading text=\u00a0\u00bbNaibosho Conservancy\u00a0\u00bb font_container=\u00a0\u00bbtag:h1|font_size:32|text_align:left|color:%23ffffff\u00a0\u00bb google_fonts=\u00a0\u00bbfont_family:Quicksand%3A300%2Cregular%2C700|font_style:400%20regular%3A400%3Anormal\u00a0\u00bb el_class=\u00a0\u00bbbanner-txt\u00a0\u00bb][vc_separator color=\u00a0\u00bbcustom\u00a0\u00bb align=\u00a0\u00bbalign_left\u00a0\u00bb border_width=\u00a0\u00bb2&Prime; el_width=\u00a0\u00bb20&Prime; accent_color=\u00a0\u00bb#f8f8f8&Prime;][vc_custom_heading text=\u00a0\u00bbKenya\u00a0\u00bb font_container=\u00a0\u00bbtag:h2|font_size:18|text_align:left|color:%23ffffff\u00a0\u00bb google_fonts=\u00a0\u00bbfont_family:Quicksand%3A300%2Cregular%2C700|font_style:400%20regular%3A400%3Anormal\u00a0\u00bb el_class=\u00a0\u00bbbanner-txt\u00a0\u00bb][\/vc_column][\/vc_row][vc_row][vc_column css=\u00a0\u00bb.vc_custom_1673438873315{border-top-width: 10px !important;border-right-width: 10px !important;border-bottom-width: 10px !important;border-left-width: 10px !important;}\u00a0\u00bb][vc_tta_tabs shape=\u00a0\u00bbsquare\u00a0\u00bb color=\u00a0\u00bbjuicy-pink\u00a0\u00bb alignment=\u00a0\u00bbcenter\u00a0\u00bb active_section=\u00a0\u00bb1&Prime; no_fill_content_area=\u00a0\u00bbtrue\u00a0\u00bb][vc_tta_section title=\u00a0\u00bbAper\u00e7u\u00a0\u00bb tab_id=\u00a0\u00bb1633454673222-3d94f956-010c\u00a0\u00bb][info_list_father listclr=\u00a0\u00bb#f8f8f8&Prime;][info_list_son style=\u00a0\u00bbicon\u00a0\u00bb size=\u00a0\u00bb20&Prime; width=\u00a0\u00bb30&Prime; height=\u00a0\u00bb20&Prime; titleclr=\u00a0\u00bb#890000&Prime; icon=\u00a0\u00bbfas fa-map-marked\u00a0\u00bb iconclr=\u00a0\u00bb#890000&Prime; iconbg=\u00a0\u00bb#f8f8f8&Prime; borderclr=\u00a0\u00bb#f8f8f8&Prime; title=\u00a0\u00bbWilderness in the heart of the Mara\u00a0\u00bb]\n<p data-path-to-node=\"5\">Mara Naboisho Conservancy is a breathtaking 50,000-acre private sanctuary bordering the Masai Mara National Reserve. Created as a partnership between over 500 Maasai landowners and conservationists, \u00ab\u00a0Naboisho\u00a0\u00bb (meaning <i data-path-to-node=\"5\" data-index-in-node=\"278\">harmony<\/i> in Maa) is a world leader in sustainable tourism. By strictly limiting the number of guests and vehicles, the conservancy offers a silent, intimate safari experience that is often impossible to find in the public reserve.<\/p>\n[\/info_list_son][info_list_son style=\u00a0\u00bbicon\u00a0\u00bb size=\u00a0\u00bb20&Prime; width=\u00a0\u00bb30&Prime; height=\u00a0\u00bb20&Prime; titleclr=\u00a0\u00bb#890000&Prime; icon=\u00a0\u00bbfas fa-route\u00a0\u00bb iconclr=\u00a0\u00bb#890000&Prime; iconbg=\u00a0\u00bb#f8f8f8&Prime; borderclr=\u00a0\u00bb#f8f8f8&Prime; title=\u00a0\u00bbWhat to expect\u00a0\u00bb]\n<ol>\n<li>\n<p data-path-to-node=\"6,0,0\"><strong>The Lion Capital<\/strong><b data-path-to-node=\"6,0,0\" data-index-in-node=\"0\">:<\/b> Naboisho has one of the highest densities of lions in the world. It is a critical research area for the Mara Lion Project and offers almost guaranteed sightings of massive prides.<\/p>\n<\/li>\n<li>\n<p data-path-to-node=\"6,1,0\"><strong>The Rare &amp; Elusive<\/strong><b data-path-to-node=\"6,1,0\" data-index-in-node=\"0\">:<\/b> Beyond the \u00ab\u00a0Big Five,\u00a0\u00bb the conservancy is a stronghold for the endangered African Wild Dog and serves as a vital corridor for the \u00ab\u00a0Secret Migration\u00a0\u00bb of wildebeest between the Loita Plains and the Mara.<\/p>\n<\/li>\n<li>\n<p data-path-to-node=\"6,2,0\"><strong>Conservation in Action<\/strong><b data-path-to-node=\"6,2,0\" data-index-in-node=\"0\">:<\/b> Your visit directly supports the local Maasai community, ensuring that wildlife and livestock can thrive together.<\/p>\n<\/li>\n<\/ol>\n[\/info_list_son][info_list_son style=\u00a0\u00bbicon\u00a0\u00bb size=\u00a0\u00bb20&Prime; width=\u00a0\u00bb30&Prime; height=\u00a0\u00bb20&Prime; titleclr=\u00a0\u00bb#890000&Prime; icon=\u00a0\u00bbfar fa-check-circle\u00a0\u00bb iconclr=\u00a0\u00bb#890000&Prime; iconbg=\u00a0\u00bb#f8f8f8&Prime; borderclr=\u00a0\u00bb#f8f8f8&Prime; title=\u00a0\u00bbSeasonal Overview\u00a0\u00bb]\n<p data-path-to-node=\"7\">Naboisho is a spectacular year-round destination, with each season offering a unique perspective of the African wilderness:<\/p>\n<ul data-path-to-node=\"8\">\n<li>\n<p data-path-to-node=\"8,0,0\"><strong>The Emerald Season<\/strong><b data-path-to-node=\"8,0,0\" data-index-in-node=\"0\">:<\/b> Following the rains, the conservancy turns a vibrant green. This is the time of \u00ab\u00a0plenty,\u00a0\u00bb featuring crystal-clear air for photography, lush landscapes, and an abundance of migratory birds.<\/p>\n<\/li>\n<li>\n<p data-path-to-node=\"8,1,0\"><strong>The Predator Season<\/strong><b data-path-to-node=\"8,1,0\" data-index-in-node=\"0\">:<\/b> As the grass thins and the landscape turns to gold, visibility for tracking big cats increases. This season is defined by high-stakes drama as predators congregate around the permanent waterholes.<\/p>\n<\/li>\n<li>\n<p data-path-to-node=\"8,2,0\"><strong>The Birthing Season<\/strong><b data-path-to-node=\"8,2,0\" data-index-in-node=\"0\">:<\/b> A magical window where the plains are filled with new life. Thousands of calves and foals take their first steps, attracting intense activity from the resident lion prides and leopard populations.<\/p>\n<\/li>\n<\/ul>\n[\/info_list_son][\/info_list_father][vc_btn title=\u00a0\u00bbObtenez un devis\u00a0\u00bb style=\u00a0\u00bboutline-custom\u00a0\u00bb outline_custom_color=\u00a0\u00bb#890000&Prime; outline_custom_hover_background=\u00a0\u00bb#890000&Prime; outline_custom_hover_text=\u00a0\u00bb#ffffff\u00a0\u00bb shape=\u00a0\u00bbsquare\u00a0\u00bb size=\u00a0\u00bbsm\u00a0\u00bb align=\u00a0\u00bbcenter\u00a0\u00bb i_align=\u00a0\u00bbright\u00a0\u00bb i_icon_fontawesome=\u00a0\u00bbfas fa-angle-right\u00a0\u00bb add_icon=\u00a0\u00bbtrue\u00a0\u00bb link=\u00a0\u00bburl:https%3A%2F%2Fmufasatoursandtravels.com%2Ffr%2Fdemander-un-devis%2F|title:Demander%20un%20devis|\u00a0\u00bb][\/vc_tta_section][vc_tta_section title=\u00a0\u00bbH\u00e9bergement\u00a0\u00bb tab_id=\u00a0\u00bb1633455601016-f93699bc-5d92&Prime;][vc_row_inner css=\u00a0\u00bb.vc_custom_1767870250058{padding: 10px !important;}\u00a0\u00bb][vc_column_inner el_class=\u00a0\u00bbcustom-height\u00a0\u00bb offset=\u00a0\u00bbvc_hidden-md vc_hidden-sm vc_hidden-xs\u00a0\u00bb][ucaddon_uc_side_carousel_content image=\u00a0\u00bb42972&Prime; title=\u00a0\u00bbNaboisho Camp\u00a0\u00bb btn_text=\u00a0\u00bbView Accomodation\u00a0\u00bb link=\u00a0\u00bbhttps:\/\/www.asiliaafrica.com\/camps-lodges\/naboisho-camp\/\u00a0\u00bb uc_fonts_data=\u00a0\u00bbJTdCJTdE\u00a0\u00bb]QSUyMGNsYXNzaWMlMkMlMjBoaWdoLWVuZCUyMHRlbnRlZCUyMGNhbXAlMjBrbm93biUyMGZvciUyMGl0cyUyMGV4Y2VwdGlvbmFsJTIwZ3VpZGluZyUyMGFuZCUyMGRlZXAlMjBjb25uZWN0aW9uJTIwdG8lMjB0aGUlMjBsb2NhbCUyME1hYXNhaSUyMGNvbW11bml0eS4=[\/ucaddon_uc_side_carousel_content][\/vc_column_inner][\/vc_row_inner][vc_row_inner css=\u00a0\u00bb.vc_custom_1767870250058{padding: 10px !important;}\u00a0\u00bb][vc_column_inner el_class=\u00a0\u00bbcustom-height\u00a0\u00bb offset=\u00a0\u00bbvc_hidden-md vc_hidden-sm vc_hidden-xs\u00a0\u00bb][ucaddon_uc_side_carousel_content image=\u00a0\u00bb42978&Prime; title=\u00a0\u00bbCamp de la vall\u00e9e de Kicheche\u00a0\u00bb btn_text=\u00a0\u00bbView Accomodation\u00a0\u00bb link=\u00a0\u00bbhttps:\/\/kicheche.com\/kicheche-valley\/\u00a0\u00bb uc_fonts_data=\u00a0\u00bbJTdCJTdE\u00a0\u00bb]U2V0JTIwaW4lMjBhJTIwYmVhdXRpZnVsJTIwdmFsbGV5JTJDJTIwdGhpcyUyMGNhbXAlMjBpcyUyMGElMjBmYXZvcml0ZSUyMGZvciUyMHBob3RvZ3JhcGhlcnMlMkMlMjBvZmZlcmluZyUyMGludGltYXRlJTIwd2lsZGxpZmUlMjBlbmNvdW50ZXJzJTIwYW5kJTIwd29ybGQtY2xhc3MlMjBzZXJ2aWNlLg==[\/ucaddon_uc_side_carousel_content][\/vc_column_inner][\/vc_row_inner][vc_row_inner css=\u00a0\u00bb.vc_custom_1767870250058{padding: 10px !important;}\u00a0\u00bb][vc_column_inner el_class=\u00a0\u00bbcustom-height\u00a0\u00bb offset=\u00a0\u00bbvc_hidden-md vc_hidden-sm vc_hidden-xs\u00a0\u00bb][ucaddon_uc_side_carousel_content image=\u00a0\u00bb42990&Prime; title=\u00a0\u00bbRencontre Mara Camp\u00a0\u00bb btn_text=\u00a0\u00bbView Accomodation\u00a0\u00bb link=\u00a0\u00bbhttps:\/\/www.asiliaafrica.com\/camps-lodges\/encounter-mara\/\u00a0\u00bb uc_fonts_data=\u00a0\u00bbJTdCJTdE\u00a0\u00bb]TmVzdGxlZCUyMGluJTIwYSUyMGZvcmVzdCUyMG9mJTIwYWNhY2lhJTIwdHJlZXMlMkMlMjB0aGlzJTIwY2FtcCUyMG9mZmVycyUyMGElMjBxdWlldCUyQyUyMHNlY2x1ZGVkJTIwYXRtb3NwaGVyZSUyMHBlcmZlY3QlMjBmb3IlMjB0aG9zZSUyMGxvb2tpbmclMjB0byUyMHRydWx5JTIwJTIyZGlzY29ubmVjdC4lMjI=[\/ucaddon_uc_side_carousel_content][\/vc_column_inner][\/vc_row_inner][vc_row_inner css=\u00a0\u00bb.vc_custom_1767870250058{padding: 10px !important;}\u00a0\u00bb][vc_column_inner el_class=\u00a0\u00bbcustom-height\u00a0\u00bb offset=\u00a0\u00bbvc_hidden-md vc_hidden-sm vc_hidden-xs\u00a0\u00bb][ucaddon_uc_side_carousel_content image=\u00a0\u00bb42996&Prime; title=\u00a0\u00bbVue de l\u2019aigle de Saruni\u00a0\u00bb btn_text=\u00a0\u00bbView Accomodation\u00a0\u00bb link=\u00a0\u00bbhttps:\/\/sarunibasecamp.com\/our-properties\/saruni-eagle-view\/\u00a0\u00bb uc_fonts_data=\u00a0\u00bbJTdCJTdE\u00a0\u00bb]UmV3b3JrZWQlMjB0byUyMG1ha2UlMjB0aGUlMjB2ZXJ5JTIwbW9zdCUyMG9mJTIwaXRzJTIwY29tbWFuZGluZyUyMHBvc2l0aW9uJTIwYXRvcCUyMGFuJTIwZXNjYXJwbWVudCUyMGFib3ZlJTIwdGhlJTIwTWFyYSUyMHBsYWlucyUyQyUyMFNhcnVuaSUyMEVhZ2xlJTIwVmlldyUyMGhhcyUyMGFsd2F5cyUyMG9mZmVyZWQlMjBleHBhbnNpdmUlMjB2aXN0YXMlMjBzdHJldGNoaW5nJTIwdG8lMjB0aGUlMjBwb2ludCUyMHdoZXJlJTIwdGhlJTIwcGxhaW5zJTIwbWVldCUyMHRoZSUyMGNhbnZhcyUyMG9mJTIwdGhlJTIwc2t5LiUyMFRoZSUyMGVsZXZhdGVkJTIwcG9zaXRpb24lMjBvZiUyMHRoaXMlMjBlY28lMjBjYW1wJTIwYWxzbyUyMG9mZmVycyUyMGd1ZXN0cyUyMGZyb250LXJvdyUyMHNlYXRzJTIwZm9yJTIwdGhlJTIwd2lsZGxpZmUlMjBkcmFtYXMlMjB0aGF0JTIwdW5mb2xkJTIwYXJvdW5kJTIwdGhlJTIwbmF0dXJhbCUyMHNhbHQlMjBsaWNrJTIwYW5kJTIwd2F0ZXJpbmclMjBob2xlJTIwYmVsb3clMjB0aGUlMjBtYWluJTIwYXJlYS4=[\/ucaddon_uc_side_carousel_content][\/vc_column_inner][\/vc_row_inner][vc_row_inner css=\u00a0\u00bb.vc_custom_1767870250058{padding: 10px !important;}\u00a0\u00bb][vc_column_inner el_class=\u00a0\u00bbcustom-height\u00a0\u00bb offset=\u00a0\u00bbvc_hidden-lg\u00a0\u00bb][vc_headings style=\u00a0\u00bbtheme2&Prime; borderclr=\u00a0\u00bb#890000&Prime; title=\u00a0\u00bbNaibosho Camp\u00a0\u00bb align=\u00a0\u00bbleft\u00a0\u00bb google_fonts=\u00a0\u00bbfont_family:Quicksand%3A300%2Cregular%2C700|font_style:400%20regular%3A400%3Anormal\u00a0\u00bb titleclr=\u00a0\u00bb#000000&Prime;]A classic, high-end tented camp known for its exceptional guiding and deep connection to the local Maasai community.[\/vc_headings][vc_btn title=\u00a0\u00bbVoir l\u2019h\u00e9bergement\u00a0\u00bb style=\u00a0\u00bboutline-custom\u00a0\u00bb outline_custom_color=\u00a0\u00bb#890000&Prime; outline_custom_hover_background=\u00a0\u00bb#890000&Prime; outline_custom_hover_text=\u00a0\u00bb#ffffff\u00a0\u00bb shape=\u00a0\u00bbsquare\u00a0\u00bb size=\u00a0\u00bbsm\u00a0\u00bb css=\u00a0\u00bb.vc_custom_1767871725520{padding-top: 10px !important;padding-right: 10px !important;padding-bottom: 10px !important;}\u00a0\u00bb link=\u00a0\u00bburl:https%3A%2F%2Fwww.asiliaafrica.com%2Fcamps-lodges%2Fnaboisho-camp%2F|\u00a0\u00bb][\/vc_column_inner][\/vc_row_inner][vc_row_inner css=\u00a0\u00bb.vc_custom_1767870250058{padding: 10px !important;}\u00a0\u00bb][vc_column_inner el_class=\u00a0\u00bbcustom-height\u00a0\u00bb offset=\u00a0\u00bbvc_hidden-lg\u00a0\u00bb][vc_headings style=\u00a0\u00bbtheme2&Prime; borderclr=\u00a0\u00bb#890000&Prime; title=\u00a0\u00bbKicheche Valley Camp\u00a0\u00bb align=\u00a0\u00bbleft\u00a0\u00bb google_fonts=\u00a0\u00bbfont_family:Quicksand%3A300%2Cregular%2C700|font_style:400%20regular%3A400%3Anormal\u00a0\u00bb titleclr=\u00a0\u00bb#000000&Prime;]Set in a beautiful valley, this camp is a favorite for photographers, offering intimate wildlife encounters and world-class service.[\/vc_headings][vc_btn title=\u00a0\u00bbVoir l\u2019h\u00e9bergement\u00a0\u00bb style=\u00a0\u00bboutline-custom\u00a0\u00bb outline_custom_color=\u00a0\u00bb#890000&Prime; outline_custom_hover_background=\u00a0\u00bb#890000&Prime; outline_custom_hover_text=\u00a0\u00bb#ffffff\u00a0\u00bb shape=\u00a0\u00bbsquare\u00a0\u00bb size=\u00a0\u00bbsm\u00a0\u00bb css=\u00a0\u00bb.vc_custom_1767871896369{padding-top: 10px !important;padding-right: 10px !important;padding-bottom: 10px !important;}\u00a0\u00bb link=\u00a0\u00bburl:https%3A%2F%2Fkicheche.com%2Fkicheche-valley%2F|\u00a0\u00bb][\/vc_column_inner][\/vc_row_inner][vc_row_inner css=\u00a0\u00bb.vc_custom_1767870250058{padding: 10px !important;}\u00a0\u00bb][vc_column_inner el_class=\u00a0\u00bbcustom-height\u00a0\u00bb offset=\u00a0\u00bbvc_hidden-lg\u00a0\u00bb][vc_headings style=\u00a0\u00bbtheme2&Prime; borderclr=\u00a0\u00bb#890000&Prime; title=\u00a0\u00bbEncounter Mara Camp\u00a0\u00bb align=\u00a0\u00bbleft\u00a0\u00bb google_fonts=\u00a0\u00bbfont_family:Quicksand%3A300%2Cregular%2C700|font_style:400%20regular%3A400%3Anormal\u00a0\u00bb titleclr=\u00a0\u00bb#000000&Prime;]Nestled in a forest of acacia trees, this camp offers a quiet, secluded atmosphere perfect for those looking to truly \u00ab\u00a0disconnect.\u00a0\u00bb[\/vc_headings][vc_btn title=\u00a0\u00bbVoir l\u2019h\u00e9bergement\u00a0\u00bb style=\u00a0\u00bboutline-custom\u00a0\u00bb outline_custom_color=\u00a0\u00bb#890000&Prime; outline_custom_hover_background=\u00a0\u00bb#890000&Prime; outline_custom_hover_text=\u00a0\u00bb#ffffff\u00a0\u00bb shape=\u00a0\u00bbsquare\u00a0\u00bb size=\u00a0\u00bbsm\u00a0\u00bb css=\u00a0\u00bb.vc_custom_1767871962600{padding-top: 10px !important;padding-right: 10px !important;padding-bottom: 10px !important;}\u00a0\u00bb link=\u00a0\u00bburl:https%3A%2F%2Fwww.asiliaafrica.com%2Fcamps-lodges%2Fencounter-mara%2F|\u00a0\u00bb][\/vc_column_inner][\/vc_row_inner][vc_row_inner css=\u00a0\u00bb.vc_custom_1767870250058{padding: 10px !important;}\u00a0\u00bb][vc_column_inner el_class=\u00a0\u00bbcustom-height\u00a0\u00bb offset=\u00a0\u00bbvc_hidden-lg\u00a0\u00bb][vc_headings style=\u00a0\u00bbtheme2&Prime; borderclr=\u00a0\u00bb#890000&Prime; title=\u00a0\u00bbSaruni Eagle View\u00a0\u00bb align=\u00a0\u00bbleft\u00a0\u00bb google_fonts=\u00a0\u00bbfont_family:Quicksand%3A300%2Cregular%2C700|font_style:400%20regular%3A400%3Anormal\u00a0\u00bb titleclr=\u00a0\u00bb#000000&Prime;]Reworked to make the very most of its commanding position atop an escarpment above the Mara plains, Saruni Eagle View has always offered expansive vistas stretching to the point where the plains meet the canvas of the sky. The elevated position of this eco camp also offers guests front-row seats for the wildlife dramas that unfold around the natural salt lick and watering hole below the main area.[\/vc_headings][vc_btn title=\u00a0\u00bbVoir l\u2019h\u00e9bergement\u00a0\u00bb style=\u00a0\u00bboutline-custom\u00a0\u00bb outline_custom_color=\u00a0\u00bb#890000&Prime; outline_custom_hover_background=\u00a0\u00bb#890000&Prime; outline_custom_hover_text=\u00a0\u00bb#ffffff\u00a0\u00bb shape=\u00a0\u00bbsquare\u00a0\u00bb size=\u00a0\u00bbsm\u00a0\u00bb css=\u00a0\u00bb.vc_custom_1767872057658{padding-top: 10px !important;padding-right: 10px !important;padding-bottom: 10px !important;}\u00a0\u00bb link=\u00a0\u00bburl:https%3A%2F%2Fsarunibasecamp.com%2Four-properties%2Fsaruni-eagle-view%2F|\u00a0\u00bb][\/vc_column_inner][\/vc_row_inner][\/vc_tta_section][vc_tta_section title=\u00a0\u00bbActivit\u00e9s\u00a0\u00bb tab_id=\u00a0\u00bb1767601538075-7b6924d3-776e\u00a0\u00bb][info_list_father listclr=\u00a0\u00bb#f8f8f8&Prime;][info_list_son style=\u00a0\u00bbicon\u00a0\u00bb size=\u00a0\u00bb0&Prime; width=\u00a0\u00bb0&Prime; height=\u00a0\u00bb0&Prime; titleclr=\u00a0\u00bb#f8f8f8&Prime; iconclr=\u00a0\u00bb#f8f8f8&Prime; borderclr=\u00a0\u00bb#f8f8f8&Prime;]\n<p data-path-to-node=\"17\">Parce que Naboisho est une r\u00e9serve priv\u00e9e, elle propose des activit\u00e9s exclusives qui ne sont pas autoris\u00e9es dans la r\u00e9serve nationale publique :<\/p>\n<ol start=\"1\" data-path-to-node=\"18\">\n<li>\n<p data-path-to-node=\"18,0,0\"><strong>Safaris nocturnes :<\/strong> Utilisant des lumi\u00e8res rouges filtr\u00e9es pour prot\u00e9ger les yeux des animaux, nos guides vous emm\u00e8nent dehors apr\u00e8s la tomb\u00e9e de la nuit pour assister au frisson de la chasse. Voyez les l\u00e9opards en chasse et le comportement curieux d\u2019esp\u00e8ces nocturnes comme les oryct\u00e9riers et les blaireaux. <\/p>\n<\/li>\n<li>\n<p data-path-to-node=\"18,1,0\"><strong>Randonn\u00e9es guid\u00e9es en brousse : <\/strong>Sortez du v\u00e9hicule et parcourez la terre avec un guerrier Maasai. Apprenez l\u2019art ancien du pistage, identifiez les plantes m\u00e9dicinales et ressentez l\u2019adr\u00e9naline d\u2019\u00eatre \u00e0 pied dans la nature. <\/p>\n<\/li>\n<li>\n<p data-path-to-node=\"18,2,0\"><strong>Exploration tout-terrain<\/strong> <b data-path-to-node=\"18,2,0\" data-index-in-node=\"0\">:<\/b> Pour garantir les meilleures observations possibles (en particulier de chats rares), nos v\u00e9hicules sont autoris\u00e9s \u00e0 quitter la piste de mani\u00e8re responsable \u2014 un avantage majeur pour les photographes s\u00e9rieux.<\/p>\n<\/li>\n<li>\n<p data-path-to-node=\"18,3,0\"><strong>Immersion culturelle masa\u00ef :<\/strong> Visitez les villages locaux qui sont des partenaires directs de la conservancy. D\u00e9couvrez la vie traditionnelle, la gestion du b\u00e9tail et le \u00ab mod\u00e8le Naboisho \u00bb de la conservation. <\/p>\n<\/li>\n<li>\n<p data-path-to-node=\"18,4,0\"><strong>Repas dans la brousse et couchers<\/strong> <b data-path-to-node=\"18,4,0\" data-index-in-node=\"0\">de soleil :<\/b> Profitez d\u2019un d\u00eener priv\u00e9 au milieu de la savane. Qu\u2019il s\u2019agisse d\u2019un \u00ab petit-d\u00e9jeuner au champagne \u00bb au lever du soleil ou d\u2019un gin-tonic quand le ciel devient violet, ce sont ces moments qui d\u00e9finissent un safari. <\/p>\n<\/li>\n<li>\n<p data-path-to-node=\"18,5,0\"><strong>Visitez l\u2019\u00e9cole de guides Koiyaki : d\u00e9couvrez<\/strong><b data-path-to-node=\"18,5,0\" data-index-in-node=\"0\"> o\u00f9 la prochaine g\u00e9n\u00e9ration des meilleurs guides du Kenya sera form\u00e9e. Ce projet soutenu par Mufasa est le c\u0153ur de l\u2019avenir de la communaut\u00e9.<\/b> <\/p>\n<\/li>\n<\/ol>\n[\/info_list_son][\/info_list_father][\/vc_tta_section][\/vc_tta_tabs][\/vc_column][\/vc_row]\n","protected":false},"excerpt":{"rendered":"<p>[vc_row full_width=\u00a0\u00bbstretch_row\u00a0\u00bb gap=\u00a0\u00bb1&Prime;][vc_column parallax=\u00a0\u00bbcontent-moving\u00a0\u00bb parallax_image=\u00a0\u00bb6958&Prime; parallax_speed_bg=\u00a0\u00bb1&Prime; css=\u00a0\u00bb.vc_custom_1767939706593{padding-top: 80px !important;padding-right: 80px !important;padding-bottom: 80px !important;padding-left: 80px !important;}\u00a0\u00bb][vc_custom_heading text=\u00a0\u00bbNaibosho Conservancy\u00a0\u00bb font_container=\u00a0\u00bbtag:h1|font_size:32|text_align:left|color:%23ffffff\u00a0\u00bb google_fonts=\u00a0\u00bbfont_family:Quicksand%3A300%2Cregular%2C700|font_style:400%20regular%3A400%3Anormal\u00a0\u00bb el_class=\u00a0\u00bbbanner-txt\u00a0\u00bb][vc_separator color=\u00a0\u00bbcustom\u00a0\u00bb align=\u00a0\u00bbalign_left\u00a0\u00bb border_width=\u00a0\u00bb2&Prime; el_width=\u00a0\u00bb20&Prime; accent_color=\u00a0\u00bb#f8f8f8&Prime;][vc_custom_heading text=\u00a0\u00bbKenya\u00a0\u00bb font_container=\u00a0\u00bbtag:h2|font_size:18|text_align:left|color:%23ffffff\u00a0\u00bb google_fonts=\u00a0\u00bbfont_family:Quicksand%3A300%2Cregular%2C700|font_style:400%20regular%3A400%3Anormal\u00a0\u00bb el_class=\u00a0\u00bbbanner-txt\u00a0\u00bb][\/vc_column][\/vc_row][vc_row][vc_column css=\u00a0\u00bb.vc_custom_1673438873315{border-top-width: 10px !important;border-right-width: 10px !important;border-bottom-width: 10px !important;border-left-width: 10px !important;}\u00a0\u00bb][vc_tta_tabs shape=\u00a0\u00bbsquare\u00a0\u00bb color=\u00a0\u00bbjuicy-pink\u00a0\u00bb alignment=\u00a0\u00bbcenter\u00a0\u00bb active_section=\u00a0\u00bb1&Prime; no_fill_content_area=\u00a0\u00bbtrue\u00a0\u00bb][vc_tta_section title=\u00a0\u00bbAper\u00e7u\u00a0\u00bb tab_id=\u00a0\u00bb1633454673222-3d94f956-010c\u00a0\u00bb][info_list_father listclr=\u00a0\u00bb#f8f8f8&Prime;][info_list_son style=\u00a0\u00bbicon\u00a0\u00bb size=\u00a0\u00bb20&Prime; width=\u00a0\u00bb30&Prime; height=\u00a0\u00bb20&Prime; titleclr=\u00a0\u00bb#890000&Prime; icon=\u00a0\u00bbfas fa-map-marked\u00a0\u00bb iconclr=\u00a0\u00bb#890000&Prime; iconbg=\u00a0\u00bb#f8f8f8&Prime; [&hellip;]<\/p>\n","protected":false},"author":2,"featured_media":0,"parent":27931,"menu_order":12,"comment_status":"closed","ping_status":"closed","template":"","meta":{"_themeisle_gutenberg_block_has_review":false,"footnotes":""},"class_list":["post-42960","page","type-page","status-publish","hentry"],"_links":{"self":[{"href":"https:\/\/mufasatoursandtravels.com\/fr\/wp-json\/wp\/v2\/pages\/42960","targetHints":{"allow":["GET"]}}],"collection":[{"href":"https:\/\/mufasatoursandtravels.com\/fr\/wp-json\/wp\/v2\/pages"}],"about":[{"href":"https:\/\/mufasatoursandtravels.com\/fr\/wp-json\/wp\/v2\/types\/page"}],"author":[{"embeddable":true,"href":"https:\/\/mufasatoursandtravels.com\/fr\/wp-json\/wp\/v2\/users\/2"}],"replies":[{"embeddable":true,"href":"https:\/\/mufasatoursandtravels.com\/fr\/wp-json\/wp\/v2\/comments?post=42960"}],"version-history":[{"count":3,"href":"https:\/\/mufasatoursandtravels.com\/fr\/wp-json\/wp\/v2\/pages\/42960\/revisions"}],"predecessor-version":[{"id":43199,"href":"https:\/\/mufasatoursandtravels.com\/fr\/wp-json\/wp\/v2\/pages\/42960\/revisions\/43199"}],"up":[{"embeddable":true,"href":"https:\/\/mufasatoursandtravels.com\/fr\/wp-json\/wp\/v2\/pages\/27931"}],"wp:attachment":[{"href":"https:\/\/mufasatoursandtravels.com\/fr\/wp-json\/wp\/v2\/media?parent=42960"}],"curies":[{"name":"wp","href":"https:\/\/api.w.org\/{rel}","templated":true}]}}