{"id":43012,"date":"2026-01-08T14:32:33","date_gmt":"2026-01-08T11:32:33","guid":{"rendered":"https:\/\/mufasatoursandtravels.com\/destinations\/conservation-de-la-faune-de-lewa\/"},"modified":"2026-01-08T15:01:57","modified_gmt":"2026-01-08T12:01:57","slug":"conservation-de-la-faune-de-lewa","status":"publish","type":"page","link":"https:\/\/mufasatoursandtravels.com\/fr\/destinations\/conservation-de-la-faune-de-lewa\/","title":{"rendered":"Conservation de la faune de Lewa"},"content":{"rendered":"[vc_row full_width=\u00a0\u00bbstretch_row\u00a0\u00bb gap=\u00a0\u00bb1&Prime;][vc_column parallax=\u00a0\u00bbcontent-moving\u00a0\u00bb parallax_image=\u00a0\u00bb4532&Prime; parallax_speed_bg=\u00a0\u00bb1.9&Prime; css=\u00a0\u00bb.vc_custom_1767872433575{padding-top: 80px !important;padding-right: 80px !important;padding-bottom: 80px !important;padding-left: 80px !important;}\u00a0\u00bb][vc_custom_heading text=\u00a0\u00bbConservation de la faune de Lewa\u00a0\u00bb font_container=\u00a0\u00bbtag:h1|font_size:32|text_align:left|color:%23ffffff\u00a0\u00bb google_fonts=\u00a0\u00bbfont_family:Quicksand%3A300%2Cregular%2C700|font_style:400%20regular%3A400%3Anormal\u00a0\u00bb el_class=\u00a0\u00bbbanner-txt\u00a0\u00bb][vc_separator color=\u00a0\u00bbcustom\u00a0\u00bb align=\u00a0\u00bbalign_left\u00a0\u00bb border_width=\u00a0\u00bb2&Prime; el_width=\u00a0\u00bb20&Prime; accent_color=\u00a0\u00bb#f8f8f8&Prime;][vc_custom_heading text=\u00a0\u00bbKenya\u00a0\u00bb font_container=\u00a0\u00bbtag:h2|font_size:18|text_align:left|color:%23ffffff\u00a0\u00bb google_fonts=\u00a0\u00bbfont_family:Quicksand%3A300%2Cregular%2C700|font_style:400%20regular%3A400%3Anormal\u00a0\u00bb el_class=\u00a0\u00bbbanner-txt\u00a0\u00bb][\/vc_column][\/vc_row][vc_row][vc_column css=\u00a0\u00bb.vc_custom_1673438873315{border-top-width: 10px !important;border-right-width: 10px !important;border-bottom-width: 10px !important;border-left-width: 10px !important;}\u00a0\u00bb][vc_tta_tabs shape=\u00a0\u00bbsquare\u00a0\u00bb color=\u00a0\u00bbjuicy-pink\u00a0\u00bb alignment=\u00a0\u00bbcenter\u00a0\u00bb active_section=\u00a0\u00bb1&Prime; no_fill_content_area=\u00a0\u00bbtrue\u00a0\u00bb][vc_tta_section title=\u00a0\u00bbAper\u00e7u\u00a0\u00bb tab_id=\u00a0\u00bb1633454673222-3d94f956-010c\u00a0\u00bb][info_list_father listclr=\u00a0\u00bb#f8f8f8&Prime;][info_list_son style=\u00a0\u00bbicon\u00a0\u00bb size=\u00a0\u00bb20&Prime; width=\u00a0\u00bb30&Prime; height=\u00a0\u00bb20&Prime; titleclr=\u00a0\u00bb#890000&Prime; icon=\u00a0\u00bbfas fa-map-marked\u00a0\u00bb iconclr=\u00a0\u00bb#890000&Prime; iconbg=\u00a0\u00bb#f8f8f8&Prime; borderclr=\u00a0\u00bb#f8f8f8&Prime; title=\u00a0\u00bbWorld Heritage Sanctuary for the Giants\u00a0\u00bb caption_url=\u00a0\u00bb\u00a0\u00bb]\n<p data-path-to-node=\"5\">Lewa Wildlife Conservancy is more than just a safari destination; it is a global blueprint for community-led conservation. Spanning 62,000 acres of pristine foothills north of Mount Kenya, Lewa is famous for having one of the highest densities of rhinos in the world. Once a private cattle ranch, it has been transformed into a sanctuary where endangered species thrive alongside vibrant local communities.<\/p>\n[\/info_list_son][info_list_son style=\u00a0\u00bbicon\u00a0\u00bb size=\u00a0\u00bb20&Prime; width=\u00a0\u00bb30&Prime; height=\u00a0\u00bb20&Prime; titleclr=\u00a0\u00bb#890000&Prime; icon=\u00a0\u00bbfas fa-route\u00a0\u00bb iconclr=\u00a0\u00bb#890000&Prime; iconbg=\u00a0\u00bb#f8f8f8&Prime; borderclr=\u00a0\u00bb#f8f8f8&Prime; title=\u00a0\u00bbWhat to expect\u00a0\u00bb caption_url=\u00a0\u00bb\u00a0\u00bb]\n<ul>\n<li>\n<p data-path-to-node=\"6,0,0\"><strong>The Rhino Stronghold<\/strong><b data-path-to-node=\"6,0,0\" data-index-in-node=\"0\">:<\/b> Lewa is home to over 10% of Kenya\u2019s black rhino population and a significant population of white rhinos.<\/p>\n<\/li>\n<li>\n<p data-path-to-node=\"6,1,0\"><strong>The \u00ab\u00a0Northern Five\u00a0\u00bb<\/strong><b data-path-to-node=\"6,1,0\" data-index-in-node=\"0\">:<\/b> This is one of the few places to see species unique to this region: the Grevy\u2019s Zebra, Reticulated Giraffe, Beisa Oryx, Somali Ostrich, and Gerenuk.<\/p>\n<\/li>\n<li>\n<p data-path-to-node=\"6,2,0\"><strong>A Celebrity Favorite<\/strong><b data-path-to-node=\"6,2,0\" data-index-in-node=\"0\">:<\/b> Known for its exclusivity and privacy, Lewa has hosted world leaders and royalty, offering a high-end, intimate experience away from the crowds.<\/p>\n<\/li>\n<\/ul>\n[\/info_list_son][info_list_son style=\u00a0\u00bbicon\u00a0\u00bb size=\u00a0\u00bb20&Prime; width=\u00a0\u00bb30&Prime; height=\u00a0\u00bb20&Prime; titleclr=\u00a0\u00bb#890000&Prime; icon=\u00a0\u00bbfar fa-check-circle\u00a0\u00bb iconclr=\u00a0\u00bb#890000&Prime; iconbg=\u00a0\u00bb#f8f8f8&Prime; borderclr=\u00a0\u00bb#f8f8f8&Prime; title=\u00a0\u00bbSeasonal Overview\u00a0\u00bb caption_url=\u00a0\u00bb\u00a0\u00bb]\n<p data-path-to-node=\"7\">Lewa\u2019s unique location on the Laikipia plateau ensures that every visit offers a distinct and rewarding experience, regardless of the month:<\/p>\n<ul data-path-to-node=\"8\">\n<li>\n<p data-path-to-node=\"8,0,0\"><strong>The Season of Clarity<\/strong><b data-path-to-node=\"8,0,0\" data-index-in-node=\"0\">:<\/b> Following the refreshing rains, the conservancy is bathed in vibrant greens. The air is dust-free, providing the sharpest views of Mount Kenya\u2019s peaks and incredible lighting for photography.<\/p>\n<\/li>\n<li>\n<p data-path-to-node=\"8,1,0\"><strong>The High-Drama Season<\/strong><b data-path-to-node=\"8,1,0\" data-index-in-node=\"0\">:<\/b> As the landscape transitions to golden savannah, wildlife viewing becomes effortless. Predators and prey alike congregate around the permanent springs and the marshlands, leading to intense wildlife encounters.<\/p>\n<\/li>\n<li>\n<p data-path-to-node=\"8,2,0\"><strong>The Life-Cycle Season<\/strong><b data-path-to-node=\"8,2,0\" data-index-in-node=\"0\">:<\/b> During the periods of transition, the plains are often filled with new life. It is a spectacular time to witness Grevy\u2019s zebra foals and rhino calves, set against the backdrop of the shifting African sky.<\/p>\n<\/li>\n<\/ul>\n[\/info_list_son][\/info_list_father][vc_btn title=\u00a0\u00bbObtenez un devis\u00a0\u00bb style=\u00a0\u00bboutline-custom\u00a0\u00bb outline_custom_color=\u00a0\u00bb#890000&Prime; outline_custom_hover_background=\u00a0\u00bb#890000&Prime; outline_custom_hover_text=\u00a0\u00bb#ffffff\u00a0\u00bb shape=\u00a0\u00bbsquare\u00a0\u00bb size=\u00a0\u00bbsm\u00a0\u00bb align=\u00a0\u00bbcenter\u00a0\u00bb i_align=\u00a0\u00bbright\u00a0\u00bb i_icon_fontawesome=\u00a0\u00bbfas fa-angle-right\u00a0\u00bb add_icon=\u00a0\u00bbtrue\u00a0\u00bb link=\u00a0\u00bburl:https%3A%2F%2Fmufasatoursandtravels.com%2Ffr%2Fdemander-un-devis%2F|title:Demander%20un%20devis|\u00a0\u00bb][\/vc_tta_section][vc_tta_section title=\u00a0\u00bbH\u00e9bergement\u00a0\u00bb tab_id=\u00a0\u00bb1633455601016-f93699bc-5d92&Prime;][vc_row_inner css=\u00a0\u00bb.vc_custom_1767872722206{padding: 10px !important;}\u00a0\u00bb][vc_column_inner el_class=\u00a0\u00bbcustom-height\u00a0\u00bb offset=\u00a0\u00bbvc_hidden-md vc_hidden-sm vc_hidden-xs\u00a0\u00bb][ucaddon_uc_side_carousel_content image=\u00a0\u00bb42940&Prime; title=\u00a0\u00bbCamp safari Lewa\u00a0\u00bb btn_text=\u00a0\u00bbView Accomodation\u00a0\u00bb link=\u00a0\u00bbhttps:\/\/www.elewanacollection.com\/lewa-safari-camp\/at-a-glance\u00a0\u00bb uc_init_settings=\u00a0\u00bb\u00a0\u00bb uc_fonts_data=\u00a0\u00bbJTdCJTdE\u00a0\u00bb]RmVhdHVyaW5nJTIwbGFyZ2UlMkMlMjBsdXh1cmlvdXMlMjB0ZW50ZWQlMjByb29tcyUyMHdpdGglMjBzcGVjdGFjdWxhciUyMHZpZXdzJTJDJTIwdGhpcyUyMGNhbXAlMjBpcyUyMGElMjBmYXZvcml0ZSUyMG9mJTIwdGhlJTIwQnJpdGlzaCUyMFJveWFsJTIwRmFtaWx5JTIwYW5kJTIwb2ZmZXJzJTIwYSUyMGNsYXNzaWMlMjBzYWZhcmklMjBhdG1vc3BoZXJlLg==[\/ucaddon_uc_side_carousel_content][\/vc_column_inner][\/vc_row_inner][vc_row_inner css=\u00a0\u00bb.vc_custom_1767872722206{padding: 10px !important;}\u00a0\u00bb][vc_column_inner el_class=\u00a0\u00bbcustom-height\u00a0\u00bb offset=\u00a0\u00bbvc_hidden-md vc_hidden-sm vc_hidden-xs\u00a0\u00bb][ucaddon_uc_side_carousel_content image=\u00a0\u00bb43025&Prime; title=\u00a0\u00bbMaison Lewa\u00a0\u00bb btn_text=\u00a0\u00bbView Accomodation\u00a0\u00bb link=\u00a0\u00bbhttps:\/\/lewahouse.com\/explore\/\u00a0\u00bb uc_init_settings=\u00a0\u00bb\u00a0\u00bb uc_fonts_data=\u00a0\u00bbJTdCJTdE\u00a0\u00bb]UGVyY2hlZCUyMG9uJTIwYSUyMGhpbGwlMjB3aXRoJTIwdmlld3MlMjBvZiUyMHRoZSUyME1hdGhld3MlMjBSYW5nZSUyQyUyMHRoaXMlMjBsb2RnZSUyMGZlYXR1cmVzJTIwdW5pcXVlJTIwJTIyZWFydGglMjBwb2RzJTIyJTIwYW5kJTIwZmFtaWx5JTIwY290dGFnZXMlMkMlMjBvZmZlcmluZyUyMGElMjBjb3p5JTJDJTIwaG9tZS1hd2F5LWZyb20taG9tZSUyMGZlZWwu[\/ucaddon_uc_side_carousel_content][\/vc_column_inner][\/vc_row_inner][vc_row_inner css=\u00a0\u00bb.vc_custom_1767872722206{padding: 10px !important;}\u00a0\u00bb][vc_column_inner el_class=\u00a0\u00bbcustom-height\u00a0\u00bb offset=\u00a0\u00bbvc_hidden-md vc_hidden-sm vc_hidden-xs\u00a0\u00bb][ucaddon_uc_side_carousel_content image=\u00a0\u00bb43031&Prime; title=\u00a0\u00bbMaison Elewana Kifaru\u00a0\u00bb btn_text=\u00a0\u00bbView Accomodation\u00a0\u00bb link=\u00a0\u00bbhttps:\/\/www.elewanacollection.com\/kifaru-house-lewa\/at-a-glance\u00a0\u00bb uc_init_settings=\u00a0\u00bb\u00a0\u00bb uc_fonts_data=\u00a0\u00bbJTdCJTdE\u00a0\u00bb]TG9jYXRlZCUyMG9uJTIwYSUyMGhpZ2glMjByaWRnZSUyQyUyMHRoaXMlMjBsb2RnZSUyMG9mZmVycyUyMGElMjBxdWlldCUyQyUyMGNvbG9uaWFsLXN0eWxlJTIwY2hhcm0lMjB3aXRoJTIwYW4lMjBpbmZpbml0eSUyMHBvb2wlMjB0aGF0JTIwc2VlbXMlMjB0byUyMGRyb3AlMjBvZmYlMjBpbnRvJTIwdGhlJTIwcGxhaW5zJTIwYmVsb3cu[\/ucaddon_uc_side_carousel_content][\/vc_column_inner][\/vc_row_inner][vc_row_inner css=\u00a0\u00bb.vc_custom_1767872722206{padding: 10px !important;}\u00a0\u00bb][vc_column_inner el_class=\u00a0\u00bbcustom-height\u00a0\u00bb offset=\u00a0\u00bbvc_hidden-lg\u00a0\u00bb][vc_headings style=\u00a0\u00bbtheme2&Prime; borderclr=\u00a0\u00bb#890000&Prime; title=\u00a0\u00bbLewa Safari Camp\u00a0\u00bb align=\u00a0\u00bbleft\u00a0\u00bb google_fonts=\u00a0\u00bbfont_family:Quicksand%3A300%2Cregular%2C700|font_style:400%20regular%3A400%3Anormal\u00a0\u00bb titleclr=\u00a0\u00bb#000000&Prime; caption_url=\u00a0\u00bb\u00a0\u00bb caption_urls=\u00a0\u00bb\u00a0\u00bb caption_urlss=\u00a0\u00bb\u00a0\u00bb caption_urldesc=\u00a0\u00bb\u00a0\u00bb]Featuring large, luxurious tented rooms with spectacular views, this camp is a favorite of the British Royal Family and offers a classic safari atmosphere.[\/vc_headings][vc_btn title=\u00a0\u00bbVoir l\u2019h\u00e9bergement\u00a0\u00bb style=\u00a0\u00bboutline-custom\u00a0\u00bb outline_custom_color=\u00a0\u00bb#890000&Prime; outline_custom_hover_background=\u00a0\u00bb#890000&Prime; outline_custom_hover_text=\u00a0\u00bb#ffffff\u00a0\u00bb shape=\u00a0\u00bbsquare\u00a0\u00bb size=\u00a0\u00bbsm\u00a0\u00bb i_align=\u00a0\u00bbright\u00a0\u00bb i_icon_fontawesome=\u00a0\u00bbfas fa-angle-right\u00a0\u00bb add_icon=\u00a0\u00bbtrue\u00a0\u00bb css=\u00a0\u00bb.vc_custom_1767873715425{padding-top: 10px !important;padding-right: 10px !important;padding-bottom: 10px !important;}\u00a0\u00bb link=\u00a0\u00bburl:https%3A%2F%2Fwww.elewanacollection.com%2Flewa-safari-camp%2Fat-a-glance|\u00a0\u00bb][\/vc_column_inner][\/vc_row_inner][vc_row_inner css=\u00a0\u00bb.vc_custom_1767872722206{padding: 10px !important;}\u00a0\u00bb][vc_column_inner el_class=\u00a0\u00bbcustom-height\u00a0\u00bb offset=\u00a0\u00bbvc_hidden-lg\u00a0\u00bb][vc_headings style=\u00a0\u00bbtheme2&Prime; borderclr=\u00a0\u00bb#890000&Prime; title=\u00a0\u00bbLewa House\u00a0\u00bb align=\u00a0\u00bbleft\u00a0\u00bb google_fonts=\u00a0\u00bbfont_family:Quicksand%3A300%2Cregular%2C700|font_style:400%20regular%3A400%3Anormal\u00a0\u00bb titleclr=\u00a0\u00bb#000000&Prime; caption_url=\u00a0\u00bb\u00a0\u00bb caption_urls=\u00a0\u00bb\u00a0\u00bb caption_urlss=\u00a0\u00bb\u00a0\u00bb caption_urldesc=\u00a0\u00bb\u00a0\u00bb]Perched on a hill with views of the Mathews Range, this lodge features unique \u00ab\u00a0earth pods\u00a0\u00bb and family cottages, offering a cozy, home-away-from-home feel.[\/vc_headings][vc_btn title=\u00a0\u00bbVoir l\u2019h\u00e9bergement\u00a0\u00bb style=\u00a0\u00bboutline-custom\u00a0\u00bb outline_custom_color=\u00a0\u00bb#890000&Prime; outline_custom_hover_background=\u00a0\u00bb#890000&Prime; outline_custom_hover_text=\u00a0\u00bb#ffffff\u00a0\u00bb shape=\u00a0\u00bbsquare\u00a0\u00bb size=\u00a0\u00bbsm\u00a0\u00bb i_align=\u00a0\u00bbright\u00a0\u00bb i_icon_fontawesome=\u00a0\u00bbfas fa-angle-right\u00a0\u00bb add_icon=\u00a0\u00bbtrue\u00a0\u00bb css=\u00a0\u00bb.vc_custom_1767873686467{padding-top: 10px !important;padding-right: 10px !important;padding-bottom: 10px !important;}\u00a0\u00bb link=\u00a0\u00bburl:https%3A%2F%2Flewahouse.com%2Fexplore%2F|\u00a0\u00bb][\/vc_column_inner][\/vc_row_inner][vc_row_inner css=\u00a0\u00bb.vc_custom_1767872722206{padding: 10px !important;}\u00a0\u00bb][vc_column_inner el_class=\u00a0\u00bbcustom-height\u00a0\u00bb offset=\u00a0\u00bbvc_hidden-lg\u00a0\u00bb][vc_headings style=\u00a0\u00bbtheme2&Prime; borderclr=\u00a0\u00bb#890000&Prime; title=\u00a0\u00bbElewana Kifaru House\u00a0\u00bb align=\u00a0\u00bbleft\u00a0\u00bb google_fonts=\u00a0\u00bbfont_family:Quicksand%3A300%2Cregular%2C700|font_style:400%20regular%3A400%3Anormal\u00a0\u00bb titleclr=\u00a0\u00bb#000000&Prime; caption_url=\u00a0\u00bb\u00a0\u00bb caption_urls=\u00a0\u00bb\u00a0\u00bb caption_urlss=\u00a0\u00bb\u00a0\u00bb caption_urldesc=\u00a0\u00bb\u00a0\u00bb]Located on a high ridge, this lodge offers a quiet, colonial-style charm with an infinity pool that seems to drop off into the plains below.[\/vc_headings][vc_btn title=\u00a0\u00bbVoir l\u2019h\u00e9bergement\u00a0\u00bb style=\u00a0\u00bboutline-custom\u00a0\u00bb outline_custom_color=\u00a0\u00bb#890000&Prime; outline_custom_hover_background=\u00a0\u00bb#890000&Prime; outline_custom_hover_text=\u00a0\u00bb#ffffff\u00a0\u00bb shape=\u00a0\u00bbsquare\u00a0\u00bb size=\u00a0\u00bbsm\u00a0\u00bb i_align=\u00a0\u00bbright\u00a0\u00bb i_icon_fontawesome=\u00a0\u00bbfas fa-angle-right\u00a0\u00bb add_icon=\u00a0\u00bbtrue\u00a0\u00bb css=\u00a0\u00bb.vc_custom_1767873663560{padding-top: 10px !important;padding-right: 10px !important;padding-bottom: 10px !important;}\u00a0\u00bb link=\u00a0\u00bburl:https%3A%2F%2Fwww.elewanacollection.com%2Fkifaru-house-lewa%2Fat-a-glance|\u00a0\u00bb][\/vc_column_inner][\/vc_row_inner][\/vc_tta_section][vc_tta_section title=\u00a0\u00bbActivit\u00e9s\u00a0\u00bb tab_id=\u00a0\u00bb1767601538075-7b6924d3-776e\u00a0\u00bb][info_list_father listclr=\u00a0\u00bb#f8f8f8&Prime;][info_list_son style=\u00a0\u00bbicon\u00a0\u00bb size=\u00a0\u00bb0&Prime; width=\u00a0\u00bb0&Prime; height=\u00a0\u00bb0&Prime; titleclr=\u00a0\u00bb#f8f8f8&Prime; iconclr=\u00a0\u00bb#f8f8f8&Prime; borderclr=\u00a0\u00bb#f8f8f8&Prime; caption_url=\u00a0\u00bb\u00a0\u00bb]\n<p data-path-to-node=\"17\">Lewa propose certaines des activit\u00e9s les plus vari\u00e9es du Kenya, vous permettant de vous engager dans la nature sauvage de mani\u00e8re innovante.<\/p>\n<ol start=\"1\" data-path-to-node=\"18\">\n<li>\n<p data-path-to-node=\"18,0,0\"><strong>Sorties de safari dirig\u00e9es par des experts<\/strong> <b data-path-to-node=\"18,0,0\" data-index-in-node=\"0\">:<\/b> Explorez la r\u00e9serve dans des v\u00e9hicules 4&#215;4 ouverts avec certains des guides les mieux form\u00e9s d\u2019Afrique, sp\u00e9cialis\u00e9s dans le traquage des rhinoc\u00e9ros et le comportement des pr\u00e9dateurs.<\/p>\n<\/li>\n<li>\n<p data-path-to-node=\"18,1,0\"><strong>Randonn\u00e9es guid\u00e9es dans la<\/strong> <b data-path-to-node=\"18,1,0\" data-index-in-node=\"0\">brousse :<\/b> Vivez le frisson d\u2019\u00eatre \u00e0 pied dans un sanctuaire de rhinoc\u00e9ros. Accompagn\u00e9 d\u2019un garde arm\u00e9, vous apprendrez les subtilit\u00e9s du pistage animal et la flore locale. <\/p>\n<\/li>\n<li>\n<p data-path-to-node=\"18,2,0\"><strong>Safaris \u00e0 cheval et \u00e0 dos<\/strong> <b data-path-to-node=\"18,2,0\" data-index-in-node=\"0\">de chameau :<\/b> Approchez-vous \u00e9tonnamment du z\u00e8bre de Grevy et de la girafe r\u00e9ticul\u00e9e. Les animaux consid\u00e8rent les chevaux et les chameaux comme \u00ab l\u2019un des leurs \u00bb, permettant une rencontre silencieuse et rapproch\u00e9e. <\/p>\n<\/li>\n<li>\n<p data-path-to-node=\"18,3,0\"><strong>Visites d\u2019\u00e9ducation \u00e0 la conservation<\/strong> <b data-path-to-node=\"18,3,0\" data-index-in-node=\"0\">:<\/b> Visitez la salle des op\u00e9rations de Lewa \u2014 le \u00ab cerveau \u00bb high-tech de la r\u00e9serve \u2014 pour voir comment les colliers GPS et les drones thermiques sont utilis\u00e9s pour prot\u00e9ger les \u00e9l\u00e9phants et les rhinoc\u00e9ros.<\/p>\n<\/li>\n<li>\n<p data-path-to-node=\"18,4,0\"><strong>Visitez la for\u00eat de Ngare Ndare<\/strong> <b data-path-to-node=\"18,4,0\" data-index-in-node=\"0\">:<\/b> Juste \u00e0 la lisi\u00e8re de Lewa, traversez un pont \u00e0 canop\u00e9e de 200 m\u00e8tres de long suspendu \u00e0 30 pieds au-dessus du sol forestier et nagez dans des cascades glaciaires d\u2019un bleu cristallin.<\/p>\n<\/li>\n<li>\n<p data-path-to-node=\"18,5,0\"><strong>Safaris<\/strong> <b data-path-to-node=\"18,5,0\" data-index-in-node=\"0\">nocturnes :<\/b> d\u00e9couvrez le c\u00f4t\u00e9 nocturne de Laikipia. Cherchez le l\u00e9opard, le fourmiteron et la zorilla insaisissables \u00e0 l\u2019aide de projecteurs sp\u00e9cialis\u00e9s. <\/p>\n<\/li>\n<li>\n<p data-path-to-node=\"18,6,0\"><strong>Visites communautaires<\/strong> <b data-path-to-node=\"18,6,0\" data-index-in-node=\"0\">:<\/b> Engagez-vous avec les communaut\u00e9s locales soutenues par Lewa. Visitez des \u00e9coles et des projets aquatiques pour voir comment vos dollars touristiques changent des vies. <\/p>\n<\/li>\n<\/ol>\n[\/info_list_son][\/info_list_father][\/vc_tta_section][\/vc_tta_tabs][\/vc_column][\/vc_row]\n","protected":false},"excerpt":{"rendered":"<p>[vc_row full_width=\u00a0\u00bbstretch_row\u00a0\u00bb gap=\u00a0\u00bb1&Prime;][vc_column parallax=\u00a0\u00bbcontent-moving\u00a0\u00bb parallax_image=\u00a0\u00bb4532&Prime; parallax_speed_bg=\u00a0\u00bb1.9&Prime; css=\u00a0\u00bb.vc_custom_1767872433575{padding-top: 80px !important;padding-right: 80px !important;padding-bottom: 80px !important;padding-left: 80px !important;}\u00a0\u00bb][vc_custom_heading text=\u00a0\u00bbConservation de la faune de Lewa\u00a0\u00bb font_container=\u00a0\u00bbtag:h1|font_size:32|text_align:left|color:%23ffffff\u00a0\u00bb google_fonts=\u00a0\u00bbfont_family:Quicksand%3A300%2Cregular%2C700|font_style:400%20regular%3A400%3Anormal\u00a0\u00bb el_class=\u00a0\u00bbbanner-txt\u00a0\u00bb][vc_separator color=\u00a0\u00bbcustom\u00a0\u00bb align=\u00a0\u00bbalign_left\u00a0\u00bb border_width=\u00a0\u00bb2&Prime; el_width=\u00a0\u00bb20&Prime; accent_color=\u00a0\u00bb#f8f8f8&Prime;][vc_custom_heading text=\u00a0\u00bbKenya\u00a0\u00bb font_container=\u00a0\u00bbtag:h2|font_size:18|text_align:left|color:%23ffffff\u00a0\u00bb google_fonts=\u00a0\u00bbfont_family:Quicksand%3A300%2Cregular%2C700|font_style:400%20regular%3A400%3Anormal\u00a0\u00bb el_class=\u00a0\u00bbbanner-txt\u00a0\u00bb][\/vc_column][\/vc_row][vc_row][vc_column css=\u00a0\u00bb.vc_custom_1673438873315{border-top-width: 10px !important;border-right-width: 10px !important;border-bottom-width: 10px !important;border-left-width: 10px !important;}\u00a0\u00bb][vc_tta_tabs shape=\u00a0\u00bbsquare\u00a0\u00bb color=\u00a0\u00bbjuicy-pink\u00a0\u00bb alignment=\u00a0\u00bbcenter\u00a0\u00bb active_section=\u00a0\u00bb1&Prime; no_fill_content_area=\u00a0\u00bbtrue\u00a0\u00bb][vc_tta_section title=\u00a0\u00bbAper\u00e7u\u00a0\u00bb tab_id=\u00a0\u00bb1633454673222-3d94f956-010c\u00a0\u00bb][info_list_father listclr=\u00a0\u00bb#f8f8f8&Prime;][info_list_son style=\u00a0\u00bbicon\u00a0\u00bb size=\u00a0\u00bb20&Prime; width=\u00a0\u00bb30&Prime; height=\u00a0\u00bb20&Prime; titleclr=\u00a0\u00bb#890000&Prime; [&hellip;]<\/p>\n","protected":false},"author":2,"featured_media":0,"parent":27931,"menu_order":13,"comment_status":"closed","ping_status":"closed","template":"","meta":{"_themeisle_gutenberg_block_has_review":false,"footnotes":""},"class_list":["post-43012","page","type-page","status-publish","hentry"],"_links":{"self":[{"href":"https:\/\/mufasatoursandtravels.com\/fr\/wp-json\/wp\/v2\/pages\/43012","targetHints":{"allow":["GET"]}}],"collection":[{"href":"https:\/\/mufasatoursandtravels.com\/fr\/wp-json\/wp\/v2\/pages"}],"about":[{"href":"https:\/\/mufasatoursandtravels.com\/fr\/wp-json\/wp\/v2\/types\/page"}],"author":[{"embeddable":true,"href":"https:\/\/mufasatoursandtravels.com\/fr\/wp-json\/wp\/v2\/users\/2"}],"replies":[{"embeddable":true,"href":"https:\/\/mufasatoursandtravels.com\/fr\/wp-json\/wp\/v2\/comments?post=43012"}],"version-history":[{"count":3,"href":"https:\/\/mufasatoursandtravels.com\/fr\/wp-json\/wp\/v2\/pages\/43012\/revisions"}],"predecessor-version":[{"id":43050,"href":"https:\/\/mufasatoursandtravels.com\/fr\/wp-json\/wp\/v2\/pages\/43012\/revisions\/43050"}],"up":[{"embeddable":true,"href":"https:\/\/mufasatoursandtravels.com\/fr\/wp-json\/wp\/v2\/pages\/27931"}],"wp:attachment":[{"href":"https:\/\/mufasatoursandtravels.com\/fr\/wp-json\/wp\/v2\/media?parent=43012"}],"curies":[{"name":"wp","href":"https:\/\/api.w.org\/{rel}","templated":true}]}}