{"id":43056,"date":"2026-01-08T15:01:33","date_gmt":"2026-01-08T12:01:33","guid":{"rendered":"https:\/\/mufasatoursandtravels.com\/destinations\/parc-national-de-meru-2\/"},"modified":"2026-01-08T15:58:39","modified_gmt":"2026-01-08T12:58:39","slug":"parc-national-de-meru-2","status":"publish","type":"page","link":"https:\/\/mufasatoursandtravels.com\/fr\/destinations\/parc-national-de-meru-2\/","title":{"rendered":"Parc national de Meru"},"content":{"rendered":"[vc_row full_width=\u00a0\u00bbstretch_row\u00a0\u00bb gap=\u00a0\u00bb1&Prime;][vc_column parallax=\u00a0\u00bbcontent-moving\u00a0\u00bb parallax_image=\u00a0\u00bb6957&Prime; parallax_speed_bg=\u00a0\u00bb1.8&Prime; css=\u00a0\u00bb.vc_custom_1767874786740{padding-top: 80px !important;padding-right: 80px !important;padding-bottom: 80px !important;padding-left: 80px !important;}\u00a0\u00bb][vc_custom_heading text=\u00a0\u00bbParc national de Meru\u00a0\u00bb font_container=\u00a0\u00bbtag:h1|font_size:32|text_align:left|color:%23ffffff\u00a0\u00bb google_fonts=\u00a0\u00bbfont_family:Quicksand%3A300%2Cregular%2C700|font_style:400%20regular%3A400%3Anormal\u00a0\u00bb el_class=\u00a0\u00bbbanner-txt\u00a0\u00bb][vc_separator color=\u00a0\u00bbcustom\u00a0\u00bb align=\u00a0\u00bbalign_left\u00a0\u00bb border_width=\u00a0\u00bb2&Prime; el_width=\u00a0\u00bb20&Prime; accent_color=\u00a0\u00bb#f8f8f8&Prime;][vc_custom_heading text=\u00a0\u00bbKenya\u00a0\u00bb font_container=\u00a0\u00bbtag:h2|font_size:18|text_align:left|color:%23ffffff\u00a0\u00bb google_fonts=\u00a0\u00bbfont_family:Quicksand%3A300%2Cregular%2C700|font_style:400%20regular%3A400%3Anormal\u00a0\u00bb el_class=\u00a0\u00bbbanner-txt\u00a0\u00bb][\/vc_column][\/vc_row][vc_row][vc_column css=\u00a0\u00bb.vc_custom_1673438873315{border-top-width: 10px !important;border-right-width: 10px !important;border-bottom-width: 10px !important;border-left-width: 10px !important;}\u00a0\u00bb][vc_tta_tabs shape=\u00a0\u00bbsquare\u00a0\u00bb color=\u00a0\u00bbjuicy-pink\u00a0\u00bb alignment=\u00a0\u00bbcenter\u00a0\u00bb active_section=\u00a0\u00bb1&Prime; no_fill_content_area=\u00a0\u00bbtrue\u00a0\u00bb][vc_tta_section title=\u00a0\u00bbAper\u00e7u\u00a0\u00bb tab_id=\u00a0\u00bb1633454673222-3d94f956-010c\u00a0\u00bb][info_list_father listclr=\u00a0\u00bb#f8f8f8&Prime;][info_list_son style=\u00a0\u00bbicon\u00a0\u00bb size=\u00a0\u00bb20&Prime; width=\u00a0\u00bb30&Prime; height=\u00a0\u00bb20&Prime; titleclr=\u00a0\u00bb#890000&Prime; icon=\u00a0\u00bbfas fa-map-marked\u00a0\u00bb iconclr=\u00a0\u00bb#890000&Prime; iconbg=\u00a0\u00bb#f8f8f8&Prime; borderclr=\u00a0\u00bb#f8f8f8&Prime; title=\u00a0\u00bbThe Land Of Elsa the Lioness\u00a0\u00bb caption_url=\u00a0\u00bb\u00a0\u00bb]\n<p data-path-to-node=\"5\">Meru National Park is arguably the most unspoiled and geographically diverse park in Kenya. Spanning over 870 square kilometers, it is a landscape defined by 13 permanent rivers that slice through red-earthed plains, doum palm forests, and dense tropical jungles. This park is the spiritual home of African conservation, famously being the place where George and Joy Adamson released <em><b data-path-to-node=\"5\" data-index-in-node=\"443\">Elsa the Lioness<\/b><\/em> back into the wild.<\/p>\n[\/info_list_son][info_list_son style=\u00a0\u00bbicon\u00a0\u00bb size=\u00a0\u00bb20&Prime; width=\u00a0\u00bb30&Prime; height=\u00a0\u00bb20&Prime; titleclr=\u00a0\u00bb#890000&Prime; icon=\u00a0\u00bbfas fa-route\u00a0\u00bb iconclr=\u00a0\u00bb#890000&Prime; iconbg=\u00a0\u00bb#f8f8f8&Prime; borderclr=\u00a0\u00bb#f8f8f8&Prime; title=\u00a0\u00bbWhat to expect\u00a0\u00bb caption_url=\u00a0\u00bb\u00a0\u00bb]\n<ol>\n<li>\n<p data-path-to-node=\"6,0,0\"><strong>The Wildlife<\/strong><b data-path-to-node=\"6,0,0\" data-index-in-node=\"0\">:<\/b> Meru is home to the \u00ab\u00a0Big Five.\u00a0\u00bb It features a dedicated 44-square-kilometer Rhino Sanctuary, making it one of the best places in Kenya to see both Black and White rhinos.<\/p>\n<\/li>\n<li>\n<p data-path-to-node=\"6,1,0\"><strong>The \u00ab\u00a0Northern Specials\u00a0\u00bb<\/strong><b data-path-to-node=\"6,1,0\" data-index-in-node=\"0\">:<\/b> Look for unique species like the Reticulated Giraffe, Grevy\u2019s Zebra, Somali Ostrich, and the Lesser Kudu.<\/p>\n<\/li>\n<li>\n<p data-path-to-node=\"6,2,0\"><strong>A Private Experience<\/strong><b data-path-to-node=\"6,2,0\" data-index-in-node=\"0\">:<\/b> Because Meru is less frequented than the southern parks, you will often enjoy sightings with no other vehicles in sight, offering a true sense of solitude.<\/p>\n<\/li>\n<\/ol>\n[\/info_list_son][info_list_son style=\u00a0\u00bbicon\u00a0\u00bb size=\u00a0\u00bb20&Prime; width=\u00a0\u00bb30&Prime; height=\u00a0\u00bb20&Prime; titleclr=\u00a0\u00bb#890000&Prime; icon=\u00a0\u00bbfar fa-check-circle\u00a0\u00bb iconclr=\u00a0\u00bb#890000&Prime; iconbg=\u00a0\u00bb#f8f8f8&Prime; borderclr=\u00a0\u00bb#f8f8f8&Prime; title=\u00a0\u00bbBest time to visit\u00a0\u00bb caption_url=\u00a0\u00bb\u00a0\u00bb]\n<p data-path-to-node=\"7\">Meru National Park is a dynamic ecosystem that shifts beautifully throughout the year, offering unique rewards regardless of when you visit:<\/p>\n<ul data-path-to-node=\"8\">\n<li>\n<p data-path-to-node=\"8,0,0\"><strong>The Verdant Refresh<\/strong><b data-path-to-node=\"8,0,0\" data-index-in-node=\"0\">:<\/b> Following the rains, the 13 rivers swell and the park transforms into a lush, emerald paradise. This is the prime time for birdwatching as migratory species arrive, and the air is exceptionally clear, offering stunning views of the nearby Nyambene Hills.<\/p>\n<\/li>\n<li>\n<p data-path-to-node=\"8,1,0\"><strong>The Predator Cycle<\/strong><b data-path-to-node=\"8,1,0\" data-index-in-node=\"0\">:<\/b> As the long grass turns to golden straw, the landscape opens up, providing incredible visibility for tracking big cats. Predators often congregate near the riverbanks, where life-and-death dramas unfold as herbivores come to drink.<\/p>\n<\/li>\n<li>\n<p data-path-to-node=\"8,2,0\"><strong>The High-Contrast Season<\/strong><b data-path-to-node=\"8,2,0\" data-index-in-node=\"0\">:<\/b> During the dryer spells, the red volcanic soil contrasts sharply with the deep green of the riverine forests. This is a favorite time for photographers, as the wildlife is concentrated and easy to find along the permanent water sources.<\/p>\n<\/li>\n<\/ul>\n[\/info_list_son][\/info_list_father][vc_btn title=\u00a0\u00bbObtenez un devis\u00a0\u00bb style=\u00a0\u00bboutline-custom\u00a0\u00bb outline_custom_color=\u00a0\u00bb#890000&Prime; outline_custom_hover_background=\u00a0\u00bb#890000&Prime; outline_custom_hover_text=\u00a0\u00bb#ffffff\u00a0\u00bb shape=\u00a0\u00bbsquare\u00a0\u00bb size=\u00a0\u00bbsm\u00a0\u00bb align=\u00a0\u00bbcenter\u00a0\u00bb i_align=\u00a0\u00bbright\u00a0\u00bb i_icon_fontawesome=\u00a0\u00bbfas fa-angle-right\u00a0\u00bb add_icon=\u00a0\u00bbtrue\u00a0\u00bb link=\u00a0\u00bburl:https%3A%2F%2Fmufasatoursandtravels.com%2Ffr%2Fdemander-un-devis%2F|title:Demander%20un%20devis|\u00a0\u00bb][\/vc_tta_section][vc_tta_section title=\u00a0\u00bbH\u00e9bergement\u00a0\u00bb tab_id=\u00a0\u00bb1633455601016-f93699bc-5d92&Prime;][vc_row_inner css=\u00a0\u00bb.vc_custom_1767874197540{padding: 10px !important;}\u00a0\u00bb][vc_column_inner el_class=\u00a0\u00bbcustom-height\u00a0\u00bb offset=\u00a0\u00bbvc_hidden-md vc_hidden-sm vc_hidden-xs\u00a0\u00bb][ucaddon_uc_side_carousel_content image=\u00a0\u00bb43062&Prime; title=\u00a0\u00bbLe Kopje d\u2019Elsa\u00a0\u00bb btn_text=\u00a0\u00bbView Accomodation\u00a0\u00bb link=\u00a0\u00bbhttps:\/\/www.elewanacollection.com\/elsa-s-kopje-meru\/at-a-glance\u00a0\u00bb uc_init_settings=\u00a0\u00bb\u00a0\u00bb uc_fonts_data=\u00a0\u00bbJTdCJTdE\u00a0\u00bb]QnVpbHQlMjBpbnRvJTIwdGhlJTIwTXVnaHdhbmdvJTIwSGlsbCUyQyUyMHRoaXMlMjBhd2FyZC13aW5uaW5nJTIwbG9kZ2UlMjBpcyUyMHNpdHVhdGVkJTIwb24lMjB0aGUlMjBzaXRlJTIwb2YlMjBHZW9yZ2UlMjBBZGFtc29uJUUyJTgwJTk5cyUyMG9yaWdpbmFsJTIwY2FtcC4lMjBJdCUyMG9mZmVycyUyMDM2MC1kZWdyZWUlMjB2aWV3cyUyMG9mJTIwdGhlJTIwcGxhaW5zJTIwYW5kJTIwaXMlMjB0aGUlMjBoZWlnaHQlMjBvZiUyMCUyMnVucHJldGVudGlvdXMlMjBsdXh1cnkuJTIy[\/ucaddon_uc_side_carousel_content][\/vc_column_inner][\/vc_row_inner][vc_row_inner css=\u00a0\u00bb.vc_custom_1767874197540{padding: 10px !important;}\u00a0\u00bb][vc_column_inner el_class=\u00a0\u00bbcustom-height\u00a0\u00bb offset=\u00a0\u00bbvc_hidden-md vc_hidden-sm vc_hidden-xs\u00a0\u00bb][ucaddon_uc_side_carousel_content image=\u00a0\u00bb43068&Prime; title=\u00a0\u00bbCamp de la rivi\u00e8re Rhino\u00a0\u00bb btn_text=\u00a0\u00bbView Accomodation\u00a0\u00bb link=\u00a0\u00bbhttps:\/\/www.porini.com\/african-safari-holidays\/kenya\/camps-and-lodges\/rhino-river-camp\/\u00a0\u00bb uc_init_settings=\u00a0\u00bb\u00a0\u00bb uc_fonts_data=\u00a0\u00bbJTdCJTdE\u00a0\u00bb]TG9jYXRlZCUyMG9uJTIwdGhlJTIwZWRnZSUyMG9mJTIwdGhlJTIwUmhpbm8lMjBTYW5jdHVhcnklMkMlMjB0aGlzJTIwY2FtcCUyMGZlYXR1cmVzJTIwc3R5bGlzaCUyMHRlbnRzJTIwb24lMjB3b29kZW4lMjBkZWNrcyUyMG92ZXJsb29raW5nJTIwdGhlJTIwS2luZGFuaSUyMFJpdmVyLiUyMEl0JTIwb2ZmZXJzJTIwYSUyMHBlYWNlZnVsJTJDJTIwZm9yZXN0LWxpa2UlMjBhdG1vc3BoZXJlLg==[\/ucaddon_uc_side_carousel_content][\/vc_column_inner][\/vc_row_inner][vc_row_inner css=\u00a0\u00bb.vc_custom_1767874197540{padding: 10px !important;}\u00a0\u00bb][vc_column_inner el_class=\u00a0\u00bbcustom-height\u00a0\u00bb offset=\u00a0\u00bbvc_hidden-md vc_hidden-sm vc_hidden-xs\u00a0\u00bb][ucaddon_uc_side_carousel_content image=\u00a0\u00bb43074&Prime; title=\u00a0\u00bbIkweta Safari Camp\u00a0\u00bb btn_text=\u00a0\u00bbView Accomodation\u00a0\u00bb link=\u00a0\u00bbhttps:\/\/www.porini.com\/african-safari-holidays\/kenya\/camps-and-lodges\/rhino-river-camp\/\u00a0\u00bb uc_init_settings=\u00a0\u00bb\u00a0\u00bb uc_fonts_data=\u00a0\u00bbJTdCJTdE\u00a0\u00bb]S25vd24lMjBmb3IlMjBpdHMlMjBoaWdoLXF1YWxpdHklMjB0ZW50cyUyMGFuZCUyMGdyZWF0JTIwdmFsdWUlMkMlMjB0aGlzJTIwY2FtcCUyMGlzJTIwcGVyZmVjdCUyMGZvciUyMHRob3NlJTIwd2hvJTIwd2FudCUyMGElMjBjb21mb3J0YWJsZSUyMCUyMmJ1c2glMjIlMjBleHBlcmllbmNlLg==[\/ucaddon_uc_side_carousel_content][\/vc_column_inner][\/vc_row_inner][vc_row_inner css=\u00a0\u00bb.vc_custom_1767874197540{padding: 10px !important;}\u00a0\u00bb][vc_column_inner el_class=\u00a0\u00bbcustom-height\u00a0\u00bb offset=\u00a0\u00bbvc_hidden-lg\u00a0\u00bb][vc_headings style=\u00a0\u00bbtheme2&Prime; borderclr=\u00a0\u00bb#890000&Prime; title=\u00a0\u00bbElsa&rsquo;s Kopje\u00a0\u00bb align=\u00a0\u00bbleft\u00a0\u00bb google_fonts=\u00a0\u00bbfont_family:Quicksand%3A300%2Cregular%2C700|font_style:400%20regular%3A400%3Anormal\u00a0\u00bb titleclr=\u00a0\u00bb#000000&Prime; caption_url=\u00a0\u00bb\u00a0\u00bb caption_urls=\u00a0\u00bb\u00a0\u00bb caption_urlss=\u00a0\u00bb\u00a0\u00bb caption_urldesc=\u00a0\u00bb\u00a0\u00bb]Built into the Mughwango Hill, this award-winning lodge is situated on the site of George Adamson\u2019s original camp. It offers 360-degree views of the plains and is the height of \u00ab\u00a0unpretentious luxury.\u00a0\u00bb[\/vc_headings][vc_btn title=\u00a0\u00bbVoir l\u2019h\u00e9bergement\u00a0\u00bb style=\u00a0\u00bboutline-custom\u00a0\u00bb outline_custom_color=\u00a0\u00bb#890000&Prime; outline_custom_hover_background=\u00a0\u00bb#890000&Prime; outline_custom_hover_text=\u00a0\u00bb#ffffff\u00a0\u00bb shape=\u00a0\u00bbsquare\u00a0\u00bb size=\u00a0\u00bbsm\u00a0\u00bb i_align=\u00a0\u00bbright\u00a0\u00bb i_icon_fontawesome=\u00a0\u00bbfas fa-angle-right\u00a0\u00bb add_icon=\u00a0\u00bbtrue\u00a0\u00bb css=\u00a0\u00bb.vc_custom_1767877016471{padding-top: 10px !important;padding-right: 10px !important;padding-bottom: 10px !important;}\u00a0\u00bb link=\u00a0\u00bburl:https%3A%2F%2Fwww.elewanacollection.com%2Felsa-s-kopje-meru%2Fat-a-glance|\u00a0\u00bb][\/vc_column_inner][\/vc_row_inner][vc_row_inner css=\u00a0\u00bb.vc_custom_1767874197540{padding: 10px !important;}\u00a0\u00bb][vc_column_inner el_class=\u00a0\u00bbcustom-height\u00a0\u00bb offset=\u00a0\u00bbvc_hidden-lg\u00a0\u00bb][vc_headings style=\u00a0\u00bbtheme2&Prime; borderclr=\u00a0\u00bb#890000&Prime; title=\u00a0\u00bbRhino River Camp\u00a0\u00bb align=\u00a0\u00bbleft\u00a0\u00bb google_fonts=\u00a0\u00bbfont_family:Quicksand%3A300%2Cregular%2C700|font_style:400%20regular%3A400%3Anormal\u00a0\u00bb titleclr=\u00a0\u00bb#000000&Prime; caption_url=\u00a0\u00bb\u00a0\u00bb caption_urls=\u00a0\u00bb\u00a0\u00bb caption_urlss=\u00a0\u00bb\u00a0\u00bb caption_urldesc=\u00a0\u00bb\u00a0\u00bb]Located on the edge of the Rhino Sanctuary, this camp features stylish tents on wooden decks overlooking the Kindani River. It offers a peaceful, forest-like atmosphere.[\/vc_headings][vc_btn title=\u00a0\u00bbVoir l\u2019h\u00e9bergement\u00a0\u00bb style=\u00a0\u00bboutline-custom\u00a0\u00bb outline_custom_color=\u00a0\u00bb#890000&Prime; outline_custom_hover_background=\u00a0\u00bb#890000&Prime; outline_custom_hover_text=\u00a0\u00bb#ffffff\u00a0\u00bb shape=\u00a0\u00bbsquare\u00a0\u00bb size=\u00a0\u00bbsm\u00a0\u00bb i_align=\u00a0\u00bbright\u00a0\u00bb i_icon_fontawesome=\u00a0\u00bbfas fa-angle-right\u00a0\u00bb add_icon=\u00a0\u00bbtrue\u00a0\u00bb css=\u00a0\u00bb.vc_custom_1767877073784{padding-top: 10px !important;padding-right: 10px !important;padding-bottom: 10px !important;}\u00a0\u00bb link=\u00a0\u00bburl:https%3A%2F%2Fwww.porini.com%2Fafrican-safari-holidays%2Fkenya%2Fcamps-and-lodges%2Frhino-river-camp%2F|\u00a0\u00bb][\/vc_column_inner][\/vc_row_inner][vc_row_inner css=\u00a0\u00bb.vc_custom_1767874197540{padding: 10px !important;}\u00a0\u00bb][vc_column_inner el_class=\u00a0\u00bbcustom-height\u00a0\u00bb offset=\u00a0\u00bbvc_hidden-lg\u00a0\u00bb][vc_headings style=\u00a0\u00bbtheme2&Prime; borderclr=\u00a0\u00bb#890000&Prime; title=\u00a0\u00bbIkweta Safari Camp\u00a0\u00bb align=\u00a0\u00bbleft\u00a0\u00bb google_fonts=\u00a0\u00bbfont_family:Quicksand%3A300%2Cregular%2C700|font_style:400%20regular%3A400%3Anormal\u00a0\u00bb titleclr=\u00a0\u00bb#000000&Prime; caption_url=\u00a0\u00bb\u00a0\u00bb caption_urls=\u00a0\u00bb\u00a0\u00bb caption_urlss=\u00a0\u00bb\u00a0\u00bb caption_urldesc=\u00a0\u00bb\u00a0\u00bb]\n<p data-path-to-node=\"13,2,1,0,0\">Known for its high-quality tents and great value, this camp is perfect for those who want a comfortable \u00ab\u00a0bush\u00a0\u00bb experience.<\/p>\n[\/vc_headings][vc_btn title=\u00a0\u00bbVoir l\u2019h\u00e9bergement\u00a0\u00bb style=\u00a0\u00bboutline-custom\u00a0\u00bb outline_custom_color=\u00a0\u00bb#890000&Prime; outline_custom_hover_background=\u00a0\u00bb#890000&Prime; outline_custom_hover_text=\u00a0\u00bb#ffffff\u00a0\u00bb shape=\u00a0\u00bbsquare\u00a0\u00bb size=\u00a0\u00bbsm\u00a0\u00bb i_align=\u00a0\u00bbright\u00a0\u00bb i_icon_fontawesome=\u00a0\u00bbfas fa-angle-right\u00a0\u00bb add_icon=\u00a0\u00bbtrue\u00a0\u00bb css=\u00a0\u00bb.vc_custom_1767877172813{padding-top: 10px !important;padding-right: 10px !important;padding-bottom: 10px !important;}\u00a0\u00bb link=\u00a0\u00bburl:https%3A%2F%2Fwww.porini.com%2Fafrican-safari-holidays%2Fkenya%2Fcamps-and-lodges%2Frhino-river-camp%2F|\u00a0\u00bb][\/vc_column_inner][\/vc_row_inner][\/vc_tta_section][vc_tta_section title=\u00a0\u00bbActivit\u00e9s\u00a0\u00bb tab_id=\u00a0\u00bb1767601538075-7b6924d3-776e\u00a0\u00bb][info_list_father listclr=\u00a0\u00bb#f8f8f8&Prime;][info_list_son style=\u00a0\u00bbicon\u00a0\u00bb size=\u00a0\u00bb0&Prime; width=\u00a0\u00bb0&Prime; height=\u00a0\u00bb0&Prime; titleclr=\u00a0\u00bb#f8f8f8&Prime; iconclr=\u00a0\u00bb#f8f8f8&Prime; borderclr=\u00a0\u00bb#f8f8f8&Prime; caption_url=\u00a0\u00bb\u00a0\u00bb]\n<ol>\n<li>\n<p data-path-to-node=\"18,0,0\"><strong>Pistage du sanctuaire des rhinoc\u00e9ros<\/strong> <b data-path-to-node=\"18,0,0\" data-index-in-node=\"0\">:<\/b> Visitez le sanctuaire hautement prot\u00e9g\u00e9 de 44 km\u00b2. Gr\u00e2ce au terrain du parc, on peut souvent obtenir des photos incroyables de pr\u00e8s de ces g\u00e9ants en voie de disparition. <\/p>\n<\/li>\n<li>\n<p data-path-to-node=\"18,1,0\"><strong>Le p\u00e8lerinage \u00ab Born Free \u00bb<\/strong> <b data-path-to-node=\"18,1,0\" data-index-in-node=\"0\">:<\/b> Visitez la tombe d\u2019Elsa la Lionne et le site du camp original de George Adamson pour vous connecter \u00e0 l\u2019histoire qui a chang\u00e9 \u00e0 jamais la conservation mondiale.<\/p>\n<\/li>\n<li>\n<p data-path-to-node=\"18,2,0\"><strong>Safaris fluviaux<\/strong> <b data-path-to-node=\"18,2,0\" data-index-in-node=\"0\">:<\/b> Explorez les rives des rivi\u00e8res Tana et Rojewero. Regardez les hippopotames se vautrer et les crocodiles massifs prendre le soleil, et gardez un \u0153il sur la myst\u00e9rieuse chouette p\u00eacheuse de Pel. <\/p>\n<\/li>\n<li>\n<p data-path-to-node=\"18,3,0\"><strong>Adamson\u2019s Falls<\/strong> <b data-path-to-node=\"18,3,0\" data-index-in-node=\"0\">:<\/b> Faites une excursion guid\u00e9e vers ces rapides spectaculaires o\u00f9 la rivi\u00e8re Tana est forc\u00e9e \u00e0 traverser un \u00e9troit chenal rocheux. C\u2019est un endroit puissant pour un pique-et la photographie. <\/p>\n<\/li>\n<li>\n<p data-path-to-node=\"18,4,0\"><strong>Exp\u00e9ditions d\u2019observation des oiseaux<\/strong> <b data-path-to-node=\"18,4,0\" data-index-in-node=\"0\">:<\/b> Avec plus de 400 esp\u00e8ces, dont le rare Pied de Pierre et divers martin-p\u00eacheurs, Meru est une destination de classe mondiale pour les amateurs d\u2019oiseaux.<\/p>\n<\/li>\n<li>\n<p data-path-to-node=\"18,5,0\"><strong>Couchers du soleil sur les Kopjes<\/strong> <b data-path-to-node=\"18,5,0\" data-index-in-node=\"0\">:<\/b> Terminez votre journ\u00e9e au sommet d\u2019un des affleurements rocheux du parc (Kopjes), en regardant le soleil se coucher sur l\u2019immense horizon, une boisson fra\u00eeche \u00e0 la main \u2014 une exp\u00e9rience signature Mufasa.<\/p>\n<\/li>\n<li>\n<p data-path-to-node=\"18,6,0\"><strong>Safaris<\/strong> <b data-path-to-node=\"18,6,0\" data-index-in-node=\"0\">nocturnes :<\/b> (disponibles via des lodges sp\u00e9cifiques) D\u00e9couvrez les habitants nocturnes de Meru, des l\u00e9opards chasseurs au curieux caracal. <\/p>\n<\/li>\n<\/ol>\n[\/info_list_son][\/info_list_father][\/vc_tta_section][\/vc_tta_tabs][\/vc_column][\/vc_row]\n","protected":false},"excerpt":{"rendered":"<p>[vc_row full_width=\u00a0\u00bbstretch_row\u00a0\u00bb gap=\u00a0\u00bb1&Prime;][vc_column parallax=\u00a0\u00bbcontent-moving\u00a0\u00bb parallax_image=\u00a0\u00bb6957&Prime; parallax_speed_bg=\u00a0\u00bb1.8&Prime; css=\u00a0\u00bb.vc_custom_1767874786740{padding-top: 80px !important;padding-right: 80px !important;padding-bottom: 80px !important;padding-left: 80px !important;}\u00a0\u00bb][vc_custom_heading text=\u00a0\u00bbParc national de Meru\u00a0\u00bb font_container=\u00a0\u00bbtag:h1|font_size:32|text_align:left|color:%23ffffff\u00a0\u00bb google_fonts=\u00a0\u00bbfont_family:Quicksand%3A300%2Cregular%2C700|font_style:400%20regular%3A400%3Anormal\u00a0\u00bb el_class=\u00a0\u00bbbanner-txt\u00a0\u00bb][vc_separator color=\u00a0\u00bbcustom\u00a0\u00bb align=\u00a0\u00bbalign_left\u00a0\u00bb border_width=\u00a0\u00bb2&Prime; el_width=\u00a0\u00bb20&Prime; accent_color=\u00a0\u00bb#f8f8f8&Prime;][vc_custom_heading text=\u00a0\u00bbKenya\u00a0\u00bb font_container=\u00a0\u00bbtag:h2|font_size:18|text_align:left|color:%23ffffff\u00a0\u00bb google_fonts=\u00a0\u00bbfont_family:Quicksand%3A300%2Cregular%2C700|font_style:400%20regular%3A400%3Anormal\u00a0\u00bb el_class=\u00a0\u00bbbanner-txt\u00a0\u00bb][\/vc_column][\/vc_row][vc_row][vc_column css=\u00a0\u00bb.vc_custom_1673438873315{border-top-width: 10px !important;border-right-width: 10px !important;border-bottom-width: 10px !important;border-left-width: 10px !important;}\u00a0\u00bb][vc_tta_tabs shape=\u00a0\u00bbsquare\u00a0\u00bb color=\u00a0\u00bbjuicy-pink\u00a0\u00bb alignment=\u00a0\u00bbcenter\u00a0\u00bb active_section=\u00a0\u00bb1&Prime; no_fill_content_area=\u00a0\u00bbtrue\u00a0\u00bb][vc_tta_section title=\u00a0\u00bbAper\u00e7u\u00a0\u00bb tab_id=\u00a0\u00bb1633454673222-3d94f956-010c\u00a0\u00bb][info_list_father listclr=\u00a0\u00bb#f8f8f8&Prime;][info_list_son style=\u00a0\u00bbicon\u00a0\u00bb size=\u00a0\u00bb20&Prime; width=\u00a0\u00bb30&Prime; height=\u00a0\u00bb20&Prime; titleclr=\u00a0\u00bb#890000&Prime; icon=\u00a0\u00bbfas fa-map-marked\u00a0\u00bb [&hellip;]<\/p>\n","protected":false},"author":2,"featured_media":0,"parent":27931,"menu_order":14,"comment_status":"closed","ping_status":"closed","template":"","meta":{"_themeisle_gutenberg_block_has_review":false,"footnotes":""},"class_list":["post-43056","page","type-page","status-publish","hentry"],"_links":{"self":[{"href":"https:\/\/mufasatoursandtravels.com\/fr\/wp-json\/wp\/v2\/pages\/43056","targetHints":{"allow":["GET"]}}],"collection":[{"href":"https:\/\/mufasatoursandtravels.com\/fr\/wp-json\/wp\/v2\/pages"}],"about":[{"href":"https:\/\/mufasatoursandtravels.com\/fr\/wp-json\/wp\/v2\/types\/page"}],"author":[{"embeddable":true,"href":"https:\/\/mufasatoursandtravels.com\/fr\/wp-json\/wp\/v2\/users\/2"}],"replies":[{"embeddable":true,"href":"https:\/\/mufasatoursandtravels.com\/fr\/wp-json\/wp\/v2\/comments?post=43056"}],"version-history":[{"count":2,"href":"https:\/\/mufasatoursandtravels.com\/fr\/wp-json\/wp\/v2\/pages\/43056\/revisions"}],"predecessor-version":[{"id":43095,"href":"https:\/\/mufasatoursandtravels.com\/fr\/wp-json\/wp\/v2\/pages\/43056\/revisions\/43095"}],"up":[{"embeddable":true,"href":"https:\/\/mufasatoursandtravels.com\/fr\/wp-json\/wp\/v2\/pages\/27931"}],"wp:attachment":[{"href":"https:\/\/mufasatoursandtravels.com\/fr\/wp-json\/wp\/v2\/media?parent=43056"}],"curies":[{"name":"wp","href":"https:\/\/api.w.org\/{rel}","templated":true}]}}